{"id":54542,"date":"2025-05-02T00:50:24","date_gmt":"2025-05-01T21:50:24","guid":{"rendered":"https:\/\/malinashop.lt\/?post_type=product&#038;p=54542"},"modified":"2026-03-12T21:27:05","modified_gmt":"2026-03-12T18:27:05","slug":"pastatomas-stalinis-biozidinys-malina-white","status":"publish","type":"product","link":"https:\/\/www.malinashop.lt\/en\/shop\/pastatomas-stalinis-biozidinys-malina-white\/","title":{"rendered":"Pastatomas stalinis bio\u017eidinys MALINA WHITE"},"content":{"rendered":"<p class=\"\" data-start=\"543\" data-end=\"817\"><strong data-start=\"543\" data-end=\"559\">MALINA WHITE<\/strong> \u2013 tai minimalistinio dizaino <strong data-start=\"589\" data-end=\"612\">stalinis bio\u017eidinys<\/strong>, kuris sukuria jauki\u0105, \u0161ilt\u0105 atmosfer\u0105 bet kurioje erdv\u0117je be jokio kamino ar sud\u0117tingos instaliacijos. \u0160is <strong data-start=\"721\" data-end=\"751\">laisvai pastatomas modelis<\/strong> puikiai tiks tiek nam\u0173, tiek biuro, kavin\u0117s ar terasos interjere.<\/p>\n<p class=\"\" data-start=\"819\" data-end=\"1125\">\u0160variai degantis <strong data-start=\"836\" data-end=\"859\">bioetanolio \u017eidinys<\/strong> skleid\u017eia nat\u016brali\u0105 ugn\u012f be d\u016bm\u0173, kvapo ar suod\u017ei\u0173, tod\u0117l tinka naudoti tiek patalpose, tiek lauke. Pakanka tik pripildyti ner\u016bdijan\u010dio plieno talp\u0105 biokuru ir m\u0117gautis tikros ugnies liepsna iki 3 valand\u0173 (1 l talpa), priklausomai nuo pasirinkto degimo intensyvumo.<\/p>\n<p data-start=\"819\" data-end=\"1125\"><strong data-start=\"103\" data-end=\"139\">Puikiai tinka \u012fvairioms progoms:<\/strong><br data-start=\"139\" data-end=\"142\" \/>Stalinis bio\u017eidinys <em data-start=\"162\" data-end=\"176\">MALINA WHITE<\/em> \u2013 puikus pasirinkimas ne tik kasdieniam jaukumui, bet ir ypatingoms akimirkoms. Jis idealiai tiks <strong data-start=\"275\" data-end=\"308\">vestuv\u0117ms kaip \u0161eimos \u017eidinys<\/strong>, kelion\u0117ms, poilsiui gamtoje ar tiesiog <strong data-start=\"349\" data-end=\"387\" data-is-only-node=\"\">jaukiems vakarams namuose ar kieme<\/strong>.<\/p>\n<p data-start=\"819\" data-end=\"1125\">Kartu su <em data-start=\"143\" data-end=\"157\">MALINA WHITE<\/em> bio\u017eidiniu pridedama <strong data-start=\"179\" data-end=\"201\">u\u017egesinimo mentel\u0117<\/strong> ir <strong data-start=\"205\" data-end=\"233\">dekoratyviniai akmenukai<\/strong>, kurie suteikia \u017eidiniui estetikos ir dar daugiau jaukumo.<\/p>\n<p data-start=\"819\" data-end=\"1125\"><strong data-start=\"1119\" data-end=\"1130\">Svarbu:<\/strong> biokuras \u012f komplekt\u0105 ne\u012feina \u2013 j\u012f galite \u012fsigyti atskirai m\u016bs\u0173 el. parduotuv\u0117je.<\/p>\n<p class=\"\" data-start=\"1127\" data-end=\"1624\"><strong data-start=\"1127\" data-end=\"1155\">Pagrindiniai privalumai:<\/strong><br data-start=\"1155\" data-end=\"1158\" \/>\u2013 Kompakti\u0161kas, pastatomas bet kur \u2013 ant stalo, lentynos ar kito pavir\u0161iaus<br data-start=\"1233\" data-end=\"1236\" \/>\u2013 \u0160varus degimas \u2013 be pelen\u0173, kvapo ar d\u016bm\u0173<br data-start=\"1279\" data-end=\"1282\" \/>\u2013 Biokuro talpa i\u0161 ner\u016bdijan\u010dio plieno \u2013 saugu ir ilgaam\u017ei\u0161ka<br data-start=\"1343\" data-end=\"1346\" \/>\u2013 Korpusas i\u0161 plieno, padengtas kar\u0161\u010diui atspariais milteliniais da\u017eais (atsparu \u012fbr\u0117\u017eimams)<br data-start=\"1438\" data-end=\"1441\" \/>\u2013 Degimo trukm\u0117 \u2013 iki 3 val. \/ 1 litras biokuro<br data-start=\"1488\" data-end=\"1491\" \/>\u2013 Tinka vis\u0173 tip\u0173 erdv\u0117ms \u2013 butui, namui, ofisui ar lauko zonoms<br data-start=\"1555\" data-end=\"1558\" \/>\u2013 Suteikia \u0161ilumos ir veikia kaip stilingas <strong data-start=\"1602\" data-end=\"1624\">interjero akcentas<\/strong><\/p>\n<p class=\"\" data-start=\"1626\" data-end=\"1938\"><strong data-start=\"1626\" data-end=\"1663\">Kod\u0117l verta rinktis MALINA WHITE?<\/strong><br data-start=\"1663\" data-end=\"1666\" \/>\u0160is modelis \u2013 puikus pasirinkimas norintiems jaukumo be sud\u0117ting\u0173 sprendim\u0173. Jis pakei\u010dia tradicin\u012f malkin\u012f \u017eidin\u012f, nereikalauja kamino, ventiliacijos ar specialaus paruo\u0161imo. Paprastas naudoti, stilingas, efektyvus \u2013 tai <strong data-start=\"1888\" data-end=\"1929\">modernus \u0161ildymo ir dekoro sprendimas<\/strong> viename.<\/p>\n<p><iframe title=\"Stalinis bio\u017eidinys MALINA BLACK #bio\u017eidinys #fire #malinablack #modernus\u017eidinys\" width=\"563\" height=\"1000\" src=\"https:\/\/www.youtube.com\/embed\/hXSrbqE9nU0?feature=oembed\" frameborder=\"0\" allow=\"accelerometer; autoplay; clipboard-write; encrypted-media; gyroscope; picture-in-picture; web-share\" referrerpolicy=\"strict-origin-when-cross-origin\" allowfullscreen><\/iframe><\/p>\n","protected":false},"excerpt":{"rendered":"<p>MALINA WHITE \u2013 tai minimalistinio dizaino stalinis bio\u017eidinys, kuris sukuria jauki\u0105, \u0161ilt\u0105 atmosfer\u0105 bet kurioje erdv\u0117je be jokio kamino ar sud\u0117tingos instaliacijos.&hellip;<\/p>\n","protected":false},"featured_media":71947,"template":"","meta":[],"product_brand":[],"product_cat":[574,1137,1299],"product_tag":[],"class_list":{"0":"post-54542","1":"product","2":"type-product","3":"status-publish","4":"has-post-thumbnail","6":"product_cat-biozidiniai-zvakes","7":"product_cat-dovanos","8":"product_cat-produktai-su-dovanomis","10":"first","11":"outofstock","12":"sale","13":"taxable","14":"shipping-taxable","15":"purchasable","16":"product-type-simple"},"yoast_head":"<!-- This site is optimized with the Yoast SEO plugin v27.4 - https:\/\/yoast.com\/product\/yoast-seo-wordpress\/ -->\n<title>Pastatomas stalinis bio\u017eidinys MALINA WHITE - MalinaShop.lt J\u016bs\u0173 sveikatai ir gro\u017eiui.<\/title>\n<meta name=\"description\" content=\"MALINA WHITE \u2013 stilingas stalinis bio\u017eidinys, veikiantis be kamino. Tikra ugnis, \u0161iluma ir modernus dizainas.\" \/>\n<meta name=\"robots\" content=\"index, follow, max-snippet:-1, max-image-preview:large, max-video-preview:-1\" \/>\n<link rel=\"canonical\" href=\"https:\/\/www.malinashop.lt\/en\/shop\/pastatomas-stalinis-biozidinys-malina-white\/\" \/>\n<meta property=\"og:locale\" content=\"en_GB\" \/>\n<meta property=\"og:type\" content=\"article\" \/>\n<meta property=\"og:title\" content=\"Pastatomas stalinis bio\u017eidinys MALINA WHITE - MalinaShop.lt J\u016bs\u0173 sveikatai ir gro\u017eiui.\" \/>\n<meta property=\"og:description\" content=\"MALINA WHITE \u2013 stilingas stalinis bio\u017eidinys, veikiantis be kamino. Tikra ugnis, \u0161iluma ir modernus dizainas.\" \/>\n<meta property=\"og:url\" content=\"https:\/\/www.malinashop.lt\/en\/shop\/pastatomas-stalinis-biozidinys-malina-white\/\" \/>\n<meta property=\"og:site_name\" content=\"MalinaShop.lt J\u016bs\u0173 sveikatai ir gro\u017eiui.\" \/>\n<meta property=\"article:modified_time\" content=\"2026-03-12T18:27:05+00:00\" \/>\n<meta property=\"og:image\" content=\"https:\/\/www.malinashop.lt\/wp-content\/uploads\/2025\/05\/2-1.png\" \/>\n\t<meta property=\"og:image:width\" content=\"1024\" \/>\n\t<meta property=\"og:image:height\" content=\"1024\" \/>\n\t<meta property=\"og:image:type\" content=\"image\/png\" \/>\n<meta name=\"twitter:card\" content=\"summary_large_image\" \/>\n<script type=\"application\/ld+json\" class=\"yoast-schema-graph\">{\"@context\":\"https:\\\/\\\/schema.org\",\"@graph\":[{\"@type\":\"WebPage\",\"@id\":\"https:\\\/\\\/www.malinashop.lt\\\/en\\\/shop\\\/pastatomas-stalinis-biozidinys-malina-white\\\/\",\"url\":\"https:\\\/\\\/www.malinashop.lt\\\/en\\\/shop\\\/pastatomas-stalinis-biozidinys-malina-white\\\/\",\"name\":\"Pastatomas stalinis bio\u017eidinys MALINA WHITE - MalinaShop.lt J\u016bs\u0173 sveikatai ir gro\u017eiui.\",\"isPartOf\":{\"@id\":\"https:\\\/\\\/www.malinashop.lt\\\/#website\"},\"primaryImageOfPage\":{\"@id\":\"https:\\\/\\\/www.malinashop.lt\\\/en\\\/shop\\\/pastatomas-stalinis-biozidinys-malina-white\\\/#primaryimage\"},\"image\":{\"@id\":\"https:\\\/\\\/www.malinashop.lt\\\/en\\\/shop\\\/pastatomas-stalinis-biozidinys-malina-white\\\/#primaryimage\"},\"thumbnailUrl\":\"https:\\\/\\\/www.malinashop.lt\\\/wp-content\\\/uploads\\\/2025\\\/05\\\/2-1.png\",\"datePublished\":\"2025-05-01T21:50:24+00:00\",\"dateModified\":\"2026-03-12T18:27:05+00:00\",\"description\":\"MALINA WHITE \u2013 stilingas stalinis bio\u017eidinys, veikiantis be kamino. Tikra ugnis, \u0161iluma ir modernus dizainas.\",\"breadcrumb\":{\"@id\":\"https:\\\/\\\/www.malinashop.lt\\\/en\\\/shop\\\/pastatomas-stalinis-biozidinys-malina-white\\\/#breadcrumb\"},\"inLanguage\":\"en-GB\",\"potentialAction\":[{\"@type\":\"ReadAction\",\"target\":[\"https:\\\/\\\/www.malinashop.lt\\\/en\\\/shop\\\/pastatomas-stalinis-biozidinys-malina-white\\\/\"]}]},{\"@type\":\"ImageObject\",\"inLanguage\":\"en-GB\",\"@id\":\"https:\\\/\\\/www.malinashop.lt\\\/en\\\/shop\\\/pastatomas-stalinis-biozidinys-malina-white\\\/#primaryimage\",\"url\":\"https:\\\/\\\/www.malinashop.lt\\\/wp-content\\\/uploads\\\/2025\\\/05\\\/2-1.png\",\"contentUrl\":\"https:\\\/\\\/www.malinashop.lt\\\/wp-content\\\/uploads\\\/2025\\\/05\\\/2-1.png\",\"width\":1024,\"height\":1024},{\"@type\":\"BreadcrumbList\",\"@id\":\"https:\\\/\\\/www.malinashop.lt\\\/en\\\/shop\\\/pastatomas-stalinis-biozidinys-malina-white\\\/#breadcrumb\",\"itemListElement\":[{\"@type\":\"ListItem\",\"position\":1,\"name\":\"Pagrindinis\",\"item\":\"https:\\\/\\\/www.malinashop.lt\\\/\"},{\"@type\":\"ListItem\",\"position\":2,\"name\":\"Parduotuv\u0117\",\"item\":\"https:\\\/\\\/www.malinashop.lt\\\/en\\\/parduotuve\\\/\"},{\"@type\":\"ListItem\",\"position\":3,\"name\":\"Pastatomas stalinis bio\u017eidinys MALINA WHITE\"}]},{\"@type\":\"WebSite\",\"@id\":\"https:\\\/\\\/www.malinashop.lt\\\/#website\",\"url\":\"https:\\\/\\\/www.malinashop.lt\\\/\",\"name\":\"COM Group Ecommerce\",\"description\":\"MalinaShop.lt - Gro\u017eio ir sveikatos produktai i\u0161 patikim\u0173 preki\u0173 \u017eenkl\u0173. Atraskite auk\u0161tos kokyb\u0117s kosmetik\u0105 u\u017e puiki\u0105 kain\u0105.\",\"publisher\":{\"@id\":\"https:\\\/\\\/www.malinashop.lt\\\/#organization\"},\"potentialAction\":[{\"@type\":\"SearchAction\",\"target\":{\"@type\":\"EntryPoint\",\"urlTemplate\":\"https:\\\/\\\/www.malinashop.lt\\\/?s={search_term_string}\"},\"query-input\":{\"@type\":\"PropertyValueSpecification\",\"valueRequired\":true,\"valueName\":\"search_term_string\"}}],\"inLanguage\":\"en-GB\"},{\"@type\":\"Organization\",\"@id\":\"https:\\\/\\\/www.malinashop.lt\\\/#organization\",\"name\":\"COM Group Ecommerce\",\"url\":\"https:\\\/\\\/www.malinashop.lt\\\/\",\"logo\":{\"@type\":\"ImageObject\",\"inLanguage\":\"en-GB\",\"@id\":\"https:\\\/\\\/www.malinashop.lt\\\/#\\\/schema\\\/logo\\\/image\\\/\",\"url\":\"https:\\\/\\\/www.malinashop.lt\\\/wp-content\\\/uploads\\\/2024\\\/08\\\/462559670_3787732518133670_9795632669273463_n-e1731525914575.png\",\"contentUrl\":\"https:\\\/\\\/www.malinashop.lt\\\/wp-content\\\/uploads\\\/2024\\\/08\\\/462559670_3787732518133670_9795632669273463_n-e1731525914575.png\",\"width\":180,\"height\":60,\"caption\":\"COM Group Ecommerce\"},\"image\":{\"@id\":\"https:\\\/\\\/www.malinashop.lt\\\/#\\\/schema\\\/logo\\\/image\\\/\"}}]}<\/script>\n<!-- \/ Yoast SEO plugin. -->","yoast_head_json":{"title":"Pastatomas stalinis bio\u017eidinys MALINA WHITE - MalinaShop.lt J\u016bs\u0173 sveikatai ir gro\u017eiui.","description":"MALINA WHITE \u2013 stilingas stalinis bio\u017eidinys, veikiantis be kamino. Tikra ugnis, \u0161iluma ir modernus dizainas.","robots":{"index":"index","follow":"follow","max-snippet":"max-snippet:-1","max-image-preview":"max-image-preview:large","max-video-preview":"max-video-preview:-1"},"canonical":"https:\/\/www.malinashop.lt\/en\/shop\/pastatomas-stalinis-biozidinys-malina-white\/","og_locale":"en_GB","og_type":"article","og_title":"Pastatomas stalinis bio\u017eidinys MALINA WHITE - MalinaShop.lt J\u016bs\u0173 sveikatai ir gro\u017eiui.","og_description":"MALINA WHITE \u2013 stilingas stalinis bio\u017eidinys, veikiantis be kamino. Tikra ugnis, \u0161iluma ir modernus dizainas.","og_url":"https:\/\/www.malinashop.lt\/en\/shop\/pastatomas-stalinis-biozidinys-malina-white\/","og_site_name":"MalinaShop.lt J\u016bs\u0173 sveikatai ir gro\u017eiui.","article_modified_time":"2026-03-12T18:27:05+00:00","og_image":[{"width":1024,"height":1024,"url":"https:\/\/www.malinashop.lt\/wp-content\/uploads\/2025\/05\/2-1.png","type":"image\/png"}],"twitter_card":"summary_large_image","schema":{"@context":"https:\/\/schema.org","@graph":[{"@type":"WebPage","@id":"https:\/\/www.malinashop.lt\/en\/shop\/pastatomas-stalinis-biozidinys-malina-white\/","url":"https:\/\/www.malinashop.lt\/en\/shop\/pastatomas-stalinis-biozidinys-malina-white\/","name":"Pastatomas stalinis bio\u017eidinys MALINA WHITE - MalinaShop.lt J\u016bs\u0173 sveikatai ir gro\u017eiui.","isPartOf":{"@id":"https:\/\/www.malinashop.lt\/#website"},"primaryImageOfPage":{"@id":"https:\/\/www.malinashop.lt\/en\/shop\/pastatomas-stalinis-biozidinys-malina-white\/#primaryimage"},"image":{"@id":"https:\/\/www.malinashop.lt\/en\/shop\/pastatomas-stalinis-biozidinys-malina-white\/#primaryimage"},"thumbnailUrl":"https:\/\/www.malinashop.lt\/wp-content\/uploads\/2025\/05\/2-1.png","datePublished":"2025-05-01T21:50:24+00:00","dateModified":"2026-03-12T18:27:05+00:00","description":"MALINA WHITE \u2013 stilingas stalinis bio\u017eidinys, veikiantis be kamino. Tikra ugnis, \u0161iluma ir modernus dizainas.","breadcrumb":{"@id":"https:\/\/www.malinashop.lt\/en\/shop\/pastatomas-stalinis-biozidinys-malina-white\/#breadcrumb"},"inLanguage":"en-GB","potentialAction":[{"@type":"ReadAction","target":["https:\/\/www.malinashop.lt\/en\/shop\/pastatomas-stalinis-biozidinys-malina-white\/"]}]},{"@type":"ImageObject","inLanguage":"en-GB","@id":"https:\/\/www.malinashop.lt\/en\/shop\/pastatomas-stalinis-biozidinys-malina-white\/#primaryimage","url":"https:\/\/www.malinashop.lt\/wp-content\/uploads\/2025\/05\/2-1.png","contentUrl":"https:\/\/www.malinashop.lt\/wp-content\/uploads\/2025\/05\/2-1.png","width":1024,"height":1024},{"@type":"BreadcrumbList","@id":"https:\/\/www.malinashop.lt\/en\/shop\/pastatomas-stalinis-biozidinys-malina-white\/#breadcrumb","itemListElement":[{"@type":"ListItem","position":1,"name":"Pagrindinis","item":"https:\/\/www.malinashop.lt\/"},{"@type":"ListItem","position":2,"name":"Parduotuv\u0117","item":"https:\/\/www.malinashop.lt\/en\/parduotuve\/"},{"@type":"ListItem","position":3,"name":"Pastatomas stalinis bio\u017eidinys MALINA WHITE"}]},{"@type":"WebSite","@id":"https:\/\/www.malinashop.lt\/#website","url":"https:\/\/www.malinashop.lt\/","name":"COM Group Ecommerce","description":"MalinaShop.lt - Gro\u017eio ir sveikatos produktai i\u0161 patikim\u0173 preki\u0173 \u017eenkl\u0173. Atraskite auk\u0161tos kokyb\u0117s kosmetik\u0105 u\u017e puiki\u0105 kain\u0105.","publisher":{"@id":"https:\/\/www.malinashop.lt\/#organization"},"potentialAction":[{"@type":"SearchAction","target":{"@type":"EntryPoint","urlTemplate":"https:\/\/www.malinashop.lt\/?s={search_term_string}"},"query-input":{"@type":"PropertyValueSpecification","valueRequired":true,"valueName":"search_term_string"}}],"inLanguage":"en-GB"},{"@type":"Organization","@id":"https:\/\/www.malinashop.lt\/#organization","name":"COM Group Ecommerce","url":"https:\/\/www.malinashop.lt\/","logo":{"@type":"ImageObject","inLanguage":"en-GB","@id":"https:\/\/www.malinashop.lt\/#\/schema\/logo\/image\/","url":"https:\/\/www.malinashop.lt\/wp-content\/uploads\/2024\/08\/462559670_3787732518133670_9795632669273463_n-e1731525914575.png","contentUrl":"https:\/\/www.malinashop.lt\/wp-content\/uploads\/2024\/08\/462559670_3787732518133670_9795632669273463_n-e1731525914575.png","width":180,"height":60,"caption":"COM Group Ecommerce"},"image":{"@id":"https:\/\/www.malinashop.lt\/#\/schema\/logo\/image\/"}}]}},"jetpack_sharing_enabled":true,"_links":{"self":[{"href":"https:\/\/www.malinashop.lt\/en\/wp-json\/wp\/v2\/product\/54542","targetHints":{"allow":["GET"]}}],"collection":[{"href":"https:\/\/www.malinashop.lt\/en\/wp-json\/wp\/v2\/product"}],"about":[{"href":"https:\/\/www.malinashop.lt\/en\/wp-json\/wp\/v2\/types\/product"}],"version-history":[{"count":3,"href":"https:\/\/www.malinashop.lt\/en\/wp-json\/wp\/v2\/product\/54542\/revisions"}],"predecessor-version":[{"id":54558,"href":"https:\/\/www.malinashop.lt\/en\/wp-json\/wp\/v2\/product\/54542\/revisions\/54558"}],"wp:featuredmedia":[{"embeddable":true,"href":"https:\/\/www.malinashop.lt\/en\/wp-json\/wp\/v2\/media\/71947"}],"wp:attachment":[{"href":"https:\/\/www.malinashop.lt\/en\/wp-json\/wp\/v2\/media?parent=54542"}],"wp:term":[{"taxonomy":"product_brand","embeddable":true,"href":"https:\/\/www.malinashop.lt\/en\/wp-json\/wp\/v2\/product_brand?post=54542"},{"taxonomy":"product_cat","embeddable":true,"href":"https:\/\/www.malinashop.lt\/en\/wp-json\/wp\/v2\/product_cat?post=54542"},{"taxonomy":"product_tag","embeddable":true,"href":"https:\/\/www.malinashop.lt\/en\/wp-json\/wp\/v2\/product_tag?post=54542"}],"curies":[{"name":"wp","href":"https:\/\/api.w.org\/{rel}","templated":true}]}}