{"id":54510,"date":"2025-05-01T23:59:07","date_gmt":"2025-05-01T20:59:07","guid":{"rendered":"https:\/\/malinashop.lt\/?post_type=product&#038;p=54510"},"modified":"2026-02-10T13:13:34","modified_gmt":"2026-02-10T10:13:34","slug":"tagu-candleplace-traskanti-ir-kvepianti-tikru-lauzu-zvake-380g","status":"publish","type":"product","link":"https:\/\/www.malinashop.lt\/en\/shop\/tagu-candleplace-traskanti-ir-kvepianti-tikru-lauzu-zvake-380g\/","title":{"rendered":"TAGU CANDLEPLACE tra\u0161kanti ir kvepianti tikru lau\u017eu \u017evak\u0117, 380g"},"content":{"rendered":"<p class=\"\" data-start=\"121\" data-end=\"202\"><strong data-start=\"121\" data-end=\"202\">I\u0161ankstinis u\u017esakymas! Tur\u0117sime keli\u0173 savai\u010di\u0173 b\u0117gyje!<\/strong><\/p>\n<p class=\"\" data-start=\"121\" data-end=\"202\"><strong data-start=\"121\" data-end=\"202\"><br \/>\nTAGU CANDLEPLACE tra\u0161kanti ir kvepianti \u017evak\u0117 \u2013 \u017eidinio jaukumas j\u016bs\u0173 namuose<\/strong><\/p>\n<p class=\"\" data-start=\"204\" data-end=\"530\">Ie\u0161kote \u017evak\u0117s, kuri suteikt\u0173 daugiau nei tik \u0161vies\u0105? <em data-start=\"258\" data-end=\"276\">TAGU Candleplace<\/em> \u2013 tai aromatinga, tra\u0161kanti \u017evak\u0117, perteikianti tikro degan\u010dio \u017eidinio atmosfer\u0105. Sukurta su meile detal\u0117ms, \u0161i \u017evak\u0117 ne tik skleid\u017eia \u0161ilt\u0105 mi\u0161ko kvap\u0105, bet ir nat\u016braliai tra\u0161ka, lyg malkos ant ugnies, o medin\u0117 dagtis leid\u017eia liepsnai \u0161okti gyvu ritmu.<\/p>\n<p class=\"\" data-start=\"532\" data-end=\"847\"><strong data-start=\"532\" data-end=\"573\">Kod\u0117l verta rinktis TAGU CANDLEPLACE?<\/strong><br data-start=\"573\" data-end=\"576\" \/>\u2013 <strong data-start=\"578\" data-end=\"602\">3 poj\u016b\u010di\u0173 sinergija:<\/strong><br data-start=\"602\" data-end=\"605\" \/>\u00a0\u00a0\u00a0\u00a0\u2022 <em data-start=\"631\" data-end=\"650\">Tra\u0161k\u0117jimo garsas<\/em> \u2013 lyg k\u016brenamas \u017eidinys kambaryje<br data-start=\"684\" data-end=\"687\" \/>\u00a0\u00a0\u00a0\u00a0\u2022 <em data-start=\"713\" data-end=\"721\">Kvapas<\/em> \u2013 sukurta kartu su pranc\u016bz\u0173 parfumerijos laboratorija<br data-start=\"775\" data-end=\"778\" \/>\u00a0\u00a0\u00a0\u00a0\u2022 <em data-start=\"804\" data-end=\"824\">\u0160okan\u010dios liepsnos<\/em> \u2013 d\u0117ka medin\u0117s dagties<\/p>\n<p class=\"\" data-start=\"849\" data-end=\"1232\">\u2013 <strong data-start=\"851\" data-end=\"883\">Kvapas \u201eCrackling Fireplace\u201c<\/strong>: pu\u0161\u0173 spygliai, smilkalai, kedras, derva ir subtili odos nata \u2013 viskas, kas primena tikr\u0105 ugn\u012f ir \u0161ilum\u0105.<br data-start=\"989\" data-end=\"992\" \/>\u2013 <strong data-start=\"994\" data-end=\"1017\">Ilgas degimo laikas<\/strong> \u2013 daugiau nei 60 valand\u0173 jaukumo (380 g va\u0161ko).<br data-start=\"1065\" data-end=\"1068\" \/>\u2013 <strong data-start=\"1070\" data-end=\"1094\">I\u0161skirtinis dizainas<\/strong> \u2013 juodas, minimalistinis stiklinis indelis idealiai tinka dovanai.<br data-start=\"1161\" data-end=\"1164\" \/>\u2013 <strong data-start=\"1166\" data-end=\"1189\">Tvarus pasirinkimas<\/strong> \u2013 pakuot\u0117 ir indelis tinkami pernaudoti.<\/p>\n<p class=\"\" data-start=\"1234\" data-end=\"1405\"><strong data-start=\"1234\" data-end=\"1255\">Galimi variantai:<\/strong><br data-start=\"1255\" data-end=\"1258\" \/>\u2013 <em data-start=\"1260\" data-end=\"1268\">Single<\/em> \u2013 viena \u017evak\u0117, puikiai tinkanti dovanoti.<\/p>\n<p class=\"\" data-start=\"1407\" data-end=\"1536\">Tinka visiems, kurie vertina \u0161ilum\u0105, estetik\u0105 ir kvap\u0173 terapij\u0105. \u0160i \u017evak\u0117 \u2013 ne tik aksesuaras, bet emocija, kuri\u0105 norisi kartoti.<\/p>\n<p><iframe title=\"TAGU CANDLEPLACE tra\u0161kanti ir kvepianti tikru lau\u017eu \u017evak\u0117, 380g\" width=\"563\" height=\"1000\" src=\"https:\/\/www.youtube.com\/embed\/M0R5epuCXqo?feature=oembed\" frameborder=\"0\" allow=\"accelerometer; autoplay; clipboard-write; encrypted-media; gyroscope; picture-in-picture; web-share\" referrerpolicy=\"strict-origin-when-cross-origin\" allowfullscreen><\/iframe><\/p>\n","protected":false},"excerpt":{"rendered":"<p>I\u0161ankstinis u\u017esakymas! Tur\u0117sime keli\u0173 savai\u010di\u0173 b\u0117gyje! TAGU CANDLEPLACE tra\u0161kanti ir kvepianti \u017evak\u0117 \u2013 \u017eidinio jaukumas j\u016bs\u0173 namuose Ie\u0161kote \u017evak\u0117s, kuri suteikt\u0173 daugiau&hellip;<\/p>\n","protected":false},"featured_media":54516,"template":"","meta":[],"product_brand":[1321],"product_cat":[574,1137],"product_tag":[1624],"class_list":{"0":"post-54510","1":"product","2":"type-product","3":"status-publish","4":"has-post-thumbnail","6":"product_brand-tagu","7":"product_cat-biozidiniai-zvakes","8":"product_cat-dovanos","9":"product_tag-tagu","11":"first","12":"instock","13":"sale","14":"taxable","15":"shipping-taxable","16":"purchasable","17":"product-type-simple"},"yoast_head":"<!-- This site is optimized with the Yoast SEO plugin v27.4 - https:\/\/yoast.com\/product\/yoast-seo-wordpress\/ -->\n<title>TAGU CANDLEPLACE tra\u0161kanti ir kvepianti tikru lau\u017eu \u017evak\u0117, 380g - MalinaShop.lt J\u016bs\u0173 sveikatai ir gro\u017eiui.<\/title>\n<meta name=\"description\" content=\"TAGU Candleplace \u2013 kvepianti, tra\u0161kanti \u017evak\u0117 su tikro \u017eidinio atmosfera. Kvapas, \u0161viesa ir garsas viename.\" \/>\n<meta name=\"robots\" content=\"index, follow, max-snippet:-1, max-image-preview:large, max-video-preview:-1\" \/>\n<link rel=\"canonical\" href=\"https:\/\/www.malinashop.lt\/en\/shop\/tagu-candleplace-traskanti-ir-kvepianti-tikru-lauzu-zvake-380g\/\" \/>\n<meta property=\"og:locale\" content=\"en_GB\" \/>\n<meta property=\"og:type\" content=\"article\" \/>\n<meta property=\"og:title\" content=\"TAGU CANDLEPLACE tra\u0161kanti ir kvepianti tikru lau\u017eu \u017evak\u0117, 380g - MalinaShop.lt J\u016bs\u0173 sveikatai ir gro\u017eiui.\" \/>\n<meta property=\"og:description\" content=\"TAGU Candleplace \u2013 kvepianti, tra\u0161kanti \u017evak\u0117 su tikro \u017eidinio atmosfera. Kvapas, \u0161viesa ir garsas viename.\" \/>\n<meta property=\"og:url\" content=\"https:\/\/www.malinashop.lt\/en\/shop\/tagu-candleplace-traskanti-ir-kvepianti-tikru-lauzu-zvake-380g\/\" \/>\n<meta property=\"og:site_name\" content=\"MalinaShop.lt J\u016bs\u0173 sveikatai ir gro\u017eiui.\" \/>\n<meta property=\"article:modified_time\" content=\"2026-02-10T10:13:34+00:00\" \/>\n<meta property=\"og:image\" content=\"https:\/\/www.malinashop.lt\/wp-content\/uploads\/2025\/05\/Candleplace-Launch-Candleplace-on-table.jpg\" \/>\n\t<meta property=\"og:image:width\" content=\"1920\" \/>\n\t<meta property=\"og:image:height\" content=\"1080\" \/>\n\t<meta property=\"og:image:type\" content=\"image\/jpeg\" \/>\n<meta name=\"twitter:card\" content=\"summary_large_image\" \/>\n<script type=\"application\/ld+json\" class=\"yoast-schema-graph\">{\"@context\":\"https:\\\/\\\/schema.org\",\"@graph\":[{\"@type\":\"WebPage\",\"@id\":\"https:\\\/\\\/www.malinashop.lt\\\/en\\\/shop\\\/tagu-candleplace-traskanti-ir-kvepianti-tikru-lauzu-zvake-380g\\\/\",\"url\":\"https:\\\/\\\/www.malinashop.lt\\\/en\\\/shop\\\/tagu-candleplace-traskanti-ir-kvepianti-tikru-lauzu-zvake-380g\\\/\",\"name\":\"TAGU CANDLEPLACE tra\u0161kanti ir kvepianti tikru lau\u017eu \u017evak\u0117, 380g - MalinaShop.lt J\u016bs\u0173 sveikatai ir gro\u017eiui.\",\"isPartOf\":{\"@id\":\"https:\\\/\\\/www.malinashop.lt\\\/#website\"},\"primaryImageOfPage\":{\"@id\":\"https:\\\/\\\/www.malinashop.lt\\\/en\\\/shop\\\/tagu-candleplace-traskanti-ir-kvepianti-tikru-lauzu-zvake-380g\\\/#primaryimage\"},\"image\":{\"@id\":\"https:\\\/\\\/www.malinashop.lt\\\/en\\\/shop\\\/tagu-candleplace-traskanti-ir-kvepianti-tikru-lauzu-zvake-380g\\\/#primaryimage\"},\"thumbnailUrl\":\"https:\\\/\\\/www.malinashop.lt\\\/wp-content\\\/uploads\\\/2025\\\/05\\\/Candleplace-Launch-Candleplace-on-table.jpg\",\"datePublished\":\"2025-05-01T20:59:07+00:00\",\"dateModified\":\"2026-02-10T10:13:34+00:00\",\"description\":\"TAGU Candleplace \u2013 kvepianti, tra\u0161kanti \u017evak\u0117 su tikro \u017eidinio atmosfera. Kvapas, \u0161viesa ir garsas viename.\",\"breadcrumb\":{\"@id\":\"https:\\\/\\\/www.malinashop.lt\\\/en\\\/shop\\\/tagu-candleplace-traskanti-ir-kvepianti-tikru-lauzu-zvake-380g\\\/#breadcrumb\"},\"inLanguage\":\"en-GB\",\"potentialAction\":[{\"@type\":\"ReadAction\",\"target\":[\"https:\\\/\\\/www.malinashop.lt\\\/en\\\/shop\\\/tagu-candleplace-traskanti-ir-kvepianti-tikru-lauzu-zvake-380g\\\/\"]}]},{\"@type\":\"ImageObject\",\"inLanguage\":\"en-GB\",\"@id\":\"https:\\\/\\\/www.malinashop.lt\\\/en\\\/shop\\\/tagu-candleplace-traskanti-ir-kvepianti-tikru-lauzu-zvake-380g\\\/#primaryimage\",\"url\":\"https:\\\/\\\/www.malinashop.lt\\\/wp-content\\\/uploads\\\/2025\\\/05\\\/Candleplace-Launch-Candleplace-on-table.jpg\",\"contentUrl\":\"https:\\\/\\\/www.malinashop.lt\\\/wp-content\\\/uploads\\\/2025\\\/05\\\/Candleplace-Launch-Candleplace-on-table.jpg\",\"width\":1920,\"height\":1080},{\"@type\":\"BreadcrumbList\",\"@id\":\"https:\\\/\\\/www.malinashop.lt\\\/en\\\/shop\\\/tagu-candleplace-traskanti-ir-kvepianti-tikru-lauzu-zvake-380g\\\/#breadcrumb\",\"itemListElement\":[{\"@type\":\"ListItem\",\"position\":1,\"name\":\"Pagrindinis\",\"item\":\"https:\\\/\\\/www.malinashop.lt\\\/\"},{\"@type\":\"ListItem\",\"position\":2,\"name\":\"Parduotuv\u0117\",\"item\":\"https:\\\/\\\/www.malinashop.lt\\\/en\\\/parduotuve\\\/\"},{\"@type\":\"ListItem\",\"position\":3,\"name\":\"TAGU CANDLEPLACE tra\u0161kanti ir kvepianti tikru lau\u017eu \u017evak\u0117, 380g\"}]},{\"@type\":\"WebSite\",\"@id\":\"https:\\\/\\\/www.malinashop.lt\\\/#website\",\"url\":\"https:\\\/\\\/www.malinashop.lt\\\/\",\"name\":\"COM Group Ecommerce\",\"description\":\"MalinaShop.lt - Gro\u017eio ir sveikatos produktai i\u0161 patikim\u0173 preki\u0173 \u017eenkl\u0173. Atraskite auk\u0161tos kokyb\u0117s kosmetik\u0105 u\u017e puiki\u0105 kain\u0105.\",\"publisher\":{\"@id\":\"https:\\\/\\\/www.malinashop.lt\\\/#organization\"},\"potentialAction\":[{\"@type\":\"SearchAction\",\"target\":{\"@type\":\"EntryPoint\",\"urlTemplate\":\"https:\\\/\\\/www.malinashop.lt\\\/?s={search_term_string}\"},\"query-input\":{\"@type\":\"PropertyValueSpecification\",\"valueRequired\":true,\"valueName\":\"search_term_string\"}}],\"inLanguage\":\"en-GB\"},{\"@type\":\"Organization\",\"@id\":\"https:\\\/\\\/www.malinashop.lt\\\/#organization\",\"name\":\"COM Group Ecommerce\",\"url\":\"https:\\\/\\\/www.malinashop.lt\\\/\",\"logo\":{\"@type\":\"ImageObject\",\"inLanguage\":\"en-GB\",\"@id\":\"https:\\\/\\\/www.malinashop.lt\\\/#\\\/schema\\\/logo\\\/image\\\/\",\"url\":\"https:\\\/\\\/www.malinashop.lt\\\/wp-content\\\/uploads\\\/2024\\\/08\\\/462559670_3787732518133670_9795632669273463_n-e1731525914575.png\",\"contentUrl\":\"https:\\\/\\\/www.malinashop.lt\\\/wp-content\\\/uploads\\\/2024\\\/08\\\/462559670_3787732518133670_9795632669273463_n-e1731525914575.png\",\"width\":180,\"height\":60,\"caption\":\"COM Group Ecommerce\"},\"image\":{\"@id\":\"https:\\\/\\\/www.malinashop.lt\\\/#\\\/schema\\\/logo\\\/image\\\/\"}}]}<\/script>\n<!-- \/ Yoast SEO plugin. -->","yoast_head_json":{"title":"TAGU CANDLEPLACE tra\u0161kanti ir kvepianti tikru lau\u017eu \u017evak\u0117, 380g - MalinaShop.lt J\u016bs\u0173 sveikatai ir gro\u017eiui.","description":"TAGU Candleplace \u2013 kvepianti, tra\u0161kanti \u017evak\u0117 su tikro \u017eidinio atmosfera. Kvapas, \u0161viesa ir garsas viename.","robots":{"index":"index","follow":"follow","max-snippet":"max-snippet:-1","max-image-preview":"max-image-preview:large","max-video-preview":"max-video-preview:-1"},"canonical":"https:\/\/www.malinashop.lt\/en\/shop\/tagu-candleplace-traskanti-ir-kvepianti-tikru-lauzu-zvake-380g\/","og_locale":"en_GB","og_type":"article","og_title":"TAGU CANDLEPLACE tra\u0161kanti ir kvepianti tikru lau\u017eu \u017evak\u0117, 380g - MalinaShop.lt J\u016bs\u0173 sveikatai ir gro\u017eiui.","og_description":"TAGU Candleplace \u2013 kvepianti, tra\u0161kanti \u017evak\u0117 su tikro \u017eidinio atmosfera. Kvapas, \u0161viesa ir garsas viename.","og_url":"https:\/\/www.malinashop.lt\/en\/shop\/tagu-candleplace-traskanti-ir-kvepianti-tikru-lauzu-zvake-380g\/","og_site_name":"MalinaShop.lt J\u016bs\u0173 sveikatai ir gro\u017eiui.","article_modified_time":"2026-02-10T10:13:34+00:00","og_image":[{"width":1920,"height":1080,"url":"https:\/\/www.malinashop.lt\/wp-content\/uploads\/2025\/05\/Candleplace-Launch-Candleplace-on-table.jpg","type":"image\/jpeg"}],"twitter_card":"summary_large_image","schema":{"@context":"https:\/\/schema.org","@graph":[{"@type":"WebPage","@id":"https:\/\/www.malinashop.lt\/en\/shop\/tagu-candleplace-traskanti-ir-kvepianti-tikru-lauzu-zvake-380g\/","url":"https:\/\/www.malinashop.lt\/en\/shop\/tagu-candleplace-traskanti-ir-kvepianti-tikru-lauzu-zvake-380g\/","name":"TAGU CANDLEPLACE tra\u0161kanti ir kvepianti tikru lau\u017eu \u017evak\u0117, 380g - MalinaShop.lt J\u016bs\u0173 sveikatai ir gro\u017eiui.","isPartOf":{"@id":"https:\/\/www.malinashop.lt\/#website"},"primaryImageOfPage":{"@id":"https:\/\/www.malinashop.lt\/en\/shop\/tagu-candleplace-traskanti-ir-kvepianti-tikru-lauzu-zvake-380g\/#primaryimage"},"image":{"@id":"https:\/\/www.malinashop.lt\/en\/shop\/tagu-candleplace-traskanti-ir-kvepianti-tikru-lauzu-zvake-380g\/#primaryimage"},"thumbnailUrl":"https:\/\/www.malinashop.lt\/wp-content\/uploads\/2025\/05\/Candleplace-Launch-Candleplace-on-table.jpg","datePublished":"2025-05-01T20:59:07+00:00","dateModified":"2026-02-10T10:13:34+00:00","description":"TAGU Candleplace \u2013 kvepianti, tra\u0161kanti \u017evak\u0117 su tikro \u017eidinio atmosfera. Kvapas, \u0161viesa ir garsas viename.","breadcrumb":{"@id":"https:\/\/www.malinashop.lt\/en\/shop\/tagu-candleplace-traskanti-ir-kvepianti-tikru-lauzu-zvake-380g\/#breadcrumb"},"inLanguage":"en-GB","potentialAction":[{"@type":"ReadAction","target":["https:\/\/www.malinashop.lt\/en\/shop\/tagu-candleplace-traskanti-ir-kvepianti-tikru-lauzu-zvake-380g\/"]}]},{"@type":"ImageObject","inLanguage":"en-GB","@id":"https:\/\/www.malinashop.lt\/en\/shop\/tagu-candleplace-traskanti-ir-kvepianti-tikru-lauzu-zvake-380g\/#primaryimage","url":"https:\/\/www.malinashop.lt\/wp-content\/uploads\/2025\/05\/Candleplace-Launch-Candleplace-on-table.jpg","contentUrl":"https:\/\/www.malinashop.lt\/wp-content\/uploads\/2025\/05\/Candleplace-Launch-Candleplace-on-table.jpg","width":1920,"height":1080},{"@type":"BreadcrumbList","@id":"https:\/\/www.malinashop.lt\/en\/shop\/tagu-candleplace-traskanti-ir-kvepianti-tikru-lauzu-zvake-380g\/#breadcrumb","itemListElement":[{"@type":"ListItem","position":1,"name":"Pagrindinis","item":"https:\/\/www.malinashop.lt\/"},{"@type":"ListItem","position":2,"name":"Parduotuv\u0117","item":"https:\/\/www.malinashop.lt\/en\/parduotuve\/"},{"@type":"ListItem","position":3,"name":"TAGU CANDLEPLACE tra\u0161kanti ir kvepianti tikru lau\u017eu \u017evak\u0117, 380g"}]},{"@type":"WebSite","@id":"https:\/\/www.malinashop.lt\/#website","url":"https:\/\/www.malinashop.lt\/","name":"COM Group Ecommerce","description":"MalinaShop.lt - Gro\u017eio ir sveikatos produktai i\u0161 patikim\u0173 preki\u0173 \u017eenkl\u0173. Atraskite auk\u0161tos kokyb\u0117s kosmetik\u0105 u\u017e puiki\u0105 kain\u0105.","publisher":{"@id":"https:\/\/www.malinashop.lt\/#organization"},"potentialAction":[{"@type":"SearchAction","target":{"@type":"EntryPoint","urlTemplate":"https:\/\/www.malinashop.lt\/?s={search_term_string}"},"query-input":{"@type":"PropertyValueSpecification","valueRequired":true,"valueName":"search_term_string"}}],"inLanguage":"en-GB"},{"@type":"Organization","@id":"https:\/\/www.malinashop.lt\/#organization","name":"COM Group Ecommerce","url":"https:\/\/www.malinashop.lt\/","logo":{"@type":"ImageObject","inLanguage":"en-GB","@id":"https:\/\/www.malinashop.lt\/#\/schema\/logo\/image\/","url":"https:\/\/www.malinashop.lt\/wp-content\/uploads\/2024\/08\/462559670_3787732518133670_9795632669273463_n-e1731525914575.png","contentUrl":"https:\/\/www.malinashop.lt\/wp-content\/uploads\/2024\/08\/462559670_3787732518133670_9795632669273463_n-e1731525914575.png","width":180,"height":60,"caption":"COM Group Ecommerce"},"image":{"@id":"https:\/\/www.malinashop.lt\/#\/schema\/logo\/image\/"}}]}},"jetpack_sharing_enabled":true,"_links":{"self":[{"href":"https:\/\/www.malinashop.lt\/en\/wp-json\/wp\/v2\/product\/54510","targetHints":{"allow":["GET"]}}],"collection":[{"href":"https:\/\/www.malinashop.lt\/en\/wp-json\/wp\/v2\/product"}],"about":[{"href":"https:\/\/www.malinashop.lt\/en\/wp-json\/wp\/v2\/types\/product"}],"version-history":[{"count":5,"href":"https:\/\/www.malinashop.lt\/en\/wp-json\/wp\/v2\/product\/54510\/revisions"}],"predecessor-version":[{"id":54567,"href":"https:\/\/www.malinashop.lt\/en\/wp-json\/wp\/v2\/product\/54510\/revisions\/54567"}],"wp:featuredmedia":[{"embeddable":true,"href":"https:\/\/www.malinashop.lt\/en\/wp-json\/wp\/v2\/media\/54516"}],"wp:attachment":[{"href":"https:\/\/www.malinashop.lt\/en\/wp-json\/wp\/v2\/media?parent=54510"}],"wp:term":[{"taxonomy":"product_brand","embeddable":true,"href":"https:\/\/www.malinashop.lt\/en\/wp-json\/wp\/v2\/product_brand?post=54510"},{"taxonomy":"product_cat","embeddable":true,"href":"https:\/\/www.malinashop.lt\/en\/wp-json\/wp\/v2\/product_cat?post=54510"},{"taxonomy":"product_tag","embeddable":true,"href":"https:\/\/www.malinashop.lt\/en\/wp-json\/wp\/v2\/product_tag?post=54510"}],"curies":[{"name":"wp","href":"https:\/\/api.w.org\/{rel}","templated":true}]}}