{"id":54359,"date":"2025-04-17T22:57:09","date_gmt":"2025-04-17T19:57:09","guid":{"rendered":"https:\/\/malinashop.lt\/?post_type=product&#038;p=54359"},"modified":"2026-02-10T13:13:55","modified_gmt":"2026-02-10T10:13:55","slug":"the-pure-lotus-4-zingsniu-veido-prieziuros-megineliai","status":"publish","type":"product","link":"https:\/\/www.malinashop.lt\/en\/shop\/the-pure-lotus-4-zingsniu-veido-prieziuros-megineliai\/","title":{"rendered":"The Pure Lotus \u2013 4 \u017eingsni\u0173 veido prie\u017ei\u016bros m\u0117gin\u0117liai"},"content":{"rendered":"<p class=\"\" data-start=\"0\" data-end=\"146\"><strong data-start=\"0\" data-end=\"146\">I\u0161siuntimas per 2\/4 d. d.<\/strong><\/p>\n<h3 class=\"\" data-start=\"104\" data-end=\"170\"><strong data-start=\"108\" data-end=\"168\">1. THE PURE LOTUS \u2013 Jeju Botanical pH Balancing Cleanser<\/strong><\/h3>\n<p class=\"\" data-start=\"171\" data-end=\"426\"><strong data-start=\"171\" data-end=\"181\">Talpa:<\/strong> 1.2 ml<br data-start=\"188\" data-end=\"191\" \/><strong data-start=\"191\" data-end=\"205\">Apra\u0161ymas:<\/strong><br data-start=\"205\" data-end=\"208\" \/>\u0160velnus gelin\u0117s konsistencijos veido prausiklis su Jeju salos augaliniais ekstraktais. Efektyviai pa\u0161alina ne\u0161varumus ir makia\u017eo liku\u010dius, i\u0161laikydamas nat\u016bral\u0173 odos pH balans\u0105. Tinka vis\u0173 tip\u0173, net ir jautriai odai.<\/p>\n<p class=\"\" data-start=\"428\" data-end=\"545\"><strong data-start=\"428\" data-end=\"441\">Funkcija:<\/strong> Valo, gaivina, palaiko pH balans\u0105<br data-start=\"475\" data-end=\"478\" \/><strong data-start=\"478\" data-end=\"492\">Pagaminta:<\/strong> Piet\u0173 Kor\u0117joje<br data-start=\"507\" data-end=\"510\" \/><strong data-start=\"510\" data-end=\"525\">Gamintojas:<\/strong> The Lotus Co., Ltd.<\/p>\n<hr class=\"\" data-start=\"547\" data-end=\"550\" \/>\n<h3 class=\"\" data-start=\"552\" data-end=\"615\"><strong data-start=\"556\" data-end=\"613\">2. THE PURE LOTUS \u2013 Lotus Probiotic Concentrate Toner<\/strong><\/h3>\n<p class=\"\" data-start=\"616\" data-end=\"849\"><strong data-start=\"616\" data-end=\"626\">Talpa:<\/strong> 1.2 ml<br data-start=\"633\" data-end=\"636\" \/><strong data-start=\"636\" data-end=\"650\">Apra\u0161ymas:<\/strong><br data-start=\"650\" data-end=\"653\" \/>Koncentruotas tonikas su probiotikais ir lotoso ekstraktu. Dr\u0117kina, gaivina, subalansuoja od\u0105 ir paruo\u0161ia j\u0105 tolesnei prie\u017ei\u016brai. Padeda stiprinti odos apsaugin\u012f barjer\u0105 ir atkurti jos komfort\u0105.<\/p>\n<p class=\"\" data-start=\"851\" data-end=\"968\"><strong data-start=\"851\" data-end=\"864\">Funkcija:<\/strong> Dr\u0117kina, stiprina od\u0105, balansuoja<br data-start=\"898\" data-end=\"901\" \/><strong data-start=\"901\" data-end=\"915\">Pagaminta:<\/strong> Piet\u0173 Kor\u0117joje<br data-start=\"930\" data-end=\"933\" \/><strong data-start=\"933\" data-end=\"948\">Gamintojas:<\/strong> The Lotus Co., Ltd.<\/p>\n<hr class=\"\" data-start=\"970\" data-end=\"973\" \/>\n<h3 class=\"\" data-start=\"975\" data-end=\"1032\"><strong data-start=\"979\" data-end=\"1030\">3. THE PURE LOTUS \u2013 Lotus Probiotic Concentrate<\/strong><\/h3>\n<p class=\"\" data-start=\"1033\" data-end=\"1258\"><strong data-start=\"1033\" data-end=\"1043\">Talpa:<\/strong> 1.2 ml<br data-start=\"1050\" data-end=\"1053\" \/><strong data-start=\"1053\" data-end=\"1067\">Apra\u0161ymas:<\/strong><br data-start=\"1067\" data-end=\"1070\" \/>Itin koncentruotas serumas su lotoso probiotikais. Padeda kovoti su rauk\u0161l\u0117mis, pagerina odos stangrum\u0105 ir suteikia sveik\u0105 \u0161vyt\u0117jim\u0105. Greitai \u012fsigeria, palikdamas od\u0105 elasting\u0105 ir lygi\u0105.<\/p>\n<p class=\"\" data-start=\"1260\" data-end=\"1394\"><strong data-start=\"1260\" data-end=\"1273\">Funkcija:<\/strong> Prie\u0161rauk\u0161linis poveikis, stangrinimas, \u0161vyt\u0117jimas<br data-start=\"1324\" data-end=\"1327\" \/><strong data-start=\"1327\" data-end=\"1341\">Pagaminta:<\/strong> Piet\u0173 Kor\u0117joje<br data-start=\"1356\" data-end=\"1359\" \/><strong data-start=\"1359\" data-end=\"1374\">Gamintojas:<\/strong> The Lotus Co., Ltd.<\/p>\n<hr class=\"\" data-start=\"1396\" data-end=\"1399\" \/>\n<h3 class=\"\" data-start=\"1401\" data-end=\"1464\"><strong data-start=\"1405\" data-end=\"1462\">4. THE PURE LOTUS \u2013 Lotus Probiotic Concentrate Cream<\/strong><\/h3>\n<p class=\"\" data-start=\"1465\" data-end=\"1670\"><strong data-start=\"1465\" data-end=\"1475\">Talpa:<\/strong> 1.2 ml<br data-start=\"1482\" data-end=\"1485\" \/><strong data-start=\"1485\" data-end=\"1499\">Apra\u0161ymas:<\/strong><br data-start=\"1499\" data-end=\"1502\" \/>Maitinamasis kremas su probiotikais ir lotoso ekstraktu. Skirtas intensyviai dr\u0117kinti, stangrinti ir apsaugoti od\u0105 nuo sen\u0117jimo po\u017eymi\u0173. Tinka naudoti dien\u0105 ir nakt\u012f.<\/p>\n<p class=\"\" data-start=\"1672\" data-end=\"1799\"><strong data-start=\"1672\" data-end=\"1685\">Funkcija:<\/strong> Maitinimas, dr\u0117kinimas, rauk\u0161li\u0173 prevencija<br data-start=\"1729\" data-end=\"1732\" \/><strong data-start=\"1732\" data-end=\"1746\">Pagaminta:<\/strong> Piet\u0173 Kor\u0117joje<br data-start=\"1761\" data-end=\"1764\" \/><strong data-start=\"1764\" data-end=\"1779\">Gamintojas:<\/strong> The Lotus Co., Ltd.<\/p>\n","protected":false},"excerpt":{"rendered":"<p>I\u0161siuntimas per 2\/4 d. d. 1. THE PURE LOTUS \u2013 Jeju Botanical pH Balancing Cleanser Talpa: 1.2 mlApra\u0161ymas:\u0160velnus gelin\u0117s konsistencijos veido prausiklis&hellip;<\/p>\n","protected":false},"featured_media":54360,"template":"","meta":[],"product_brand":[1318],"product_cat":[187,550,537,728],"product_tag":[1625],"class_list":{"0":"post-54359","1":"product","2":"type-product","3":"status-publish","4":"has-post-thumbnail","6":"product_brand-the-pure-lotus","7":"product_cat-veido-kremai","8":"product_cat-veido-serumai","9":"product_cat-veido-valymo-priemones","10":"product_cat-veidui","11":"product_tag-the-pure-lotus","13":"first","14":"outofstock","15":"taxable","16":"shipping-taxable","17":"purchasable","18":"product-type-simple"},"yoast_head":"<!-- This site is optimized with the Yoast SEO plugin v27.4 - https:\/\/yoast.com\/product\/yoast-seo-wordpress\/ -->\n<title>The Pure Lotus \u2013 4 \u017eingsni\u0173 veido prie\u017ei\u016bros m\u0117gin\u0117liai - MalinaShop.lt J\u016bs\u0173 sveikatai ir gro\u017eiui.<\/title>\n<meta name=\"description\" content=\"Atraskite efektyv\u0173 ir prabang\u0173 veido prie\u017ei\u016bros ritual\u0105 su 2 \u017eingsni\u0173 lak\u0161tine kauke i\u0161 \u201eThe Pure Lotus\u201c \u2013 puik\u0173 sprendim\u0105 pavargusiai, stangrum\u0105 praradusiai odai.\" \/>\n<meta name=\"robots\" content=\"index, follow, max-snippet:-1, max-image-preview:large, max-video-preview:-1\" \/>\n<link rel=\"canonical\" href=\"https:\/\/www.malinashop.lt\/en\/shop\/the-pure-lotus-4-zingsniu-veido-prieziuros-megineliai\/\" \/>\n<meta property=\"og:locale\" content=\"en_GB\" \/>\n<meta property=\"og:type\" content=\"article\" \/>\n<meta property=\"og:title\" content=\"The Pure Lotus \u2013 4 \u017eingsni\u0173 veido prie\u017ei\u016bros m\u0117gin\u0117liai - MalinaShop.lt J\u016bs\u0173 sveikatai ir gro\u017eiui.\" \/>\n<meta property=\"og:description\" content=\"Atraskite efektyv\u0173 ir prabang\u0173 veido prie\u017ei\u016bros ritual\u0105 su 2 \u017eingsni\u0173 lak\u0161tine kauke i\u0161 \u201eThe Pure Lotus\u201c \u2013 puik\u0173 sprendim\u0105 pavargusiai, stangrum\u0105 praradusiai odai.\" \/>\n<meta property=\"og:url\" content=\"https:\/\/www.malinashop.lt\/en\/shop\/the-pure-lotus-4-zingsniu-veido-prieziuros-megineliai\/\" \/>\n<meta property=\"og:site_name\" content=\"MalinaShop.lt J\u016bs\u0173 sveikatai ir gro\u017eiui.\" \/>\n<meta property=\"article:modified_time\" content=\"2026-02-10T10:13:55+00:00\" \/>\n<meta property=\"og:image\" content=\"https:\/\/www.malinashop.lt\/wp-content\/uploads\/2025\/04\/instories_1221A4B9-5874-4E4D-A7D6-92EBF14830C1.png\" \/>\n\t<meta property=\"og:image:width\" content=\"1080\" \/>\n\t<meta property=\"og:image:height\" content=\"1920\" \/>\n\t<meta property=\"og:image:type\" content=\"image\/png\" \/>\n<meta name=\"twitter:card\" content=\"summary_large_image\" \/>\n<script type=\"application\/ld+json\" class=\"yoast-schema-graph\">{\"@context\":\"https:\\\/\\\/schema.org\",\"@graph\":[{\"@type\":\"WebPage\",\"@id\":\"https:\\\/\\\/www.malinashop.lt\\\/lt_lt\\\/shop\\\/the-pure-lotus-4-zingsniu-veido-prieziuros-megineliai\\\/\",\"url\":\"https:\\\/\\\/www.malinashop.lt\\\/lt_lt\\\/shop\\\/the-pure-lotus-4-zingsniu-veido-prieziuros-megineliai\\\/\",\"name\":\"The Pure Lotus \u2013 4 \u017eingsni\u0173 veido prie\u017ei\u016bros m\u0117gin\u0117liai - MalinaShop.lt J\u016bs\u0173 sveikatai ir gro\u017eiui.\",\"isPartOf\":{\"@id\":\"https:\\\/\\\/www.malinashop.lt\\\/en\\\/#website\"},\"primaryImageOfPage\":{\"@id\":\"https:\\\/\\\/www.malinashop.lt\\\/lt_lt\\\/shop\\\/the-pure-lotus-4-zingsniu-veido-prieziuros-megineliai\\\/#primaryimage\"},\"image\":{\"@id\":\"https:\\\/\\\/www.malinashop.lt\\\/lt_lt\\\/shop\\\/the-pure-lotus-4-zingsniu-veido-prieziuros-megineliai\\\/#primaryimage\"},\"thumbnailUrl\":\"https:\\\/\\\/www.malinashop.lt\\\/wp-content\\\/uploads\\\/2025\\\/04\\\/instories_1221A4B9-5874-4E4D-A7D6-92EBF14830C1.png\",\"datePublished\":\"2025-04-17T19:57:09+00:00\",\"dateModified\":\"2026-02-10T10:13:55+00:00\",\"description\":\"Atraskite efektyv\u0173 ir prabang\u0173 veido prie\u017ei\u016bros ritual\u0105 su 2 \u017eingsni\u0173 lak\u0161tine kauke i\u0161 \u201eThe Pure Lotus\u201c \u2013 puik\u0173 sprendim\u0105 pavargusiai, stangrum\u0105 praradusiai odai.\",\"breadcrumb\":{\"@id\":\"https:\\\/\\\/www.malinashop.lt\\\/lt_lt\\\/shop\\\/the-pure-lotus-4-zingsniu-veido-prieziuros-megineliai\\\/#breadcrumb\"},\"inLanguage\":\"en-GB\",\"potentialAction\":[{\"@type\":\"ReadAction\",\"target\":[\"https:\\\/\\\/www.malinashop.lt\\\/lt_lt\\\/shop\\\/the-pure-lotus-4-zingsniu-veido-prieziuros-megineliai\\\/\"]}]},{\"@type\":\"ImageObject\",\"inLanguage\":\"en-GB\",\"@id\":\"https:\\\/\\\/www.malinashop.lt\\\/lt_lt\\\/shop\\\/the-pure-lotus-4-zingsniu-veido-prieziuros-megineliai\\\/#primaryimage\",\"url\":\"https:\\\/\\\/www.malinashop.lt\\\/wp-content\\\/uploads\\\/2025\\\/04\\\/instories_1221A4B9-5874-4E4D-A7D6-92EBF14830C1.png\",\"contentUrl\":\"https:\\\/\\\/www.malinashop.lt\\\/wp-content\\\/uploads\\\/2025\\\/04\\\/instories_1221A4B9-5874-4E4D-A7D6-92EBF14830C1.png\",\"width\":1080,\"height\":1920},{\"@type\":\"BreadcrumbList\",\"@id\":\"https:\\\/\\\/www.malinashop.lt\\\/lt_lt\\\/shop\\\/the-pure-lotus-4-zingsniu-veido-prieziuros-megineliai\\\/#breadcrumb\",\"itemListElement\":[{\"@type\":\"ListItem\",\"position\":1,\"name\":\"Home\",\"item\":\"https:\\\/\\\/www.malinashop.lt\\\/en\\\/\"},{\"@type\":\"ListItem\",\"position\":2,\"name\":\"Parduotuv\u0117\",\"item\":\"https:\\\/\\\/www.malinashop.lt\\\/en\\\/parduotuve\\\/\"},{\"@type\":\"ListItem\",\"position\":3,\"name\":\"The Pure Lotus \u2013 4 \u017eingsni\u0173 veido prie\u017ei\u016bros m\u0117gin\u0117liai\"}]},{\"@type\":\"WebSite\",\"@id\":\"https:\\\/\\\/www.malinashop.lt\\\/en\\\/#website\",\"url\":\"https:\\\/\\\/www.malinashop.lt\\\/en\\\/\",\"name\":\"COM Group Ecommerce\",\"description\":\"MalinaShop.lt - Gro\u017eio ir sveikatos produktai i\u0161 patikim\u0173 preki\u0173 \u017eenkl\u0173. Atraskite auk\u0161tos kokyb\u0117s kosmetik\u0105 u\u017e puiki\u0105 kain\u0105.\",\"publisher\":{\"@id\":\"https:\\\/\\\/www.malinashop.lt\\\/en\\\/#organization\"},\"potentialAction\":[{\"@type\":\"SearchAction\",\"target\":{\"@type\":\"EntryPoint\",\"urlTemplate\":\"https:\\\/\\\/www.malinashop.lt\\\/en\\\/?s={search_term_string}\"},\"query-input\":{\"@type\":\"PropertyValueSpecification\",\"valueRequired\":true,\"valueName\":\"search_term_string\"}}],\"inLanguage\":\"en-GB\"},{\"@type\":\"Organization\",\"@id\":\"https:\\\/\\\/www.malinashop.lt\\\/en\\\/#organization\",\"name\":\"COM Group Ecommerce\",\"url\":\"https:\\\/\\\/www.malinashop.lt\\\/en\\\/\",\"logo\":{\"@type\":\"ImageObject\",\"inLanguage\":\"en-GB\",\"@id\":\"https:\\\/\\\/www.malinashop.lt\\\/en\\\/#\\\/schema\\\/logo\\\/image\\\/\",\"url\":\"https:\\\/\\\/www.malinashop.lt\\\/wp-content\\\/uploads\\\/2024\\\/08\\\/462559670_3787732518133670_9795632669273463_n-e1731525914575.png\",\"contentUrl\":\"https:\\\/\\\/www.malinashop.lt\\\/wp-content\\\/uploads\\\/2024\\\/08\\\/462559670_3787732518133670_9795632669273463_n-e1731525914575.png\",\"width\":180,\"height\":60,\"caption\":\"COM Group Ecommerce\"},\"image\":{\"@id\":\"https:\\\/\\\/www.malinashop.lt\\\/en\\\/#\\\/schema\\\/logo\\\/image\\\/\"}}]}<\/script>\n<!-- \/ Yoast SEO plugin. -->","yoast_head_json":{"title":"The Pure Lotus \u2013 4 \u017eingsni\u0173 veido prie\u017ei\u016bros m\u0117gin\u0117liai - MalinaShop.lt J\u016bs\u0173 sveikatai ir gro\u017eiui.","description":"Atraskite efektyv\u0173 ir prabang\u0173 veido prie\u017ei\u016bros ritual\u0105 su 2 \u017eingsni\u0173 lak\u0161tine kauke i\u0161 \u201eThe Pure Lotus\u201c \u2013 puik\u0173 sprendim\u0105 pavargusiai, stangrum\u0105 praradusiai odai.","robots":{"index":"index","follow":"follow","max-snippet":"max-snippet:-1","max-image-preview":"max-image-preview:large","max-video-preview":"max-video-preview:-1"},"canonical":"https:\/\/www.malinashop.lt\/en\/shop\/the-pure-lotus-4-zingsniu-veido-prieziuros-megineliai\/","og_locale":"en_GB","og_type":"article","og_title":"The Pure Lotus \u2013 4 \u017eingsni\u0173 veido prie\u017ei\u016bros m\u0117gin\u0117liai - MalinaShop.lt J\u016bs\u0173 sveikatai ir gro\u017eiui.","og_description":"Atraskite efektyv\u0173 ir prabang\u0173 veido prie\u017ei\u016bros ritual\u0105 su 2 \u017eingsni\u0173 lak\u0161tine kauke i\u0161 \u201eThe Pure Lotus\u201c \u2013 puik\u0173 sprendim\u0105 pavargusiai, stangrum\u0105 praradusiai odai.","og_url":"https:\/\/www.malinashop.lt\/en\/shop\/the-pure-lotus-4-zingsniu-veido-prieziuros-megineliai\/","og_site_name":"MalinaShop.lt J\u016bs\u0173 sveikatai ir gro\u017eiui.","article_modified_time":"2026-02-10T10:13:55+00:00","og_image":[{"url":"https:\/\/www.malinashop.lt\/wp-content\/uploads\/2025\/04\/instories_1221A4B9-5874-4E4D-A7D6-92EBF14830C1.png","width":1080,"height":1920,"type":"image\/png"}],"twitter_card":"summary_large_image","schema":{"@context":"https:\/\/schema.org","@graph":[{"@type":"WebPage","@id":"https:\/\/www.malinashop.lt\/lt_lt\/shop\/the-pure-lotus-4-zingsniu-veido-prieziuros-megineliai\/","url":"https:\/\/www.malinashop.lt\/lt_lt\/shop\/the-pure-lotus-4-zingsniu-veido-prieziuros-megineliai\/","name":"The Pure Lotus \u2013 4 \u017eingsni\u0173 veido prie\u017ei\u016bros m\u0117gin\u0117liai - MalinaShop.lt J\u016bs\u0173 sveikatai ir gro\u017eiui.","isPartOf":{"@id":"https:\/\/www.malinashop.lt\/en\/#website"},"primaryImageOfPage":{"@id":"https:\/\/www.malinashop.lt\/lt_lt\/shop\/the-pure-lotus-4-zingsniu-veido-prieziuros-megineliai\/#primaryimage"},"image":{"@id":"https:\/\/www.malinashop.lt\/lt_lt\/shop\/the-pure-lotus-4-zingsniu-veido-prieziuros-megineliai\/#primaryimage"},"thumbnailUrl":"https:\/\/www.malinashop.lt\/wp-content\/uploads\/2025\/04\/instories_1221A4B9-5874-4E4D-A7D6-92EBF14830C1.png","datePublished":"2025-04-17T19:57:09+00:00","dateModified":"2026-02-10T10:13:55+00:00","description":"Atraskite efektyv\u0173 ir prabang\u0173 veido prie\u017ei\u016bros ritual\u0105 su 2 \u017eingsni\u0173 lak\u0161tine kauke i\u0161 \u201eThe Pure Lotus\u201c \u2013 puik\u0173 sprendim\u0105 pavargusiai, stangrum\u0105 praradusiai odai.","breadcrumb":{"@id":"https:\/\/www.malinashop.lt\/lt_lt\/shop\/the-pure-lotus-4-zingsniu-veido-prieziuros-megineliai\/#breadcrumb"},"inLanguage":"en-GB","potentialAction":[{"@type":"ReadAction","target":["https:\/\/www.malinashop.lt\/lt_lt\/shop\/the-pure-lotus-4-zingsniu-veido-prieziuros-megineliai\/"]}]},{"@type":"ImageObject","inLanguage":"en-GB","@id":"https:\/\/www.malinashop.lt\/lt_lt\/shop\/the-pure-lotus-4-zingsniu-veido-prieziuros-megineliai\/#primaryimage","url":"https:\/\/www.malinashop.lt\/wp-content\/uploads\/2025\/04\/instories_1221A4B9-5874-4E4D-A7D6-92EBF14830C1.png","contentUrl":"https:\/\/www.malinashop.lt\/wp-content\/uploads\/2025\/04\/instories_1221A4B9-5874-4E4D-A7D6-92EBF14830C1.png","width":1080,"height":1920},{"@type":"BreadcrumbList","@id":"https:\/\/www.malinashop.lt\/lt_lt\/shop\/the-pure-lotus-4-zingsniu-veido-prieziuros-megineliai\/#breadcrumb","itemListElement":[{"@type":"ListItem","position":1,"name":"Home","item":"https:\/\/www.malinashop.lt\/en\/"},{"@type":"ListItem","position":2,"name":"Parduotuv\u0117","item":"https:\/\/www.malinashop.lt\/en\/parduotuve\/"},{"@type":"ListItem","position":3,"name":"The Pure Lotus \u2013 4 \u017eingsni\u0173 veido prie\u017ei\u016bros m\u0117gin\u0117liai"}]},{"@type":"WebSite","@id":"https:\/\/www.malinashop.lt\/en\/#website","url":"https:\/\/www.malinashop.lt\/en\/","name":"COM Group Ecommerce","description":"MalinaShop.lt - Gro\u017eio ir sveikatos produktai i\u0161 patikim\u0173 preki\u0173 \u017eenkl\u0173. Atraskite auk\u0161tos kokyb\u0117s kosmetik\u0105 u\u017e puiki\u0105 kain\u0105.","publisher":{"@id":"https:\/\/www.malinashop.lt\/en\/#organization"},"potentialAction":[{"@type":"SearchAction","target":{"@type":"EntryPoint","urlTemplate":"https:\/\/www.malinashop.lt\/en\/?s={search_term_string}"},"query-input":{"@type":"PropertyValueSpecification","valueRequired":true,"valueName":"search_term_string"}}],"inLanguage":"en-GB"},{"@type":"Organization","@id":"https:\/\/www.malinashop.lt\/en\/#organization","name":"COM Group Ecommerce","url":"https:\/\/www.malinashop.lt\/en\/","logo":{"@type":"ImageObject","inLanguage":"en-GB","@id":"https:\/\/www.malinashop.lt\/en\/#\/schema\/logo\/image\/","url":"https:\/\/www.malinashop.lt\/wp-content\/uploads\/2024\/08\/462559670_3787732518133670_9795632669273463_n-e1731525914575.png","contentUrl":"https:\/\/www.malinashop.lt\/wp-content\/uploads\/2024\/08\/462559670_3787732518133670_9795632669273463_n-e1731525914575.png","width":180,"height":60,"caption":"COM Group Ecommerce"},"image":{"@id":"https:\/\/www.malinashop.lt\/en\/#\/schema\/logo\/image\/"}}]}},"jetpack_sharing_enabled":true,"_links":{"self":[{"href":"https:\/\/www.malinashop.lt\/en\/wp-json\/wp\/v2\/product\/54359","targetHints":{"allow":["GET"]}}],"collection":[{"href":"https:\/\/www.malinashop.lt\/en\/wp-json\/wp\/v2\/product"}],"about":[{"href":"https:\/\/www.malinashop.lt\/en\/wp-json\/wp\/v2\/types\/product"}],"version-history":[{"count":2,"href":"https:\/\/www.malinashop.lt\/en\/wp-json\/wp\/v2\/product\/54359\/revisions"}],"predecessor-version":[{"id":54363,"href":"https:\/\/www.malinashop.lt\/en\/wp-json\/wp\/v2\/product\/54359\/revisions\/54363"}],"wp:featuredmedia":[{"embeddable":true,"href":"https:\/\/www.malinashop.lt\/en\/wp-json\/wp\/v2\/media\/54360"}],"wp:attachment":[{"href":"https:\/\/www.malinashop.lt\/en\/wp-json\/wp\/v2\/media?parent=54359"}],"wp:term":[{"taxonomy":"product_brand","embeddable":true,"href":"https:\/\/www.malinashop.lt\/en\/wp-json\/wp\/v2\/product_brand?post=54359"},{"taxonomy":"product_cat","embeddable":true,"href":"https:\/\/www.malinashop.lt\/en\/wp-json\/wp\/v2\/product_cat?post=54359"},{"taxonomy":"product_tag","embeddable":true,"href":"https:\/\/www.malinashop.lt\/en\/wp-json\/wp\/v2\/product_tag?post=54359"}],"curies":[{"name":"wp","href":"https:\/\/api.w.org\/{rel}","templated":true}]}}