{"id":54176,"date":"2025-04-14T14:22:24","date_gmt":"2025-04-14T11:22:24","guid":{"rendered":"https:\/\/malinashop.lt\/?post_type=product&#038;p=54176"},"modified":"2026-02-10T13:13:57","modified_gmt":"2026-02-10T10:13:57","slug":"the-pure-lotus-raminamasis-serumas-jeju-lotus-leaf-aloe-70ml","status":"publish","type":"product","link":"https:\/\/www.malinashop.lt\/en\/shop\/the-pure-lotus-raminamasis-serumas-jeju-lotus-leaf-aloe-70ml\/","title":{"rendered":"THE PURE LOTUS raminamasis serumas Jeju Lotus Leaf Aloe, 70ml"},"content":{"rendered":"<p class=\"\" data-start=\"207\" data-end=\"243\"><strong data-start=\"207\" data-end=\"243\">I\u0161siuntimas per 2\u20134 darbo dienas<\/strong><\/p>\n<p class=\"\" data-start=\"245\" data-end=\"354\"><strong data-start=\"245\" data-end=\"354\">THE PURE LOTUS dr\u0117kinamasis serumas su baltuoju lotosu ir alaviju \u2013 intensyvus odos nuraminimas po saul\u0117s<\/strong><\/p>\n<p class=\"\" data-start=\"356\" data-end=\"669\">Atgaivinkite ir apsaugokite savo od\u0105 su i\u0161skirtiniu veido serumu, sukurtu remiantis Jeju salos botanine galia. \u0160is intensyviai dr\u0117kinantis, v\u0117sinantis ir regeneruojantis serumas idealiai tinka naudoti po buvimo saul\u0117je \u2013 ypa\u010d per kar\u0161tuosius atostog\u0173 m\u0117nesius arba jautrios, sudirgusios odos kasdienei prie\u017ei\u016brai.<\/p>\n<p class=\"\" data-start=\"671\" data-end=\"699\"><strong data-start=\"671\" data-end=\"699\">Pagrindiniai privalumai:<\/strong><\/p>\n<ul data-start=\"701\" data-end=\"1307\">\n<li class=\"\" data-start=\"701\" data-end=\"831\">\n<p class=\"\" data-start=\"703\" data-end=\"831\"><strong data-start=\"703\" data-end=\"723\">Baltasis lotosas<\/strong> \u2013 prabangus antioksidant\u0173 \u0161altinis, pasi\u017eymintis raminamosiomis, apsaugin\u0117mis ir \u0161viesinan\u010diomis savyb\u0117mis.<\/p>\n<\/li>\n<li class=\"\" data-start=\"832\" data-end=\"920\">\n<p class=\"\" data-start=\"834\" data-end=\"920\"><strong data-start=\"834\" data-end=\"846\">Alavijas<\/strong> \u2013 greitai v\u0117sina, intensyviai dr\u0117kina ir regeneruoja saul\u0117s paveikt\u0105 od\u0105.<\/p>\n<\/li>\n<li class=\"\" data-start=\"921\" data-end=\"1011\">\n<p class=\"\" data-start=\"923\" data-end=\"1011\"><strong data-start=\"923\" data-end=\"960\">Nat\u016bral\u016bs Jeju salos ingredientai<\/strong> \u2013 \u017einomi d\u0117l savo \u0161varos, grynumo ir veiksmingumo.<\/p>\n<\/li>\n<li class=\"\" data-start=\"1012\" data-end=\"1125\">\n<p class=\"\" data-start=\"1014\" data-end=\"1125\"><strong data-start=\"1014\" data-end=\"1038\">Apsauga nuo sen\u0117jimo<\/strong> \u2013 padeda i\u0161saugoti odos elastingum\u0105 ir skaistum\u0105, ma\u017eina pirmuosius rauk\u0161li\u0173 po\u017eymius.<\/p>\n<\/li>\n<li class=\"\" data-start=\"1126\" data-end=\"1205\">\n<p class=\"\" data-start=\"1128\" data-end=\"1205\"><strong data-start=\"1128\" data-end=\"1147\">Lengva tekst\u016bra<\/strong> \u2013 greitai \u012fsigeria, nepalieka lipnumo ar riebumo poj\u016b\u010dio.<\/p>\n<\/li>\n<li class=\"\" data-start=\"1206\" data-end=\"1307\">\n<p class=\"\" data-start=\"1208\" data-end=\"1307\"><strong data-start=\"1208\" data-end=\"1242\">Apdovanojimus pelniusi formul\u0117<\/strong> \u2013 pripa\u017einta ir \u012fvertinta d\u0117l efektyvumo ir nat\u016bralios sud\u0117ties.<\/p>\n<\/li>\n<\/ul>\n<p class=\"\" data-start=\"1309\" data-end=\"1332\"><strong data-start=\"1309\" data-end=\"1332\">Kam rekomenduojama?<\/strong><\/p>\n<ul data-start=\"1334\" data-end=\"1532\">\n<li class=\"\" data-start=\"1334\" data-end=\"1353\">\n<p class=\"\" data-start=\"1336\" data-end=\"1353\">Po buvimo saul\u0117je<\/p>\n<\/li>\n<li class=\"\" data-start=\"1354\" data-end=\"1399\">\n<p class=\"\" data-start=\"1356\" data-end=\"1399\">Pavargusiai, dehidratuotai ir jautriai odai<\/p>\n<\/li>\n<li class=\"\" data-start=\"1400\" data-end=\"1458\">\n<p class=\"\" data-start=\"1402\" data-end=\"1458\">Ie\u0161kantiems \u0161velnaus, bet efektyvaus kasdienio dr\u0117kinimo<\/p>\n<\/li>\n<li class=\"\" data-start=\"1459\" data-end=\"1532\">\n<p class=\"\" data-start=\"1461\" data-end=\"1532\">Norintiems sustiprinti odos barjer\u0105 ir kovoti su prie\u0161laikiniu sen\u0117jimu<\/p>\n<\/li>\n<\/ul>\n<p class=\"\" data-start=\"1534\" data-end=\"1662\"><strong data-start=\"1534\" data-end=\"1549\">Odos tipai:<\/strong> Tinka visiems odos tipams<br data-start=\"1575\" data-end=\"1578\" \/><strong data-start=\"1578\" data-end=\"1597\">Odos problemos:<\/strong> Jautrumas, paraudimas, dehidratacija, pirmieji sen\u0117jimo po\u017eymiai<\/p>\n<p class=\"\" data-start=\"1664\" data-end=\"1817\"><strong data-start=\"1664\" data-end=\"1679\">Naudojimas:<\/strong> Nedidel\u012f kiek\u012f serumo paskirstykite ant \u0161varios veido odos, \u0161velniai \u012fmasa\u017euokite iki visi\u0161ko \u012fsig\u0117rimo. Naudokite ryte ir (arba) vakare.<\/p>\n<p>Sud\u0117tis:<\/p>\n<p>Water, Methyl Gluceth-20, Glycerin, Aloe Barbadensis Leaf Extract, Nelumbo Nucifera Leaf Extract, Butylene Glycol, Niacinamide, 1,2-Hexanediol, Butyrospermum Parkii(Shea)Butter, Cetearyl Olivate, Sorbitan Olivate, Acrylate\/C10-30 Alkyl Acrylate Crosspolymer, Arginine, Glyceryl acrylate\/acrylic acid copolymer, Camellia Sinensis Leaf Extract, Sophora Angustifolia Root Extract, Citrus Junos Fruit Extract, Eucalyptus Globulus Leaf Extract, Eugenia Caryophyllus (Clove) Flower Extract, Fragrance.<\/p>\n","protected":false},"excerpt":{"rendered":"<p>Raminantis serumas su baltuoju lotosu ir alaviju intensyviai dr\u0117kina, v\u0117sina saul\u0117s paveikt\u0105 od\u0105, apsaugo nuo i\u0161saus\u0117jimo bei padeda i\u0161laikyti sveik\u0105, \u0161vytin\u010di\u0105 i\u0161vaizd\u0105.<\/p>\n","protected":false},"featured_media":54178,"template":"","meta":[],"product_brand":[1318],"product_cat":[550,728],"product_tag":[1625],"class_list":{"0":"post-54176","1":"product","2":"type-product","3":"status-publish","4":"has-post-thumbnail","6":"product_brand-the-pure-lotus","7":"product_cat-veido-serumai","8":"product_cat-veidui","9":"product_tag-the-pure-lotus","11":"first","12":"outofstock","13":"taxable","14":"shipping-taxable","15":"purchasable","16":"product-type-simple"},"yoast_head":"<!-- This site is optimized with the Yoast SEO plugin v27.4 - https:\/\/yoast.com\/product\/yoast-seo-wordpress\/ -->\n<title>THE PURE LOTUS raminamasis serumas Jeju Lotus Leaf Aloe, 70ml - MalinaShop.lt J\u016bs\u0173 sveikatai ir gro\u017eiui.<\/title>\n<meta name=\"description\" content=\"Raminantis serumas su baltuoju lotosu ir alaviju intensyviai dr\u0117kina, v\u0117sina saul\u0117s paveikt\u0105 od\u0105, apsaugo nuo i\u0161saus\u0117jimo bei padeda i\u0161laikyti sveik\u0105, \u0161vytin\u010di\u0105 i\u0161vaizd\u0105. Dr\u0117kinamasis serumas po saul\u0117s su baltuoju lotosu ir alaviju \u2013 ramina, dr\u0117kina ir saugo jautri\u0105 od\u0105.\" \/>\n<meta name=\"robots\" content=\"index, follow, max-snippet:-1, max-image-preview:large, max-video-preview:-1\" \/>\n<link rel=\"canonical\" href=\"https:\/\/www.malinashop.lt\/en\/shop\/the-pure-lotus-raminamasis-serumas-jeju-lotus-leaf-aloe-70ml\/\" \/>\n<meta property=\"og:locale\" content=\"en_GB\" \/>\n<meta property=\"og:type\" content=\"article\" \/>\n<meta property=\"og:title\" content=\"THE PURE LOTUS raminamasis serumas Jeju Lotus Leaf Aloe, 70ml - MalinaShop.lt J\u016bs\u0173 sveikatai ir gro\u017eiui.\" \/>\n<meta property=\"og:description\" content=\"Raminantis serumas su baltuoju lotosu ir alaviju intensyviai dr\u0117kina, v\u0117sina saul\u0117s paveikt\u0105 od\u0105, apsaugo nuo i\u0161saus\u0117jimo bei padeda i\u0161laikyti sveik\u0105, \u0161vytin\u010di\u0105 i\u0161vaizd\u0105. Dr\u0117kinamasis serumas po saul\u0117s su baltuoju lotosu ir alaviju \u2013 ramina, dr\u0117kina ir saugo jautri\u0105 od\u0105.\" \/>\n<meta property=\"og:url\" content=\"https:\/\/www.malinashop.lt\/en\/shop\/the-pure-lotus-raminamasis-serumas-jeju-lotus-leaf-aloe-70ml\/\" \/>\n<meta property=\"og:site_name\" content=\"MalinaShop.lt J\u016bs\u0173 sveikatai ir gro\u017eiui.\" \/>\n<meta property=\"article:modified_time\" content=\"2026-02-10T10:13:57+00:00\" \/>\n<meta property=\"og:image\" content=\"https:\/\/www.malinashop.lt\/wp-content\/uploads\/2025\/04\/THE-PURE-LOTUS-raminamasis-serumas-Jeju-Lotus-Leaf-Aloe-70ml.webp\" \/>\n\t<meta property=\"og:image:width\" content=\"1000\" \/>\n\t<meta property=\"og:image:height\" content=\"1000\" \/>\n\t<meta property=\"og:image:type\" content=\"image\/webp\" \/>\n<meta name=\"twitter:card\" content=\"summary_large_image\" \/>\n<script type=\"application\/ld+json\" class=\"yoast-schema-graph\">{\"@context\":\"https:\\\/\\\/schema.org\",\"@graph\":[{\"@type\":\"WebPage\",\"@id\":\"https:\\\/\\\/www.malinashop.lt\\\/en\\\/shop\\\/the-pure-lotus-raminamasis-serumas-jeju-lotus-leaf-aloe-70ml\\\/\",\"url\":\"https:\\\/\\\/www.malinashop.lt\\\/en\\\/shop\\\/the-pure-lotus-raminamasis-serumas-jeju-lotus-leaf-aloe-70ml\\\/\",\"name\":\"THE PURE LOTUS raminamasis serumas Jeju Lotus Leaf Aloe, 70ml - MalinaShop.lt J\u016bs\u0173 sveikatai ir gro\u017eiui.\",\"isPartOf\":{\"@id\":\"https:\\\/\\\/www.malinashop.lt\\\/en\\\/#website\"},\"primaryImageOfPage\":{\"@id\":\"https:\\\/\\\/www.malinashop.lt\\\/en\\\/shop\\\/the-pure-lotus-raminamasis-serumas-jeju-lotus-leaf-aloe-70ml\\\/#primaryimage\"},\"image\":{\"@id\":\"https:\\\/\\\/www.malinashop.lt\\\/en\\\/shop\\\/the-pure-lotus-raminamasis-serumas-jeju-lotus-leaf-aloe-70ml\\\/#primaryimage\"},\"thumbnailUrl\":\"https:\\\/\\\/www.malinashop.lt\\\/wp-content\\\/uploads\\\/2025\\\/04\\\/THE-PURE-LOTUS-raminamasis-serumas-Jeju-Lotus-Leaf-Aloe-70ml.webp\",\"datePublished\":\"2025-04-14T11:22:24+00:00\",\"dateModified\":\"2026-02-10T10:13:57+00:00\",\"description\":\"Raminantis serumas su baltuoju lotosu ir alaviju intensyviai dr\u0117kina, v\u0117sina saul\u0117s paveikt\u0105 od\u0105, apsaugo nuo i\u0161saus\u0117jimo bei padeda i\u0161laikyti sveik\u0105, \u0161vytin\u010di\u0105 i\u0161vaizd\u0105. Dr\u0117kinamasis serumas po saul\u0117s su baltuoju lotosu ir alaviju \u2013 ramina, dr\u0117kina ir saugo jautri\u0105 od\u0105.\",\"breadcrumb\":{\"@id\":\"https:\\\/\\\/www.malinashop.lt\\\/en\\\/shop\\\/the-pure-lotus-raminamasis-serumas-jeju-lotus-leaf-aloe-70ml\\\/#breadcrumb\"},\"inLanguage\":\"en-GB\",\"potentialAction\":[{\"@type\":\"ReadAction\",\"target\":[\"https:\\\/\\\/www.malinashop.lt\\\/en\\\/shop\\\/the-pure-lotus-raminamasis-serumas-jeju-lotus-leaf-aloe-70ml\\\/\"]}]},{\"@type\":\"ImageObject\",\"inLanguage\":\"en-GB\",\"@id\":\"https:\\\/\\\/www.malinashop.lt\\\/en\\\/shop\\\/the-pure-lotus-raminamasis-serumas-jeju-lotus-leaf-aloe-70ml\\\/#primaryimage\",\"url\":\"https:\\\/\\\/www.malinashop.lt\\\/wp-content\\\/uploads\\\/2025\\\/04\\\/THE-PURE-LOTUS-raminamasis-serumas-Jeju-Lotus-Leaf-Aloe-70ml.webp\",\"contentUrl\":\"https:\\\/\\\/www.malinashop.lt\\\/wp-content\\\/uploads\\\/2025\\\/04\\\/THE-PURE-LOTUS-raminamasis-serumas-Jeju-Lotus-Leaf-Aloe-70ml.webp\",\"width\":1000,\"height\":1000},{\"@type\":\"BreadcrumbList\",\"@id\":\"https:\\\/\\\/www.malinashop.lt\\\/en\\\/shop\\\/the-pure-lotus-raminamasis-serumas-jeju-lotus-leaf-aloe-70ml\\\/#breadcrumb\",\"itemListElement\":[{\"@type\":\"ListItem\",\"position\":1,\"name\":\"Home\",\"item\":\"https:\\\/\\\/www.malinashop.lt\\\/en\\\/\"},{\"@type\":\"ListItem\",\"position\":2,\"name\":\"Parduotuv\u0117\",\"item\":\"https:\\\/\\\/www.malinashop.lt\\\/en\\\/parduotuve\\\/\"},{\"@type\":\"ListItem\",\"position\":3,\"name\":\"THE PURE LOTUS raminamasis serumas Jeju Lotus Leaf Aloe, 70ml\"}]},{\"@type\":\"WebSite\",\"@id\":\"https:\\\/\\\/www.malinashop.lt\\\/en\\\/#website\",\"url\":\"https:\\\/\\\/www.malinashop.lt\\\/en\\\/\",\"name\":\"COM Group Ecommerce\",\"description\":\"MalinaShop.lt - Gro\u017eio ir sveikatos produktai i\u0161 patikim\u0173 preki\u0173 \u017eenkl\u0173. Atraskite auk\u0161tos kokyb\u0117s kosmetik\u0105 u\u017e puiki\u0105 kain\u0105.\",\"publisher\":{\"@id\":\"https:\\\/\\\/www.malinashop.lt\\\/en\\\/#organization\"},\"potentialAction\":[{\"@type\":\"SearchAction\",\"target\":{\"@type\":\"EntryPoint\",\"urlTemplate\":\"https:\\\/\\\/www.malinashop.lt\\\/en\\\/?s={search_term_string}\"},\"query-input\":{\"@type\":\"PropertyValueSpecification\",\"valueRequired\":true,\"valueName\":\"search_term_string\"}}],\"inLanguage\":\"en-GB\"},{\"@type\":\"Organization\",\"@id\":\"https:\\\/\\\/www.malinashop.lt\\\/en\\\/#organization\",\"name\":\"COM Group Ecommerce\",\"url\":\"https:\\\/\\\/www.malinashop.lt\\\/en\\\/\",\"logo\":{\"@type\":\"ImageObject\",\"inLanguage\":\"en-GB\",\"@id\":\"https:\\\/\\\/www.malinashop.lt\\\/en\\\/#\\\/schema\\\/logo\\\/image\\\/\",\"url\":\"https:\\\/\\\/www.malinashop.lt\\\/wp-content\\\/uploads\\\/2024\\\/08\\\/462559670_3787732518133670_9795632669273463_n-e1731525914575.png\",\"contentUrl\":\"https:\\\/\\\/www.malinashop.lt\\\/wp-content\\\/uploads\\\/2024\\\/08\\\/462559670_3787732518133670_9795632669273463_n-e1731525914575.png\",\"width\":180,\"height\":60,\"caption\":\"COM Group Ecommerce\"},\"image\":{\"@id\":\"https:\\\/\\\/www.malinashop.lt\\\/en\\\/#\\\/schema\\\/logo\\\/image\\\/\"}}]}<\/script>\n<!-- \/ Yoast SEO plugin. -->","yoast_head_json":{"title":"THE PURE LOTUS raminamasis serumas Jeju Lotus Leaf Aloe, 70ml - MalinaShop.lt J\u016bs\u0173 sveikatai ir gro\u017eiui.","description":"Raminantis serumas su baltuoju lotosu ir alaviju intensyviai dr\u0117kina, v\u0117sina saul\u0117s paveikt\u0105 od\u0105, apsaugo nuo i\u0161saus\u0117jimo bei padeda i\u0161laikyti sveik\u0105, \u0161vytin\u010di\u0105 i\u0161vaizd\u0105. Dr\u0117kinamasis serumas po saul\u0117s su baltuoju lotosu ir alaviju \u2013 ramina, dr\u0117kina ir saugo jautri\u0105 od\u0105.","robots":{"index":"index","follow":"follow","max-snippet":"max-snippet:-1","max-image-preview":"max-image-preview:large","max-video-preview":"max-video-preview:-1"},"canonical":"https:\/\/www.malinashop.lt\/en\/shop\/the-pure-lotus-raminamasis-serumas-jeju-lotus-leaf-aloe-70ml\/","og_locale":"en_GB","og_type":"article","og_title":"THE PURE LOTUS raminamasis serumas Jeju Lotus Leaf Aloe, 70ml - MalinaShop.lt J\u016bs\u0173 sveikatai ir gro\u017eiui.","og_description":"Raminantis serumas su baltuoju lotosu ir alaviju intensyviai dr\u0117kina, v\u0117sina saul\u0117s paveikt\u0105 od\u0105, apsaugo nuo i\u0161saus\u0117jimo bei padeda i\u0161laikyti sveik\u0105, \u0161vytin\u010di\u0105 i\u0161vaizd\u0105. Dr\u0117kinamasis serumas po saul\u0117s su baltuoju lotosu ir alaviju \u2013 ramina, dr\u0117kina ir saugo jautri\u0105 od\u0105.","og_url":"https:\/\/www.malinashop.lt\/en\/shop\/the-pure-lotus-raminamasis-serumas-jeju-lotus-leaf-aloe-70ml\/","og_site_name":"MalinaShop.lt J\u016bs\u0173 sveikatai ir gro\u017eiui.","article_modified_time":"2026-02-10T10:13:57+00:00","og_image":[{"width":1000,"height":1000,"url":"https:\/\/www.malinashop.lt\/wp-content\/uploads\/2025\/04\/THE-PURE-LOTUS-raminamasis-serumas-Jeju-Lotus-Leaf-Aloe-70ml.webp","type":"image\/webp"}],"twitter_card":"summary_large_image","schema":{"@context":"https:\/\/schema.org","@graph":[{"@type":"WebPage","@id":"https:\/\/www.malinashop.lt\/en\/shop\/the-pure-lotus-raminamasis-serumas-jeju-lotus-leaf-aloe-70ml\/","url":"https:\/\/www.malinashop.lt\/en\/shop\/the-pure-lotus-raminamasis-serumas-jeju-lotus-leaf-aloe-70ml\/","name":"THE PURE LOTUS raminamasis serumas Jeju Lotus Leaf Aloe, 70ml - MalinaShop.lt J\u016bs\u0173 sveikatai ir gro\u017eiui.","isPartOf":{"@id":"https:\/\/www.malinashop.lt\/en\/#website"},"primaryImageOfPage":{"@id":"https:\/\/www.malinashop.lt\/en\/shop\/the-pure-lotus-raminamasis-serumas-jeju-lotus-leaf-aloe-70ml\/#primaryimage"},"image":{"@id":"https:\/\/www.malinashop.lt\/en\/shop\/the-pure-lotus-raminamasis-serumas-jeju-lotus-leaf-aloe-70ml\/#primaryimage"},"thumbnailUrl":"https:\/\/www.malinashop.lt\/wp-content\/uploads\/2025\/04\/THE-PURE-LOTUS-raminamasis-serumas-Jeju-Lotus-Leaf-Aloe-70ml.webp","datePublished":"2025-04-14T11:22:24+00:00","dateModified":"2026-02-10T10:13:57+00:00","description":"Raminantis serumas su baltuoju lotosu ir alaviju intensyviai dr\u0117kina, v\u0117sina saul\u0117s paveikt\u0105 od\u0105, apsaugo nuo i\u0161saus\u0117jimo bei padeda i\u0161laikyti sveik\u0105, \u0161vytin\u010di\u0105 i\u0161vaizd\u0105. Dr\u0117kinamasis serumas po saul\u0117s su baltuoju lotosu ir alaviju \u2013 ramina, dr\u0117kina ir saugo jautri\u0105 od\u0105.","breadcrumb":{"@id":"https:\/\/www.malinashop.lt\/en\/shop\/the-pure-lotus-raminamasis-serumas-jeju-lotus-leaf-aloe-70ml\/#breadcrumb"},"inLanguage":"en-GB","potentialAction":[{"@type":"ReadAction","target":["https:\/\/www.malinashop.lt\/en\/shop\/the-pure-lotus-raminamasis-serumas-jeju-lotus-leaf-aloe-70ml\/"]}]},{"@type":"ImageObject","inLanguage":"en-GB","@id":"https:\/\/www.malinashop.lt\/en\/shop\/the-pure-lotus-raminamasis-serumas-jeju-lotus-leaf-aloe-70ml\/#primaryimage","url":"https:\/\/www.malinashop.lt\/wp-content\/uploads\/2025\/04\/THE-PURE-LOTUS-raminamasis-serumas-Jeju-Lotus-Leaf-Aloe-70ml.webp","contentUrl":"https:\/\/www.malinashop.lt\/wp-content\/uploads\/2025\/04\/THE-PURE-LOTUS-raminamasis-serumas-Jeju-Lotus-Leaf-Aloe-70ml.webp","width":1000,"height":1000},{"@type":"BreadcrumbList","@id":"https:\/\/www.malinashop.lt\/en\/shop\/the-pure-lotus-raminamasis-serumas-jeju-lotus-leaf-aloe-70ml\/#breadcrumb","itemListElement":[{"@type":"ListItem","position":1,"name":"Home","item":"https:\/\/www.malinashop.lt\/en\/"},{"@type":"ListItem","position":2,"name":"Parduotuv\u0117","item":"https:\/\/www.malinashop.lt\/en\/parduotuve\/"},{"@type":"ListItem","position":3,"name":"THE PURE LOTUS raminamasis serumas Jeju Lotus Leaf Aloe, 70ml"}]},{"@type":"WebSite","@id":"https:\/\/www.malinashop.lt\/en\/#website","url":"https:\/\/www.malinashop.lt\/en\/","name":"COM Group Ecommerce","description":"MalinaShop.lt - Gro\u017eio ir sveikatos produktai i\u0161 patikim\u0173 preki\u0173 \u017eenkl\u0173. Atraskite auk\u0161tos kokyb\u0117s kosmetik\u0105 u\u017e puiki\u0105 kain\u0105.","publisher":{"@id":"https:\/\/www.malinashop.lt\/en\/#organization"},"potentialAction":[{"@type":"SearchAction","target":{"@type":"EntryPoint","urlTemplate":"https:\/\/www.malinashop.lt\/en\/?s={search_term_string}"},"query-input":{"@type":"PropertyValueSpecification","valueRequired":true,"valueName":"search_term_string"}}],"inLanguage":"en-GB"},{"@type":"Organization","@id":"https:\/\/www.malinashop.lt\/en\/#organization","name":"COM Group Ecommerce","url":"https:\/\/www.malinashop.lt\/en\/","logo":{"@type":"ImageObject","inLanguage":"en-GB","@id":"https:\/\/www.malinashop.lt\/en\/#\/schema\/logo\/image\/","url":"https:\/\/www.malinashop.lt\/wp-content\/uploads\/2024\/08\/462559670_3787732518133670_9795632669273463_n-e1731525914575.png","contentUrl":"https:\/\/www.malinashop.lt\/wp-content\/uploads\/2024\/08\/462559670_3787732518133670_9795632669273463_n-e1731525914575.png","width":180,"height":60,"caption":"COM Group Ecommerce"},"image":{"@id":"https:\/\/www.malinashop.lt\/en\/#\/schema\/logo\/image\/"}}]}},"jetpack_sharing_enabled":true,"_links":{"self":[{"href":"https:\/\/www.malinashop.lt\/en\/wp-json\/wp\/v2\/product\/54176","targetHints":{"allow":["GET"]}}],"collection":[{"href":"https:\/\/www.malinashop.lt\/en\/wp-json\/wp\/v2\/product"}],"about":[{"href":"https:\/\/www.malinashop.lt\/en\/wp-json\/wp\/v2\/types\/product"}],"version-history":[{"count":1,"href":"https:\/\/www.malinashop.lt\/en\/wp-json\/wp\/v2\/product\/54176\/revisions"}],"predecessor-version":[{"id":54179,"href":"https:\/\/www.malinashop.lt\/en\/wp-json\/wp\/v2\/product\/54176\/revisions\/54179"}],"wp:featuredmedia":[{"embeddable":true,"href":"https:\/\/www.malinashop.lt\/en\/wp-json\/wp\/v2\/media\/54178"}],"wp:attachment":[{"href":"https:\/\/www.malinashop.lt\/en\/wp-json\/wp\/v2\/media?parent=54176"}],"wp:term":[{"taxonomy":"product_brand","embeddable":true,"href":"https:\/\/www.malinashop.lt\/en\/wp-json\/wp\/v2\/product_brand?post=54176"},{"taxonomy":"product_cat","embeddable":true,"href":"https:\/\/www.malinashop.lt\/en\/wp-json\/wp\/v2\/product_cat?post=54176"},{"taxonomy":"product_tag","embeddable":true,"href":"https:\/\/www.malinashop.lt\/en\/wp-json\/wp\/v2\/product_tag?post=54176"}],"curies":[{"name":"wp","href":"https:\/\/api.w.org\/{rel}","templated":true}]}}