{"id":54170,"date":"2025-04-14T14:15:24","date_gmt":"2025-04-14T11:15:24","guid":{"rendered":"https:\/\/malinashop.lt\/?post_type=product&#038;p=54170"},"modified":"2026-02-10T13:13:57","modified_gmt":"2026-02-10T10:13:57","slug":"apsauginis-kremas-nuo-saules-jeju-botanical-hydro-boost-50-ml-spf50-pa","status":"publish","type":"product","link":"https:\/\/www.malinashop.lt\/en\/shop\/apsauginis-kremas-nuo-saules-jeju-botanical-hydro-boost-50-ml-spf50-pa\/","title":{"rendered":"Apsauginis kremas nuo saul\u0117s Jeju Botanical Hydro Boost, 50 ml SPF50+ PA++++"},"content":{"rendered":"<p class=\"\" data-start=\"0\" data-end=\"29\"><strong data-start=\"0\" data-end=\"29\">I\u0161siuntimas per 2\u20134 d. d.<\/strong><\/p>\n<h3 class=\"\" data-start=\"31\" data-end=\"112\">Nat\u016bralus SPF 50+ apsauginis veido kremas su Jeju ekstraktais \u2013 jautriai odai<\/h3>\n<p class=\"\" data-start=\"114\" data-end=\"385\">Atraskite naujos kartos hipoalergin\u012f apsaugin\u012f krem\u0105 nuo saul\u0117s, kuris tinka visiems odos tipams \u2013 net ir itin jautriai. \u0160velni, bet efektyvi formul\u0117 u\u017etikrina ilgalaik\u0119 apsaug\u0105 nuo \u017ealing\u0173 UVA ir UVB spinduli\u0173, dr\u0117kina, skaistina ir saugo nuo pirm\u0173j\u0173 sen\u0117jimo po\u017eymi\u0173.<\/p>\n<p class=\"\" data-start=\"387\" data-end=\"574\"><strong data-start=\"387\" data-end=\"424\">Auk\u0161to lygio apsauga be dirginimo<\/strong><br data-start=\"424\" data-end=\"427\" \/>Kremas turi SPF 50+ PA++++ apsaug\u0105, ta\u010diau d\u0117l \u0161velni\u0173 ingredient\u0173 nedirgina aki\u0173 zonos, tod\u0117l puikiai tinka kasdieniam naudojimui i\u0161tisus metus.<\/p>\n<p class=\"\" data-start=\"576\" data-end=\"708\"><strong data-start=\"576\" data-end=\"612\">Nealergizuojanti, \u0161velni sud\u0117tis<\/strong><br data-start=\"612\" data-end=\"615\" \/>Sud\u0117tyje n\u0117ra kenksming\u0173 chemini\u0173 UV filtr\u0173, tod\u0117l produktas tinka net ir jautriausiai odai.<\/p>\n<p class=\"\" data-start=\"710\" data-end=\"867\"><strong data-start=\"710\" data-end=\"755\">Nepalieka balt\u0173 ruo\u017e\u0173 ir riebios pl\u0117vel\u0117s<\/strong><br data-start=\"755\" data-end=\"758\" \/>Kremo lengva, gaivi tekst\u016bra greitai \u012fsigeria ir nepalieka riebumo ar lipnumo \u2013 tai ideali baz\u0117 po makia\u017eu.<\/p>\n<h3 class=\"\" data-start=\"869\" data-end=\"896\">Aktyvieji ingredientai:<\/h3>\n<ul data-start=\"898\" data-end=\"1239\">\n<li class=\"\" data-start=\"898\" data-end=\"977\">\n<p class=\"\" data-start=\"900\" data-end=\"977\"><strong data-start=\"900\" data-end=\"931\">Jeju lotoso lap\u0173 ekstraktas<\/strong> \u2013 ramina, dr\u0117kina ir \u0161viesina pavargusi\u0105 od\u0105.<\/p>\n<\/li>\n<li class=\"\" data-start=\"978\" data-end=\"1057\">\n<p class=\"\" data-start=\"980\" data-end=\"1057\"><strong data-start=\"980\" data-end=\"1007\">Jeju lavos j\u016bros vanduo<\/strong> \u2013 praturtintas mineralais, saugo dr\u0117gm\u0117s balans\u0105.<\/p>\n<\/li>\n<li class=\"\" data-start=\"1058\" data-end=\"1158\">\n<p class=\"\" data-start=\"1060\" data-end=\"1158\"><strong data-start=\"1060\" data-end=\"1088\">\u017daliosios arbatos vanduo<\/strong> \u2013 pasi\u017eymi prie\u0161u\u017edegimin\u0117mis savyb\u0117mis, puikiai tinka jautriai odai.<\/p>\n<\/li>\n<li class=\"\" data-start=\"1159\" data-end=\"1236\">\n<p class=\"\" data-start=\"1161\" data-end=\"1236\"><strong data-start=\"1161\" data-end=\"1189\">Jeju brokoliai ir morkos<\/strong> \u2013 suteikia energijos, mink\u0161tina \u0161iurk\u0161\u010di\u0105 od\u0105.<\/p>\n<\/li>\n<\/ul>\n<h3 class=\"\" data-start=\"1240\" data-end=\"1269\">Kuo \u0161is kremas ypatingas?<\/h3>\n<ul data-start=\"1271\" data-end=\"1598\">\n<li class=\"\" data-start=\"1271\" data-end=\"1362\">\n<p class=\"\" data-start=\"1273\" data-end=\"1362\">Trigubas efektas: <strong data-start=\"1291\" data-end=\"1362\">apsauga nuo UV spinduli\u0173, prie\u0161rauk\u0161linis ir skaistinantis poveikis<\/strong><\/p>\n<\/li>\n<li class=\"\" data-start=\"1363\" data-end=\"1388\">\n<p class=\"\" data-start=\"1365\" data-end=\"1388\">Nepalieka balt\u0173 p\u0117dsak\u0173<\/p>\n<\/li>\n<li class=\"\" data-start=\"1389\" data-end=\"1421\">\n<p class=\"\" data-start=\"1391\" data-end=\"1421\">Nedirgina odos ir aki\u0173 srities<\/p>\n<\/li>\n<li class=\"\" data-start=\"1422\" data-end=\"1463\">\n<p class=\"\" data-start=\"1424\" data-end=\"1463\">Tinka kasdieniam naudojimui visus metus<\/p>\n<\/li>\n<li class=\"\" data-start=\"1464\" data-end=\"1509\">\n<p class=\"\" data-start=\"1466\" data-end=\"1509\">Dermatologi\u0161kai patvirtintas, hipoalerginis<\/p>\n<\/li>\n<li class=\"\" data-start=\"1510\" data-end=\"1559\">\n<p class=\"\" data-start=\"1512\" data-end=\"1559\">Draugi\u0161kas vandenynui \u2013 be kenksming\u0173 UV filtr\u0173<\/p>\n<\/li>\n<li class=\"\" data-start=\"1560\" data-end=\"1598\">\n<p class=\"\" data-start=\"1562\" data-end=\"1598\">Pakuot\u0117 i\u0161 perdirbamo FSC popieriaus<\/p>\n<\/li>\n<\/ul>\n<h3 class=\"\" data-start=\"1600\" data-end=\"1615\">Naudojimas:<\/h3>\n<p class=\"\" data-start=\"1616\" data-end=\"1829\">Naudokite kaip paskutin\u012f odos prie\u017ei\u016bros \u017eingsn\u012f. Tolygiai paskirstykite krem\u0105 ant veido, kaklo ir kit\u0173 atvir\u0173 viet\u0173. Jei ilgai b\u016bnate saul\u0117je \u2013 pakartokite kas 3 val. Patariama tepti ma\u017eais kiekiais, bet da\u017eniau.<\/p>\n<h3 class=\"\" data-start=\"1831\" data-end=\"1850\">Rekomenduojama:<\/h3>\n<ul data-start=\"1851\" data-end=\"2062\">\n<li class=\"\" data-start=\"1851\" data-end=\"1905\">\n<p class=\"\" data-start=\"1853\" data-end=\"1905\">Ie\u0161kantiems lengvo, neriebaus ir nedirginan\u010dio kremo<\/p>\n<\/li>\n<li class=\"\" data-start=\"1906\" data-end=\"2008\">\n<p class=\"\" data-start=\"1908\" data-end=\"2008\">Tiems, kurie nori vienu produktu spr\u0119sti kelias problemas: UV apsaug\u0105, dr\u0117kinim\u0105 ir odos atgaivinim\u0105<\/p>\n<\/li>\n<li class=\"\" data-start=\"2009\" data-end=\"2062\">\n<p class=\"\" data-start=\"2011\" data-end=\"2062\">Visiems, kurie r\u016bpinasi tiek savo oda, tiek aplinka<\/p>\n<\/li>\n<\/ul>\n","protected":false},"excerpt":{"rendered":"<p>Hipoalerginis vis\u0173 sezon\u0173 veido kremas \u2013 kv\u0117puojanti apsauga jautriai odai i\u0161tisus metus.<\/p>\n","protected":false},"featured_media":54173,"template":"","meta":[],"product_brand":[1318],"product_cat":[772,731],"product_tag":[1625],"class_list":{"0":"post-54170","1":"product","2":"type-product","3":"status-publish","4":"has-post-thumbnail","6":"product_brand-the-pure-lotus","7":"product_cat-apsauga-nuo-saules","8":"product_cat-kunui","9":"product_tag-the-pure-lotus","11":"first","12":"outofstock","13":"taxable","14":"shipping-taxable","15":"purchasable","16":"product-type-simple"},"yoast_head":"<!-- This site is optimized with the Yoast SEO plugin v27.4 - https:\/\/yoast.com\/product\/yoast-seo-wordpress\/ -->\n<title>Apsauginis kremas nuo saul\u0117s Jeju Botanical Hydro Boost, 50 ml SPF50+ PA++++ - MalinaShop.lt J\u016bs\u0173 sveikatai ir gro\u017eiui.<\/title>\n<meta name=\"description\" content=\"Hipoalerginis vis\u0173 sezon\u0173 veido kremas \u2013 kv\u0117puojanti apsauga jautriai odai i\u0161tisus metus. Hipoalerginis SPF 50+ veido kremas su Jeju ekstraktais \u2013 apsauga, dr\u0117kinimas ir skaistinimas viename. Tinka jautriai odai.\" \/>\n<meta name=\"robots\" content=\"index, follow, max-snippet:-1, max-image-preview:large, max-video-preview:-1\" \/>\n<link rel=\"canonical\" href=\"https:\/\/www.malinashop.lt\/en\/shop\/apsauginis-kremas-nuo-saules-jeju-botanical-hydro-boost-50-ml-spf50-pa\/\" \/>\n<meta property=\"og:locale\" content=\"en_GB\" \/>\n<meta property=\"og:type\" content=\"article\" \/>\n<meta property=\"og:title\" content=\"Apsauginis kremas nuo saul\u0117s Jeju Botanical Hydro Boost, 50 ml SPF50+ PA++++ - MalinaShop.lt J\u016bs\u0173 sveikatai ir gro\u017eiui.\" \/>\n<meta property=\"og:description\" content=\"Hipoalerginis vis\u0173 sezon\u0173 veido kremas \u2013 kv\u0117puojanti apsauga jautriai odai i\u0161tisus metus. Hipoalerginis SPF 50+ veido kremas su Jeju ekstraktais \u2013 apsauga, dr\u0117kinimas ir skaistinimas viename. Tinka jautriai odai.\" \/>\n<meta property=\"og:url\" content=\"https:\/\/www.malinashop.lt\/en\/shop\/apsauginis-kremas-nuo-saules-jeju-botanical-hydro-boost-50-ml-spf50-pa\/\" \/>\n<meta property=\"og:site_name\" content=\"MalinaShop.lt J\u016bs\u0173 sveikatai ir gro\u017eiui.\" \/>\n<meta property=\"article:modified_time\" content=\"2026-02-10T10:13:57+00:00\" \/>\n<meta property=\"og:image\" content=\"https:\/\/www.malinashop.lt\/wp-content\/uploads\/2025\/04\/Apsauginis-kremas-nuo-saules-Jeju-Botanical-Hydro-Boost-50-ml-SPF50-PA-1.webp\" \/>\n\t<meta property=\"og:image:width\" content=\"1920\" \/>\n\t<meta property=\"og:image:height\" content=\"2560\" \/>\n\t<meta property=\"og:image:type\" content=\"image\/webp\" \/>\n<meta name=\"twitter:card\" content=\"summary_large_image\" \/>\n<script type=\"application\/ld+json\" class=\"yoast-schema-graph\">{\"@context\":\"https:\\\/\\\/schema.org\",\"@graph\":[{\"@type\":\"WebPage\",\"@id\":\"https:\\\/\\\/www.malinashop.lt\\\/lt_lt\\\/shop\\\/apsauginis-kremas-nuo-saules-jeju-botanical-hydro-boost-50-ml-spf50-pa\\\/\",\"url\":\"https:\\\/\\\/www.malinashop.lt\\\/lt_lt\\\/shop\\\/apsauginis-kremas-nuo-saules-jeju-botanical-hydro-boost-50-ml-spf50-pa\\\/\",\"name\":\"Apsauginis kremas nuo saul\u0117s Jeju Botanical Hydro Boost, 50 ml SPF50+ PA++++ - MalinaShop.lt J\u016bs\u0173 sveikatai ir gro\u017eiui.\",\"isPartOf\":{\"@id\":\"https:\\\/\\\/www.malinashop.lt\\\/#website\"},\"primaryImageOfPage\":{\"@id\":\"https:\\\/\\\/www.malinashop.lt\\\/lt_lt\\\/shop\\\/apsauginis-kremas-nuo-saules-jeju-botanical-hydro-boost-50-ml-spf50-pa\\\/#primaryimage\"},\"image\":{\"@id\":\"https:\\\/\\\/www.malinashop.lt\\\/lt_lt\\\/shop\\\/apsauginis-kremas-nuo-saules-jeju-botanical-hydro-boost-50-ml-spf50-pa\\\/#primaryimage\"},\"thumbnailUrl\":\"https:\\\/\\\/www.malinashop.lt\\\/wp-content\\\/uploads\\\/2025\\\/04\\\/Apsauginis-kremas-nuo-saules-Jeju-Botanical-Hydro-Boost-50-ml-SPF50-PA-1.webp\",\"datePublished\":\"2025-04-14T11:15:24+00:00\",\"dateModified\":\"2026-02-10T10:13:57+00:00\",\"description\":\"Hipoalerginis vis\u0173 sezon\u0173 veido kremas \u2013 kv\u0117puojanti apsauga jautriai odai i\u0161tisus metus. Hipoalerginis SPF 50+ veido kremas su Jeju ekstraktais \u2013 apsauga, dr\u0117kinimas ir skaistinimas viename. Tinka jautriai odai.\",\"breadcrumb\":{\"@id\":\"https:\\\/\\\/www.malinashop.lt\\\/lt_lt\\\/shop\\\/apsauginis-kremas-nuo-saules-jeju-botanical-hydro-boost-50-ml-spf50-pa\\\/#breadcrumb\"},\"inLanguage\":\"en-GB\",\"potentialAction\":[{\"@type\":\"ReadAction\",\"target\":[\"https:\\\/\\\/www.malinashop.lt\\\/lt_lt\\\/shop\\\/apsauginis-kremas-nuo-saules-jeju-botanical-hydro-boost-50-ml-spf50-pa\\\/\"]}]},{\"@type\":\"ImageObject\",\"inLanguage\":\"en-GB\",\"@id\":\"https:\\\/\\\/www.malinashop.lt\\\/lt_lt\\\/shop\\\/apsauginis-kremas-nuo-saules-jeju-botanical-hydro-boost-50-ml-spf50-pa\\\/#primaryimage\",\"url\":\"https:\\\/\\\/www.malinashop.lt\\\/wp-content\\\/uploads\\\/2025\\\/04\\\/Apsauginis-kremas-nuo-saules-Jeju-Botanical-Hydro-Boost-50-ml-SPF50-PA-1.webp\",\"contentUrl\":\"https:\\\/\\\/www.malinashop.lt\\\/wp-content\\\/uploads\\\/2025\\\/04\\\/Apsauginis-kremas-nuo-saules-Jeju-Botanical-Hydro-Boost-50-ml-SPF50-PA-1.webp\",\"width\":1920,\"height\":2560},{\"@type\":\"BreadcrumbList\",\"@id\":\"https:\\\/\\\/www.malinashop.lt\\\/lt_lt\\\/shop\\\/apsauginis-kremas-nuo-saules-jeju-botanical-hydro-boost-50-ml-spf50-pa\\\/#breadcrumb\",\"itemListElement\":[{\"@type\":\"ListItem\",\"position\":1,\"name\":\"Pagrindinis\",\"item\":\"https:\\\/\\\/www.malinashop.lt\\\/\"},{\"@type\":\"ListItem\",\"position\":2,\"name\":\"Parduotuv\u0117\",\"item\":\"https:\\\/\\\/www.malinashop.lt\\\/en\\\/parduotuve\\\/\"},{\"@type\":\"ListItem\",\"position\":3,\"name\":\"Apsauginis kremas nuo saul\u0117s Jeju Botanical Hydro Boost, 50 ml SPF50+ PA++++\"}]},{\"@type\":\"WebSite\",\"@id\":\"https:\\\/\\\/www.malinashop.lt\\\/#website\",\"url\":\"https:\\\/\\\/www.malinashop.lt\\\/\",\"name\":\"COM Group Ecommerce\",\"description\":\"MalinaShop.lt - Gro\u017eio ir sveikatos produktai i\u0161 patikim\u0173 preki\u0173 \u017eenkl\u0173. Atraskite auk\u0161tos kokyb\u0117s kosmetik\u0105 u\u017e puiki\u0105 kain\u0105.\",\"publisher\":{\"@id\":\"https:\\\/\\\/www.malinashop.lt\\\/#organization\"},\"potentialAction\":[{\"@type\":\"SearchAction\",\"target\":{\"@type\":\"EntryPoint\",\"urlTemplate\":\"https:\\\/\\\/www.malinashop.lt\\\/?s={search_term_string}\"},\"query-input\":{\"@type\":\"PropertyValueSpecification\",\"valueRequired\":true,\"valueName\":\"search_term_string\"}}],\"inLanguage\":\"en-GB\"},{\"@type\":\"Organization\",\"@id\":\"https:\\\/\\\/www.malinashop.lt\\\/#organization\",\"name\":\"COM Group Ecommerce\",\"url\":\"https:\\\/\\\/www.malinashop.lt\\\/\",\"logo\":{\"@type\":\"ImageObject\",\"inLanguage\":\"en-GB\",\"@id\":\"https:\\\/\\\/www.malinashop.lt\\\/#\\\/schema\\\/logo\\\/image\\\/\",\"url\":\"https:\\\/\\\/www.malinashop.lt\\\/wp-content\\\/uploads\\\/2024\\\/08\\\/462559670_3787732518133670_9795632669273463_n-e1731525914575.png\",\"contentUrl\":\"https:\\\/\\\/www.malinashop.lt\\\/wp-content\\\/uploads\\\/2024\\\/08\\\/462559670_3787732518133670_9795632669273463_n-e1731525914575.png\",\"width\":180,\"height\":60,\"caption\":\"COM Group Ecommerce\"},\"image\":{\"@id\":\"https:\\\/\\\/www.malinashop.lt\\\/#\\\/schema\\\/logo\\\/image\\\/\"}}]}<\/script>\n<!-- \/ Yoast SEO plugin. -->","yoast_head_json":{"title":"Apsauginis kremas nuo saul\u0117s Jeju Botanical Hydro Boost, 50 ml SPF50+ PA++++ - MalinaShop.lt J\u016bs\u0173 sveikatai ir gro\u017eiui.","description":"Hipoalerginis vis\u0173 sezon\u0173 veido kremas \u2013 kv\u0117puojanti apsauga jautriai odai i\u0161tisus metus. Hipoalerginis SPF 50+ veido kremas su Jeju ekstraktais \u2013 apsauga, dr\u0117kinimas ir skaistinimas viename. Tinka jautriai odai.","robots":{"index":"index","follow":"follow","max-snippet":"max-snippet:-1","max-image-preview":"max-image-preview:large","max-video-preview":"max-video-preview:-1"},"canonical":"https:\/\/www.malinashop.lt\/en\/shop\/apsauginis-kremas-nuo-saules-jeju-botanical-hydro-boost-50-ml-spf50-pa\/","og_locale":"en_GB","og_type":"article","og_title":"Apsauginis kremas nuo saul\u0117s Jeju Botanical Hydro Boost, 50 ml SPF50+ PA++++ - MalinaShop.lt J\u016bs\u0173 sveikatai ir gro\u017eiui.","og_description":"Hipoalerginis vis\u0173 sezon\u0173 veido kremas \u2013 kv\u0117puojanti apsauga jautriai odai i\u0161tisus metus. Hipoalerginis SPF 50+ veido kremas su Jeju ekstraktais \u2013 apsauga, dr\u0117kinimas ir skaistinimas viename. Tinka jautriai odai.","og_url":"https:\/\/www.malinashop.lt\/en\/shop\/apsauginis-kremas-nuo-saules-jeju-botanical-hydro-boost-50-ml-spf50-pa\/","og_site_name":"MalinaShop.lt J\u016bs\u0173 sveikatai ir gro\u017eiui.","article_modified_time":"2026-02-10T10:13:57+00:00","og_image":[{"width":1920,"height":2560,"url":"https:\/\/www.malinashop.lt\/wp-content\/uploads\/2025\/04\/Apsauginis-kremas-nuo-saules-Jeju-Botanical-Hydro-Boost-50-ml-SPF50-PA-1.webp","type":"image\/webp"}],"twitter_card":"summary_large_image","schema":{"@context":"https:\/\/schema.org","@graph":[{"@type":"WebPage","@id":"https:\/\/www.malinashop.lt\/lt_lt\/shop\/apsauginis-kremas-nuo-saules-jeju-botanical-hydro-boost-50-ml-spf50-pa\/","url":"https:\/\/www.malinashop.lt\/lt_lt\/shop\/apsauginis-kremas-nuo-saules-jeju-botanical-hydro-boost-50-ml-spf50-pa\/","name":"Apsauginis kremas nuo saul\u0117s Jeju Botanical Hydro Boost, 50 ml SPF50+ PA++++ - MalinaShop.lt J\u016bs\u0173 sveikatai ir gro\u017eiui.","isPartOf":{"@id":"https:\/\/www.malinashop.lt\/#website"},"primaryImageOfPage":{"@id":"https:\/\/www.malinashop.lt\/lt_lt\/shop\/apsauginis-kremas-nuo-saules-jeju-botanical-hydro-boost-50-ml-spf50-pa\/#primaryimage"},"image":{"@id":"https:\/\/www.malinashop.lt\/lt_lt\/shop\/apsauginis-kremas-nuo-saules-jeju-botanical-hydro-boost-50-ml-spf50-pa\/#primaryimage"},"thumbnailUrl":"https:\/\/www.malinashop.lt\/wp-content\/uploads\/2025\/04\/Apsauginis-kremas-nuo-saules-Jeju-Botanical-Hydro-Boost-50-ml-SPF50-PA-1.webp","datePublished":"2025-04-14T11:15:24+00:00","dateModified":"2026-02-10T10:13:57+00:00","description":"Hipoalerginis vis\u0173 sezon\u0173 veido kremas \u2013 kv\u0117puojanti apsauga jautriai odai i\u0161tisus metus. Hipoalerginis SPF 50+ veido kremas su Jeju ekstraktais \u2013 apsauga, dr\u0117kinimas ir skaistinimas viename. Tinka jautriai odai.","breadcrumb":{"@id":"https:\/\/www.malinashop.lt\/lt_lt\/shop\/apsauginis-kremas-nuo-saules-jeju-botanical-hydro-boost-50-ml-spf50-pa\/#breadcrumb"},"inLanguage":"en-GB","potentialAction":[{"@type":"ReadAction","target":["https:\/\/www.malinashop.lt\/lt_lt\/shop\/apsauginis-kremas-nuo-saules-jeju-botanical-hydro-boost-50-ml-spf50-pa\/"]}]},{"@type":"ImageObject","inLanguage":"en-GB","@id":"https:\/\/www.malinashop.lt\/lt_lt\/shop\/apsauginis-kremas-nuo-saules-jeju-botanical-hydro-boost-50-ml-spf50-pa\/#primaryimage","url":"https:\/\/www.malinashop.lt\/wp-content\/uploads\/2025\/04\/Apsauginis-kremas-nuo-saules-Jeju-Botanical-Hydro-Boost-50-ml-SPF50-PA-1.webp","contentUrl":"https:\/\/www.malinashop.lt\/wp-content\/uploads\/2025\/04\/Apsauginis-kremas-nuo-saules-Jeju-Botanical-Hydro-Boost-50-ml-SPF50-PA-1.webp","width":1920,"height":2560},{"@type":"BreadcrumbList","@id":"https:\/\/www.malinashop.lt\/lt_lt\/shop\/apsauginis-kremas-nuo-saules-jeju-botanical-hydro-boost-50-ml-spf50-pa\/#breadcrumb","itemListElement":[{"@type":"ListItem","position":1,"name":"Pagrindinis","item":"https:\/\/www.malinashop.lt\/"},{"@type":"ListItem","position":2,"name":"Parduotuv\u0117","item":"https:\/\/www.malinashop.lt\/en\/parduotuve\/"},{"@type":"ListItem","position":3,"name":"Apsauginis kremas nuo saul\u0117s Jeju Botanical Hydro Boost, 50 ml SPF50+ PA++++"}]},{"@type":"WebSite","@id":"https:\/\/www.malinashop.lt\/#website","url":"https:\/\/www.malinashop.lt\/","name":"COM Group Ecommerce","description":"MalinaShop.lt - Gro\u017eio ir sveikatos produktai i\u0161 patikim\u0173 preki\u0173 \u017eenkl\u0173. Atraskite auk\u0161tos kokyb\u0117s kosmetik\u0105 u\u017e puiki\u0105 kain\u0105.","publisher":{"@id":"https:\/\/www.malinashop.lt\/#organization"},"potentialAction":[{"@type":"SearchAction","target":{"@type":"EntryPoint","urlTemplate":"https:\/\/www.malinashop.lt\/?s={search_term_string}"},"query-input":{"@type":"PropertyValueSpecification","valueRequired":true,"valueName":"search_term_string"}}],"inLanguage":"en-GB"},{"@type":"Organization","@id":"https:\/\/www.malinashop.lt\/#organization","name":"COM Group Ecommerce","url":"https:\/\/www.malinashop.lt\/","logo":{"@type":"ImageObject","inLanguage":"en-GB","@id":"https:\/\/www.malinashop.lt\/#\/schema\/logo\/image\/","url":"https:\/\/www.malinashop.lt\/wp-content\/uploads\/2024\/08\/462559670_3787732518133670_9795632669273463_n-e1731525914575.png","contentUrl":"https:\/\/www.malinashop.lt\/wp-content\/uploads\/2024\/08\/462559670_3787732518133670_9795632669273463_n-e1731525914575.png","width":180,"height":60,"caption":"COM Group Ecommerce"},"image":{"@id":"https:\/\/www.malinashop.lt\/#\/schema\/logo\/image\/"}}]}},"jetpack_sharing_enabled":true,"_links":{"self":[{"href":"https:\/\/www.malinashop.lt\/en\/wp-json\/wp\/v2\/product\/54170","targetHints":{"allow":["GET"]}}],"collection":[{"href":"https:\/\/www.malinashop.lt\/en\/wp-json\/wp\/v2\/product"}],"about":[{"href":"https:\/\/www.malinashop.lt\/en\/wp-json\/wp\/v2\/types\/product"}],"version-history":[{"count":1,"href":"https:\/\/www.malinashop.lt\/en\/wp-json\/wp\/v2\/product\/54170\/revisions"}],"predecessor-version":[{"id":54175,"href":"https:\/\/www.malinashop.lt\/en\/wp-json\/wp\/v2\/product\/54170\/revisions\/54175"}],"wp:featuredmedia":[{"embeddable":true,"href":"https:\/\/www.malinashop.lt\/en\/wp-json\/wp\/v2\/media\/54173"}],"wp:attachment":[{"href":"https:\/\/www.malinashop.lt\/en\/wp-json\/wp\/v2\/media?parent=54170"}],"wp:term":[{"taxonomy":"product_brand","embeddable":true,"href":"https:\/\/www.malinashop.lt\/en\/wp-json\/wp\/v2\/product_brand?post=54170"},{"taxonomy":"product_cat","embeddable":true,"href":"https:\/\/www.malinashop.lt\/en\/wp-json\/wp\/v2\/product_cat?post=54170"},{"taxonomy":"product_tag","embeddable":true,"href":"https:\/\/www.malinashop.lt\/en\/wp-json\/wp\/v2\/product_tag?post=54170"}],"curies":[{"name":"wp","href":"https:\/\/api.w.org\/{rel}","templated":true}]}}