{"id":54159,"date":"2025-04-14T13:42:32","date_gmt":"2025-04-14T10:42:32","guid":{"rendered":"https:\/\/malinashop.lt\/?post_type=product&#038;p=54159"},"modified":"2026-02-10T13:13:58","modified_gmt":"2026-02-10T10:13:58","slug":"the-pure-lotus-esencija-jeju-lotus-leaf-essence-125ml","status":"publish","type":"product","link":"https:\/\/www.malinashop.lt\/en\/shop\/the-pure-lotus-esencija-jeju-lotus-leaf-essence-125ml\/","title":{"rendered":"THE PURE LOTUS esencija Jeju Lotus Leaf Essence, 125ml"},"content":{"rendered":"<p class=\"\" data-start=\"121\" data-end=\"148\">\ud83d\udce6 I\u0161siuntimas per 2\/4 d.d.<\/p>\n<h3 class=\"\" data-start=\"107\" data-end=\"213\"><strong data-start=\"111\" data-end=\"213\">Jeju Lotus Leaf Essence \u2013 stipraus poveikio dr\u0117kinamoji esencija pavargusiai ir i\u0161saus\u0117jusiai odai<\/strong><\/h3>\n<p class=\"\" data-start=\"215\" data-end=\"503\">Atraskite intensyv\u0173 dr\u0117kinim\u0105 ir \u0161vyt\u0117jim\u0105 su <strong data-start=\"261\" data-end=\"288\">Jeju Lotus Leaf Essence<\/strong>, kurios sud\u0117tyje \u2013 net <strong data-start=\"312\" data-end=\"344\">85,5 % lotoso lap\u0173 ekstrakto<\/strong> i\u0161 tyrumu gars\u0117jan\u010dios Jeju salos. \u0160i galinga veiklioji med\u017eiaga pripildo od\u0105 antioksidant\u0173, nuramina, atkuria gyvybingum\u0105 bei padeda kovoti su aplinkos \u017eala.<\/p>\n<p class=\"\" data-start=\"505\" data-end=\"682\"><strong data-start=\"505\" data-end=\"521\">Niacinamidas<\/strong> \u0161viesina pigmentines d\u0117mes, o <strong data-start=\"552\" data-end=\"566\">adenozinas<\/strong> lygina rauk\u0161les bei gerina odos stangrum\u0105. Tinka visiems odos tipams, ypa\u010d \u2013 riebiai, jautriai ir pavargusiai odai.<\/p>\n<h4 class=\"\" data-start=\"684\" data-end=\"715\"><strong data-start=\"689\" data-end=\"715\">Kod\u0117l verta i\u0161bandyti?<\/strong><\/h4>\n<p class=\"\" data-start=\"716\" data-end=\"993\">\u2022 85,5 % lotoso lap\u0173 ekstrakto \u2013 galingas dr\u0117kinimas ir atk\u016brimas<br data-start=\"781\" data-end=\"784\" \/>\u2022 Pastebimai suma\u017eina smulkias rauk\u0161leles ir pigmentacij\u0105<br data-start=\"841\" data-end=\"844\" \/>\u2022 Skatina nat\u016brali\u0105 regeneracij\u0105 ir l\u0105steli\u0173 atsinaujinim\u0105<br data-start=\"902\" data-end=\"905\" \/>\u2022 Nekem\u0161a por\u0173, neapsunkina odos<br data-start=\"937\" data-end=\"940\" \/>\u2022 Gaivus, nat\u016bralus \u0161vyt\u0117jimas po kiekvieno naudojimo<\/p>\n<h4 class=\"\" data-start=\"995\" data-end=\"1017\"><strong data-start=\"1000\" data-end=\"1015\">Naudojimas:<\/strong><\/h4>\n<p class=\"\" data-start=\"1018\" data-end=\"1170\">U\u017ela\u0161inkite kelet\u0105 la\u0161\u0173 ant vatos diskelio arba deln\u0173 ir \u0161velniai tap\u0161nokite ant \u0161varios veido, kaklo ir dekolt\u0117 odos. Naudokite kasdien ryte ir vakare.<\/p>\n<p>Sud\u0117tis:<\/p>\n<p>Nelumbo Nucifera Leaf Extract, Glycerin, 1,2-Hexanediol, Butylene Glycol, Niacinamide, Hydrogenated Poly(C6-14 Olefin), Glyceryl Oleate Citrate, Water, Caprylyl Glycol, Ethylhexylglycerin, Caprylic\/Capric Triglyceride, Carbomer, Tromethamine, Xanthan Gum, Adenosine, Citrus Limon (Lemon) Peel Oil, Disodium EDTA, Lavandula Angustifolia (Lavender) Oil, Citrus Aurantium Dulcis (Orange) Peel Oil, Octyldodecanol, Bacillus\/Soybean Ferment Extract, Folic Acid, Hippophae Rhamnoides Fruit Oil, Pelargonium Graveolens Flower Oil, Glyceryl Polymethacrylate, Sodium Hyaluronate, Ribes Nigrum (Black Currant) Seed Oil, Propylene Glycol, Citrus Unshiu Peel Extract, Orchid Extract, Camellia Sinensis Leaf Extract, Camellia Japonica Leaf Extract, Opuntia Coccinellifera Fruit Extract, Hydrogenated Lecithin, Ceramide NP, Helianthus Annuus (Sunflower) Seed Oil Unsaponifiables, Sodium Lactate, Tocopherol, Cardiospermum Halicacabum Flower\/Leaf\/Vine Extract, Helianthus Annuus (Sunflower) Seed Oil, Rosmarinus Officinalis (Rosemary) Leaf Extract, Palmitoyl Tripeptide-1, Limonene, Citral, Citronellol, Geraniol, Linalool<\/p>\n","protected":false},"excerpt":{"rendered":"<p>Multifunkcin\u0117 esencija atkuria odos pH balans\u0105, intensyviai dr\u0117kina ir stiprina apsaugin\u012f barjer\u0105, saugodama nuo \u017ealingo aplinkos poveikio.<\/p>\n","protected":false},"featured_media":54160,"template":"","meta":[],"product_brand":[1318],"product_cat":[537,728],"product_tag":[1625],"class_list":{"0":"post-54159","1":"product","2":"type-product","3":"status-publish","4":"has-post-thumbnail","6":"product_brand-the-pure-lotus","7":"product_cat-veido-valymo-priemones","8":"product_cat-veidui","9":"product_tag-the-pure-lotus","11":"first","12":"outofstock","13":"taxable","14":"shipping-taxable","15":"purchasable","16":"product-type-simple"},"yoast_head":"<!-- This site is optimized with the Yoast SEO plugin v27.4 - https:\/\/yoast.com\/product\/yoast-seo-wordpress\/ -->\n<title>THE PURE LOTUS esencija Jeju Lotus Leaf Essence, 125ml - MalinaShop.lt J\u016bs\u0173 sveikatai ir gro\u017eiui.<\/title>\n<meta name=\"description\" content=\"Multifunkcin\u0117 esencija atkuria odos pH balans\u0105, intensyviai dr\u0117kina ir stiprina apsaugin\u012f barjer\u0105, saugodama nuo \u017ealingo aplinkos poveikio.Jeju Lotus esencija su 85,5 % lotoso ekstraktu \u2013 intensyvus dr\u0117kinimas, \u0161viesesn\u0117 oda ir ma\u017eiau rauk\u0161li\u0173. Puikiai tinka pavargusiai, jautriai odai.\" \/>\n<meta name=\"robots\" content=\"index, follow, max-snippet:-1, max-image-preview:large, max-video-preview:-1\" \/>\n<link rel=\"canonical\" href=\"https:\/\/www.malinashop.lt\/en\/shop\/the-pure-lotus-esencija-jeju-lotus-leaf-essence-125ml\/\" \/>\n<meta property=\"og:locale\" content=\"en_GB\" \/>\n<meta property=\"og:type\" content=\"article\" \/>\n<meta property=\"og:title\" content=\"THE PURE LOTUS esencija Jeju Lotus Leaf Essence, 125ml - MalinaShop.lt J\u016bs\u0173 sveikatai ir gro\u017eiui.\" \/>\n<meta property=\"og:description\" content=\"Multifunkcin\u0117 esencija atkuria odos pH balans\u0105, intensyviai dr\u0117kina ir stiprina apsaugin\u012f barjer\u0105, saugodama nuo \u017ealingo aplinkos poveikio.Jeju Lotus esencija su 85,5 % lotoso ekstraktu \u2013 intensyvus dr\u0117kinimas, \u0161viesesn\u0117 oda ir ma\u017eiau rauk\u0161li\u0173. Puikiai tinka pavargusiai, jautriai odai.\" \/>\n<meta property=\"og:url\" content=\"https:\/\/www.malinashop.lt\/en\/shop\/the-pure-lotus-esencija-jeju-lotus-leaf-essence-125ml\/\" \/>\n<meta property=\"og:site_name\" content=\"MalinaShop.lt J\u016bs\u0173 sveikatai ir gro\u017eiui.\" \/>\n<meta property=\"article:modified_time\" content=\"2026-02-10T10:13:58+00:00\" \/>\n<meta property=\"og:image\" content=\"https:\/\/www.malinashop.lt\/wp-content\/uploads\/2025\/04\/THE-PURE-LOTUS-esencija-Jeju-Lotus-Leaf-Essence-125ml.webp\" \/>\n\t<meta property=\"og:image:width\" content=\"640\" \/>\n\t<meta property=\"og:image:height\" content=\"640\" \/>\n\t<meta property=\"og:image:type\" content=\"image\/webp\" \/>\n<meta name=\"twitter:card\" content=\"summary_large_image\" \/>\n<script type=\"application\/ld+json\" class=\"yoast-schema-graph\">{\"@context\":\"https:\\\/\\\/schema.org\",\"@graph\":[{\"@type\":\"WebPage\",\"@id\":\"https:\\\/\\\/www.malinashop.lt\\\/lt_lt\\\/shop\\\/the-pure-lotus-esencija-jeju-lotus-leaf-essence-125ml\\\/\",\"url\":\"https:\\\/\\\/www.malinashop.lt\\\/lt_lt\\\/shop\\\/the-pure-lotus-esencija-jeju-lotus-leaf-essence-125ml\\\/\",\"name\":\"THE PURE LOTUS esencija Jeju Lotus Leaf Essence, 125ml - MalinaShop.lt J\u016bs\u0173 sveikatai ir gro\u017eiui.\",\"isPartOf\":{\"@id\":\"https:\\\/\\\/www.malinashop.lt\\\/en\\\/#website\"},\"primaryImageOfPage\":{\"@id\":\"https:\\\/\\\/www.malinashop.lt\\\/lt_lt\\\/shop\\\/the-pure-lotus-esencija-jeju-lotus-leaf-essence-125ml\\\/#primaryimage\"},\"image\":{\"@id\":\"https:\\\/\\\/www.malinashop.lt\\\/lt_lt\\\/shop\\\/the-pure-lotus-esencija-jeju-lotus-leaf-essence-125ml\\\/#primaryimage\"},\"thumbnailUrl\":\"https:\\\/\\\/www.malinashop.lt\\\/wp-content\\\/uploads\\\/2025\\\/04\\\/THE-PURE-LOTUS-esencija-Jeju-Lotus-Leaf-Essence-125ml.webp\",\"datePublished\":\"2025-04-14T10:42:32+00:00\",\"dateModified\":\"2026-02-10T10:13:58+00:00\",\"description\":\"Multifunkcin\u0117 esencija atkuria odos pH balans\u0105, intensyviai dr\u0117kina ir stiprina apsaugin\u012f barjer\u0105, saugodama nuo \u017ealingo aplinkos poveikio.Jeju Lotus esencija su 85,5 % lotoso ekstraktu \u2013 intensyvus dr\u0117kinimas, \u0161viesesn\u0117 oda ir ma\u017eiau rauk\u0161li\u0173. Puikiai tinka pavargusiai, jautriai odai.\",\"breadcrumb\":{\"@id\":\"https:\\\/\\\/www.malinashop.lt\\\/lt_lt\\\/shop\\\/the-pure-lotus-esencija-jeju-lotus-leaf-essence-125ml\\\/#breadcrumb\"},\"inLanguage\":\"en-GB\",\"potentialAction\":[{\"@type\":\"ReadAction\",\"target\":[\"https:\\\/\\\/www.malinashop.lt\\\/lt_lt\\\/shop\\\/the-pure-lotus-esencija-jeju-lotus-leaf-essence-125ml\\\/\"]}]},{\"@type\":\"ImageObject\",\"inLanguage\":\"en-GB\",\"@id\":\"https:\\\/\\\/www.malinashop.lt\\\/lt_lt\\\/shop\\\/the-pure-lotus-esencija-jeju-lotus-leaf-essence-125ml\\\/#primaryimage\",\"url\":\"https:\\\/\\\/www.malinashop.lt\\\/wp-content\\\/uploads\\\/2025\\\/04\\\/THE-PURE-LOTUS-esencija-Jeju-Lotus-Leaf-Essence-125ml.webp\",\"contentUrl\":\"https:\\\/\\\/www.malinashop.lt\\\/wp-content\\\/uploads\\\/2025\\\/04\\\/THE-PURE-LOTUS-esencija-Jeju-Lotus-Leaf-Essence-125ml.webp\",\"width\":640,\"height\":640},{\"@type\":\"BreadcrumbList\",\"@id\":\"https:\\\/\\\/www.malinashop.lt\\\/lt_lt\\\/shop\\\/the-pure-lotus-esencija-jeju-lotus-leaf-essence-125ml\\\/#breadcrumb\",\"itemListElement\":[{\"@type\":\"ListItem\",\"position\":1,\"name\":\"Home\",\"item\":\"https:\\\/\\\/www.malinashop.lt\\\/en\\\/\"},{\"@type\":\"ListItem\",\"position\":2,\"name\":\"Parduotuv\u0117\",\"item\":\"https:\\\/\\\/www.malinashop.lt\\\/en\\\/parduotuve\\\/\"},{\"@type\":\"ListItem\",\"position\":3,\"name\":\"THE PURE LOTUS esencija Jeju Lotus Leaf Essence, 125ml\"}]},{\"@type\":\"WebSite\",\"@id\":\"https:\\\/\\\/www.malinashop.lt\\\/en\\\/#website\",\"url\":\"https:\\\/\\\/www.malinashop.lt\\\/en\\\/\",\"name\":\"COM Group Ecommerce\",\"description\":\"MalinaShop.lt - Gro\u017eio ir sveikatos produktai i\u0161 patikim\u0173 preki\u0173 \u017eenkl\u0173. Atraskite auk\u0161tos kokyb\u0117s kosmetik\u0105 u\u017e puiki\u0105 kain\u0105.\",\"publisher\":{\"@id\":\"https:\\\/\\\/www.malinashop.lt\\\/en\\\/#organization\"},\"potentialAction\":[{\"@type\":\"SearchAction\",\"target\":{\"@type\":\"EntryPoint\",\"urlTemplate\":\"https:\\\/\\\/www.malinashop.lt\\\/en\\\/?s={search_term_string}\"},\"query-input\":{\"@type\":\"PropertyValueSpecification\",\"valueRequired\":true,\"valueName\":\"search_term_string\"}}],\"inLanguage\":\"en-GB\"},{\"@type\":\"Organization\",\"@id\":\"https:\\\/\\\/www.malinashop.lt\\\/en\\\/#organization\",\"name\":\"COM Group Ecommerce\",\"url\":\"https:\\\/\\\/www.malinashop.lt\\\/en\\\/\",\"logo\":{\"@type\":\"ImageObject\",\"inLanguage\":\"en-GB\",\"@id\":\"https:\\\/\\\/www.malinashop.lt\\\/en\\\/#\\\/schema\\\/logo\\\/image\\\/\",\"url\":\"https:\\\/\\\/www.malinashop.lt\\\/wp-content\\\/uploads\\\/2024\\\/08\\\/462559670_3787732518133670_9795632669273463_n-e1731525914575.png\",\"contentUrl\":\"https:\\\/\\\/www.malinashop.lt\\\/wp-content\\\/uploads\\\/2024\\\/08\\\/462559670_3787732518133670_9795632669273463_n-e1731525914575.png\",\"width\":180,\"height\":60,\"caption\":\"COM Group Ecommerce\"},\"image\":{\"@id\":\"https:\\\/\\\/www.malinashop.lt\\\/en\\\/#\\\/schema\\\/logo\\\/image\\\/\"}}]}<\/script>\n<!-- \/ Yoast SEO plugin. -->","yoast_head_json":{"title":"THE PURE LOTUS esencija Jeju Lotus Leaf Essence, 125ml - MalinaShop.lt J\u016bs\u0173 sveikatai ir gro\u017eiui.","description":"Multifunkcin\u0117 esencija atkuria odos pH balans\u0105, intensyviai dr\u0117kina ir stiprina apsaugin\u012f barjer\u0105, saugodama nuo \u017ealingo aplinkos poveikio.Jeju Lotus esencija su 85,5 % lotoso ekstraktu \u2013 intensyvus dr\u0117kinimas, \u0161viesesn\u0117 oda ir ma\u017eiau rauk\u0161li\u0173. Puikiai tinka pavargusiai, jautriai odai.","robots":{"index":"index","follow":"follow","max-snippet":"max-snippet:-1","max-image-preview":"max-image-preview:large","max-video-preview":"max-video-preview:-1"},"canonical":"https:\/\/www.malinashop.lt\/en\/shop\/the-pure-lotus-esencija-jeju-lotus-leaf-essence-125ml\/","og_locale":"en_GB","og_type":"article","og_title":"THE PURE LOTUS esencija Jeju Lotus Leaf Essence, 125ml - MalinaShop.lt J\u016bs\u0173 sveikatai ir gro\u017eiui.","og_description":"Multifunkcin\u0117 esencija atkuria odos pH balans\u0105, intensyviai dr\u0117kina ir stiprina apsaugin\u012f barjer\u0105, saugodama nuo \u017ealingo aplinkos poveikio.Jeju Lotus esencija su 85,5 % lotoso ekstraktu \u2013 intensyvus dr\u0117kinimas, \u0161viesesn\u0117 oda ir ma\u017eiau rauk\u0161li\u0173. Puikiai tinka pavargusiai, jautriai odai.","og_url":"https:\/\/www.malinashop.lt\/en\/shop\/the-pure-lotus-esencija-jeju-lotus-leaf-essence-125ml\/","og_site_name":"MalinaShop.lt J\u016bs\u0173 sveikatai ir gro\u017eiui.","article_modified_time":"2026-02-10T10:13:58+00:00","og_image":[{"width":640,"height":640,"url":"https:\/\/www.malinashop.lt\/wp-content\/uploads\/2025\/04\/THE-PURE-LOTUS-esencija-Jeju-Lotus-Leaf-Essence-125ml.webp","type":"image\/webp"}],"twitter_card":"summary_large_image","schema":{"@context":"https:\/\/schema.org","@graph":[{"@type":"WebPage","@id":"https:\/\/www.malinashop.lt\/lt_lt\/shop\/the-pure-lotus-esencija-jeju-lotus-leaf-essence-125ml\/","url":"https:\/\/www.malinashop.lt\/lt_lt\/shop\/the-pure-lotus-esencija-jeju-lotus-leaf-essence-125ml\/","name":"THE PURE LOTUS esencija Jeju Lotus Leaf Essence, 125ml - MalinaShop.lt J\u016bs\u0173 sveikatai ir gro\u017eiui.","isPartOf":{"@id":"https:\/\/www.malinashop.lt\/en\/#website"},"primaryImageOfPage":{"@id":"https:\/\/www.malinashop.lt\/lt_lt\/shop\/the-pure-lotus-esencija-jeju-lotus-leaf-essence-125ml\/#primaryimage"},"image":{"@id":"https:\/\/www.malinashop.lt\/lt_lt\/shop\/the-pure-lotus-esencija-jeju-lotus-leaf-essence-125ml\/#primaryimage"},"thumbnailUrl":"https:\/\/www.malinashop.lt\/wp-content\/uploads\/2025\/04\/THE-PURE-LOTUS-esencija-Jeju-Lotus-Leaf-Essence-125ml.webp","datePublished":"2025-04-14T10:42:32+00:00","dateModified":"2026-02-10T10:13:58+00:00","description":"Multifunkcin\u0117 esencija atkuria odos pH balans\u0105, intensyviai dr\u0117kina ir stiprina apsaugin\u012f barjer\u0105, saugodama nuo \u017ealingo aplinkos poveikio.Jeju Lotus esencija su 85,5 % lotoso ekstraktu \u2013 intensyvus dr\u0117kinimas, \u0161viesesn\u0117 oda ir ma\u017eiau rauk\u0161li\u0173. Puikiai tinka pavargusiai, jautriai odai.","breadcrumb":{"@id":"https:\/\/www.malinashop.lt\/lt_lt\/shop\/the-pure-lotus-esencija-jeju-lotus-leaf-essence-125ml\/#breadcrumb"},"inLanguage":"en-GB","potentialAction":[{"@type":"ReadAction","target":["https:\/\/www.malinashop.lt\/lt_lt\/shop\/the-pure-lotus-esencija-jeju-lotus-leaf-essence-125ml\/"]}]},{"@type":"ImageObject","inLanguage":"en-GB","@id":"https:\/\/www.malinashop.lt\/lt_lt\/shop\/the-pure-lotus-esencija-jeju-lotus-leaf-essence-125ml\/#primaryimage","url":"https:\/\/www.malinashop.lt\/wp-content\/uploads\/2025\/04\/THE-PURE-LOTUS-esencija-Jeju-Lotus-Leaf-Essence-125ml.webp","contentUrl":"https:\/\/www.malinashop.lt\/wp-content\/uploads\/2025\/04\/THE-PURE-LOTUS-esencija-Jeju-Lotus-Leaf-Essence-125ml.webp","width":640,"height":640},{"@type":"BreadcrumbList","@id":"https:\/\/www.malinashop.lt\/lt_lt\/shop\/the-pure-lotus-esencija-jeju-lotus-leaf-essence-125ml\/#breadcrumb","itemListElement":[{"@type":"ListItem","position":1,"name":"Home","item":"https:\/\/www.malinashop.lt\/en\/"},{"@type":"ListItem","position":2,"name":"Parduotuv\u0117","item":"https:\/\/www.malinashop.lt\/en\/parduotuve\/"},{"@type":"ListItem","position":3,"name":"THE PURE LOTUS esencija Jeju Lotus Leaf Essence, 125ml"}]},{"@type":"WebSite","@id":"https:\/\/www.malinashop.lt\/en\/#website","url":"https:\/\/www.malinashop.lt\/en\/","name":"COM Group Ecommerce","description":"MalinaShop.lt - Gro\u017eio ir sveikatos produktai i\u0161 patikim\u0173 preki\u0173 \u017eenkl\u0173. Atraskite auk\u0161tos kokyb\u0117s kosmetik\u0105 u\u017e puiki\u0105 kain\u0105.","publisher":{"@id":"https:\/\/www.malinashop.lt\/en\/#organization"},"potentialAction":[{"@type":"SearchAction","target":{"@type":"EntryPoint","urlTemplate":"https:\/\/www.malinashop.lt\/en\/?s={search_term_string}"},"query-input":{"@type":"PropertyValueSpecification","valueRequired":true,"valueName":"search_term_string"}}],"inLanguage":"en-GB"},{"@type":"Organization","@id":"https:\/\/www.malinashop.lt\/en\/#organization","name":"COM Group Ecommerce","url":"https:\/\/www.malinashop.lt\/en\/","logo":{"@type":"ImageObject","inLanguage":"en-GB","@id":"https:\/\/www.malinashop.lt\/en\/#\/schema\/logo\/image\/","url":"https:\/\/www.malinashop.lt\/wp-content\/uploads\/2024\/08\/462559670_3787732518133670_9795632669273463_n-e1731525914575.png","contentUrl":"https:\/\/www.malinashop.lt\/wp-content\/uploads\/2024\/08\/462559670_3787732518133670_9795632669273463_n-e1731525914575.png","width":180,"height":60,"caption":"COM Group Ecommerce"},"image":{"@id":"https:\/\/www.malinashop.lt\/en\/#\/schema\/logo\/image\/"}}]}},"jetpack_sharing_enabled":true,"_links":{"self":[{"href":"https:\/\/www.malinashop.lt\/en\/wp-json\/wp\/v2\/product\/54159","targetHints":{"allow":["GET"]}}],"collection":[{"href":"https:\/\/www.malinashop.lt\/en\/wp-json\/wp\/v2\/product"}],"about":[{"href":"https:\/\/www.malinashop.lt\/en\/wp-json\/wp\/v2\/types\/product"}],"version-history":[{"count":1,"href":"https:\/\/www.malinashop.lt\/en\/wp-json\/wp\/v2\/product\/54159\/revisions"}],"predecessor-version":[{"id":54161,"href":"https:\/\/www.malinashop.lt\/en\/wp-json\/wp\/v2\/product\/54159\/revisions\/54161"}],"wp:featuredmedia":[{"embeddable":true,"href":"https:\/\/www.malinashop.lt\/en\/wp-json\/wp\/v2\/media\/54160"}],"wp:attachment":[{"href":"https:\/\/www.malinashop.lt\/en\/wp-json\/wp\/v2\/media?parent=54159"}],"wp:term":[{"taxonomy":"product_brand","embeddable":true,"href":"https:\/\/www.malinashop.lt\/en\/wp-json\/wp\/v2\/product_brand?post=54159"},{"taxonomy":"product_cat","embeddable":true,"href":"https:\/\/www.malinashop.lt\/en\/wp-json\/wp\/v2\/product_cat?post=54159"},{"taxonomy":"product_tag","embeddable":true,"href":"https:\/\/www.malinashop.lt\/en\/wp-json\/wp\/v2\/product_tag?post=54159"}],"curies":[{"name":"wp","href":"https:\/\/api.w.org\/{rel}","templated":true}]}}