{"id":49545,"date":"2025-03-18T13:34:36","date_gmt":"2025-03-18T10:34:36","guid":{"rendered":"https:\/\/malinashop.lt\/?post_type=product&#038;p=49545"},"modified":"2026-04-08T00:49:13","modified_gmt":"2026-04-07T21:49:13","slug":"therme-orange-happiness-duso-putos-200ml","status":"publish","type":"product","link":"https:\/\/www.malinashop.lt\/en\/shop\/therme-orange-happiness-duso-putos-200ml\/","title":{"rendered":"THERME Orange Happiness du\u0161o putos, 200ml"},"content":{"rendered":"<h3 data-start=\"0\" data-end=\"56\"><strong data-start=\"4\" data-end=\"50\">THERME ORANGE HAPPINESS DU\u0160O PUTOS, 200 ML<\/strong><\/h3>\n<p data-start=\"58\" data-end=\"394\"><strong data-start=\"58\" data-end=\"118\">Prabangi odos prie\u017ei\u016bra su gaivinan\u010diu apelsin\u0173 aromatu!<\/strong> THERME <strong data-start=\"126\" data-end=\"146\">Orange Happiness<\/strong> du\u0161o putos \u2013 tai itin \u0161velnios, sodrios ir ilgai i\u0161liekan\u010dios putos, kurios efektyviai valo od\u0105, tuo pa\u010diu suteikdamos jai mink\u0161tumo ir elastingumo. <strong data-start=\"296\" data-end=\"339\">Apelsin\u0173 ir aromatingos medienos kvapas<\/strong> sukuria gaiv\u0173 ir atpalaiduojant\u012f prausimosi ritual\u0105.<\/p>\n<p data-start=\"396\" data-end=\"726\">\ud83d\udcab <strong data-start=\"399\" data-end=\"414\">Privalumai:<\/strong><br data-start=\"414\" data-end=\"417\" \/>\u2714\ufe0f <strong data-start=\"420\" data-end=\"449\">Sodrios ir \u0161velnios putos<\/strong> \u2013 maloniai priglunda prie odos, suteikdamos komforto jausm\u0105.<br data-start=\"510\" data-end=\"513\" \/>\u2714\ufe0f <strong data-start=\"516\" data-end=\"546\">Ilgai i\u0161liekantis aromatas<\/strong> \u2013 apelsin\u0173 ir medienos natos suteikia energijos.<br data-start=\"595\" data-end=\"598\" data-is-only-node=\"\" \/>\u2714\ufe0f <strong data-start=\"601\" data-end=\"622\">Vegani\u0161ka sud\u0117tis<\/strong> \u2013 be gyv\u016bnin\u0117s kilm\u0117s ingredient\u0173.<br data-start=\"657\" data-end=\"660\" \/>\u2714\ufe0f <strong data-start=\"663\" data-end=\"691\">Dr\u0117kina ir mink\u0161tina od\u0105<\/strong> \u2013 suteikia \u0161ilkin\u0117s odos poj\u016bt\u012f.<\/p>\n<p data-start=\"728\" data-end=\"901\"><strong data-start=\"728\" data-end=\"743\">Naudojimas:<\/strong><br data-start=\"743\" data-end=\"746\" \/>I\u0161spauskite nedidel\u012f kiek\u012f put\u0173 ant rank\u0173, \u0161velniai masa\u017euokite od\u0105, kol susidarys prabangios putos. Nuplaukite ir m\u0117gaukit\u0117s \u0161velnia bei sudr\u0117kinta oda.<\/p>\n<p data-start=\"903\" data-end=\"936\">\ud83d\udce6 <strong data-start=\"906\" data-end=\"934\">I\u0161siuntimas per 2\/4 d.d.<\/strong><\/p>\n","protected":false},"excerpt":{"rendered":"<p>THERME ORANGE HAPPINESS DU\u0160O PUTOS, 200 ML Prabangi odos prie\u017ei\u016bra su gaivinan\u010diu apelsin\u0173 aromatu! THERME Orange Happiness du\u0161o putos \u2013 tai itin&hellip;<\/p>\n","protected":false},"featured_media":44416,"template":"","meta":[],"product_brand":[1308],"product_cat":[538,731,562],"product_tag":[1626],"class_list":{"0":"post-49545","1":"product","2":"type-product","3":"status-publish","4":"has-post-thumbnail","6":"product_brand-therme","7":"product_cat-kuno-prausikliai-duso-geliai","8":"product_cat-kunui","9":"product_cat-sandelio-valymas","10":"product_tag-therme","12":"first","13":"instock","14":"sale","15":"taxable","16":"shipping-taxable","17":"purchasable","18":"product-type-simple"},"yoast_head":"<!-- This site is optimized with the Yoast SEO plugin v27.4 - https:\/\/yoast.com\/product\/yoast-seo-wordpress\/ -->\n<title>THERME Orange Happiness du\u0161o putos, 200ml - MalinaShop.lt J\u016bs\u0173 sveikatai ir gro\u017eiui.<\/title>\n<meta name=\"description\" content=\"THERME Orange Happiness du\u0161o putos \u2013 \u0161velnios, sodrios ir ilgai i\u0161liekan\u010dios su gaiviu apelsin\u0173 aromatu. Vegani\u0161ka sud\u0117tis, dr\u0117kinantis poveikis.\" \/>\n<meta name=\"robots\" content=\"index, follow, max-snippet:-1, max-image-preview:large, max-video-preview:-1\" \/>\n<link rel=\"canonical\" href=\"https:\/\/www.malinashop.lt\/en\/shop\/therme-orange-happiness-duso-putos-200ml\/\" \/>\n<meta property=\"og:locale\" content=\"en_GB\" \/>\n<meta property=\"og:type\" content=\"article\" \/>\n<meta property=\"og:title\" content=\"THERME Orange Happiness du\u0161o putos, 200ml - MalinaShop.lt J\u016bs\u0173 sveikatai ir gro\u017eiui.\" \/>\n<meta property=\"og:description\" content=\"THERME Orange Happiness du\u0161o putos \u2013 \u0161velnios, sodrios ir ilgai i\u0161liekan\u010dios su gaiviu apelsin\u0173 aromatu. Vegani\u0161ka sud\u0117tis, dr\u0117kinantis poveikis.\" \/>\n<meta property=\"og:url\" content=\"https:\/\/www.malinashop.lt\/en\/shop\/therme-orange-happiness-duso-putos-200ml\/\" \/>\n<meta property=\"og:site_name\" content=\"MalinaShop.lt J\u016bs\u0173 sveikatai ir gro\u017eiui.\" \/>\n<meta property=\"article:modified_time\" content=\"2026-04-07T21:49:13+00:00\" \/>\n<meta property=\"og:image\" content=\"https:\/\/www.malinashop.lt\/wp-content\/uploads\/2025\/03\/therme-orange-happiness-duso-putos-200-ml.jpg\" \/>\n\t<meta property=\"og:image:width\" content=\"1563\" \/>\n\t<meta property=\"og:image:height\" content=\"1563\" \/>\n\t<meta property=\"og:image:type\" content=\"image\/jpeg\" \/>\n<meta name=\"twitter:card\" content=\"summary_large_image\" \/>\n<script type=\"application\/ld+json\" class=\"yoast-schema-graph\">{\"@context\":\"https:\\\/\\\/schema.org\",\"@graph\":[{\"@type\":\"WebPage\",\"@id\":\"https:\\\/\\\/www.malinashop.lt\\\/en\\\/shop\\\/therme-orange-happiness-duso-putos-200ml\\\/\",\"url\":\"https:\\\/\\\/www.malinashop.lt\\\/en\\\/shop\\\/therme-orange-happiness-duso-putos-200ml\\\/\",\"name\":\"THERME Orange Happiness du\u0161o putos, 200ml - MalinaShop.lt J\u016bs\u0173 sveikatai ir gro\u017eiui.\",\"isPartOf\":{\"@id\":\"https:\\\/\\\/www.malinashop.lt\\\/#website\"},\"primaryImageOfPage\":{\"@id\":\"https:\\\/\\\/www.malinashop.lt\\\/en\\\/shop\\\/therme-orange-happiness-duso-putos-200ml\\\/#primaryimage\"},\"image\":{\"@id\":\"https:\\\/\\\/www.malinashop.lt\\\/en\\\/shop\\\/therme-orange-happiness-duso-putos-200ml\\\/#primaryimage\"},\"thumbnailUrl\":\"https:\\\/\\\/www.malinashop.lt\\\/wp-content\\\/uploads\\\/2025\\\/03\\\/therme-orange-happiness-duso-putos-200-ml.jpg\",\"datePublished\":\"2025-03-18T10:34:36+00:00\",\"dateModified\":\"2026-04-07T21:49:13+00:00\",\"description\":\"THERME Orange Happiness du\u0161o putos \u2013 \u0161velnios, sodrios ir ilgai i\u0161liekan\u010dios su gaiviu apelsin\u0173 aromatu. Vegani\u0161ka sud\u0117tis, dr\u0117kinantis poveikis.\",\"breadcrumb\":{\"@id\":\"https:\\\/\\\/www.malinashop.lt\\\/en\\\/shop\\\/therme-orange-happiness-duso-putos-200ml\\\/#breadcrumb\"},\"inLanguage\":\"en-GB\",\"potentialAction\":[{\"@type\":\"ReadAction\",\"target\":[\"https:\\\/\\\/www.malinashop.lt\\\/en\\\/shop\\\/therme-orange-happiness-duso-putos-200ml\\\/\"]}]},{\"@type\":\"ImageObject\",\"inLanguage\":\"en-GB\",\"@id\":\"https:\\\/\\\/www.malinashop.lt\\\/en\\\/shop\\\/therme-orange-happiness-duso-putos-200ml\\\/#primaryimage\",\"url\":\"https:\\\/\\\/www.malinashop.lt\\\/wp-content\\\/uploads\\\/2025\\\/03\\\/therme-orange-happiness-duso-putos-200-ml.jpg\",\"contentUrl\":\"https:\\\/\\\/www.malinashop.lt\\\/wp-content\\\/uploads\\\/2025\\\/03\\\/therme-orange-happiness-duso-putos-200-ml.jpg\",\"width\":1563,\"height\":1563},{\"@type\":\"BreadcrumbList\",\"@id\":\"https:\\\/\\\/www.malinashop.lt\\\/en\\\/shop\\\/therme-orange-happiness-duso-putos-200ml\\\/#breadcrumb\",\"itemListElement\":[{\"@type\":\"ListItem\",\"position\":1,\"name\":\"Pagrindinis\",\"item\":\"https:\\\/\\\/www.malinashop.lt\\\/\"},{\"@type\":\"ListItem\",\"position\":2,\"name\":\"Parduotuv\u0117\",\"item\":\"https:\\\/\\\/www.malinashop.lt\\\/en\\\/parduotuve\\\/\"},{\"@type\":\"ListItem\",\"position\":3,\"name\":\"THERME Orange Happiness du\u0161o putos, 200ml\"}]},{\"@type\":\"WebSite\",\"@id\":\"https:\\\/\\\/www.malinashop.lt\\\/#website\",\"url\":\"https:\\\/\\\/www.malinashop.lt\\\/\",\"name\":\"COM Group Ecommerce\",\"description\":\"MalinaShop.lt - Gro\u017eio ir sveikatos produktai i\u0161 patikim\u0173 preki\u0173 \u017eenkl\u0173. Atraskite auk\u0161tos kokyb\u0117s kosmetik\u0105 u\u017e puiki\u0105 kain\u0105.\",\"publisher\":{\"@id\":\"https:\\\/\\\/www.malinashop.lt\\\/#organization\"},\"potentialAction\":[{\"@type\":\"SearchAction\",\"target\":{\"@type\":\"EntryPoint\",\"urlTemplate\":\"https:\\\/\\\/www.malinashop.lt\\\/?s={search_term_string}\"},\"query-input\":{\"@type\":\"PropertyValueSpecification\",\"valueRequired\":true,\"valueName\":\"search_term_string\"}}],\"inLanguage\":\"en-GB\"},{\"@type\":\"Organization\",\"@id\":\"https:\\\/\\\/www.malinashop.lt\\\/#organization\",\"name\":\"COM Group Ecommerce\",\"url\":\"https:\\\/\\\/www.malinashop.lt\\\/\",\"logo\":{\"@type\":\"ImageObject\",\"inLanguage\":\"en-GB\",\"@id\":\"https:\\\/\\\/www.malinashop.lt\\\/#\\\/schema\\\/logo\\\/image\\\/\",\"url\":\"https:\\\/\\\/www.malinashop.lt\\\/wp-content\\\/uploads\\\/2024\\\/08\\\/462559670_3787732518133670_9795632669273463_n-e1731525914575.png\",\"contentUrl\":\"https:\\\/\\\/www.malinashop.lt\\\/wp-content\\\/uploads\\\/2024\\\/08\\\/462559670_3787732518133670_9795632669273463_n-e1731525914575.png\",\"width\":180,\"height\":60,\"caption\":\"COM Group Ecommerce\"},\"image\":{\"@id\":\"https:\\\/\\\/www.malinashop.lt\\\/#\\\/schema\\\/logo\\\/image\\\/\"}}]}<\/script>\n<!-- \/ Yoast SEO plugin. -->","yoast_head_json":{"title":"THERME Orange Happiness du\u0161o putos, 200ml - MalinaShop.lt J\u016bs\u0173 sveikatai ir gro\u017eiui.","description":"THERME Orange Happiness du\u0161o putos \u2013 \u0161velnios, sodrios ir ilgai i\u0161liekan\u010dios su gaiviu apelsin\u0173 aromatu. Vegani\u0161ka sud\u0117tis, dr\u0117kinantis poveikis.","robots":{"index":"index","follow":"follow","max-snippet":"max-snippet:-1","max-image-preview":"max-image-preview:large","max-video-preview":"max-video-preview:-1"},"canonical":"https:\/\/www.malinashop.lt\/en\/shop\/therme-orange-happiness-duso-putos-200ml\/","og_locale":"en_GB","og_type":"article","og_title":"THERME Orange Happiness du\u0161o putos, 200ml - MalinaShop.lt J\u016bs\u0173 sveikatai ir gro\u017eiui.","og_description":"THERME Orange Happiness du\u0161o putos \u2013 \u0161velnios, sodrios ir ilgai i\u0161liekan\u010dios su gaiviu apelsin\u0173 aromatu. Vegani\u0161ka sud\u0117tis, dr\u0117kinantis poveikis.","og_url":"https:\/\/www.malinashop.lt\/en\/shop\/therme-orange-happiness-duso-putos-200ml\/","og_site_name":"MalinaShop.lt J\u016bs\u0173 sveikatai ir gro\u017eiui.","article_modified_time":"2026-04-07T21:49:13+00:00","og_image":[{"width":1563,"height":1563,"url":"https:\/\/www.malinashop.lt\/wp-content\/uploads\/2025\/03\/therme-orange-happiness-duso-putos-200-ml.jpg","type":"image\/jpeg"}],"twitter_card":"summary_large_image","schema":{"@context":"https:\/\/schema.org","@graph":[{"@type":"WebPage","@id":"https:\/\/www.malinashop.lt\/en\/shop\/therme-orange-happiness-duso-putos-200ml\/","url":"https:\/\/www.malinashop.lt\/en\/shop\/therme-orange-happiness-duso-putos-200ml\/","name":"THERME Orange Happiness du\u0161o putos, 200ml - MalinaShop.lt J\u016bs\u0173 sveikatai ir gro\u017eiui.","isPartOf":{"@id":"https:\/\/www.malinashop.lt\/#website"},"primaryImageOfPage":{"@id":"https:\/\/www.malinashop.lt\/en\/shop\/therme-orange-happiness-duso-putos-200ml\/#primaryimage"},"image":{"@id":"https:\/\/www.malinashop.lt\/en\/shop\/therme-orange-happiness-duso-putos-200ml\/#primaryimage"},"thumbnailUrl":"https:\/\/www.malinashop.lt\/wp-content\/uploads\/2025\/03\/therme-orange-happiness-duso-putos-200-ml.jpg","datePublished":"2025-03-18T10:34:36+00:00","dateModified":"2026-04-07T21:49:13+00:00","description":"THERME Orange Happiness du\u0161o putos \u2013 \u0161velnios, sodrios ir ilgai i\u0161liekan\u010dios su gaiviu apelsin\u0173 aromatu. Vegani\u0161ka sud\u0117tis, dr\u0117kinantis poveikis.","breadcrumb":{"@id":"https:\/\/www.malinashop.lt\/en\/shop\/therme-orange-happiness-duso-putos-200ml\/#breadcrumb"},"inLanguage":"en-GB","potentialAction":[{"@type":"ReadAction","target":["https:\/\/www.malinashop.lt\/en\/shop\/therme-orange-happiness-duso-putos-200ml\/"]}]},{"@type":"ImageObject","inLanguage":"en-GB","@id":"https:\/\/www.malinashop.lt\/en\/shop\/therme-orange-happiness-duso-putos-200ml\/#primaryimage","url":"https:\/\/www.malinashop.lt\/wp-content\/uploads\/2025\/03\/therme-orange-happiness-duso-putos-200-ml.jpg","contentUrl":"https:\/\/www.malinashop.lt\/wp-content\/uploads\/2025\/03\/therme-orange-happiness-duso-putos-200-ml.jpg","width":1563,"height":1563},{"@type":"BreadcrumbList","@id":"https:\/\/www.malinashop.lt\/en\/shop\/therme-orange-happiness-duso-putos-200ml\/#breadcrumb","itemListElement":[{"@type":"ListItem","position":1,"name":"Pagrindinis","item":"https:\/\/www.malinashop.lt\/"},{"@type":"ListItem","position":2,"name":"Parduotuv\u0117","item":"https:\/\/www.malinashop.lt\/en\/parduotuve\/"},{"@type":"ListItem","position":3,"name":"THERME Orange Happiness du\u0161o putos, 200ml"}]},{"@type":"WebSite","@id":"https:\/\/www.malinashop.lt\/#website","url":"https:\/\/www.malinashop.lt\/","name":"COM Group Ecommerce","description":"MalinaShop.lt - Gro\u017eio ir sveikatos produktai i\u0161 patikim\u0173 preki\u0173 \u017eenkl\u0173. Atraskite auk\u0161tos kokyb\u0117s kosmetik\u0105 u\u017e puiki\u0105 kain\u0105.","publisher":{"@id":"https:\/\/www.malinashop.lt\/#organization"},"potentialAction":[{"@type":"SearchAction","target":{"@type":"EntryPoint","urlTemplate":"https:\/\/www.malinashop.lt\/?s={search_term_string}"},"query-input":{"@type":"PropertyValueSpecification","valueRequired":true,"valueName":"search_term_string"}}],"inLanguage":"en-GB"},{"@type":"Organization","@id":"https:\/\/www.malinashop.lt\/#organization","name":"COM Group Ecommerce","url":"https:\/\/www.malinashop.lt\/","logo":{"@type":"ImageObject","inLanguage":"en-GB","@id":"https:\/\/www.malinashop.lt\/#\/schema\/logo\/image\/","url":"https:\/\/www.malinashop.lt\/wp-content\/uploads\/2024\/08\/462559670_3787732518133670_9795632669273463_n-e1731525914575.png","contentUrl":"https:\/\/www.malinashop.lt\/wp-content\/uploads\/2024\/08\/462559670_3787732518133670_9795632669273463_n-e1731525914575.png","width":180,"height":60,"caption":"COM Group Ecommerce"},"image":{"@id":"https:\/\/www.malinashop.lt\/#\/schema\/logo\/image\/"}}]}},"jetpack_sharing_enabled":true,"_links":{"self":[{"href":"https:\/\/www.malinashop.lt\/en\/wp-json\/wp\/v2\/product\/49545","targetHints":{"allow":["GET"]}}],"collection":[{"href":"https:\/\/www.malinashop.lt\/en\/wp-json\/wp\/v2\/product"}],"about":[{"href":"https:\/\/www.malinashop.lt\/en\/wp-json\/wp\/v2\/types\/product"}],"version-history":[{"count":2,"href":"https:\/\/www.malinashop.lt\/en\/wp-json\/wp\/v2\/product\/49545\/revisions"}],"predecessor-version":[{"id":51917,"href":"https:\/\/www.malinashop.lt\/en\/wp-json\/wp\/v2\/product\/49545\/revisions\/51917"}],"wp:featuredmedia":[{"embeddable":true,"href":"https:\/\/www.malinashop.lt\/en\/wp-json\/wp\/v2\/media\/44416"}],"wp:attachment":[{"href":"https:\/\/www.malinashop.lt\/en\/wp-json\/wp\/v2\/media?parent=49545"}],"wp:term":[{"taxonomy":"product_brand","embeddable":true,"href":"https:\/\/www.malinashop.lt\/en\/wp-json\/wp\/v2\/product_brand?post=49545"},{"taxonomy":"product_cat","embeddable":true,"href":"https:\/\/www.malinashop.lt\/en\/wp-json\/wp\/v2\/product_cat?post=49545"},{"taxonomy":"product_tag","embeddable":true,"href":"https:\/\/www.malinashop.lt\/en\/wp-json\/wp\/v2\/product_tag?post=49545"}],"curies":[{"name":"wp","href":"https:\/\/api.w.org\/{rel}","templated":true}]}}