{"id":49533,"date":"2025-03-18T13:34:36","date_gmt":"2025-03-18T10:34:36","guid":{"rendered":"https:\/\/malinashop.lt\/?post_type=product&#038;p=49533"},"modified":"2026-04-08T00:49:13","modified_gmt":"2026-04-07T21:49:13","slug":"therme-mindful-blossom-kvepalai-30ml","status":"publish","type":"product","link":"https:\/\/www.malinashop.lt\/en\/shop\/therme-mindful-blossom-kvepalai-30ml\/","title":{"rendered":"THERME Mindful Blossom kvepalai, 30ml"},"content":{"rendered":"<h3 data-start=\"0\" data-end=\"66\"><strong data-start=\"4\" data-end=\"60\">HERME MINDFUL BLOSSOM EAU DE PARFUM KVEPALAI, 30 ML<\/strong> \ud83c\udf38\u2728<\/h3>\n<p data-start=\"68\" data-end=\"380\"><strong data-start=\"68\" data-end=\"120\">Atraskite harmonij\u0105 tarp gaivumo ir elegancijos!<\/strong> THERME <strong data-start=\"128\" data-end=\"161\">Mindful Blossom Eau de Parfum<\/strong> \u2013 tai subtilus <strong data-start=\"177\" data-end=\"205\">\u017eied\u0173 ir bij\u016bn\u0173 aromatas<\/strong>, papildytas pavasario vaisi\u0173 gaiva ir \u0161iltomis kedro medienos natomis. \u0160ie kvepalai suteikia jausmingumo ir lengvumo, tobulai tinka tiek kasdienai, tiek ypatingoms progoms.<\/p>\n<p data-start=\"382\" data-end=\"659\">\ud83d\udcab <strong data-start=\"385\" data-end=\"401\">Kvapo natos:<\/strong><br data-start=\"401\" data-end=\"404\" \/>\u2714\ufe0f <strong data-start=\"407\" data-end=\"428\">Vir\u0161utin\u0117s natos:<\/strong> gaiv\u016bs pavasario vaisiai, suteikiantys lengvumo ir \u0161vie\u017eumo.<br data-start=\"489\" data-end=\"492\" \/>\u2714\ufe0f <strong data-start=\"495\" data-end=\"515\">Vidurin\u0117s natos:<\/strong> eleganti\u0161ki \u017eiedai ir bij\u016bnai, i\u0161ry\u0161kinantys rafinuotum\u0105.<br data-start=\"573\" data-end=\"576\" \/>\u2714\ufe0f <strong data-start=\"579\" data-end=\"597\">Bazin\u0117s natos:<\/strong> kedro mediena, suteikianti kvapui \u0161ilumos ir ilgaam\u017ei\u0161kumo.<\/p>\n<p data-start=\"661\" data-end=\"915\">\ud83d\udc96 <strong data-start=\"664\" data-end=\"679\">Privalumai:<\/strong><br data-start=\"679\" data-end=\"682\" \/>\u2714\ufe0f <strong data-start=\"685\" data-end=\"713\">Ilgai i\u0161liekantis kvapas<\/strong> \u2013 subtilus, bet pastebimas vis\u0105 dien\u0105.<br data-start=\"752\" data-end=\"755\" \/>\u2714\ufe0f <strong data-start=\"758\" data-end=\"779\">Unikalus aromatas<\/strong> \u2013 derina gaiv\u0105, g\u0117li\u0173 \u0161velnum\u0105 ir medienos \u0161ilum\u0105.<br data-start=\"830\" data-end=\"833\" \/>\u2714\ufe0f <strong data-start=\"836\" data-end=\"863\">Tinka bet kokiai progai<\/strong> \u2013 kasdieniam naudojimui ar ypatingiems momentams.<\/p>\n<p data-start=\"917\" data-end=\"1087\"><strong data-start=\"917\" data-end=\"932\">Naudojimas:<\/strong><br data-start=\"932\" data-end=\"935\" \/>Purk\u0161kite kvepalus ant kaklo, u\u017e aus\u0173 ir ant rie\u0161\u0173. Taip aromatas skleis visas savo nat\u0173 subtilybes, ilgiau i\u0161silaikys ir suteiks i\u0161skirtinio \u017eavesio.<\/p>\n<p data-start=\"1089\" data-end=\"1122\">\ud83d\udce6 <strong data-start=\"1092\" data-end=\"1120\">I\u0161siuntimas per 2\/4 d.d.<\/strong><\/p>\n","protected":false},"excerpt":{"rendered":"<p>HERME MINDFUL BLOSSOM EAU DE PARFUM KVEPALAI, 30 ML \ud83c\udf38\u2728 Atraskite harmonij\u0105 tarp gaivumo ir elegancijos! THERME Mindful Blossom Eau de Parfum&hellip;<\/p>\n","protected":false},"featured_media":44398,"template":"","meta":[],"product_brand":[1308],"product_cat":[731,707,545,562],"product_tag":[1626],"class_list":{"0":"post-49533","1":"product","2":"type-product","3":"status-publish","4":"has-post-thumbnail","6":"product_brand-therme","7":"product_cat-kunui","8":"product_cat-kvepalai","9":"product_cat-kvepalai-moterims","10":"product_cat-sandelio-valymas","11":"product_tag-therme","13":"first","14":"instock","15":"sale","16":"taxable","17":"shipping-taxable","18":"purchasable","19":"product-type-simple"},"yoast_head":"<!-- This site is optimized with the Yoast SEO plugin v27.4 - https:\/\/yoast.com\/product\/yoast-seo-wordpress\/ -->\n<title>THERME Mindful Blossom kvepalai, 30ml - MalinaShop.lt J\u016bs\u0173 sveikatai ir gro\u017eiui.<\/title>\n<meta name=\"description\" content=\"THERME Mindful Blossom Eau de Parfum \u2013 subtilus \u017eied\u0173 ir bij\u016bn\u0173 kvapas su vaisi\u0173 gaiva ir kedro mediena.\" \/>\n<meta name=\"robots\" content=\"index, follow, max-snippet:-1, max-image-preview:large, max-video-preview:-1\" \/>\n<link rel=\"canonical\" href=\"https:\/\/www.malinashop.lt\/en\/shop\/therme-mindful-blossom-kvepalai-30ml\/\" \/>\n<meta property=\"og:locale\" content=\"en_GB\" \/>\n<meta property=\"og:type\" content=\"article\" \/>\n<meta property=\"og:title\" content=\"THERME Mindful Blossom kvepalai, 30ml - MalinaShop.lt J\u016bs\u0173 sveikatai ir gro\u017eiui.\" \/>\n<meta property=\"og:description\" content=\"THERME Mindful Blossom Eau de Parfum \u2013 subtilus \u017eied\u0173 ir bij\u016bn\u0173 kvapas su vaisi\u0173 gaiva ir kedro mediena.\" \/>\n<meta property=\"og:url\" content=\"https:\/\/www.malinashop.lt\/en\/shop\/therme-mindful-blossom-kvepalai-30ml\/\" \/>\n<meta property=\"og:site_name\" content=\"MalinaShop.lt J\u016bs\u0173 sveikatai ir gro\u017eiui.\" \/>\n<meta property=\"article:modified_time\" content=\"2026-04-07T21:49:13+00:00\" \/>\n<meta property=\"og:image\" content=\"https:\/\/www.malinashop.lt\/wp-content\/uploads\/2025\/03\/therme-mindful-blossom-parfume-30ml.jpg\" \/>\n\t<meta property=\"og:image:width\" content=\"1563\" \/>\n\t<meta property=\"og:image:height\" content=\"1563\" \/>\n\t<meta property=\"og:image:type\" content=\"image\/jpeg\" \/>\n<meta name=\"twitter:card\" content=\"summary_large_image\" \/>\n<script type=\"application\/ld+json\" class=\"yoast-schema-graph\">{\"@context\":\"https:\\\/\\\/schema.org\",\"@graph\":[{\"@type\":\"WebPage\",\"@id\":\"https:\\\/\\\/www.malinashop.lt\\\/shop\\\/therme-mindful-blossom-kvepalai-30ml\\\/\",\"url\":\"https:\\\/\\\/www.malinashop.lt\\\/shop\\\/therme-mindful-blossom-kvepalai-30ml\\\/\",\"name\":\"THERME Mindful Blossom kvepalai, 30ml - MalinaShop.lt J\u016bs\u0173 sveikatai ir gro\u017eiui.\",\"isPartOf\":{\"@id\":\"https:\\\/\\\/www.malinashop.lt\\\/#website\"},\"primaryImageOfPage\":{\"@id\":\"https:\\\/\\\/www.malinashop.lt\\\/shop\\\/therme-mindful-blossom-kvepalai-30ml\\\/#primaryimage\"},\"image\":{\"@id\":\"https:\\\/\\\/www.malinashop.lt\\\/shop\\\/therme-mindful-blossom-kvepalai-30ml\\\/#primaryimage\"},\"thumbnailUrl\":\"https:\\\/\\\/www.malinashop.lt\\\/wp-content\\\/uploads\\\/2025\\\/03\\\/therme-mindful-blossom-parfume-30ml.jpg\",\"datePublished\":\"2025-03-18T10:34:36+00:00\",\"dateModified\":\"2026-04-07T21:49:13+00:00\",\"description\":\"THERME Mindful Blossom Eau de Parfum \u2013 subtilus \u017eied\u0173 ir bij\u016bn\u0173 kvapas su vaisi\u0173 gaiva ir kedro mediena.\",\"breadcrumb\":{\"@id\":\"https:\\\/\\\/www.malinashop.lt\\\/shop\\\/therme-mindful-blossom-kvepalai-30ml\\\/#breadcrumb\"},\"inLanguage\":\"en-GB\",\"potentialAction\":[{\"@type\":\"ReadAction\",\"target\":[\"https:\\\/\\\/www.malinashop.lt\\\/shop\\\/therme-mindful-blossom-kvepalai-30ml\\\/\"]}]},{\"@type\":\"ImageObject\",\"inLanguage\":\"en-GB\",\"@id\":\"https:\\\/\\\/www.malinashop.lt\\\/shop\\\/therme-mindful-blossom-kvepalai-30ml\\\/#primaryimage\",\"url\":\"https:\\\/\\\/www.malinashop.lt\\\/wp-content\\\/uploads\\\/2025\\\/03\\\/therme-mindful-blossom-parfume-30ml.jpg\",\"contentUrl\":\"https:\\\/\\\/www.malinashop.lt\\\/wp-content\\\/uploads\\\/2025\\\/03\\\/therme-mindful-blossom-parfume-30ml.jpg\",\"width\":1563,\"height\":1563},{\"@type\":\"BreadcrumbList\",\"@id\":\"https:\\\/\\\/www.malinashop.lt\\\/shop\\\/therme-mindful-blossom-kvepalai-30ml\\\/#breadcrumb\",\"itemListElement\":[{\"@type\":\"ListItem\",\"position\":1,\"name\":\"Pagrindinis\",\"item\":\"https:\\\/\\\/www.malinashop.lt\\\/\"},{\"@type\":\"ListItem\",\"position\":2,\"name\":\"Parduotuv\u0117\",\"item\":\"https:\\\/\\\/www.malinashop.lt\\\/en\\\/parduotuve\\\/\"},{\"@type\":\"ListItem\",\"position\":3,\"name\":\"THERME Mindful Blossom kvepalai, 30ml\"}]},{\"@type\":\"WebSite\",\"@id\":\"https:\\\/\\\/www.malinashop.lt\\\/#website\",\"url\":\"https:\\\/\\\/www.malinashop.lt\\\/\",\"name\":\"COM Group Ecommerce\",\"description\":\"MalinaShop.lt - Gro\u017eio ir sveikatos produktai i\u0161 patikim\u0173 preki\u0173 \u017eenkl\u0173. Atraskite auk\u0161tos kokyb\u0117s kosmetik\u0105 u\u017e puiki\u0105 kain\u0105.\",\"publisher\":{\"@id\":\"https:\\\/\\\/www.malinashop.lt\\\/#organization\"},\"potentialAction\":[{\"@type\":\"SearchAction\",\"target\":{\"@type\":\"EntryPoint\",\"urlTemplate\":\"https:\\\/\\\/www.malinashop.lt\\\/?s={search_term_string}\"},\"query-input\":{\"@type\":\"PropertyValueSpecification\",\"valueRequired\":true,\"valueName\":\"search_term_string\"}}],\"inLanguage\":\"en-GB\"},{\"@type\":\"Organization\",\"@id\":\"https:\\\/\\\/www.malinashop.lt\\\/#organization\",\"name\":\"COM Group Ecommerce\",\"url\":\"https:\\\/\\\/www.malinashop.lt\\\/\",\"logo\":{\"@type\":\"ImageObject\",\"inLanguage\":\"en-GB\",\"@id\":\"https:\\\/\\\/www.malinashop.lt\\\/#\\\/schema\\\/logo\\\/image\\\/\",\"url\":\"https:\\\/\\\/www.malinashop.lt\\\/wp-content\\\/uploads\\\/2024\\\/08\\\/462559670_3787732518133670_9795632669273463_n-e1731525914575.png\",\"contentUrl\":\"https:\\\/\\\/www.malinashop.lt\\\/wp-content\\\/uploads\\\/2024\\\/08\\\/462559670_3787732518133670_9795632669273463_n-e1731525914575.png\",\"width\":180,\"height\":60,\"caption\":\"COM Group Ecommerce\"},\"image\":{\"@id\":\"https:\\\/\\\/www.malinashop.lt\\\/#\\\/schema\\\/logo\\\/image\\\/\"}}]}<\/script>\n<!-- \/ Yoast SEO plugin. -->","yoast_head_json":{"title":"THERME Mindful Blossom kvepalai, 30ml - MalinaShop.lt J\u016bs\u0173 sveikatai ir gro\u017eiui.","description":"THERME Mindful Blossom Eau de Parfum \u2013 subtilus \u017eied\u0173 ir bij\u016bn\u0173 kvapas su vaisi\u0173 gaiva ir kedro mediena.","robots":{"index":"index","follow":"follow","max-snippet":"max-snippet:-1","max-image-preview":"max-image-preview:large","max-video-preview":"max-video-preview:-1"},"canonical":"https:\/\/www.malinashop.lt\/en\/shop\/therme-mindful-blossom-kvepalai-30ml\/","og_locale":"en_GB","og_type":"article","og_title":"THERME Mindful Blossom kvepalai, 30ml - MalinaShop.lt J\u016bs\u0173 sveikatai ir gro\u017eiui.","og_description":"THERME Mindful Blossom Eau de Parfum \u2013 subtilus \u017eied\u0173 ir bij\u016bn\u0173 kvapas su vaisi\u0173 gaiva ir kedro mediena.","og_url":"https:\/\/www.malinashop.lt\/en\/shop\/therme-mindful-blossom-kvepalai-30ml\/","og_site_name":"MalinaShop.lt J\u016bs\u0173 sveikatai ir gro\u017eiui.","article_modified_time":"2026-04-07T21:49:13+00:00","og_image":[{"width":1563,"height":1563,"url":"https:\/\/www.malinashop.lt\/wp-content\/uploads\/2025\/03\/therme-mindful-blossom-parfume-30ml.jpg","type":"image\/jpeg"}],"twitter_card":"summary_large_image","schema":{"@context":"https:\/\/schema.org","@graph":[{"@type":"WebPage","@id":"https:\/\/www.malinashop.lt\/shop\/therme-mindful-blossom-kvepalai-30ml\/","url":"https:\/\/www.malinashop.lt\/shop\/therme-mindful-blossom-kvepalai-30ml\/","name":"THERME Mindful Blossom kvepalai, 30ml - MalinaShop.lt J\u016bs\u0173 sveikatai ir gro\u017eiui.","isPartOf":{"@id":"https:\/\/www.malinashop.lt\/#website"},"primaryImageOfPage":{"@id":"https:\/\/www.malinashop.lt\/shop\/therme-mindful-blossom-kvepalai-30ml\/#primaryimage"},"image":{"@id":"https:\/\/www.malinashop.lt\/shop\/therme-mindful-blossom-kvepalai-30ml\/#primaryimage"},"thumbnailUrl":"https:\/\/www.malinashop.lt\/wp-content\/uploads\/2025\/03\/therme-mindful-blossom-parfume-30ml.jpg","datePublished":"2025-03-18T10:34:36+00:00","dateModified":"2026-04-07T21:49:13+00:00","description":"THERME Mindful Blossom Eau de Parfum \u2013 subtilus \u017eied\u0173 ir bij\u016bn\u0173 kvapas su vaisi\u0173 gaiva ir kedro mediena.","breadcrumb":{"@id":"https:\/\/www.malinashop.lt\/shop\/therme-mindful-blossom-kvepalai-30ml\/#breadcrumb"},"inLanguage":"en-GB","potentialAction":[{"@type":"ReadAction","target":["https:\/\/www.malinashop.lt\/shop\/therme-mindful-blossom-kvepalai-30ml\/"]}]},{"@type":"ImageObject","inLanguage":"en-GB","@id":"https:\/\/www.malinashop.lt\/shop\/therme-mindful-blossom-kvepalai-30ml\/#primaryimage","url":"https:\/\/www.malinashop.lt\/wp-content\/uploads\/2025\/03\/therme-mindful-blossom-parfume-30ml.jpg","contentUrl":"https:\/\/www.malinashop.lt\/wp-content\/uploads\/2025\/03\/therme-mindful-blossom-parfume-30ml.jpg","width":1563,"height":1563},{"@type":"BreadcrumbList","@id":"https:\/\/www.malinashop.lt\/shop\/therme-mindful-blossom-kvepalai-30ml\/#breadcrumb","itemListElement":[{"@type":"ListItem","position":1,"name":"Pagrindinis","item":"https:\/\/www.malinashop.lt\/"},{"@type":"ListItem","position":2,"name":"Parduotuv\u0117","item":"https:\/\/www.malinashop.lt\/en\/parduotuve\/"},{"@type":"ListItem","position":3,"name":"THERME Mindful Blossom kvepalai, 30ml"}]},{"@type":"WebSite","@id":"https:\/\/www.malinashop.lt\/#website","url":"https:\/\/www.malinashop.lt\/","name":"COM Group Ecommerce","description":"MalinaShop.lt - Gro\u017eio ir sveikatos produktai i\u0161 patikim\u0173 preki\u0173 \u017eenkl\u0173. Atraskite auk\u0161tos kokyb\u0117s kosmetik\u0105 u\u017e puiki\u0105 kain\u0105.","publisher":{"@id":"https:\/\/www.malinashop.lt\/#organization"},"potentialAction":[{"@type":"SearchAction","target":{"@type":"EntryPoint","urlTemplate":"https:\/\/www.malinashop.lt\/?s={search_term_string}"},"query-input":{"@type":"PropertyValueSpecification","valueRequired":true,"valueName":"search_term_string"}}],"inLanguage":"en-GB"},{"@type":"Organization","@id":"https:\/\/www.malinashop.lt\/#organization","name":"COM Group Ecommerce","url":"https:\/\/www.malinashop.lt\/","logo":{"@type":"ImageObject","inLanguage":"en-GB","@id":"https:\/\/www.malinashop.lt\/#\/schema\/logo\/image\/","url":"https:\/\/www.malinashop.lt\/wp-content\/uploads\/2024\/08\/462559670_3787732518133670_9795632669273463_n-e1731525914575.png","contentUrl":"https:\/\/www.malinashop.lt\/wp-content\/uploads\/2024\/08\/462559670_3787732518133670_9795632669273463_n-e1731525914575.png","width":180,"height":60,"caption":"COM Group Ecommerce"},"image":{"@id":"https:\/\/www.malinashop.lt\/#\/schema\/logo\/image\/"}}]}},"jetpack_sharing_enabled":true,"_links":{"self":[{"href":"https:\/\/www.malinashop.lt\/en\/wp-json\/wp\/v2\/product\/49533","targetHints":{"allow":["GET"]}}],"collection":[{"href":"https:\/\/www.malinashop.lt\/en\/wp-json\/wp\/v2\/product"}],"about":[{"href":"https:\/\/www.malinashop.lt\/en\/wp-json\/wp\/v2\/types\/product"}],"version-history":[{"count":2,"href":"https:\/\/www.malinashop.lt\/en\/wp-json\/wp\/v2\/product\/49533\/revisions"}],"predecessor-version":[{"id":51915,"href":"https:\/\/www.malinashop.lt\/en\/wp-json\/wp\/v2\/product\/49533\/revisions\/51915"}],"wp:featuredmedia":[{"embeddable":true,"href":"https:\/\/www.malinashop.lt\/en\/wp-json\/wp\/v2\/media\/44398"}],"wp:attachment":[{"href":"https:\/\/www.malinashop.lt\/en\/wp-json\/wp\/v2\/media?parent=49533"}],"wp:term":[{"taxonomy":"product_brand","embeddable":true,"href":"https:\/\/www.malinashop.lt\/en\/wp-json\/wp\/v2\/product_brand?post=49533"},{"taxonomy":"product_cat","embeddable":true,"href":"https:\/\/www.malinashop.lt\/en\/wp-json\/wp\/v2\/product_cat?post=49533"},{"taxonomy":"product_tag","embeddable":true,"href":"https:\/\/www.malinashop.lt\/en\/wp-json\/wp\/v2\/product_tag?post=49533"}],"curies":[{"name":"wp","href":"https:\/\/api.w.org\/{rel}","templated":true}]}}