{"id":44071,"date":"2025-03-11T00:59:25","date_gmt":"2025-03-10T21:59:25","guid":{"rendered":"https:\/\/malinashop.lt\/?post_type=product&#038;p=44071"},"modified":"2026-04-06T19:03:43","modified_gmt":"2026-04-06T16:03:43","slug":"mia-makeup-jelly-crush-lip-glass-04-neo-melon-lupu-blizgis-14-ml","status":"publish","type":"product","link":"https:\/\/www.malinashop.lt\/en\/shop\/mia-makeup-jelly-crush-lip-glass-04-neo-melon-lupu-blizgis-14-ml\/","title":{"rendered":"MIA MAKEUP JELLY CRUSH LIP GLASS 04 NEO-MELON l\u016bp\u0173 blizgis, 14 ml"},"content":{"rendered":"<h3><strong>MIA MAKEUP JELLY CRUSH LIP GLASS 04 NEO-MELON \u2013 spindesys ir intensyvus dr\u0117kinimas<\/strong><\/h3>\n<p>MIA MAKEUP <strong>JELLY CRUSH LIP GLASS 04 NEO-MELON<\/strong> \u2013 tai l\u016bp\u0173 blizgis, suteikiantis nepriekai\u0161ting\u0105 spindes\u012f ir ilgalaik\u012f dr\u0117kinim\u0105 be lipnumo efekto. Jo formul\u0117, praturtinta <strong>vitaminu E<\/strong> ir <strong>saul\u0117gr\u0105\u017e\u0173 s\u0117kl\u0173 aliejumi<\/strong>, intensyviai maitina, apsaugo l\u016bpas nuo i\u0161saus\u0117jimo ir suteikia subtil\u0173 persikin\u012f atspalv\u012f.<\/p>\n<h3><strong>Pagrindin\u0117s savyb\u0117s:<\/strong><\/h3>\n<p>\u2714 <strong>Veidrodinis blizgesys<\/strong> \u2013 i\u0161ry\u0161kina l\u016bp\u0173 putlum\u0105 ir suteikia prabang\u0173 efekt\u0105<br \/>\u2714 <strong>Gilus dr\u0117kinimas<\/strong> \u2013 apsaugo l\u016bpas nuo sausumo, maitina ir mink\u0161tina<br \/>\u2714 <strong>Nelipni tekst\u016bra<\/strong> \u2013 komforti\u0161ka formul\u0117, kuri nesukelia nemalonaus sukibimo<br \/>\u2714 <strong>Ilgai i\u0161liekantis efektas<\/strong> \u2013 nat\u016braliai pary\u0161kina l\u016bpas ir suteikia subtili\u0105 spalv\u0105<\/p>\n<h3><strong>Naudojimas:<\/strong><\/h3>\n<p>Norint i\u0161gauti dar ry\u0161kesn\u012f ir ilgiau i\u0161liekant\u012f efekt\u0105, prie\u0161 tepant blizg\u012f naudokite <strong>l\u016bp\u0173 kont\u016bro pie\u0161tuk\u0105<\/strong> \u2013 jis pad\u0117s tiksliai padengti l\u016bpas ir pagerins produkto i\u0161silaikym\u0105. Tepkite l\u016bp\u0173 blizg\u012f tiesiai ant l\u016bp\u0173 ir, jei reikia, u\u017etepkite pakartotinai.<\/p>\n","protected":false},"excerpt":{"rendered":"<p>MIA MAKEUP JELLY CRUSH LIP GLASS 04 NEO-MELON \u2013 spindesys ir intensyvus dr\u0117kinimas<br \/>\n MIA MAKEUP JELLY CRUSH LIP GLASS 04 NEO-MELON \u2013 tai l\u016bp\u0173 blizgis, suteikiantis nepriekai\u0161ting\u0105 spindes\u012f ir ilgalaik\u012f dr\u0117kinim\u0105 be lipnumo efekto.<\/p>\n","protected":false},"featured_media":44073,"template":"","meta":[],"product_brand":[522],"product_cat":[708,523],"product_tag":[1633],"class_list":{"0":"post-44071","1":"product","2":"type-product","3":"status-publish","4":"has-post-thumbnail","6":"product_brand-mia-makeup","7":"product_cat-lupoms","8":"product_cat-lupu-blizgiai","9":"product_tag-mia-makeup","11":"first","12":"outofstock","13":"sale","14":"taxable","15":"shipping-taxable","16":"purchasable","17":"product-type-simple"},"yoast_head":"<!-- This site is optimized with the Yoast SEO plugin v27.4 - https:\/\/yoast.com\/product\/yoast-seo-wordpress\/ -->\n<title>MIA MAKEUP JELLY CRUSH LIP GLASS 04 NEO-MELON l\u016bp\u0173 blizgis, 14 ml - MalinaShop.lt J\u016bs\u0173 sveikatai ir gro\u017eiui.<\/title>\n<meta name=\"description\" content=\"MIA MAKEUP JELLY CRUSH LIP GLASS 04 NEO-MELON \u2013 spindesys ir intensyvus dr\u0117kinimas  MIA MAKEUP JELLY CRUSH LIP GLASS 04 NEO-MELON \u2013 tai l\u016bp\u0173 blizgis, suteikiantis nepriekai\u0161ting\u0105 spindes\u012f ir ilgalaik\u012f dr\u0117kinim\u0105 be lipnumo efekto. MIA MAKEUP JELLY CRUSH LIP GLASS 04 NEO-MELON \u2013 dr\u0117kinantis, nelipnus l\u016bp\u0173 blizgesys su vitaminu E. Veidrodinis spindesys ir ilgai i\u0161liekantis efektas.\" \/>\n<meta name=\"robots\" content=\"index, follow, max-snippet:-1, max-image-preview:large, max-video-preview:-1\" \/>\n<link rel=\"canonical\" href=\"https:\/\/www.malinashop.lt\/en\/shop\/mia-makeup-jelly-crush-lip-glass-04-neo-melon-lupu-blizgis-14-ml\/\" \/>\n<meta property=\"og:locale\" content=\"en_GB\" \/>\n<meta property=\"og:type\" content=\"article\" \/>\n<meta property=\"og:title\" content=\"MIA MAKEUP JELLY CRUSH LIP GLASS 04 NEO-MELON l\u016bp\u0173 blizgis, 14 ml - MalinaShop.lt J\u016bs\u0173 sveikatai ir gro\u017eiui.\" \/>\n<meta property=\"og:description\" content=\"MIA MAKEUP JELLY CRUSH LIP GLASS 04 NEO-MELON \u2013 spindesys ir intensyvus dr\u0117kinimas  MIA MAKEUP JELLY CRUSH LIP GLASS 04 NEO-MELON \u2013 tai l\u016bp\u0173 blizgis, suteikiantis nepriekai\u0161ting\u0105 spindes\u012f ir ilgalaik\u012f dr\u0117kinim\u0105 be lipnumo efekto. MIA MAKEUP JELLY CRUSH LIP GLASS 04 NEO-MELON \u2013 dr\u0117kinantis, nelipnus l\u016bp\u0173 blizgesys su vitaminu E. Veidrodinis spindesys ir ilgai i\u0161liekantis efektas.\" \/>\n<meta property=\"og:url\" content=\"https:\/\/www.malinashop.lt\/en\/shop\/mia-makeup-jelly-crush-lip-glass-04-neo-melon-lupu-blizgis-14-ml\/\" \/>\n<meta property=\"og:site_name\" content=\"MalinaShop.lt J\u016bs\u0173 sveikatai ir gro\u017eiui.\" \/>\n<meta property=\"article:modified_time\" content=\"2026-04-06T16:03:43+00:00\" \/>\n<meta property=\"og:image\" content=\"https:\/\/www.malinashop.lt\/wp-content\/uploads\/2025\/03\/MIA-MAKEUP-JELLY-CRUSH-LIP-GLASS-04-NEO-MELON-lupu-blizgis-14-ml.webp\" \/>\n\t<meta property=\"og:image:width\" content=\"768\" \/>\n\t<meta property=\"og:image:height\" content=\"768\" \/>\n\t<meta property=\"og:image:type\" content=\"image\/webp\" \/>\n<meta name=\"twitter:card\" content=\"summary_large_image\" \/>\n<script type=\"application\/ld+json\" class=\"yoast-schema-graph\">{\"@context\":\"https:\\\/\\\/schema.org\",\"@graph\":[{\"@type\":\"WebPage\",\"@id\":\"https:\\\/\\\/www.malinashop.lt\\\/en\\\/shop\\\/mia-makeup-jelly-crush-lip-glass-04-neo-melon-lupu-blizgis-14-ml\\\/\",\"url\":\"https:\\\/\\\/www.malinashop.lt\\\/en\\\/shop\\\/mia-makeup-jelly-crush-lip-glass-04-neo-melon-lupu-blizgis-14-ml\\\/\",\"name\":\"MIA MAKEUP JELLY CRUSH LIP GLASS 04 NEO-MELON l\u016bp\u0173 blizgis, 14 ml - MalinaShop.lt J\u016bs\u0173 sveikatai ir gro\u017eiui.\",\"isPartOf\":{\"@id\":\"https:\\\/\\\/www.malinashop.lt\\\/#website\"},\"primaryImageOfPage\":{\"@id\":\"https:\\\/\\\/www.malinashop.lt\\\/en\\\/shop\\\/mia-makeup-jelly-crush-lip-glass-04-neo-melon-lupu-blizgis-14-ml\\\/#primaryimage\"},\"image\":{\"@id\":\"https:\\\/\\\/www.malinashop.lt\\\/en\\\/shop\\\/mia-makeup-jelly-crush-lip-glass-04-neo-melon-lupu-blizgis-14-ml\\\/#primaryimage\"},\"thumbnailUrl\":\"https:\\\/\\\/www.malinashop.lt\\\/wp-content\\\/uploads\\\/2025\\\/03\\\/MIA-MAKEUP-JELLY-CRUSH-LIP-GLASS-04-NEO-MELON-lupu-blizgis-14-ml.webp\",\"datePublished\":\"2025-03-10T21:59:25+00:00\",\"dateModified\":\"2026-04-06T16:03:43+00:00\",\"description\":\"MIA MAKEUP JELLY CRUSH LIP GLASS 04 NEO-MELON \u2013 spindesys ir intensyvus dr\u0117kinimas MIA MAKEUP JELLY CRUSH LIP GLASS 04 NEO-MELON \u2013 tai l\u016bp\u0173 blizgis, suteikiantis nepriekai\u0161ting\u0105 spindes\u012f ir ilgalaik\u012f dr\u0117kinim\u0105 be lipnumo efekto. MIA MAKEUP JELLY CRUSH LIP GLASS 04 NEO-MELON \u2013 dr\u0117kinantis, nelipnus l\u016bp\u0173 blizgesys su vitaminu E. Veidrodinis spindesys ir ilgai i\u0161liekantis efektas.\",\"breadcrumb\":{\"@id\":\"https:\\\/\\\/www.malinashop.lt\\\/en\\\/shop\\\/mia-makeup-jelly-crush-lip-glass-04-neo-melon-lupu-blizgis-14-ml\\\/#breadcrumb\"},\"inLanguage\":\"en-GB\",\"potentialAction\":[{\"@type\":\"ReadAction\",\"target\":[\"https:\\\/\\\/www.malinashop.lt\\\/en\\\/shop\\\/mia-makeup-jelly-crush-lip-glass-04-neo-melon-lupu-blizgis-14-ml\\\/\"]}]},{\"@type\":\"ImageObject\",\"inLanguage\":\"en-GB\",\"@id\":\"https:\\\/\\\/www.malinashop.lt\\\/en\\\/shop\\\/mia-makeup-jelly-crush-lip-glass-04-neo-melon-lupu-blizgis-14-ml\\\/#primaryimage\",\"url\":\"https:\\\/\\\/www.malinashop.lt\\\/wp-content\\\/uploads\\\/2025\\\/03\\\/MIA-MAKEUP-JELLY-CRUSH-LIP-GLASS-04-NEO-MELON-lupu-blizgis-14-ml.webp\",\"contentUrl\":\"https:\\\/\\\/www.malinashop.lt\\\/wp-content\\\/uploads\\\/2025\\\/03\\\/MIA-MAKEUP-JELLY-CRUSH-LIP-GLASS-04-NEO-MELON-lupu-blizgis-14-ml.webp\",\"width\":768,\"height\":768},{\"@type\":\"BreadcrumbList\",\"@id\":\"https:\\\/\\\/www.malinashop.lt\\\/en\\\/shop\\\/mia-makeup-jelly-crush-lip-glass-04-neo-melon-lupu-blizgis-14-ml\\\/#breadcrumb\",\"itemListElement\":[{\"@type\":\"ListItem\",\"position\":1,\"name\":\"Pagrindinis\",\"item\":\"https:\\\/\\\/www.malinashop.lt\\\/\"},{\"@type\":\"ListItem\",\"position\":2,\"name\":\"Parduotuv\u0117\",\"item\":\"https:\\\/\\\/www.malinashop.lt\\\/en\\\/parduotuve\\\/\"},{\"@type\":\"ListItem\",\"position\":3,\"name\":\"MIA MAKEUP JELLY CRUSH LIP GLASS 04 NEO-MELON l\u016bp\u0173 blizgis, 14 ml\"}]},{\"@type\":\"WebSite\",\"@id\":\"https:\\\/\\\/www.malinashop.lt\\\/#website\",\"url\":\"https:\\\/\\\/www.malinashop.lt\\\/\",\"name\":\"COM Group Ecommerce\",\"description\":\"MalinaShop.lt - Gro\u017eio ir sveikatos produktai i\u0161 patikim\u0173 preki\u0173 \u017eenkl\u0173. Atraskite auk\u0161tos kokyb\u0117s kosmetik\u0105 u\u017e puiki\u0105 kain\u0105.\",\"publisher\":{\"@id\":\"https:\\\/\\\/www.malinashop.lt\\\/#organization\"},\"potentialAction\":[{\"@type\":\"SearchAction\",\"target\":{\"@type\":\"EntryPoint\",\"urlTemplate\":\"https:\\\/\\\/www.malinashop.lt\\\/?s={search_term_string}\"},\"query-input\":{\"@type\":\"PropertyValueSpecification\",\"valueRequired\":true,\"valueName\":\"search_term_string\"}}],\"inLanguage\":\"en-GB\"},{\"@type\":\"Organization\",\"@id\":\"https:\\\/\\\/www.malinashop.lt\\\/#organization\",\"name\":\"COM Group Ecommerce\",\"url\":\"https:\\\/\\\/www.malinashop.lt\\\/\",\"logo\":{\"@type\":\"ImageObject\",\"inLanguage\":\"en-GB\",\"@id\":\"https:\\\/\\\/www.malinashop.lt\\\/#\\\/schema\\\/logo\\\/image\\\/\",\"url\":\"https:\\\/\\\/www.malinashop.lt\\\/wp-content\\\/uploads\\\/2024\\\/08\\\/462559670_3787732518133670_9795632669273463_n-e1731525914575.png\",\"contentUrl\":\"https:\\\/\\\/www.malinashop.lt\\\/wp-content\\\/uploads\\\/2024\\\/08\\\/462559670_3787732518133670_9795632669273463_n-e1731525914575.png\",\"width\":180,\"height\":60,\"caption\":\"COM Group Ecommerce\"},\"image\":{\"@id\":\"https:\\\/\\\/www.malinashop.lt\\\/#\\\/schema\\\/logo\\\/image\\\/\"}}]}<\/script>\n<!-- \/ Yoast SEO plugin. -->","yoast_head_json":{"title":"MIA MAKEUP JELLY CRUSH LIP GLASS 04 NEO-MELON l\u016bp\u0173 blizgis, 14 ml - MalinaShop.lt J\u016bs\u0173 sveikatai ir gro\u017eiui.","description":"MIA MAKEUP JELLY CRUSH LIP GLASS 04 NEO-MELON \u2013 spindesys ir intensyvus dr\u0117kinimas  MIA MAKEUP JELLY CRUSH LIP GLASS 04 NEO-MELON \u2013 tai l\u016bp\u0173 blizgis, suteikiantis nepriekai\u0161ting\u0105 spindes\u012f ir ilgalaik\u012f dr\u0117kinim\u0105 be lipnumo efekto. MIA MAKEUP JELLY CRUSH LIP GLASS 04 NEO-MELON \u2013 dr\u0117kinantis, nelipnus l\u016bp\u0173 blizgesys su vitaminu E. Veidrodinis spindesys ir ilgai i\u0161liekantis efektas.","robots":{"index":"index","follow":"follow","max-snippet":"max-snippet:-1","max-image-preview":"max-image-preview:large","max-video-preview":"max-video-preview:-1"},"canonical":"https:\/\/www.malinashop.lt\/en\/shop\/mia-makeup-jelly-crush-lip-glass-04-neo-melon-lupu-blizgis-14-ml\/","og_locale":"en_GB","og_type":"article","og_title":"MIA MAKEUP JELLY CRUSH LIP GLASS 04 NEO-MELON l\u016bp\u0173 blizgis, 14 ml - MalinaShop.lt J\u016bs\u0173 sveikatai ir gro\u017eiui.","og_description":"MIA MAKEUP JELLY CRUSH LIP GLASS 04 NEO-MELON \u2013 spindesys ir intensyvus dr\u0117kinimas  MIA MAKEUP JELLY CRUSH LIP GLASS 04 NEO-MELON \u2013 tai l\u016bp\u0173 blizgis, suteikiantis nepriekai\u0161ting\u0105 spindes\u012f ir ilgalaik\u012f dr\u0117kinim\u0105 be lipnumo efekto. MIA MAKEUP JELLY CRUSH LIP GLASS 04 NEO-MELON \u2013 dr\u0117kinantis, nelipnus l\u016bp\u0173 blizgesys su vitaminu E. Veidrodinis spindesys ir ilgai i\u0161liekantis efektas.","og_url":"https:\/\/www.malinashop.lt\/en\/shop\/mia-makeup-jelly-crush-lip-glass-04-neo-melon-lupu-blizgis-14-ml\/","og_site_name":"MalinaShop.lt J\u016bs\u0173 sveikatai ir gro\u017eiui.","article_modified_time":"2026-04-06T16:03:43+00:00","og_image":[{"width":768,"height":768,"url":"https:\/\/www.malinashop.lt\/wp-content\/uploads\/2025\/03\/MIA-MAKEUP-JELLY-CRUSH-LIP-GLASS-04-NEO-MELON-lupu-blizgis-14-ml.webp","type":"image\/webp"}],"twitter_card":"summary_large_image","schema":{"@context":"https:\/\/schema.org","@graph":[{"@type":"WebPage","@id":"https:\/\/www.malinashop.lt\/en\/shop\/mia-makeup-jelly-crush-lip-glass-04-neo-melon-lupu-blizgis-14-ml\/","url":"https:\/\/www.malinashop.lt\/en\/shop\/mia-makeup-jelly-crush-lip-glass-04-neo-melon-lupu-blizgis-14-ml\/","name":"MIA MAKEUP JELLY CRUSH LIP GLASS 04 NEO-MELON l\u016bp\u0173 blizgis, 14 ml - MalinaShop.lt J\u016bs\u0173 sveikatai ir gro\u017eiui.","isPartOf":{"@id":"https:\/\/www.malinashop.lt\/#website"},"primaryImageOfPage":{"@id":"https:\/\/www.malinashop.lt\/en\/shop\/mia-makeup-jelly-crush-lip-glass-04-neo-melon-lupu-blizgis-14-ml\/#primaryimage"},"image":{"@id":"https:\/\/www.malinashop.lt\/en\/shop\/mia-makeup-jelly-crush-lip-glass-04-neo-melon-lupu-blizgis-14-ml\/#primaryimage"},"thumbnailUrl":"https:\/\/www.malinashop.lt\/wp-content\/uploads\/2025\/03\/MIA-MAKEUP-JELLY-CRUSH-LIP-GLASS-04-NEO-MELON-lupu-blizgis-14-ml.webp","datePublished":"2025-03-10T21:59:25+00:00","dateModified":"2026-04-06T16:03:43+00:00","description":"MIA MAKEUP JELLY CRUSH LIP GLASS 04 NEO-MELON \u2013 spindesys ir intensyvus dr\u0117kinimas MIA MAKEUP JELLY CRUSH LIP GLASS 04 NEO-MELON \u2013 tai l\u016bp\u0173 blizgis, suteikiantis nepriekai\u0161ting\u0105 spindes\u012f ir ilgalaik\u012f dr\u0117kinim\u0105 be lipnumo efekto. MIA MAKEUP JELLY CRUSH LIP GLASS 04 NEO-MELON \u2013 dr\u0117kinantis, nelipnus l\u016bp\u0173 blizgesys su vitaminu E. Veidrodinis spindesys ir ilgai i\u0161liekantis efektas.","breadcrumb":{"@id":"https:\/\/www.malinashop.lt\/en\/shop\/mia-makeup-jelly-crush-lip-glass-04-neo-melon-lupu-blizgis-14-ml\/#breadcrumb"},"inLanguage":"en-GB","potentialAction":[{"@type":"ReadAction","target":["https:\/\/www.malinashop.lt\/en\/shop\/mia-makeup-jelly-crush-lip-glass-04-neo-melon-lupu-blizgis-14-ml\/"]}]},{"@type":"ImageObject","inLanguage":"en-GB","@id":"https:\/\/www.malinashop.lt\/en\/shop\/mia-makeup-jelly-crush-lip-glass-04-neo-melon-lupu-blizgis-14-ml\/#primaryimage","url":"https:\/\/www.malinashop.lt\/wp-content\/uploads\/2025\/03\/MIA-MAKEUP-JELLY-CRUSH-LIP-GLASS-04-NEO-MELON-lupu-blizgis-14-ml.webp","contentUrl":"https:\/\/www.malinashop.lt\/wp-content\/uploads\/2025\/03\/MIA-MAKEUP-JELLY-CRUSH-LIP-GLASS-04-NEO-MELON-lupu-blizgis-14-ml.webp","width":768,"height":768},{"@type":"BreadcrumbList","@id":"https:\/\/www.malinashop.lt\/en\/shop\/mia-makeup-jelly-crush-lip-glass-04-neo-melon-lupu-blizgis-14-ml\/#breadcrumb","itemListElement":[{"@type":"ListItem","position":1,"name":"Pagrindinis","item":"https:\/\/www.malinashop.lt\/"},{"@type":"ListItem","position":2,"name":"Parduotuv\u0117","item":"https:\/\/www.malinashop.lt\/en\/parduotuve\/"},{"@type":"ListItem","position":3,"name":"MIA MAKEUP JELLY CRUSH LIP GLASS 04 NEO-MELON l\u016bp\u0173 blizgis, 14 ml"}]},{"@type":"WebSite","@id":"https:\/\/www.malinashop.lt\/#website","url":"https:\/\/www.malinashop.lt\/","name":"COM Group Ecommerce","description":"MalinaShop.lt - Gro\u017eio ir sveikatos produktai i\u0161 patikim\u0173 preki\u0173 \u017eenkl\u0173. Atraskite auk\u0161tos kokyb\u0117s kosmetik\u0105 u\u017e puiki\u0105 kain\u0105.","publisher":{"@id":"https:\/\/www.malinashop.lt\/#organization"},"potentialAction":[{"@type":"SearchAction","target":{"@type":"EntryPoint","urlTemplate":"https:\/\/www.malinashop.lt\/?s={search_term_string}"},"query-input":{"@type":"PropertyValueSpecification","valueRequired":true,"valueName":"search_term_string"}}],"inLanguage":"en-GB"},{"@type":"Organization","@id":"https:\/\/www.malinashop.lt\/#organization","name":"COM Group Ecommerce","url":"https:\/\/www.malinashop.lt\/","logo":{"@type":"ImageObject","inLanguage":"en-GB","@id":"https:\/\/www.malinashop.lt\/#\/schema\/logo\/image\/","url":"https:\/\/www.malinashop.lt\/wp-content\/uploads\/2024\/08\/462559670_3787732518133670_9795632669273463_n-e1731525914575.png","contentUrl":"https:\/\/www.malinashop.lt\/wp-content\/uploads\/2024\/08\/462559670_3787732518133670_9795632669273463_n-e1731525914575.png","width":180,"height":60,"caption":"COM Group Ecommerce"},"image":{"@id":"https:\/\/www.malinashop.lt\/#\/schema\/logo\/image\/"}}]}},"jetpack_sharing_enabled":true,"_links":{"self":[{"href":"https:\/\/www.malinashop.lt\/en\/wp-json\/wp\/v2\/product\/44071","targetHints":{"allow":["GET"]}}],"collection":[{"href":"https:\/\/www.malinashop.lt\/en\/wp-json\/wp\/v2\/product"}],"about":[{"href":"https:\/\/www.malinashop.lt\/en\/wp-json\/wp\/v2\/types\/product"}],"version-history":[{"count":2,"href":"https:\/\/www.malinashop.lt\/en\/wp-json\/wp\/v2\/product\/44071\/revisions"}],"predecessor-version":[{"id":76318,"href":"https:\/\/www.malinashop.lt\/en\/wp-json\/wp\/v2\/product\/44071\/revisions\/76318"}],"wp:featuredmedia":[{"embeddable":true,"href":"https:\/\/www.malinashop.lt\/en\/wp-json\/wp\/v2\/media\/44073"}],"wp:attachment":[{"href":"https:\/\/www.malinashop.lt\/en\/wp-json\/wp\/v2\/media?parent=44071"}],"wp:term":[{"taxonomy":"product_brand","embeddable":true,"href":"https:\/\/www.malinashop.lt\/en\/wp-json\/wp\/v2\/product_brand?post=44071"},{"taxonomy":"product_cat","embeddable":true,"href":"https:\/\/www.malinashop.lt\/en\/wp-json\/wp\/v2\/product_cat?post=44071"},{"taxonomy":"product_tag","embeddable":true,"href":"https:\/\/www.malinashop.lt\/en\/wp-json\/wp\/v2\/product_tag?post=44071"}],"curies":[{"name":"wp","href":"https:\/\/api.w.org\/{rel}","templated":true}]}}