{"id":42137,"date":"2025-02-24T16:25:22","date_gmt":"2025-02-24T13:25:22","guid":{"rendered":"https:\/\/malinashop.lt\/?post_type=product&#038;p=42137"},"modified":"2026-02-10T13:32:39","modified_gmt":"2026-02-10T10:32:39","slug":"sampunas-sausiems-plaukams-su-greipfrutais-ir-provitaminu-b5-blumin-tahe","status":"publish","type":"product","link":"https:\/\/www.malinashop.lt\/en\/shop\/sampunas-sausiems-plaukams-su-greipfrutais-ir-provitaminu-b5-blumin-tahe\/","title":{"rendered":"TAHE \u0161amp\u016bnas sausiems plaukams su greipfrutais ir provitaminu B5 Blumin"},"content":{"rendered":"<p data-start=\"0\" data-end=\"113\"><strong data-start=\"3\" data-end=\"38\">Prek\u0117s i\u0161siuntimas per 2\/4 d.d.<\/strong><\/p>\n<p data-start=\"0\" data-end=\"113\"><strong data-start=\"0\" data-end=\"111\">Glotninantis \u0161amp\u016bnas sausiems plaukams su greipfrutais ir provitaminu B5 \u2013 intensyvi dr\u0117kinamoji prie\u017ei\u016bra<\/strong><\/p>\n<p data-start=\"115\" data-end=\"532\">Atraskite gaiv\u0173 ir efektyv\u0173 glotninant\u012f \u0161amp\u016bn\u0105 su greipfrut\u0173 ekstraktu ir provitaminu B5, sukurt\u0105 specialiai sausiems ir dehidratuotiems plaukams. \u0160velni formul\u0117 valo, dr\u0117kina ir apsaugo plaukus bei galvos od\u0105 nuo neigiamo aplinkos poveikio. Provitaminas B5 (D-pantenolis) giliai maitina plaukus, ma\u017eina sausum\u0105 ir trapum\u0105, suteikia nat\u016bralaus \u017evilgesio bei padeda kovoti su plauk\u0173 slinkimu, skatindamas j\u0173 augim\u0105.<\/p>\n<h3 data-start=\"534\" data-end=\"555\"><strong data-start=\"538\" data-end=\"553\">Naudojimas:<\/strong><\/h3>\n<p data-start=\"556\" data-end=\"741\">Sudr\u0117kinkite plaukus, \u0161velniai \u012fmasa\u017euokite \u0161amp\u016bn\u0105 \u012f galvos od\u0105 ir plaukus, palikite veikti kelet\u0105 minu\u010di\u0173, tuomet nuplaukite dideliu kiekiu vandens. Jei reikia, pakartokite proces\u0105.<\/p>\n<h3 data-start=\"743\" data-end=\"774\"><strong data-start=\"747\" data-end=\"772\">Apie \u201eTahe\u201c kosmetik\u0105<\/strong><\/h3>\n<p data-start=\"775\" data-end=\"1022\">\u201eTahe\u201c \u2013 Ispanijoje gaminama profesionali plauk\u0173 prie\u017ei\u016bros kosmetika, kuri sujungia pa\u017eangias technologijas ir nat\u016bralius ingredientus. Visi produktai kuriami tausojant aplink\u0105, naudojant ekologi\u0161kas med\u017eiagas ir 100 % atsinaujinan\u010di\u0105 energij\u0105.<\/p>\n<p>&nbsp;<\/p>\n","protected":false},"excerpt":{"rendered":"<p>Koncentruotas \u0161amp\u016bnas i\u0161saus\u0117jusiems plaukams.<\/p>\n<p>Atkuria ir maitina pa\u017eeistus plaukus.<\/p>\n<p>Suma\u017eina pasi\u0161iau\u0161im\u0105 ir suteikia plaukams reikaling\u0105 dr\u0117kinim\u0105.<\/p>\n<p>Su greipfrutais ir provitaminu B5.<\/p>\n<p>T\u016bris: 1000 ml.<\/p>\n","protected":false},"featured_media":42242,"template":"","meta":[],"product_brand":[520],"product_cat":[1137,185,1299,562],"product_tag":[1637],"class_list":{"0":"post-42137","1":"product","2":"type-product","3":"status-publish","4":"has-post-thumbnail","6":"product_brand-tahe","7":"product_cat-dovanos","8":"product_cat-plauku-sampunai","9":"product_cat-produktai-su-dovanomis","10":"product_cat-sandelio-valymas","11":"product_tag-tahe","13":"first","14":"instock","15":"sale","16":"taxable","17":"shipping-taxable","18":"purchasable","19":"product-type-simple"},"yoast_head":"<!-- This site is optimized with the Yoast SEO plugin v27.4 - https:\/\/yoast.com\/product\/yoast-seo-wordpress\/ -->\n<title>TAHE \u0161amp\u016bnas sausiems plaukams su greipfrutais ir provitaminu B5 Blumin - MalinaShop.lt J\u016bs\u0173 sveikatai ir gro\u017eiui.<\/title>\n<meta name=\"description\" content=\"Koncentruotas \u0161amp\u016bnas i\u0161saus\u0117jusiems plaukams.  Atkuria ir maitina pa\u017eeistus plaukus.  Suma\u017eina pasi\u0161iau\u0161im\u0105 ir suteikia plaukams reikaling\u0105 dr\u0117kinim\u0105.  Su greipfrutais ir provitaminu B5.  T\u016bris: 1000 ml. Glotninantis \u0161amp\u016bnas su greipfrutais ir provitaminu B5 \u2013 dr\u0117kinimas, apsauga ir \u017evilgesys sausiems plaukams. \u0160velnus valymas ir intensyvi prie\u017ei\u016bra kasdien!\" \/>\n<meta name=\"robots\" content=\"index, follow, max-snippet:-1, max-image-preview:large, max-video-preview:-1\" \/>\n<link rel=\"canonical\" href=\"https:\/\/www.malinashop.lt\/en\/shop\/sampunas-sausiems-plaukams-su-greipfrutais-ir-provitaminu-b5-blumin-tahe\/\" \/>\n<meta property=\"og:locale\" content=\"en_GB\" \/>\n<meta property=\"og:type\" content=\"article\" \/>\n<meta property=\"og:title\" content=\"TAHE \u0161amp\u016bnas sausiems plaukams su greipfrutais ir provitaminu B5 Blumin - MalinaShop.lt J\u016bs\u0173 sveikatai ir gro\u017eiui.\" \/>\n<meta property=\"og:description\" content=\"Koncentruotas \u0161amp\u016bnas i\u0161saus\u0117jusiems plaukams.  Atkuria ir maitina pa\u017eeistus plaukus.  Suma\u017eina pasi\u0161iau\u0161im\u0105 ir suteikia plaukams reikaling\u0105 dr\u0117kinim\u0105.  Su greipfrutais ir provitaminu B5.  T\u016bris: 1000 ml. Glotninantis \u0161amp\u016bnas su greipfrutais ir provitaminu B5 \u2013 dr\u0117kinimas, apsauga ir \u017evilgesys sausiems plaukams. \u0160velnus valymas ir intensyvi prie\u017ei\u016bra kasdien!\" \/>\n<meta property=\"og:url\" content=\"https:\/\/www.malinashop.lt\/en\/shop\/sampunas-sausiems-plaukams-su-greipfrutais-ir-provitaminu-b5-blumin-tahe\/\" \/>\n<meta property=\"og:site_name\" content=\"MalinaShop.lt J\u016bs\u0173 sveikatai ir gro\u017eiui.\" \/>\n<meta property=\"article:modified_time\" content=\"2026-02-10T10:32:39+00:00\" \/>\n<meta property=\"og:image\" content=\"https:\/\/www.malinashop.lt\/wp-content\/uploads\/2025\/02\/tahe-blumin-champu-efecto-anti-frizz-pomelo-y-provitamina-b5-1000ml-1.jpg\" \/>\n\t<meta property=\"og:image:width\" content=\"700\" \/>\n\t<meta property=\"og:image:height\" content=\"800\" \/>\n\t<meta property=\"og:image:type\" content=\"image\/jpeg\" \/>\n<meta name=\"twitter:card\" content=\"summary_large_image\" \/>\n<script type=\"application\/ld+json\" class=\"yoast-schema-graph\">{\"@context\":\"https:\\\/\\\/schema.org\",\"@graph\":[{\"@type\":\"WebPage\",\"@id\":\"https:\\\/\\\/www.malinashop.lt\\\/lt_lt\\\/shop\\\/sampunas-sausiems-plaukams-su-greipfrutais-ir-provitaminu-b5-blumin-tahe\\\/\",\"url\":\"https:\\\/\\\/www.malinashop.lt\\\/lt_lt\\\/shop\\\/sampunas-sausiems-plaukams-su-greipfrutais-ir-provitaminu-b5-blumin-tahe\\\/\",\"name\":\"TAHE \u0161amp\u016bnas sausiems plaukams su greipfrutais ir provitaminu B5 Blumin - MalinaShop.lt J\u016bs\u0173 sveikatai ir gro\u017eiui.\",\"isPartOf\":{\"@id\":\"https:\\\/\\\/www.malinashop.lt\\\/en\\\/#website\"},\"primaryImageOfPage\":{\"@id\":\"https:\\\/\\\/www.malinashop.lt\\\/lt_lt\\\/shop\\\/sampunas-sausiems-plaukams-su-greipfrutais-ir-provitaminu-b5-blumin-tahe\\\/#primaryimage\"},\"image\":{\"@id\":\"https:\\\/\\\/www.malinashop.lt\\\/lt_lt\\\/shop\\\/sampunas-sausiems-plaukams-su-greipfrutais-ir-provitaminu-b5-blumin-tahe\\\/#primaryimage\"},\"thumbnailUrl\":\"https:\\\/\\\/www.malinashop.lt\\\/wp-content\\\/uploads\\\/2025\\\/02\\\/tahe-blumin-champu-efecto-anti-frizz-pomelo-y-provitamina-b5-1000ml-1.jpg\",\"datePublished\":\"2025-02-24T13:25:22+00:00\",\"dateModified\":\"2026-02-10T10:32:39+00:00\",\"description\":\"Koncentruotas \u0161amp\u016bnas i\u0161saus\u0117jusiems plaukams. Atkuria ir maitina pa\u017eeistus plaukus. Suma\u017eina pasi\u0161iau\u0161im\u0105 ir suteikia plaukams reikaling\u0105 dr\u0117kinim\u0105. Su greipfrutais ir provitaminu B5. T\u016bris: 1000 ml. Glotninantis \u0161amp\u016bnas su greipfrutais ir provitaminu B5 \u2013 dr\u0117kinimas, apsauga ir \u017evilgesys sausiems plaukams. \u0160velnus valymas ir intensyvi prie\u017ei\u016bra kasdien!\",\"breadcrumb\":{\"@id\":\"https:\\\/\\\/www.malinashop.lt\\\/lt_lt\\\/shop\\\/sampunas-sausiems-plaukams-su-greipfrutais-ir-provitaminu-b5-blumin-tahe\\\/#breadcrumb\"},\"inLanguage\":\"en-GB\",\"potentialAction\":[{\"@type\":\"ReadAction\",\"target\":[\"https:\\\/\\\/www.malinashop.lt\\\/lt_lt\\\/shop\\\/sampunas-sausiems-plaukams-su-greipfrutais-ir-provitaminu-b5-blumin-tahe\\\/\"]}]},{\"@type\":\"ImageObject\",\"inLanguage\":\"en-GB\",\"@id\":\"https:\\\/\\\/www.malinashop.lt\\\/lt_lt\\\/shop\\\/sampunas-sausiems-plaukams-su-greipfrutais-ir-provitaminu-b5-blumin-tahe\\\/#primaryimage\",\"url\":\"https:\\\/\\\/www.malinashop.lt\\\/wp-content\\\/uploads\\\/2025\\\/02\\\/tahe-blumin-champu-efecto-anti-frizz-pomelo-y-provitamina-b5-1000ml-1.jpg\",\"contentUrl\":\"https:\\\/\\\/www.malinashop.lt\\\/wp-content\\\/uploads\\\/2025\\\/02\\\/tahe-blumin-champu-efecto-anti-frizz-pomelo-y-provitamina-b5-1000ml-1.jpg\",\"width\":700,\"height\":800},{\"@type\":\"BreadcrumbList\",\"@id\":\"https:\\\/\\\/www.malinashop.lt\\\/lt_lt\\\/shop\\\/sampunas-sausiems-plaukams-su-greipfrutais-ir-provitaminu-b5-blumin-tahe\\\/#breadcrumb\",\"itemListElement\":[{\"@type\":\"ListItem\",\"position\":1,\"name\":\"Home\",\"item\":\"https:\\\/\\\/www.malinashop.lt\\\/\"},{\"@type\":\"ListItem\",\"position\":2,\"name\":\"Parduotuv\u0117\",\"item\":\"https:\\\/\\\/www.malinashop.lt\\\/en\\\/parduotuve\\\/\"},{\"@type\":\"ListItem\",\"position\":3,\"name\":\"TAHE \u0161amp\u016bnas sausiems plaukams su greipfrutais ir provitaminu B5 Blumin\"}]},{\"@type\":\"WebSite\",\"@id\":\"https:\\\/\\\/www.malinashop.lt\\\/en\\\/#website\",\"url\":\"https:\\\/\\\/www.malinashop.lt\\\/en\\\/\",\"name\":\"COM Group Ecommerce\",\"description\":\"MalinaShop.lt - Gro\u017eio ir sveikatos produktai i\u0161 patikim\u0173 preki\u0173 \u017eenkl\u0173. Atraskite auk\u0161tos kokyb\u0117s kosmetik\u0105 u\u017e puiki\u0105 kain\u0105.\",\"publisher\":{\"@id\":\"https:\\\/\\\/www.malinashop.lt\\\/en\\\/#organization\"},\"potentialAction\":[{\"@type\":\"SearchAction\",\"target\":{\"@type\":\"EntryPoint\",\"urlTemplate\":\"https:\\\/\\\/www.malinashop.lt\\\/en\\\/?s={search_term_string}\"},\"query-input\":{\"@type\":\"PropertyValueSpecification\",\"valueRequired\":true,\"valueName\":\"search_term_string\"}}],\"inLanguage\":\"en-GB\"},{\"@type\":\"Organization\",\"@id\":\"https:\\\/\\\/www.malinashop.lt\\\/en\\\/#organization\",\"name\":\"COM Group Ecommerce\",\"url\":\"https:\\\/\\\/www.malinashop.lt\\\/en\\\/\",\"logo\":{\"@type\":\"ImageObject\",\"inLanguage\":\"en-GB\",\"@id\":\"https:\\\/\\\/www.malinashop.lt\\\/en\\\/#\\\/schema\\\/logo\\\/image\\\/\",\"url\":\"https:\\\/\\\/www.malinashop.lt\\\/wp-content\\\/uploads\\\/2024\\\/08\\\/462559670_3787732518133670_9795632669273463_n-e1731525914575.png\",\"contentUrl\":\"https:\\\/\\\/www.malinashop.lt\\\/wp-content\\\/uploads\\\/2024\\\/08\\\/462559670_3787732518133670_9795632669273463_n-e1731525914575.png\",\"width\":180,\"height\":60,\"caption\":\"COM Group Ecommerce\"},\"image\":{\"@id\":\"https:\\\/\\\/www.malinashop.lt\\\/en\\\/#\\\/schema\\\/logo\\\/image\\\/\"}}]}<\/script>\n<!-- \/ Yoast SEO plugin. -->","yoast_head_json":{"title":"TAHE \u0161amp\u016bnas sausiems plaukams su greipfrutais ir provitaminu B5 Blumin - MalinaShop.lt J\u016bs\u0173 sveikatai ir gro\u017eiui.","description":"Koncentruotas \u0161amp\u016bnas i\u0161saus\u0117jusiems plaukams.  Atkuria ir maitina pa\u017eeistus plaukus.  Suma\u017eina pasi\u0161iau\u0161im\u0105 ir suteikia plaukams reikaling\u0105 dr\u0117kinim\u0105.  Su greipfrutais ir provitaminu B5.  T\u016bris: 1000 ml. Glotninantis \u0161amp\u016bnas su greipfrutais ir provitaminu B5 \u2013 dr\u0117kinimas, apsauga ir \u017evilgesys sausiems plaukams. \u0160velnus valymas ir intensyvi prie\u017ei\u016bra kasdien!","robots":{"index":"index","follow":"follow","max-snippet":"max-snippet:-1","max-image-preview":"max-image-preview:large","max-video-preview":"max-video-preview:-1"},"canonical":"https:\/\/www.malinashop.lt\/en\/shop\/sampunas-sausiems-plaukams-su-greipfrutais-ir-provitaminu-b5-blumin-tahe\/","og_locale":"en_GB","og_type":"article","og_title":"TAHE \u0161amp\u016bnas sausiems plaukams su greipfrutais ir provitaminu B5 Blumin - MalinaShop.lt J\u016bs\u0173 sveikatai ir gro\u017eiui.","og_description":"Koncentruotas \u0161amp\u016bnas i\u0161saus\u0117jusiems plaukams.  Atkuria ir maitina pa\u017eeistus plaukus.  Suma\u017eina pasi\u0161iau\u0161im\u0105 ir suteikia plaukams reikaling\u0105 dr\u0117kinim\u0105.  Su greipfrutais ir provitaminu B5.  T\u016bris: 1000 ml. Glotninantis \u0161amp\u016bnas su greipfrutais ir provitaminu B5 \u2013 dr\u0117kinimas, apsauga ir \u017evilgesys sausiems plaukams. \u0160velnus valymas ir intensyvi prie\u017ei\u016bra kasdien!","og_url":"https:\/\/www.malinashop.lt\/en\/shop\/sampunas-sausiems-plaukams-su-greipfrutais-ir-provitaminu-b5-blumin-tahe\/","og_site_name":"MalinaShop.lt J\u016bs\u0173 sveikatai ir gro\u017eiui.","article_modified_time":"2026-02-10T10:32:39+00:00","og_image":[{"width":700,"height":800,"url":"https:\/\/www.malinashop.lt\/wp-content\/uploads\/2025\/02\/tahe-blumin-champu-efecto-anti-frizz-pomelo-y-provitamina-b5-1000ml-1.jpg","type":"image\/jpeg"}],"twitter_card":"summary_large_image","schema":{"@context":"https:\/\/schema.org","@graph":[{"@type":"WebPage","@id":"https:\/\/www.malinashop.lt\/lt_lt\/shop\/sampunas-sausiems-plaukams-su-greipfrutais-ir-provitaminu-b5-blumin-tahe\/","url":"https:\/\/www.malinashop.lt\/lt_lt\/shop\/sampunas-sausiems-plaukams-su-greipfrutais-ir-provitaminu-b5-blumin-tahe\/","name":"TAHE \u0161amp\u016bnas sausiems plaukams su greipfrutais ir provitaminu B5 Blumin - MalinaShop.lt J\u016bs\u0173 sveikatai ir gro\u017eiui.","isPartOf":{"@id":"https:\/\/www.malinashop.lt\/en\/#website"},"primaryImageOfPage":{"@id":"https:\/\/www.malinashop.lt\/lt_lt\/shop\/sampunas-sausiems-plaukams-su-greipfrutais-ir-provitaminu-b5-blumin-tahe\/#primaryimage"},"image":{"@id":"https:\/\/www.malinashop.lt\/lt_lt\/shop\/sampunas-sausiems-plaukams-su-greipfrutais-ir-provitaminu-b5-blumin-tahe\/#primaryimage"},"thumbnailUrl":"https:\/\/www.malinashop.lt\/wp-content\/uploads\/2025\/02\/tahe-blumin-champu-efecto-anti-frizz-pomelo-y-provitamina-b5-1000ml-1.jpg","datePublished":"2025-02-24T13:25:22+00:00","dateModified":"2026-02-10T10:32:39+00:00","description":"Koncentruotas \u0161amp\u016bnas i\u0161saus\u0117jusiems plaukams. Atkuria ir maitina pa\u017eeistus plaukus. Suma\u017eina pasi\u0161iau\u0161im\u0105 ir suteikia plaukams reikaling\u0105 dr\u0117kinim\u0105. Su greipfrutais ir provitaminu B5. T\u016bris: 1000 ml. Glotninantis \u0161amp\u016bnas su greipfrutais ir provitaminu B5 \u2013 dr\u0117kinimas, apsauga ir \u017evilgesys sausiems plaukams. \u0160velnus valymas ir intensyvi prie\u017ei\u016bra kasdien!","breadcrumb":{"@id":"https:\/\/www.malinashop.lt\/lt_lt\/shop\/sampunas-sausiems-plaukams-su-greipfrutais-ir-provitaminu-b5-blumin-tahe\/#breadcrumb"},"inLanguage":"en-GB","potentialAction":[{"@type":"ReadAction","target":["https:\/\/www.malinashop.lt\/lt_lt\/shop\/sampunas-sausiems-plaukams-su-greipfrutais-ir-provitaminu-b5-blumin-tahe\/"]}]},{"@type":"ImageObject","inLanguage":"en-GB","@id":"https:\/\/www.malinashop.lt\/lt_lt\/shop\/sampunas-sausiems-plaukams-su-greipfrutais-ir-provitaminu-b5-blumin-tahe\/#primaryimage","url":"https:\/\/www.malinashop.lt\/wp-content\/uploads\/2025\/02\/tahe-blumin-champu-efecto-anti-frizz-pomelo-y-provitamina-b5-1000ml-1.jpg","contentUrl":"https:\/\/www.malinashop.lt\/wp-content\/uploads\/2025\/02\/tahe-blumin-champu-efecto-anti-frizz-pomelo-y-provitamina-b5-1000ml-1.jpg","width":700,"height":800},{"@type":"BreadcrumbList","@id":"https:\/\/www.malinashop.lt\/lt_lt\/shop\/sampunas-sausiems-plaukams-su-greipfrutais-ir-provitaminu-b5-blumin-tahe\/#breadcrumb","itemListElement":[{"@type":"ListItem","position":1,"name":"Home","item":"https:\/\/www.malinashop.lt\/"},{"@type":"ListItem","position":2,"name":"Parduotuv\u0117","item":"https:\/\/www.malinashop.lt\/en\/parduotuve\/"},{"@type":"ListItem","position":3,"name":"TAHE \u0161amp\u016bnas sausiems plaukams su greipfrutais ir provitaminu B5 Blumin"}]},{"@type":"WebSite","@id":"https:\/\/www.malinashop.lt\/en\/#website","url":"https:\/\/www.malinashop.lt\/en\/","name":"COM Group Ecommerce","description":"MalinaShop.lt - Gro\u017eio ir sveikatos produktai i\u0161 patikim\u0173 preki\u0173 \u017eenkl\u0173. Atraskite auk\u0161tos kokyb\u0117s kosmetik\u0105 u\u017e puiki\u0105 kain\u0105.","publisher":{"@id":"https:\/\/www.malinashop.lt\/en\/#organization"},"potentialAction":[{"@type":"SearchAction","target":{"@type":"EntryPoint","urlTemplate":"https:\/\/www.malinashop.lt\/en\/?s={search_term_string}"},"query-input":{"@type":"PropertyValueSpecification","valueRequired":true,"valueName":"search_term_string"}}],"inLanguage":"en-GB"},{"@type":"Organization","@id":"https:\/\/www.malinashop.lt\/en\/#organization","name":"COM Group Ecommerce","url":"https:\/\/www.malinashop.lt\/en\/","logo":{"@type":"ImageObject","inLanguage":"en-GB","@id":"https:\/\/www.malinashop.lt\/en\/#\/schema\/logo\/image\/","url":"https:\/\/www.malinashop.lt\/wp-content\/uploads\/2024\/08\/462559670_3787732518133670_9795632669273463_n-e1731525914575.png","contentUrl":"https:\/\/www.malinashop.lt\/wp-content\/uploads\/2024\/08\/462559670_3787732518133670_9795632669273463_n-e1731525914575.png","width":180,"height":60,"caption":"COM Group Ecommerce"},"image":{"@id":"https:\/\/www.malinashop.lt\/en\/#\/schema\/logo\/image\/"}}]}},"jetpack_sharing_enabled":true,"_links":{"self":[{"href":"https:\/\/www.malinashop.lt\/en\/wp-json\/wp\/v2\/product\/42137","targetHints":{"allow":["GET"]}}],"collection":[{"href":"https:\/\/www.malinashop.lt\/en\/wp-json\/wp\/v2\/product"}],"about":[{"href":"https:\/\/www.malinashop.lt\/en\/wp-json\/wp\/v2\/types\/product"}],"version-history":[{"count":2,"href":"https:\/\/www.malinashop.lt\/en\/wp-json\/wp\/v2\/product\/42137\/revisions"}],"predecessor-version":[{"id":43347,"href":"https:\/\/www.malinashop.lt\/en\/wp-json\/wp\/v2\/product\/42137\/revisions\/43347"}],"wp:featuredmedia":[{"embeddable":true,"href":"https:\/\/www.malinashop.lt\/en\/wp-json\/wp\/v2\/media\/42242"}],"wp:attachment":[{"href":"https:\/\/www.malinashop.lt\/en\/wp-json\/wp\/v2\/media?parent=42137"}],"wp:term":[{"taxonomy":"product_brand","embeddable":true,"href":"https:\/\/www.malinashop.lt\/en\/wp-json\/wp\/v2\/product_brand?post=42137"},{"taxonomy":"product_cat","embeddable":true,"href":"https:\/\/www.malinashop.lt\/en\/wp-json\/wp\/v2\/product_cat?post=42137"},{"taxonomy":"product_tag","embeddable":true,"href":"https:\/\/www.malinashop.lt\/en\/wp-json\/wp\/v2\/product_tag?post=42137"}],"curies":[{"name":"wp","href":"https:\/\/api.w.org\/{rel}","templated":true}]}}