{"id":42009,"date":"2025-02-24T16:24:12","date_gmt":"2025-02-24T13:24:12","guid":{"rendered":"https:\/\/malinashop.lt\/?post_type=product&#038;p=42009"},"modified":"2026-04-17T08:04:08","modified_gmt":"2026-04-17T05:04:08","slug":"nenuplaunamas-dvifazis-kondicionierius-visu-tipu-plaukams-bio-fluid-tahe-300-ml","status":"publish","type":"product","link":"https:\/\/www.malinashop.lt\/en\/shop\/nenuplaunamas-dvifazis-kondicionierius-visu-tipu-plaukams-bio-fluid-tahe-300-ml\/","title":{"rendered":"TAHE nenuplaunamas dvifazis kondicionierius vis\u0173 tip\u0173 plaukams Bio-Fluid"},"content":{"rendered":"<p><strong data-start=\"3\" data-end=\"38\">Prek\u0117s i\u0161siuntimas per 2\/4 d.d.<\/strong><\/p>\n<p>&nbsp;<\/p>\n<p data-start=\"31\" data-end=\"384\"><strong data-start=\"31\" data-end=\"92\">Nenuplaunamas dvifazis kondicionierius vis\u0173 tip\u0173 plaukams<\/strong> \u2013 su lengva, momentinio veikimo formule. \u0160is kondicionierius, praturtintas dr\u0117kinan\u010diomis ir restrukt\u016brizuojan\u010diomis veikliosiomis med\u017eiagomis, grynu keratinu ir brazili\u0161kais rie\u0161utais, suteikia plaukams \u0161velnumo ir blizgesio. Akimirksniu atgaivina plaukus ir suteikia jiems sveik\u0105 i\u0161vaizd\u0105.<\/p>\n<p data-start=\"386\" data-end=\"925\"><strong data-start=\"386\" data-end=\"403\">Ingredientai:<\/strong> Aqua (Water), Cyclomethicone, Cyclopentasiloxane, PEG-12, Dimethicone, Dimethiconol, Polyquaternium-16, Phenyl Trimethicone, Hydrolyzed Keratin, Bertholletia Excelsa Seed Oil, PEG-40 Hydrogenated Castor Oil, Polysorbate 20, PPG-1-PEG-9 Lauryl Glycol Ether, Panthenol, Pantolactone, Phenoxyethanol, Benzoic Acid, Dehydroacetic Acid, Citric Acid, Benzophenone-4, Limonene, Hexyl Cinnamal, Linalool, Citral, Citronellol, Benzyl Salicylate, Hydroxycitronellal, Alpha-Isomethyl Ionone, Geraniol, Parfum (Fragrance), C.I.42090.<\/p>\n<p data-start=\"927\" data-end=\"1030\"><strong data-start=\"927\" data-end=\"942\">Naudojimas:<\/strong> Gerai suplakite, purk\u0161kite ant dr\u0117gn\u0173 arba saus\u0173 plauk\u0173 ir i\u0161\u0161ukuokite. Nei\u0161skalaukite.<\/p>\n<p data-start=\"1032\" data-end=\"1369\"><strong data-start=\"1032\" data-end=\"1046\">Apie Tahe:<\/strong> \u201eTahe\u201c plauk\u0173 prie\u017ei\u016bros kosmetika, pagaminta Ispanijoje, naudoja avangardines technologijas, u\u017etikrinan\u010dias produkt\u0173 efektyvum\u0105 ir saugum\u0105. Gamintojas siekia kurti auk\u0161tos kokyb\u0117s produktus, kurie ne tik r\u016bpinasi klient\u0173 sveikata, bet ir tausoj\u0105 aplink\u0105. Naudojami ekologi\u0161ki ingredientai ir 100% atsinaujinanti energija.<\/p>\n","protected":false},"excerpt":{"rendered":"<p>Momentinio veikimo nenuplaunamas dvifazis kondicionierius vis\u0173 tip\u0173 plaukams.<\/p>\n<p>Sud\u0117tyje turi dr\u0117kinan\u010di\u0173 ir restrukt\u016brizuojan\u010di\u0173 veikli\u0173j\u0173 med\u017eiag\u0173, gryno keratino ir brazili\u0161k\u0173 rie\u0161ut\u0173.<\/p>\n<p>Plaukams akimirksniu suteikia blizgesio ir \u0161velnumo.<\/p>\n<p>T\u016bris: 300 ml.<\/p>\n","protected":false},"featured_media":42154,"template":"","meta":[],"product_brand":[520],"product_cat":[514,562],"product_tag":[1637],"class_list":{"0":"post-42009","1":"product","2":"type-product","3":"status-publish","4":"has-post-thumbnail","6":"product_brand-tahe","7":"product_cat-plauku-kondicionieriai-ir-balzamai","8":"product_cat-sandelio-valymas","9":"product_tag-tahe","11":"first","12":"instock","13":"sale","14":"taxable","15":"shipping-taxable","16":"purchasable","17":"product-type-simple"},"yoast_head":"<!-- This site is optimized with the Yoast SEO plugin v27.4 - https:\/\/yoast.com\/product\/yoast-seo-wordpress\/ -->\n<title>TAHE nenuplaunamas dvifazis kondicionierius vis\u0173 tip\u0173 plaukams Bio-Fluid - MalinaShop.lt J\u016bs\u0173 sveikatai ir gro\u017eiui.<\/title>\n<meta name=\"description\" content=\"Momentinio veikimo nenuplaunamas dvifazis kondicionierius vis\u0173 tip\u0173 plaukams.  Sud\u0117tyje turi dr\u0117kinan\u010di\u0173 ir restrukt\u016brizuojan\u010di\u0173 veikli\u0173j\u0173 med\u017eiag\u0173, gryno keratino ir brazili\u0161k\u0173 rie\u0161ut\u0173.  Plaukams akimirksniu suteikia blizgesio ir \u0161velnumo.  T\u016bris: 300 ml. Nenuplaunamas dvifazis kondicionierius vis\u0173 tip\u0173 plaukams su keratinu ir brazili\u0161ku rie\u0161utu suteikia \u0161velnumo, blizgesio ir apsaugo plaukus. Naudoti ant saus\u0173 arba dr\u0117gn\u0173 plauk\u0173.\" \/>\n<meta name=\"robots\" content=\"index, follow, max-snippet:-1, max-image-preview:large, max-video-preview:-1\" \/>\n<link rel=\"canonical\" href=\"https:\/\/www.malinashop.lt\/en\/shop\/nenuplaunamas-dvifazis-kondicionierius-visu-tipu-plaukams-bio-fluid-tahe-300-ml\/\" \/>\n<meta property=\"og:locale\" content=\"en_GB\" \/>\n<meta property=\"og:type\" content=\"article\" \/>\n<meta property=\"og:title\" content=\"TAHE nenuplaunamas dvifazis kondicionierius vis\u0173 tip\u0173 plaukams Bio-Fluid - MalinaShop.lt J\u016bs\u0173 sveikatai ir gro\u017eiui.\" \/>\n<meta property=\"og:description\" content=\"Momentinio veikimo nenuplaunamas dvifazis kondicionierius vis\u0173 tip\u0173 plaukams.  Sud\u0117tyje turi dr\u0117kinan\u010di\u0173 ir restrukt\u016brizuojan\u010di\u0173 veikli\u0173j\u0173 med\u017eiag\u0173, gryno keratino ir brazili\u0161k\u0173 rie\u0161ut\u0173.  Plaukams akimirksniu suteikia blizgesio ir \u0161velnumo.  T\u016bris: 300 ml. Nenuplaunamas dvifazis kondicionierius vis\u0173 tip\u0173 plaukams su keratinu ir brazili\u0161ku rie\u0161utu suteikia \u0161velnumo, blizgesio ir apsaugo plaukus. Naudoti ant saus\u0173 arba dr\u0117gn\u0173 plauk\u0173.\" \/>\n<meta property=\"og:url\" content=\"https:\/\/www.malinashop.lt\/en\/shop\/nenuplaunamas-dvifazis-kondicionierius-visu-tipu-plaukams-bio-fluid-tahe-300-ml\/\" \/>\n<meta property=\"og:site_name\" content=\"MalinaShop.lt J\u016bs\u0173 sveikatai ir gro\u017eiui.\" \/>\n<meta property=\"article:modified_time\" content=\"2026-04-17T05:04:08+00:00\" \/>\n<meta property=\"og:image\" content=\"https:\/\/www.malinashop.lt\/wp-content\/uploads\/2025\/02\/PHOTO-38.png\" \/>\n\t<meta property=\"og:image:width\" content=\"800\" \/>\n\t<meta property=\"og:image:height\" content=\"800\" \/>\n\t<meta property=\"og:image:type\" content=\"image\/png\" \/>\n<meta name=\"twitter:card\" content=\"summary_large_image\" \/>\n<script type=\"application\/ld+json\" class=\"yoast-schema-graph\">{\"@context\":\"https:\\\/\\\/schema.org\",\"@graph\":[{\"@type\":\"WebPage\",\"@id\":\"https:\\\/\\\/www.malinashop.lt\\\/shop\\\/nenuplaunamas-dvifazis-kondicionierius-visu-tipu-plaukams-bio-fluid-tahe-300-ml\\\/\",\"url\":\"https:\\\/\\\/www.malinashop.lt\\\/shop\\\/nenuplaunamas-dvifazis-kondicionierius-visu-tipu-plaukams-bio-fluid-tahe-300-ml\\\/\",\"name\":\"TAHE nenuplaunamas dvifazis kondicionierius vis\u0173 tip\u0173 plaukams Bio-Fluid - MalinaShop.lt J\u016bs\u0173 sveikatai ir gro\u017eiui.\",\"isPartOf\":{\"@id\":\"https:\\\/\\\/www.malinashop.lt\\\/#website\"},\"primaryImageOfPage\":{\"@id\":\"https:\\\/\\\/www.malinashop.lt\\\/shop\\\/nenuplaunamas-dvifazis-kondicionierius-visu-tipu-plaukams-bio-fluid-tahe-300-ml\\\/#primaryimage\"},\"image\":{\"@id\":\"https:\\\/\\\/www.malinashop.lt\\\/shop\\\/nenuplaunamas-dvifazis-kondicionierius-visu-tipu-plaukams-bio-fluid-tahe-300-ml\\\/#primaryimage\"},\"thumbnailUrl\":\"https:\\\/\\\/www.malinashop.lt\\\/wp-content\\\/uploads\\\/2025\\\/02\\\/PHOTO-38.png\",\"datePublished\":\"2025-02-24T13:24:12+00:00\",\"dateModified\":\"2026-04-17T05:04:08+00:00\",\"description\":\"Momentinio veikimo nenuplaunamas dvifazis kondicionierius vis\u0173 tip\u0173 plaukams. Sud\u0117tyje turi dr\u0117kinan\u010di\u0173 ir restrukt\u016brizuojan\u010di\u0173 veikli\u0173j\u0173 med\u017eiag\u0173, gryno keratino ir brazili\u0161k\u0173 rie\u0161ut\u0173. Plaukams akimirksniu suteikia blizgesio ir \u0161velnumo. T\u016bris: 300 ml. Nenuplaunamas dvifazis kondicionierius vis\u0173 tip\u0173 plaukams su keratinu ir brazili\u0161ku rie\u0161utu suteikia \u0161velnumo, blizgesio ir apsaugo plaukus. Naudoti ant saus\u0173 arba dr\u0117gn\u0173 plauk\u0173.\",\"breadcrumb\":{\"@id\":\"https:\\\/\\\/www.malinashop.lt\\\/shop\\\/nenuplaunamas-dvifazis-kondicionierius-visu-tipu-plaukams-bio-fluid-tahe-300-ml\\\/#breadcrumb\"},\"inLanguage\":\"en-GB\",\"potentialAction\":[{\"@type\":\"ReadAction\",\"target\":[\"https:\\\/\\\/www.malinashop.lt\\\/shop\\\/nenuplaunamas-dvifazis-kondicionierius-visu-tipu-plaukams-bio-fluid-tahe-300-ml\\\/\"]}]},{\"@type\":\"ImageObject\",\"inLanguage\":\"en-GB\",\"@id\":\"https:\\\/\\\/www.malinashop.lt\\\/shop\\\/nenuplaunamas-dvifazis-kondicionierius-visu-tipu-plaukams-bio-fluid-tahe-300-ml\\\/#primaryimage\",\"url\":\"https:\\\/\\\/www.malinashop.lt\\\/wp-content\\\/uploads\\\/2025\\\/02\\\/PHOTO-38.png\",\"contentUrl\":\"https:\\\/\\\/www.malinashop.lt\\\/wp-content\\\/uploads\\\/2025\\\/02\\\/PHOTO-38.png\",\"width\":800,\"height\":800},{\"@type\":\"BreadcrumbList\",\"@id\":\"https:\\\/\\\/www.malinashop.lt\\\/shop\\\/nenuplaunamas-dvifazis-kondicionierius-visu-tipu-plaukams-bio-fluid-tahe-300-ml\\\/#breadcrumb\",\"itemListElement\":[{\"@type\":\"ListItem\",\"position\":1,\"name\":\"Pagrindinis\",\"item\":\"https:\\\/\\\/www.malinashop.lt\\\/\"},{\"@type\":\"ListItem\",\"position\":2,\"name\":\"Parduotuv\u0117\",\"item\":\"https:\\\/\\\/www.malinashop.lt\\\/en\\\/parduotuve\\\/\"},{\"@type\":\"ListItem\",\"position\":3,\"name\":\"TAHE nenuplaunamas dvifazis kondicionierius vis\u0173 tip\u0173 plaukams Bio-Fluid\"}]},{\"@type\":\"WebSite\",\"@id\":\"https:\\\/\\\/www.malinashop.lt\\\/#website\",\"url\":\"https:\\\/\\\/www.malinashop.lt\\\/\",\"name\":\"COM Group Ecommerce\",\"description\":\"MalinaShop.lt - Gro\u017eio ir sveikatos produktai i\u0161 patikim\u0173 preki\u0173 \u017eenkl\u0173. Atraskite auk\u0161tos kokyb\u0117s kosmetik\u0105 u\u017e puiki\u0105 kain\u0105.\",\"publisher\":{\"@id\":\"https:\\\/\\\/www.malinashop.lt\\\/#organization\"},\"potentialAction\":[{\"@type\":\"SearchAction\",\"target\":{\"@type\":\"EntryPoint\",\"urlTemplate\":\"https:\\\/\\\/www.malinashop.lt\\\/?s={search_term_string}\"},\"query-input\":{\"@type\":\"PropertyValueSpecification\",\"valueRequired\":true,\"valueName\":\"search_term_string\"}}],\"inLanguage\":\"en-GB\"},{\"@type\":\"Organization\",\"@id\":\"https:\\\/\\\/www.malinashop.lt\\\/#organization\",\"name\":\"COM Group Ecommerce\",\"url\":\"https:\\\/\\\/www.malinashop.lt\\\/\",\"logo\":{\"@type\":\"ImageObject\",\"inLanguage\":\"en-GB\",\"@id\":\"https:\\\/\\\/www.malinashop.lt\\\/#\\\/schema\\\/logo\\\/image\\\/\",\"url\":\"https:\\\/\\\/www.malinashop.lt\\\/wp-content\\\/uploads\\\/2024\\\/08\\\/462559670_3787732518133670_9795632669273463_n-e1731525914575.png\",\"contentUrl\":\"https:\\\/\\\/www.malinashop.lt\\\/wp-content\\\/uploads\\\/2024\\\/08\\\/462559670_3787732518133670_9795632669273463_n-e1731525914575.png\",\"width\":180,\"height\":60,\"caption\":\"COM Group Ecommerce\"},\"image\":{\"@id\":\"https:\\\/\\\/www.malinashop.lt\\\/#\\\/schema\\\/logo\\\/image\\\/\"}}]}<\/script>\n<!-- \/ Yoast SEO plugin. -->","yoast_head_json":{"title":"TAHE nenuplaunamas dvifazis kondicionierius vis\u0173 tip\u0173 plaukams Bio-Fluid - MalinaShop.lt J\u016bs\u0173 sveikatai ir gro\u017eiui.","description":"Momentinio veikimo nenuplaunamas dvifazis kondicionierius vis\u0173 tip\u0173 plaukams.  Sud\u0117tyje turi dr\u0117kinan\u010di\u0173 ir restrukt\u016brizuojan\u010di\u0173 veikli\u0173j\u0173 med\u017eiag\u0173, gryno keratino ir brazili\u0161k\u0173 rie\u0161ut\u0173.  Plaukams akimirksniu suteikia blizgesio ir \u0161velnumo.  T\u016bris: 300 ml. Nenuplaunamas dvifazis kondicionierius vis\u0173 tip\u0173 plaukams su keratinu ir brazili\u0161ku rie\u0161utu suteikia \u0161velnumo, blizgesio ir apsaugo plaukus. Naudoti ant saus\u0173 arba dr\u0117gn\u0173 plauk\u0173.","robots":{"index":"index","follow":"follow","max-snippet":"max-snippet:-1","max-image-preview":"max-image-preview:large","max-video-preview":"max-video-preview:-1"},"canonical":"https:\/\/www.malinashop.lt\/en\/shop\/nenuplaunamas-dvifazis-kondicionierius-visu-tipu-plaukams-bio-fluid-tahe-300-ml\/","og_locale":"en_GB","og_type":"article","og_title":"TAHE nenuplaunamas dvifazis kondicionierius vis\u0173 tip\u0173 plaukams Bio-Fluid - MalinaShop.lt J\u016bs\u0173 sveikatai ir gro\u017eiui.","og_description":"Momentinio veikimo nenuplaunamas dvifazis kondicionierius vis\u0173 tip\u0173 plaukams.  Sud\u0117tyje turi dr\u0117kinan\u010di\u0173 ir restrukt\u016brizuojan\u010di\u0173 veikli\u0173j\u0173 med\u017eiag\u0173, gryno keratino ir brazili\u0161k\u0173 rie\u0161ut\u0173.  Plaukams akimirksniu suteikia blizgesio ir \u0161velnumo.  T\u016bris: 300 ml. Nenuplaunamas dvifazis kondicionierius vis\u0173 tip\u0173 plaukams su keratinu ir brazili\u0161ku rie\u0161utu suteikia \u0161velnumo, blizgesio ir apsaugo plaukus. Naudoti ant saus\u0173 arba dr\u0117gn\u0173 plauk\u0173.","og_url":"https:\/\/www.malinashop.lt\/en\/shop\/nenuplaunamas-dvifazis-kondicionierius-visu-tipu-plaukams-bio-fluid-tahe-300-ml\/","og_site_name":"MalinaShop.lt J\u016bs\u0173 sveikatai ir gro\u017eiui.","article_modified_time":"2026-04-17T05:04:08+00:00","og_image":[{"width":800,"height":800,"url":"https:\/\/www.malinashop.lt\/wp-content\/uploads\/2025\/02\/PHOTO-38.png","type":"image\/png"}],"twitter_card":"summary_large_image","schema":{"@context":"https:\/\/schema.org","@graph":[{"@type":"WebPage","@id":"https:\/\/www.malinashop.lt\/shop\/nenuplaunamas-dvifazis-kondicionierius-visu-tipu-plaukams-bio-fluid-tahe-300-ml\/","url":"https:\/\/www.malinashop.lt\/shop\/nenuplaunamas-dvifazis-kondicionierius-visu-tipu-plaukams-bio-fluid-tahe-300-ml\/","name":"TAHE nenuplaunamas dvifazis kondicionierius vis\u0173 tip\u0173 plaukams Bio-Fluid - MalinaShop.lt J\u016bs\u0173 sveikatai ir gro\u017eiui.","isPartOf":{"@id":"https:\/\/www.malinashop.lt\/#website"},"primaryImageOfPage":{"@id":"https:\/\/www.malinashop.lt\/shop\/nenuplaunamas-dvifazis-kondicionierius-visu-tipu-plaukams-bio-fluid-tahe-300-ml\/#primaryimage"},"image":{"@id":"https:\/\/www.malinashop.lt\/shop\/nenuplaunamas-dvifazis-kondicionierius-visu-tipu-plaukams-bio-fluid-tahe-300-ml\/#primaryimage"},"thumbnailUrl":"https:\/\/www.malinashop.lt\/wp-content\/uploads\/2025\/02\/PHOTO-38.png","datePublished":"2025-02-24T13:24:12+00:00","dateModified":"2026-04-17T05:04:08+00:00","description":"Momentinio veikimo nenuplaunamas dvifazis kondicionierius vis\u0173 tip\u0173 plaukams. Sud\u0117tyje turi dr\u0117kinan\u010di\u0173 ir restrukt\u016brizuojan\u010di\u0173 veikli\u0173j\u0173 med\u017eiag\u0173, gryno keratino ir brazili\u0161k\u0173 rie\u0161ut\u0173. Plaukams akimirksniu suteikia blizgesio ir \u0161velnumo. T\u016bris: 300 ml. Nenuplaunamas dvifazis kondicionierius vis\u0173 tip\u0173 plaukams su keratinu ir brazili\u0161ku rie\u0161utu suteikia \u0161velnumo, blizgesio ir apsaugo plaukus. Naudoti ant saus\u0173 arba dr\u0117gn\u0173 plauk\u0173.","breadcrumb":{"@id":"https:\/\/www.malinashop.lt\/shop\/nenuplaunamas-dvifazis-kondicionierius-visu-tipu-plaukams-bio-fluid-tahe-300-ml\/#breadcrumb"},"inLanguage":"en-GB","potentialAction":[{"@type":"ReadAction","target":["https:\/\/www.malinashop.lt\/shop\/nenuplaunamas-dvifazis-kondicionierius-visu-tipu-plaukams-bio-fluid-tahe-300-ml\/"]}]},{"@type":"ImageObject","inLanguage":"en-GB","@id":"https:\/\/www.malinashop.lt\/shop\/nenuplaunamas-dvifazis-kondicionierius-visu-tipu-plaukams-bio-fluid-tahe-300-ml\/#primaryimage","url":"https:\/\/www.malinashop.lt\/wp-content\/uploads\/2025\/02\/PHOTO-38.png","contentUrl":"https:\/\/www.malinashop.lt\/wp-content\/uploads\/2025\/02\/PHOTO-38.png","width":800,"height":800},{"@type":"BreadcrumbList","@id":"https:\/\/www.malinashop.lt\/shop\/nenuplaunamas-dvifazis-kondicionierius-visu-tipu-plaukams-bio-fluid-tahe-300-ml\/#breadcrumb","itemListElement":[{"@type":"ListItem","position":1,"name":"Pagrindinis","item":"https:\/\/www.malinashop.lt\/"},{"@type":"ListItem","position":2,"name":"Parduotuv\u0117","item":"https:\/\/www.malinashop.lt\/en\/parduotuve\/"},{"@type":"ListItem","position":3,"name":"TAHE nenuplaunamas dvifazis kondicionierius vis\u0173 tip\u0173 plaukams Bio-Fluid"}]},{"@type":"WebSite","@id":"https:\/\/www.malinashop.lt\/#website","url":"https:\/\/www.malinashop.lt\/","name":"COM Group Ecommerce","description":"MalinaShop.lt - Gro\u017eio ir sveikatos produktai i\u0161 patikim\u0173 preki\u0173 \u017eenkl\u0173. Atraskite auk\u0161tos kokyb\u0117s kosmetik\u0105 u\u017e puiki\u0105 kain\u0105.","publisher":{"@id":"https:\/\/www.malinashop.lt\/#organization"},"potentialAction":[{"@type":"SearchAction","target":{"@type":"EntryPoint","urlTemplate":"https:\/\/www.malinashop.lt\/?s={search_term_string}"},"query-input":{"@type":"PropertyValueSpecification","valueRequired":true,"valueName":"search_term_string"}}],"inLanguage":"en-GB"},{"@type":"Organization","@id":"https:\/\/www.malinashop.lt\/#organization","name":"COM Group Ecommerce","url":"https:\/\/www.malinashop.lt\/","logo":{"@type":"ImageObject","inLanguage":"en-GB","@id":"https:\/\/www.malinashop.lt\/#\/schema\/logo\/image\/","url":"https:\/\/www.malinashop.lt\/wp-content\/uploads\/2024\/08\/462559670_3787732518133670_9795632669273463_n-e1731525914575.png","contentUrl":"https:\/\/www.malinashop.lt\/wp-content\/uploads\/2024\/08\/462559670_3787732518133670_9795632669273463_n-e1731525914575.png","width":180,"height":60,"caption":"COM Group Ecommerce"},"image":{"@id":"https:\/\/www.malinashop.lt\/#\/schema\/logo\/image\/"}}]}},"jetpack_sharing_enabled":true,"_links":{"self":[{"href":"https:\/\/www.malinashop.lt\/en\/wp-json\/wp\/v2\/product\/42009","targetHints":{"allow":["GET"]}}],"collection":[{"href":"https:\/\/www.malinashop.lt\/en\/wp-json\/wp\/v2\/product"}],"about":[{"href":"https:\/\/www.malinashop.lt\/en\/wp-json\/wp\/v2\/types\/product"}],"version-history":[{"count":2,"href":"https:\/\/www.malinashop.lt\/en\/wp-json\/wp\/v2\/product\/42009\/revisions"}],"predecessor-version":[{"id":43428,"href":"https:\/\/www.malinashop.lt\/en\/wp-json\/wp\/v2\/product\/42009\/revisions\/43428"}],"wp:featuredmedia":[{"embeddable":true,"href":"https:\/\/www.malinashop.lt\/en\/wp-json\/wp\/v2\/media\/42154"}],"wp:attachment":[{"href":"https:\/\/www.malinashop.lt\/en\/wp-json\/wp\/v2\/media?parent=42009"}],"wp:term":[{"taxonomy":"product_brand","embeddable":true,"href":"https:\/\/www.malinashop.lt\/en\/wp-json\/wp\/v2\/product_brand?post=42009"},{"taxonomy":"product_cat","embeddable":true,"href":"https:\/\/www.malinashop.lt\/en\/wp-json\/wp\/v2\/product_cat?post=42009"},{"taxonomy":"product_tag","embeddable":true,"href":"https:\/\/www.malinashop.lt\/en\/wp-json\/wp\/v2\/product_tag?post=42009"}],"curies":[{"name":"wp","href":"https:\/\/api.w.org\/{rel}","templated":true}]}}