{"id":41951,"date":"2025-02-24T16:23:47","date_gmt":"2025-02-24T13:23:47","guid":{"rendered":"https:\/\/malinashop.lt\/?post_type=product&#038;p=41951"},"modified":"2025-03-12T23:42:09","modified_gmt":"2025-03-12T20:42:09","slug":"giliai-drekinantis-sampunas-magic-rizos-cowash-tahe-300ml","status":"publish","type":"product","link":"https:\/\/www.malinashop.lt\/en\/shop\/giliai-drekinantis-sampunas-magic-rizos-cowash-tahe-300ml\/","title":{"rendered":"TAHE giliai dr\u0117kinantis \u0161amp\u016bnas Magic Rizos Cowash, 300ml."},"content":{"rendered":"<p data-start=\"43\" data-end=\"126\"><strong data-start=\"3\" data-end=\"38\">Prek\u0117s i\u0161siuntimas per 2\/4 d.d.<\/strong><\/p>\n<p data-start=\"43\" data-end=\"126\"><strong data-start=\"43\" data-end=\"125\">Giliai dr\u0117kinantis \u0161amp\u016bnas Magic Rizos Cowash \u2013 plauk\u0173 \u0161velnumas ir blizgesys<\/strong><\/p>\n<p data-start=\"128\" data-end=\"433\">Giliai dr\u0117kinantis \u0161amp\u016bnas Magic Rizos Cowash suteikia plaukams nuostab\u0173 blizges\u012f ir \u0161velnum\u0105. \u0160is \u0161amp\u016bnas, sukurtas naudojant kokoso, argan\u0173, ricinos ir alavij\u0173 aliejus, puosel\u0117ja plaukus ir suteikia jiems ilgalaik\u012f dr\u0117kinim\u0105. Jis idealiai tinka norintiems i\u0161laikyti plauk\u0173 sveikat\u0105 ir nat\u016bral\u0173 gro\u017e\u012f.<\/p>\n<p data-start=\"435\" data-end=\"624\"><strong data-start=\"435\" data-end=\"449\">Naudojimas<\/strong>: U\u017etepkite pakankam\u0105 \u0161amp\u016bno kiek\u012f ant dr\u0117gn\u0173 plauk\u0173. Masa\u017euokite \u0161amp\u016bn\u0105 5 minutes nuo \u0161akn\u0173 iki galiuk\u0173, tada kruop\u0161\u010diai nuplaukite \u0161iltu vandeniu. Pakartokite, jei reikia.<\/p>\n<p data-start=\"626\" data-end=\"639\"><strong data-start=\"626\" data-end=\"639\">Apie Tahe<\/strong><\/p>\n<p data-start=\"641\" data-end=\"1001\">Tahe plauk\u0173 prie\u017ei\u016bros kosmetika, pagaminta Ispanijoje, pasi\u017eymi auk\u0161tos kokyb\u0117s gaminiais, sukurtais naudojant novatori\u0161kas technologijas. Tahe prioritetas \u2013 efektyv\u016bs produktai, kurie r\u016bpinasi j\u016bs\u0173 sveikata ir saugo aplink\u0105. Visi produktai gaminami naudojant ekologi\u0161kus ingredientus ir 100% atsinaujinan\u010di\u0105 energij\u0105, u\u017etikrinant efektyv\u0173 ir tvar\u0173 rezultat\u0105.<\/p>\n<p data-start=\"1003\" data-end=\"1045\"><strong data-start=\"1003\" data-end=\"1044\">Platus asortimentas plauk\u0173 prie\u017ei\u016brai<\/strong><\/p>\n<p data-start=\"1047\" data-end=\"1364\">Tahe asortimentas si\u016blo \u012fvairias plauk\u0173 prie\u017ei\u016bros priemones, tinkan\u010dias skirtingiems plauk\u0173 tipams: nuo saus\u0173, riebi\u0173 iki pa\u017eeist\u0173 ir besipu\u010dian\u010di\u0173 plauk\u0173. Taip pat rasite \u0161amp\u016bn\u0173, kauki\u0173, kondicionieri\u0173, aliej\u0173, serum\u0173, pur\u0161kiam\u0173 kondicionieri\u0173 ir daug kit\u0173 produkt\u0173, padedan\u010di\u0173 atkurti ir puosel\u0117ti plauk\u0173 sveikat\u0105.<\/p>\n","protected":false},"excerpt":{"rendered":"<div class=\"tags\">\n<p>Giliai dr\u0117kinantis \u0161amp\u016bnas Magic Rizos pritaikytas garbanot\u0173 plauk\u0173 prie\u017ei\u016brai, bet tinka vis\u0173 plauk\u0173 tipams. \u0160amp\u016bnas \u0161velniai valo, dr\u0117kina, puosel\u0117ja garbanas.<\/p>\n<p>Vegani\u0161ka formul\u0117.<\/p>\n<p>Kiekis: 300ml.<\/p>\n<\/div>\n","protected":false},"featured_media":42072,"template":"","meta":[],"product_brand":[],"product_cat":[185],"product_tag":[],"class_list":{"0":"post-41951","1":"product","2":"type-product","3":"status-publish","4":"has-post-thumbnail","6":"product_cat-plauku-sampunai","8":"first","9":"outofstock","10":"taxable","11":"shipping-taxable","12":"purchasable","13":"product-type-simple"},"yoast_head":"<!-- This site is optimized with the Yoast SEO plugin v27.4 - https:\/\/yoast.com\/product\/yoast-seo-wordpress\/ -->\n<title>TAHE giliai dr\u0117kinantis \u0161amp\u016bnas Magic Rizos Cowash, 300ml. - MalinaShop.lt J\u016bs\u0173 sveikatai ir gro\u017eiui.<\/title>\n<meta name=\"description\" content=\"Giliai dr\u0117kinantis \u0161amp\u016bnas Magic Rizos pritaikytas garbanot\u0173 plauk\u0173 prie\u017ei\u016brai, bet tinka vis\u0173 plauk\u0173 tipams. \u0160amp\u016bnas \u0161velniai valo, dr\u0117kina, puosel\u0117ja garbanas.  Vegani\u0161ka formul\u0117.  Kiekis: 300ml. Giliai dr\u0117kinantis \u0161amp\u016bnas Magic Rizos Cowash suteikia plaukams blizges\u012f ir \u0161velnum\u0105. Tinka vis\u0173 tip\u0173 plaukams, pagamintas su kokoso, argano ir alavij\u0173 aliejais.\" \/>\n<meta name=\"robots\" content=\"index, follow, max-snippet:-1, max-image-preview:large, max-video-preview:-1\" \/>\n<link rel=\"canonical\" href=\"https:\/\/www.malinashop.lt\/en\/shop\/giliai-drekinantis-sampunas-magic-rizos-cowash-tahe-300ml\/\" \/>\n<meta property=\"og:locale\" content=\"en_GB\" \/>\n<meta property=\"og:type\" content=\"article\" \/>\n<meta property=\"og:title\" content=\"TAHE giliai dr\u0117kinantis \u0161amp\u016bnas Magic Rizos Cowash, 300ml. - MalinaShop.lt J\u016bs\u0173 sveikatai ir gro\u017eiui.\" \/>\n<meta property=\"og:description\" content=\"Giliai dr\u0117kinantis \u0161amp\u016bnas Magic Rizos pritaikytas garbanot\u0173 plauk\u0173 prie\u017ei\u016brai, bet tinka vis\u0173 plauk\u0173 tipams. \u0160amp\u016bnas \u0161velniai valo, dr\u0117kina, puosel\u0117ja garbanas.  Vegani\u0161ka formul\u0117.  Kiekis: 300ml. Giliai dr\u0117kinantis \u0161amp\u016bnas Magic Rizos Cowash suteikia plaukams blizges\u012f ir \u0161velnum\u0105. Tinka vis\u0173 tip\u0173 plaukams, pagamintas su kokoso, argano ir alavij\u0173 aliejais.\" \/>\n<meta property=\"og:url\" content=\"https:\/\/www.malinashop.lt\/en\/shop\/giliai-drekinantis-sampunas-magic-rizos-cowash-tahe-300ml\/\" \/>\n<meta property=\"og:site_name\" content=\"MalinaShop.lt J\u016bs\u0173 sveikatai ir gro\u017eiui.\" \/>\n<meta property=\"article:modified_time\" content=\"2025-03-12T20:42:09+00:00\" \/>\n<meta property=\"og:image\" content=\"https:\/\/www.malinashop.lt\/wp-content\/uploads\/2025\/02\/PHOTO-68.png\" \/>\n\t<meta property=\"og:image:width\" content=\"800\" \/>\n\t<meta property=\"og:image:height\" content=\"800\" \/>\n\t<meta property=\"og:image:type\" content=\"image\/png\" \/>\n<meta name=\"twitter:card\" content=\"summary_large_image\" \/>\n<script type=\"application\/ld+json\" class=\"yoast-schema-graph\">{\"@context\":\"https:\\\/\\\/schema.org\",\"@graph\":[{\"@type\":\"WebPage\",\"@id\":\"https:\\\/\\\/www.malinashop.lt\\\/shop\\\/giliai-drekinantis-sampunas-magic-rizos-cowash-tahe-300ml\\\/\",\"url\":\"https:\\\/\\\/www.malinashop.lt\\\/shop\\\/giliai-drekinantis-sampunas-magic-rizos-cowash-tahe-300ml\\\/\",\"name\":\"TAHE giliai dr\u0117kinantis \u0161amp\u016bnas Magic Rizos Cowash, 300ml. - MalinaShop.lt J\u016bs\u0173 sveikatai ir gro\u017eiui.\",\"isPartOf\":{\"@id\":\"https:\\\/\\\/www.malinashop.lt\\\/#website\"},\"primaryImageOfPage\":{\"@id\":\"https:\\\/\\\/www.malinashop.lt\\\/shop\\\/giliai-drekinantis-sampunas-magic-rizos-cowash-tahe-300ml\\\/#primaryimage\"},\"image\":{\"@id\":\"https:\\\/\\\/www.malinashop.lt\\\/shop\\\/giliai-drekinantis-sampunas-magic-rizos-cowash-tahe-300ml\\\/#primaryimage\"},\"thumbnailUrl\":\"https:\\\/\\\/www.malinashop.lt\\\/wp-content\\\/uploads\\\/2025\\\/02\\\/PHOTO-68.png\",\"datePublished\":\"2025-02-24T13:23:47+00:00\",\"dateModified\":\"2025-03-12T20:42:09+00:00\",\"description\":\"Giliai dr\u0117kinantis \u0161amp\u016bnas Magic Rizos pritaikytas garbanot\u0173 plauk\u0173 prie\u017ei\u016brai, bet tinka vis\u0173 plauk\u0173 tipams. \u0160amp\u016bnas \u0161velniai valo, dr\u0117kina, puosel\u0117ja garbanas. Vegani\u0161ka formul\u0117. Kiekis: 300ml. Giliai dr\u0117kinantis \u0161amp\u016bnas Magic Rizos Cowash suteikia plaukams blizges\u012f ir \u0161velnum\u0105. Tinka vis\u0173 tip\u0173 plaukams, pagamintas su kokoso, argano ir alavij\u0173 aliejais.\",\"breadcrumb\":{\"@id\":\"https:\\\/\\\/www.malinashop.lt\\\/shop\\\/giliai-drekinantis-sampunas-magic-rizos-cowash-tahe-300ml\\\/#breadcrumb\"},\"inLanguage\":\"en-GB\",\"potentialAction\":[{\"@type\":\"ReadAction\",\"target\":[\"https:\\\/\\\/www.malinashop.lt\\\/shop\\\/giliai-drekinantis-sampunas-magic-rizos-cowash-tahe-300ml\\\/\"]}]},{\"@type\":\"ImageObject\",\"inLanguage\":\"en-GB\",\"@id\":\"https:\\\/\\\/www.malinashop.lt\\\/shop\\\/giliai-drekinantis-sampunas-magic-rizos-cowash-tahe-300ml\\\/#primaryimage\",\"url\":\"https:\\\/\\\/www.malinashop.lt\\\/wp-content\\\/uploads\\\/2025\\\/02\\\/PHOTO-68.png\",\"contentUrl\":\"https:\\\/\\\/www.malinashop.lt\\\/wp-content\\\/uploads\\\/2025\\\/02\\\/PHOTO-68.png\",\"width\":800,\"height\":800},{\"@type\":\"BreadcrumbList\",\"@id\":\"https:\\\/\\\/www.malinashop.lt\\\/shop\\\/giliai-drekinantis-sampunas-magic-rizos-cowash-tahe-300ml\\\/#breadcrumb\",\"itemListElement\":[{\"@type\":\"ListItem\",\"position\":1,\"name\":\"Pagrindinis\",\"item\":\"https:\\\/\\\/www.malinashop.lt\\\/\"},{\"@type\":\"ListItem\",\"position\":2,\"name\":\"Parduotuv\u0117\",\"item\":\"https:\\\/\\\/www.malinashop.lt\\\/en\\\/parduotuve\\\/\"},{\"@type\":\"ListItem\",\"position\":3,\"name\":\"TAHE giliai dr\u0117kinantis \u0161amp\u016bnas Magic Rizos Cowash, 300ml.\"}]},{\"@type\":\"WebSite\",\"@id\":\"https:\\\/\\\/www.malinashop.lt\\\/#website\",\"url\":\"https:\\\/\\\/www.malinashop.lt\\\/\",\"name\":\"COM Group Ecommerce\",\"description\":\"MalinaShop.lt - Gro\u017eio ir sveikatos produktai i\u0161 patikim\u0173 preki\u0173 \u017eenkl\u0173. Atraskite auk\u0161tos kokyb\u0117s kosmetik\u0105 u\u017e puiki\u0105 kain\u0105.\",\"publisher\":{\"@id\":\"https:\\\/\\\/www.malinashop.lt\\\/#organization\"},\"potentialAction\":[{\"@type\":\"SearchAction\",\"target\":{\"@type\":\"EntryPoint\",\"urlTemplate\":\"https:\\\/\\\/www.malinashop.lt\\\/?s={search_term_string}\"},\"query-input\":{\"@type\":\"PropertyValueSpecification\",\"valueRequired\":true,\"valueName\":\"search_term_string\"}}],\"inLanguage\":\"en-GB\"},{\"@type\":\"Organization\",\"@id\":\"https:\\\/\\\/www.malinashop.lt\\\/#organization\",\"name\":\"COM Group Ecommerce\",\"url\":\"https:\\\/\\\/www.malinashop.lt\\\/\",\"logo\":{\"@type\":\"ImageObject\",\"inLanguage\":\"en-GB\",\"@id\":\"https:\\\/\\\/www.malinashop.lt\\\/#\\\/schema\\\/logo\\\/image\\\/\",\"url\":\"https:\\\/\\\/www.malinashop.lt\\\/wp-content\\\/uploads\\\/2024\\\/08\\\/462559670_3787732518133670_9795632669273463_n-e1731525914575.png\",\"contentUrl\":\"https:\\\/\\\/www.malinashop.lt\\\/wp-content\\\/uploads\\\/2024\\\/08\\\/462559670_3787732518133670_9795632669273463_n-e1731525914575.png\",\"width\":180,\"height\":60,\"caption\":\"COM Group Ecommerce\"},\"image\":{\"@id\":\"https:\\\/\\\/www.malinashop.lt\\\/#\\\/schema\\\/logo\\\/image\\\/\"}}]}<\/script>\n<!-- \/ Yoast SEO plugin. -->","yoast_head_json":{"title":"TAHE giliai dr\u0117kinantis \u0161amp\u016bnas Magic Rizos Cowash, 300ml. - MalinaShop.lt J\u016bs\u0173 sveikatai ir gro\u017eiui.","description":"Giliai dr\u0117kinantis \u0161amp\u016bnas Magic Rizos pritaikytas garbanot\u0173 plauk\u0173 prie\u017ei\u016brai, bet tinka vis\u0173 plauk\u0173 tipams. \u0160amp\u016bnas \u0161velniai valo, dr\u0117kina, puosel\u0117ja garbanas.  Vegani\u0161ka formul\u0117.  Kiekis: 300ml. Giliai dr\u0117kinantis \u0161amp\u016bnas Magic Rizos Cowash suteikia plaukams blizges\u012f ir \u0161velnum\u0105. Tinka vis\u0173 tip\u0173 plaukams, pagamintas su kokoso, argano ir alavij\u0173 aliejais.","robots":{"index":"index","follow":"follow","max-snippet":"max-snippet:-1","max-image-preview":"max-image-preview:large","max-video-preview":"max-video-preview:-1"},"canonical":"https:\/\/www.malinashop.lt\/en\/shop\/giliai-drekinantis-sampunas-magic-rizos-cowash-tahe-300ml\/","og_locale":"en_GB","og_type":"article","og_title":"TAHE giliai dr\u0117kinantis \u0161amp\u016bnas Magic Rizos Cowash, 300ml. - MalinaShop.lt J\u016bs\u0173 sveikatai ir gro\u017eiui.","og_description":"Giliai dr\u0117kinantis \u0161amp\u016bnas Magic Rizos pritaikytas garbanot\u0173 plauk\u0173 prie\u017ei\u016brai, bet tinka vis\u0173 plauk\u0173 tipams. \u0160amp\u016bnas \u0161velniai valo, dr\u0117kina, puosel\u0117ja garbanas.  Vegani\u0161ka formul\u0117.  Kiekis: 300ml. Giliai dr\u0117kinantis \u0161amp\u016bnas Magic Rizos Cowash suteikia plaukams blizges\u012f ir \u0161velnum\u0105. Tinka vis\u0173 tip\u0173 plaukams, pagamintas su kokoso, argano ir alavij\u0173 aliejais.","og_url":"https:\/\/www.malinashop.lt\/en\/shop\/giliai-drekinantis-sampunas-magic-rizos-cowash-tahe-300ml\/","og_site_name":"MalinaShop.lt J\u016bs\u0173 sveikatai ir gro\u017eiui.","article_modified_time":"2025-03-12T20:42:09+00:00","og_image":[{"width":800,"height":800,"url":"https:\/\/www.malinashop.lt\/wp-content\/uploads\/2025\/02\/PHOTO-68.png","type":"image\/png"}],"twitter_card":"summary_large_image","schema":{"@context":"https:\/\/schema.org","@graph":[{"@type":"WebPage","@id":"https:\/\/www.malinashop.lt\/shop\/giliai-drekinantis-sampunas-magic-rizos-cowash-tahe-300ml\/","url":"https:\/\/www.malinashop.lt\/shop\/giliai-drekinantis-sampunas-magic-rizos-cowash-tahe-300ml\/","name":"TAHE giliai dr\u0117kinantis \u0161amp\u016bnas Magic Rizos Cowash, 300ml. - MalinaShop.lt J\u016bs\u0173 sveikatai ir gro\u017eiui.","isPartOf":{"@id":"https:\/\/www.malinashop.lt\/#website"},"primaryImageOfPage":{"@id":"https:\/\/www.malinashop.lt\/shop\/giliai-drekinantis-sampunas-magic-rizos-cowash-tahe-300ml\/#primaryimage"},"image":{"@id":"https:\/\/www.malinashop.lt\/shop\/giliai-drekinantis-sampunas-magic-rizos-cowash-tahe-300ml\/#primaryimage"},"thumbnailUrl":"https:\/\/www.malinashop.lt\/wp-content\/uploads\/2025\/02\/PHOTO-68.png","datePublished":"2025-02-24T13:23:47+00:00","dateModified":"2025-03-12T20:42:09+00:00","description":"Giliai dr\u0117kinantis \u0161amp\u016bnas Magic Rizos pritaikytas garbanot\u0173 plauk\u0173 prie\u017ei\u016brai, bet tinka vis\u0173 plauk\u0173 tipams. \u0160amp\u016bnas \u0161velniai valo, dr\u0117kina, puosel\u0117ja garbanas. Vegani\u0161ka formul\u0117. Kiekis: 300ml. Giliai dr\u0117kinantis \u0161amp\u016bnas Magic Rizos Cowash suteikia plaukams blizges\u012f ir \u0161velnum\u0105. Tinka vis\u0173 tip\u0173 plaukams, pagamintas su kokoso, argano ir alavij\u0173 aliejais.","breadcrumb":{"@id":"https:\/\/www.malinashop.lt\/shop\/giliai-drekinantis-sampunas-magic-rizos-cowash-tahe-300ml\/#breadcrumb"},"inLanguage":"en-GB","potentialAction":[{"@type":"ReadAction","target":["https:\/\/www.malinashop.lt\/shop\/giliai-drekinantis-sampunas-magic-rizos-cowash-tahe-300ml\/"]}]},{"@type":"ImageObject","inLanguage":"en-GB","@id":"https:\/\/www.malinashop.lt\/shop\/giliai-drekinantis-sampunas-magic-rizos-cowash-tahe-300ml\/#primaryimage","url":"https:\/\/www.malinashop.lt\/wp-content\/uploads\/2025\/02\/PHOTO-68.png","contentUrl":"https:\/\/www.malinashop.lt\/wp-content\/uploads\/2025\/02\/PHOTO-68.png","width":800,"height":800},{"@type":"BreadcrumbList","@id":"https:\/\/www.malinashop.lt\/shop\/giliai-drekinantis-sampunas-magic-rizos-cowash-tahe-300ml\/#breadcrumb","itemListElement":[{"@type":"ListItem","position":1,"name":"Pagrindinis","item":"https:\/\/www.malinashop.lt\/"},{"@type":"ListItem","position":2,"name":"Parduotuv\u0117","item":"https:\/\/www.malinashop.lt\/en\/parduotuve\/"},{"@type":"ListItem","position":3,"name":"TAHE giliai dr\u0117kinantis \u0161amp\u016bnas Magic Rizos Cowash, 300ml."}]},{"@type":"WebSite","@id":"https:\/\/www.malinashop.lt\/#website","url":"https:\/\/www.malinashop.lt\/","name":"COM Group Ecommerce","description":"MalinaShop.lt - Gro\u017eio ir sveikatos produktai i\u0161 patikim\u0173 preki\u0173 \u017eenkl\u0173. Atraskite auk\u0161tos kokyb\u0117s kosmetik\u0105 u\u017e puiki\u0105 kain\u0105.","publisher":{"@id":"https:\/\/www.malinashop.lt\/#organization"},"potentialAction":[{"@type":"SearchAction","target":{"@type":"EntryPoint","urlTemplate":"https:\/\/www.malinashop.lt\/?s={search_term_string}"},"query-input":{"@type":"PropertyValueSpecification","valueRequired":true,"valueName":"search_term_string"}}],"inLanguage":"en-GB"},{"@type":"Organization","@id":"https:\/\/www.malinashop.lt\/#organization","name":"COM Group Ecommerce","url":"https:\/\/www.malinashop.lt\/","logo":{"@type":"ImageObject","inLanguage":"en-GB","@id":"https:\/\/www.malinashop.lt\/#\/schema\/logo\/image\/","url":"https:\/\/www.malinashop.lt\/wp-content\/uploads\/2024\/08\/462559670_3787732518133670_9795632669273463_n-e1731525914575.png","contentUrl":"https:\/\/www.malinashop.lt\/wp-content\/uploads\/2024\/08\/462559670_3787732518133670_9795632669273463_n-e1731525914575.png","width":180,"height":60,"caption":"COM Group Ecommerce"},"image":{"@id":"https:\/\/www.malinashop.lt\/#\/schema\/logo\/image\/"}}]}},"jetpack_sharing_enabled":true,"_links":{"self":[{"href":"https:\/\/www.malinashop.lt\/en\/wp-json\/wp\/v2\/product\/41951","targetHints":{"allow":["GET"]}}],"collection":[{"href":"https:\/\/www.malinashop.lt\/en\/wp-json\/wp\/v2\/product"}],"about":[{"href":"https:\/\/www.malinashop.lt\/en\/wp-json\/wp\/v2\/types\/product"}],"version-history":[{"count":3,"href":"https:\/\/www.malinashop.lt\/en\/wp-json\/wp\/v2\/product\/41951\/revisions"}],"predecessor-version":[{"id":42661,"href":"https:\/\/www.malinashop.lt\/en\/wp-json\/wp\/v2\/product\/41951\/revisions\/42661"}],"wp:featuredmedia":[{"embeddable":true,"href":"https:\/\/www.malinashop.lt\/en\/wp-json\/wp\/v2\/media\/42072"}],"wp:attachment":[{"href":"https:\/\/www.malinashop.lt\/en\/wp-json\/wp\/v2\/media?parent=41951"}],"wp:term":[{"taxonomy":"product_brand","embeddable":true,"href":"https:\/\/www.malinashop.lt\/en\/wp-json\/wp\/v2\/product_brand?post=41951"},{"taxonomy":"product_cat","embeddable":true,"href":"https:\/\/www.malinashop.lt\/en\/wp-json\/wp\/v2\/product_cat?post=41951"},{"taxonomy":"product_tag","embeddable":true,"href":"https:\/\/www.malinashop.lt\/en\/wp-json\/wp\/v2\/product_tag?post=41951"}],"curies":[{"name":"wp","href":"https:\/\/api.w.org\/{rel}","templated":true}]}}