{"id":31244,"date":"2025-01-21T00:06:40","date_gmt":"2025-01-20T21:06:40","guid":{"rendered":"https:\/\/malinashop.lt\/?post_type=product&#038;p=31244"},"modified":"2026-04-08T00:32:38","modified_gmt":"2026-04-07T21:32:38","slug":"ieva-sampunas-pazeistiems-ir-dregmes-stokojantiems-plaukams-300ml","status":"publish","type":"product","link":"https:\/\/www.malinashop.lt\/en\/shop\/ieva-sampunas-pazeistiems-ir-dregmes-stokojantiems-plaukams-300ml\/","title":{"rendered":"IEVA \u0161amp\u016bnas pa\u017eeistiems ir dr\u0117gm\u0117s stokojantiems plaukams, 300ml"},"content":{"rendered":"<p><strong>IEVA \u0161amp\u016bnas pa\u017eeistiems ir dr\u0117gm\u0117s stokojantiems plaukams (300 ml)<\/strong><br \/>\nIEVA \u0161amp\u016bnas yra tobulas pasirinkimas da\u017eytiems, pa\u017eeistiems ir dr\u0117gm\u0117s stokojantiems plaukams. \u0160velnios formul\u0117s \u0161amp\u016bnas ne tik \u0161velniai valo plaukus ir galvos od\u0105, bet ir u\u017etikrina lengv\u0105 plauk\u0173 i\u0161\u0161ukavim\u0105 bei glotnum\u0105. Sud\u0117tyje esanti hialurono r\u016bg\u0161tis padeda sulaikyti dr\u0117gm\u0119 plauko viduje, suteikdama jam elastingumo. Keratinas, kuris sudarytas i\u0161 t\u0173 pa\u010di\u0173 amino r\u016bg\u0161\u010di\u0173, kaip ir plaukai, maitina labiausiai pa\u017eeistas plauko dalis, suma\u017eina elektrinim\u0105si ir dr\u0117kina.<\/p>\n<p><strong>Pagrindin\u0117s savyb\u0117s:<\/strong><\/p>\n<ul>\n<li>Dr\u0117kina plaukus ir u\u017etikrina j\u0173 elastingum\u0105.<\/li>\n<li>Keratinas ma\u017eina elektrinim\u0105si ir maitina pa\u017eeistas plauko dalis.<\/li>\n<li>\u0160velniai valo ir suteikia lengv\u0105 i\u0161\u0161ukavim\u0105.<\/li>\n<li>Tinka da\u017eytiems ir dr\u0117gm\u0117s stokojantiems plaukams.<\/li>\n<\/ul>\n<p><strong>Naudojimas:<\/strong><\/p>\n<ol>\n<li>Sudr\u0117kinkite plaukus ir paskirstykite \u0161amp\u016bn\u0105 ant galvos odos bei plauk\u0173.<\/li>\n<li>\u0160velniai pamasa\u017euokite, kol susidarys puta.<\/li>\n<li>Kruop\u0161\u010diai i\u0161skalaukite \u0161iltu vandeniu.<\/li>\n<\/ol>\n<p><strong>Laikymas:<\/strong><br \/>\nLaikyti kambario temperat\u016broje, sausoje patalpoje, saugant nuo tiesiogini\u0173 saul\u0117s spinduli\u0173. Naudojimo terminas nurodytas ant pakuot\u0117s.<\/p>\n<p><strong>Sud\u0117tis:<\/strong><br \/>\nAqua, Sodium Laureth Sulfate, Lauryl Hydroxysultaine, Glycerin, PCA Glyceryl Oleate, Glycereth-2 Cocoate, PPG-3 Caprylyl Ether, Hydrolyzed Sodium Hyaluronate, Sodium Hyaluronate, Polyquaternium-10, Glycerin, Phenoxyethanol, Ethylhexylglycerin, Hydrolyzed Keratin, Sodium Chloride, Citric Acid, Benzyl Alcohol, Methylchlorisothiazolinone, Methylisothiazolinone, Parfum, Hexyl Cinnamal, Geraniol.<\/p>\n","protected":false},"excerpt":{"rendered":"<p>IEVA \u0161amp\u016bnas pa\u017eeistiems ir dr\u0117gm\u0117s stokojantiems plaukams (300 ml) IEVA \u0161amp\u016bnas yra tobulas pasirinkimas da\u017eytiems, pa\u017eeistiems ir dr\u0117gm\u0117s stokojantiems plaukams. \u0160velnios formul\u0117s&hellip;<\/p>\n","protected":false},"featured_media":31245,"template":"","meta":[],"product_brand":[1160],"product_cat":[185,562],"product_tag":[1605],"class_list":{"0":"post-31244","1":"product","2":"type-product","3":"status-publish","4":"has-post-thumbnail","6":"product_brand-ieva","7":"product_cat-plauku-sampunai","8":"product_cat-sandelio-valymas","9":"product_tag-ieva","11":"first","12":"instock","13":"sale","14":"taxable","15":"shipping-taxable","16":"purchasable","17":"product-type-simple"},"yoast_head":"<!-- This site is optimized with the Yoast SEO plugin v27.4 - https:\/\/yoast.com\/product\/yoast-seo-wordpress\/ -->\n<title>IEVA \u0161amp\u016bnas pa\u017eeistiems ir dr\u0117gm\u0117s stokojantiems plaukams, 300ml - MalinaShop.lt J\u016bs\u0173 sveikatai ir gro\u017eiui.<\/title>\n<meta name=\"description\" content=\"IEVA \u0161amp\u016bnas (300 ml) \u2013 \u0161velniai valo, dr\u0117kina ir maitina da\u017eytus bei pa\u017eeistus plaukus. Su hialurono r\u016bg\u0161timi ir keratinu \u2013 glotnumas ir lengvas i\u0161\u0161ukavimas.\" \/>\n<meta name=\"robots\" content=\"index, follow, max-snippet:-1, max-image-preview:large, max-video-preview:-1\" \/>\n<link rel=\"canonical\" href=\"https:\/\/www.malinashop.lt\/en\/shop\/ieva-sampunas-pazeistiems-ir-dregmes-stokojantiems-plaukams-300ml\/\" \/>\n<meta property=\"og:locale\" content=\"en_GB\" \/>\n<meta property=\"og:type\" content=\"article\" \/>\n<meta property=\"og:title\" content=\"IEVA \u0161amp\u016bnas pa\u017eeistiems ir dr\u0117gm\u0117s stokojantiems plaukams, 300ml - MalinaShop.lt J\u016bs\u0173 sveikatai ir gro\u017eiui.\" \/>\n<meta property=\"og:description\" content=\"IEVA \u0161amp\u016bnas (300 ml) \u2013 \u0161velniai valo, dr\u0117kina ir maitina da\u017eytus bei pa\u017eeistus plaukus. Su hialurono r\u016bg\u0161timi ir keratinu \u2013 glotnumas ir lengvas i\u0161\u0161ukavimas.\" \/>\n<meta property=\"og:url\" content=\"https:\/\/www.malinashop.lt\/en\/shop\/ieva-sampunas-pazeistiems-ir-dregmes-stokojantiems-plaukams-300ml\/\" \/>\n<meta property=\"og:site_name\" content=\"MalinaShop.lt J\u016bs\u0173 sveikatai ir gro\u017eiui.\" \/>\n<meta property=\"article:modified_time\" content=\"2026-04-07T21:32:38+00:00\" \/>\n<meta property=\"og:image\" content=\"https:\/\/www.malinashop.lt\/wp-content\/uploads\/2025\/01\/IEVA-sampunas-pazeistiems-ir-dregmes-stokojantiems-plaukams-300ml.jpg\" \/>\n\t<meta property=\"og:image:width\" content=\"408\" \/>\n\t<meta property=\"og:image:height\" content=\"612\" \/>\n\t<meta property=\"og:image:type\" content=\"image\/jpeg\" \/>\n<meta name=\"twitter:card\" content=\"summary_large_image\" \/>\n<script type=\"application\/ld+json\" class=\"yoast-schema-graph\">{\"@context\":\"https:\\\/\\\/schema.org\",\"@graph\":[{\"@type\":\"WebPage\",\"@id\":\"https:\\\/\\\/www.malinashop.lt\\\/shop\\\/ieva-sampunas-pazeistiems-ir-dregmes-stokojantiems-plaukams-300ml\\\/\",\"url\":\"https:\\\/\\\/www.malinashop.lt\\\/shop\\\/ieva-sampunas-pazeistiems-ir-dregmes-stokojantiems-plaukams-300ml\\\/\",\"name\":\"IEVA \u0161amp\u016bnas pa\u017eeistiems ir dr\u0117gm\u0117s stokojantiems plaukams, 300ml - MalinaShop.lt J\u016bs\u0173 sveikatai ir gro\u017eiui.\",\"isPartOf\":{\"@id\":\"https:\\\/\\\/www.malinashop.lt\\\/#website\"},\"primaryImageOfPage\":{\"@id\":\"https:\\\/\\\/www.malinashop.lt\\\/shop\\\/ieva-sampunas-pazeistiems-ir-dregmes-stokojantiems-plaukams-300ml\\\/#primaryimage\"},\"image\":{\"@id\":\"https:\\\/\\\/www.malinashop.lt\\\/shop\\\/ieva-sampunas-pazeistiems-ir-dregmes-stokojantiems-plaukams-300ml\\\/#primaryimage\"},\"thumbnailUrl\":\"https:\\\/\\\/www.malinashop.lt\\\/wp-content\\\/uploads\\\/2025\\\/01\\\/IEVA-sampunas-pazeistiems-ir-dregmes-stokojantiems-plaukams-300ml.jpg\",\"datePublished\":\"2025-01-20T21:06:40+00:00\",\"dateModified\":\"2026-04-07T21:32:38+00:00\",\"description\":\"IEVA \u0161amp\u016bnas (300 ml) \u2013 \u0161velniai valo, dr\u0117kina ir maitina da\u017eytus bei pa\u017eeistus plaukus. Su hialurono r\u016bg\u0161timi ir keratinu \u2013 glotnumas ir lengvas i\u0161\u0161ukavimas.\",\"breadcrumb\":{\"@id\":\"https:\\\/\\\/www.malinashop.lt\\\/shop\\\/ieva-sampunas-pazeistiems-ir-dregmes-stokojantiems-plaukams-300ml\\\/#breadcrumb\"},\"inLanguage\":\"en-GB\",\"potentialAction\":[{\"@type\":\"ReadAction\",\"target\":[\"https:\\\/\\\/www.malinashop.lt\\\/shop\\\/ieva-sampunas-pazeistiems-ir-dregmes-stokojantiems-plaukams-300ml\\\/\"]}]},{\"@type\":\"ImageObject\",\"inLanguage\":\"en-GB\",\"@id\":\"https:\\\/\\\/www.malinashop.lt\\\/shop\\\/ieva-sampunas-pazeistiems-ir-dregmes-stokojantiems-plaukams-300ml\\\/#primaryimage\",\"url\":\"https:\\\/\\\/www.malinashop.lt\\\/wp-content\\\/uploads\\\/2025\\\/01\\\/IEVA-sampunas-pazeistiems-ir-dregmes-stokojantiems-plaukams-300ml.jpg\",\"contentUrl\":\"https:\\\/\\\/www.malinashop.lt\\\/wp-content\\\/uploads\\\/2025\\\/01\\\/IEVA-sampunas-pazeistiems-ir-dregmes-stokojantiems-plaukams-300ml.jpg\",\"width\":408,\"height\":612},{\"@type\":\"BreadcrumbList\",\"@id\":\"https:\\\/\\\/www.malinashop.lt\\\/shop\\\/ieva-sampunas-pazeistiems-ir-dregmes-stokojantiems-plaukams-300ml\\\/#breadcrumb\",\"itemListElement\":[{\"@type\":\"ListItem\",\"position\":1,\"name\":\"Pagrindinis\",\"item\":\"https:\\\/\\\/www.malinashop.lt\\\/\"},{\"@type\":\"ListItem\",\"position\":2,\"name\":\"Parduotuv\u0117\",\"item\":\"https:\\\/\\\/www.malinashop.lt\\\/en\\\/parduotuve\\\/\"},{\"@type\":\"ListItem\",\"position\":3,\"name\":\"IEVA \u0161amp\u016bnas pa\u017eeistiems ir dr\u0117gm\u0117s stokojantiems plaukams, 300ml\"}]},{\"@type\":\"WebSite\",\"@id\":\"https:\\\/\\\/www.malinashop.lt\\\/#website\",\"url\":\"https:\\\/\\\/www.malinashop.lt\\\/\",\"name\":\"COM Group Ecommerce\",\"description\":\"MalinaShop.lt - Gro\u017eio ir sveikatos produktai i\u0161 patikim\u0173 preki\u0173 \u017eenkl\u0173. Atraskite auk\u0161tos kokyb\u0117s kosmetik\u0105 u\u017e puiki\u0105 kain\u0105.\",\"publisher\":{\"@id\":\"https:\\\/\\\/www.malinashop.lt\\\/#organization\"},\"potentialAction\":[{\"@type\":\"SearchAction\",\"target\":{\"@type\":\"EntryPoint\",\"urlTemplate\":\"https:\\\/\\\/www.malinashop.lt\\\/?s={search_term_string}\"},\"query-input\":{\"@type\":\"PropertyValueSpecification\",\"valueRequired\":true,\"valueName\":\"search_term_string\"}}],\"inLanguage\":\"en-GB\"},{\"@type\":\"Organization\",\"@id\":\"https:\\\/\\\/www.malinashop.lt\\\/#organization\",\"name\":\"COM Group Ecommerce\",\"url\":\"https:\\\/\\\/www.malinashop.lt\\\/\",\"logo\":{\"@type\":\"ImageObject\",\"inLanguage\":\"en-GB\",\"@id\":\"https:\\\/\\\/www.malinashop.lt\\\/#\\\/schema\\\/logo\\\/image\\\/\",\"url\":\"https:\\\/\\\/www.malinashop.lt\\\/wp-content\\\/uploads\\\/2024\\\/08\\\/462559670_3787732518133670_9795632669273463_n-e1731525914575.png\",\"contentUrl\":\"https:\\\/\\\/www.malinashop.lt\\\/wp-content\\\/uploads\\\/2024\\\/08\\\/462559670_3787732518133670_9795632669273463_n-e1731525914575.png\",\"width\":180,\"height\":60,\"caption\":\"COM Group Ecommerce\"},\"image\":{\"@id\":\"https:\\\/\\\/www.malinashop.lt\\\/#\\\/schema\\\/logo\\\/image\\\/\"}}]}<\/script>\n<!-- \/ Yoast SEO plugin. -->","yoast_head_json":{"title":"IEVA \u0161amp\u016bnas pa\u017eeistiems ir dr\u0117gm\u0117s stokojantiems plaukams, 300ml - MalinaShop.lt J\u016bs\u0173 sveikatai ir gro\u017eiui.","description":"IEVA \u0161amp\u016bnas (300 ml) \u2013 \u0161velniai valo, dr\u0117kina ir maitina da\u017eytus bei pa\u017eeistus plaukus. Su hialurono r\u016bg\u0161timi ir keratinu \u2013 glotnumas ir lengvas i\u0161\u0161ukavimas.","robots":{"index":"index","follow":"follow","max-snippet":"max-snippet:-1","max-image-preview":"max-image-preview:large","max-video-preview":"max-video-preview:-1"},"canonical":"https:\/\/www.malinashop.lt\/en\/shop\/ieva-sampunas-pazeistiems-ir-dregmes-stokojantiems-plaukams-300ml\/","og_locale":"en_GB","og_type":"article","og_title":"IEVA \u0161amp\u016bnas pa\u017eeistiems ir dr\u0117gm\u0117s stokojantiems plaukams, 300ml - MalinaShop.lt J\u016bs\u0173 sveikatai ir gro\u017eiui.","og_description":"IEVA \u0161amp\u016bnas (300 ml) \u2013 \u0161velniai valo, dr\u0117kina ir maitina da\u017eytus bei pa\u017eeistus plaukus. Su hialurono r\u016bg\u0161timi ir keratinu \u2013 glotnumas ir lengvas i\u0161\u0161ukavimas.","og_url":"https:\/\/www.malinashop.lt\/en\/shop\/ieva-sampunas-pazeistiems-ir-dregmes-stokojantiems-plaukams-300ml\/","og_site_name":"MalinaShop.lt J\u016bs\u0173 sveikatai ir gro\u017eiui.","article_modified_time":"2026-04-07T21:32:38+00:00","og_image":[{"width":408,"height":612,"url":"https:\/\/www.malinashop.lt\/wp-content\/uploads\/2025\/01\/IEVA-sampunas-pazeistiems-ir-dregmes-stokojantiems-plaukams-300ml.jpg","type":"image\/jpeg"}],"twitter_card":"summary_large_image","schema":{"@context":"https:\/\/schema.org","@graph":[{"@type":"WebPage","@id":"https:\/\/www.malinashop.lt\/shop\/ieva-sampunas-pazeistiems-ir-dregmes-stokojantiems-plaukams-300ml\/","url":"https:\/\/www.malinashop.lt\/shop\/ieva-sampunas-pazeistiems-ir-dregmes-stokojantiems-plaukams-300ml\/","name":"IEVA \u0161amp\u016bnas pa\u017eeistiems ir dr\u0117gm\u0117s stokojantiems plaukams, 300ml - MalinaShop.lt J\u016bs\u0173 sveikatai ir gro\u017eiui.","isPartOf":{"@id":"https:\/\/www.malinashop.lt\/#website"},"primaryImageOfPage":{"@id":"https:\/\/www.malinashop.lt\/shop\/ieva-sampunas-pazeistiems-ir-dregmes-stokojantiems-plaukams-300ml\/#primaryimage"},"image":{"@id":"https:\/\/www.malinashop.lt\/shop\/ieva-sampunas-pazeistiems-ir-dregmes-stokojantiems-plaukams-300ml\/#primaryimage"},"thumbnailUrl":"https:\/\/www.malinashop.lt\/wp-content\/uploads\/2025\/01\/IEVA-sampunas-pazeistiems-ir-dregmes-stokojantiems-plaukams-300ml.jpg","datePublished":"2025-01-20T21:06:40+00:00","dateModified":"2026-04-07T21:32:38+00:00","description":"IEVA \u0161amp\u016bnas (300 ml) \u2013 \u0161velniai valo, dr\u0117kina ir maitina da\u017eytus bei pa\u017eeistus plaukus. Su hialurono r\u016bg\u0161timi ir keratinu \u2013 glotnumas ir lengvas i\u0161\u0161ukavimas.","breadcrumb":{"@id":"https:\/\/www.malinashop.lt\/shop\/ieva-sampunas-pazeistiems-ir-dregmes-stokojantiems-plaukams-300ml\/#breadcrumb"},"inLanguage":"en-GB","potentialAction":[{"@type":"ReadAction","target":["https:\/\/www.malinashop.lt\/shop\/ieva-sampunas-pazeistiems-ir-dregmes-stokojantiems-plaukams-300ml\/"]}]},{"@type":"ImageObject","inLanguage":"en-GB","@id":"https:\/\/www.malinashop.lt\/shop\/ieva-sampunas-pazeistiems-ir-dregmes-stokojantiems-plaukams-300ml\/#primaryimage","url":"https:\/\/www.malinashop.lt\/wp-content\/uploads\/2025\/01\/IEVA-sampunas-pazeistiems-ir-dregmes-stokojantiems-plaukams-300ml.jpg","contentUrl":"https:\/\/www.malinashop.lt\/wp-content\/uploads\/2025\/01\/IEVA-sampunas-pazeistiems-ir-dregmes-stokojantiems-plaukams-300ml.jpg","width":408,"height":612},{"@type":"BreadcrumbList","@id":"https:\/\/www.malinashop.lt\/shop\/ieva-sampunas-pazeistiems-ir-dregmes-stokojantiems-plaukams-300ml\/#breadcrumb","itemListElement":[{"@type":"ListItem","position":1,"name":"Pagrindinis","item":"https:\/\/www.malinashop.lt\/"},{"@type":"ListItem","position":2,"name":"Parduotuv\u0117","item":"https:\/\/www.malinashop.lt\/en\/parduotuve\/"},{"@type":"ListItem","position":3,"name":"IEVA \u0161amp\u016bnas pa\u017eeistiems ir dr\u0117gm\u0117s stokojantiems plaukams, 300ml"}]},{"@type":"WebSite","@id":"https:\/\/www.malinashop.lt\/#website","url":"https:\/\/www.malinashop.lt\/","name":"COM Group Ecommerce","description":"MalinaShop.lt - Gro\u017eio ir sveikatos produktai i\u0161 patikim\u0173 preki\u0173 \u017eenkl\u0173. Atraskite auk\u0161tos kokyb\u0117s kosmetik\u0105 u\u017e puiki\u0105 kain\u0105.","publisher":{"@id":"https:\/\/www.malinashop.lt\/#organization"},"potentialAction":[{"@type":"SearchAction","target":{"@type":"EntryPoint","urlTemplate":"https:\/\/www.malinashop.lt\/?s={search_term_string}"},"query-input":{"@type":"PropertyValueSpecification","valueRequired":true,"valueName":"search_term_string"}}],"inLanguage":"en-GB"},{"@type":"Organization","@id":"https:\/\/www.malinashop.lt\/#organization","name":"COM Group Ecommerce","url":"https:\/\/www.malinashop.lt\/","logo":{"@type":"ImageObject","inLanguage":"en-GB","@id":"https:\/\/www.malinashop.lt\/#\/schema\/logo\/image\/","url":"https:\/\/www.malinashop.lt\/wp-content\/uploads\/2024\/08\/462559670_3787732518133670_9795632669273463_n-e1731525914575.png","contentUrl":"https:\/\/www.malinashop.lt\/wp-content\/uploads\/2024\/08\/462559670_3787732518133670_9795632669273463_n-e1731525914575.png","width":180,"height":60,"caption":"COM Group Ecommerce"},"image":{"@id":"https:\/\/www.malinashop.lt\/#\/schema\/logo\/image\/"}}]}},"jetpack_sharing_enabled":true,"_links":{"self":[{"href":"https:\/\/www.malinashop.lt\/en\/wp-json\/wp\/v2\/product\/31244","targetHints":{"allow":["GET"]}}],"collection":[{"href":"https:\/\/www.malinashop.lt\/en\/wp-json\/wp\/v2\/product"}],"about":[{"href":"https:\/\/www.malinashop.lt\/en\/wp-json\/wp\/v2\/types\/product"}],"version-history":[{"count":2,"href":"https:\/\/www.malinashop.lt\/en\/wp-json\/wp\/v2\/product\/31244\/revisions"}],"predecessor-version":[{"id":54399,"href":"https:\/\/www.malinashop.lt\/en\/wp-json\/wp\/v2\/product\/31244\/revisions\/54399"}],"wp:featuredmedia":[{"embeddable":true,"href":"https:\/\/www.malinashop.lt\/en\/wp-json\/wp\/v2\/media\/31245"}],"wp:attachment":[{"href":"https:\/\/www.malinashop.lt\/en\/wp-json\/wp\/v2\/media?parent=31244"}],"wp:term":[{"taxonomy":"product_brand","embeddable":true,"href":"https:\/\/www.malinashop.lt\/en\/wp-json\/wp\/v2\/product_brand?post=31244"},{"taxonomy":"product_cat","embeddable":true,"href":"https:\/\/www.malinashop.lt\/en\/wp-json\/wp\/v2\/product_cat?post=31244"},{"taxonomy":"product_tag","embeddable":true,"href":"https:\/\/www.malinashop.lt\/en\/wp-json\/wp\/v2\/product_tag?post=31244"}],"curies":[{"name":"wp","href":"https:\/\/api.w.org\/{rel}","templated":true}]}}