{"id":30554,"date":"2024-12-03T17:58:04","date_gmt":"2024-12-03T14:58:04","guid":{"rendered":"https:\/\/malinashop.lt\/?post_type=product&#038;p=30554"},"modified":"2026-02-12T23:54:12","modified_gmt":"2026-02-12T20:54:12","slug":"mjcare-on-arbutin-mask-sviesinanti-lakstine-veido-kauke-22g","status":"publish","type":"product","link":"https:\/\/www.malinashop.lt\/en\/shop\/mjcare-on-arbutin-mask-sviesinanti-lakstine-veido-kauke-22g\/","title":{"rendered":"MJCARE ON ARBUTIN MASK \u0161viesinanti lak\u0161tin\u0117 veido kauk\u0117, 22g"},"content":{"rendered":"<p><strong>MJCARE \u0161viesinanti lak\u0161tin\u0117 veido kauk\u0117 ON ARBUTIN MASK<\/strong> skirta kovoti su odos sen\u0117jimo ir nuovargio po\u017eymiais, suteikia odai spindesio ir skaistumo. Sud\u0117tyje esantis arbutinas \u0161velniai pa\u0161viesina od\u0105, ma\u017eina patams\u0117jim\u0105 ir normalizuoja riebalini\u0173 liauk\u0173 hidrobalans\u0105. Nuolatinis kauk\u0117s naudojimas gali pad\u0117ti i\u0161lyginti rauk\u0161les, slopina laisv\u0173j\u0173 radikal\u0173 poveik\u012f ir apsaugo nuo neigiamos UV spinduliuot\u0117s bei greito sen\u0117jimo. Alantoinas skatina odos gijim\u0105, gerina regeneracijos procesus ir i\u0161lygina odos reljef\u0105.<\/p>\n<p><strong>Naudojimo instrukcijos:<\/strong><\/p>\n<ol>\n<li>Prie\u0161 atidarydami pakuot\u0119, du-tris kartus patrinkite delnais, kad serumas tolygiai susimai\u0161yt\u0173.<\/li>\n<li>Nuvalykite veid\u0105 ir u\u017ed\u0117kite kauk\u0119 ant \u0161varios, sausos odos.<\/li>\n<li>Palikite kauk\u0119 ant veido 15\u201320 minu\u010di\u0173.<\/li>\n<li>Nuimkite kauk\u0119 ir \u0161velniai \u012fmasa\u017euokite liku\u010dius, kol jie visi\u0161kai \u012fsigers. Nuplauti nereikia.<\/li>\n<li>Naudokite 2 kartus per savait\u0119.<\/li>\n<\/ol>\n<p><strong>\u012esp\u0117jimai:<\/strong> Tik i\u0161oriniam naudojimui. Laikyti vaikams nepasiekiamoje vietoje. Nenaudokite ant sudirgusios odos. Nustokite vartoti, jei atsiranda dirginimo ar b\u0117rimo po\u017eymi\u0173. Laikyti atokiai nuo tiesiogini\u0173 saul\u0117s spinduli\u0173. Vengti kontakto su akimis.<\/p>\n","protected":false},"excerpt":{"rendered":"<p>MJCARE \u0161viesinanti lak\u0161tin\u0117 veido kauk\u0117 ON ARBUTIN MASK skirta kovoti su odos sen\u0117jimo ir nuovargio po\u017eymiais, suteikia odai spindesio ir skaistumo. Sud\u0117tyje&hellip;<\/p>\n","protected":false},"featured_media":30555,"template":"","meta":[],"product_brand":[1150],"product_cat":[1136],"product_tag":[1634],"class_list":{"0":"post-30554","1":"product","2":"type-product","3":"status-publish","4":"has-post-thumbnail","6":"product_brand-mjcare","7":"product_cat-lakstines-veido-kaukes","8":"product_tag-mjcare","10":"first","11":"instock","12":"sale","13":"featured","14":"taxable","15":"shipping-taxable","16":"purchasable","17":"product-type-simple"},"yoast_head":"<!-- This site is optimized with the Yoast SEO plugin v27.4 - https:\/\/yoast.com\/product\/yoast-seo-wordpress\/ -->\n<title>MJCARE ON ARBUTIN MASK \u0161viesinanti lak\u0161tin\u0117 veido kauk\u0117, 22g - MalinaShop.lt J\u016bs\u0173 sveikatai ir gro\u017eiui.<\/title>\n<meta name=\"description\" content=\"MJCARE \u0161viesinanti kauk\u0117 su arbutinu pa\u0161viesina od\u0105, ma\u017eina patams\u0117jimus ir rauk\u0161les, apsaugo nuo UV spinduliuot\u0117s ir greito sen\u0117jimo, suteikia spindesio.\" \/>\n<meta name=\"robots\" content=\"index, follow, max-snippet:-1, max-image-preview:large, max-video-preview:-1\" \/>\n<link rel=\"canonical\" href=\"https:\/\/www.malinashop.lt\/en\/shop\/mjcare-on-arbutin-mask-sviesinanti-lakstine-veido-kauke-22g\/\" \/>\n<meta property=\"og:locale\" content=\"en_GB\" \/>\n<meta property=\"og:type\" content=\"article\" \/>\n<meta property=\"og:title\" content=\"MJCARE ON ARBUTIN MASK \u0161viesinanti lak\u0161tin\u0117 veido kauk\u0117, 22g - MalinaShop.lt J\u016bs\u0173 sveikatai ir gro\u017eiui.\" \/>\n<meta property=\"og:description\" content=\"MJCARE \u0161viesinanti kauk\u0117 su arbutinu pa\u0161viesina od\u0105, ma\u017eina patams\u0117jimus ir rauk\u0161les, apsaugo nuo UV spinduliuot\u0117s ir greito sen\u0117jimo, suteikia spindesio.\" \/>\n<meta property=\"og:url\" content=\"https:\/\/www.malinashop.lt\/en\/shop\/mjcare-on-arbutin-mask-sviesinanti-lakstine-veido-kauke-22g\/\" \/>\n<meta property=\"og:site_name\" content=\"MalinaShop.lt J\u016bs\u0173 sveikatai ir gro\u017eiui.\" \/>\n<meta property=\"article:modified_time\" content=\"2026-02-12T20:54:12+00:00\" \/>\n<meta property=\"og:image\" content=\"https:\/\/www.malinashop.lt\/wp-content\/uploads\/2024\/12\/MJCARE-ON-ARBUTIN-MASK-sviesinanti-lakstine-veido-kauke-22g.webp\" \/>\n\t<meta property=\"og:image:width\" content=\"768\" \/>\n\t<meta property=\"og:image:height\" content=\"768\" \/>\n\t<meta property=\"og:image:type\" content=\"image\/webp\" \/>\n<meta name=\"twitter:card\" content=\"summary_large_image\" \/>\n<script type=\"application\/ld+json\" class=\"yoast-schema-graph\">{\"@context\":\"https:\\\/\\\/schema.org\",\"@graph\":[{\"@type\":\"WebPage\",\"@id\":\"https:\\\/\\\/www.malinashop.lt\\\/shop\\\/mjcare-on-arbutin-mask-sviesinanti-lakstine-veido-kauke-22g\\\/\",\"url\":\"https:\\\/\\\/www.malinashop.lt\\\/shop\\\/mjcare-on-arbutin-mask-sviesinanti-lakstine-veido-kauke-22g\\\/\",\"name\":\"MJCARE ON ARBUTIN MASK \u0161viesinanti lak\u0161tin\u0117 veido kauk\u0117, 22g - MalinaShop.lt J\u016bs\u0173 sveikatai ir gro\u017eiui.\",\"isPartOf\":{\"@id\":\"https:\\\/\\\/www.malinashop.lt\\\/#website\"},\"primaryImageOfPage\":{\"@id\":\"https:\\\/\\\/www.malinashop.lt\\\/shop\\\/mjcare-on-arbutin-mask-sviesinanti-lakstine-veido-kauke-22g\\\/#primaryimage\"},\"image\":{\"@id\":\"https:\\\/\\\/www.malinashop.lt\\\/shop\\\/mjcare-on-arbutin-mask-sviesinanti-lakstine-veido-kauke-22g\\\/#primaryimage\"},\"thumbnailUrl\":\"https:\\\/\\\/www.malinashop.lt\\\/wp-content\\\/uploads\\\/2024\\\/12\\\/MJCARE-ON-ARBUTIN-MASK-sviesinanti-lakstine-veido-kauke-22g.webp\",\"datePublished\":\"2024-12-03T14:58:04+00:00\",\"dateModified\":\"2026-02-12T20:54:12+00:00\",\"description\":\"MJCARE \u0161viesinanti kauk\u0117 su arbutinu pa\u0161viesina od\u0105, ma\u017eina patams\u0117jimus ir rauk\u0161les, apsaugo nuo UV spinduliuot\u0117s ir greito sen\u0117jimo, suteikia spindesio.\",\"breadcrumb\":{\"@id\":\"https:\\\/\\\/www.malinashop.lt\\\/shop\\\/mjcare-on-arbutin-mask-sviesinanti-lakstine-veido-kauke-22g\\\/#breadcrumb\"},\"inLanguage\":\"en-GB\",\"potentialAction\":[{\"@type\":\"ReadAction\",\"target\":[\"https:\\\/\\\/www.malinashop.lt\\\/shop\\\/mjcare-on-arbutin-mask-sviesinanti-lakstine-veido-kauke-22g\\\/\"]}]},{\"@type\":\"ImageObject\",\"inLanguage\":\"en-GB\",\"@id\":\"https:\\\/\\\/www.malinashop.lt\\\/shop\\\/mjcare-on-arbutin-mask-sviesinanti-lakstine-veido-kauke-22g\\\/#primaryimage\",\"url\":\"https:\\\/\\\/www.malinashop.lt\\\/wp-content\\\/uploads\\\/2024\\\/12\\\/MJCARE-ON-ARBUTIN-MASK-sviesinanti-lakstine-veido-kauke-22g.webp\",\"contentUrl\":\"https:\\\/\\\/www.malinashop.lt\\\/wp-content\\\/uploads\\\/2024\\\/12\\\/MJCARE-ON-ARBUTIN-MASK-sviesinanti-lakstine-veido-kauke-22g.webp\",\"width\":768,\"height\":768},{\"@type\":\"BreadcrumbList\",\"@id\":\"https:\\\/\\\/www.malinashop.lt\\\/shop\\\/mjcare-on-arbutin-mask-sviesinanti-lakstine-veido-kauke-22g\\\/#breadcrumb\",\"itemListElement\":[{\"@type\":\"ListItem\",\"position\":1,\"name\":\"Pagrindinis\",\"item\":\"https:\\\/\\\/www.malinashop.lt\\\/\"},{\"@type\":\"ListItem\",\"position\":2,\"name\":\"Parduotuv\u0117\",\"item\":\"https:\\\/\\\/www.malinashop.lt\\\/en\\\/parduotuve\\\/\"},{\"@type\":\"ListItem\",\"position\":3,\"name\":\"MJCARE ON ARBUTIN MASK \u0161viesinanti lak\u0161tin\u0117 veido kauk\u0117, 22g\"}]},{\"@type\":\"WebSite\",\"@id\":\"https:\\\/\\\/www.malinashop.lt\\\/#website\",\"url\":\"https:\\\/\\\/www.malinashop.lt\\\/\",\"name\":\"COM Group Ecommerce\",\"description\":\"MalinaShop.lt - Gro\u017eio ir sveikatos produktai i\u0161 patikim\u0173 preki\u0173 \u017eenkl\u0173. Atraskite auk\u0161tos kokyb\u0117s kosmetik\u0105 u\u017e puiki\u0105 kain\u0105.\",\"publisher\":{\"@id\":\"https:\\\/\\\/www.malinashop.lt\\\/#organization\"},\"potentialAction\":[{\"@type\":\"SearchAction\",\"target\":{\"@type\":\"EntryPoint\",\"urlTemplate\":\"https:\\\/\\\/www.malinashop.lt\\\/?s={search_term_string}\"},\"query-input\":{\"@type\":\"PropertyValueSpecification\",\"valueRequired\":true,\"valueName\":\"search_term_string\"}}],\"inLanguage\":\"en-GB\"},{\"@type\":\"Organization\",\"@id\":\"https:\\\/\\\/www.malinashop.lt\\\/#organization\",\"name\":\"COM Group Ecommerce\",\"url\":\"https:\\\/\\\/www.malinashop.lt\\\/\",\"logo\":{\"@type\":\"ImageObject\",\"inLanguage\":\"en-GB\",\"@id\":\"https:\\\/\\\/www.malinashop.lt\\\/#\\\/schema\\\/logo\\\/image\\\/\",\"url\":\"https:\\\/\\\/www.malinashop.lt\\\/wp-content\\\/uploads\\\/2024\\\/08\\\/462559670_3787732518133670_9795632669273463_n-e1731525914575.png\",\"contentUrl\":\"https:\\\/\\\/www.malinashop.lt\\\/wp-content\\\/uploads\\\/2024\\\/08\\\/462559670_3787732518133670_9795632669273463_n-e1731525914575.png\",\"width\":180,\"height\":60,\"caption\":\"COM Group Ecommerce\"},\"image\":{\"@id\":\"https:\\\/\\\/www.malinashop.lt\\\/#\\\/schema\\\/logo\\\/image\\\/\"}}]}<\/script>\n<!-- \/ Yoast SEO plugin. -->","yoast_head_json":{"title":"MJCARE ON ARBUTIN MASK \u0161viesinanti lak\u0161tin\u0117 veido kauk\u0117, 22g - MalinaShop.lt J\u016bs\u0173 sveikatai ir gro\u017eiui.","description":"MJCARE \u0161viesinanti kauk\u0117 su arbutinu pa\u0161viesina od\u0105, ma\u017eina patams\u0117jimus ir rauk\u0161les, apsaugo nuo UV spinduliuot\u0117s ir greito sen\u0117jimo, suteikia spindesio.","robots":{"index":"index","follow":"follow","max-snippet":"max-snippet:-1","max-image-preview":"max-image-preview:large","max-video-preview":"max-video-preview:-1"},"canonical":"https:\/\/www.malinashop.lt\/en\/shop\/mjcare-on-arbutin-mask-sviesinanti-lakstine-veido-kauke-22g\/","og_locale":"en_GB","og_type":"article","og_title":"MJCARE ON ARBUTIN MASK \u0161viesinanti lak\u0161tin\u0117 veido kauk\u0117, 22g - MalinaShop.lt J\u016bs\u0173 sveikatai ir gro\u017eiui.","og_description":"MJCARE \u0161viesinanti kauk\u0117 su arbutinu pa\u0161viesina od\u0105, ma\u017eina patams\u0117jimus ir rauk\u0161les, apsaugo nuo UV spinduliuot\u0117s ir greito sen\u0117jimo, suteikia spindesio.","og_url":"https:\/\/www.malinashop.lt\/en\/shop\/mjcare-on-arbutin-mask-sviesinanti-lakstine-veido-kauke-22g\/","og_site_name":"MalinaShop.lt J\u016bs\u0173 sveikatai ir gro\u017eiui.","article_modified_time":"2026-02-12T20:54:12+00:00","og_image":[{"width":768,"height":768,"url":"https:\/\/www.malinashop.lt\/wp-content\/uploads\/2024\/12\/MJCARE-ON-ARBUTIN-MASK-sviesinanti-lakstine-veido-kauke-22g.webp","type":"image\/webp"}],"twitter_card":"summary_large_image","schema":{"@context":"https:\/\/schema.org","@graph":[{"@type":"WebPage","@id":"https:\/\/www.malinashop.lt\/shop\/mjcare-on-arbutin-mask-sviesinanti-lakstine-veido-kauke-22g\/","url":"https:\/\/www.malinashop.lt\/shop\/mjcare-on-arbutin-mask-sviesinanti-lakstine-veido-kauke-22g\/","name":"MJCARE ON ARBUTIN MASK \u0161viesinanti lak\u0161tin\u0117 veido kauk\u0117, 22g - MalinaShop.lt J\u016bs\u0173 sveikatai ir gro\u017eiui.","isPartOf":{"@id":"https:\/\/www.malinashop.lt\/#website"},"primaryImageOfPage":{"@id":"https:\/\/www.malinashop.lt\/shop\/mjcare-on-arbutin-mask-sviesinanti-lakstine-veido-kauke-22g\/#primaryimage"},"image":{"@id":"https:\/\/www.malinashop.lt\/shop\/mjcare-on-arbutin-mask-sviesinanti-lakstine-veido-kauke-22g\/#primaryimage"},"thumbnailUrl":"https:\/\/www.malinashop.lt\/wp-content\/uploads\/2024\/12\/MJCARE-ON-ARBUTIN-MASK-sviesinanti-lakstine-veido-kauke-22g.webp","datePublished":"2024-12-03T14:58:04+00:00","dateModified":"2026-02-12T20:54:12+00:00","description":"MJCARE \u0161viesinanti kauk\u0117 su arbutinu pa\u0161viesina od\u0105, ma\u017eina patams\u0117jimus ir rauk\u0161les, apsaugo nuo UV spinduliuot\u0117s ir greito sen\u0117jimo, suteikia spindesio.","breadcrumb":{"@id":"https:\/\/www.malinashop.lt\/shop\/mjcare-on-arbutin-mask-sviesinanti-lakstine-veido-kauke-22g\/#breadcrumb"},"inLanguage":"en-GB","potentialAction":[{"@type":"ReadAction","target":["https:\/\/www.malinashop.lt\/shop\/mjcare-on-arbutin-mask-sviesinanti-lakstine-veido-kauke-22g\/"]}]},{"@type":"ImageObject","inLanguage":"en-GB","@id":"https:\/\/www.malinashop.lt\/shop\/mjcare-on-arbutin-mask-sviesinanti-lakstine-veido-kauke-22g\/#primaryimage","url":"https:\/\/www.malinashop.lt\/wp-content\/uploads\/2024\/12\/MJCARE-ON-ARBUTIN-MASK-sviesinanti-lakstine-veido-kauke-22g.webp","contentUrl":"https:\/\/www.malinashop.lt\/wp-content\/uploads\/2024\/12\/MJCARE-ON-ARBUTIN-MASK-sviesinanti-lakstine-veido-kauke-22g.webp","width":768,"height":768},{"@type":"BreadcrumbList","@id":"https:\/\/www.malinashop.lt\/shop\/mjcare-on-arbutin-mask-sviesinanti-lakstine-veido-kauke-22g\/#breadcrumb","itemListElement":[{"@type":"ListItem","position":1,"name":"Pagrindinis","item":"https:\/\/www.malinashop.lt\/"},{"@type":"ListItem","position":2,"name":"Parduotuv\u0117","item":"https:\/\/www.malinashop.lt\/en\/parduotuve\/"},{"@type":"ListItem","position":3,"name":"MJCARE ON ARBUTIN MASK \u0161viesinanti lak\u0161tin\u0117 veido kauk\u0117, 22g"}]},{"@type":"WebSite","@id":"https:\/\/www.malinashop.lt\/#website","url":"https:\/\/www.malinashop.lt\/","name":"COM Group Ecommerce","description":"MalinaShop.lt - Gro\u017eio ir sveikatos produktai i\u0161 patikim\u0173 preki\u0173 \u017eenkl\u0173. Atraskite auk\u0161tos kokyb\u0117s kosmetik\u0105 u\u017e puiki\u0105 kain\u0105.","publisher":{"@id":"https:\/\/www.malinashop.lt\/#organization"},"potentialAction":[{"@type":"SearchAction","target":{"@type":"EntryPoint","urlTemplate":"https:\/\/www.malinashop.lt\/?s={search_term_string}"},"query-input":{"@type":"PropertyValueSpecification","valueRequired":true,"valueName":"search_term_string"}}],"inLanguage":"en-GB"},{"@type":"Organization","@id":"https:\/\/www.malinashop.lt\/#organization","name":"COM Group Ecommerce","url":"https:\/\/www.malinashop.lt\/","logo":{"@type":"ImageObject","inLanguage":"en-GB","@id":"https:\/\/www.malinashop.lt\/#\/schema\/logo\/image\/","url":"https:\/\/www.malinashop.lt\/wp-content\/uploads\/2024\/08\/462559670_3787732518133670_9795632669273463_n-e1731525914575.png","contentUrl":"https:\/\/www.malinashop.lt\/wp-content\/uploads\/2024\/08\/462559670_3787732518133670_9795632669273463_n-e1731525914575.png","width":180,"height":60,"caption":"COM Group Ecommerce"},"image":{"@id":"https:\/\/www.malinashop.lt\/#\/schema\/logo\/image\/"}}]}},"jetpack_sharing_enabled":true,"_links":{"self":[{"href":"https:\/\/www.malinashop.lt\/en\/wp-json\/wp\/v2\/product\/30554","targetHints":{"allow":["GET"]}}],"collection":[{"href":"https:\/\/www.malinashop.lt\/en\/wp-json\/wp\/v2\/product"}],"about":[{"href":"https:\/\/www.malinashop.lt\/en\/wp-json\/wp\/v2\/types\/product"}],"version-history":[{"count":2,"href":"https:\/\/www.malinashop.lt\/en\/wp-json\/wp\/v2\/product\/30554\/revisions"}],"predecessor-version":[{"id":74328,"href":"https:\/\/www.malinashop.lt\/en\/wp-json\/wp\/v2\/product\/30554\/revisions\/74328"}],"wp:featuredmedia":[{"embeddable":true,"href":"https:\/\/www.malinashop.lt\/en\/wp-json\/wp\/v2\/media\/30555"}],"wp:attachment":[{"href":"https:\/\/www.malinashop.lt\/en\/wp-json\/wp\/v2\/media?parent=30554"}],"wp:term":[{"taxonomy":"product_brand","embeddable":true,"href":"https:\/\/www.malinashop.lt\/en\/wp-json\/wp\/v2\/product_brand?post=30554"},{"taxonomy":"product_cat","embeddable":true,"href":"https:\/\/www.malinashop.lt\/en\/wp-json\/wp\/v2\/product_cat?post=30554"},{"taxonomy":"product_tag","embeddable":true,"href":"https:\/\/www.malinashop.lt\/en\/wp-json\/wp\/v2\/product_tag?post=30554"}],"curies":[{"name":"wp","href":"https:\/\/api.w.org\/{rel}","templated":true}]}}