{"id":20910,"date":"2024-11-06T15:54:47","date_gmt":"2024-11-06T12:54:47","guid":{"rendered":"https:\/\/malinashop.lt\/produktas\/petite-maison-spf30-pink-tone-up-odos-spalvos-netolygumus-koreguojantis-kremas-su-spf30-30-ml-2\/"},"modified":"2026-03-18T12:31:20","modified_gmt":"2026-03-18T09:31:20","slug":"petite-maison-spf30-pink-tone-up-odos-spalvos-netolygumus-koreguojantis-kremas-su-spf30-30-ml-2","status":"publish","type":"product","link":"https:\/\/www.malinashop.lt\/en\/shop\/petite-maison-spf30-pink-tone-up-odos-spalvos-netolygumus-koreguojantis-kremas-su-spf30-30-ml-2\/","title":{"rendered":"PETITE MAISON SPF30 PINK TONE UP odos spalvos netolygumus koreguojantis kremas su SPF30, 30 ml"},"content":{"rendered":"<p>PETITE MAISON odos spalvos netolygumus koreguojantis kremas su SPF30 PINK TONE UP<\/p>\n<p>\u0160is kremas su rausva baze padeda efektyviai koreguoti odos spalvos netolygumus ir suteikia veidui sveik\u0105, \u0161vytint\u012f atspalv\u012f. Centella Asiatica ekstraktas skatina odos atsinaujinim\u0105, o kalaminas suteikia gaivumo ir sveiko \u0161vyt\u0117jimo. Idealiai tinka jautriai odai, apsaugo nuo UV spinduli\u0173 d\u0117l SPF30 apsaugos.<\/p>\n<p>Naudojimas: U\u017etepkite krem\u0105 kaip paskutin\u012f odos prie\u017ei\u016bros etap\u0105, tolygiai paskirstykite ant odos 15\u201320 minu\u010di\u0173 prie\u0161 i\u0161einant \u012f saul\u0119 ar prie\u0161 makia\u017e\u0105.<br \/>\n\u012esp\u0117jimas: Venkite aki\u0173 srities. Jei kremas pateko \u012f akis, praplaukite vandeniu. Laikyti kambario temperat\u016broje, \u017eemesn\u0117je kaip 25\u00b0C.<\/p>\n<div class=\"text-tab text-tab-id-10\">\n<p>Siuntas i\u0161siun\u010diame antradieniais ir ketvirtadieniais. Jei d\u0117l koki\u0173 nors prie\u017eas\u010di\u0173 siunta negali b\u016bti i\u0161si\u0173sta \u0161iomis dienomis ir ji yra perkeliama \u012f kit\u0105 dien\u0105, apie tai informuosime jus svetain\u0117je arba el. pa\u0161tu.<\/p>\n<p>\u201eJei turite klausim\u0173, pra\u0161ome susisiekti el. pa\u0161tu info@malinashop.lt arba telefonu +37065444002 darbo dienomis nuo 10:00 iki 16:00 val.\u201c<\/p>\n<\/div>\n<div class=\"text-tab text-tab-id-11\">\n<p>Perkant u\u017e daugiau nei 50\u20ac &#8211; pristatymas nemokamas.<\/p>\n<p>Pristatymas \u012f LPexpress pa\u0161tomat\u0105\u00a0(visoje Lietuvoje, i\u0161skyrus Kur\u0161i\u0173 Nerij\u0105).<\/p>\n<\/div>\n","protected":false},"excerpt":{"rendered":"<p>PETITE MAISON odos spalvos netolygumus koreguojantis kremas su SPF30 PINK TONE UP \u0160is kremas su rausva baze padeda efektyviai koreguoti odos spalvos&hellip;<\/p>\n","protected":false},"featured_media":17998,"template":"","meta":[],"product_brand":[554],"product_cat":[187,728],"product_tag":[1159],"class_list":{"0":"post-20910","1":"product","2":"type-product","3":"status-publish","4":"has-post-thumbnail","6":"product_brand-petite-maison","7":"product_cat-veido-kremai","8":"product_cat-veidui","9":"product_tag-petite-maison","11":"first","12":"instock","13":"sale","14":"taxable","15":"shipping-taxable","16":"purchasable","17":"product-type-simple"},"yoast_head":"<!-- This site is optimized with the Yoast SEO plugin v27.4 - https:\/\/yoast.com\/product\/yoast-seo-wordpress\/ -->\n<title>PETITE MAISON SPF30 PINK TONE UP odos spalvos netolygumus koreguojantis kremas su SPF30, 30 ml - MalinaShop.lt J\u016bs\u0173 sveikatai ir gro\u017eiui.<\/title>\n<meta name=\"robots\" content=\"index, follow, max-snippet:-1, max-image-preview:large, max-video-preview:-1\" \/>\n<link rel=\"canonical\" href=\"https:\/\/www.malinashop.lt\/en\/shop\/petite-maison-spf30-pink-tone-up-odos-spalvos-netolygumus-koreguojantis-kremas-su-spf30-30-ml-2\/\" \/>\n<meta property=\"og:locale\" content=\"en_GB\" \/>\n<meta property=\"og:type\" content=\"article\" \/>\n<meta property=\"og:title\" content=\"PETITE MAISON SPF30 PINK TONE UP odos spalvos netolygumus koreguojantis kremas su SPF30, 30 ml - MalinaShop.lt J\u016bs\u0173 sveikatai ir gro\u017eiui.\" \/>\n<meta property=\"og:url\" content=\"https:\/\/www.malinashop.lt\/en\/shop\/petite-maison-spf30-pink-tone-up-odos-spalvos-netolygumus-koreguojantis-kremas-su-spf30-30-ml-2\/\" \/>\n<meta property=\"og:site_name\" content=\"MalinaShop.lt J\u016bs\u0173 sveikatai ir gro\u017eiui.\" \/>\n<meta property=\"article:modified_time\" content=\"2026-03-18T09:31:20+00:00\" \/>\n<meta property=\"og:image\" content=\"https:\/\/www.malinashop.lt\/wp-content\/uploads\/2024\/11\/PETITE-MAISON-SPF30-PINK-TONE-UP-odos-spalvos-netolygumus-koreguojantis-kremas-su-SPF30-30-ml.png\" \/>\n\t<meta property=\"og:image:width\" content=\"768\" \/>\n\t<meta property=\"og:image:height\" content=\"768\" \/>\n\t<meta property=\"og:image:type\" content=\"image\/png\" \/>\n<meta name=\"twitter:card\" content=\"summary_large_image\" \/>\n<script type=\"application\/ld+json\" class=\"yoast-schema-graph\">{\"@context\":\"https:\\\/\\\/schema.org\",\"@graph\":[{\"@type\":\"WebPage\",\"@id\":\"https:\\\/\\\/www.malinashop.lt\\\/lt_lt\\\/shop\\\/petite-maison-spf30-pink-tone-up-odos-spalvos-netolygumus-koreguojantis-kremas-su-spf30-30-ml-2\\\/\",\"url\":\"https:\\\/\\\/www.malinashop.lt\\\/lt_lt\\\/shop\\\/petite-maison-spf30-pink-tone-up-odos-spalvos-netolygumus-koreguojantis-kremas-su-spf30-30-ml-2\\\/\",\"name\":\"PETITE MAISON SPF30 PINK TONE UP odos spalvos netolygumus koreguojantis kremas su SPF30, 30 ml - MalinaShop.lt J\u016bs\u0173 sveikatai ir gro\u017eiui.\",\"isPartOf\":{\"@id\":\"https:\\\/\\\/www.malinashop.lt\\\/#website\"},\"primaryImageOfPage\":{\"@id\":\"https:\\\/\\\/www.malinashop.lt\\\/lt_lt\\\/shop\\\/petite-maison-spf30-pink-tone-up-odos-spalvos-netolygumus-koreguojantis-kremas-su-spf30-30-ml-2\\\/#primaryimage\"},\"image\":{\"@id\":\"https:\\\/\\\/www.malinashop.lt\\\/lt_lt\\\/shop\\\/petite-maison-spf30-pink-tone-up-odos-spalvos-netolygumus-koreguojantis-kremas-su-spf30-30-ml-2\\\/#primaryimage\"},\"thumbnailUrl\":\"https:\\\/\\\/www.malinashop.lt\\\/wp-content\\\/uploads\\\/2024\\\/11\\\/PETITE-MAISON-SPF30-PINK-TONE-UP-odos-spalvos-netolygumus-koreguojantis-kremas-su-SPF30-30-ml.png\",\"datePublished\":\"2024-11-06T12:54:47+00:00\",\"dateModified\":\"2026-03-18T09:31:20+00:00\",\"breadcrumb\":{\"@id\":\"https:\\\/\\\/www.malinashop.lt\\\/lt_lt\\\/shop\\\/petite-maison-spf30-pink-tone-up-odos-spalvos-netolygumus-koreguojantis-kremas-su-spf30-30-ml-2\\\/#breadcrumb\"},\"inLanguage\":\"en-GB\",\"potentialAction\":[{\"@type\":\"ReadAction\",\"target\":[\"https:\\\/\\\/www.malinashop.lt\\\/lt_lt\\\/shop\\\/petite-maison-spf30-pink-tone-up-odos-spalvos-netolygumus-koreguojantis-kremas-su-spf30-30-ml-2\\\/\"]}]},{\"@type\":\"ImageObject\",\"inLanguage\":\"en-GB\",\"@id\":\"https:\\\/\\\/www.malinashop.lt\\\/lt_lt\\\/shop\\\/petite-maison-spf30-pink-tone-up-odos-spalvos-netolygumus-koreguojantis-kremas-su-spf30-30-ml-2\\\/#primaryimage\",\"url\":\"https:\\\/\\\/www.malinashop.lt\\\/wp-content\\\/uploads\\\/2024\\\/11\\\/PETITE-MAISON-SPF30-PINK-TONE-UP-odos-spalvos-netolygumus-koreguojantis-kremas-su-SPF30-30-ml.png\",\"contentUrl\":\"https:\\\/\\\/www.malinashop.lt\\\/wp-content\\\/uploads\\\/2024\\\/11\\\/PETITE-MAISON-SPF30-PINK-TONE-UP-odos-spalvos-netolygumus-koreguojantis-kremas-su-SPF30-30-ml.png\",\"width\":768,\"height\":768},{\"@type\":\"BreadcrumbList\",\"@id\":\"https:\\\/\\\/www.malinashop.lt\\\/lt_lt\\\/shop\\\/petite-maison-spf30-pink-tone-up-odos-spalvos-netolygumus-koreguojantis-kremas-su-spf30-30-ml-2\\\/#breadcrumb\",\"itemListElement\":[{\"@type\":\"ListItem\",\"position\":1,\"name\":\"Pagrindinis\",\"item\":\"https:\\\/\\\/www.malinashop.lt\\\/\"},{\"@type\":\"ListItem\",\"position\":2,\"name\":\"Parduotuv\u0117\",\"item\":\"https:\\\/\\\/www.malinashop.lt\\\/en\\\/parduotuve\\\/\"},{\"@type\":\"ListItem\",\"position\":3,\"name\":\"PETITE MAISON SPF30 PINK TONE UP odos spalvos netolygumus koreguojantis kremas su SPF30, 30 ml\"}]},{\"@type\":\"WebSite\",\"@id\":\"https:\\\/\\\/www.malinashop.lt\\\/#website\",\"url\":\"https:\\\/\\\/www.malinashop.lt\\\/\",\"name\":\"COM Group Ecommerce\",\"description\":\"MalinaShop.lt - Gro\u017eio ir sveikatos produktai i\u0161 patikim\u0173 preki\u0173 \u017eenkl\u0173. Atraskite auk\u0161tos kokyb\u0117s kosmetik\u0105 u\u017e puiki\u0105 kain\u0105.\",\"publisher\":{\"@id\":\"https:\\\/\\\/www.malinashop.lt\\\/#organization\"},\"potentialAction\":[{\"@type\":\"SearchAction\",\"target\":{\"@type\":\"EntryPoint\",\"urlTemplate\":\"https:\\\/\\\/www.malinashop.lt\\\/?s={search_term_string}\"},\"query-input\":{\"@type\":\"PropertyValueSpecification\",\"valueRequired\":true,\"valueName\":\"search_term_string\"}}],\"inLanguage\":\"en-GB\"},{\"@type\":\"Organization\",\"@id\":\"https:\\\/\\\/www.malinashop.lt\\\/#organization\",\"name\":\"COM Group Ecommerce\",\"url\":\"https:\\\/\\\/www.malinashop.lt\\\/\",\"logo\":{\"@type\":\"ImageObject\",\"inLanguage\":\"en-GB\",\"@id\":\"https:\\\/\\\/www.malinashop.lt\\\/#\\\/schema\\\/logo\\\/image\\\/\",\"url\":\"https:\\\/\\\/www.malinashop.lt\\\/wp-content\\\/uploads\\\/2024\\\/08\\\/462559670_3787732518133670_9795632669273463_n-e1731525914575.png\",\"contentUrl\":\"https:\\\/\\\/www.malinashop.lt\\\/wp-content\\\/uploads\\\/2024\\\/08\\\/462559670_3787732518133670_9795632669273463_n-e1731525914575.png\",\"width\":180,\"height\":60,\"caption\":\"COM Group Ecommerce\"},\"image\":{\"@id\":\"https:\\\/\\\/www.malinashop.lt\\\/#\\\/schema\\\/logo\\\/image\\\/\"}}]}<\/script>\n<!-- \/ Yoast SEO plugin. -->","yoast_head_json":{"title":"PETITE MAISON SPF30 PINK TONE UP odos spalvos netolygumus koreguojantis kremas su SPF30, 30 ml - MalinaShop.lt J\u016bs\u0173 sveikatai ir gro\u017eiui.","robots":{"index":"index","follow":"follow","max-snippet":"max-snippet:-1","max-image-preview":"max-image-preview:large","max-video-preview":"max-video-preview:-1"},"canonical":"https:\/\/www.malinashop.lt\/en\/shop\/petite-maison-spf30-pink-tone-up-odos-spalvos-netolygumus-koreguojantis-kremas-su-spf30-30-ml-2\/","og_locale":"en_GB","og_type":"article","og_title":"PETITE MAISON SPF30 PINK TONE UP odos spalvos netolygumus koreguojantis kremas su SPF30, 30 ml - MalinaShop.lt J\u016bs\u0173 sveikatai ir gro\u017eiui.","og_url":"https:\/\/www.malinashop.lt\/en\/shop\/petite-maison-spf30-pink-tone-up-odos-spalvos-netolygumus-koreguojantis-kremas-su-spf30-30-ml-2\/","og_site_name":"MalinaShop.lt J\u016bs\u0173 sveikatai ir gro\u017eiui.","article_modified_time":"2026-03-18T09:31:20+00:00","og_image":[{"width":768,"height":768,"url":"https:\/\/www.malinashop.lt\/wp-content\/uploads\/2024\/11\/PETITE-MAISON-SPF30-PINK-TONE-UP-odos-spalvos-netolygumus-koreguojantis-kremas-su-SPF30-30-ml.png","type":"image\/png"}],"twitter_card":"summary_large_image","schema":{"@context":"https:\/\/schema.org","@graph":[{"@type":"WebPage","@id":"https:\/\/www.malinashop.lt\/lt_lt\/shop\/petite-maison-spf30-pink-tone-up-odos-spalvos-netolygumus-koreguojantis-kremas-su-spf30-30-ml-2\/","url":"https:\/\/www.malinashop.lt\/lt_lt\/shop\/petite-maison-spf30-pink-tone-up-odos-spalvos-netolygumus-koreguojantis-kremas-su-spf30-30-ml-2\/","name":"PETITE MAISON SPF30 PINK TONE UP odos spalvos netolygumus koreguojantis kremas su SPF30, 30 ml - MalinaShop.lt J\u016bs\u0173 sveikatai ir gro\u017eiui.","isPartOf":{"@id":"https:\/\/www.malinashop.lt\/#website"},"primaryImageOfPage":{"@id":"https:\/\/www.malinashop.lt\/lt_lt\/shop\/petite-maison-spf30-pink-tone-up-odos-spalvos-netolygumus-koreguojantis-kremas-su-spf30-30-ml-2\/#primaryimage"},"image":{"@id":"https:\/\/www.malinashop.lt\/lt_lt\/shop\/petite-maison-spf30-pink-tone-up-odos-spalvos-netolygumus-koreguojantis-kremas-su-spf30-30-ml-2\/#primaryimage"},"thumbnailUrl":"https:\/\/www.malinashop.lt\/wp-content\/uploads\/2024\/11\/PETITE-MAISON-SPF30-PINK-TONE-UP-odos-spalvos-netolygumus-koreguojantis-kremas-su-SPF30-30-ml.png","datePublished":"2024-11-06T12:54:47+00:00","dateModified":"2026-03-18T09:31:20+00:00","breadcrumb":{"@id":"https:\/\/www.malinashop.lt\/lt_lt\/shop\/petite-maison-spf30-pink-tone-up-odos-spalvos-netolygumus-koreguojantis-kremas-su-spf30-30-ml-2\/#breadcrumb"},"inLanguage":"en-GB","potentialAction":[{"@type":"ReadAction","target":["https:\/\/www.malinashop.lt\/lt_lt\/shop\/petite-maison-spf30-pink-tone-up-odos-spalvos-netolygumus-koreguojantis-kremas-su-spf30-30-ml-2\/"]}]},{"@type":"ImageObject","inLanguage":"en-GB","@id":"https:\/\/www.malinashop.lt\/lt_lt\/shop\/petite-maison-spf30-pink-tone-up-odos-spalvos-netolygumus-koreguojantis-kremas-su-spf30-30-ml-2\/#primaryimage","url":"https:\/\/www.malinashop.lt\/wp-content\/uploads\/2024\/11\/PETITE-MAISON-SPF30-PINK-TONE-UP-odos-spalvos-netolygumus-koreguojantis-kremas-su-SPF30-30-ml.png","contentUrl":"https:\/\/www.malinashop.lt\/wp-content\/uploads\/2024\/11\/PETITE-MAISON-SPF30-PINK-TONE-UP-odos-spalvos-netolygumus-koreguojantis-kremas-su-SPF30-30-ml.png","width":768,"height":768},{"@type":"BreadcrumbList","@id":"https:\/\/www.malinashop.lt\/lt_lt\/shop\/petite-maison-spf30-pink-tone-up-odos-spalvos-netolygumus-koreguojantis-kremas-su-spf30-30-ml-2\/#breadcrumb","itemListElement":[{"@type":"ListItem","position":1,"name":"Pagrindinis","item":"https:\/\/www.malinashop.lt\/"},{"@type":"ListItem","position":2,"name":"Parduotuv\u0117","item":"https:\/\/www.malinashop.lt\/en\/parduotuve\/"},{"@type":"ListItem","position":3,"name":"PETITE MAISON SPF30 PINK TONE UP odos spalvos netolygumus koreguojantis kremas su SPF30, 30 ml"}]},{"@type":"WebSite","@id":"https:\/\/www.malinashop.lt\/#website","url":"https:\/\/www.malinashop.lt\/","name":"COM Group Ecommerce","description":"MalinaShop.lt - Gro\u017eio ir sveikatos produktai i\u0161 patikim\u0173 preki\u0173 \u017eenkl\u0173. Atraskite auk\u0161tos kokyb\u0117s kosmetik\u0105 u\u017e puiki\u0105 kain\u0105.","publisher":{"@id":"https:\/\/www.malinashop.lt\/#organization"},"potentialAction":[{"@type":"SearchAction","target":{"@type":"EntryPoint","urlTemplate":"https:\/\/www.malinashop.lt\/?s={search_term_string}"},"query-input":{"@type":"PropertyValueSpecification","valueRequired":true,"valueName":"search_term_string"}}],"inLanguage":"en-GB"},{"@type":"Organization","@id":"https:\/\/www.malinashop.lt\/#organization","name":"COM Group Ecommerce","url":"https:\/\/www.malinashop.lt\/","logo":{"@type":"ImageObject","inLanguage":"en-GB","@id":"https:\/\/www.malinashop.lt\/#\/schema\/logo\/image\/","url":"https:\/\/www.malinashop.lt\/wp-content\/uploads\/2024\/08\/462559670_3787732518133670_9795632669273463_n-e1731525914575.png","contentUrl":"https:\/\/www.malinashop.lt\/wp-content\/uploads\/2024\/08\/462559670_3787732518133670_9795632669273463_n-e1731525914575.png","width":180,"height":60,"caption":"COM Group Ecommerce"},"image":{"@id":"https:\/\/www.malinashop.lt\/#\/schema\/logo\/image\/"}}]}},"jetpack_sharing_enabled":true,"_links":{"self":[{"href":"https:\/\/www.malinashop.lt\/en\/wp-json\/wp\/v2\/product\/20910","targetHints":{"allow":["GET"]}}],"collection":[{"href":"https:\/\/www.malinashop.lt\/en\/wp-json\/wp\/v2\/product"}],"about":[{"href":"https:\/\/www.malinashop.lt\/en\/wp-json\/wp\/v2\/types\/product"}],"version-history":[{"count":2,"href":"https:\/\/www.malinashop.lt\/en\/wp-json\/wp\/v2\/product\/20910\/revisions"}],"predecessor-version":[{"id":32606,"href":"https:\/\/www.malinashop.lt\/en\/wp-json\/wp\/v2\/product\/20910\/revisions\/32606"}],"wp:featuredmedia":[{"embeddable":true,"href":"https:\/\/www.malinashop.lt\/en\/wp-json\/wp\/v2\/media\/17998"}],"wp:attachment":[{"href":"https:\/\/www.malinashop.lt\/en\/wp-json\/wp\/v2\/media?parent=20910"}],"wp:term":[{"taxonomy":"product_brand","embeddable":true,"href":"https:\/\/www.malinashop.lt\/en\/wp-json\/wp\/v2\/product_brand?post=20910"},{"taxonomy":"product_cat","embeddable":true,"href":"https:\/\/www.malinashop.lt\/en\/wp-json\/wp\/v2\/product_cat?post=20910"},{"taxonomy":"product_tag","embeddable":true,"href":"https:\/\/www.malinashop.lt\/en\/wp-json\/wp\/v2\/product_tag?post=20910"}],"curies":[{"name":"wp","href":"https:\/\/api.w.org\/{rel}","templated":true}]}}