{"id":20878,"date":"2024-11-06T15:54:43","date_gmt":"2024-11-06T12:54:43","guid":{"rendered":"https:\/\/malinashop.lt\/produktas\/mia-makeup-stalky-lipstick-05-raspberry-hat-ilgai-isliekantys-matiniai-lupu-dazai-162-g\/"},"modified":"2026-04-06T19:03:35","modified_gmt":"2026-04-06T16:03:35","slug":"mia-makeup-stalky-lipstick-05-raspberry-hat-ilgai-isliekantys-matiniai-lupu-dazai-162-g","status":"publish","type":"product","link":"https:\/\/www.malinashop.lt\/en\/shop\/mia-makeup-stalky-lipstick-05-raspberry-hat-ilgai-isliekantys-matiniai-lupu-dazai-162-g\/","title":{"rendered":"MIA MAKEUP STALKY LIPSTICK \u2013 05 RASPBERRY HAT ilgai i\u0161liekantys matiniai l\u016bp\u0173 da\u017eai, 1,62 g"},"content":{"rendered":"<p>MIA MAKEUP matiniai ilgai i\u0161liekantys l\u016bp\u0173 da\u017eai STALKY LIPSTICK \u2013 05 RASPBERRY HAT<\/p>\n<p>\u0160ie ilgai i\u0161liekantys matiniai l\u016bp\u0173 da\u017eai pasi\u017eymi kremine tekst\u016bra, kuri ne tik suteikia sodri\u0105 spalv\u0105, bet ir i\u0161laiko matin\u012f efekt\u0105. L\u016bp\u0173 da\u017eai yra atspar\u016bs vandeniui, tod\u0117l i\u0161silaiko vis\u0105 dien\u0105, u\u017etikrindami nepriekai\u0161ting\u0105 i\u0161vaizd\u0105.<\/p>\n<p>Naudojimas: tepkite ant vir\u0161utin\u0117s l\u016bpos, prad\u0117dami nuo centro ir jud\u0117dami link i\u0161orini\u0173 kamp\u0173. Tuomet u\u017etepkite apatin\u0119 l\u016bp\u0105, prad\u0117dami nuo kamp\u0173 ir jud\u0117dami \u012f centr\u0105. Galite naudoti vien\u0105 arba su l\u016bp\u0173 blizgiu.<\/p>\n<p>Apie MIA Makeup:<\/p>\n<p>MIA Makeup \u2013 auk\u0161tos kokyb\u0117s kosmetikos prek\u0117s \u017eenklas, sukurtas ir pagamintas Italijoje. Jo vertyb\u0117s \u2013 tai meil\u0117 gro\u017eiui, d\u0117mesys detal\u0117ms ir aistra naujov\u0117ms, laikantis itali\u0161k\u0173 tradicij\u0173. Prek\u0117s \u017eenklas naudoja tik kontroliuojamas ir sertifikuotas sudedam\u0105sias dalis, saugias odai ir aplinkai, atitinkan\u010dias grie\u017etus ES reglamento reikalavimus.<\/p>\n<p>MIA Makeup asortimentas \u2013 tai produktai veidui, akims ir l\u016bpoms, pritaikyti \u012fvairiems odos tipams ir asmenybi\u0173 poreikiams. Kiekvienas gaminys kuriamas kruop\u0161\u010diai, siekiant pad\u0117ti sukurti nepriekai\u0161ting\u0105 \u012fvaizd\u012f kiekvien\u0105 dien\u0105.<\/p>\n","protected":false},"excerpt":{"rendered":"<p>MIA MAKEUP matiniai ilgai i\u0161liekantys l\u016bp\u0173 da\u017eai STALKY LIPSTICK \u2013 05 RASPBERRY HAT <\/p>\n<p>\u0160ie ilgai i\u0161liekantys matiniai l\u016bp\u0173 da\u017eai pasi\u017eymi kremine tekst\u016bra, kuri ne tik suteikia sodri\u0105 spalv\u0105, bet ir i\u0161laiko matin\u012f efekt\u0105.<\/p>\n","protected":false},"featured_media":18457,"template":"","meta":[],"product_brand":[522],"product_cat":[102,708,533,728],"product_tag":[1633],"class_list":{"0":"post-20878","1":"product","2":"type-product","3":"status-publish","4":"has-post-thumbnail","6":"product_brand-mia-makeup","7":"product_cat-dekoratyvine-kosmetika","8":"product_cat-lupoms","9":"product_cat-lupu-dazai","10":"product_cat-veidui","11":"product_tag-mia-makeup","13":"first","14":"instock","15":"sale","16":"taxable","17":"shipping-taxable","18":"purchasable","19":"product-type-simple"},"yoast_head":"<!-- This site is optimized with the Yoast SEO plugin v27.4 - https:\/\/yoast.com\/product\/yoast-seo-wordpress\/ -->\n<title>MIA MAKEUP STALKY LIPSTICK \u2013 05 RASPBERRY HAT ilgai i\u0161liekantys matiniai l\u016bp\u0173 da\u017eai, 1,62 g - MalinaShop.lt J\u016bs\u0173 sveikatai ir gro\u017eiui.<\/title>\n<meta name=\"description\" content=\"MIA MAKEUP matiniai ilgai i\u0161liekantys l\u016bp\u0173 da\u017eai STALKY LIPSTICK \u2013 05 RASPBERRY HAT n n\u0160ie ilgai i\u0161liekantys matiniai l\u016bp\u0173 da\u017eai pasi\u017eymi kremine...\" \/>\n<meta name=\"robots\" content=\"index, follow, max-snippet:-1, max-image-preview:large, max-video-preview:-1\" \/>\n<link rel=\"canonical\" href=\"https:\/\/www.malinashop.lt\/en\/shop\/mia-makeup-stalky-lipstick-05-raspberry-hat-ilgai-isliekantys-matiniai-lupu-dazai-162-g\/\" \/>\n<meta property=\"og:locale\" content=\"en_GB\" \/>\n<meta property=\"og:type\" content=\"article\" \/>\n<meta property=\"og:title\" content=\"MIA MAKEUP STALKY LIPSTICK \u2013 05 RASPBERRY HAT ilgai i\u0161liekantys matiniai l\u016bp\u0173 da\u017eai, 1,62 g - MalinaShop.lt J\u016bs\u0173 sveikatai ir gro\u017eiui.\" \/>\n<meta property=\"og:description\" content=\"MIA MAKEUP matiniai ilgai i\u0161liekantys l\u016bp\u0173 da\u017eai STALKY LIPSTICK \u2013 05 RASPBERRY HAT n n\u0160ie ilgai i\u0161liekantys matiniai l\u016bp\u0173 da\u017eai pasi\u017eymi kremine...\" \/>\n<meta property=\"og:url\" content=\"https:\/\/www.malinashop.lt\/en\/shop\/mia-makeup-stalky-lipstick-05-raspberry-hat-ilgai-isliekantys-matiniai-lupu-dazai-162-g\/\" \/>\n<meta property=\"og:site_name\" content=\"MalinaShop.lt J\u016bs\u0173 sveikatai ir gro\u017eiui.\" \/>\n<meta property=\"article:modified_time\" content=\"2026-04-06T16:03:35+00:00\" \/>\n<meta property=\"og:image\" content=\"https:\/\/www.malinashop.lt\/wp-content\/uploads\/2024\/11\/MIA-MAKEUP-STALKY-LIPSTICK-\u2013-05-RASPBERRY-HAT-ilgai-isliekantys-matiniai-lupu-dazai-162-g.png\" \/>\n\t<meta property=\"og:image:width\" content=\"768\" \/>\n\t<meta property=\"og:image:height\" content=\"768\" \/>\n\t<meta property=\"og:image:type\" content=\"image\/png\" \/>\n<meta name=\"twitter:card\" content=\"summary_large_image\" \/>\n<script type=\"application\/ld+json\" class=\"yoast-schema-graph\">{\"@context\":\"https:\\\/\\\/schema.org\",\"@graph\":[{\"@type\":\"WebPage\",\"@id\":\"https:\\\/\\\/www.malinashop.lt\\\/shop\\\/mia-makeup-stalky-lipstick-05-raspberry-hat-ilgai-isliekantys-matiniai-lupu-dazai-162-g\\\/\",\"url\":\"https:\\\/\\\/www.malinashop.lt\\\/shop\\\/mia-makeup-stalky-lipstick-05-raspberry-hat-ilgai-isliekantys-matiniai-lupu-dazai-162-g\\\/\",\"name\":\"MIA MAKEUP STALKY LIPSTICK \u2013 05 RASPBERRY HAT ilgai i\u0161liekantys matiniai l\u016bp\u0173 da\u017eai, 1,62 g - MalinaShop.lt J\u016bs\u0173 sveikatai ir gro\u017eiui.\",\"isPartOf\":{\"@id\":\"https:\\\/\\\/www.malinashop.lt\\\/#website\"},\"primaryImageOfPage\":{\"@id\":\"https:\\\/\\\/www.malinashop.lt\\\/shop\\\/mia-makeup-stalky-lipstick-05-raspberry-hat-ilgai-isliekantys-matiniai-lupu-dazai-162-g\\\/#primaryimage\"},\"image\":{\"@id\":\"https:\\\/\\\/www.malinashop.lt\\\/shop\\\/mia-makeup-stalky-lipstick-05-raspberry-hat-ilgai-isliekantys-matiniai-lupu-dazai-162-g\\\/#primaryimage\"},\"thumbnailUrl\":\"https:\\\/\\\/www.malinashop.lt\\\/wp-content\\\/uploads\\\/2024\\\/11\\\/MIA-MAKEUP-STALKY-LIPSTICK-\u2013-05-RASPBERRY-HAT-ilgai-isliekantys-matiniai-lupu-dazai-162-g.png\",\"datePublished\":\"2024-11-06T12:54:43+00:00\",\"dateModified\":\"2026-04-06T16:03:35+00:00\",\"description\":\"MIA MAKEUP matiniai ilgai i\u0161liekantys l\u016bp\u0173 da\u017eai STALKY LIPSTICK \u2013 05 RASPBERRY HAT \\\\n \\\\n\u0160ie ilgai i\u0161liekantys matiniai l\u016bp\u0173 da\u017eai pasi\u017eymi kremine...\",\"breadcrumb\":{\"@id\":\"https:\\\/\\\/www.malinashop.lt\\\/shop\\\/mia-makeup-stalky-lipstick-05-raspberry-hat-ilgai-isliekantys-matiniai-lupu-dazai-162-g\\\/#breadcrumb\"},\"inLanguage\":\"en-GB\",\"potentialAction\":[{\"@type\":\"ReadAction\",\"target\":[\"https:\\\/\\\/www.malinashop.lt\\\/shop\\\/mia-makeup-stalky-lipstick-05-raspberry-hat-ilgai-isliekantys-matiniai-lupu-dazai-162-g\\\/\"]}]},{\"@type\":\"ImageObject\",\"inLanguage\":\"en-GB\",\"@id\":\"https:\\\/\\\/www.malinashop.lt\\\/shop\\\/mia-makeup-stalky-lipstick-05-raspberry-hat-ilgai-isliekantys-matiniai-lupu-dazai-162-g\\\/#primaryimage\",\"url\":\"https:\\\/\\\/www.malinashop.lt\\\/wp-content\\\/uploads\\\/2024\\\/11\\\/MIA-MAKEUP-STALKY-LIPSTICK-\u2013-05-RASPBERRY-HAT-ilgai-isliekantys-matiniai-lupu-dazai-162-g.png\",\"contentUrl\":\"https:\\\/\\\/www.malinashop.lt\\\/wp-content\\\/uploads\\\/2024\\\/11\\\/MIA-MAKEUP-STALKY-LIPSTICK-\u2013-05-RASPBERRY-HAT-ilgai-isliekantys-matiniai-lupu-dazai-162-g.png\",\"width\":768,\"height\":768},{\"@type\":\"BreadcrumbList\",\"@id\":\"https:\\\/\\\/www.malinashop.lt\\\/shop\\\/mia-makeup-stalky-lipstick-05-raspberry-hat-ilgai-isliekantys-matiniai-lupu-dazai-162-g\\\/#breadcrumb\",\"itemListElement\":[{\"@type\":\"ListItem\",\"position\":1,\"name\":\"Pagrindinis\",\"item\":\"https:\\\/\\\/www.malinashop.lt\\\/\"},{\"@type\":\"ListItem\",\"position\":2,\"name\":\"Parduotuv\u0117\",\"item\":\"https:\\\/\\\/www.malinashop.lt\\\/en\\\/parduotuve\\\/\"},{\"@type\":\"ListItem\",\"position\":3,\"name\":\"MIA MAKEUP STALKY LIPSTICK \u2013 05 RASPBERRY HAT ilgai i\u0161liekantys matiniai l\u016bp\u0173 da\u017eai, 1,62 g\"}]},{\"@type\":\"WebSite\",\"@id\":\"https:\\\/\\\/www.malinashop.lt\\\/#website\",\"url\":\"https:\\\/\\\/www.malinashop.lt\\\/\",\"name\":\"COM Group Ecommerce\",\"description\":\"MalinaShop.lt - Gro\u017eio ir sveikatos produktai i\u0161 patikim\u0173 preki\u0173 \u017eenkl\u0173. Atraskite auk\u0161tos kokyb\u0117s kosmetik\u0105 u\u017e puiki\u0105 kain\u0105.\",\"publisher\":{\"@id\":\"https:\\\/\\\/www.malinashop.lt\\\/#organization\"},\"potentialAction\":[{\"@type\":\"SearchAction\",\"target\":{\"@type\":\"EntryPoint\",\"urlTemplate\":\"https:\\\/\\\/www.malinashop.lt\\\/?s={search_term_string}\"},\"query-input\":{\"@type\":\"PropertyValueSpecification\",\"valueRequired\":true,\"valueName\":\"search_term_string\"}}],\"inLanguage\":\"en-GB\"},{\"@type\":\"Organization\",\"@id\":\"https:\\\/\\\/www.malinashop.lt\\\/#organization\",\"name\":\"COM Group Ecommerce\",\"url\":\"https:\\\/\\\/www.malinashop.lt\\\/\",\"logo\":{\"@type\":\"ImageObject\",\"inLanguage\":\"en-GB\",\"@id\":\"https:\\\/\\\/www.malinashop.lt\\\/#\\\/schema\\\/logo\\\/image\\\/\",\"url\":\"https:\\\/\\\/www.malinashop.lt\\\/wp-content\\\/uploads\\\/2024\\\/08\\\/462559670_3787732518133670_9795632669273463_n-e1731525914575.png\",\"contentUrl\":\"https:\\\/\\\/www.malinashop.lt\\\/wp-content\\\/uploads\\\/2024\\\/08\\\/462559670_3787732518133670_9795632669273463_n-e1731525914575.png\",\"width\":180,\"height\":60,\"caption\":\"COM Group Ecommerce\"},\"image\":{\"@id\":\"https:\\\/\\\/www.malinashop.lt\\\/#\\\/schema\\\/logo\\\/image\\\/\"}}]}<\/script>\n<!-- \/ Yoast SEO plugin. -->","yoast_head_json":{"title":"MIA MAKEUP STALKY LIPSTICK \u2013 05 RASPBERRY HAT ilgai i\u0161liekantys matiniai l\u016bp\u0173 da\u017eai, 1,62 g - MalinaShop.lt J\u016bs\u0173 sveikatai ir gro\u017eiui.","description":"MIA MAKEUP matiniai ilgai i\u0161liekantys l\u016bp\u0173 da\u017eai STALKY LIPSTICK \u2013 05 RASPBERRY HAT n n\u0160ie ilgai i\u0161liekantys matiniai l\u016bp\u0173 da\u017eai pasi\u017eymi kremine...","robots":{"index":"index","follow":"follow","max-snippet":"max-snippet:-1","max-image-preview":"max-image-preview:large","max-video-preview":"max-video-preview:-1"},"canonical":"https:\/\/www.malinashop.lt\/en\/shop\/mia-makeup-stalky-lipstick-05-raspberry-hat-ilgai-isliekantys-matiniai-lupu-dazai-162-g\/","og_locale":"en_GB","og_type":"article","og_title":"MIA MAKEUP STALKY LIPSTICK \u2013 05 RASPBERRY HAT ilgai i\u0161liekantys matiniai l\u016bp\u0173 da\u017eai, 1,62 g - MalinaShop.lt J\u016bs\u0173 sveikatai ir gro\u017eiui.","og_description":"MIA MAKEUP matiniai ilgai i\u0161liekantys l\u016bp\u0173 da\u017eai STALKY LIPSTICK \u2013 05 RASPBERRY HAT n n\u0160ie ilgai i\u0161liekantys matiniai l\u016bp\u0173 da\u017eai pasi\u017eymi kremine...","og_url":"https:\/\/www.malinashop.lt\/en\/shop\/mia-makeup-stalky-lipstick-05-raspberry-hat-ilgai-isliekantys-matiniai-lupu-dazai-162-g\/","og_site_name":"MalinaShop.lt J\u016bs\u0173 sveikatai ir gro\u017eiui.","article_modified_time":"2026-04-06T16:03:35+00:00","og_image":[{"width":768,"height":768,"url":"https:\/\/www.malinashop.lt\/wp-content\/uploads\/2024\/11\/MIA-MAKEUP-STALKY-LIPSTICK-\u2013-05-RASPBERRY-HAT-ilgai-isliekantys-matiniai-lupu-dazai-162-g.png","type":"image\/png"}],"twitter_card":"summary_large_image","schema":{"@context":"https:\/\/schema.org","@graph":[{"@type":"WebPage","@id":"https:\/\/www.malinashop.lt\/shop\/mia-makeup-stalky-lipstick-05-raspberry-hat-ilgai-isliekantys-matiniai-lupu-dazai-162-g\/","url":"https:\/\/www.malinashop.lt\/shop\/mia-makeup-stalky-lipstick-05-raspberry-hat-ilgai-isliekantys-matiniai-lupu-dazai-162-g\/","name":"MIA MAKEUP STALKY LIPSTICK \u2013 05 RASPBERRY HAT ilgai i\u0161liekantys matiniai l\u016bp\u0173 da\u017eai, 1,62 g - MalinaShop.lt J\u016bs\u0173 sveikatai ir gro\u017eiui.","isPartOf":{"@id":"https:\/\/www.malinashop.lt\/#website"},"primaryImageOfPage":{"@id":"https:\/\/www.malinashop.lt\/shop\/mia-makeup-stalky-lipstick-05-raspberry-hat-ilgai-isliekantys-matiniai-lupu-dazai-162-g\/#primaryimage"},"image":{"@id":"https:\/\/www.malinashop.lt\/shop\/mia-makeup-stalky-lipstick-05-raspberry-hat-ilgai-isliekantys-matiniai-lupu-dazai-162-g\/#primaryimage"},"thumbnailUrl":"https:\/\/www.malinashop.lt\/wp-content\/uploads\/2024\/11\/MIA-MAKEUP-STALKY-LIPSTICK-\u2013-05-RASPBERRY-HAT-ilgai-isliekantys-matiniai-lupu-dazai-162-g.png","datePublished":"2024-11-06T12:54:43+00:00","dateModified":"2026-04-06T16:03:35+00:00","description":"MIA MAKEUP matiniai ilgai i\u0161liekantys l\u016bp\u0173 da\u017eai STALKY LIPSTICK \u2013 05 RASPBERRY HAT \\n \\n\u0160ie ilgai i\u0161liekantys matiniai l\u016bp\u0173 da\u017eai pasi\u017eymi kremine...","breadcrumb":{"@id":"https:\/\/www.malinashop.lt\/shop\/mia-makeup-stalky-lipstick-05-raspberry-hat-ilgai-isliekantys-matiniai-lupu-dazai-162-g\/#breadcrumb"},"inLanguage":"en-GB","potentialAction":[{"@type":"ReadAction","target":["https:\/\/www.malinashop.lt\/shop\/mia-makeup-stalky-lipstick-05-raspberry-hat-ilgai-isliekantys-matiniai-lupu-dazai-162-g\/"]}]},{"@type":"ImageObject","inLanguage":"en-GB","@id":"https:\/\/www.malinashop.lt\/shop\/mia-makeup-stalky-lipstick-05-raspberry-hat-ilgai-isliekantys-matiniai-lupu-dazai-162-g\/#primaryimage","url":"https:\/\/www.malinashop.lt\/wp-content\/uploads\/2024\/11\/MIA-MAKEUP-STALKY-LIPSTICK-\u2013-05-RASPBERRY-HAT-ilgai-isliekantys-matiniai-lupu-dazai-162-g.png","contentUrl":"https:\/\/www.malinashop.lt\/wp-content\/uploads\/2024\/11\/MIA-MAKEUP-STALKY-LIPSTICK-\u2013-05-RASPBERRY-HAT-ilgai-isliekantys-matiniai-lupu-dazai-162-g.png","width":768,"height":768},{"@type":"BreadcrumbList","@id":"https:\/\/www.malinashop.lt\/shop\/mia-makeup-stalky-lipstick-05-raspberry-hat-ilgai-isliekantys-matiniai-lupu-dazai-162-g\/#breadcrumb","itemListElement":[{"@type":"ListItem","position":1,"name":"Pagrindinis","item":"https:\/\/www.malinashop.lt\/"},{"@type":"ListItem","position":2,"name":"Parduotuv\u0117","item":"https:\/\/www.malinashop.lt\/en\/parduotuve\/"},{"@type":"ListItem","position":3,"name":"MIA MAKEUP STALKY LIPSTICK \u2013 05 RASPBERRY HAT ilgai i\u0161liekantys matiniai l\u016bp\u0173 da\u017eai, 1,62 g"}]},{"@type":"WebSite","@id":"https:\/\/www.malinashop.lt\/#website","url":"https:\/\/www.malinashop.lt\/","name":"COM Group Ecommerce","description":"MalinaShop.lt - Gro\u017eio ir sveikatos produktai i\u0161 patikim\u0173 preki\u0173 \u017eenkl\u0173. Atraskite auk\u0161tos kokyb\u0117s kosmetik\u0105 u\u017e puiki\u0105 kain\u0105.","publisher":{"@id":"https:\/\/www.malinashop.lt\/#organization"},"potentialAction":[{"@type":"SearchAction","target":{"@type":"EntryPoint","urlTemplate":"https:\/\/www.malinashop.lt\/?s={search_term_string}"},"query-input":{"@type":"PropertyValueSpecification","valueRequired":true,"valueName":"search_term_string"}}],"inLanguage":"en-GB"},{"@type":"Organization","@id":"https:\/\/www.malinashop.lt\/#organization","name":"COM Group Ecommerce","url":"https:\/\/www.malinashop.lt\/","logo":{"@type":"ImageObject","inLanguage":"en-GB","@id":"https:\/\/www.malinashop.lt\/#\/schema\/logo\/image\/","url":"https:\/\/www.malinashop.lt\/wp-content\/uploads\/2024\/08\/462559670_3787732518133670_9795632669273463_n-e1731525914575.png","contentUrl":"https:\/\/www.malinashop.lt\/wp-content\/uploads\/2024\/08\/462559670_3787732518133670_9795632669273463_n-e1731525914575.png","width":180,"height":60,"caption":"COM Group Ecommerce"},"image":{"@id":"https:\/\/www.malinashop.lt\/#\/schema\/logo\/image\/"}}]}},"jetpack_sharing_enabled":true,"_links":{"self":[{"href":"https:\/\/www.malinashop.lt\/en\/wp-json\/wp\/v2\/product\/20878","targetHints":{"allow":["GET"]}}],"collection":[{"href":"https:\/\/www.malinashop.lt\/en\/wp-json\/wp\/v2\/product"}],"about":[{"href":"https:\/\/www.malinashop.lt\/en\/wp-json\/wp\/v2\/types\/product"}],"version-history":[{"count":3,"href":"https:\/\/www.malinashop.lt\/en\/wp-json\/wp\/v2\/product\/20878\/revisions"}],"predecessor-version":[{"id":76303,"href":"https:\/\/www.malinashop.lt\/en\/wp-json\/wp\/v2\/product\/20878\/revisions\/76303"}],"wp:featuredmedia":[{"embeddable":true,"href":"https:\/\/www.malinashop.lt\/en\/wp-json\/wp\/v2\/media\/18457"}],"wp:attachment":[{"href":"https:\/\/www.malinashop.lt\/en\/wp-json\/wp\/v2\/media?parent=20878"}],"wp:term":[{"taxonomy":"product_brand","embeddable":true,"href":"https:\/\/www.malinashop.lt\/en\/wp-json\/wp\/v2\/product_brand?post=20878"},{"taxonomy":"product_cat","embeddable":true,"href":"https:\/\/www.malinashop.lt\/en\/wp-json\/wp\/v2\/product_cat?post=20878"},{"taxonomy":"product_tag","embeddable":true,"href":"https:\/\/www.malinashop.lt\/en\/wp-json\/wp\/v2\/product_tag?post=20878"}],"curies":[{"name":"wp","href":"https:\/\/api.w.org\/{rel}","templated":true}]}}