{"id":20858,"date":"2024-11-06T15:54:43","date_gmt":"2024-11-06T12:54:43","guid":{"rendered":"https:\/\/malinashop.lt\/produktas\/erre-due-deep-cleansing-mask-valomoji-veido-kauke-50-ml\/"},"modified":"2026-04-02T21:57:03","modified_gmt":"2026-04-02T18:57:03","slug":"erre-due-deep-cleansing-mask-valomoji-veido-kauke-50-ml","status":"publish","type":"product","link":"https:\/\/www.malinashop.lt\/en\/shop\/erre-due-deep-cleansing-mask-valomoji-veido-kauke-50-ml\/","title":{"rendered":"ERRE DUE DEEP CLEANSING MASK valomoji veido kauk\u0117 , 50 ml"},"content":{"rendered":"<p data-start=\"345\" data-end=\"559\">ERRE DUE \u201eDeep Cleansing Mask\u201c \u2013 tai intensyviai valanti veido kauk\u0117, skirta mi\u0161riai ir riebiai odai. Formul\u0117 su \u017ealiuoju moliu efektyviai pa\u0161alina ne\u0161varumus, giliai i\u0161valo poras ir padeda suma\u017einti odos blizges\u012f.<\/p>\n<p data-start=\"561\" data-end=\"777\">Sud\u0117tyje esantis mikrodaleli\u0173 kompleksas padeda subalansuoti riebal\u0173 sekrecij\u0105, o antibakterin\u0117s kmyn\u0173 eterinio aliejaus savyb\u0117s kartu su moli\u016bg\u0173 ekstraktais prisideda prie ink\u0161tir\u0173 ma\u017einimo ir odos \u0161varos palaikymo.<\/p>\n<p data-start=\"779\" data-end=\"960\">Bambuko ekstraktas papildomai maitina od\u0105, suteikia jai elastingumo ir padeda i\u0161laikyti sveik\u0105, \u0161vytin\u010di\u0105 i\u0161vaizd\u0105. Po naudojimo oda atrodo gaivesn\u0117, lygesn\u0117 ir pastebimai \u0161varesn\u0117.<\/p>\n<p data-start=\"962\" data-end=\"990\"><strong data-start=\"962\" data-end=\"990\">Pagrindiniai privalumai:<\/strong><\/p>\n<ul data-start=\"991\" data-end=\"1156\">\n<li data-section-id=\"dk0ihs\" data-start=\"991\" data-end=\"1033\">Giliai valo poras ir \u0161alina ne\u0161varumus<\/li>\n<li data-section-id=\"11p1ul7\" data-start=\"1034\" data-end=\"1068\">Reguliuoja riebal\u0173 i\u0161siskyrim\u0105<\/li>\n<li data-section-id=\"1qjff4o\" data-start=\"1069\" data-end=\"1089\">Ma\u017eina ink\u0161tirus<\/li>\n<li data-section-id=\"1y7i5h6\" data-start=\"1090\" data-end=\"1117\">Suteikia odai mati\u0161kumo<\/li>\n<li data-section-id=\"adsxj\" data-start=\"1118\" data-end=\"1156\">Maitina ir gerina odos elastingum\u0105<\/li>\n<\/ul>\n<p data-start=\"1158\" data-end=\"1337\">Naudojimas: tepkite kauk\u0119 ant \u0161varios veido odos, vengdami aki\u0173 srities. Palikite 15\u201320 minu\u010di\u0173, tuomet \u0161velniai masa\u017euodami nuplaukite vandeniu. Naudokite 1\u20132 kartus per savait\u0119.<\/p>\n<p data-start=\"1339\" data-end=\"1493\">ERRE DUE \u2013 modernus kosmetikos prek\u0117s \u017eenklas, kuriantis auk\u0161tos kokyb\u0117s produktus, derinan\u010dius inovacijas, efektyvum\u0105 ir \u0161iuolaikines gro\u017eio tendencijas.<\/p>\n","protected":false},"excerpt":{"rendered":"<p>Giliai valanti veido kauk\u0117 su \u017ealiuoju moliu \u2013 ma\u017eina poras, reguliuoja riebal\u0173 i\u0161siskyrim\u0105 ir suteikia odai mati\u0161kumo.<\/p>\n","protected":false},"featured_media":18784,"template":"","meta":[],"product_brand":[561],"product_cat":[553,728],"product_tag":[1157],"class_list":{"0":"post-20858","1":"product","2":"type-product","3":"status-publish","4":"has-post-thumbnail","6":"product_brand-erre-due","7":"product_cat-veido-kaukes","8":"product_cat-veidui","9":"product_tag-erre-due","11":"first","12":"outofstock","13":"sale","14":"taxable","15":"shipping-taxable","16":"purchasable","17":"product-type-simple"},"yoast_head":"<!-- This site is optimized with the Yoast SEO plugin v27.4 - https:\/\/yoast.com\/product\/yoast-seo-wordpress\/ -->\n<title>ERRE DUE DEEP CLEANSING MASK valomoji veido kauk\u0117 , 50 ml - MalinaShop.lt J\u016bs\u0173 sveikatai ir gro\u017eiui.<\/title>\n<meta name=\"description\" content=\"ERRE DUE valomoji veido kauk\u0117 su \u017ealiuoju moliu. Giliai valo poras, ma\u017eina ink\u0161tirus ir reguliuoja riebal\u0173 i\u0161siskyrim\u0105. Sveikai odai.\" \/>\n<meta name=\"robots\" content=\"index, follow, max-snippet:-1, max-image-preview:large, max-video-preview:-1\" \/>\n<link rel=\"canonical\" href=\"https:\/\/www.malinashop.lt\/en\/shop\/erre-due-deep-cleansing-mask-valomoji-veido-kauke-50-ml\/\" \/>\n<meta property=\"og:locale\" content=\"en_GB\" \/>\n<meta property=\"og:type\" content=\"article\" \/>\n<meta property=\"og:title\" content=\"ERRE DUE DEEP CLEANSING MASK valomoji veido kauk\u0117 , 50 ml - MalinaShop.lt J\u016bs\u0173 sveikatai ir gro\u017eiui.\" \/>\n<meta property=\"og:description\" content=\"ERRE DUE valomoji veido kauk\u0117 su \u017ealiuoju moliu. Giliai valo poras, ma\u017eina ink\u0161tirus ir reguliuoja riebal\u0173 i\u0161siskyrim\u0105. Sveikai odai.\" \/>\n<meta property=\"og:url\" content=\"https:\/\/www.malinashop.lt\/en\/shop\/erre-due-deep-cleansing-mask-valomoji-veido-kauke-50-ml\/\" \/>\n<meta property=\"og:site_name\" content=\"MalinaShop.lt J\u016bs\u0173 sveikatai ir gro\u017eiui.\" \/>\n<meta property=\"article:modified_time\" content=\"2026-04-02T18:57:03+00:00\" \/>\n<meta property=\"og:image\" content=\"https:\/\/www.malinashop.lt\/wp-content\/uploads\/2024\/11\/ERRE-DUE-DEEP-CLEANSING-MASK-valomoji-veido-kauke-50-ml.jpg\" \/>\n\t<meta property=\"og:image:width\" content=\"1000\" \/>\n\t<meta property=\"og:image:height\" content=\"1000\" \/>\n\t<meta property=\"og:image:type\" content=\"image\/jpeg\" \/>\n<meta name=\"twitter:card\" content=\"summary_large_image\" \/>\n<script type=\"application\/ld+json\" class=\"yoast-schema-graph\">{\"@context\":\"https:\\\/\\\/schema.org\",\"@graph\":[{\"@type\":\"WebPage\",\"@id\":\"https:\\\/\\\/www.malinashop.lt\\\/lt_lt\\\/shop\\\/erre-due-deep-cleansing-mask-valomoji-veido-kauke-50-ml\\\/\",\"url\":\"https:\\\/\\\/www.malinashop.lt\\\/lt_lt\\\/shop\\\/erre-due-deep-cleansing-mask-valomoji-veido-kauke-50-ml\\\/\",\"name\":\"ERRE DUE DEEP CLEANSING MASK valomoji veido kauk\u0117 , 50 ml - MalinaShop.lt J\u016bs\u0173 sveikatai ir gro\u017eiui.\",\"isPartOf\":{\"@id\":\"https:\\\/\\\/www.malinashop.lt\\\/#website\"},\"primaryImageOfPage\":{\"@id\":\"https:\\\/\\\/www.malinashop.lt\\\/lt_lt\\\/shop\\\/erre-due-deep-cleansing-mask-valomoji-veido-kauke-50-ml\\\/#primaryimage\"},\"image\":{\"@id\":\"https:\\\/\\\/www.malinashop.lt\\\/lt_lt\\\/shop\\\/erre-due-deep-cleansing-mask-valomoji-veido-kauke-50-ml\\\/#primaryimage\"},\"thumbnailUrl\":\"https:\\\/\\\/www.malinashop.lt\\\/wp-content\\\/uploads\\\/2024\\\/11\\\/ERRE-DUE-DEEP-CLEANSING-MASK-valomoji-veido-kauke-50-ml.jpg\",\"datePublished\":\"2024-11-06T12:54:43+00:00\",\"dateModified\":\"2026-04-02T18:57:03+00:00\",\"description\":\"ERRE DUE valomoji veido kauk\u0117 su \u017ealiuoju moliu. Giliai valo poras, ma\u017eina ink\u0161tirus ir reguliuoja riebal\u0173 i\u0161siskyrim\u0105. Sveikai odai.\",\"breadcrumb\":{\"@id\":\"https:\\\/\\\/www.malinashop.lt\\\/lt_lt\\\/shop\\\/erre-due-deep-cleansing-mask-valomoji-veido-kauke-50-ml\\\/#breadcrumb\"},\"inLanguage\":\"en-GB\",\"potentialAction\":[{\"@type\":\"ReadAction\",\"target\":[\"https:\\\/\\\/www.malinashop.lt\\\/lt_lt\\\/shop\\\/erre-due-deep-cleansing-mask-valomoji-veido-kauke-50-ml\\\/\"]}]},{\"@type\":\"ImageObject\",\"inLanguage\":\"en-GB\",\"@id\":\"https:\\\/\\\/www.malinashop.lt\\\/lt_lt\\\/shop\\\/erre-due-deep-cleansing-mask-valomoji-veido-kauke-50-ml\\\/#primaryimage\",\"url\":\"https:\\\/\\\/www.malinashop.lt\\\/wp-content\\\/uploads\\\/2024\\\/11\\\/ERRE-DUE-DEEP-CLEANSING-MASK-valomoji-veido-kauke-50-ml.jpg\",\"contentUrl\":\"https:\\\/\\\/www.malinashop.lt\\\/wp-content\\\/uploads\\\/2024\\\/11\\\/ERRE-DUE-DEEP-CLEANSING-MASK-valomoji-veido-kauke-50-ml.jpg\",\"width\":1000,\"height\":1000},{\"@type\":\"BreadcrumbList\",\"@id\":\"https:\\\/\\\/www.malinashop.lt\\\/lt_lt\\\/shop\\\/erre-due-deep-cleansing-mask-valomoji-veido-kauke-50-ml\\\/#breadcrumb\",\"itemListElement\":[{\"@type\":\"ListItem\",\"position\":1,\"name\":\"Pagrindinis\",\"item\":\"https:\\\/\\\/www.malinashop.lt\\\/\"},{\"@type\":\"ListItem\",\"position\":2,\"name\":\"Parduotuv\u0117\",\"item\":\"https:\\\/\\\/www.malinashop.lt\\\/en\\\/parduotuve\\\/\"},{\"@type\":\"ListItem\",\"position\":3,\"name\":\"ERRE DUE DEEP CLEANSING MASK valomoji veido kauk\u0117 , 50 ml\"}]},{\"@type\":\"WebSite\",\"@id\":\"https:\\\/\\\/www.malinashop.lt\\\/#website\",\"url\":\"https:\\\/\\\/www.malinashop.lt\\\/\",\"name\":\"COM Group Ecommerce\",\"description\":\"MalinaShop.lt - Gro\u017eio ir sveikatos produktai i\u0161 patikim\u0173 preki\u0173 \u017eenkl\u0173. Atraskite auk\u0161tos kokyb\u0117s kosmetik\u0105 u\u017e puiki\u0105 kain\u0105.\",\"publisher\":{\"@id\":\"https:\\\/\\\/www.malinashop.lt\\\/#organization\"},\"potentialAction\":[{\"@type\":\"SearchAction\",\"target\":{\"@type\":\"EntryPoint\",\"urlTemplate\":\"https:\\\/\\\/www.malinashop.lt\\\/?s={search_term_string}\"},\"query-input\":{\"@type\":\"PropertyValueSpecification\",\"valueRequired\":true,\"valueName\":\"search_term_string\"}}],\"inLanguage\":\"en-GB\"},{\"@type\":\"Organization\",\"@id\":\"https:\\\/\\\/www.malinashop.lt\\\/#organization\",\"name\":\"COM Group Ecommerce\",\"url\":\"https:\\\/\\\/www.malinashop.lt\\\/\",\"logo\":{\"@type\":\"ImageObject\",\"inLanguage\":\"en-GB\",\"@id\":\"https:\\\/\\\/www.malinashop.lt\\\/#\\\/schema\\\/logo\\\/image\\\/\",\"url\":\"https:\\\/\\\/www.malinashop.lt\\\/wp-content\\\/uploads\\\/2024\\\/08\\\/462559670_3787732518133670_9795632669273463_n-e1731525914575.png\",\"contentUrl\":\"https:\\\/\\\/www.malinashop.lt\\\/wp-content\\\/uploads\\\/2024\\\/08\\\/462559670_3787732518133670_9795632669273463_n-e1731525914575.png\",\"width\":180,\"height\":60,\"caption\":\"COM Group Ecommerce\"},\"image\":{\"@id\":\"https:\\\/\\\/www.malinashop.lt\\\/#\\\/schema\\\/logo\\\/image\\\/\"}}]}<\/script>\n<!-- \/ Yoast SEO plugin. -->","yoast_head_json":{"title":"ERRE DUE DEEP CLEANSING MASK valomoji veido kauk\u0117 , 50 ml - MalinaShop.lt J\u016bs\u0173 sveikatai ir gro\u017eiui.","description":"ERRE DUE valomoji veido kauk\u0117 su \u017ealiuoju moliu. Giliai valo poras, ma\u017eina ink\u0161tirus ir reguliuoja riebal\u0173 i\u0161siskyrim\u0105. Sveikai odai.","robots":{"index":"index","follow":"follow","max-snippet":"max-snippet:-1","max-image-preview":"max-image-preview:large","max-video-preview":"max-video-preview:-1"},"canonical":"https:\/\/www.malinashop.lt\/en\/shop\/erre-due-deep-cleansing-mask-valomoji-veido-kauke-50-ml\/","og_locale":"en_GB","og_type":"article","og_title":"ERRE DUE DEEP CLEANSING MASK valomoji veido kauk\u0117 , 50 ml - MalinaShop.lt J\u016bs\u0173 sveikatai ir gro\u017eiui.","og_description":"ERRE DUE valomoji veido kauk\u0117 su \u017ealiuoju moliu. Giliai valo poras, ma\u017eina ink\u0161tirus ir reguliuoja riebal\u0173 i\u0161siskyrim\u0105. Sveikai odai.","og_url":"https:\/\/www.malinashop.lt\/en\/shop\/erre-due-deep-cleansing-mask-valomoji-veido-kauke-50-ml\/","og_site_name":"MalinaShop.lt J\u016bs\u0173 sveikatai ir gro\u017eiui.","article_modified_time":"2026-04-02T18:57:03+00:00","og_image":[{"width":1000,"height":1000,"url":"https:\/\/www.malinashop.lt\/wp-content\/uploads\/2024\/11\/ERRE-DUE-DEEP-CLEANSING-MASK-valomoji-veido-kauke-50-ml.jpg","type":"image\/jpeg"}],"twitter_card":"summary_large_image","schema":{"@context":"https:\/\/schema.org","@graph":[{"@type":"WebPage","@id":"https:\/\/www.malinashop.lt\/lt_lt\/shop\/erre-due-deep-cleansing-mask-valomoji-veido-kauke-50-ml\/","url":"https:\/\/www.malinashop.lt\/lt_lt\/shop\/erre-due-deep-cleansing-mask-valomoji-veido-kauke-50-ml\/","name":"ERRE DUE DEEP CLEANSING MASK valomoji veido kauk\u0117 , 50 ml - MalinaShop.lt J\u016bs\u0173 sveikatai ir gro\u017eiui.","isPartOf":{"@id":"https:\/\/www.malinashop.lt\/#website"},"primaryImageOfPage":{"@id":"https:\/\/www.malinashop.lt\/lt_lt\/shop\/erre-due-deep-cleansing-mask-valomoji-veido-kauke-50-ml\/#primaryimage"},"image":{"@id":"https:\/\/www.malinashop.lt\/lt_lt\/shop\/erre-due-deep-cleansing-mask-valomoji-veido-kauke-50-ml\/#primaryimage"},"thumbnailUrl":"https:\/\/www.malinashop.lt\/wp-content\/uploads\/2024\/11\/ERRE-DUE-DEEP-CLEANSING-MASK-valomoji-veido-kauke-50-ml.jpg","datePublished":"2024-11-06T12:54:43+00:00","dateModified":"2026-04-02T18:57:03+00:00","description":"ERRE DUE valomoji veido kauk\u0117 su \u017ealiuoju moliu. Giliai valo poras, ma\u017eina ink\u0161tirus ir reguliuoja riebal\u0173 i\u0161siskyrim\u0105. Sveikai odai.","breadcrumb":{"@id":"https:\/\/www.malinashop.lt\/lt_lt\/shop\/erre-due-deep-cleansing-mask-valomoji-veido-kauke-50-ml\/#breadcrumb"},"inLanguage":"en-GB","potentialAction":[{"@type":"ReadAction","target":["https:\/\/www.malinashop.lt\/lt_lt\/shop\/erre-due-deep-cleansing-mask-valomoji-veido-kauke-50-ml\/"]}]},{"@type":"ImageObject","inLanguage":"en-GB","@id":"https:\/\/www.malinashop.lt\/lt_lt\/shop\/erre-due-deep-cleansing-mask-valomoji-veido-kauke-50-ml\/#primaryimage","url":"https:\/\/www.malinashop.lt\/wp-content\/uploads\/2024\/11\/ERRE-DUE-DEEP-CLEANSING-MASK-valomoji-veido-kauke-50-ml.jpg","contentUrl":"https:\/\/www.malinashop.lt\/wp-content\/uploads\/2024\/11\/ERRE-DUE-DEEP-CLEANSING-MASK-valomoji-veido-kauke-50-ml.jpg","width":1000,"height":1000},{"@type":"BreadcrumbList","@id":"https:\/\/www.malinashop.lt\/lt_lt\/shop\/erre-due-deep-cleansing-mask-valomoji-veido-kauke-50-ml\/#breadcrumb","itemListElement":[{"@type":"ListItem","position":1,"name":"Pagrindinis","item":"https:\/\/www.malinashop.lt\/"},{"@type":"ListItem","position":2,"name":"Parduotuv\u0117","item":"https:\/\/www.malinashop.lt\/en\/parduotuve\/"},{"@type":"ListItem","position":3,"name":"ERRE DUE DEEP CLEANSING MASK valomoji veido kauk\u0117 , 50 ml"}]},{"@type":"WebSite","@id":"https:\/\/www.malinashop.lt\/#website","url":"https:\/\/www.malinashop.lt\/","name":"COM Group Ecommerce","description":"MalinaShop.lt - Gro\u017eio ir sveikatos produktai i\u0161 patikim\u0173 preki\u0173 \u017eenkl\u0173. Atraskite auk\u0161tos kokyb\u0117s kosmetik\u0105 u\u017e puiki\u0105 kain\u0105.","publisher":{"@id":"https:\/\/www.malinashop.lt\/#organization"},"potentialAction":[{"@type":"SearchAction","target":{"@type":"EntryPoint","urlTemplate":"https:\/\/www.malinashop.lt\/?s={search_term_string}"},"query-input":{"@type":"PropertyValueSpecification","valueRequired":true,"valueName":"search_term_string"}}],"inLanguage":"en-GB"},{"@type":"Organization","@id":"https:\/\/www.malinashop.lt\/#organization","name":"COM Group Ecommerce","url":"https:\/\/www.malinashop.lt\/","logo":{"@type":"ImageObject","inLanguage":"en-GB","@id":"https:\/\/www.malinashop.lt\/#\/schema\/logo\/image\/","url":"https:\/\/www.malinashop.lt\/wp-content\/uploads\/2024\/08\/462559670_3787732518133670_9795632669273463_n-e1731525914575.png","contentUrl":"https:\/\/www.malinashop.lt\/wp-content\/uploads\/2024\/08\/462559670_3787732518133670_9795632669273463_n-e1731525914575.png","width":180,"height":60,"caption":"COM Group Ecommerce"},"image":{"@id":"https:\/\/www.malinashop.lt\/#\/schema\/logo\/image\/"}}]}},"jetpack_sharing_enabled":true,"_links":{"self":[{"href":"https:\/\/www.malinashop.lt\/en\/wp-json\/wp\/v2\/product\/20858","targetHints":{"allow":["GET"]}}],"collection":[{"href":"https:\/\/www.malinashop.lt\/en\/wp-json\/wp\/v2\/product"}],"about":[{"href":"https:\/\/www.malinashop.lt\/en\/wp-json\/wp\/v2\/types\/product"}],"version-history":[{"count":3,"href":"https:\/\/www.malinashop.lt\/en\/wp-json\/wp\/v2\/product\/20858\/revisions"}],"predecessor-version":[{"id":75993,"href":"https:\/\/www.malinashop.lt\/en\/wp-json\/wp\/v2\/product\/20858\/revisions\/75993"}],"wp:featuredmedia":[{"embeddable":true,"href":"https:\/\/www.malinashop.lt\/en\/wp-json\/wp\/v2\/media\/18784"}],"wp:attachment":[{"href":"https:\/\/www.malinashop.lt\/en\/wp-json\/wp\/v2\/media?parent=20858"}],"wp:term":[{"taxonomy":"product_brand","embeddable":true,"href":"https:\/\/www.malinashop.lt\/en\/wp-json\/wp\/v2\/product_brand?post=20858"},{"taxonomy":"product_cat","embeddable":true,"href":"https:\/\/www.malinashop.lt\/en\/wp-json\/wp\/v2\/product_cat?post=20858"},{"taxonomy":"product_tag","embeddable":true,"href":"https:\/\/www.malinashop.lt\/en\/wp-json\/wp\/v2\/product_tag?post=20858"}],"curies":[{"name":"wp","href":"https:\/\/api.w.org\/{rel}","templated":true}]}}