{"id":20612,"date":"2024-11-06T15:54:13","date_gmt":"2024-11-06T12:54:13","guid":{"rendered":"https:\/\/malinashop.lt\/produktas\/numee-travel-size-full-facial-routine-kit-veido-prieziuros-kelioninis-rinkinys-1-vnt\/"},"modified":"2026-03-18T12:34:28","modified_gmt":"2026-03-18T09:34:28","slug":"numee-travel-size-full-facial-routine-kit-veido-prieziuros-kelioninis-rinkinys-1-vnt","status":"publish","type":"product","link":"https:\/\/www.malinashop.lt\/en\/shop\/numee-travel-size-full-facial-routine-kit-veido-prieziuros-kelioninis-rinkinys-1-vnt\/","title":{"rendered":"NUMEE TRAVEL SIZE FULL FACIAL ROUTINE KIT veido prie\u017ei\u016bros kelioninis rinkinys, 1 vnt"},"content":{"rendered":"<p>NUMEE veido prie\u017ei\u016bros kelioninis rinkinys TRAVEL SIZE FULL FACIAL ROUTINE KIT \u2013 viskas, ko reikia pilnai ir paprastai veido prie\u017ei\u016bros rutinai bet kurioje kelion\u0117je.<\/p>\n<p>\u0160iame rinkinyje rasite: NUMEE veido prausikl\u012f SLEEK PERFECTING FACIAL WASH (50 ml), NUMEE maitinam\u0105j\u012f raminam\u0105j\u012f veido krem\u0105 SNATCHED NOURISH &amp; RELIEF CREAM TO WATER (30 ml) ir NUMEE stangrinam\u0105j\u012f paaki\u0173 krem\u0105 LIT ENERGIZING FIRMING EYE CREAM (15 ml).<\/p>\n<p>Veido prausiklis:<br \/>\nPraturtintas 2% salicilo r\u016bg\u0161timi ir 1% hamameli\u0173 hidrolatu, \u0161is prausiklis ne tik pa\u0161alina makia\u017e\u0105, bet ir efektyviai valo od\u0105, ma\u017eina riebal\u0173 pertekli\u0173, sutraukia poras bei sulygina odos atspalv\u012f. Tai idealus pasirinkimas, siekiant lygios ir spindin\u010dios odos kelion\u0117je.<\/p>\n<p>Salicilo r\u016bg\u0161tis (2%): \u0160is ingredientas \u012fsiskverbia giliai \u012f poras, nu\u0161vei\u010dia negyvas l\u0105steles ir pa\u0161alina riebal\u0173 pertekli\u0173, tod\u0117l oda atrodo lygesn\u0117 ir sveikesn\u0117.<br \/>\nHamameli\u0173 hidrolatas (1%): Padeda reguliuoti riebal\u0173 i\u0161siskyrim\u0105 ir sutraukia poras, suteikdamas odai gaiv\u0173, matin\u012f pavir\u0161i\u0173.<br \/>\nGlicerinas: Dr\u0117kina ir mink\u0161tina od\u0105, u\u017etikrina jos optimal\u0173 dr\u0117gm\u0117s balans\u0105.<br \/>\nMaitinamasis veido kremas:<br \/>\n\u0160is kremas, praturtintas 2% kanapi\u0173 aliejumi ir 5% taukmed\u017eio sviestu, maitina ir stiprina odos barjer\u0105. Jo inovatyvi formul\u0117, i\u0161 kremo virstanti gaivia tekst\u016bra, giliai dr\u0117kina ir atkuria od\u0105.<\/p>\n<p>Kanapi\u0173 aliejus (2%): Dr\u0117kina, maitina ir atkuria odos barjer\u0105, i\u0161laikydamas j\u0105 \u0161velni\u0105 ir elasting\u0105.<br \/>\nTaukmed\u017eio sviestas (5%): Suteikia intensyv\u0173 ir ilgalaik\u012f dr\u0117kinim\u0105, padeda suma\u017einti odos i\u0161saus\u0117jim\u0105 ir skatina l\u0105steli\u0173 regeneracij\u0105.<br \/>\nBisabololis: Raminantis ingredientas, kuris stiprina odos apsaug\u0105 nuo kasdieninio poveikio.<br \/>\nStangrinamasis paaki\u0173 kremas:<br \/>\nSud\u0117tyje yra kofeino, peptid\u0173 ir Kakadu slyv\u0173 ekstrakto, \u0161is paaki\u0173 kremas ma\u017eina paburkim\u0105, \u0161viesina tamsius ratilus ir stangrina od\u0105 aplink akis.<\/p>\n<p>Kakadu slyva (2%): \u0160is galingas vitamino C \u0161altinis padeda stangrinti ir atjauninti od\u0105.<br \/>\nKofeinas (1%): Skatina mikrocirkuliacij\u0105, ma\u017eina paburkim\u0105 ir tamsius ratilus, suteikdamas \u0161vyt\u0117jimo.<br \/>\nPeptidai (2%): Stimuliuoja kolageno sintez\u0119, gerina odos stangrum\u0105 ir elastingum\u0105.<br \/>\nVitaminas C: Antioksidantas, kuris \u0161viesina od\u0105 ir ma\u017eina pigmentines d\u0117mes.<br \/>\nHialiurono r\u016bg\u0161tis: U\u017etikrina intensyv\u0173 dr\u0117kinim\u0105 ir apsaugo od\u0105 nuo dr\u0117gm\u0117s praradimo.<br \/>\nNaudojimas:<br \/>\nVeido prausiklis: Masa\u017euokite sukamaisiais judesiais ant dr\u0117gnos veido ir kaklo odos, tada nuplaukite \u0161iltu vandeniu.<br \/>\nMaitinamasis veido kremas: Tepkite ant \u0161varios, sausos veido odos kasdien. Masa\u017euokite, kol kremas visi\u0161kai \u012fsigers.<br \/>\nStangrinamasis paaki\u0173 kremas: Tap\u0161nojamaisiais judesiais tepkite ant \u0161varios ir sausos paaki\u0173 odos.<\/p>\n<div class=\"text-tab text-tab-id-10\">\n<p>Siuntas i\u0161siun\u010diame antradieniais ir ketvirtadieniais. Jei d\u0117l koki\u0173 nors prie\u017eas\u010di\u0173 siunta negali b\u016bti i\u0161si\u0173sta \u0161iomis dienomis ir ji yra perkeliama \u012f kit\u0105 dien\u0105, apie tai informuosime jus svetain\u0117je arba el. pa\u0161tu.<\/p>\n<p>\u201eJei turite klausim\u0173, pra\u0161ome susisiekti el. pa\u0161tu info@malinashop.lt arba telefonu +37065444002 darbo dienomis nuo 10:00 iki 16:00 val.\u201c<\/p>\n<\/div>\n<div class=\"text-tab text-tab-id-11\">\n<p>Perkant u\u017e daugiau nei 50\u20ac &#8211; pristatymas nemokamas.<\/p>\n<p>Pristatymas \u012f LPexpress pa\u0161tomat\u0105\u00a0(visoje Lietuvoje, i\u0161skyrus Kur\u0161i\u0173 Nerij\u0105).<\/p>\n<\/div>\n","protected":false},"excerpt":{"rendered":"<p>NUMEE veido prie\u017ei\u016bros kelioninis rinkinys TRAVEL SIZE FULL FACIAL ROUTINE KIT \u2013 viskas, ko reikia pilnai ir paprastai veido prie\u017ei\u016bros rutinai bet&hellip;<\/p>\n","protected":false},"featured_media":18185,"template":"","meta":[],"product_brand":[548],"product_cat":[187,827,728],"product_tag":[1635],"class_list":{"0":"post-20612","1":"product","2":"type-product","3":"status-publish","4":"has-post-thumbnail","6":"product_brand-numee","7":"product_cat-veido-kremai","8":"product_cat-veido-prieziuros-priemoniu-rinkiniai","9":"product_cat-veidui","10":"product_tag-numee","12":"first","13":"outofstock","14":"sale","15":"taxable","16":"shipping-taxable","17":"purchasable","18":"product-type-simple"},"yoast_head":"<!-- This site is optimized with the Yoast SEO plugin v27.4 - https:\/\/yoast.com\/product\/yoast-seo-wordpress\/ -->\n<title>NUMEE TRAVEL SIZE FULL FACIAL ROUTINE KIT veido prie\u017ei\u016bros kelioninis rinkinys, 1 vnt - MalinaShop.lt J\u016bs\u0173 sveikatai ir gro\u017eiui.<\/title>\n<meta name=\"robots\" content=\"index, follow, max-snippet:-1, max-image-preview:large, max-video-preview:-1\" \/>\n<link rel=\"canonical\" href=\"https:\/\/www.malinashop.lt\/en\/shop\/numee-travel-size-full-facial-routine-kit-veido-prieziuros-kelioninis-rinkinys-1-vnt\/\" \/>\n<meta property=\"og:locale\" content=\"en_GB\" \/>\n<meta property=\"og:type\" content=\"article\" \/>\n<meta property=\"og:title\" content=\"NUMEE TRAVEL SIZE FULL FACIAL ROUTINE KIT veido prie\u017ei\u016bros kelioninis rinkinys, 1 vnt - MalinaShop.lt J\u016bs\u0173 sveikatai ir gro\u017eiui.\" \/>\n<meta property=\"og:url\" content=\"https:\/\/www.malinashop.lt\/en\/shop\/numee-travel-size-full-facial-routine-kit-veido-prieziuros-kelioninis-rinkinys-1-vnt\/\" \/>\n<meta property=\"og:site_name\" content=\"MalinaShop.lt J\u016bs\u0173 sveikatai ir gro\u017eiui.\" \/>\n<meta property=\"article:modified_time\" content=\"2026-03-18T09:34:28+00:00\" \/>\n<meta property=\"og:image\" content=\"https:\/\/www.malinashop.lt\/wp-content\/uploads\/2024\/11\/NUMEE-TRAVEL-SIZE-FULL-FACIAL-ROUTINE-KIT-veido-prieziuros-kelioninis-rinkinys-1-vnt.jpg\" \/>\n\t<meta property=\"og:image:width\" content=\"1000\" \/>\n\t<meta property=\"og:image:height\" content=\"1000\" \/>\n\t<meta property=\"og:image:type\" content=\"image\/jpeg\" \/>\n<meta name=\"twitter:card\" content=\"summary_large_image\" \/>\n<script type=\"application\/ld+json\" class=\"yoast-schema-graph\">{\"@context\":\"https:\\\/\\\/schema.org\",\"@graph\":[{\"@type\":\"WebPage\",\"@id\":\"https:\\\/\\\/www.malinashop.lt\\\/en\\\/shop\\\/numee-travel-size-full-facial-routine-kit-veido-prieziuros-kelioninis-rinkinys-1-vnt\\\/\",\"url\":\"https:\\\/\\\/www.malinashop.lt\\\/en\\\/shop\\\/numee-travel-size-full-facial-routine-kit-veido-prieziuros-kelioninis-rinkinys-1-vnt\\\/\",\"name\":\"NUMEE TRAVEL SIZE FULL FACIAL ROUTINE KIT veido prie\u017ei\u016bros kelioninis rinkinys, 1 vnt - MalinaShop.lt J\u016bs\u0173 sveikatai ir gro\u017eiui.\",\"isPartOf\":{\"@id\":\"https:\\\/\\\/www.malinashop.lt\\\/#website\"},\"primaryImageOfPage\":{\"@id\":\"https:\\\/\\\/www.malinashop.lt\\\/en\\\/shop\\\/numee-travel-size-full-facial-routine-kit-veido-prieziuros-kelioninis-rinkinys-1-vnt\\\/#primaryimage\"},\"image\":{\"@id\":\"https:\\\/\\\/www.malinashop.lt\\\/en\\\/shop\\\/numee-travel-size-full-facial-routine-kit-veido-prieziuros-kelioninis-rinkinys-1-vnt\\\/#primaryimage\"},\"thumbnailUrl\":\"https:\\\/\\\/www.malinashop.lt\\\/wp-content\\\/uploads\\\/2024\\\/11\\\/NUMEE-TRAVEL-SIZE-FULL-FACIAL-ROUTINE-KIT-veido-prieziuros-kelioninis-rinkinys-1-vnt.jpg\",\"datePublished\":\"2024-11-06T12:54:13+00:00\",\"dateModified\":\"2026-03-18T09:34:28+00:00\",\"breadcrumb\":{\"@id\":\"https:\\\/\\\/www.malinashop.lt\\\/en\\\/shop\\\/numee-travel-size-full-facial-routine-kit-veido-prieziuros-kelioninis-rinkinys-1-vnt\\\/#breadcrumb\"},\"inLanguage\":\"en-GB\",\"potentialAction\":[{\"@type\":\"ReadAction\",\"target\":[\"https:\\\/\\\/www.malinashop.lt\\\/en\\\/shop\\\/numee-travel-size-full-facial-routine-kit-veido-prieziuros-kelioninis-rinkinys-1-vnt\\\/\"]}]},{\"@type\":\"ImageObject\",\"inLanguage\":\"en-GB\",\"@id\":\"https:\\\/\\\/www.malinashop.lt\\\/en\\\/shop\\\/numee-travel-size-full-facial-routine-kit-veido-prieziuros-kelioninis-rinkinys-1-vnt\\\/#primaryimage\",\"url\":\"https:\\\/\\\/www.malinashop.lt\\\/wp-content\\\/uploads\\\/2024\\\/11\\\/NUMEE-TRAVEL-SIZE-FULL-FACIAL-ROUTINE-KIT-veido-prieziuros-kelioninis-rinkinys-1-vnt.jpg\",\"contentUrl\":\"https:\\\/\\\/www.malinashop.lt\\\/wp-content\\\/uploads\\\/2024\\\/11\\\/NUMEE-TRAVEL-SIZE-FULL-FACIAL-ROUTINE-KIT-veido-prieziuros-kelioninis-rinkinys-1-vnt.jpg\",\"width\":1000,\"height\":1000},{\"@type\":\"BreadcrumbList\",\"@id\":\"https:\\\/\\\/www.malinashop.lt\\\/en\\\/shop\\\/numee-travel-size-full-facial-routine-kit-veido-prieziuros-kelioninis-rinkinys-1-vnt\\\/#breadcrumb\",\"itemListElement\":[{\"@type\":\"ListItem\",\"position\":1,\"name\":\"Pagrindinis\",\"item\":\"https:\\\/\\\/www.malinashop.lt\\\/\"},{\"@type\":\"ListItem\",\"position\":2,\"name\":\"Parduotuv\u0117\",\"item\":\"https:\\\/\\\/www.malinashop.lt\\\/en\\\/parduotuve\\\/\"},{\"@type\":\"ListItem\",\"position\":3,\"name\":\"NUMEE TRAVEL SIZE FULL FACIAL ROUTINE KIT veido prie\u017ei\u016bros kelioninis rinkinys, 1 vnt\"}]},{\"@type\":\"WebSite\",\"@id\":\"https:\\\/\\\/www.malinashop.lt\\\/#website\",\"url\":\"https:\\\/\\\/www.malinashop.lt\\\/\",\"name\":\"COM Group Ecommerce\",\"description\":\"MalinaShop.lt - Gro\u017eio ir sveikatos produktai i\u0161 patikim\u0173 preki\u0173 \u017eenkl\u0173. Atraskite auk\u0161tos kokyb\u0117s kosmetik\u0105 u\u017e puiki\u0105 kain\u0105.\",\"publisher\":{\"@id\":\"https:\\\/\\\/www.malinashop.lt\\\/#organization\"},\"potentialAction\":[{\"@type\":\"SearchAction\",\"target\":{\"@type\":\"EntryPoint\",\"urlTemplate\":\"https:\\\/\\\/www.malinashop.lt\\\/?s={search_term_string}\"},\"query-input\":{\"@type\":\"PropertyValueSpecification\",\"valueRequired\":true,\"valueName\":\"search_term_string\"}}],\"inLanguage\":\"en-GB\"},{\"@type\":\"Organization\",\"@id\":\"https:\\\/\\\/www.malinashop.lt\\\/#organization\",\"name\":\"COM Group Ecommerce\",\"url\":\"https:\\\/\\\/www.malinashop.lt\\\/\",\"logo\":{\"@type\":\"ImageObject\",\"inLanguage\":\"en-GB\",\"@id\":\"https:\\\/\\\/www.malinashop.lt\\\/#\\\/schema\\\/logo\\\/image\\\/\",\"url\":\"https:\\\/\\\/www.malinashop.lt\\\/wp-content\\\/uploads\\\/2024\\\/08\\\/462559670_3787732518133670_9795632669273463_n-e1731525914575.png\",\"contentUrl\":\"https:\\\/\\\/www.malinashop.lt\\\/wp-content\\\/uploads\\\/2024\\\/08\\\/462559670_3787732518133670_9795632669273463_n-e1731525914575.png\",\"width\":180,\"height\":60,\"caption\":\"COM Group Ecommerce\"},\"image\":{\"@id\":\"https:\\\/\\\/www.malinashop.lt\\\/#\\\/schema\\\/logo\\\/image\\\/\"}}]}<\/script>\n<!-- \/ Yoast SEO plugin. -->","yoast_head_json":{"title":"NUMEE TRAVEL SIZE FULL FACIAL ROUTINE KIT veido prie\u017ei\u016bros kelioninis rinkinys, 1 vnt - MalinaShop.lt J\u016bs\u0173 sveikatai ir gro\u017eiui.","robots":{"index":"index","follow":"follow","max-snippet":"max-snippet:-1","max-image-preview":"max-image-preview:large","max-video-preview":"max-video-preview:-1"},"canonical":"https:\/\/www.malinashop.lt\/en\/shop\/numee-travel-size-full-facial-routine-kit-veido-prieziuros-kelioninis-rinkinys-1-vnt\/","og_locale":"en_GB","og_type":"article","og_title":"NUMEE TRAVEL SIZE FULL FACIAL ROUTINE KIT veido prie\u017ei\u016bros kelioninis rinkinys, 1 vnt - MalinaShop.lt J\u016bs\u0173 sveikatai ir gro\u017eiui.","og_url":"https:\/\/www.malinashop.lt\/en\/shop\/numee-travel-size-full-facial-routine-kit-veido-prieziuros-kelioninis-rinkinys-1-vnt\/","og_site_name":"MalinaShop.lt J\u016bs\u0173 sveikatai ir gro\u017eiui.","article_modified_time":"2026-03-18T09:34:28+00:00","og_image":[{"width":1000,"height":1000,"url":"https:\/\/www.malinashop.lt\/wp-content\/uploads\/2024\/11\/NUMEE-TRAVEL-SIZE-FULL-FACIAL-ROUTINE-KIT-veido-prieziuros-kelioninis-rinkinys-1-vnt.jpg","type":"image\/jpeg"}],"twitter_card":"summary_large_image","schema":{"@context":"https:\/\/schema.org","@graph":[{"@type":"WebPage","@id":"https:\/\/www.malinashop.lt\/en\/shop\/numee-travel-size-full-facial-routine-kit-veido-prieziuros-kelioninis-rinkinys-1-vnt\/","url":"https:\/\/www.malinashop.lt\/en\/shop\/numee-travel-size-full-facial-routine-kit-veido-prieziuros-kelioninis-rinkinys-1-vnt\/","name":"NUMEE TRAVEL SIZE FULL FACIAL ROUTINE KIT veido prie\u017ei\u016bros kelioninis rinkinys, 1 vnt - MalinaShop.lt J\u016bs\u0173 sveikatai ir gro\u017eiui.","isPartOf":{"@id":"https:\/\/www.malinashop.lt\/#website"},"primaryImageOfPage":{"@id":"https:\/\/www.malinashop.lt\/en\/shop\/numee-travel-size-full-facial-routine-kit-veido-prieziuros-kelioninis-rinkinys-1-vnt\/#primaryimage"},"image":{"@id":"https:\/\/www.malinashop.lt\/en\/shop\/numee-travel-size-full-facial-routine-kit-veido-prieziuros-kelioninis-rinkinys-1-vnt\/#primaryimage"},"thumbnailUrl":"https:\/\/www.malinashop.lt\/wp-content\/uploads\/2024\/11\/NUMEE-TRAVEL-SIZE-FULL-FACIAL-ROUTINE-KIT-veido-prieziuros-kelioninis-rinkinys-1-vnt.jpg","datePublished":"2024-11-06T12:54:13+00:00","dateModified":"2026-03-18T09:34:28+00:00","breadcrumb":{"@id":"https:\/\/www.malinashop.lt\/en\/shop\/numee-travel-size-full-facial-routine-kit-veido-prieziuros-kelioninis-rinkinys-1-vnt\/#breadcrumb"},"inLanguage":"en-GB","potentialAction":[{"@type":"ReadAction","target":["https:\/\/www.malinashop.lt\/en\/shop\/numee-travel-size-full-facial-routine-kit-veido-prieziuros-kelioninis-rinkinys-1-vnt\/"]}]},{"@type":"ImageObject","inLanguage":"en-GB","@id":"https:\/\/www.malinashop.lt\/en\/shop\/numee-travel-size-full-facial-routine-kit-veido-prieziuros-kelioninis-rinkinys-1-vnt\/#primaryimage","url":"https:\/\/www.malinashop.lt\/wp-content\/uploads\/2024\/11\/NUMEE-TRAVEL-SIZE-FULL-FACIAL-ROUTINE-KIT-veido-prieziuros-kelioninis-rinkinys-1-vnt.jpg","contentUrl":"https:\/\/www.malinashop.lt\/wp-content\/uploads\/2024\/11\/NUMEE-TRAVEL-SIZE-FULL-FACIAL-ROUTINE-KIT-veido-prieziuros-kelioninis-rinkinys-1-vnt.jpg","width":1000,"height":1000},{"@type":"BreadcrumbList","@id":"https:\/\/www.malinashop.lt\/en\/shop\/numee-travel-size-full-facial-routine-kit-veido-prieziuros-kelioninis-rinkinys-1-vnt\/#breadcrumb","itemListElement":[{"@type":"ListItem","position":1,"name":"Pagrindinis","item":"https:\/\/www.malinashop.lt\/"},{"@type":"ListItem","position":2,"name":"Parduotuv\u0117","item":"https:\/\/www.malinashop.lt\/en\/parduotuve\/"},{"@type":"ListItem","position":3,"name":"NUMEE TRAVEL SIZE FULL FACIAL ROUTINE KIT veido prie\u017ei\u016bros kelioninis rinkinys, 1 vnt"}]},{"@type":"WebSite","@id":"https:\/\/www.malinashop.lt\/#website","url":"https:\/\/www.malinashop.lt\/","name":"COM Group Ecommerce","description":"MalinaShop.lt - Gro\u017eio ir sveikatos produktai i\u0161 patikim\u0173 preki\u0173 \u017eenkl\u0173. Atraskite auk\u0161tos kokyb\u0117s kosmetik\u0105 u\u017e puiki\u0105 kain\u0105.","publisher":{"@id":"https:\/\/www.malinashop.lt\/#organization"},"potentialAction":[{"@type":"SearchAction","target":{"@type":"EntryPoint","urlTemplate":"https:\/\/www.malinashop.lt\/?s={search_term_string}"},"query-input":{"@type":"PropertyValueSpecification","valueRequired":true,"valueName":"search_term_string"}}],"inLanguage":"en-GB"},{"@type":"Organization","@id":"https:\/\/www.malinashop.lt\/#organization","name":"COM Group Ecommerce","url":"https:\/\/www.malinashop.lt\/","logo":{"@type":"ImageObject","inLanguage":"en-GB","@id":"https:\/\/www.malinashop.lt\/#\/schema\/logo\/image\/","url":"https:\/\/www.malinashop.lt\/wp-content\/uploads\/2024\/08\/462559670_3787732518133670_9795632669273463_n-e1731525914575.png","contentUrl":"https:\/\/www.malinashop.lt\/wp-content\/uploads\/2024\/08\/462559670_3787732518133670_9795632669273463_n-e1731525914575.png","width":180,"height":60,"caption":"COM Group Ecommerce"},"image":{"@id":"https:\/\/www.malinashop.lt\/#\/schema\/logo\/image\/"}}]}},"jetpack_sharing_enabled":true,"_links":{"self":[{"href":"https:\/\/www.malinashop.lt\/en\/wp-json\/wp\/v2\/product\/20612","targetHints":{"allow":["GET"]}}],"collection":[{"href":"https:\/\/www.malinashop.lt\/en\/wp-json\/wp\/v2\/product"}],"about":[{"href":"https:\/\/www.malinashop.lt\/en\/wp-json\/wp\/v2\/types\/product"}],"version-history":[{"count":1,"href":"https:\/\/www.malinashop.lt\/en\/wp-json\/wp\/v2\/product\/20612\/revisions"}],"predecessor-version":[{"id":32652,"href":"https:\/\/www.malinashop.lt\/en\/wp-json\/wp\/v2\/product\/20612\/revisions\/32652"}],"wp:featuredmedia":[{"embeddable":true,"href":"https:\/\/www.malinashop.lt\/en\/wp-json\/wp\/v2\/media\/18185"}],"wp:attachment":[{"href":"https:\/\/www.malinashop.lt\/en\/wp-json\/wp\/v2\/media?parent=20612"}],"wp:term":[{"taxonomy":"product_brand","embeddable":true,"href":"https:\/\/www.malinashop.lt\/en\/wp-json\/wp\/v2\/product_brand?post=20612"},{"taxonomy":"product_cat","embeddable":true,"href":"https:\/\/www.malinashop.lt\/en\/wp-json\/wp\/v2\/product_cat?post=20612"},{"taxonomy":"product_tag","embeddable":true,"href":"https:\/\/www.malinashop.lt\/en\/wp-json\/wp\/v2\/product_tag?post=20612"}],"curies":[{"name":"wp","href":"https:\/\/api.w.org\/{rel}","templated":true}]}}