{"id":20508,"date":"2024-11-06T15:53:59","date_gmt":"2024-11-06T12:53:59","guid":{"rendered":"https:\/\/malinashop.lt\/produktas\/erre-due-medium-beige-perfect-mat-touch-foundation-nr-303-matinis-makiazo-pagrindas\/"},"modified":"2026-02-12T23:25:34","modified_gmt":"2026-02-12T20:25:34","slug":"erre-due-medium-beige-perfect-mat-touch-foundation-nr-303-matinis-makiazo-pagrindas","status":"publish","type":"product","link":"https:\/\/www.malinashop.lt\/en\/shop\/erre-due-medium-beige-perfect-mat-touch-foundation-nr-303-matinis-makiazo-pagrindas\/","title":{"rendered":"ERRE DUE Medium Beige PERFECT MAT TOUCH FOUNDATION Nr. 303 matinis makia\u017eo pagrindas"},"content":{"rendered":"<p>ERRE DUE Matinis Makia\u017eo Pagrindas Nr. 303 Medium Beige\u00a0\u00a0 &#8211; PERFECT MAT TOUCH FOUNDATION<\/p>\n<p>Matinis Efektas \u2013 Dr\u0117kinimas \u2013 Elastingumas<\/p>\n<p>ERRE DUE matinis makia\u017eo pagrindas Nr. 303 Medium Beige\u00a0\u00a0 &#8211; PERFECT MAT TOUCH FOUNDATION yra itin glotnus kreminis makia\u017eo pagrindas, pasi\u017eymintis ilgai i\u0161liekan\u010diomis savyb\u0117mis ir skirtas vidutiniam padengimui. Praturtintas veikliosiomis med\u017eiagomis, kurios neleid\u017eia susidaryti rauk\u0161l\u0117ms, giliai dr\u0117kina veido od\u0105 ir i\u0161saugo jos elastingum\u0105, tonus\u0105 ir jaunatvi\u0161kum\u0105. \u0160is makia\u017eo pagrindas taip pat suteikia SPF 30 apsaug\u0105 ir yra be talko, D5 ir kvapi\u0173j\u0173 med\u017eiag\u0173.<\/p>\n<p>Idealiai Tinka Normaliai Ir Riebiai Odai<\/p>\n<p>ERRE DUE matinis makia\u017eo pagrindas Nr. 303 Medium Beige\u00a0\u00a0 &#8211; PERFECT MAT TOUCH FOUNDATION u\u017etikrina nepriekai\u0161ting\u0105 matin\u012f efekt\u0105 ir ilgalaik\u012f dr\u0117kinim\u0105, padedant i\u0161laikyti odos elastingum\u0105 ir jaunatvi\u0161kum\u0105.<\/p>\n<p>Apie ERRE DUE<\/p>\n<p>ERRE DUE yra modernus ir k\u016brybingas prek\u0117s \u017eenklas, visada sekantis naujausias mados tendencijas. Jie reguliariai atnaujina ir ple\u010dia savo gamini\u0173 bei spalv\u0173 asortiment\u0105, si\u016blydami auk\u0161tos kokyb\u0117s makia\u017eo produktus, pasi\u017eymin\u010dius prabangiu poj\u016b\u010diu, profesionaliu \u012fvaizd\u017eiu ir puikiu kainos bei kokyb\u0117s santykiu.<\/p>\n<p>Kokyb\u0117s Garantija<\/p>\n<p>ERRE DUE kosmetika atitinka grie\u017etus kokyb\u0117s standartus, u\u017etikrindama ideal\u0173 \u012fvaizd\u017eio, nesenstan\u010dios vert\u0117s ir modernios estetikos balans\u0105. Visi j\u0173 gaminiai yra auk\u0161tos kokyb\u0117s, sudarantys nesenstan\u010dios vert\u0117s ir modernios estetikos derin\u012f. Minimalistin\u0117 ir prabangi pakuot\u0117 atspindi prek\u0117s \u017eenklo filosofij\u0105.<\/p>\n<p>I\u0161bandykite ir \u012esitikinkite Kokybe<\/p>\n<p>Pajuskite ERRE DUE dekoratyvin\u0117s kosmetikos kokyb\u0119 ir ilgalaik\u012f i\u0161silaikym\u0105 patys.<\/p>\n<div class=\"text-tab text-tab-id-10\">\n<p>Siuntas i\u0161siun\u010diame antradieniais ir ketvirtadieniais. Jei d\u0117l koki\u0173 nors prie\u017eas\u010di\u0173 siunta negali b\u016bti i\u0161si\u0173sta \u0161iomis dienomis ir ji yra perkeliama \u012f kit\u0105 dien\u0105, apie tai informuosime jus svetain\u0117je arba el. pa\u0161tu.<\/p>\n<p>\u201eJei turite klausim\u0173, pra\u0161ome susisiekti el. pa\u0161tu info@malinashop.lt arba telefonu +37065444002 darbo dienomis nuo 10:00 iki 16:00 val.\u201c<\/p>\n<\/div>\n<div class=\"text-tab text-tab-id-11\">\n<p>Perkant u\u017e daugiau nei 50\u20ac &#8211; pristatymas nemokamas.<\/p>\n<p>Pristatymas \u012f LPexpress pa\u0161tomat\u0105\u00a0(visoje Lietuvoje, i\u0161skyrus Kur\u0161i\u0173 Nerij\u0105).<\/p>\n<\/div>\n","protected":false},"excerpt":{"rendered":"<p>ERRE DUE Matinis Makia\u017eo Pagrindas Nr. 303 Medium Beige\u00a0\u00a0 &#8211; PERFECT MAT TOUCH FOUNDATION Matinis Efektas \u2013 Dr\u0117kinimas \u2013 Elastingumas ERRE DUE&hellip;<\/p>\n","protected":false},"featured_media":18922,"template":"","meta":[],"product_brand":[561],"product_cat":[530,728],"product_tag":[1157],"class_list":{"0":"post-20508","1":"product","2":"type-product","3":"status-publish","4":"has-post-thumbnail","6":"product_brand-erre-due","7":"product_cat-makiazo-pagrindas","8":"product_cat-veidui","9":"product_tag-erre-due","11":"first","12":"instock","13":"sale","14":"taxable","15":"shipping-taxable","16":"purchasable","17":"product-type-simple"},"yoast_head":"<!-- This site is optimized with the Yoast SEO plugin v27.4 - https:\/\/yoast.com\/product\/yoast-seo-wordpress\/ -->\n<title>ERRE DUE Medium Beige PERFECT MAT TOUCH FOUNDATION Nr. 303 matinis makia\u017eo pagrindas - MalinaShop.lt J\u016bs\u0173 sveikatai ir gro\u017eiui.<\/title>\n<meta name=\"robots\" content=\"index, follow, max-snippet:-1, max-image-preview:large, max-video-preview:-1\" \/>\n<link rel=\"canonical\" href=\"https:\/\/www.malinashop.lt\/en\/shop\/erre-due-medium-beige-perfect-mat-touch-foundation-nr-303-matinis-makiazo-pagrindas\/\" \/>\n<meta property=\"og:locale\" content=\"en_GB\" \/>\n<meta property=\"og:type\" content=\"article\" \/>\n<meta property=\"og:title\" content=\"ERRE DUE Medium Beige PERFECT MAT TOUCH FOUNDATION Nr. 303 matinis makia\u017eo pagrindas - MalinaShop.lt J\u016bs\u0173 sveikatai ir gro\u017eiui.\" \/>\n<meta property=\"og:url\" content=\"https:\/\/www.malinashop.lt\/en\/shop\/erre-due-medium-beige-perfect-mat-touch-foundation-nr-303-matinis-makiazo-pagrindas\/\" \/>\n<meta property=\"og:site_name\" content=\"MalinaShop.lt J\u016bs\u0173 sveikatai ir gro\u017eiui.\" \/>\n<meta property=\"article:modified_time\" content=\"2026-02-12T20:25:34+00:00\" \/>\n<meta property=\"og:image\" content=\"https:\/\/www.malinashop.lt\/wp-content\/uploads\/2024\/11\/ERRE-DUE-Medium-Beige-PERFECT-MAT-TOUCH-FOUNDATION-Nr.-303-matinis-makiazo-pagrindas.png\" \/>\n\t<meta property=\"og:image:width\" content=\"1280\" \/>\n\t<meta property=\"og:image:height\" content=\"1600\" \/>\n\t<meta property=\"og:image:type\" content=\"image\/png\" \/>\n<meta name=\"twitter:card\" content=\"summary_large_image\" \/>\n<script type=\"application\/ld+json\" class=\"yoast-schema-graph\">{\"@context\":\"https:\\\/\\\/schema.org\",\"@graph\":[{\"@type\":\"WebPage\",\"@id\":\"https:\\\/\\\/www.malinashop.lt\\\/en\\\/shop\\\/erre-due-medium-beige-perfect-mat-touch-foundation-nr-303-matinis-makiazo-pagrindas\\\/\",\"url\":\"https:\\\/\\\/www.malinashop.lt\\\/en\\\/shop\\\/erre-due-medium-beige-perfect-mat-touch-foundation-nr-303-matinis-makiazo-pagrindas\\\/\",\"name\":\"ERRE DUE Medium Beige PERFECT MAT TOUCH FOUNDATION Nr. 303 matinis makia\u017eo pagrindas - MalinaShop.lt J\u016bs\u0173 sveikatai ir gro\u017eiui.\",\"isPartOf\":{\"@id\":\"https:\\\/\\\/www.malinashop.lt\\\/en\\\/#website\"},\"primaryImageOfPage\":{\"@id\":\"https:\\\/\\\/www.malinashop.lt\\\/en\\\/shop\\\/erre-due-medium-beige-perfect-mat-touch-foundation-nr-303-matinis-makiazo-pagrindas\\\/#primaryimage\"},\"image\":{\"@id\":\"https:\\\/\\\/www.malinashop.lt\\\/en\\\/shop\\\/erre-due-medium-beige-perfect-mat-touch-foundation-nr-303-matinis-makiazo-pagrindas\\\/#primaryimage\"},\"thumbnailUrl\":\"https:\\\/\\\/www.malinashop.lt\\\/wp-content\\\/uploads\\\/2024\\\/11\\\/ERRE-DUE-Medium-Beige-PERFECT-MAT-TOUCH-FOUNDATION-Nr.-303-matinis-makiazo-pagrindas.png\",\"datePublished\":\"2024-11-06T12:53:59+00:00\",\"dateModified\":\"2026-02-12T20:25:34+00:00\",\"breadcrumb\":{\"@id\":\"https:\\\/\\\/www.malinashop.lt\\\/en\\\/shop\\\/erre-due-medium-beige-perfect-mat-touch-foundation-nr-303-matinis-makiazo-pagrindas\\\/#breadcrumb\"},\"inLanguage\":\"en-GB\",\"potentialAction\":[{\"@type\":\"ReadAction\",\"target\":[\"https:\\\/\\\/www.malinashop.lt\\\/en\\\/shop\\\/erre-due-medium-beige-perfect-mat-touch-foundation-nr-303-matinis-makiazo-pagrindas\\\/\"]}]},{\"@type\":\"ImageObject\",\"inLanguage\":\"en-GB\",\"@id\":\"https:\\\/\\\/www.malinashop.lt\\\/en\\\/shop\\\/erre-due-medium-beige-perfect-mat-touch-foundation-nr-303-matinis-makiazo-pagrindas\\\/#primaryimage\",\"url\":\"https:\\\/\\\/www.malinashop.lt\\\/wp-content\\\/uploads\\\/2024\\\/11\\\/ERRE-DUE-Medium-Beige-PERFECT-MAT-TOUCH-FOUNDATION-Nr.-303-matinis-makiazo-pagrindas.png\",\"contentUrl\":\"https:\\\/\\\/www.malinashop.lt\\\/wp-content\\\/uploads\\\/2024\\\/11\\\/ERRE-DUE-Medium-Beige-PERFECT-MAT-TOUCH-FOUNDATION-Nr.-303-matinis-makiazo-pagrindas.png\",\"width\":1280,\"height\":1600},{\"@type\":\"BreadcrumbList\",\"@id\":\"https:\\\/\\\/www.malinashop.lt\\\/en\\\/shop\\\/erre-due-medium-beige-perfect-mat-touch-foundation-nr-303-matinis-makiazo-pagrindas\\\/#breadcrumb\",\"itemListElement\":[{\"@type\":\"ListItem\",\"position\":1,\"name\":\"Home\",\"item\":\"https:\\\/\\\/www.malinashop.lt\\\/en\\\/\"},{\"@type\":\"ListItem\",\"position\":2,\"name\":\"Parduotuv\u0117\",\"item\":\"https:\\\/\\\/www.malinashop.lt\\\/en\\\/parduotuve\\\/\"},{\"@type\":\"ListItem\",\"position\":3,\"name\":\"ERRE DUE Medium Beige PERFECT MAT TOUCH FOUNDATION Nr. 303 matinis makia\u017eo pagrindas\"}]},{\"@type\":\"WebSite\",\"@id\":\"https:\\\/\\\/www.malinashop.lt\\\/en\\\/#website\",\"url\":\"https:\\\/\\\/www.malinashop.lt\\\/en\\\/\",\"name\":\"COM Group Ecommerce\",\"description\":\"MalinaShop.lt - Gro\u017eio ir sveikatos produktai i\u0161 patikim\u0173 preki\u0173 \u017eenkl\u0173. Atraskite auk\u0161tos kokyb\u0117s kosmetik\u0105 u\u017e puiki\u0105 kain\u0105.\",\"publisher\":{\"@id\":\"https:\\\/\\\/www.malinashop.lt\\\/en\\\/#organization\"},\"potentialAction\":[{\"@type\":\"SearchAction\",\"target\":{\"@type\":\"EntryPoint\",\"urlTemplate\":\"https:\\\/\\\/www.malinashop.lt\\\/en\\\/?s={search_term_string}\"},\"query-input\":{\"@type\":\"PropertyValueSpecification\",\"valueRequired\":true,\"valueName\":\"search_term_string\"}}],\"inLanguage\":\"en-GB\"},{\"@type\":\"Organization\",\"@id\":\"https:\\\/\\\/www.malinashop.lt\\\/en\\\/#organization\",\"name\":\"COM Group Ecommerce\",\"url\":\"https:\\\/\\\/www.malinashop.lt\\\/en\\\/\",\"logo\":{\"@type\":\"ImageObject\",\"inLanguage\":\"en-GB\",\"@id\":\"https:\\\/\\\/www.malinashop.lt\\\/en\\\/#\\\/schema\\\/logo\\\/image\\\/\",\"url\":\"https:\\\/\\\/www.malinashop.lt\\\/wp-content\\\/uploads\\\/2024\\\/08\\\/462559670_3787732518133670_9795632669273463_n-e1731525914575.png\",\"contentUrl\":\"https:\\\/\\\/www.malinashop.lt\\\/wp-content\\\/uploads\\\/2024\\\/08\\\/462559670_3787732518133670_9795632669273463_n-e1731525914575.png\",\"width\":180,\"height\":60,\"caption\":\"COM Group Ecommerce\"},\"image\":{\"@id\":\"https:\\\/\\\/www.malinashop.lt\\\/en\\\/#\\\/schema\\\/logo\\\/image\\\/\"}}]}<\/script>\n<!-- \/ Yoast SEO plugin. -->","yoast_head_json":{"title":"ERRE DUE Medium Beige PERFECT MAT TOUCH FOUNDATION Nr. 303 matinis makia\u017eo pagrindas - MalinaShop.lt J\u016bs\u0173 sveikatai ir gro\u017eiui.","robots":{"index":"index","follow":"follow","max-snippet":"max-snippet:-1","max-image-preview":"max-image-preview:large","max-video-preview":"max-video-preview:-1"},"canonical":"https:\/\/www.malinashop.lt\/en\/shop\/erre-due-medium-beige-perfect-mat-touch-foundation-nr-303-matinis-makiazo-pagrindas\/","og_locale":"en_GB","og_type":"article","og_title":"ERRE DUE Medium Beige PERFECT MAT TOUCH FOUNDATION Nr. 303 matinis makia\u017eo pagrindas - MalinaShop.lt J\u016bs\u0173 sveikatai ir gro\u017eiui.","og_url":"https:\/\/www.malinashop.lt\/en\/shop\/erre-due-medium-beige-perfect-mat-touch-foundation-nr-303-matinis-makiazo-pagrindas\/","og_site_name":"MalinaShop.lt J\u016bs\u0173 sveikatai ir gro\u017eiui.","article_modified_time":"2026-02-12T20:25:34+00:00","og_image":[{"width":1280,"height":1600,"url":"https:\/\/www.malinashop.lt\/wp-content\/uploads\/2024\/11\/ERRE-DUE-Medium-Beige-PERFECT-MAT-TOUCH-FOUNDATION-Nr.-303-matinis-makiazo-pagrindas.png","type":"image\/png"}],"twitter_card":"summary_large_image","schema":{"@context":"https:\/\/schema.org","@graph":[{"@type":"WebPage","@id":"https:\/\/www.malinashop.lt\/en\/shop\/erre-due-medium-beige-perfect-mat-touch-foundation-nr-303-matinis-makiazo-pagrindas\/","url":"https:\/\/www.malinashop.lt\/en\/shop\/erre-due-medium-beige-perfect-mat-touch-foundation-nr-303-matinis-makiazo-pagrindas\/","name":"ERRE DUE Medium Beige PERFECT MAT TOUCH FOUNDATION Nr. 303 matinis makia\u017eo pagrindas - MalinaShop.lt J\u016bs\u0173 sveikatai ir gro\u017eiui.","isPartOf":{"@id":"https:\/\/www.malinashop.lt\/en\/#website"},"primaryImageOfPage":{"@id":"https:\/\/www.malinashop.lt\/en\/shop\/erre-due-medium-beige-perfect-mat-touch-foundation-nr-303-matinis-makiazo-pagrindas\/#primaryimage"},"image":{"@id":"https:\/\/www.malinashop.lt\/en\/shop\/erre-due-medium-beige-perfect-mat-touch-foundation-nr-303-matinis-makiazo-pagrindas\/#primaryimage"},"thumbnailUrl":"https:\/\/www.malinashop.lt\/wp-content\/uploads\/2024\/11\/ERRE-DUE-Medium-Beige-PERFECT-MAT-TOUCH-FOUNDATION-Nr.-303-matinis-makiazo-pagrindas.png","datePublished":"2024-11-06T12:53:59+00:00","dateModified":"2026-02-12T20:25:34+00:00","breadcrumb":{"@id":"https:\/\/www.malinashop.lt\/en\/shop\/erre-due-medium-beige-perfect-mat-touch-foundation-nr-303-matinis-makiazo-pagrindas\/#breadcrumb"},"inLanguage":"en-GB","potentialAction":[{"@type":"ReadAction","target":["https:\/\/www.malinashop.lt\/en\/shop\/erre-due-medium-beige-perfect-mat-touch-foundation-nr-303-matinis-makiazo-pagrindas\/"]}]},{"@type":"ImageObject","inLanguage":"en-GB","@id":"https:\/\/www.malinashop.lt\/en\/shop\/erre-due-medium-beige-perfect-mat-touch-foundation-nr-303-matinis-makiazo-pagrindas\/#primaryimage","url":"https:\/\/www.malinashop.lt\/wp-content\/uploads\/2024\/11\/ERRE-DUE-Medium-Beige-PERFECT-MAT-TOUCH-FOUNDATION-Nr.-303-matinis-makiazo-pagrindas.png","contentUrl":"https:\/\/www.malinashop.lt\/wp-content\/uploads\/2024\/11\/ERRE-DUE-Medium-Beige-PERFECT-MAT-TOUCH-FOUNDATION-Nr.-303-matinis-makiazo-pagrindas.png","width":1280,"height":1600},{"@type":"BreadcrumbList","@id":"https:\/\/www.malinashop.lt\/en\/shop\/erre-due-medium-beige-perfect-mat-touch-foundation-nr-303-matinis-makiazo-pagrindas\/#breadcrumb","itemListElement":[{"@type":"ListItem","position":1,"name":"Home","item":"https:\/\/www.malinashop.lt\/en\/"},{"@type":"ListItem","position":2,"name":"Parduotuv\u0117","item":"https:\/\/www.malinashop.lt\/en\/parduotuve\/"},{"@type":"ListItem","position":3,"name":"ERRE DUE Medium Beige PERFECT MAT TOUCH FOUNDATION Nr. 303 matinis makia\u017eo pagrindas"}]},{"@type":"WebSite","@id":"https:\/\/www.malinashop.lt\/en\/#website","url":"https:\/\/www.malinashop.lt\/en\/","name":"COM Group Ecommerce","description":"MalinaShop.lt - Gro\u017eio ir sveikatos produktai i\u0161 patikim\u0173 preki\u0173 \u017eenkl\u0173. Atraskite auk\u0161tos kokyb\u0117s kosmetik\u0105 u\u017e puiki\u0105 kain\u0105.","publisher":{"@id":"https:\/\/www.malinashop.lt\/en\/#organization"},"potentialAction":[{"@type":"SearchAction","target":{"@type":"EntryPoint","urlTemplate":"https:\/\/www.malinashop.lt\/en\/?s={search_term_string}"},"query-input":{"@type":"PropertyValueSpecification","valueRequired":true,"valueName":"search_term_string"}}],"inLanguage":"en-GB"},{"@type":"Organization","@id":"https:\/\/www.malinashop.lt\/en\/#organization","name":"COM Group Ecommerce","url":"https:\/\/www.malinashop.lt\/en\/","logo":{"@type":"ImageObject","inLanguage":"en-GB","@id":"https:\/\/www.malinashop.lt\/en\/#\/schema\/logo\/image\/","url":"https:\/\/www.malinashop.lt\/wp-content\/uploads\/2024\/08\/462559670_3787732518133670_9795632669273463_n-e1731525914575.png","contentUrl":"https:\/\/www.malinashop.lt\/wp-content\/uploads\/2024\/08\/462559670_3787732518133670_9795632669273463_n-e1731525914575.png","width":180,"height":60,"caption":"COM Group Ecommerce"},"image":{"@id":"https:\/\/www.malinashop.lt\/en\/#\/schema\/logo\/image\/"}}]}},"jetpack_sharing_enabled":true,"_links":{"self":[{"href":"https:\/\/www.malinashop.lt\/en\/wp-json\/wp\/v2\/product\/20508","targetHints":{"allow":["GET"]}}],"collection":[{"href":"https:\/\/www.malinashop.lt\/en\/wp-json\/wp\/v2\/product"}],"about":[{"href":"https:\/\/www.malinashop.lt\/en\/wp-json\/wp\/v2\/types\/product"}],"version-history":[{"count":1,"href":"https:\/\/www.malinashop.lt\/en\/wp-json\/wp\/v2\/product\/20508\/revisions"}],"predecessor-version":[{"id":32672,"href":"https:\/\/www.malinashop.lt\/en\/wp-json\/wp\/v2\/product\/20508\/revisions\/32672"}],"wp:featuredmedia":[{"embeddable":true,"href":"https:\/\/www.malinashop.lt\/en\/wp-json\/wp\/v2\/media\/18922"}],"wp:attachment":[{"href":"https:\/\/www.malinashop.lt\/en\/wp-json\/wp\/v2\/media?parent=20508"}],"wp:term":[{"taxonomy":"product_brand","embeddable":true,"href":"https:\/\/www.malinashop.lt\/en\/wp-json\/wp\/v2\/product_brand?post=20508"},{"taxonomy":"product_cat","embeddable":true,"href":"https:\/\/www.malinashop.lt\/en\/wp-json\/wp\/v2\/product_cat?post=20508"},{"taxonomy":"product_tag","embeddable":true,"href":"https:\/\/www.malinashop.lt\/en\/wp-json\/wp\/v2\/product_tag?post=20508"}],"curies":[{"name":"wp","href":"https:\/\/api.w.org\/{rel}","templated":true}]}}