{"id":20494,"date":"2024-11-06T15:53:59","date_gmt":"2024-11-06T12:53:59","guid":{"rendered":"https:\/\/malinashop.lt\/produktas\/erre-due-little-dark-secrets-shape-contour-palette-nr-401-veido-konturavimo-palete\/"},"modified":"2026-02-12T23:23:54","modified_gmt":"2026-02-12T20:23:54","slug":"erre-due-little-dark-secrets-shape-contour-palette-nr-401-veido-konturavimo-palete","status":"publish","type":"product","link":"https:\/\/www.malinashop.lt\/en\/shop\/erre-due-little-dark-secrets-shape-contour-palette-nr-401-veido-konturavimo-palete\/","title":{"rendered":"ERRE DUE Little Dark Secrets SHAPE &#038; CONTOUR PALETTE Nr. 401 veido kont\u016bravimo palet\u0117"},"content":{"rendered":"<p>ERRE DUE Veido Kont\u016bravimo Palet\u0117 Nr. 401 Little Dark Secrets &#8211; SHAPE &amp; CONTOUR PALETTE<\/p>\n<p>Kont\u016bruoja \u2013 Sulieja \u2013 Skaistina<\/p>\n<p>ERRE DUE veido kont\u016bravimo palet\u0117 Nr. 401 Little Dark Secrets &#8211; SHAPE &amp; CONTOUR PALETTE yra aksomin\u0117 palet\u0117, skirta nat\u016braliai i\u0161puosel\u0117tai i\u0161vaizdai sukurti. Tamsus atspalvis naudojamas formuoti ir pabr\u0117\u017eti, vidutinis \u2013 sulieti, o \u0161viesus \u2013 skaistinti ir pabr\u0117\u017eti veido bruo\u017eus.<\/p>\n<p>Viskas, Ko Reikia Norint Sukurti Ar Pary\u0161kinti Veido Bruo\u017eus<\/p>\n<p>ERRE DUE veido kont\u016bravimo palet\u0117 Nr. 401 Little Dark Secrets &#8211; SHAPE &amp; CONTOUR PALETTE suteikia visk\u0105, ko reikia norint sukurti ar pary\u0161kinti veido bruo\u017eus, u\u017etikrinant prabang\u0173 poj\u016bt\u012f ir profesional\u0173 \u012fvaizd\u012f.<\/p>\n<p>Apie ERRE DUE<\/p>\n<p>ERRE DUE yra modernus ir k\u016brybingas prek\u0117s \u017eenklas, visada sekantis naujausias mados tendencijas. Jie reguliariai atnaujina ir ple\u010dia savo gamini\u0173 bei spalv\u0173 asortiment\u0105, si\u016blydami auk\u0161tos kokyb\u0117s makia\u017eo produktus, pasi\u017eymin\u010dius prabangiu poj\u016b\u010diu, profesionaliu \u012fvaizd\u017eiu ir puikiu kainos bei kokyb\u0117s santykiu.<\/p>\n<p>Kokyb\u0117s Garantija<\/p>\n<p>ERRE DUE kosmetika atitinka grie\u017etus kokyb\u0117s standartus, u\u017etikrindama ideal\u0173 \u012fvaizd\u017eio, nesenstan\u010dios vert\u0117s ir modernios estetikos balans\u0105. Visi j\u0173 gaminiai yra auk\u0161tos kokyb\u0117s, sudarantys nesenstan\u010dios vert\u0117s ir modernios estetikos derin\u012f. Minimalistin\u0117 ir prabangi pakuot\u0117 atspindi prek\u0117s \u017eenklo filosofij\u0105.<\/p>\n<p>I\u0161bandykite ir \u012esitikinkite Kokybe<\/p>\n<p>Pajuskite ERRE DUE dekoratyvin\u0117s kosmetikos kokyb\u0119 ir ilgalaik\u012f i\u0161silaikym\u0105 patys.<\/p>\n<div class=\"text-tab text-tab-id-10\">\n<p>Siuntas i\u0161siun\u010diame antradieniais ir ketvirtadieniais. Jei d\u0117l koki\u0173 nors prie\u017eas\u010di\u0173 siunta negali b\u016bti i\u0161si\u0173sta \u0161iomis dienomis ir ji yra perkeliama \u012f kit\u0105 dien\u0105, apie tai informuosime jus svetain\u0117je arba el. pa\u0161tu.<\/p>\n<p>\u201eJei turite klausim\u0173, pra\u0161ome susisiekti el. pa\u0161tu info@malinashop.lt arba telefonu +37065444002 darbo dienomis nuo 10:00 iki 16:00 val.\u201c<\/p>\n<\/div>\n<div class=\"text-tab text-tab-id-11\">\n<p>Perkant u\u017e daugiau nei 50\u20ac &#8211; pristatymas nemokamas.<\/p>\n<p>Pristatymas \u012f LPexpress pa\u0161tomat\u0105\u00a0(visoje Lietuvoje, i\u0161skyrus Kur\u0161i\u0173 Nerij\u0105).<\/p>\n<\/div>\n","protected":false},"excerpt":{"rendered":"<p>ERRE DUE Veido Kont\u016bravimo Palet\u0117 Nr. 401 Little Dark Secrets &#8211; SHAPE &amp; CONTOUR PALETTE Kont\u016bruoja \u2013 Sulieja \u2013 Skaistina ERRE DUE&hellip;<\/p>\n","protected":false},"featured_media":21122,"template":"","meta":[],"product_brand":[561],"product_cat":[528,728],"product_tag":[1157],"class_list":{"0":"post-20494","1":"product","2":"type-product","3":"status-publish","4":"has-post-thumbnail","6":"product_brand-erre-due","7":"product_cat-modeliavimo-priemones","8":"product_cat-veidui","9":"product_tag-erre-due","11":"first","12":"instock","13":"sale","14":"taxable","15":"shipping-taxable","16":"purchasable","17":"product-type-simple"},"yoast_head":"<!-- This site is optimized with the Yoast SEO plugin v27.4 - https:\/\/yoast.com\/product\/yoast-seo-wordpress\/ -->\n<title>ERRE DUE Little Dark Secrets SHAPE &amp; CONTOUR PALETTE Nr. 401 veido kont\u016bravimo palet\u0117 - MalinaShop.lt J\u016bs\u0173 sveikatai ir gro\u017eiui.<\/title>\n<meta name=\"robots\" content=\"index, follow, max-snippet:-1, max-image-preview:large, max-video-preview:-1\" \/>\n<link rel=\"canonical\" href=\"https:\/\/www.malinashop.lt\/en\/shop\/erre-due-little-dark-secrets-shape-contour-palette-nr-401-veido-konturavimo-palete\/\" \/>\n<meta property=\"og:locale\" content=\"en_GB\" \/>\n<meta property=\"og:type\" content=\"article\" \/>\n<meta property=\"og:title\" content=\"ERRE DUE Little Dark Secrets SHAPE &amp; CONTOUR PALETTE Nr. 401 veido kont\u016bravimo palet\u0117 - MalinaShop.lt J\u016bs\u0173 sveikatai ir gro\u017eiui.\" \/>\n<meta property=\"og:url\" content=\"https:\/\/www.malinashop.lt\/en\/shop\/erre-due-little-dark-secrets-shape-contour-palette-nr-401-veido-konturavimo-palete\/\" \/>\n<meta property=\"og:site_name\" content=\"MalinaShop.lt J\u016bs\u0173 sveikatai ir gro\u017eiui.\" \/>\n<meta property=\"article:modified_time\" content=\"2026-02-12T20:23:54+00:00\" \/>\n<meta property=\"og:image\" content=\"https:\/\/www.malinashop.lt\/wp-content\/uploads\/2024\/11\/erre-duelittle-dark-secrets-shape-contour-palette-nr-401-veido-konturavimo-palete-1.jpg\" \/>\n\t<meta property=\"og:image:width\" content=\"388\" \/>\n\t<meta property=\"og:image:height\" content=\"388\" \/>\n\t<meta property=\"og:image:type\" content=\"image\/jpeg\" \/>\n<meta name=\"twitter:card\" content=\"summary_large_image\" \/>\n<script type=\"application\/ld+json\" class=\"yoast-schema-graph\">{\"@context\":\"https:\\\/\\\/schema.org\",\"@graph\":[{\"@type\":\"WebPage\",\"@id\":\"https:\\\/\\\/www.malinashop.lt\\\/lt_lt\\\/shop\\\/erre-due-little-dark-secrets-shape-contour-palette-nr-401-veido-konturavimo-palete\\\/\",\"url\":\"https:\\\/\\\/www.malinashop.lt\\\/lt_lt\\\/shop\\\/erre-due-little-dark-secrets-shape-contour-palette-nr-401-veido-konturavimo-palete\\\/\",\"name\":\"ERRE DUE Little Dark Secrets SHAPE & CONTOUR PALETTE Nr. 401 veido kont\u016bravimo palet\u0117 - MalinaShop.lt J\u016bs\u0173 sveikatai ir gro\u017eiui.\",\"isPartOf\":{\"@id\":\"https:\\\/\\\/www.malinashop.lt\\\/#website\"},\"primaryImageOfPage\":{\"@id\":\"https:\\\/\\\/www.malinashop.lt\\\/lt_lt\\\/shop\\\/erre-due-little-dark-secrets-shape-contour-palette-nr-401-veido-konturavimo-palete\\\/#primaryimage\"},\"image\":{\"@id\":\"https:\\\/\\\/www.malinashop.lt\\\/lt_lt\\\/shop\\\/erre-due-little-dark-secrets-shape-contour-palette-nr-401-veido-konturavimo-palete\\\/#primaryimage\"},\"thumbnailUrl\":\"https:\\\/\\\/www.malinashop.lt\\\/wp-content\\\/uploads\\\/2024\\\/11\\\/erre-duelittle-dark-secrets-shape-contour-palette-nr-401-veido-konturavimo-palete-1.jpg\",\"datePublished\":\"2024-11-06T12:53:59+00:00\",\"dateModified\":\"2026-02-12T20:23:54+00:00\",\"breadcrumb\":{\"@id\":\"https:\\\/\\\/www.malinashop.lt\\\/lt_lt\\\/shop\\\/erre-due-little-dark-secrets-shape-contour-palette-nr-401-veido-konturavimo-palete\\\/#breadcrumb\"},\"inLanguage\":\"en-GB\",\"potentialAction\":[{\"@type\":\"ReadAction\",\"target\":[\"https:\\\/\\\/www.malinashop.lt\\\/lt_lt\\\/shop\\\/erre-due-little-dark-secrets-shape-contour-palette-nr-401-veido-konturavimo-palete\\\/\"]}]},{\"@type\":\"ImageObject\",\"inLanguage\":\"en-GB\",\"@id\":\"https:\\\/\\\/www.malinashop.lt\\\/lt_lt\\\/shop\\\/erre-due-little-dark-secrets-shape-contour-palette-nr-401-veido-konturavimo-palete\\\/#primaryimage\",\"url\":\"https:\\\/\\\/www.malinashop.lt\\\/wp-content\\\/uploads\\\/2024\\\/11\\\/erre-duelittle-dark-secrets-shape-contour-palette-nr-401-veido-konturavimo-palete-1.jpg\",\"contentUrl\":\"https:\\\/\\\/www.malinashop.lt\\\/wp-content\\\/uploads\\\/2024\\\/11\\\/erre-duelittle-dark-secrets-shape-contour-palette-nr-401-veido-konturavimo-palete-1.jpg\",\"width\":388,\"height\":388},{\"@type\":\"BreadcrumbList\",\"@id\":\"https:\\\/\\\/www.malinashop.lt\\\/lt_lt\\\/shop\\\/erre-due-little-dark-secrets-shape-contour-palette-nr-401-veido-konturavimo-palete\\\/#breadcrumb\",\"itemListElement\":[{\"@type\":\"ListItem\",\"position\":1,\"name\":\"Pagrindinis\",\"item\":\"https:\\\/\\\/www.malinashop.lt\\\/\"},{\"@type\":\"ListItem\",\"position\":2,\"name\":\"Parduotuv\u0117\",\"item\":\"https:\\\/\\\/www.malinashop.lt\\\/en\\\/parduotuve\\\/\"},{\"@type\":\"ListItem\",\"position\":3,\"name\":\"ERRE DUE Little Dark Secrets SHAPE &#038; CONTOUR PALETTE Nr. 401 veido kont\u016bravimo palet\u0117\"}]},{\"@type\":\"WebSite\",\"@id\":\"https:\\\/\\\/www.malinashop.lt\\\/#website\",\"url\":\"https:\\\/\\\/www.malinashop.lt\\\/\",\"name\":\"COM Group Ecommerce\",\"description\":\"MalinaShop.lt - Gro\u017eio ir sveikatos produktai i\u0161 patikim\u0173 preki\u0173 \u017eenkl\u0173. Atraskite auk\u0161tos kokyb\u0117s kosmetik\u0105 u\u017e puiki\u0105 kain\u0105.\",\"publisher\":{\"@id\":\"https:\\\/\\\/www.malinashop.lt\\\/#organization\"},\"potentialAction\":[{\"@type\":\"SearchAction\",\"target\":{\"@type\":\"EntryPoint\",\"urlTemplate\":\"https:\\\/\\\/www.malinashop.lt\\\/?s={search_term_string}\"},\"query-input\":{\"@type\":\"PropertyValueSpecification\",\"valueRequired\":true,\"valueName\":\"search_term_string\"}}],\"inLanguage\":\"en-GB\"},{\"@type\":\"Organization\",\"@id\":\"https:\\\/\\\/www.malinashop.lt\\\/#organization\",\"name\":\"COM Group Ecommerce\",\"url\":\"https:\\\/\\\/www.malinashop.lt\\\/\",\"logo\":{\"@type\":\"ImageObject\",\"inLanguage\":\"en-GB\",\"@id\":\"https:\\\/\\\/www.malinashop.lt\\\/#\\\/schema\\\/logo\\\/image\\\/\",\"url\":\"https:\\\/\\\/www.malinashop.lt\\\/wp-content\\\/uploads\\\/2024\\\/08\\\/462559670_3787732518133670_9795632669273463_n-e1731525914575.png\",\"contentUrl\":\"https:\\\/\\\/www.malinashop.lt\\\/wp-content\\\/uploads\\\/2024\\\/08\\\/462559670_3787732518133670_9795632669273463_n-e1731525914575.png\",\"width\":180,\"height\":60,\"caption\":\"COM Group Ecommerce\"},\"image\":{\"@id\":\"https:\\\/\\\/www.malinashop.lt\\\/#\\\/schema\\\/logo\\\/image\\\/\"}}]}<\/script>\n<!-- \/ Yoast SEO plugin. -->","yoast_head_json":{"title":"ERRE DUE Little Dark Secrets SHAPE & CONTOUR PALETTE Nr. 401 veido kont\u016bravimo palet\u0117 - MalinaShop.lt J\u016bs\u0173 sveikatai ir gro\u017eiui.","robots":{"index":"index","follow":"follow","max-snippet":"max-snippet:-1","max-image-preview":"max-image-preview:large","max-video-preview":"max-video-preview:-1"},"canonical":"https:\/\/www.malinashop.lt\/en\/shop\/erre-due-little-dark-secrets-shape-contour-palette-nr-401-veido-konturavimo-palete\/","og_locale":"en_GB","og_type":"article","og_title":"ERRE DUE Little Dark Secrets SHAPE & CONTOUR PALETTE Nr. 401 veido kont\u016bravimo palet\u0117 - MalinaShop.lt J\u016bs\u0173 sveikatai ir gro\u017eiui.","og_url":"https:\/\/www.malinashop.lt\/en\/shop\/erre-due-little-dark-secrets-shape-contour-palette-nr-401-veido-konturavimo-palete\/","og_site_name":"MalinaShop.lt J\u016bs\u0173 sveikatai ir gro\u017eiui.","article_modified_time":"2026-02-12T20:23:54+00:00","og_image":[{"width":388,"height":388,"url":"https:\/\/www.malinashop.lt\/wp-content\/uploads\/2024\/11\/erre-duelittle-dark-secrets-shape-contour-palette-nr-401-veido-konturavimo-palete-1.jpg","type":"image\/jpeg"}],"twitter_card":"summary_large_image","schema":{"@context":"https:\/\/schema.org","@graph":[{"@type":"WebPage","@id":"https:\/\/www.malinashop.lt\/lt_lt\/shop\/erre-due-little-dark-secrets-shape-contour-palette-nr-401-veido-konturavimo-palete\/","url":"https:\/\/www.malinashop.lt\/lt_lt\/shop\/erre-due-little-dark-secrets-shape-contour-palette-nr-401-veido-konturavimo-palete\/","name":"ERRE DUE Little Dark Secrets SHAPE & CONTOUR PALETTE Nr. 401 veido kont\u016bravimo palet\u0117 - MalinaShop.lt J\u016bs\u0173 sveikatai ir gro\u017eiui.","isPartOf":{"@id":"https:\/\/www.malinashop.lt\/#website"},"primaryImageOfPage":{"@id":"https:\/\/www.malinashop.lt\/lt_lt\/shop\/erre-due-little-dark-secrets-shape-contour-palette-nr-401-veido-konturavimo-palete\/#primaryimage"},"image":{"@id":"https:\/\/www.malinashop.lt\/lt_lt\/shop\/erre-due-little-dark-secrets-shape-contour-palette-nr-401-veido-konturavimo-palete\/#primaryimage"},"thumbnailUrl":"https:\/\/www.malinashop.lt\/wp-content\/uploads\/2024\/11\/erre-duelittle-dark-secrets-shape-contour-palette-nr-401-veido-konturavimo-palete-1.jpg","datePublished":"2024-11-06T12:53:59+00:00","dateModified":"2026-02-12T20:23:54+00:00","breadcrumb":{"@id":"https:\/\/www.malinashop.lt\/lt_lt\/shop\/erre-due-little-dark-secrets-shape-contour-palette-nr-401-veido-konturavimo-palete\/#breadcrumb"},"inLanguage":"en-GB","potentialAction":[{"@type":"ReadAction","target":["https:\/\/www.malinashop.lt\/lt_lt\/shop\/erre-due-little-dark-secrets-shape-contour-palette-nr-401-veido-konturavimo-palete\/"]}]},{"@type":"ImageObject","inLanguage":"en-GB","@id":"https:\/\/www.malinashop.lt\/lt_lt\/shop\/erre-due-little-dark-secrets-shape-contour-palette-nr-401-veido-konturavimo-palete\/#primaryimage","url":"https:\/\/www.malinashop.lt\/wp-content\/uploads\/2024\/11\/erre-duelittle-dark-secrets-shape-contour-palette-nr-401-veido-konturavimo-palete-1.jpg","contentUrl":"https:\/\/www.malinashop.lt\/wp-content\/uploads\/2024\/11\/erre-duelittle-dark-secrets-shape-contour-palette-nr-401-veido-konturavimo-palete-1.jpg","width":388,"height":388},{"@type":"BreadcrumbList","@id":"https:\/\/www.malinashop.lt\/lt_lt\/shop\/erre-due-little-dark-secrets-shape-contour-palette-nr-401-veido-konturavimo-palete\/#breadcrumb","itemListElement":[{"@type":"ListItem","position":1,"name":"Pagrindinis","item":"https:\/\/www.malinashop.lt\/"},{"@type":"ListItem","position":2,"name":"Parduotuv\u0117","item":"https:\/\/www.malinashop.lt\/en\/parduotuve\/"},{"@type":"ListItem","position":3,"name":"ERRE DUE Little Dark Secrets SHAPE &#038; CONTOUR PALETTE Nr. 401 veido kont\u016bravimo palet\u0117"}]},{"@type":"WebSite","@id":"https:\/\/www.malinashop.lt\/#website","url":"https:\/\/www.malinashop.lt\/","name":"COM Group Ecommerce","description":"MalinaShop.lt - Gro\u017eio ir sveikatos produktai i\u0161 patikim\u0173 preki\u0173 \u017eenkl\u0173. Atraskite auk\u0161tos kokyb\u0117s kosmetik\u0105 u\u017e puiki\u0105 kain\u0105.","publisher":{"@id":"https:\/\/www.malinashop.lt\/#organization"},"potentialAction":[{"@type":"SearchAction","target":{"@type":"EntryPoint","urlTemplate":"https:\/\/www.malinashop.lt\/?s={search_term_string}"},"query-input":{"@type":"PropertyValueSpecification","valueRequired":true,"valueName":"search_term_string"}}],"inLanguage":"en-GB"},{"@type":"Organization","@id":"https:\/\/www.malinashop.lt\/#organization","name":"COM Group Ecommerce","url":"https:\/\/www.malinashop.lt\/","logo":{"@type":"ImageObject","inLanguage":"en-GB","@id":"https:\/\/www.malinashop.lt\/#\/schema\/logo\/image\/","url":"https:\/\/www.malinashop.lt\/wp-content\/uploads\/2024\/08\/462559670_3787732518133670_9795632669273463_n-e1731525914575.png","contentUrl":"https:\/\/www.malinashop.lt\/wp-content\/uploads\/2024\/08\/462559670_3787732518133670_9795632669273463_n-e1731525914575.png","width":180,"height":60,"caption":"COM Group Ecommerce"},"image":{"@id":"https:\/\/www.malinashop.lt\/#\/schema\/logo\/image\/"}}]}},"jetpack_sharing_enabled":true,"_links":{"self":[{"href":"https:\/\/www.malinashop.lt\/en\/wp-json\/wp\/v2\/product\/20494","targetHints":{"allow":["GET"]}}],"collection":[{"href":"https:\/\/www.malinashop.lt\/en\/wp-json\/wp\/v2\/product"}],"about":[{"href":"https:\/\/www.malinashop.lt\/en\/wp-json\/wp\/v2\/types\/product"}],"version-history":[{"count":2,"href":"https:\/\/www.malinashop.lt\/en\/wp-json\/wp\/v2\/product\/20494\/revisions"}],"predecessor-version":[{"id":32679,"href":"https:\/\/www.malinashop.lt\/en\/wp-json\/wp\/v2\/product\/20494\/revisions\/32679"}],"wp:featuredmedia":[{"embeddable":true,"href":"https:\/\/www.malinashop.lt\/en\/wp-json\/wp\/v2\/media\/21122"}],"wp:attachment":[{"href":"https:\/\/www.malinashop.lt\/en\/wp-json\/wp\/v2\/media?parent=20494"}],"wp:term":[{"taxonomy":"product_brand","embeddable":true,"href":"https:\/\/www.malinashop.lt\/en\/wp-json\/wp\/v2\/product_brand?post=20494"},{"taxonomy":"product_cat","embeddable":true,"href":"https:\/\/www.malinashop.lt\/en\/wp-json\/wp\/v2\/product_cat?post=20494"},{"taxonomy":"product_tag","embeddable":true,"href":"https:\/\/www.malinashop.lt\/en\/wp-json\/wp\/v2\/product_tag?post=20494"}],"curies":[{"name":"wp","href":"https:\/\/api.w.org\/{rel}","templated":true}]}}