{"id":20364,"date":"2024-11-06T15:53:44","date_gmt":"2024-11-06T12:53:44","guid":{"rendered":"https:\/\/malinashop.lt\/produktas\/erre-due-amalfi-breeze-shower-gel-duso-gelis-300-ml\/"},"modified":"2026-04-17T12:06:31","modified_gmt":"2026-04-17T09:06:31","slug":"erre-due-amalfi-breeze-shower-gel-duso-gelis-300-ml","status":"publish","type":"product","link":"https:\/\/www.malinashop.lt\/en\/shop\/erre-due-amalfi-breeze-shower-gel-duso-gelis-300-ml\/","title":{"rendered":"ERRE DUE AMALFI BREEZE SHOWER GEL du\u0161o gelis, 300 ml"},"content":{"rendered":"<p>ERRE DUE du\u0161o gelis AMALFI BREEZE SHOWER GEL suteikia odai \u0161velnumo ir \u0161ilkin\u012f poj\u016bt\u012f. Sud\u0117tyje esanti veiklioji med\u017eiaga Hydroviton Plus su hialurono r\u016bg\u0161timi akimirksniu dr\u0117kina od\u0105 ir i\u0161laiko dr\u0117gm\u0119 iki 24 valand\u0173. Gaivus kvapas, \u012fkv\u0117ptas Italijos Rivjeros, susideda i\u0161 citrusini\u0173 vaisi\u0173, bergamot\u0117s, neroli, \u017ealiosios arbatos ir rafinuoto muskuso nat\u0173.<\/p>\n<p>Naudojimas: U\u017epilkite du\u0161o \u017eel\u0117s ant dr\u0117gnos odos, sukurkite putas ir \u0161velniai nuskalaukite.<\/p>\n<p>ERRE DUE du\u0161o gelis AMALFI BREEZE SHOWER GEL tinka vis\u0173 tip\u0173 odai, u\u017etikrindamas \u0161veln\u0173 ir gaiv\u0173 poj\u016bt\u012f po kiekvieno prausimosi.<\/p>\n<p>ERRE DUE yra modernus ir k\u016brybingas prek\u0117s \u017eenklas, nuolat sekantis naujausias mados tendencijas. Jie reguliariai atnaujina ir ple\u010dia savo produkt\u0173 bei spalv\u0173 asortiment\u0105, kad patenkint\u0173 \u012fvairius vartotoj\u0173 poreikius.<\/p>\n<p>ERRE DUE si\u016blo plat\u0173 auk\u0161tos kokyb\u0117s makia\u017eo produkt\u0173 spektr\u0105, pasi\u017eymin\u010di\u0173 prabangiu poj\u016b\u010diu, profesionaliu \u012fvaizd\u017eiu ir puikiu kainos bei kokyb\u0117s santykiu. \u0160io prek\u0117s \u017eenklo kosmetika atitinka grie\u017etus kokyb\u0117s standartus, u\u017etikrindama ideal\u0173 \u012fvaizd\u017eio, nesenstan\u010dios vert\u0117s ir modernios estetikos balans\u0105.<\/p>\n<p>Visi ERRE DUE gaminiai pasi\u017eymi eleganti\u0161ka ir minimalistine pakuote, atspindin\u010dia prek\u0117s \u017eenklo filosofij\u0105 ir dvelkian\u010dia prabanga.<\/p>\n<p>I\u0161bandykite ERRE DUE dekoratyvin\u0119 kosmetik\u0105 ir pajuskite jos nepriekai\u0161ting\u0105 kokyb\u0119 bei ilgalaik\u012f poveik\u012f!<\/p>\n<div class=\"text-tab text-tab-id-10\"><\/div>\n<div class=\"text-tab text-tab-id-11\">\n<p>&nbsp;<\/p>\n<\/div>\n","protected":false},"excerpt":{"rendered":"<p>ERRE DUE du\u0161o gelis AMALFI BREEZE SHOWER GEL suteikia odai \u0161velnumo ir \u0161ilkin\u012f poj\u016bt\u012f. Sud\u0117tyje esanti veiklioji med\u017eiaga Hydroviton Plus su hialurono&hellip;<\/p>\n","protected":false},"featured_media":18716,"template":"","meta":[],"product_brand":[561],"product_cat":[538,731,562],"product_tag":[1157],"class_list":{"0":"post-20364","1":"product","2":"type-product","3":"status-publish","4":"has-post-thumbnail","6":"product_brand-erre-due","7":"product_cat-kuno-prausikliai-duso-geliai","8":"product_cat-kunui","9":"product_cat-sandelio-valymas","10":"product_tag-erre-due","12":"first","13":"outofstock","14":"sale","15":"taxable","16":"shipping-taxable","17":"purchasable","18":"product-type-simple"},"yoast_head":"<!-- This site is optimized with the Yoast SEO plugin v27.4 - https:\/\/yoast.com\/product\/yoast-seo-wordpress\/ -->\n<title>ERRE DUE AMALFI BREEZE SHOWER GEL du\u0161o gelis, 300 ml - MalinaShop.lt J\u016bs\u0173 sveikatai ir gro\u017eiui.<\/title>\n<meta name=\"robots\" content=\"index, follow, max-snippet:-1, max-image-preview:large, max-video-preview:-1\" \/>\n<link rel=\"canonical\" href=\"https:\/\/www.malinashop.lt\/en\/shop\/erre-due-amalfi-breeze-shower-gel-duso-gelis-300-ml\/\" \/>\n<meta property=\"og:locale\" content=\"en_GB\" \/>\n<meta property=\"og:type\" content=\"article\" \/>\n<meta property=\"og:title\" content=\"ERRE DUE AMALFI BREEZE SHOWER GEL du\u0161o gelis, 300 ml - MalinaShop.lt J\u016bs\u0173 sveikatai ir gro\u017eiui.\" \/>\n<meta property=\"og:url\" content=\"https:\/\/www.malinashop.lt\/en\/shop\/erre-due-amalfi-breeze-shower-gel-duso-gelis-300-ml\/\" \/>\n<meta property=\"og:site_name\" content=\"MalinaShop.lt J\u016bs\u0173 sveikatai ir gro\u017eiui.\" \/>\n<meta property=\"article:modified_time\" content=\"2026-04-17T09:06:31+00:00\" \/>\n<meta property=\"og:image\" content=\"https:\/\/www.malinashop.lt\/wp-content\/uploads\/2024\/11\/ERRE-DUE-AMALFI-BREEZE-SHOWER-GEL-duso-gelis-300-ml.jpg\" \/>\n\t<meta property=\"og:image:width\" content=\"990\" \/>\n\t<meta property=\"og:image:height\" content=\"990\" \/>\n\t<meta property=\"og:image:type\" content=\"image\/jpeg\" \/>\n<meta name=\"twitter:card\" content=\"summary_large_image\" \/>\n<script type=\"application\/ld+json\" class=\"yoast-schema-graph\">{\"@context\":\"https:\\\/\\\/schema.org\",\"@graph\":[{\"@type\":\"WebPage\",\"@id\":\"https:\\\/\\\/www.malinashop.lt\\\/lt_lt\\\/shop\\\/erre-due-amalfi-breeze-shower-gel-duso-gelis-300-ml\\\/\",\"url\":\"https:\\\/\\\/www.malinashop.lt\\\/lt_lt\\\/shop\\\/erre-due-amalfi-breeze-shower-gel-duso-gelis-300-ml\\\/\",\"name\":\"ERRE DUE AMALFI BREEZE SHOWER GEL du\u0161o gelis, 300 ml - MalinaShop.lt J\u016bs\u0173 sveikatai ir gro\u017eiui.\",\"isPartOf\":{\"@id\":\"https:\\\/\\\/www.malinashop.lt\\\/#website\"},\"primaryImageOfPage\":{\"@id\":\"https:\\\/\\\/www.malinashop.lt\\\/lt_lt\\\/shop\\\/erre-due-amalfi-breeze-shower-gel-duso-gelis-300-ml\\\/#primaryimage\"},\"image\":{\"@id\":\"https:\\\/\\\/www.malinashop.lt\\\/lt_lt\\\/shop\\\/erre-due-amalfi-breeze-shower-gel-duso-gelis-300-ml\\\/#primaryimage\"},\"thumbnailUrl\":\"https:\\\/\\\/www.malinashop.lt\\\/wp-content\\\/uploads\\\/2024\\\/11\\\/ERRE-DUE-AMALFI-BREEZE-SHOWER-GEL-duso-gelis-300-ml.jpg\",\"datePublished\":\"2024-11-06T12:53:44+00:00\",\"dateModified\":\"2026-04-17T09:06:31+00:00\",\"breadcrumb\":{\"@id\":\"https:\\\/\\\/www.malinashop.lt\\\/lt_lt\\\/shop\\\/erre-due-amalfi-breeze-shower-gel-duso-gelis-300-ml\\\/#breadcrumb\"},\"inLanguage\":\"en-GB\",\"potentialAction\":[{\"@type\":\"ReadAction\",\"target\":[\"https:\\\/\\\/www.malinashop.lt\\\/lt_lt\\\/shop\\\/erre-due-amalfi-breeze-shower-gel-duso-gelis-300-ml\\\/\"]}]},{\"@type\":\"ImageObject\",\"inLanguage\":\"en-GB\",\"@id\":\"https:\\\/\\\/www.malinashop.lt\\\/lt_lt\\\/shop\\\/erre-due-amalfi-breeze-shower-gel-duso-gelis-300-ml\\\/#primaryimage\",\"url\":\"https:\\\/\\\/www.malinashop.lt\\\/wp-content\\\/uploads\\\/2024\\\/11\\\/ERRE-DUE-AMALFI-BREEZE-SHOWER-GEL-duso-gelis-300-ml.jpg\",\"contentUrl\":\"https:\\\/\\\/www.malinashop.lt\\\/wp-content\\\/uploads\\\/2024\\\/11\\\/ERRE-DUE-AMALFI-BREEZE-SHOWER-GEL-duso-gelis-300-ml.jpg\",\"width\":990,\"height\":990},{\"@type\":\"BreadcrumbList\",\"@id\":\"https:\\\/\\\/www.malinashop.lt\\\/lt_lt\\\/shop\\\/erre-due-amalfi-breeze-shower-gel-duso-gelis-300-ml\\\/#breadcrumb\",\"itemListElement\":[{\"@type\":\"ListItem\",\"position\":1,\"name\":\"Pagrindinis\",\"item\":\"https:\\\/\\\/www.malinashop.lt\\\/\"},{\"@type\":\"ListItem\",\"position\":2,\"name\":\"Parduotuv\u0117\",\"item\":\"https:\\\/\\\/www.malinashop.lt\\\/en\\\/parduotuve\\\/\"},{\"@type\":\"ListItem\",\"position\":3,\"name\":\"ERRE DUE AMALFI BREEZE SHOWER GEL du\u0161o gelis, 300 ml\"}]},{\"@type\":\"WebSite\",\"@id\":\"https:\\\/\\\/www.malinashop.lt\\\/#website\",\"url\":\"https:\\\/\\\/www.malinashop.lt\\\/\",\"name\":\"COM Group Ecommerce\",\"description\":\"MalinaShop.lt - Gro\u017eio ir sveikatos produktai i\u0161 patikim\u0173 preki\u0173 \u017eenkl\u0173. Atraskite auk\u0161tos kokyb\u0117s kosmetik\u0105 u\u017e puiki\u0105 kain\u0105.\",\"publisher\":{\"@id\":\"https:\\\/\\\/www.malinashop.lt\\\/#organization\"},\"potentialAction\":[{\"@type\":\"SearchAction\",\"target\":{\"@type\":\"EntryPoint\",\"urlTemplate\":\"https:\\\/\\\/www.malinashop.lt\\\/?s={search_term_string}\"},\"query-input\":{\"@type\":\"PropertyValueSpecification\",\"valueRequired\":true,\"valueName\":\"search_term_string\"}}],\"inLanguage\":\"en-GB\"},{\"@type\":\"Organization\",\"@id\":\"https:\\\/\\\/www.malinashop.lt\\\/#organization\",\"name\":\"COM Group Ecommerce\",\"url\":\"https:\\\/\\\/www.malinashop.lt\\\/\",\"logo\":{\"@type\":\"ImageObject\",\"inLanguage\":\"en-GB\",\"@id\":\"https:\\\/\\\/www.malinashop.lt\\\/#\\\/schema\\\/logo\\\/image\\\/\",\"url\":\"https:\\\/\\\/www.malinashop.lt\\\/wp-content\\\/uploads\\\/2024\\\/08\\\/462559670_3787732518133670_9795632669273463_n-e1731525914575.png\",\"contentUrl\":\"https:\\\/\\\/www.malinashop.lt\\\/wp-content\\\/uploads\\\/2024\\\/08\\\/462559670_3787732518133670_9795632669273463_n-e1731525914575.png\",\"width\":180,\"height\":60,\"caption\":\"COM Group Ecommerce\"},\"image\":{\"@id\":\"https:\\\/\\\/www.malinashop.lt\\\/#\\\/schema\\\/logo\\\/image\\\/\"}}]}<\/script>\n<!-- \/ Yoast SEO plugin. -->","yoast_head_json":{"title":"ERRE DUE AMALFI BREEZE SHOWER GEL du\u0161o gelis, 300 ml - MalinaShop.lt J\u016bs\u0173 sveikatai ir gro\u017eiui.","robots":{"index":"index","follow":"follow","max-snippet":"max-snippet:-1","max-image-preview":"max-image-preview:large","max-video-preview":"max-video-preview:-1"},"canonical":"https:\/\/www.malinashop.lt\/en\/shop\/erre-due-amalfi-breeze-shower-gel-duso-gelis-300-ml\/","og_locale":"en_GB","og_type":"article","og_title":"ERRE DUE AMALFI BREEZE SHOWER GEL du\u0161o gelis, 300 ml - MalinaShop.lt J\u016bs\u0173 sveikatai ir gro\u017eiui.","og_url":"https:\/\/www.malinashop.lt\/en\/shop\/erre-due-amalfi-breeze-shower-gel-duso-gelis-300-ml\/","og_site_name":"MalinaShop.lt J\u016bs\u0173 sveikatai ir gro\u017eiui.","article_modified_time":"2026-04-17T09:06:31+00:00","og_image":[{"width":990,"height":990,"url":"https:\/\/www.malinashop.lt\/wp-content\/uploads\/2024\/11\/ERRE-DUE-AMALFI-BREEZE-SHOWER-GEL-duso-gelis-300-ml.jpg","type":"image\/jpeg"}],"twitter_card":"summary_large_image","schema":{"@context":"https:\/\/schema.org","@graph":[{"@type":"WebPage","@id":"https:\/\/www.malinashop.lt\/lt_lt\/shop\/erre-due-amalfi-breeze-shower-gel-duso-gelis-300-ml\/","url":"https:\/\/www.malinashop.lt\/lt_lt\/shop\/erre-due-amalfi-breeze-shower-gel-duso-gelis-300-ml\/","name":"ERRE DUE AMALFI BREEZE SHOWER GEL du\u0161o gelis, 300 ml - MalinaShop.lt J\u016bs\u0173 sveikatai ir gro\u017eiui.","isPartOf":{"@id":"https:\/\/www.malinashop.lt\/#website"},"primaryImageOfPage":{"@id":"https:\/\/www.malinashop.lt\/lt_lt\/shop\/erre-due-amalfi-breeze-shower-gel-duso-gelis-300-ml\/#primaryimage"},"image":{"@id":"https:\/\/www.malinashop.lt\/lt_lt\/shop\/erre-due-amalfi-breeze-shower-gel-duso-gelis-300-ml\/#primaryimage"},"thumbnailUrl":"https:\/\/www.malinashop.lt\/wp-content\/uploads\/2024\/11\/ERRE-DUE-AMALFI-BREEZE-SHOWER-GEL-duso-gelis-300-ml.jpg","datePublished":"2024-11-06T12:53:44+00:00","dateModified":"2026-04-17T09:06:31+00:00","breadcrumb":{"@id":"https:\/\/www.malinashop.lt\/lt_lt\/shop\/erre-due-amalfi-breeze-shower-gel-duso-gelis-300-ml\/#breadcrumb"},"inLanguage":"en-GB","potentialAction":[{"@type":"ReadAction","target":["https:\/\/www.malinashop.lt\/lt_lt\/shop\/erre-due-amalfi-breeze-shower-gel-duso-gelis-300-ml\/"]}]},{"@type":"ImageObject","inLanguage":"en-GB","@id":"https:\/\/www.malinashop.lt\/lt_lt\/shop\/erre-due-amalfi-breeze-shower-gel-duso-gelis-300-ml\/#primaryimage","url":"https:\/\/www.malinashop.lt\/wp-content\/uploads\/2024\/11\/ERRE-DUE-AMALFI-BREEZE-SHOWER-GEL-duso-gelis-300-ml.jpg","contentUrl":"https:\/\/www.malinashop.lt\/wp-content\/uploads\/2024\/11\/ERRE-DUE-AMALFI-BREEZE-SHOWER-GEL-duso-gelis-300-ml.jpg","width":990,"height":990},{"@type":"BreadcrumbList","@id":"https:\/\/www.malinashop.lt\/lt_lt\/shop\/erre-due-amalfi-breeze-shower-gel-duso-gelis-300-ml\/#breadcrumb","itemListElement":[{"@type":"ListItem","position":1,"name":"Pagrindinis","item":"https:\/\/www.malinashop.lt\/"},{"@type":"ListItem","position":2,"name":"Parduotuv\u0117","item":"https:\/\/www.malinashop.lt\/en\/parduotuve\/"},{"@type":"ListItem","position":3,"name":"ERRE DUE AMALFI BREEZE SHOWER GEL du\u0161o gelis, 300 ml"}]},{"@type":"WebSite","@id":"https:\/\/www.malinashop.lt\/#website","url":"https:\/\/www.malinashop.lt\/","name":"COM Group Ecommerce","description":"MalinaShop.lt - Gro\u017eio ir sveikatos produktai i\u0161 patikim\u0173 preki\u0173 \u017eenkl\u0173. Atraskite auk\u0161tos kokyb\u0117s kosmetik\u0105 u\u017e puiki\u0105 kain\u0105.","publisher":{"@id":"https:\/\/www.malinashop.lt\/#organization"},"potentialAction":[{"@type":"SearchAction","target":{"@type":"EntryPoint","urlTemplate":"https:\/\/www.malinashop.lt\/?s={search_term_string}"},"query-input":{"@type":"PropertyValueSpecification","valueRequired":true,"valueName":"search_term_string"}}],"inLanguage":"en-GB"},{"@type":"Organization","@id":"https:\/\/www.malinashop.lt\/#organization","name":"COM Group Ecommerce","url":"https:\/\/www.malinashop.lt\/","logo":{"@type":"ImageObject","inLanguage":"en-GB","@id":"https:\/\/www.malinashop.lt\/#\/schema\/logo\/image\/","url":"https:\/\/www.malinashop.lt\/wp-content\/uploads\/2024\/08\/462559670_3787732518133670_9795632669273463_n-e1731525914575.png","contentUrl":"https:\/\/www.malinashop.lt\/wp-content\/uploads\/2024\/08\/462559670_3787732518133670_9795632669273463_n-e1731525914575.png","width":180,"height":60,"caption":"COM Group Ecommerce"},"image":{"@id":"https:\/\/www.malinashop.lt\/#\/schema\/logo\/image\/"}}]}},"jetpack_sharing_enabled":true,"_links":{"self":[{"href":"https:\/\/www.malinashop.lt\/en\/wp-json\/wp\/v2\/product\/20364","targetHints":{"allow":["GET"]}}],"collection":[{"href":"https:\/\/www.malinashop.lt\/en\/wp-json\/wp\/v2\/product"}],"about":[{"href":"https:\/\/www.malinashop.lt\/en\/wp-json\/wp\/v2\/types\/product"}],"version-history":[{"count":2,"href":"https:\/\/www.malinashop.lt\/en\/wp-json\/wp\/v2\/product\/20364\/revisions"}],"predecessor-version":[{"id":76637,"href":"https:\/\/www.malinashop.lt\/en\/wp-json\/wp\/v2\/product\/20364\/revisions\/76637"}],"wp:featuredmedia":[{"embeddable":true,"href":"https:\/\/www.malinashop.lt\/en\/wp-json\/wp\/v2\/media\/18716"}],"wp:attachment":[{"href":"https:\/\/www.malinashop.lt\/en\/wp-json\/wp\/v2\/media?parent=20364"}],"wp:term":[{"taxonomy":"product_brand","embeddable":true,"href":"https:\/\/www.malinashop.lt\/en\/wp-json\/wp\/v2\/product_brand?post=20364"},{"taxonomy":"product_cat","embeddable":true,"href":"https:\/\/www.malinashop.lt\/en\/wp-json\/wp\/v2\/product_cat?post=20364"},{"taxonomy":"product_tag","embeddable":true,"href":"https:\/\/www.malinashop.lt\/en\/wp-json\/wp\/v2\/product_tag?post=20364"}],"curies":[{"name":"wp","href":"https:\/\/api.w.org\/{rel}","templated":true}]}}