{"id":20300,"date":"2024-11-06T15:53:39","date_gmt":"2024-11-06T12:53:39","guid":{"rendered":"https:\/\/malinashop.lt\/produktas\/erre-due-blending-brush-es-05-sepetelis-retusavimui\/"},"modified":"2026-02-12T23:18:55","modified_gmt":"2026-02-12T20:18:55","slug":"erre-due-blending-brush-es-05-sepetelis-retusavimui","status":"publish","type":"product","link":"https:\/\/www.malinashop.lt\/en\/shop\/erre-due-blending-brush-es-05-sepetelis-retusavimui\/","title":{"rendered":"ERRE DUE BLENDING BRUSH ES\/05 \u0161epet\u0117lis retu\u0161avimui"},"content":{"rendered":"<p><strong>ERRE DUE Retu\u0161avimo \u0160epet\u0117lis BLENDING BRUSH ES\/05<\/strong><\/p>\n<p>ERRE DUE pristato retu\u0161avimo \u0161epet\u0117l\u012f BLENDING BRUSH ES\/05, pagamint\u0105 i\u0161 auk\u0161tos kokyb\u0117s nat\u016brali\u0173 \u0161ereli\u0173. \u0160is \u0161epet\u0117lis puikiai tinka produkt\u0173 pertekliaus pa\u0161alinimui ir spalv\u0173 ry\u0161kinimui, suteikdamas akims ai\u0161k\u0173 pereinan\u010di\u0173 spalv\u0173 efekt\u0105.<\/p>\n<p><strong>Tobulas Retu\u0161avimo \u012erankis<\/strong><\/p>\n<p>ERRE DUE retu\u0161avimo \u0161epet\u0117lis BLENDING BRUSH ES\/05 yra idealus \u012frankis siekiant nepriekai\u0161tingo makia\u017eo. Auk\u0161tos kokyb\u0117s nat\u016bral\u016bs \u0161ereliai u\u017etikrina, kad produktai b\u016bt\u0173 tolygiai paskirstyti, o akys atrodyt\u0173 ry\u0161kios ir i\u0161rai\u0161kingos.<\/p>\n<p><strong>Modernus ir K\u016brybingas Prek\u0117s \u017denklas<\/strong><\/p>\n<p>ERRE DUE yra inovatyvus ir k\u016brybingas prek\u0117s \u017eenklas, kuris nuolat seka naujausias mados tendencijas ir reguliariai atnaujina bei ple\u010dia savo produkt\u0173 ir spalv\u0173 asortiment\u0105. J\u0173 makia\u017eo priemon\u0117s pasi\u017eymi auk\u0161ta kokybe, prabangiu poj\u016b\u010diu ir puikiu kainos bei kokyb\u0117s santykiu.<\/p>\n<p><strong>Auk\u0161ti Kokyb\u0117s Standartai<\/strong><\/p>\n<p>ERRE DUE kosmetika atitinka grie\u017etus kokyb\u0117s standartus, u\u017etikrindama ideal\u0173 \u012fvaizd\u017eio, nesenstan\u010dios vert\u0117s ir modernios estetikos balans\u0105. Visi gaminiai yra sukurti taip, kad atspind\u0117t\u0173 prek\u0117s \u017eenklo filosofij\u0105 ir dvelkt\u0173 prabanga. Minimalistin\u0117 pakuot\u0117 pabr\u0117\u017eia j\u0173 i\u0161skirtinum\u0105 ir patrauklum\u0105.<\/p>\n<p><strong>Patirkite Patys<\/strong><\/p>\n<p>I\u0161bandykite ERRE DUE retu\u0161avimo \u0161epet\u0117l\u012f BLENDING BRUSH ES\/05 ir patys \u012fsitikinkite \u0161ios dekoratyvin\u0117s kosmetikos kokybe bei ilgaam\u017ei\u0161kumu. Pajuskite, kaip \u0161is \u0161epet\u0117lis gali pagerinti j\u016bs\u0173 kasdien\u012f makia\u017eo ritual\u0105 ir suteikti j\u016bs\u0173 akims nepriekai\u0161ting\u0105 i\u0161vaizd\u0105 kiekvien\u0105 dien\u0105.<\/p>\n<div class=\"text-tab text-tab-id-10\">\n<p>Siuntas i\u0161siun\u010diame antradieniais ir ketvirtadieniais. Jei d\u0117l koki\u0173 nors prie\u017eas\u010di\u0173 siunta negali b\u016bti i\u0161si\u0173sta \u0161iomis dienomis ir ji yra perkeliama \u012f kit\u0105 dien\u0105, apie tai informuosime jus svetain\u0117je arba el. pa\u0161tu.<\/p>\n<p>\u201eJei turite klausim\u0173, pra\u0161ome susisiekti el. pa\u0161tu info@malinashop.lt arba telefonu +37065444002 darbo dienomis nuo 10:00 iki 16:00 val.\u201c<\/p>\n<\/div>\n<div class=\"text-tab text-tab-id-11\">\n<p>Perkant u\u017e daugiau nei 50\u20ac &#8211; pristatymas nemokamas.<\/p>\n<p>Pristatymas \u012f LPexpress pa\u0161tomat\u0105\u00a0(visoje Lietuvoje, i\u0161skyrus Kur\u0161i\u0173 Nerij\u0105).<\/p>\n<\/div>\n","protected":false},"excerpt":{"rendered":"<p>ERRE DUE Retu\u0161avimo \u0160epet\u0117lis BLENDING BRUSH ES\/05 ERRE DUE pristato retu\u0161avimo \u0161epet\u0117l\u012f BLENDING BRUSH ES\/05, pagamint\u0105 i\u0161 auk\u0161tos kokyb\u0117s nat\u016brali\u0173 \u0161ereli\u0173. \u0160is&hellip;<\/p>\n","protected":false},"featured_media":21103,"template":"","meta":[],"product_brand":[561],"product_cat":[795,728],"product_tag":[1157],"class_list":{"0":"post-20300","1":"product","2":"type-product","3":"status-publish","4":"has-post-thumbnail","6":"product_brand-erre-due","7":"product_cat-makiazo-sepeteliai","8":"product_cat-veidui","9":"product_tag-erre-due","11":"first","12":"instock","13":"sale","14":"taxable","15":"shipping-taxable","16":"purchasable","17":"product-type-simple"},"yoast_head":"<!-- This site is optimized with the Yoast SEO plugin v27.4 - https:\/\/yoast.com\/product\/yoast-seo-wordpress\/ -->\n<title>ERRE DUE BLENDING BRUSH ES\/05 \u0161epet\u0117lis retu\u0161avimui - MalinaShop.lt J\u016bs\u0173 sveikatai ir gro\u017eiui.<\/title>\n<meta name=\"robots\" content=\"index, follow, max-snippet:-1, max-image-preview:large, max-video-preview:-1\" \/>\n<link rel=\"canonical\" href=\"https:\/\/www.malinashop.lt\/en\/shop\/erre-due-blending-brush-es-05-sepetelis-retusavimui\/\" \/>\n<meta property=\"og:locale\" content=\"en_GB\" \/>\n<meta property=\"og:type\" content=\"article\" \/>\n<meta property=\"og:title\" content=\"ERRE DUE BLENDING BRUSH ES\/05 \u0161epet\u0117lis retu\u0161avimui - MalinaShop.lt J\u016bs\u0173 sveikatai ir gro\u017eiui.\" \/>\n<meta property=\"og:url\" content=\"https:\/\/www.malinashop.lt\/en\/shop\/erre-due-blending-brush-es-05-sepetelis-retusavimui\/\" \/>\n<meta property=\"og:site_name\" content=\"MalinaShop.lt J\u016bs\u0173 sveikatai ir gro\u017eiui.\" \/>\n<meta property=\"article:modified_time\" content=\"2026-02-12T20:18:55+00:00\" \/>\n<meta property=\"og:image\" content=\"https:\/\/www.malinashop.lt\/wp-content\/uploads\/2024\/11\/erre-due-blending-brush-es05-sepetelis-retusavimui-1.jpg\" \/>\n\t<meta property=\"og:image:width\" content=\"388\" \/>\n\t<meta property=\"og:image:height\" content=\"388\" \/>\n\t<meta property=\"og:image:type\" content=\"image\/jpeg\" \/>\n<meta name=\"twitter:card\" content=\"summary_large_image\" \/>\n<script type=\"application\/ld+json\" class=\"yoast-schema-graph\">{\"@context\":\"https:\\\/\\\/schema.org\",\"@graph\":[{\"@type\":\"WebPage\",\"@id\":\"https:\\\/\\\/www.malinashop.lt\\\/shop\\\/erre-due-blending-brush-es-05-sepetelis-retusavimui\\\/\",\"url\":\"https:\\\/\\\/www.malinashop.lt\\\/shop\\\/erre-due-blending-brush-es-05-sepetelis-retusavimui\\\/\",\"name\":\"ERRE DUE BLENDING BRUSH ES\\\/05 \u0161epet\u0117lis retu\u0161avimui - MalinaShop.lt J\u016bs\u0173 sveikatai ir gro\u017eiui.\",\"isPartOf\":{\"@id\":\"https:\\\/\\\/www.malinashop.lt\\\/#website\"},\"primaryImageOfPage\":{\"@id\":\"https:\\\/\\\/www.malinashop.lt\\\/shop\\\/erre-due-blending-brush-es-05-sepetelis-retusavimui\\\/#primaryimage\"},\"image\":{\"@id\":\"https:\\\/\\\/www.malinashop.lt\\\/shop\\\/erre-due-blending-brush-es-05-sepetelis-retusavimui\\\/#primaryimage\"},\"thumbnailUrl\":\"https:\\\/\\\/www.malinashop.lt\\\/wp-content\\\/uploads\\\/2024\\\/11\\\/erre-due-blending-brush-es05-sepetelis-retusavimui-1.jpg\",\"datePublished\":\"2024-11-06T12:53:39+00:00\",\"dateModified\":\"2026-02-12T20:18:55+00:00\",\"breadcrumb\":{\"@id\":\"https:\\\/\\\/www.malinashop.lt\\\/shop\\\/erre-due-blending-brush-es-05-sepetelis-retusavimui\\\/#breadcrumb\"},\"inLanguage\":\"en-GB\",\"potentialAction\":[{\"@type\":\"ReadAction\",\"target\":[\"https:\\\/\\\/www.malinashop.lt\\\/shop\\\/erre-due-blending-brush-es-05-sepetelis-retusavimui\\\/\"]}]},{\"@type\":\"ImageObject\",\"inLanguage\":\"en-GB\",\"@id\":\"https:\\\/\\\/www.malinashop.lt\\\/shop\\\/erre-due-blending-brush-es-05-sepetelis-retusavimui\\\/#primaryimage\",\"url\":\"https:\\\/\\\/www.malinashop.lt\\\/wp-content\\\/uploads\\\/2024\\\/11\\\/erre-due-blending-brush-es05-sepetelis-retusavimui-1.jpg\",\"contentUrl\":\"https:\\\/\\\/www.malinashop.lt\\\/wp-content\\\/uploads\\\/2024\\\/11\\\/erre-due-blending-brush-es05-sepetelis-retusavimui-1.jpg\",\"width\":388,\"height\":388},{\"@type\":\"BreadcrumbList\",\"@id\":\"https:\\\/\\\/www.malinashop.lt\\\/shop\\\/erre-due-blending-brush-es-05-sepetelis-retusavimui\\\/#breadcrumb\",\"itemListElement\":[{\"@type\":\"ListItem\",\"position\":1,\"name\":\"Pagrindinis\",\"item\":\"https:\\\/\\\/www.malinashop.lt\\\/\"},{\"@type\":\"ListItem\",\"position\":2,\"name\":\"Parduotuv\u0117\",\"item\":\"https:\\\/\\\/www.malinashop.lt\\\/en\\\/parduotuve\\\/\"},{\"@type\":\"ListItem\",\"position\":3,\"name\":\"ERRE DUE BLENDING BRUSH ES\\\/05 \u0161epet\u0117lis retu\u0161avimui\"}]},{\"@type\":\"WebSite\",\"@id\":\"https:\\\/\\\/www.malinashop.lt\\\/#website\",\"url\":\"https:\\\/\\\/www.malinashop.lt\\\/\",\"name\":\"COM Group Ecommerce\",\"description\":\"MalinaShop.lt - Gro\u017eio ir sveikatos produktai i\u0161 patikim\u0173 preki\u0173 \u017eenkl\u0173. Atraskite auk\u0161tos kokyb\u0117s kosmetik\u0105 u\u017e puiki\u0105 kain\u0105.\",\"publisher\":{\"@id\":\"https:\\\/\\\/www.malinashop.lt\\\/#organization\"},\"potentialAction\":[{\"@type\":\"SearchAction\",\"target\":{\"@type\":\"EntryPoint\",\"urlTemplate\":\"https:\\\/\\\/www.malinashop.lt\\\/?s={search_term_string}\"},\"query-input\":{\"@type\":\"PropertyValueSpecification\",\"valueRequired\":true,\"valueName\":\"search_term_string\"}}],\"inLanguage\":\"en-GB\"},{\"@type\":\"Organization\",\"@id\":\"https:\\\/\\\/www.malinashop.lt\\\/#organization\",\"name\":\"COM Group Ecommerce\",\"url\":\"https:\\\/\\\/www.malinashop.lt\\\/\",\"logo\":{\"@type\":\"ImageObject\",\"inLanguage\":\"en-GB\",\"@id\":\"https:\\\/\\\/www.malinashop.lt\\\/#\\\/schema\\\/logo\\\/image\\\/\",\"url\":\"https:\\\/\\\/www.malinashop.lt\\\/wp-content\\\/uploads\\\/2024\\\/08\\\/462559670_3787732518133670_9795632669273463_n-e1731525914575.png\",\"contentUrl\":\"https:\\\/\\\/www.malinashop.lt\\\/wp-content\\\/uploads\\\/2024\\\/08\\\/462559670_3787732518133670_9795632669273463_n-e1731525914575.png\",\"width\":180,\"height\":60,\"caption\":\"COM Group Ecommerce\"},\"image\":{\"@id\":\"https:\\\/\\\/www.malinashop.lt\\\/#\\\/schema\\\/logo\\\/image\\\/\"}}]}<\/script>\n<!-- \/ Yoast SEO plugin. -->","yoast_head_json":{"title":"ERRE DUE BLENDING BRUSH ES\/05 \u0161epet\u0117lis retu\u0161avimui - MalinaShop.lt J\u016bs\u0173 sveikatai ir gro\u017eiui.","robots":{"index":"index","follow":"follow","max-snippet":"max-snippet:-1","max-image-preview":"max-image-preview:large","max-video-preview":"max-video-preview:-1"},"canonical":"https:\/\/www.malinashop.lt\/en\/shop\/erre-due-blending-brush-es-05-sepetelis-retusavimui\/","og_locale":"en_GB","og_type":"article","og_title":"ERRE DUE BLENDING BRUSH ES\/05 \u0161epet\u0117lis retu\u0161avimui - MalinaShop.lt J\u016bs\u0173 sveikatai ir gro\u017eiui.","og_url":"https:\/\/www.malinashop.lt\/en\/shop\/erre-due-blending-brush-es-05-sepetelis-retusavimui\/","og_site_name":"MalinaShop.lt J\u016bs\u0173 sveikatai ir gro\u017eiui.","article_modified_time":"2026-02-12T20:18:55+00:00","og_image":[{"width":388,"height":388,"url":"https:\/\/www.malinashop.lt\/wp-content\/uploads\/2024\/11\/erre-due-blending-brush-es05-sepetelis-retusavimui-1.jpg","type":"image\/jpeg"}],"twitter_card":"summary_large_image","schema":{"@context":"https:\/\/schema.org","@graph":[{"@type":"WebPage","@id":"https:\/\/www.malinashop.lt\/shop\/erre-due-blending-brush-es-05-sepetelis-retusavimui\/","url":"https:\/\/www.malinashop.lt\/shop\/erre-due-blending-brush-es-05-sepetelis-retusavimui\/","name":"ERRE DUE BLENDING BRUSH ES\/05 \u0161epet\u0117lis retu\u0161avimui - MalinaShop.lt J\u016bs\u0173 sveikatai ir gro\u017eiui.","isPartOf":{"@id":"https:\/\/www.malinashop.lt\/#website"},"primaryImageOfPage":{"@id":"https:\/\/www.malinashop.lt\/shop\/erre-due-blending-brush-es-05-sepetelis-retusavimui\/#primaryimage"},"image":{"@id":"https:\/\/www.malinashop.lt\/shop\/erre-due-blending-brush-es-05-sepetelis-retusavimui\/#primaryimage"},"thumbnailUrl":"https:\/\/www.malinashop.lt\/wp-content\/uploads\/2024\/11\/erre-due-blending-brush-es05-sepetelis-retusavimui-1.jpg","datePublished":"2024-11-06T12:53:39+00:00","dateModified":"2026-02-12T20:18:55+00:00","breadcrumb":{"@id":"https:\/\/www.malinashop.lt\/shop\/erre-due-blending-brush-es-05-sepetelis-retusavimui\/#breadcrumb"},"inLanguage":"en-GB","potentialAction":[{"@type":"ReadAction","target":["https:\/\/www.malinashop.lt\/shop\/erre-due-blending-brush-es-05-sepetelis-retusavimui\/"]}]},{"@type":"ImageObject","inLanguage":"en-GB","@id":"https:\/\/www.malinashop.lt\/shop\/erre-due-blending-brush-es-05-sepetelis-retusavimui\/#primaryimage","url":"https:\/\/www.malinashop.lt\/wp-content\/uploads\/2024\/11\/erre-due-blending-brush-es05-sepetelis-retusavimui-1.jpg","contentUrl":"https:\/\/www.malinashop.lt\/wp-content\/uploads\/2024\/11\/erre-due-blending-brush-es05-sepetelis-retusavimui-1.jpg","width":388,"height":388},{"@type":"BreadcrumbList","@id":"https:\/\/www.malinashop.lt\/shop\/erre-due-blending-brush-es-05-sepetelis-retusavimui\/#breadcrumb","itemListElement":[{"@type":"ListItem","position":1,"name":"Pagrindinis","item":"https:\/\/www.malinashop.lt\/"},{"@type":"ListItem","position":2,"name":"Parduotuv\u0117","item":"https:\/\/www.malinashop.lt\/en\/parduotuve\/"},{"@type":"ListItem","position":3,"name":"ERRE DUE BLENDING BRUSH ES\/05 \u0161epet\u0117lis retu\u0161avimui"}]},{"@type":"WebSite","@id":"https:\/\/www.malinashop.lt\/#website","url":"https:\/\/www.malinashop.lt\/","name":"COM Group Ecommerce","description":"MalinaShop.lt - Gro\u017eio ir sveikatos produktai i\u0161 patikim\u0173 preki\u0173 \u017eenkl\u0173. Atraskite auk\u0161tos kokyb\u0117s kosmetik\u0105 u\u017e puiki\u0105 kain\u0105.","publisher":{"@id":"https:\/\/www.malinashop.lt\/#organization"},"potentialAction":[{"@type":"SearchAction","target":{"@type":"EntryPoint","urlTemplate":"https:\/\/www.malinashop.lt\/?s={search_term_string}"},"query-input":{"@type":"PropertyValueSpecification","valueRequired":true,"valueName":"search_term_string"}}],"inLanguage":"en-GB"},{"@type":"Organization","@id":"https:\/\/www.malinashop.lt\/#organization","name":"COM Group Ecommerce","url":"https:\/\/www.malinashop.lt\/","logo":{"@type":"ImageObject","inLanguage":"en-GB","@id":"https:\/\/www.malinashop.lt\/#\/schema\/logo\/image\/","url":"https:\/\/www.malinashop.lt\/wp-content\/uploads\/2024\/08\/462559670_3787732518133670_9795632669273463_n-e1731525914575.png","contentUrl":"https:\/\/www.malinashop.lt\/wp-content\/uploads\/2024\/08\/462559670_3787732518133670_9795632669273463_n-e1731525914575.png","width":180,"height":60,"caption":"COM Group Ecommerce"},"image":{"@id":"https:\/\/www.malinashop.lt\/#\/schema\/logo\/image\/"}}]}},"jetpack_sharing_enabled":true,"_links":{"self":[{"href":"https:\/\/www.malinashop.lt\/en\/wp-json\/wp\/v2\/product\/20300","targetHints":{"allow":["GET"]}}],"collection":[{"href":"https:\/\/www.malinashop.lt\/en\/wp-json\/wp\/v2\/product"}],"about":[{"href":"https:\/\/www.malinashop.lt\/en\/wp-json\/wp\/v2\/types\/product"}],"version-history":[{"count":1,"href":"https:\/\/www.malinashop.lt\/en\/wp-json\/wp\/v2\/product\/20300\/revisions"}],"predecessor-version":[{"id":33000,"href":"https:\/\/www.malinashop.lt\/en\/wp-json\/wp\/v2\/product\/20300\/revisions\/33000"}],"wp:featuredmedia":[{"embeddable":true,"href":"https:\/\/www.malinashop.lt\/en\/wp-json\/wp\/v2\/media\/21103"}],"wp:attachment":[{"href":"https:\/\/www.malinashop.lt\/en\/wp-json\/wp\/v2\/media?parent=20300"}],"wp:term":[{"taxonomy":"product_brand","embeddable":true,"href":"https:\/\/www.malinashop.lt\/en\/wp-json\/wp\/v2\/product_brand?post=20300"},{"taxonomy":"product_cat","embeddable":true,"href":"https:\/\/www.malinashop.lt\/en\/wp-json\/wp\/v2\/product_cat?post=20300"},{"taxonomy":"product_tag","embeddable":true,"href":"https:\/\/www.malinashop.lt\/en\/wp-json\/wp\/v2\/product_tag?post=20300"}],"curies":[{"name":"wp","href":"https:\/\/api.w.org\/{rel}","templated":true}]}}