{"id":20270,"date":"2024-11-06T15:53:35","date_gmt":"2024-11-06T12:53:35","guid":{"rendered":"https:\/\/malinashop.lt\/produktas\/numee-glow-up-wipe-away-vandeniui-atsparaus-makiazo-valiklis-125ml\/"},"modified":"2026-03-18T12:34:29","modified_gmt":"2026-03-18T09:34:29","slug":"numee-glow-up-wipe-away-vandeniui-atsparaus-makiazo-valiklis-125ml","status":"publish","type":"product","link":"https:\/\/www.malinashop.lt\/en\/shop\/numee-glow-up-wipe-away-vandeniui-atsparaus-makiazo-valiklis-125ml\/","title":{"rendered":"NUMEE GLOW UP WIPE AWAY vandeniui atsparaus makia\u017eo valiklis, 125ml"},"content":{"rendered":"<p>NUMEE Vandeniui Atsparaus Aki\u0173 Makia\u017eo Valiklis GLOW UP WIPE AWAY<\/p>\n<p>Atraskite NUMEE vandeniui atsparaus aki\u0173 makia\u017eo valikl\u012f GLOW UP WIPE AWAY \u2013 specialiai sukurt\u0105 lengvai pa\u0161alinti bet kok\u012f makia\u017e\u0105, \u012fskaitant vandeniui atspar\u0173, be papildom\u0173 pastang\u0173 ar odos trynimo.<\/p>\n<p>Aktyvios Sudedamosios Dalys<\/p>\n<p>Poloksameras: \u0161velniai veikia od\u0105 ir akis, efektyviai valo. Da\u017enai naudojamas kontaktini\u0173 l\u0119\u0161i\u0173 tirpaluose d\u0117l savo \u0161velnumo.<br \/>\nIzoheksadekanas: tirpiklis, kuris efektyviai pa\u0161alina visus makia\u017eo p\u0117dsakus, paliekant od\u0105 neriebi\u0105 ir \u0161ilkin\u0119.<br \/>\nProdukto Ypatumai<\/p>\n<p>NUMEE GLOW UP WIPE AWAY makia\u017eo valiklis nuvalo vis\u0105 makia\u017e\u0105, \u012fskaitant vandeniui atspar\u0173 tu\u0161\u0105, nesausindamas jautrios paaki\u0173 srities. Tai itin efektyvus produktas, kurio nereikia trinti. Jis nepalieka riebal\u0173 sluoksnio ir yra \u0161velnus akims. Micel\u0117s veikia kaip magnetas, sulaikydamos liku\u010dius, makia\u017e\u0105 ir ne\u0161varumus, nereikalaudamos intensyvaus trynimo.<\/p>\n<p>Naudojimo Instrukcijos<\/p>\n<p>Prie\u0161 naudojant suplakite, kad suaktyvintum\u0117te dvifaz\u0119 formul\u0119. Sudr\u0117kinkite vatos diskel\u012f valikliu, pad\u0117kite j\u012f ant u\u017emerkt\u0173 aki\u0173 kelioms sekund\u0117ms ir leiskite makia\u017eui i\u0161tirpti. Tada \u0161velniai nuvalykite vokus ir blakstienas. \u0160\u012f valikl\u012f taip pat galima naudoti viso veido valymui.<\/p>\n<p>Nat\u016bral\u016bs ir Veganams Tinkantys Ingredientai<\/p>\n<p>88% ingredient\u0173 yra nat\u016bralios kilm\u0117s.<br \/>\nTinka veganams.<br \/>\nPagaminta Ispanijoje.<br \/>\nNumee Prek\u0117s \u017denklas<\/p>\n<p>Numee prek\u0117s \u017eenklas buvo sukurtas po daugiau nei 20 met\u0173 paie\u0161k\u0173 ir k\u016brimo proceso. J\u0173 produkt\u0173 filosofija grind\u017eiama saugumu, efektyvumu, inovatyvumu ir prieinama kaina. Numee tikslas \u2013 nat\u016bralus ir \u201e\u0161velnus\u201c gro\u017eis, kuris tikrai veikia. Jie si\u016blo odos prie\u017ei\u016bros sprendimus, kurie yra malon\u016bs tiek J\u016bs\u0173 odai, tiek planetai. Tai produktai, kuriuos tikrai malonu naudoti!<\/p>\n<p>I\u0161bandykite NUMEE GLOW UP WIPE AWAY<\/p>\n<p>I\u0161bandykite ir patys \u012fsitikinkite \u0161io dekoratyvin\u0117s kosmetikos valiklio kokybe bei efektyvumu!<\/p>\n<div class=\"text-tab text-tab-id-10\">\n<p>Siuntas i\u0161siun\u010diame antradieniais ir ketvirtadieniais. Jei d\u0117l koki\u0173 nors prie\u017eas\u010di\u0173 siunta negali b\u016bti i\u0161si\u0173sta \u0161iomis dienomis ir ji yra perkeliama \u012f kit\u0105 dien\u0105, apie tai informuosime jus svetain\u0117je arba el. pa\u0161tu.<\/p>\n<p>\u201eJei turite klausim\u0173, pra\u0161ome susisiekti el. pa\u0161tu info@malinashop.lt arba telefonu +37065444002 darbo dienomis nuo 10:00 iki 16:00 val.\u201c<\/p>\n<\/div>\n<div class=\"text-tab text-tab-id-11\">\n<p>Perkant u\u017e daugiau nei 50\u20ac &#8211; pristatymas nemokamas.<\/p>\n<p>Pristatymas \u012f LPexpress pa\u0161tomat\u0105\u00a0(visoje Lietuvoje, i\u0161skyrus Kur\u0161i\u0173 Nerij\u0105).<\/p>\n<\/div>\n","protected":false},"excerpt":{"rendered":"<p>NUMEE Vandeniui Atsparaus Aki\u0173 Makia\u017eo Valiklis GLOW UP WIPE AWAY Atraskite NUMEE vandeniui atsparaus aki\u0173 makia\u017eo valikl\u012f GLOW UP WIPE AWAY \u2013&hellip;<\/p>\n","protected":false},"featured_media":18180,"template":"","meta":[],"product_brand":[548],"product_cat":[537,728],"product_tag":[1635],"class_list":{"0":"post-20270","1":"product","2":"type-product","3":"status-publish","4":"has-post-thumbnail","6":"product_brand-numee","7":"product_cat-veido-valymo-priemones","8":"product_cat-veidui","9":"product_tag-numee","11":"first","12":"outofstock","13":"sale","14":"taxable","15":"shipping-taxable","16":"purchasable","17":"product-type-simple"},"yoast_head":"<!-- This site is optimized with the Yoast SEO plugin v27.4 - https:\/\/yoast.com\/product\/yoast-seo-wordpress\/ -->\n<title>NUMEE GLOW UP WIPE AWAY vandeniui atsparaus makia\u017eo valiklis, 125ml - MalinaShop.lt J\u016bs\u0173 sveikatai ir gro\u017eiui.<\/title>\n<meta name=\"robots\" content=\"index, follow, max-snippet:-1, max-image-preview:large, max-video-preview:-1\" \/>\n<link rel=\"canonical\" href=\"https:\/\/www.malinashop.lt\/en\/shop\/numee-glow-up-wipe-away-vandeniui-atsparaus-makiazo-valiklis-125ml\/\" \/>\n<meta property=\"og:locale\" content=\"en_GB\" \/>\n<meta property=\"og:type\" content=\"article\" \/>\n<meta property=\"og:title\" content=\"NUMEE GLOW UP WIPE AWAY vandeniui atsparaus makia\u017eo valiklis, 125ml - MalinaShop.lt J\u016bs\u0173 sveikatai ir gro\u017eiui.\" \/>\n<meta property=\"og:url\" content=\"https:\/\/www.malinashop.lt\/en\/shop\/numee-glow-up-wipe-away-vandeniui-atsparaus-makiazo-valiklis-125ml\/\" \/>\n<meta property=\"og:site_name\" content=\"MalinaShop.lt J\u016bs\u0173 sveikatai ir gro\u017eiui.\" \/>\n<meta property=\"article:modified_time\" content=\"2026-03-18T09:34:29+00:00\" \/>\n<meta property=\"og:image\" content=\"https:\/\/www.malinashop.lt\/wp-content\/uploads\/2024\/11\/NUMEE-GLOW-UP-WIPE-AWAY-vandeniui-atsparaus-makiazo-valiklis-125ml.jpg\" \/>\n\t<meta property=\"og:image:width\" content=\"768\" \/>\n\t<meta property=\"og:image:height\" content=\"768\" \/>\n\t<meta property=\"og:image:type\" content=\"image\/jpeg\" \/>\n<meta name=\"twitter:card\" content=\"summary_large_image\" \/>\n<script type=\"application\/ld+json\" class=\"yoast-schema-graph\">{\"@context\":\"https:\\\/\\\/schema.org\",\"@graph\":[{\"@type\":\"WebPage\",\"@id\":\"https:\\\/\\\/www.malinashop.lt\\\/en\\\/shop\\\/numee-glow-up-wipe-away-vandeniui-atsparaus-makiazo-valiklis-125ml\\\/\",\"url\":\"https:\\\/\\\/www.malinashop.lt\\\/en\\\/shop\\\/numee-glow-up-wipe-away-vandeniui-atsparaus-makiazo-valiklis-125ml\\\/\",\"name\":\"NUMEE GLOW UP WIPE AWAY vandeniui atsparaus makia\u017eo valiklis, 125ml - MalinaShop.lt J\u016bs\u0173 sveikatai ir gro\u017eiui.\",\"isPartOf\":{\"@id\":\"https:\\\/\\\/www.malinashop.lt\\\/#website\"},\"primaryImageOfPage\":{\"@id\":\"https:\\\/\\\/www.malinashop.lt\\\/en\\\/shop\\\/numee-glow-up-wipe-away-vandeniui-atsparaus-makiazo-valiklis-125ml\\\/#primaryimage\"},\"image\":{\"@id\":\"https:\\\/\\\/www.malinashop.lt\\\/en\\\/shop\\\/numee-glow-up-wipe-away-vandeniui-atsparaus-makiazo-valiklis-125ml\\\/#primaryimage\"},\"thumbnailUrl\":\"https:\\\/\\\/www.malinashop.lt\\\/wp-content\\\/uploads\\\/2024\\\/11\\\/NUMEE-GLOW-UP-WIPE-AWAY-vandeniui-atsparaus-makiazo-valiklis-125ml.jpg\",\"datePublished\":\"2024-11-06T12:53:35+00:00\",\"dateModified\":\"2026-03-18T09:34:29+00:00\",\"breadcrumb\":{\"@id\":\"https:\\\/\\\/www.malinashop.lt\\\/en\\\/shop\\\/numee-glow-up-wipe-away-vandeniui-atsparaus-makiazo-valiklis-125ml\\\/#breadcrumb\"},\"inLanguage\":\"en-GB\",\"potentialAction\":[{\"@type\":\"ReadAction\",\"target\":[\"https:\\\/\\\/www.malinashop.lt\\\/en\\\/shop\\\/numee-glow-up-wipe-away-vandeniui-atsparaus-makiazo-valiklis-125ml\\\/\"]}]},{\"@type\":\"ImageObject\",\"inLanguage\":\"en-GB\",\"@id\":\"https:\\\/\\\/www.malinashop.lt\\\/en\\\/shop\\\/numee-glow-up-wipe-away-vandeniui-atsparaus-makiazo-valiklis-125ml\\\/#primaryimage\",\"url\":\"https:\\\/\\\/www.malinashop.lt\\\/wp-content\\\/uploads\\\/2024\\\/11\\\/NUMEE-GLOW-UP-WIPE-AWAY-vandeniui-atsparaus-makiazo-valiklis-125ml.jpg\",\"contentUrl\":\"https:\\\/\\\/www.malinashop.lt\\\/wp-content\\\/uploads\\\/2024\\\/11\\\/NUMEE-GLOW-UP-WIPE-AWAY-vandeniui-atsparaus-makiazo-valiklis-125ml.jpg\",\"width\":768,\"height\":768},{\"@type\":\"BreadcrumbList\",\"@id\":\"https:\\\/\\\/www.malinashop.lt\\\/en\\\/shop\\\/numee-glow-up-wipe-away-vandeniui-atsparaus-makiazo-valiklis-125ml\\\/#breadcrumb\",\"itemListElement\":[{\"@type\":\"ListItem\",\"position\":1,\"name\":\"Pagrindinis\",\"item\":\"https:\\\/\\\/www.malinashop.lt\\\/\"},{\"@type\":\"ListItem\",\"position\":2,\"name\":\"Parduotuv\u0117\",\"item\":\"https:\\\/\\\/www.malinashop.lt\\\/en\\\/parduotuve\\\/\"},{\"@type\":\"ListItem\",\"position\":3,\"name\":\"NUMEE GLOW UP WIPE AWAY vandeniui atsparaus makia\u017eo valiklis, 125ml\"}]},{\"@type\":\"WebSite\",\"@id\":\"https:\\\/\\\/www.malinashop.lt\\\/#website\",\"url\":\"https:\\\/\\\/www.malinashop.lt\\\/\",\"name\":\"COM Group Ecommerce\",\"description\":\"MalinaShop.lt - Gro\u017eio ir sveikatos produktai i\u0161 patikim\u0173 preki\u0173 \u017eenkl\u0173. Atraskite auk\u0161tos kokyb\u0117s kosmetik\u0105 u\u017e puiki\u0105 kain\u0105.\",\"publisher\":{\"@id\":\"https:\\\/\\\/www.malinashop.lt\\\/#organization\"},\"potentialAction\":[{\"@type\":\"SearchAction\",\"target\":{\"@type\":\"EntryPoint\",\"urlTemplate\":\"https:\\\/\\\/www.malinashop.lt\\\/?s={search_term_string}\"},\"query-input\":{\"@type\":\"PropertyValueSpecification\",\"valueRequired\":true,\"valueName\":\"search_term_string\"}}],\"inLanguage\":\"en-GB\"},{\"@type\":\"Organization\",\"@id\":\"https:\\\/\\\/www.malinashop.lt\\\/#organization\",\"name\":\"COM Group Ecommerce\",\"url\":\"https:\\\/\\\/www.malinashop.lt\\\/\",\"logo\":{\"@type\":\"ImageObject\",\"inLanguage\":\"en-GB\",\"@id\":\"https:\\\/\\\/www.malinashop.lt\\\/#\\\/schema\\\/logo\\\/image\\\/\",\"url\":\"https:\\\/\\\/www.malinashop.lt\\\/wp-content\\\/uploads\\\/2024\\\/08\\\/462559670_3787732518133670_9795632669273463_n-e1731525914575.png\",\"contentUrl\":\"https:\\\/\\\/www.malinashop.lt\\\/wp-content\\\/uploads\\\/2024\\\/08\\\/462559670_3787732518133670_9795632669273463_n-e1731525914575.png\",\"width\":180,\"height\":60,\"caption\":\"COM Group Ecommerce\"},\"image\":{\"@id\":\"https:\\\/\\\/www.malinashop.lt\\\/#\\\/schema\\\/logo\\\/image\\\/\"}}]}<\/script>\n<!-- \/ Yoast SEO plugin. -->","yoast_head_json":{"title":"NUMEE GLOW UP WIPE AWAY vandeniui atsparaus makia\u017eo valiklis, 125ml - MalinaShop.lt J\u016bs\u0173 sveikatai ir gro\u017eiui.","robots":{"index":"index","follow":"follow","max-snippet":"max-snippet:-1","max-image-preview":"max-image-preview:large","max-video-preview":"max-video-preview:-1"},"canonical":"https:\/\/www.malinashop.lt\/en\/shop\/numee-glow-up-wipe-away-vandeniui-atsparaus-makiazo-valiklis-125ml\/","og_locale":"en_GB","og_type":"article","og_title":"NUMEE GLOW UP WIPE AWAY vandeniui atsparaus makia\u017eo valiklis, 125ml - MalinaShop.lt J\u016bs\u0173 sveikatai ir gro\u017eiui.","og_url":"https:\/\/www.malinashop.lt\/en\/shop\/numee-glow-up-wipe-away-vandeniui-atsparaus-makiazo-valiklis-125ml\/","og_site_name":"MalinaShop.lt J\u016bs\u0173 sveikatai ir gro\u017eiui.","article_modified_time":"2026-03-18T09:34:29+00:00","og_image":[{"width":768,"height":768,"url":"https:\/\/www.malinashop.lt\/wp-content\/uploads\/2024\/11\/NUMEE-GLOW-UP-WIPE-AWAY-vandeniui-atsparaus-makiazo-valiklis-125ml.jpg","type":"image\/jpeg"}],"twitter_card":"summary_large_image","schema":{"@context":"https:\/\/schema.org","@graph":[{"@type":"WebPage","@id":"https:\/\/www.malinashop.lt\/en\/shop\/numee-glow-up-wipe-away-vandeniui-atsparaus-makiazo-valiklis-125ml\/","url":"https:\/\/www.malinashop.lt\/en\/shop\/numee-glow-up-wipe-away-vandeniui-atsparaus-makiazo-valiklis-125ml\/","name":"NUMEE GLOW UP WIPE AWAY vandeniui atsparaus makia\u017eo valiklis, 125ml - MalinaShop.lt J\u016bs\u0173 sveikatai ir gro\u017eiui.","isPartOf":{"@id":"https:\/\/www.malinashop.lt\/#website"},"primaryImageOfPage":{"@id":"https:\/\/www.malinashop.lt\/en\/shop\/numee-glow-up-wipe-away-vandeniui-atsparaus-makiazo-valiklis-125ml\/#primaryimage"},"image":{"@id":"https:\/\/www.malinashop.lt\/en\/shop\/numee-glow-up-wipe-away-vandeniui-atsparaus-makiazo-valiklis-125ml\/#primaryimage"},"thumbnailUrl":"https:\/\/www.malinashop.lt\/wp-content\/uploads\/2024\/11\/NUMEE-GLOW-UP-WIPE-AWAY-vandeniui-atsparaus-makiazo-valiklis-125ml.jpg","datePublished":"2024-11-06T12:53:35+00:00","dateModified":"2026-03-18T09:34:29+00:00","breadcrumb":{"@id":"https:\/\/www.malinashop.lt\/en\/shop\/numee-glow-up-wipe-away-vandeniui-atsparaus-makiazo-valiklis-125ml\/#breadcrumb"},"inLanguage":"en-GB","potentialAction":[{"@type":"ReadAction","target":["https:\/\/www.malinashop.lt\/en\/shop\/numee-glow-up-wipe-away-vandeniui-atsparaus-makiazo-valiklis-125ml\/"]}]},{"@type":"ImageObject","inLanguage":"en-GB","@id":"https:\/\/www.malinashop.lt\/en\/shop\/numee-glow-up-wipe-away-vandeniui-atsparaus-makiazo-valiklis-125ml\/#primaryimage","url":"https:\/\/www.malinashop.lt\/wp-content\/uploads\/2024\/11\/NUMEE-GLOW-UP-WIPE-AWAY-vandeniui-atsparaus-makiazo-valiklis-125ml.jpg","contentUrl":"https:\/\/www.malinashop.lt\/wp-content\/uploads\/2024\/11\/NUMEE-GLOW-UP-WIPE-AWAY-vandeniui-atsparaus-makiazo-valiklis-125ml.jpg","width":768,"height":768},{"@type":"BreadcrumbList","@id":"https:\/\/www.malinashop.lt\/en\/shop\/numee-glow-up-wipe-away-vandeniui-atsparaus-makiazo-valiklis-125ml\/#breadcrumb","itemListElement":[{"@type":"ListItem","position":1,"name":"Pagrindinis","item":"https:\/\/www.malinashop.lt\/"},{"@type":"ListItem","position":2,"name":"Parduotuv\u0117","item":"https:\/\/www.malinashop.lt\/en\/parduotuve\/"},{"@type":"ListItem","position":3,"name":"NUMEE GLOW UP WIPE AWAY vandeniui atsparaus makia\u017eo valiklis, 125ml"}]},{"@type":"WebSite","@id":"https:\/\/www.malinashop.lt\/#website","url":"https:\/\/www.malinashop.lt\/","name":"COM Group Ecommerce","description":"MalinaShop.lt - Gro\u017eio ir sveikatos produktai i\u0161 patikim\u0173 preki\u0173 \u017eenkl\u0173. Atraskite auk\u0161tos kokyb\u0117s kosmetik\u0105 u\u017e puiki\u0105 kain\u0105.","publisher":{"@id":"https:\/\/www.malinashop.lt\/#organization"},"potentialAction":[{"@type":"SearchAction","target":{"@type":"EntryPoint","urlTemplate":"https:\/\/www.malinashop.lt\/?s={search_term_string}"},"query-input":{"@type":"PropertyValueSpecification","valueRequired":true,"valueName":"search_term_string"}}],"inLanguage":"en-GB"},{"@type":"Organization","@id":"https:\/\/www.malinashop.lt\/#organization","name":"COM Group Ecommerce","url":"https:\/\/www.malinashop.lt\/","logo":{"@type":"ImageObject","inLanguage":"en-GB","@id":"https:\/\/www.malinashop.lt\/#\/schema\/logo\/image\/","url":"https:\/\/www.malinashop.lt\/wp-content\/uploads\/2024\/08\/462559670_3787732518133670_9795632669273463_n-e1731525914575.png","contentUrl":"https:\/\/www.malinashop.lt\/wp-content\/uploads\/2024\/08\/462559670_3787732518133670_9795632669273463_n-e1731525914575.png","width":180,"height":60,"caption":"COM Group Ecommerce"},"image":{"@id":"https:\/\/www.malinashop.lt\/#\/schema\/logo\/image\/"}}]}},"jetpack_sharing_enabled":true,"_links":{"self":[{"href":"https:\/\/www.malinashop.lt\/en\/wp-json\/wp\/v2\/product\/20270","targetHints":{"allow":["GET"]}}],"collection":[{"href":"https:\/\/www.malinashop.lt\/en\/wp-json\/wp\/v2\/product"}],"about":[{"href":"https:\/\/www.malinashop.lt\/en\/wp-json\/wp\/v2\/types\/product"}],"version-history":[{"count":1,"href":"https:\/\/www.malinashop.lt\/en\/wp-json\/wp\/v2\/product\/20270\/revisions"}],"predecessor-version":[{"id":32689,"href":"https:\/\/www.malinashop.lt\/en\/wp-json\/wp\/v2\/product\/20270\/revisions\/32689"}],"wp:featuredmedia":[{"embeddable":true,"href":"https:\/\/www.malinashop.lt\/en\/wp-json\/wp\/v2\/media\/18180"}],"wp:attachment":[{"href":"https:\/\/www.malinashop.lt\/en\/wp-json\/wp\/v2\/media?parent=20270"}],"wp:term":[{"taxonomy":"product_brand","embeddable":true,"href":"https:\/\/www.malinashop.lt\/en\/wp-json\/wp\/v2\/product_brand?post=20270"},{"taxonomy":"product_cat","embeddable":true,"href":"https:\/\/www.malinashop.lt\/en\/wp-json\/wp\/v2\/product_cat?post=20270"},{"taxonomy":"product_tag","embeddable":true,"href":"https:\/\/www.malinashop.lt\/en\/wp-json\/wp\/v2\/product_tag?post=20270"}],"curies":[{"name":"wp","href":"https:\/\/api.w.org\/{rel}","templated":true}]}}