{"id":20181,"date":"2024-11-06T15:53:26","date_gmt":"2024-11-06T12:53:26","guid":{"rendered":"https:\/\/malinashop.lt\/produktas\/erre-due-kiss-kiss-lip-combo-vinyl-lip-lacquer-313-silky-premium-lip-definer-526-lupu-makiazo-priemoniu-rinkinys\/"},"modified":"2026-02-12T21:40:10","modified_gmt":"2026-02-12T18:40:10","slug":"erre-due-kiss-kiss-lip-combo-vinyl-lip-lacquer-313-silky-premium-lip-definer-526-lupu-makiazo-priemoniu-rinkinys","status":"publish","type":"product","link":"https:\/\/www.malinashop.lt\/en\/shop\/erre-due-kiss-kiss-lip-combo-vinyl-lip-lacquer-313-silky-premium-lip-definer-526-lupu-makiazo-priemoniu-rinkinys\/","title":{"rendered":"ERRE DUE KISS KISS LIP COMBO Vinyl Lip Lacquer 313 &#038; Silky Premium Lip Definer 526 l\u016bp\u0173 makia\u017eo priemoni\u0173 rinkinys"},"content":{"rendered":"<p>ERRE DUE l\u016bp\u0173 makia\u017eo priemoni\u0173 rinkinys KISS KISS LIP COMBO<\/p>\n<p>Atraskite ERRE DUE KISS KISS LIP COMBO, kuris apima du puikius produktus: ilgalaik\u012f l\u016bp\u0173 pie\u0161tuk\u0105 Nr. 526 SILKY PREMIUM LIP DEFINER ir l\u016bp\u0173 lak\u0105 Nr. 313 VINYL LIP LACQUER.<\/p>\n<p>VINYL LIP LACQUER l\u016bp\u0173 lakas \u2013 lengvas ir dr\u0117kinantis l\u016bp\u0173 da\u017eas, kuris nesausina l\u016bp\u0173 ir saugo j\u0173 dr\u0117gm\u0119. \u0160is intensyviai pigmentuotas l\u016bp\u0173 lakas ilgai i\u0161lieka, \u0161ilko \u0161velnumo tekst\u016bra u\u017epildo l\u016bp\u0173 netolygumus, akimirksniu suteikdamas joms dr\u0117gm\u0119, \u0161vyt\u0117jim\u0105 ir putlum\u0105. Inovatyvi formul\u0117 u\u017etikrina ilgalaik\u012f rezultat\u0105 su dr\u0117kinan\u010diomis savyb\u0117mis.<\/p>\n<p>SILKY PREMIUM LIP DEFINER ilgalaikis l\u016bp\u0173 pie\u0161tukas \u2013 ypatingai mink\u0161tas kont\u016bravimo pie\u0161tukas, kuris i\u0161lieka iki 7 valand\u0173. Jo novatori\u0161ka, netepanti formul\u0117 leid\u017eia lengvai padengti l\u016bpas tolygiai. \u0160is pie\u0161tukas yra puikus pasirinkimas norint pasiekti tobul\u0105 l\u016bp\u0173 i\u0161vaizd\u0105.<\/p>\n<p>Pasirinkite ERRE DUE KISS KISS LIP COMBO ir m\u0117gaukit\u0117s nepriekai\u0161tingu l\u016bp\u0173 makia\u017eu bei auk\u0161\u010diausios kokyb\u0117s prie\u017ei\u016bra!<\/p>\n","protected":false},"excerpt":{"rendered":"<p>ERRE DUE l\u016bp\u0173 makia\u017eo priemoni\u0173 rinkinys KISS KISS LIP COMBO Atraskite ERRE DUE KISS KISS LIP COMBO, kuris apima du puikius produktus:&hellip;<\/p>\n","protected":false},"featured_media":18862,"template":"","meta":[],"product_brand":[561],"product_cat":[708,529,728],"product_tag":[1157],"class_list":{"0":"post-20181","1":"product","2":"type-product","3":"status-publish","4":"has-post-thumbnail","6":"product_brand-erre-due","7":"product_cat-lupoms","8":"product_cat-lupu-piestukai","9":"product_cat-veidui","10":"product_tag-erre-due","12":"first","13":"instock","14":"sale","15":"taxable","16":"shipping-taxable","17":"purchasable","18":"product-type-simple"},"yoast_head":"<!-- This site is optimized with the Yoast SEO plugin v27.4 - https:\/\/yoast.com\/product\/yoast-seo-wordpress\/ -->\n<title>ERRE DUE KISS KISS LIP COMBO Vinyl Lip Lacquer 313 &amp; Silky Premium Lip Definer 526 l\u016bp\u0173 makia\u017eo priemoni\u0173 rinkinys - MalinaShop.lt J\u016bs\u0173 sveikatai ir gro\u017eiui.<\/title>\n<meta name=\"robots\" content=\"index, follow, max-snippet:-1, max-image-preview:large, max-video-preview:-1\" \/>\n<link rel=\"canonical\" href=\"https:\/\/www.malinashop.lt\/en\/shop\/erre-due-kiss-kiss-lip-combo-vinyl-lip-lacquer-313-silky-premium-lip-definer-526-lupu-makiazo-priemoniu-rinkinys\/\" \/>\n<meta property=\"og:locale\" content=\"en_GB\" \/>\n<meta property=\"og:type\" content=\"article\" \/>\n<meta property=\"og:title\" content=\"ERRE DUE KISS KISS LIP COMBO Vinyl Lip Lacquer 313 &amp; Silky Premium Lip Definer 526 l\u016bp\u0173 makia\u017eo priemoni\u0173 rinkinys - MalinaShop.lt J\u016bs\u0173 sveikatai ir gro\u017eiui.\" \/>\n<meta property=\"og:url\" content=\"https:\/\/www.malinashop.lt\/en\/shop\/erre-due-kiss-kiss-lip-combo-vinyl-lip-lacquer-313-silky-premium-lip-definer-526-lupu-makiazo-priemoniu-rinkinys\/\" \/>\n<meta property=\"og:site_name\" content=\"MalinaShop.lt J\u016bs\u0173 sveikatai ir gro\u017eiui.\" \/>\n<meta property=\"article:modified_time\" content=\"2026-02-12T18:40:10+00:00\" \/>\n<meta property=\"og:image\" content=\"https:\/\/www.malinashop.lt\/wp-content\/uploads\/2024\/11\/ERRE-DUE-KISS-KISS-LIP-COMBO-Vinyl-Lip-Lacquer-313-Silky-Premium-Lip-Definer-526-lupu-makiazo-priemoniu-rinkinys.jpg\" \/>\n\t<meta property=\"og:image:width\" content=\"1000\" \/>\n\t<meta property=\"og:image:height\" content=\"1000\" \/>\n\t<meta property=\"og:image:type\" content=\"image\/jpeg\" \/>\n<meta name=\"twitter:card\" content=\"summary_large_image\" \/>\n<script type=\"application\/ld+json\" class=\"yoast-schema-graph\">{\"@context\":\"https:\\\/\\\/schema.org\",\"@graph\":[{\"@type\":\"WebPage\",\"@id\":\"https:\\\/\\\/www.malinashop.lt\\\/en\\\/shop\\\/erre-due-kiss-kiss-lip-combo-vinyl-lip-lacquer-313-silky-premium-lip-definer-526-lupu-makiazo-priemoniu-rinkinys\\\/\",\"url\":\"https:\\\/\\\/www.malinashop.lt\\\/en\\\/shop\\\/erre-due-kiss-kiss-lip-combo-vinyl-lip-lacquer-313-silky-premium-lip-definer-526-lupu-makiazo-priemoniu-rinkinys\\\/\",\"name\":\"ERRE DUE KISS KISS LIP COMBO Vinyl Lip Lacquer 313 & Silky Premium Lip Definer 526 l\u016bp\u0173 makia\u017eo priemoni\u0173 rinkinys - MalinaShop.lt J\u016bs\u0173 sveikatai ir gro\u017eiui.\",\"isPartOf\":{\"@id\":\"https:\\\/\\\/www.malinashop.lt\\\/#website\"},\"primaryImageOfPage\":{\"@id\":\"https:\\\/\\\/www.malinashop.lt\\\/en\\\/shop\\\/erre-due-kiss-kiss-lip-combo-vinyl-lip-lacquer-313-silky-premium-lip-definer-526-lupu-makiazo-priemoniu-rinkinys\\\/#primaryimage\"},\"image\":{\"@id\":\"https:\\\/\\\/www.malinashop.lt\\\/en\\\/shop\\\/erre-due-kiss-kiss-lip-combo-vinyl-lip-lacquer-313-silky-premium-lip-definer-526-lupu-makiazo-priemoniu-rinkinys\\\/#primaryimage\"},\"thumbnailUrl\":\"https:\\\/\\\/www.malinashop.lt\\\/wp-content\\\/uploads\\\/2024\\\/11\\\/ERRE-DUE-KISS-KISS-LIP-COMBO-Vinyl-Lip-Lacquer-313-Silky-Premium-Lip-Definer-526-lupu-makiazo-priemoniu-rinkinys.jpg\",\"datePublished\":\"2024-11-06T12:53:26+00:00\",\"dateModified\":\"2026-02-12T18:40:10+00:00\",\"breadcrumb\":{\"@id\":\"https:\\\/\\\/www.malinashop.lt\\\/en\\\/shop\\\/erre-due-kiss-kiss-lip-combo-vinyl-lip-lacquer-313-silky-premium-lip-definer-526-lupu-makiazo-priemoniu-rinkinys\\\/#breadcrumb\"},\"inLanguage\":\"en-GB\",\"potentialAction\":[{\"@type\":\"ReadAction\",\"target\":[\"https:\\\/\\\/www.malinashop.lt\\\/en\\\/shop\\\/erre-due-kiss-kiss-lip-combo-vinyl-lip-lacquer-313-silky-premium-lip-definer-526-lupu-makiazo-priemoniu-rinkinys\\\/\"]}]},{\"@type\":\"ImageObject\",\"inLanguage\":\"en-GB\",\"@id\":\"https:\\\/\\\/www.malinashop.lt\\\/en\\\/shop\\\/erre-due-kiss-kiss-lip-combo-vinyl-lip-lacquer-313-silky-premium-lip-definer-526-lupu-makiazo-priemoniu-rinkinys\\\/#primaryimage\",\"url\":\"https:\\\/\\\/www.malinashop.lt\\\/wp-content\\\/uploads\\\/2024\\\/11\\\/ERRE-DUE-KISS-KISS-LIP-COMBO-Vinyl-Lip-Lacquer-313-Silky-Premium-Lip-Definer-526-lupu-makiazo-priemoniu-rinkinys.jpg\",\"contentUrl\":\"https:\\\/\\\/www.malinashop.lt\\\/wp-content\\\/uploads\\\/2024\\\/11\\\/ERRE-DUE-KISS-KISS-LIP-COMBO-Vinyl-Lip-Lacquer-313-Silky-Premium-Lip-Definer-526-lupu-makiazo-priemoniu-rinkinys.jpg\",\"width\":1000,\"height\":1000},{\"@type\":\"BreadcrumbList\",\"@id\":\"https:\\\/\\\/www.malinashop.lt\\\/en\\\/shop\\\/erre-due-kiss-kiss-lip-combo-vinyl-lip-lacquer-313-silky-premium-lip-definer-526-lupu-makiazo-priemoniu-rinkinys\\\/#breadcrumb\",\"itemListElement\":[{\"@type\":\"ListItem\",\"position\":1,\"name\":\"Pagrindinis\",\"item\":\"https:\\\/\\\/www.malinashop.lt\\\/\"},{\"@type\":\"ListItem\",\"position\":2,\"name\":\"Parduotuv\u0117\",\"item\":\"https:\\\/\\\/www.malinashop.lt\\\/en\\\/parduotuve\\\/\"},{\"@type\":\"ListItem\",\"position\":3,\"name\":\"ERRE DUE KISS KISS LIP COMBO Vinyl Lip Lacquer 313 &#038; Silky Premium Lip Definer 526 l\u016bp\u0173 makia\u017eo priemoni\u0173 rinkinys\"}]},{\"@type\":\"WebSite\",\"@id\":\"https:\\\/\\\/www.malinashop.lt\\\/#website\",\"url\":\"https:\\\/\\\/www.malinashop.lt\\\/\",\"name\":\"COM Group Ecommerce\",\"description\":\"MalinaShop.lt - Gro\u017eio ir sveikatos produktai i\u0161 patikim\u0173 preki\u0173 \u017eenkl\u0173. Atraskite auk\u0161tos kokyb\u0117s kosmetik\u0105 u\u017e puiki\u0105 kain\u0105.\",\"publisher\":{\"@id\":\"https:\\\/\\\/www.malinashop.lt\\\/#organization\"},\"potentialAction\":[{\"@type\":\"SearchAction\",\"target\":{\"@type\":\"EntryPoint\",\"urlTemplate\":\"https:\\\/\\\/www.malinashop.lt\\\/?s={search_term_string}\"},\"query-input\":{\"@type\":\"PropertyValueSpecification\",\"valueRequired\":true,\"valueName\":\"search_term_string\"}}],\"inLanguage\":\"en-GB\"},{\"@type\":\"Organization\",\"@id\":\"https:\\\/\\\/www.malinashop.lt\\\/#organization\",\"name\":\"COM Group Ecommerce\",\"url\":\"https:\\\/\\\/www.malinashop.lt\\\/\",\"logo\":{\"@type\":\"ImageObject\",\"inLanguage\":\"en-GB\",\"@id\":\"https:\\\/\\\/www.malinashop.lt\\\/#\\\/schema\\\/logo\\\/image\\\/\",\"url\":\"https:\\\/\\\/www.malinashop.lt\\\/wp-content\\\/uploads\\\/2024\\\/08\\\/462559670_3787732518133670_9795632669273463_n-e1731525914575.png\",\"contentUrl\":\"https:\\\/\\\/www.malinashop.lt\\\/wp-content\\\/uploads\\\/2024\\\/08\\\/462559670_3787732518133670_9795632669273463_n-e1731525914575.png\",\"width\":180,\"height\":60,\"caption\":\"COM Group Ecommerce\"},\"image\":{\"@id\":\"https:\\\/\\\/www.malinashop.lt\\\/#\\\/schema\\\/logo\\\/image\\\/\"}}]}<\/script>\n<!-- \/ Yoast SEO plugin. -->","yoast_head_json":{"title":"ERRE DUE KISS KISS LIP COMBO Vinyl Lip Lacquer 313 & Silky Premium Lip Definer 526 l\u016bp\u0173 makia\u017eo priemoni\u0173 rinkinys - MalinaShop.lt J\u016bs\u0173 sveikatai ir gro\u017eiui.","robots":{"index":"index","follow":"follow","max-snippet":"max-snippet:-1","max-image-preview":"max-image-preview:large","max-video-preview":"max-video-preview:-1"},"canonical":"https:\/\/www.malinashop.lt\/en\/shop\/erre-due-kiss-kiss-lip-combo-vinyl-lip-lacquer-313-silky-premium-lip-definer-526-lupu-makiazo-priemoniu-rinkinys\/","og_locale":"en_GB","og_type":"article","og_title":"ERRE DUE KISS KISS LIP COMBO Vinyl Lip Lacquer 313 & Silky Premium Lip Definer 526 l\u016bp\u0173 makia\u017eo priemoni\u0173 rinkinys - MalinaShop.lt J\u016bs\u0173 sveikatai ir gro\u017eiui.","og_url":"https:\/\/www.malinashop.lt\/en\/shop\/erre-due-kiss-kiss-lip-combo-vinyl-lip-lacquer-313-silky-premium-lip-definer-526-lupu-makiazo-priemoniu-rinkinys\/","og_site_name":"MalinaShop.lt J\u016bs\u0173 sveikatai ir gro\u017eiui.","article_modified_time":"2026-02-12T18:40:10+00:00","og_image":[{"width":1000,"height":1000,"url":"https:\/\/www.malinashop.lt\/wp-content\/uploads\/2024\/11\/ERRE-DUE-KISS-KISS-LIP-COMBO-Vinyl-Lip-Lacquer-313-Silky-Premium-Lip-Definer-526-lupu-makiazo-priemoniu-rinkinys.jpg","type":"image\/jpeg"}],"twitter_card":"summary_large_image","schema":{"@context":"https:\/\/schema.org","@graph":[{"@type":"WebPage","@id":"https:\/\/www.malinashop.lt\/en\/shop\/erre-due-kiss-kiss-lip-combo-vinyl-lip-lacquer-313-silky-premium-lip-definer-526-lupu-makiazo-priemoniu-rinkinys\/","url":"https:\/\/www.malinashop.lt\/en\/shop\/erre-due-kiss-kiss-lip-combo-vinyl-lip-lacquer-313-silky-premium-lip-definer-526-lupu-makiazo-priemoniu-rinkinys\/","name":"ERRE DUE KISS KISS LIP COMBO Vinyl Lip Lacquer 313 & Silky Premium Lip Definer 526 l\u016bp\u0173 makia\u017eo priemoni\u0173 rinkinys - MalinaShop.lt J\u016bs\u0173 sveikatai ir gro\u017eiui.","isPartOf":{"@id":"https:\/\/www.malinashop.lt\/#website"},"primaryImageOfPage":{"@id":"https:\/\/www.malinashop.lt\/en\/shop\/erre-due-kiss-kiss-lip-combo-vinyl-lip-lacquer-313-silky-premium-lip-definer-526-lupu-makiazo-priemoniu-rinkinys\/#primaryimage"},"image":{"@id":"https:\/\/www.malinashop.lt\/en\/shop\/erre-due-kiss-kiss-lip-combo-vinyl-lip-lacquer-313-silky-premium-lip-definer-526-lupu-makiazo-priemoniu-rinkinys\/#primaryimage"},"thumbnailUrl":"https:\/\/www.malinashop.lt\/wp-content\/uploads\/2024\/11\/ERRE-DUE-KISS-KISS-LIP-COMBO-Vinyl-Lip-Lacquer-313-Silky-Premium-Lip-Definer-526-lupu-makiazo-priemoniu-rinkinys.jpg","datePublished":"2024-11-06T12:53:26+00:00","dateModified":"2026-02-12T18:40:10+00:00","breadcrumb":{"@id":"https:\/\/www.malinashop.lt\/en\/shop\/erre-due-kiss-kiss-lip-combo-vinyl-lip-lacquer-313-silky-premium-lip-definer-526-lupu-makiazo-priemoniu-rinkinys\/#breadcrumb"},"inLanguage":"en-GB","potentialAction":[{"@type":"ReadAction","target":["https:\/\/www.malinashop.lt\/en\/shop\/erre-due-kiss-kiss-lip-combo-vinyl-lip-lacquer-313-silky-premium-lip-definer-526-lupu-makiazo-priemoniu-rinkinys\/"]}]},{"@type":"ImageObject","inLanguage":"en-GB","@id":"https:\/\/www.malinashop.lt\/en\/shop\/erre-due-kiss-kiss-lip-combo-vinyl-lip-lacquer-313-silky-premium-lip-definer-526-lupu-makiazo-priemoniu-rinkinys\/#primaryimage","url":"https:\/\/www.malinashop.lt\/wp-content\/uploads\/2024\/11\/ERRE-DUE-KISS-KISS-LIP-COMBO-Vinyl-Lip-Lacquer-313-Silky-Premium-Lip-Definer-526-lupu-makiazo-priemoniu-rinkinys.jpg","contentUrl":"https:\/\/www.malinashop.lt\/wp-content\/uploads\/2024\/11\/ERRE-DUE-KISS-KISS-LIP-COMBO-Vinyl-Lip-Lacquer-313-Silky-Premium-Lip-Definer-526-lupu-makiazo-priemoniu-rinkinys.jpg","width":1000,"height":1000},{"@type":"BreadcrumbList","@id":"https:\/\/www.malinashop.lt\/en\/shop\/erre-due-kiss-kiss-lip-combo-vinyl-lip-lacquer-313-silky-premium-lip-definer-526-lupu-makiazo-priemoniu-rinkinys\/#breadcrumb","itemListElement":[{"@type":"ListItem","position":1,"name":"Pagrindinis","item":"https:\/\/www.malinashop.lt\/"},{"@type":"ListItem","position":2,"name":"Parduotuv\u0117","item":"https:\/\/www.malinashop.lt\/en\/parduotuve\/"},{"@type":"ListItem","position":3,"name":"ERRE DUE KISS KISS LIP COMBO Vinyl Lip Lacquer 313 &#038; Silky Premium Lip Definer 526 l\u016bp\u0173 makia\u017eo priemoni\u0173 rinkinys"}]},{"@type":"WebSite","@id":"https:\/\/www.malinashop.lt\/#website","url":"https:\/\/www.malinashop.lt\/","name":"COM Group Ecommerce","description":"MalinaShop.lt - Gro\u017eio ir sveikatos produktai i\u0161 patikim\u0173 preki\u0173 \u017eenkl\u0173. Atraskite auk\u0161tos kokyb\u0117s kosmetik\u0105 u\u017e puiki\u0105 kain\u0105.","publisher":{"@id":"https:\/\/www.malinashop.lt\/#organization"},"potentialAction":[{"@type":"SearchAction","target":{"@type":"EntryPoint","urlTemplate":"https:\/\/www.malinashop.lt\/?s={search_term_string}"},"query-input":{"@type":"PropertyValueSpecification","valueRequired":true,"valueName":"search_term_string"}}],"inLanguage":"en-GB"},{"@type":"Organization","@id":"https:\/\/www.malinashop.lt\/#organization","name":"COM Group Ecommerce","url":"https:\/\/www.malinashop.lt\/","logo":{"@type":"ImageObject","inLanguage":"en-GB","@id":"https:\/\/www.malinashop.lt\/#\/schema\/logo\/image\/","url":"https:\/\/www.malinashop.lt\/wp-content\/uploads\/2024\/08\/462559670_3787732518133670_9795632669273463_n-e1731525914575.png","contentUrl":"https:\/\/www.malinashop.lt\/wp-content\/uploads\/2024\/08\/462559670_3787732518133670_9795632669273463_n-e1731525914575.png","width":180,"height":60,"caption":"COM Group Ecommerce"},"image":{"@id":"https:\/\/www.malinashop.lt\/#\/schema\/logo\/image\/"}}]}},"jetpack_sharing_enabled":true,"_links":{"self":[{"href":"https:\/\/www.malinashop.lt\/en\/wp-json\/wp\/v2\/product\/20181","targetHints":{"allow":["GET"]}}],"collection":[{"href":"https:\/\/www.malinashop.lt\/en\/wp-json\/wp\/v2\/product"}],"about":[{"href":"https:\/\/www.malinashop.lt\/en\/wp-json\/wp\/v2\/types\/product"}],"version-history":[{"count":2,"href":"https:\/\/www.malinashop.lt\/en\/wp-json\/wp\/v2\/product\/20181\/revisions"}],"predecessor-version":[{"id":74317,"href":"https:\/\/www.malinashop.lt\/en\/wp-json\/wp\/v2\/product\/20181\/revisions\/74317"}],"wp:featuredmedia":[{"embeddable":true,"href":"https:\/\/www.malinashop.lt\/en\/wp-json\/wp\/v2\/media\/18862"}],"wp:attachment":[{"href":"https:\/\/www.malinashop.lt\/en\/wp-json\/wp\/v2\/media?parent=20181"}],"wp:term":[{"taxonomy":"product_brand","embeddable":true,"href":"https:\/\/www.malinashop.lt\/en\/wp-json\/wp\/v2\/product_brand?post=20181"},{"taxonomy":"product_cat","embeddable":true,"href":"https:\/\/www.malinashop.lt\/en\/wp-json\/wp\/v2\/product_cat?post=20181"},{"taxonomy":"product_tag","embeddable":true,"href":"https:\/\/www.malinashop.lt\/en\/wp-json\/wp\/v2\/product_tag?post=20181"}],"curies":[{"name":"wp","href":"https:\/\/api.w.org\/{rel}","templated":true}]}}