{"id":20141,"date":"2024-11-06T15:53:21","date_gmt":"2024-11-06T12:53:21","guid":{"rendered":"https:\/\/malinashop.lt\/produktas\/once-lipsens-eau-de-parfum-intense-kvepalai-moterims-100ml\/"},"modified":"2026-03-18T12:32:58","modified_gmt":"2026-03-18T09:32:58","slug":"once-lipsens-eau-de-parfum-intense-kvepalai-moterims-100ml","status":"publish","type":"product","link":"https:\/\/www.malinashop.lt\/en\/shop\/once-lipsens-eau-de-parfum-intense-kvepalai-moterims-100ml\/","title":{"rendered":"ONCE LIPSENS Eau De Parfum Intense kvepalai moterims, 100ml"},"content":{"rendered":"<p data-start=\"258\" data-end=\"577\"><strong data-start=\"258\" data-end=\"296\">ONCE Lipsens Eau de Parfum Intense<\/strong> \u2013 tai <strong data-start=\"303\" data-end=\"344\">sald\u017eiausias ONCE kolekcijos aromatas<\/strong>, sukurtas moteriai, kuri spinduliuoja \u0161velnum\u0105, aistr\u0105 ir pasitik\u0117jim\u0105. \u0160is kvapas \u2013 <strong data-start=\"430\" data-end=\"464\">tarsi kelion\u0117 po kar\u0161t\u0105 dykum\u0105<\/strong>, kur senoviniai balzamai susilieja su <strong data-start=\"503\" data-end=\"522\">ambra ir vanile<\/strong>, sukurdamas <strong data-start=\"535\" data-end=\"574\">jausming\u0105, \u0161ilt\u0105 ir prabang\u0173 poj\u016bt\u012f<\/strong>.<\/p>\n<p data-start=\"579\" data-end=\"837\">Kvapo prad\u017eioje juntamas <strong data-start=\"604\" data-end=\"633\">ro\u017einio pipiro ir vanil\u0117s<\/strong> dvelksmas, kuris perauga \u012f <strong data-start=\"661\" data-end=\"697\">cukraus saldumo ir vanil\u0117s \u0161ird\u012f<\/strong>. Bazin\u0117se natose slypi <strong data-start=\"721\" data-end=\"759\">muskuso, ambros ir \u201epudros akordo\u201c<\/strong> derinys, suteikiantis kvapui \u0161ilkin\u012f \u0161velnum\u0105 bei ilgai i\u0161liekant\u012f aromat\u0105.<\/p>\n<p data-start=\"839\" data-end=\"1025\">K\u016br\u0117ja <strong data-start=\"846\" data-end=\"866\">Soizic Beaucourt<\/strong> \u012fkv\u0117pimo semiasi i\u0161 meno, emocij\u0173 ir k\u016brybos laisv\u0117s. Jos tikslas \u2013 sukurti <strong data-start=\"943\" data-end=\"961\">\u201eskyst\u0105 gro\u017e\u012f\u201c<\/strong>, kuris atspind\u0117t\u0173 moters dvasi\u0105, emocijas ir vidin\u0119 stipryb\u0119.<\/p>\n<p data-start=\"1027\" data-end=\"1129\"><strong data-start=\"1027\" data-end=\"1043\">ONCE Lipsens<\/strong> \u2013 kvapas, kuris <strong data-start=\"1060\" data-end=\"1126\">pasakoja meil\u0117s, aistros ir trapios moteri\u0161kos galios istorij\u0105<\/strong>.<\/p>\n<hr data-start=\"1131\" data-end=\"1134\" \/>\n<h3 data-start=\"1136\" data-end=\"1158\"><strong data-start=\"1140\" data-end=\"1156\">Kvap\u0173 natos:<\/strong><\/h3>\n<ul data-start=\"1159\" data-end=\"1298\">\n<li data-start=\"1159\" data-end=\"1203\">\n<p data-start=\"1161\" data-end=\"1203\"><strong data-start=\"1161\" data-end=\"1176\">Vir\u0161utin\u0117s:<\/strong> ro\u017einis pipiras, vanil\u0117.<\/p>\n<\/li>\n<li data-start=\"1204\" data-end=\"1248\">\n<p data-start=\"1206\" data-end=\"1248\"><strong data-start=\"1206\" data-end=\"1220\">Vidurin\u0117s:<\/strong> vanil\u0117, cukraus aromatas.<\/p>\n<\/li>\n<li data-start=\"1249\" data-end=\"1298\">\n<p data-start=\"1251\" data-end=\"1298\"><strong data-start=\"1251\" data-end=\"1263\">Bazin\u0117s:<\/strong> muskusas, pudros akordas, ambra.<\/p>\n<\/li>\n<\/ul>\n<hr data-start=\"1300\" data-end=\"1303\" \/>\n<h3 data-start=\"1305\" data-end=\"1322\"><strong data-start=\"1309\" data-end=\"1320\">K\u016br\u0117ja:<\/strong><\/h3>\n<p data-start=\"1323\" data-end=\"1469\"><strong data-start=\"1323\" data-end=\"1343\">Soizic Beaucourt<\/strong> \u2013 pranc\u016bz\u0173 parfumer\u0117, kuri derina k\u016brybi\u0161kum\u0105 ir intuicij\u0105, siekdama atskleisti <strong data-start=\"1424\" data-end=\"1466\">gro\u017eio, jausmingumo ir laisv\u0117s sintez\u0119<\/strong>.<\/p>\n<hr data-start=\"1471\" data-end=\"1474\" \/>\n<h3 data-start=\"1476\" data-end=\"1538\"><strong data-start=\"1480\" data-end=\"1536\">ONCE filosofija \u2013 kvapas, pasakojantis J\u016bs\u0173 istorij\u0105<\/strong><\/h3>\n<p data-start=\"1539\" data-end=\"1714\">Kiekvienas <strong data-start=\"1550\" data-end=\"1558\">ONCE<\/strong> aromatas atspindi <strong data-start=\"1577\" data-end=\"1624\">emocijas, prisiminimus ir asmenyb\u0117s bruo\u017eus<\/strong>. Vos keli la\u0161ai leid\u017eia perteikti <strong data-start=\"1659\" data-end=\"1711\">meil\u0119, tro\u0161kim\u0105, \u0161velnum\u0105 ar pasitik\u0117jim\u0105 savimi<\/strong>.<\/p>\n<hr data-start=\"1716\" data-end=\"1719\" \/>\n<h3 data-start=\"1721\" data-end=\"1747\"><strong data-start=\"1725\" data-end=\"1745\">Aromato savyb\u0117s:<\/strong><\/h3>\n<ul data-start=\"1748\" data-end=\"1882\">\n<li data-start=\"1748\" data-end=\"1778\">\n<p data-start=\"1750\" data-end=\"1778\">Saldus, \u0161iltas, moteri\u0161kas<\/p>\n<\/li>\n<li data-start=\"1779\" data-end=\"1812\">\n<p data-start=\"1781\" data-end=\"1812\">Vanilinis\u2013gintarinis aromatas<\/p>\n<\/li>\n<li data-start=\"1813\" data-end=\"1846\">\n<p data-start=\"1815\" data-end=\"1846\">Ilgai i\u0161liekantis, jausmingas<\/p>\n<\/li>\n<li data-start=\"1847\" data-end=\"1882\">\n<p data-start=\"1849\" data-end=\"1882\">Tinka tiek dienai, tiek vakarui<\/p>\n<\/li>\n<\/ul>\n","protected":false},"excerpt":{"rendered":"<p><strong data-start=\"28\" data-end=\"66\">ONCE Lipsens Eau de Parfum Intense<\/strong> \u2013 saldus, jausmingas aromatas, kuriame dera ro\u017einis pipiras, vanil\u0117 ir ambra. Tai \u0161iltas, prabangus kvapas, alsuojantis moteri\u0161kumu ir subtilia elegancija.<\/p>\n","protected":false},"featured_media":21283,"template":"","meta":[],"product_brand":[558],"product_cat":[707,545],"product_tag":[1636],"class_list":{"0":"post-20141","1":"product","2":"type-product","3":"status-publish","4":"has-post-thumbnail","6":"product_brand-once-perfume","7":"product_cat-kvepalai","8":"product_cat-kvepalai-moterims","9":"product_tag-once-perfume","11":"first","12":"instock","13":"sale","14":"taxable","15":"shipping-taxable","16":"purchasable","17":"product-type-simple"},"yoast_head":"<!-- This site is optimized with the Yoast SEO plugin v27.4 - https:\/\/yoast.com\/product\/yoast-seo-wordpress\/ -->\n<title>ONCE LIPSENS Eau De Parfum Intense kvepalai moterims, 100ml - MalinaShop.lt J\u016bs\u0173 sveikatai ir gro\u017eiui.<\/title>\n<meta name=\"description\" content=\"ONCE Lipsens \u2013 saldus, jausmingas aromatas su vanil\u0117s, ambros ir muskuso natomis. Prabangus kvapas, spinduliuojantis \u0161ilum\u0105 ir moteri\u0161kum\u0105.\" \/>\n<meta name=\"robots\" content=\"index, follow, max-snippet:-1, max-image-preview:large, max-video-preview:-1\" \/>\n<link rel=\"canonical\" href=\"https:\/\/www.malinashop.lt\/en\/shop\/once-lipsens-eau-de-parfum-intense-kvepalai-moterims-100ml\/\" \/>\n<meta property=\"og:locale\" content=\"en_GB\" \/>\n<meta property=\"og:type\" content=\"article\" \/>\n<meta property=\"og:title\" content=\"ONCE LIPSENS Eau De Parfum Intense kvepalai moterims, 100ml - MalinaShop.lt J\u016bs\u0173 sveikatai ir gro\u017eiui.\" \/>\n<meta property=\"og:description\" content=\"ONCE Lipsens \u2013 saldus, jausmingas aromatas su vanil\u0117s, ambros ir muskuso natomis. Prabangus kvapas, spinduliuojantis \u0161ilum\u0105 ir moteri\u0161kum\u0105.\" \/>\n<meta property=\"og:url\" content=\"https:\/\/www.malinashop.lt\/en\/shop\/once-lipsens-eau-de-parfum-intense-kvepalai-moterims-100ml\/\" \/>\n<meta property=\"og:site_name\" content=\"MalinaShop.lt J\u016bs\u0173 sveikatai ir gro\u017eiui.\" \/>\n<meta property=\"article:modified_time\" content=\"2026-03-18T09:32:58+00:00\" \/>\n<meta property=\"og:image\" content=\"https:\/\/www.malinashop.lt\/wp-content\/uploads\/2024\/11\/once-lipsens-kvepalu-moterims-rinkinys-100ml-30ml-1.jpg\" \/>\n\t<meta property=\"og:image:width\" content=\"388\" \/>\n\t<meta property=\"og:image:height\" content=\"388\" \/>\n\t<meta property=\"og:image:type\" content=\"image\/jpeg\" \/>\n<meta name=\"twitter:card\" content=\"summary_large_image\" \/>\n<script type=\"application\/ld+json\" class=\"yoast-schema-graph\">{\"@context\":\"https:\\\/\\\/schema.org\",\"@graph\":[{\"@type\":\"WebPage\",\"@id\":\"https:\\\/\\\/www.malinashop.lt\\\/shop\\\/once-lipsens-eau-de-parfum-intense-kvepalai-moterims-100ml\\\/\",\"url\":\"https:\\\/\\\/www.malinashop.lt\\\/shop\\\/once-lipsens-eau-de-parfum-intense-kvepalai-moterims-100ml\\\/\",\"name\":\"ONCE LIPSENS Eau De Parfum Intense kvepalai moterims, 100ml - MalinaShop.lt J\u016bs\u0173 sveikatai ir gro\u017eiui.\",\"isPartOf\":{\"@id\":\"https:\\\/\\\/www.malinashop.lt\\\/#website\"},\"primaryImageOfPage\":{\"@id\":\"https:\\\/\\\/www.malinashop.lt\\\/shop\\\/once-lipsens-eau-de-parfum-intense-kvepalai-moterims-100ml\\\/#primaryimage\"},\"image\":{\"@id\":\"https:\\\/\\\/www.malinashop.lt\\\/shop\\\/once-lipsens-eau-de-parfum-intense-kvepalai-moterims-100ml\\\/#primaryimage\"},\"thumbnailUrl\":\"https:\\\/\\\/www.malinashop.lt\\\/wp-content\\\/uploads\\\/2024\\\/11\\\/once-lipsens-kvepalu-moterims-rinkinys-100ml-30ml-1.jpg\",\"datePublished\":\"2024-11-06T12:53:21+00:00\",\"dateModified\":\"2026-03-18T09:32:58+00:00\",\"description\":\"ONCE Lipsens \u2013 saldus, jausmingas aromatas su vanil\u0117s, ambros ir muskuso natomis. Prabangus kvapas, spinduliuojantis \u0161ilum\u0105 ir moteri\u0161kum\u0105.\",\"breadcrumb\":{\"@id\":\"https:\\\/\\\/www.malinashop.lt\\\/shop\\\/once-lipsens-eau-de-parfum-intense-kvepalai-moterims-100ml\\\/#breadcrumb\"},\"inLanguage\":\"en-GB\",\"potentialAction\":[{\"@type\":\"ReadAction\",\"target\":[\"https:\\\/\\\/www.malinashop.lt\\\/shop\\\/once-lipsens-eau-de-parfum-intense-kvepalai-moterims-100ml\\\/\"]}]},{\"@type\":\"ImageObject\",\"inLanguage\":\"en-GB\",\"@id\":\"https:\\\/\\\/www.malinashop.lt\\\/shop\\\/once-lipsens-eau-de-parfum-intense-kvepalai-moterims-100ml\\\/#primaryimage\",\"url\":\"https:\\\/\\\/www.malinashop.lt\\\/wp-content\\\/uploads\\\/2024\\\/11\\\/once-lipsens-kvepalu-moterims-rinkinys-100ml-30ml-1.jpg\",\"contentUrl\":\"https:\\\/\\\/www.malinashop.lt\\\/wp-content\\\/uploads\\\/2024\\\/11\\\/once-lipsens-kvepalu-moterims-rinkinys-100ml-30ml-1.jpg\",\"width\":388,\"height\":388},{\"@type\":\"BreadcrumbList\",\"@id\":\"https:\\\/\\\/www.malinashop.lt\\\/shop\\\/once-lipsens-eau-de-parfum-intense-kvepalai-moterims-100ml\\\/#breadcrumb\",\"itemListElement\":[{\"@type\":\"ListItem\",\"position\":1,\"name\":\"Pagrindinis\",\"item\":\"https:\\\/\\\/www.malinashop.lt\\\/\"},{\"@type\":\"ListItem\",\"position\":2,\"name\":\"Parduotuv\u0117\",\"item\":\"https:\\\/\\\/www.malinashop.lt\\\/en\\\/parduotuve\\\/\"},{\"@type\":\"ListItem\",\"position\":3,\"name\":\"ONCE LIPSENS Eau De Parfum Intense kvepalai moterims, 100ml\"}]},{\"@type\":\"WebSite\",\"@id\":\"https:\\\/\\\/www.malinashop.lt\\\/#website\",\"url\":\"https:\\\/\\\/www.malinashop.lt\\\/\",\"name\":\"COM Group Ecommerce\",\"description\":\"MalinaShop.lt - Gro\u017eio ir sveikatos produktai i\u0161 patikim\u0173 preki\u0173 \u017eenkl\u0173. Atraskite auk\u0161tos kokyb\u0117s kosmetik\u0105 u\u017e puiki\u0105 kain\u0105.\",\"publisher\":{\"@id\":\"https:\\\/\\\/www.malinashop.lt\\\/#organization\"},\"potentialAction\":[{\"@type\":\"SearchAction\",\"target\":{\"@type\":\"EntryPoint\",\"urlTemplate\":\"https:\\\/\\\/www.malinashop.lt\\\/?s={search_term_string}\"},\"query-input\":{\"@type\":\"PropertyValueSpecification\",\"valueRequired\":true,\"valueName\":\"search_term_string\"}}],\"inLanguage\":\"en-GB\"},{\"@type\":\"Organization\",\"@id\":\"https:\\\/\\\/www.malinashop.lt\\\/#organization\",\"name\":\"COM Group Ecommerce\",\"url\":\"https:\\\/\\\/www.malinashop.lt\\\/\",\"logo\":{\"@type\":\"ImageObject\",\"inLanguage\":\"en-GB\",\"@id\":\"https:\\\/\\\/www.malinashop.lt\\\/#\\\/schema\\\/logo\\\/image\\\/\",\"url\":\"https:\\\/\\\/www.malinashop.lt\\\/wp-content\\\/uploads\\\/2024\\\/08\\\/462559670_3787732518133670_9795632669273463_n-e1731525914575.png\",\"contentUrl\":\"https:\\\/\\\/www.malinashop.lt\\\/wp-content\\\/uploads\\\/2024\\\/08\\\/462559670_3787732518133670_9795632669273463_n-e1731525914575.png\",\"width\":180,\"height\":60,\"caption\":\"COM Group Ecommerce\"},\"image\":{\"@id\":\"https:\\\/\\\/www.malinashop.lt\\\/#\\\/schema\\\/logo\\\/image\\\/\"}}]}<\/script>\n<!-- \/ Yoast SEO plugin. -->","yoast_head_json":{"title":"ONCE LIPSENS Eau De Parfum Intense kvepalai moterims, 100ml - MalinaShop.lt J\u016bs\u0173 sveikatai ir gro\u017eiui.","description":"ONCE Lipsens \u2013 saldus, jausmingas aromatas su vanil\u0117s, ambros ir muskuso natomis. Prabangus kvapas, spinduliuojantis \u0161ilum\u0105 ir moteri\u0161kum\u0105.","robots":{"index":"index","follow":"follow","max-snippet":"max-snippet:-1","max-image-preview":"max-image-preview:large","max-video-preview":"max-video-preview:-1"},"canonical":"https:\/\/www.malinashop.lt\/en\/shop\/once-lipsens-eau-de-parfum-intense-kvepalai-moterims-100ml\/","og_locale":"en_GB","og_type":"article","og_title":"ONCE LIPSENS Eau De Parfum Intense kvepalai moterims, 100ml - MalinaShop.lt J\u016bs\u0173 sveikatai ir gro\u017eiui.","og_description":"ONCE Lipsens \u2013 saldus, jausmingas aromatas su vanil\u0117s, ambros ir muskuso natomis. Prabangus kvapas, spinduliuojantis \u0161ilum\u0105 ir moteri\u0161kum\u0105.","og_url":"https:\/\/www.malinashop.lt\/en\/shop\/once-lipsens-eau-de-parfum-intense-kvepalai-moterims-100ml\/","og_site_name":"MalinaShop.lt J\u016bs\u0173 sveikatai ir gro\u017eiui.","article_modified_time":"2026-03-18T09:32:58+00:00","og_image":[{"width":388,"height":388,"url":"https:\/\/www.malinashop.lt\/wp-content\/uploads\/2024\/11\/once-lipsens-kvepalu-moterims-rinkinys-100ml-30ml-1.jpg","type":"image\/jpeg"}],"twitter_card":"summary_large_image","schema":{"@context":"https:\/\/schema.org","@graph":[{"@type":"WebPage","@id":"https:\/\/www.malinashop.lt\/shop\/once-lipsens-eau-de-parfum-intense-kvepalai-moterims-100ml\/","url":"https:\/\/www.malinashop.lt\/shop\/once-lipsens-eau-de-parfum-intense-kvepalai-moterims-100ml\/","name":"ONCE LIPSENS Eau De Parfum Intense kvepalai moterims, 100ml - MalinaShop.lt J\u016bs\u0173 sveikatai ir gro\u017eiui.","isPartOf":{"@id":"https:\/\/www.malinashop.lt\/#website"},"primaryImageOfPage":{"@id":"https:\/\/www.malinashop.lt\/shop\/once-lipsens-eau-de-parfum-intense-kvepalai-moterims-100ml\/#primaryimage"},"image":{"@id":"https:\/\/www.malinashop.lt\/shop\/once-lipsens-eau-de-parfum-intense-kvepalai-moterims-100ml\/#primaryimage"},"thumbnailUrl":"https:\/\/www.malinashop.lt\/wp-content\/uploads\/2024\/11\/once-lipsens-kvepalu-moterims-rinkinys-100ml-30ml-1.jpg","datePublished":"2024-11-06T12:53:21+00:00","dateModified":"2026-03-18T09:32:58+00:00","description":"ONCE Lipsens \u2013 saldus, jausmingas aromatas su vanil\u0117s, ambros ir muskuso natomis. Prabangus kvapas, spinduliuojantis \u0161ilum\u0105 ir moteri\u0161kum\u0105.","breadcrumb":{"@id":"https:\/\/www.malinashop.lt\/shop\/once-lipsens-eau-de-parfum-intense-kvepalai-moterims-100ml\/#breadcrumb"},"inLanguage":"en-GB","potentialAction":[{"@type":"ReadAction","target":["https:\/\/www.malinashop.lt\/shop\/once-lipsens-eau-de-parfum-intense-kvepalai-moterims-100ml\/"]}]},{"@type":"ImageObject","inLanguage":"en-GB","@id":"https:\/\/www.malinashop.lt\/shop\/once-lipsens-eau-de-parfum-intense-kvepalai-moterims-100ml\/#primaryimage","url":"https:\/\/www.malinashop.lt\/wp-content\/uploads\/2024\/11\/once-lipsens-kvepalu-moterims-rinkinys-100ml-30ml-1.jpg","contentUrl":"https:\/\/www.malinashop.lt\/wp-content\/uploads\/2024\/11\/once-lipsens-kvepalu-moterims-rinkinys-100ml-30ml-1.jpg","width":388,"height":388},{"@type":"BreadcrumbList","@id":"https:\/\/www.malinashop.lt\/shop\/once-lipsens-eau-de-parfum-intense-kvepalai-moterims-100ml\/#breadcrumb","itemListElement":[{"@type":"ListItem","position":1,"name":"Pagrindinis","item":"https:\/\/www.malinashop.lt\/"},{"@type":"ListItem","position":2,"name":"Parduotuv\u0117","item":"https:\/\/www.malinashop.lt\/en\/parduotuve\/"},{"@type":"ListItem","position":3,"name":"ONCE LIPSENS Eau De Parfum Intense kvepalai moterims, 100ml"}]},{"@type":"WebSite","@id":"https:\/\/www.malinashop.lt\/#website","url":"https:\/\/www.malinashop.lt\/","name":"COM Group Ecommerce","description":"MalinaShop.lt - Gro\u017eio ir sveikatos produktai i\u0161 patikim\u0173 preki\u0173 \u017eenkl\u0173. Atraskite auk\u0161tos kokyb\u0117s kosmetik\u0105 u\u017e puiki\u0105 kain\u0105.","publisher":{"@id":"https:\/\/www.malinashop.lt\/#organization"},"potentialAction":[{"@type":"SearchAction","target":{"@type":"EntryPoint","urlTemplate":"https:\/\/www.malinashop.lt\/?s={search_term_string}"},"query-input":{"@type":"PropertyValueSpecification","valueRequired":true,"valueName":"search_term_string"}}],"inLanguage":"en-GB"},{"@type":"Organization","@id":"https:\/\/www.malinashop.lt\/#organization","name":"COM Group Ecommerce","url":"https:\/\/www.malinashop.lt\/","logo":{"@type":"ImageObject","inLanguage":"en-GB","@id":"https:\/\/www.malinashop.lt\/#\/schema\/logo\/image\/","url":"https:\/\/www.malinashop.lt\/wp-content\/uploads\/2024\/08\/462559670_3787732518133670_9795632669273463_n-e1731525914575.png","contentUrl":"https:\/\/www.malinashop.lt\/wp-content\/uploads\/2024\/08\/462559670_3787732518133670_9795632669273463_n-e1731525914575.png","width":180,"height":60,"caption":"COM Group Ecommerce"},"image":{"@id":"https:\/\/www.malinashop.lt\/#\/schema\/logo\/image\/"}}]}},"jetpack_sharing_enabled":true,"_links":{"self":[{"href":"https:\/\/www.malinashop.lt\/en\/wp-json\/wp\/v2\/product\/20141","targetHints":{"allow":["GET"]}}],"collection":[{"href":"https:\/\/www.malinashop.lt\/en\/wp-json\/wp\/v2\/product"}],"about":[{"href":"https:\/\/www.malinashop.lt\/en\/wp-json\/wp\/v2\/types\/product"}],"version-history":[{"count":3,"href":"https:\/\/www.malinashop.lt\/en\/wp-json\/wp\/v2\/product\/20141\/revisions"}],"predecessor-version":[{"id":59832,"href":"https:\/\/www.malinashop.lt\/en\/wp-json\/wp\/v2\/product\/20141\/revisions\/59832"}],"wp:featuredmedia":[{"embeddable":true,"href":"https:\/\/www.malinashop.lt\/en\/wp-json\/wp\/v2\/media\/21283"}],"wp:attachment":[{"href":"https:\/\/www.malinashop.lt\/en\/wp-json\/wp\/v2\/media?parent=20141"}],"wp:term":[{"taxonomy":"product_brand","embeddable":true,"href":"https:\/\/www.malinashop.lt\/en\/wp-json\/wp\/v2\/product_brand?post=20141"},{"taxonomy":"product_cat","embeddable":true,"href":"https:\/\/www.malinashop.lt\/en\/wp-json\/wp\/v2\/product_cat?post=20141"},{"taxonomy":"product_tag","embeddable":true,"href":"https:\/\/www.malinashop.lt\/en\/wp-json\/wp\/v2\/product_tag?post=20141"}],"curies":[{"name":"wp","href":"https:\/\/api.w.org\/{rel}","templated":true}]}}