{"id":20125,"date":"2024-11-06T15:53:16","date_gmt":"2024-11-06T12:53:16","guid":{"rendered":"https:\/\/malinashop.lt\/produktas\/once-pherody-eau-de-parfum-intense-kvepalai-100-ml\/"},"modified":"2026-03-18T12:33:00","modified_gmt":"2026-03-18T09:33:00","slug":"once-pherody-eau-de-parfum-intense-kvepalai-100-ml","status":"publish","type":"product","link":"https:\/\/www.malinashop.lt\/en\/shop\/once-pherody-eau-de-parfum-intense-kvepalai-100-ml\/","title":{"rendered":"ONCE PHERODY Eau De Parfum Intense kvepalai, 100 ml"},"content":{"rendered":"<p data-start=\"327\" data-end=\"600\"><strong data-start=\"327\" data-end=\"343\">ONCE Pherody<\/strong> \u2013 tai <strong data-start=\"350\" data-end=\"394\">aistr\u0105 ir jausmingum\u0105 \u012fk\u016bnijantis kvapas<\/strong>, kuris tarsi subtili g\u0117li\u0173 puok\u0161t\u0117 apgaubia sald\u017eia, kerin\u010dia \u0161iluma. \u0160is aromatas su\u017eadina poj\u016b\u010dius, pa\u017eadina emocijas ir palieka i\u0161skirtin\u012f \u012fsp\u016bd\u012f ant odos \u2013 tarsi saldus desertas, lydintis vis\u0105 dien\u0105.<\/p>\n<p data-start=\"602\" data-end=\"835\">Kvepalai skirti <strong data-start=\"618\" data-end=\"658\">moteriai, kuri nebijo b\u016bti pasteb\u0117ta<\/strong> \u2013 \u017eavingai, stipriai ir kartu paslaptingai. Kvapas spinduliuoja <strong data-start=\"723\" data-end=\"761\">saldum\u0105, jausmingum\u0105 ir elegancij\u0105<\/strong>, sukeldamas aplinkini\u0173 susi\u017eav\u0117jim\u0105 ir ilgam i\u0161liekant\u012f aromato \u0161leif\u0105.<\/p>\n<hr data-start=\"837\" data-end=\"840\" \/>\n<h3 data-start=\"842\" data-end=\"866\"><strong data-start=\"846\" data-end=\"864\">Kvepal\u0173 natos:<\/strong><\/h3>\n<ul data-start=\"867\" data-end=\"1039\">\n<li data-start=\"867\" data-end=\"934\">\n<p data-start=\"869\" data-end=\"934\"><strong data-start=\"869\" data-end=\"890\">Vir\u0161utin\u0117s natos:<\/strong> citrina, apelsin\u0173 \u017eiedas, \u017ealioji kriau\u0161\u0117<\/p>\n<\/li>\n<li data-start=\"935\" data-end=\"985\">\n<p data-start=\"937\" data-end=\"985\"><strong data-start=\"937\" data-end=\"957\">Vidurin\u0117s natos:<\/strong> ro\u017e\u0117, medetkos, gardenija<\/p>\n<\/li>\n<li data-start=\"986\" data-end=\"1039\">\n<p data-start=\"988\" data-end=\"1039\"><strong data-start=\"988\" data-end=\"1006\">Bazin\u0117s natos:<\/strong> vanil\u0117, lorenoksas, orkanoksas<\/p>\n<\/li>\n<\/ul>\n<hr data-start=\"1041\" data-end=\"1044\" \/>\n<h3 data-start=\"1046\" data-end=\"1063\"><strong data-start=\"1050\" data-end=\"1061\">K\u016br\u0117ja:<\/strong><\/h3>\n<p data-start=\"1064\" data-end=\"1321\"><strong data-start=\"1064\" data-end=\"1085\">Angeline Leporini<\/strong> \u2013 parfumer\u0117, gars\u0117janti savo k\u016brybi\u0161kumu ir geb\u0117jimu sujungti skirtingus kvap\u0173 pasaulius. Jos \u012fkv\u0117pimo \u0161altinis \u2013 kelion\u0117s, kult\u016briniai atradimai ir menas. Ji tiki, kad \u201ekiekvienas kvapas \u2013 tai emocija, kuri\u0105 galima pajusti \u0161irdimi\u201c.<\/p>\n<hr data-start=\"1323\" data-end=\"1326\" \/>\n<h3 data-start=\"1328\" data-end=\"1362\"><strong data-start=\"1332\" data-end=\"1360\">ONCE kvepal\u0173 filosofija:<\/strong><\/h3>\n<p data-start=\"1363\" data-end=\"1587\">ONCE kvepalai sukurti <strong data-start=\"1385\" data-end=\"1411\">pasakoti j\u016bs\u0173 istorij\u0105<\/strong> \u2013 kiekvienas kvapas atspindi jausm\u0105, akimirk\u0105 ar prisiminim\u0105. Tai emocij\u0173 kolekcija, leid\u017eianti i\u0161reik\u0161ti <strong data-start=\"1518\" data-end=\"1584\">meil\u0119, d\u017eiaugsm\u0105, dr\u0105s\u0105, jausmingum\u0105, pasitik\u0117jim\u0105 ar tro\u0161kim\u0105<\/strong>.<\/p>\n<hr data-start=\"1589\" data-end=\"1592\" \/>\n<h3 data-start=\"1594\" data-end=\"1633\"><strong data-start=\"1598\" data-end=\"1631\">ONCE Pherody \u2013 tobula dovana:<\/strong><\/h3>\n<p data-start=\"1634\" data-end=\"1899\">Kvepalai supakuoti \u012f <strong data-start=\"1655\" data-end=\"1675\">prabangi\u0105 d\u0117\u017eut\u0119<\/strong>, tod\u0117l puikiai tiks kaip dovana mylimam \u017emogui ar sau. \u0160is aromatas priklauso <strong data-start=\"1754\" data-end=\"1804\">ilgai i\u0161liekan\u010di\u0173, unisex ONCE kvepal\u0173 linijai<\/strong>, kuriai taip pat priklauso Lipsens, Hotis, Lorev, Desight, Josy, Exiro, Courield ir Braries.<\/p>\n","protected":false},"excerpt":{"rendered":"<p><strong data-start=\"105\" data-end=\"121\">ONCE Pherody<\/strong> \u2013 moteri\u0161kas, saldus ir jausmingas aromatas, kuriame dera citrusai, g\u0117li\u0173 puok\u0161t\u0117 ir \u0161ilta vanil\u0117. Sukurtas spinduliuoti aistr\u0105, pasitik\u0117jim\u0105 ir ilgai i\u0161liekant\u012f \u017eaves\u012f.<\/p>\n","protected":false},"featured_media":21293,"template":"","meta":[],"product_brand":[558],"product_cat":[707,545],"product_tag":[1636],"class_list":{"0":"post-20125","1":"product","2":"type-product","3":"status-publish","4":"has-post-thumbnail","6":"product_brand-once-perfume","7":"product_cat-kvepalai","8":"product_cat-kvepalai-moterims","9":"product_tag-once-perfume","11":"first","12":"instock","13":"sale","14":"taxable","15":"shipping-taxable","16":"purchasable","17":"product-type-simple"},"yoast_head":"<!-- This site is optimized with the Yoast SEO plugin v27.4 - https:\/\/yoast.com\/product\/yoast-seo-wordpress\/ -->\n<title>ONCE PHERODY Eau De Parfum Intense kvepalai, 100 ml - MalinaShop.lt J\u016bs\u0173 sveikatai ir gro\u017eiui.<\/title>\n<meta name=\"description\" content=\"ONCE Pherody \u2013 jausmingas, saldus ir eleganti\u0161kas aromatas su citrusais, g\u0117l\u0117mis ir vanile. Sukurtas spinduliuoti aistr\u0105 ir pasitik\u0117jim\u0105.\" \/>\n<meta name=\"robots\" content=\"index, follow, max-snippet:-1, max-image-preview:large, max-video-preview:-1\" \/>\n<link rel=\"canonical\" href=\"https:\/\/www.malinashop.lt\/en\/shop\/once-pherody-eau-de-parfum-intense-kvepalai-100-ml\/\" \/>\n<meta property=\"og:locale\" content=\"en_GB\" \/>\n<meta property=\"og:type\" content=\"article\" \/>\n<meta property=\"og:title\" content=\"ONCE PHERODY Eau De Parfum Intense kvepalai, 100 ml - MalinaShop.lt J\u016bs\u0173 sveikatai ir gro\u017eiui.\" \/>\n<meta property=\"og:description\" content=\"ONCE Pherody \u2013 jausmingas, saldus ir eleganti\u0161kas aromatas su citrusais, g\u0117l\u0117mis ir vanile. Sukurtas spinduliuoti aistr\u0105 ir pasitik\u0117jim\u0105.\" \/>\n<meta property=\"og:url\" content=\"https:\/\/www.malinashop.lt\/en\/shop\/once-pherody-eau-de-parfum-intense-kvepalai-100-ml\/\" \/>\n<meta property=\"og:site_name\" content=\"MalinaShop.lt J\u016bs\u0173 sveikatai ir gro\u017eiui.\" \/>\n<meta property=\"article:modified_time\" content=\"2026-03-18T09:33:00+00:00\" \/>\n<meta property=\"og:image\" content=\"https:\/\/www.malinashop.lt\/wp-content\/uploads\/2024\/11\/once-pherody-eau-de-parfum-intense-kvepalai-100-ml-1-1.jpg\" \/>\n\t<meta property=\"og:image:width\" content=\"388\" \/>\n\t<meta property=\"og:image:height\" content=\"388\" \/>\n\t<meta property=\"og:image:type\" content=\"image\/jpeg\" \/>\n<meta name=\"twitter:card\" content=\"summary_large_image\" \/>\n<script type=\"application\/ld+json\" class=\"yoast-schema-graph\">{\"@context\":\"https:\\\/\\\/schema.org\",\"@graph\":[{\"@type\":\"WebPage\",\"@id\":\"https:\\\/\\\/www.malinashop.lt\\\/lt_lt\\\/shop\\\/once-pherody-eau-de-parfum-intense-kvepalai-100-ml\\\/\",\"url\":\"https:\\\/\\\/www.malinashop.lt\\\/lt_lt\\\/shop\\\/once-pherody-eau-de-parfum-intense-kvepalai-100-ml\\\/\",\"name\":\"ONCE PHERODY Eau De Parfum Intense kvepalai, 100 ml - MalinaShop.lt J\u016bs\u0173 sveikatai ir gro\u017eiui.\",\"isPartOf\":{\"@id\":\"https:\\\/\\\/www.malinashop.lt\\\/#website\"},\"primaryImageOfPage\":{\"@id\":\"https:\\\/\\\/www.malinashop.lt\\\/lt_lt\\\/shop\\\/once-pherody-eau-de-parfum-intense-kvepalai-100-ml\\\/#primaryimage\"},\"image\":{\"@id\":\"https:\\\/\\\/www.malinashop.lt\\\/lt_lt\\\/shop\\\/once-pherody-eau-de-parfum-intense-kvepalai-100-ml\\\/#primaryimage\"},\"thumbnailUrl\":\"https:\\\/\\\/www.malinashop.lt\\\/wp-content\\\/uploads\\\/2024\\\/11\\\/once-pherody-eau-de-parfum-intense-kvepalai-100-ml-1-1.jpg\",\"datePublished\":\"2024-11-06T12:53:16+00:00\",\"dateModified\":\"2026-03-18T09:33:00+00:00\",\"description\":\"ONCE Pherody \u2013 jausmingas, saldus ir eleganti\u0161kas aromatas su citrusais, g\u0117l\u0117mis ir vanile. Sukurtas spinduliuoti aistr\u0105 ir pasitik\u0117jim\u0105.\",\"breadcrumb\":{\"@id\":\"https:\\\/\\\/www.malinashop.lt\\\/lt_lt\\\/shop\\\/once-pherody-eau-de-parfum-intense-kvepalai-100-ml\\\/#breadcrumb\"},\"inLanguage\":\"en-GB\",\"potentialAction\":[{\"@type\":\"ReadAction\",\"target\":[\"https:\\\/\\\/www.malinashop.lt\\\/lt_lt\\\/shop\\\/once-pherody-eau-de-parfum-intense-kvepalai-100-ml\\\/\"]}]},{\"@type\":\"ImageObject\",\"inLanguage\":\"en-GB\",\"@id\":\"https:\\\/\\\/www.malinashop.lt\\\/lt_lt\\\/shop\\\/once-pherody-eau-de-parfum-intense-kvepalai-100-ml\\\/#primaryimage\",\"url\":\"https:\\\/\\\/www.malinashop.lt\\\/wp-content\\\/uploads\\\/2024\\\/11\\\/once-pherody-eau-de-parfum-intense-kvepalai-100-ml-1-1.jpg\",\"contentUrl\":\"https:\\\/\\\/www.malinashop.lt\\\/wp-content\\\/uploads\\\/2024\\\/11\\\/once-pherody-eau-de-parfum-intense-kvepalai-100-ml-1-1.jpg\",\"width\":388,\"height\":388},{\"@type\":\"BreadcrumbList\",\"@id\":\"https:\\\/\\\/www.malinashop.lt\\\/lt_lt\\\/shop\\\/once-pherody-eau-de-parfum-intense-kvepalai-100-ml\\\/#breadcrumb\",\"itemListElement\":[{\"@type\":\"ListItem\",\"position\":1,\"name\":\"Pagrindinis\",\"item\":\"https:\\\/\\\/www.malinashop.lt\\\/\"},{\"@type\":\"ListItem\",\"position\":2,\"name\":\"Parduotuv\u0117\",\"item\":\"https:\\\/\\\/www.malinashop.lt\\\/en\\\/parduotuve\\\/\"},{\"@type\":\"ListItem\",\"position\":3,\"name\":\"ONCE PHERODY Eau De Parfum Intense kvepalai, 100 ml\"}]},{\"@type\":\"WebSite\",\"@id\":\"https:\\\/\\\/www.malinashop.lt\\\/#website\",\"url\":\"https:\\\/\\\/www.malinashop.lt\\\/\",\"name\":\"COM Group Ecommerce\",\"description\":\"MalinaShop.lt - Gro\u017eio ir sveikatos produktai i\u0161 patikim\u0173 preki\u0173 \u017eenkl\u0173. Atraskite auk\u0161tos kokyb\u0117s kosmetik\u0105 u\u017e puiki\u0105 kain\u0105.\",\"publisher\":{\"@id\":\"https:\\\/\\\/www.malinashop.lt\\\/#organization\"},\"potentialAction\":[{\"@type\":\"SearchAction\",\"target\":{\"@type\":\"EntryPoint\",\"urlTemplate\":\"https:\\\/\\\/www.malinashop.lt\\\/?s={search_term_string}\"},\"query-input\":{\"@type\":\"PropertyValueSpecification\",\"valueRequired\":true,\"valueName\":\"search_term_string\"}}],\"inLanguage\":\"en-GB\"},{\"@type\":\"Organization\",\"@id\":\"https:\\\/\\\/www.malinashop.lt\\\/#organization\",\"name\":\"COM Group Ecommerce\",\"url\":\"https:\\\/\\\/www.malinashop.lt\\\/\",\"logo\":{\"@type\":\"ImageObject\",\"inLanguage\":\"en-GB\",\"@id\":\"https:\\\/\\\/www.malinashop.lt\\\/#\\\/schema\\\/logo\\\/image\\\/\",\"url\":\"https:\\\/\\\/www.malinashop.lt\\\/wp-content\\\/uploads\\\/2024\\\/08\\\/462559670_3787732518133670_9795632669273463_n-e1731525914575.png\",\"contentUrl\":\"https:\\\/\\\/www.malinashop.lt\\\/wp-content\\\/uploads\\\/2024\\\/08\\\/462559670_3787732518133670_9795632669273463_n-e1731525914575.png\",\"width\":180,\"height\":60,\"caption\":\"COM Group Ecommerce\"},\"image\":{\"@id\":\"https:\\\/\\\/www.malinashop.lt\\\/#\\\/schema\\\/logo\\\/image\\\/\"}}]}<\/script>\n<!-- \/ Yoast SEO plugin. -->","yoast_head_json":{"title":"ONCE PHERODY Eau De Parfum Intense kvepalai, 100 ml - MalinaShop.lt J\u016bs\u0173 sveikatai ir gro\u017eiui.","description":"ONCE Pherody \u2013 jausmingas, saldus ir eleganti\u0161kas aromatas su citrusais, g\u0117l\u0117mis ir vanile. Sukurtas spinduliuoti aistr\u0105 ir pasitik\u0117jim\u0105.","robots":{"index":"index","follow":"follow","max-snippet":"max-snippet:-1","max-image-preview":"max-image-preview:large","max-video-preview":"max-video-preview:-1"},"canonical":"https:\/\/www.malinashop.lt\/en\/shop\/once-pherody-eau-de-parfum-intense-kvepalai-100-ml\/","og_locale":"en_GB","og_type":"article","og_title":"ONCE PHERODY Eau De Parfum Intense kvepalai, 100 ml - MalinaShop.lt J\u016bs\u0173 sveikatai ir gro\u017eiui.","og_description":"ONCE Pherody \u2013 jausmingas, saldus ir eleganti\u0161kas aromatas su citrusais, g\u0117l\u0117mis ir vanile. Sukurtas spinduliuoti aistr\u0105 ir pasitik\u0117jim\u0105.","og_url":"https:\/\/www.malinashop.lt\/en\/shop\/once-pherody-eau-de-parfum-intense-kvepalai-100-ml\/","og_site_name":"MalinaShop.lt J\u016bs\u0173 sveikatai ir gro\u017eiui.","article_modified_time":"2026-03-18T09:33:00+00:00","og_image":[{"width":388,"height":388,"url":"https:\/\/www.malinashop.lt\/wp-content\/uploads\/2024\/11\/once-pherody-eau-de-parfum-intense-kvepalai-100-ml-1-1.jpg","type":"image\/jpeg"}],"twitter_card":"summary_large_image","schema":{"@context":"https:\/\/schema.org","@graph":[{"@type":"WebPage","@id":"https:\/\/www.malinashop.lt\/lt_lt\/shop\/once-pherody-eau-de-parfum-intense-kvepalai-100-ml\/","url":"https:\/\/www.malinashop.lt\/lt_lt\/shop\/once-pherody-eau-de-parfum-intense-kvepalai-100-ml\/","name":"ONCE PHERODY Eau De Parfum Intense kvepalai, 100 ml - MalinaShop.lt J\u016bs\u0173 sveikatai ir gro\u017eiui.","isPartOf":{"@id":"https:\/\/www.malinashop.lt\/#website"},"primaryImageOfPage":{"@id":"https:\/\/www.malinashop.lt\/lt_lt\/shop\/once-pherody-eau-de-parfum-intense-kvepalai-100-ml\/#primaryimage"},"image":{"@id":"https:\/\/www.malinashop.lt\/lt_lt\/shop\/once-pherody-eau-de-parfum-intense-kvepalai-100-ml\/#primaryimage"},"thumbnailUrl":"https:\/\/www.malinashop.lt\/wp-content\/uploads\/2024\/11\/once-pherody-eau-de-parfum-intense-kvepalai-100-ml-1-1.jpg","datePublished":"2024-11-06T12:53:16+00:00","dateModified":"2026-03-18T09:33:00+00:00","description":"ONCE Pherody \u2013 jausmingas, saldus ir eleganti\u0161kas aromatas su citrusais, g\u0117l\u0117mis ir vanile. Sukurtas spinduliuoti aistr\u0105 ir pasitik\u0117jim\u0105.","breadcrumb":{"@id":"https:\/\/www.malinashop.lt\/lt_lt\/shop\/once-pherody-eau-de-parfum-intense-kvepalai-100-ml\/#breadcrumb"},"inLanguage":"en-GB","potentialAction":[{"@type":"ReadAction","target":["https:\/\/www.malinashop.lt\/lt_lt\/shop\/once-pherody-eau-de-parfum-intense-kvepalai-100-ml\/"]}]},{"@type":"ImageObject","inLanguage":"en-GB","@id":"https:\/\/www.malinashop.lt\/lt_lt\/shop\/once-pherody-eau-de-parfum-intense-kvepalai-100-ml\/#primaryimage","url":"https:\/\/www.malinashop.lt\/wp-content\/uploads\/2024\/11\/once-pherody-eau-de-parfum-intense-kvepalai-100-ml-1-1.jpg","contentUrl":"https:\/\/www.malinashop.lt\/wp-content\/uploads\/2024\/11\/once-pherody-eau-de-parfum-intense-kvepalai-100-ml-1-1.jpg","width":388,"height":388},{"@type":"BreadcrumbList","@id":"https:\/\/www.malinashop.lt\/lt_lt\/shop\/once-pherody-eau-de-parfum-intense-kvepalai-100-ml\/#breadcrumb","itemListElement":[{"@type":"ListItem","position":1,"name":"Pagrindinis","item":"https:\/\/www.malinashop.lt\/"},{"@type":"ListItem","position":2,"name":"Parduotuv\u0117","item":"https:\/\/www.malinashop.lt\/en\/parduotuve\/"},{"@type":"ListItem","position":3,"name":"ONCE PHERODY Eau De Parfum Intense kvepalai, 100 ml"}]},{"@type":"WebSite","@id":"https:\/\/www.malinashop.lt\/#website","url":"https:\/\/www.malinashop.lt\/","name":"COM Group Ecommerce","description":"MalinaShop.lt - Gro\u017eio ir sveikatos produktai i\u0161 patikim\u0173 preki\u0173 \u017eenkl\u0173. Atraskite auk\u0161tos kokyb\u0117s kosmetik\u0105 u\u017e puiki\u0105 kain\u0105.","publisher":{"@id":"https:\/\/www.malinashop.lt\/#organization"},"potentialAction":[{"@type":"SearchAction","target":{"@type":"EntryPoint","urlTemplate":"https:\/\/www.malinashop.lt\/?s={search_term_string}"},"query-input":{"@type":"PropertyValueSpecification","valueRequired":true,"valueName":"search_term_string"}}],"inLanguage":"en-GB"},{"@type":"Organization","@id":"https:\/\/www.malinashop.lt\/#organization","name":"COM Group Ecommerce","url":"https:\/\/www.malinashop.lt\/","logo":{"@type":"ImageObject","inLanguage":"en-GB","@id":"https:\/\/www.malinashop.lt\/#\/schema\/logo\/image\/","url":"https:\/\/www.malinashop.lt\/wp-content\/uploads\/2024\/08\/462559670_3787732518133670_9795632669273463_n-e1731525914575.png","contentUrl":"https:\/\/www.malinashop.lt\/wp-content\/uploads\/2024\/08\/462559670_3787732518133670_9795632669273463_n-e1731525914575.png","width":180,"height":60,"caption":"COM Group Ecommerce"},"image":{"@id":"https:\/\/www.malinashop.lt\/#\/schema\/logo\/image\/"}}]}},"jetpack_sharing_enabled":true,"_links":{"self":[{"href":"https:\/\/www.malinashop.lt\/en\/wp-json\/wp\/v2\/product\/20125","targetHints":{"allow":["GET"]}}],"collection":[{"href":"https:\/\/www.malinashop.lt\/en\/wp-json\/wp\/v2\/product"}],"about":[{"href":"https:\/\/www.malinashop.lt\/en\/wp-json\/wp\/v2\/types\/product"}],"version-history":[{"count":3,"href":"https:\/\/www.malinashop.lt\/en\/wp-json\/wp\/v2\/product\/20125\/revisions"}],"predecessor-version":[{"id":59880,"href":"https:\/\/www.malinashop.lt\/en\/wp-json\/wp\/v2\/product\/20125\/revisions\/59880"}],"wp:featuredmedia":[{"embeddable":true,"href":"https:\/\/www.malinashop.lt\/en\/wp-json\/wp\/v2\/media\/21293"}],"wp:attachment":[{"href":"https:\/\/www.malinashop.lt\/en\/wp-json\/wp\/v2\/media?parent=20125"}],"wp:term":[{"taxonomy":"product_brand","embeddable":true,"href":"https:\/\/www.malinashop.lt\/en\/wp-json\/wp\/v2\/product_brand?post=20125"},{"taxonomy":"product_cat","embeddable":true,"href":"https:\/\/www.malinashop.lt\/en\/wp-json\/wp\/v2\/product_cat?post=20125"},{"taxonomy":"product_tag","embeddable":true,"href":"https:\/\/www.malinashop.lt\/en\/wp-json\/wp\/v2\/product_tag?post=20125"}],"curies":[{"name":"wp","href":"https:\/\/api.w.org\/{rel}","templated":true}]}}