{"id":20089,"date":"2024-11-06T15:53:11","date_gmt":"2024-11-06T12:53:11","guid":{"rendered":"https:\/\/malinashop.lt\/produktas\/numee-glow-up-pretty-solid-nourishing-cleansing-butter-maitinantis-valomasis-veido-sviestas-90-ml\/"},"modified":"2026-03-18T12:34:36","modified_gmt":"2026-03-18T09:34:36","slug":"numee-glow-up-pretty-solid-nourishing-cleansing-butter-maitinantis-valomasis-veido-sviestas-90-ml","status":"publish","type":"product","link":"https:\/\/www.malinashop.lt\/en\/shop\/numee-glow-up-pretty-solid-nourishing-cleansing-butter-maitinantis-valomasis-veido-sviestas-90-ml\/","title":{"rendered":"NUMEE Glow Up PRETTY SOLID NOURISHING CLEANSING BUTTER maitinantis valomasis veido sviestas, 90 ml"},"content":{"rendered":"<p>NUMEE pristato maitinant\u012f valom\u0105j\u012f veido sviest\u0105 Glow Up PRETTY SOLID NOURISHING CLEANSING BUTTER, sukurt\u0105 i\u0161 i\u0161skirtinio brangi\u0173 ingredient\u0173 mi\u0161inio: dygmin\u0173 aliejaus, taukmed\u017eio sviesto, alyvuogi\u0173 aliejaus ir simondsij\u0173 aliejaus. \u0160is tirpstantis stebuklas pa\u0161alins visus ne\u0161varumus ir makia\u017e\u0105, palikdamas od\u0105 \u0161vari\u0105 ir pamaitint\u0105.<\/p>\n<p>Sudedamosios Dalys:<\/p>\n<p>Dygmin\u0173 Aliejus (12%): Maitina od\u0105, suteikia jai sveik\u0105, lygi\u0105 ir elasting\u0105 i\u0161vaizd\u0105. Padeda atkurti pa\u017eeistas odos l\u0105steles ir skatina l\u0105steli\u0173 atsinaujinim\u0105, gerina odos tekst\u016br\u0105.<br \/>\nJojobos Aliejus (2%): \u0160velnina ir dr\u0117kina od\u0105, \u017einomas d\u0117l savo maitinam\u0173j\u0173 ir mink\u0161tinam\u0173j\u0173 savybi\u0173.<br \/>\nTaukmed\u017eio Sviestas (3%): Atkuria odos lipid\u0173 barjer\u0105, stiprina ir saugo od\u0105. Padidina vandens kiek\u012f odoje ir apsaugo nuo aplinkos poveikio.<br \/>\nAlyvuogi\u0173 Aliejus (3%): Mink\u0161tina od\u0105, apgaubia j\u0105 apsauginiu sluoksniu ir apsaugo nuo oksidacinio streso.<br \/>\nPagrindiniai Privalumai:<\/p>\n<p>Efektyviai pa\u0161alina makia\u017e\u0105, ne\u0161varumus ir riebal\u0173 pertekli\u0173.<br \/>\nPalieka od\u0105 \u0161vari\u0105, \u0161velni\u0105 ir pamaitint\u0105.<br \/>\nSkatina odos l\u0105steli\u0173 atsinaujinim\u0105 ir gerina jos tekst\u016br\u0105.<br \/>\nSuteikia odai sveik\u0105, stangri\u0105 ir elasting\u0105 i\u0161vaizd\u0105.<br \/>\nNaudojimas:<\/p>\n<p>Nedidel\u012f kiek\u012f valomojo sviesto u\u017etepkite ant \u0161vari\u0173, saus\u0173 rank\u0173 ir \u012fmasa\u017euokite \u012f od\u0105, kol sviestas pavirs aliejumi. Masa\u017euokite lengvais sukamaisiais judesiais, ypating\u0105 d\u0117mes\u012f skiriant vietoms su makia\u017eu. Tada sudr\u0117kinkite rankas ir t\u0119skite masa\u017e\u0105, kol aliejus pavirs pienelio konsistencijos emulsija. Galiausiai kruop\u0161\u010diai nuplaukite veid\u0105 drungnu vandeniu.<\/p>\n<p>NUMEE Prek\u0117s \u017denklo Filosofija:<\/p>\n<p>NUMEE yra rezultatas daugiau nei 20 met\u0173 tyrim\u0173 ir k\u016brimo. Produkt\u0173 filosofija remiasi saugumu, efektyvumu ir inovatyvumu u\u017e prieinam\u0105 kain\u0105. NUMEE tikslas \u2013 nat\u016bralus ir \u201e\u0161velnus\u201c gro\u017eis, naudojant veiksmingus produktus, kurie tikrai veikia.<\/p>\n<p>NUMEE naudoja nat\u016bralios kilm\u0117s ingredientus, tinkamus net jautriausiai odai. Prek\u0117s \u017eenklas siekia sustiprinti odos geb\u0117jim\u0105 atsinaujinti, kad kiekvienas gal\u0117t\u0173 atrasti sveik\u0105, gaivi\u0105 ir subalansuot\u0105 od\u0105.<\/p>\n<p>Aplinkai Draugi\u0161ki Sprendimai:<\/p>\n<p>NUMEE si\u016blo odos prie\u017ei\u016bros produktus, kurie yra ne tik veiksmingi j\u016bs\u0173 odai, bet ir draugi\u0161ki aplinkai bei planetai, kurioje gyvename. Su NUMEE atraskite sveik\u0105, \u0161vytin\u010di\u0105 ir subalansuot\u0105 od\u0105 kiekvien\u0105 dien\u0105!<\/p>\n<div class=\"text-tab text-tab-id-10\">\n<p>Siuntas i\u0161siun\u010diame antradieniais ir ketvirtadieniais. Jei d\u0117l koki\u0173 nors prie\u017eas\u010di\u0173 siunta negali b\u016bti i\u0161si\u0173sta \u0161iomis dienomis ir ji yra perkeliama \u012f kit\u0105 dien\u0105, apie tai informuosime jus svetain\u0117je arba el. pa\u0161tu.<\/p>\n<p>\u201eJei turite klausim\u0173, pra\u0161ome susisiekti el. pa\u0161tu info@malinashop.lt arba telefonu +37065444002 darbo dienomis nuo 10:00 iki 16:00 val.\u201c<\/p>\n<\/div>\n<div class=\"text-tab text-tab-id-11\">\n<p>Perkant u\u017e daugiau nei 50\u20ac &#8211; pristatymas nemokamas.<\/p>\n<p>Pristatymas \u012f LPexpress pa\u0161tomat\u0105\u00a0(visoje Lietuvoje, i\u0161skyrus Kur\u0161i\u0173 Nerij\u0105).<\/p>\n<\/div>\n","protected":false},"excerpt":{"rendered":"<p>NUMEE pristato maitinant\u012f valom\u0105j\u012f veido sviest\u0105 Glow Up PRETTY SOLID NOURISHING CLEANSING BUTTER, sukurt\u0105 i\u0161 i\u0161skirtinio brangi\u0173 ingredient\u0173 mi\u0161inio: dygmin\u0173 aliejaus, taukmed\u017eio&hellip;<\/p>\n","protected":false},"featured_media":18178,"template":"","meta":[],"product_brand":[548],"product_cat":[537,728],"product_tag":[1635],"class_list":{"0":"post-20089","1":"product","2":"type-product","3":"status-publish","4":"has-post-thumbnail","6":"product_brand-numee","7":"product_cat-veido-valymo-priemones","8":"product_cat-veidui","9":"product_tag-numee","11":"first","12":"outofstock","13":"sale","14":"taxable","15":"shipping-taxable","16":"purchasable","17":"product-type-simple"},"yoast_head":"<!-- This site is optimized with the Yoast SEO plugin v27.4 - https:\/\/yoast.com\/product\/yoast-seo-wordpress\/ -->\n<title>NUMEE Glow Up PRETTY SOLID NOURISHING CLEANSING BUTTER maitinantis valomasis veido sviestas, 90 ml - MalinaShop.lt J\u016bs\u0173 sveikatai ir gro\u017eiui.<\/title>\n<meta name=\"robots\" content=\"index, follow, max-snippet:-1, max-image-preview:large, max-video-preview:-1\" \/>\n<link rel=\"canonical\" href=\"https:\/\/www.malinashop.lt\/en\/shop\/numee-glow-up-pretty-solid-nourishing-cleansing-butter-maitinantis-valomasis-veido-sviestas-90-ml\/\" \/>\n<meta property=\"og:locale\" content=\"en_GB\" \/>\n<meta property=\"og:type\" content=\"article\" \/>\n<meta property=\"og:title\" content=\"NUMEE Glow Up PRETTY SOLID NOURISHING CLEANSING BUTTER maitinantis valomasis veido sviestas, 90 ml - MalinaShop.lt J\u016bs\u0173 sveikatai ir gro\u017eiui.\" \/>\n<meta property=\"og:url\" content=\"https:\/\/www.malinashop.lt\/en\/shop\/numee-glow-up-pretty-solid-nourishing-cleansing-butter-maitinantis-valomasis-veido-sviestas-90-ml\/\" \/>\n<meta property=\"og:site_name\" content=\"MalinaShop.lt J\u016bs\u0173 sveikatai ir gro\u017eiui.\" \/>\n<meta property=\"article:modified_time\" content=\"2026-03-18T09:34:36+00:00\" \/>\n<meta property=\"og:image\" content=\"https:\/\/www.malinashop.lt\/wp-content\/uploads\/2024\/11\/NUMEE-Glow-Up-PRETTY-SOLID-NOURISHING-CLEANSING-BUTTER-maitinantis-valomasis-veido-sviestas-90-ml.jpg\" \/>\n\t<meta property=\"og:image:width\" content=\"1000\" \/>\n\t<meta property=\"og:image:height\" content=\"1000\" \/>\n\t<meta property=\"og:image:type\" content=\"image\/jpeg\" \/>\n<meta name=\"twitter:card\" content=\"summary_large_image\" \/>\n<script type=\"application\/ld+json\" class=\"yoast-schema-graph\">{\"@context\":\"https:\\\/\\\/schema.org\",\"@graph\":[{\"@type\":\"WebPage\",\"@id\":\"https:\\\/\\\/www.malinashop.lt\\\/lt_lt\\\/shop\\\/numee-glow-up-pretty-solid-nourishing-cleansing-butter-maitinantis-valomasis-veido-sviestas-90-ml\\\/\",\"url\":\"https:\\\/\\\/www.malinashop.lt\\\/lt_lt\\\/shop\\\/numee-glow-up-pretty-solid-nourishing-cleansing-butter-maitinantis-valomasis-veido-sviestas-90-ml\\\/\",\"name\":\"NUMEE Glow Up PRETTY SOLID NOURISHING CLEANSING BUTTER maitinantis valomasis veido sviestas, 90 ml - MalinaShop.lt J\u016bs\u0173 sveikatai ir gro\u017eiui.\",\"isPartOf\":{\"@id\":\"https:\\\/\\\/www.malinashop.lt\\\/#website\"},\"primaryImageOfPage\":{\"@id\":\"https:\\\/\\\/www.malinashop.lt\\\/lt_lt\\\/shop\\\/numee-glow-up-pretty-solid-nourishing-cleansing-butter-maitinantis-valomasis-veido-sviestas-90-ml\\\/#primaryimage\"},\"image\":{\"@id\":\"https:\\\/\\\/www.malinashop.lt\\\/lt_lt\\\/shop\\\/numee-glow-up-pretty-solid-nourishing-cleansing-butter-maitinantis-valomasis-veido-sviestas-90-ml\\\/#primaryimage\"},\"thumbnailUrl\":\"https:\\\/\\\/www.malinashop.lt\\\/wp-content\\\/uploads\\\/2024\\\/11\\\/NUMEE-Glow-Up-PRETTY-SOLID-NOURISHING-CLEANSING-BUTTER-maitinantis-valomasis-veido-sviestas-90-ml.jpg\",\"datePublished\":\"2024-11-06T12:53:11+00:00\",\"dateModified\":\"2026-03-18T09:34:36+00:00\",\"breadcrumb\":{\"@id\":\"https:\\\/\\\/www.malinashop.lt\\\/lt_lt\\\/shop\\\/numee-glow-up-pretty-solid-nourishing-cleansing-butter-maitinantis-valomasis-veido-sviestas-90-ml\\\/#breadcrumb\"},\"inLanguage\":\"en-GB\",\"potentialAction\":[{\"@type\":\"ReadAction\",\"target\":[\"https:\\\/\\\/www.malinashop.lt\\\/lt_lt\\\/shop\\\/numee-glow-up-pretty-solid-nourishing-cleansing-butter-maitinantis-valomasis-veido-sviestas-90-ml\\\/\"]}]},{\"@type\":\"ImageObject\",\"inLanguage\":\"en-GB\",\"@id\":\"https:\\\/\\\/www.malinashop.lt\\\/lt_lt\\\/shop\\\/numee-glow-up-pretty-solid-nourishing-cleansing-butter-maitinantis-valomasis-veido-sviestas-90-ml\\\/#primaryimage\",\"url\":\"https:\\\/\\\/www.malinashop.lt\\\/wp-content\\\/uploads\\\/2024\\\/11\\\/NUMEE-Glow-Up-PRETTY-SOLID-NOURISHING-CLEANSING-BUTTER-maitinantis-valomasis-veido-sviestas-90-ml.jpg\",\"contentUrl\":\"https:\\\/\\\/www.malinashop.lt\\\/wp-content\\\/uploads\\\/2024\\\/11\\\/NUMEE-Glow-Up-PRETTY-SOLID-NOURISHING-CLEANSING-BUTTER-maitinantis-valomasis-veido-sviestas-90-ml.jpg\",\"width\":1000,\"height\":1000},{\"@type\":\"BreadcrumbList\",\"@id\":\"https:\\\/\\\/www.malinashop.lt\\\/lt_lt\\\/shop\\\/numee-glow-up-pretty-solid-nourishing-cleansing-butter-maitinantis-valomasis-veido-sviestas-90-ml\\\/#breadcrumb\",\"itemListElement\":[{\"@type\":\"ListItem\",\"position\":1,\"name\":\"Pagrindinis\",\"item\":\"https:\\\/\\\/www.malinashop.lt\\\/\"},{\"@type\":\"ListItem\",\"position\":2,\"name\":\"Parduotuv\u0117\",\"item\":\"https:\\\/\\\/www.malinashop.lt\\\/en\\\/parduotuve\\\/\"},{\"@type\":\"ListItem\",\"position\":3,\"name\":\"NUMEE Glow Up PRETTY SOLID NOURISHING CLEANSING BUTTER maitinantis valomasis veido sviestas, 90 ml\"}]},{\"@type\":\"WebSite\",\"@id\":\"https:\\\/\\\/www.malinashop.lt\\\/#website\",\"url\":\"https:\\\/\\\/www.malinashop.lt\\\/\",\"name\":\"COM Group Ecommerce\",\"description\":\"MalinaShop.lt - Gro\u017eio ir sveikatos produktai i\u0161 patikim\u0173 preki\u0173 \u017eenkl\u0173. Atraskite auk\u0161tos kokyb\u0117s kosmetik\u0105 u\u017e puiki\u0105 kain\u0105.\",\"publisher\":{\"@id\":\"https:\\\/\\\/www.malinashop.lt\\\/#organization\"},\"potentialAction\":[{\"@type\":\"SearchAction\",\"target\":{\"@type\":\"EntryPoint\",\"urlTemplate\":\"https:\\\/\\\/www.malinashop.lt\\\/?s={search_term_string}\"},\"query-input\":{\"@type\":\"PropertyValueSpecification\",\"valueRequired\":true,\"valueName\":\"search_term_string\"}}],\"inLanguage\":\"en-GB\"},{\"@type\":\"Organization\",\"@id\":\"https:\\\/\\\/www.malinashop.lt\\\/#organization\",\"name\":\"COM Group Ecommerce\",\"url\":\"https:\\\/\\\/www.malinashop.lt\\\/\",\"logo\":{\"@type\":\"ImageObject\",\"inLanguage\":\"en-GB\",\"@id\":\"https:\\\/\\\/www.malinashop.lt\\\/#\\\/schema\\\/logo\\\/image\\\/\",\"url\":\"https:\\\/\\\/www.malinashop.lt\\\/wp-content\\\/uploads\\\/2024\\\/08\\\/462559670_3787732518133670_9795632669273463_n-e1731525914575.png\",\"contentUrl\":\"https:\\\/\\\/www.malinashop.lt\\\/wp-content\\\/uploads\\\/2024\\\/08\\\/462559670_3787732518133670_9795632669273463_n-e1731525914575.png\",\"width\":180,\"height\":60,\"caption\":\"COM Group Ecommerce\"},\"image\":{\"@id\":\"https:\\\/\\\/www.malinashop.lt\\\/#\\\/schema\\\/logo\\\/image\\\/\"}}]}<\/script>\n<!-- \/ Yoast SEO plugin. -->","yoast_head_json":{"title":"NUMEE Glow Up PRETTY SOLID NOURISHING CLEANSING BUTTER maitinantis valomasis veido sviestas, 90 ml - MalinaShop.lt J\u016bs\u0173 sveikatai ir gro\u017eiui.","robots":{"index":"index","follow":"follow","max-snippet":"max-snippet:-1","max-image-preview":"max-image-preview:large","max-video-preview":"max-video-preview:-1"},"canonical":"https:\/\/www.malinashop.lt\/en\/shop\/numee-glow-up-pretty-solid-nourishing-cleansing-butter-maitinantis-valomasis-veido-sviestas-90-ml\/","og_locale":"en_GB","og_type":"article","og_title":"NUMEE Glow Up PRETTY SOLID NOURISHING CLEANSING BUTTER maitinantis valomasis veido sviestas, 90 ml - MalinaShop.lt J\u016bs\u0173 sveikatai ir gro\u017eiui.","og_url":"https:\/\/www.malinashop.lt\/en\/shop\/numee-glow-up-pretty-solid-nourishing-cleansing-butter-maitinantis-valomasis-veido-sviestas-90-ml\/","og_site_name":"MalinaShop.lt J\u016bs\u0173 sveikatai ir gro\u017eiui.","article_modified_time":"2026-03-18T09:34:36+00:00","og_image":[{"width":1000,"height":1000,"url":"https:\/\/www.malinashop.lt\/wp-content\/uploads\/2024\/11\/NUMEE-Glow-Up-PRETTY-SOLID-NOURISHING-CLEANSING-BUTTER-maitinantis-valomasis-veido-sviestas-90-ml.jpg","type":"image\/jpeg"}],"twitter_card":"summary_large_image","schema":{"@context":"https:\/\/schema.org","@graph":[{"@type":"WebPage","@id":"https:\/\/www.malinashop.lt\/lt_lt\/shop\/numee-glow-up-pretty-solid-nourishing-cleansing-butter-maitinantis-valomasis-veido-sviestas-90-ml\/","url":"https:\/\/www.malinashop.lt\/lt_lt\/shop\/numee-glow-up-pretty-solid-nourishing-cleansing-butter-maitinantis-valomasis-veido-sviestas-90-ml\/","name":"NUMEE Glow Up PRETTY SOLID NOURISHING CLEANSING BUTTER maitinantis valomasis veido sviestas, 90 ml - MalinaShop.lt J\u016bs\u0173 sveikatai ir gro\u017eiui.","isPartOf":{"@id":"https:\/\/www.malinashop.lt\/#website"},"primaryImageOfPage":{"@id":"https:\/\/www.malinashop.lt\/lt_lt\/shop\/numee-glow-up-pretty-solid-nourishing-cleansing-butter-maitinantis-valomasis-veido-sviestas-90-ml\/#primaryimage"},"image":{"@id":"https:\/\/www.malinashop.lt\/lt_lt\/shop\/numee-glow-up-pretty-solid-nourishing-cleansing-butter-maitinantis-valomasis-veido-sviestas-90-ml\/#primaryimage"},"thumbnailUrl":"https:\/\/www.malinashop.lt\/wp-content\/uploads\/2024\/11\/NUMEE-Glow-Up-PRETTY-SOLID-NOURISHING-CLEANSING-BUTTER-maitinantis-valomasis-veido-sviestas-90-ml.jpg","datePublished":"2024-11-06T12:53:11+00:00","dateModified":"2026-03-18T09:34:36+00:00","breadcrumb":{"@id":"https:\/\/www.malinashop.lt\/lt_lt\/shop\/numee-glow-up-pretty-solid-nourishing-cleansing-butter-maitinantis-valomasis-veido-sviestas-90-ml\/#breadcrumb"},"inLanguage":"en-GB","potentialAction":[{"@type":"ReadAction","target":["https:\/\/www.malinashop.lt\/lt_lt\/shop\/numee-glow-up-pretty-solid-nourishing-cleansing-butter-maitinantis-valomasis-veido-sviestas-90-ml\/"]}]},{"@type":"ImageObject","inLanguage":"en-GB","@id":"https:\/\/www.malinashop.lt\/lt_lt\/shop\/numee-glow-up-pretty-solid-nourishing-cleansing-butter-maitinantis-valomasis-veido-sviestas-90-ml\/#primaryimage","url":"https:\/\/www.malinashop.lt\/wp-content\/uploads\/2024\/11\/NUMEE-Glow-Up-PRETTY-SOLID-NOURISHING-CLEANSING-BUTTER-maitinantis-valomasis-veido-sviestas-90-ml.jpg","contentUrl":"https:\/\/www.malinashop.lt\/wp-content\/uploads\/2024\/11\/NUMEE-Glow-Up-PRETTY-SOLID-NOURISHING-CLEANSING-BUTTER-maitinantis-valomasis-veido-sviestas-90-ml.jpg","width":1000,"height":1000},{"@type":"BreadcrumbList","@id":"https:\/\/www.malinashop.lt\/lt_lt\/shop\/numee-glow-up-pretty-solid-nourishing-cleansing-butter-maitinantis-valomasis-veido-sviestas-90-ml\/#breadcrumb","itemListElement":[{"@type":"ListItem","position":1,"name":"Pagrindinis","item":"https:\/\/www.malinashop.lt\/"},{"@type":"ListItem","position":2,"name":"Parduotuv\u0117","item":"https:\/\/www.malinashop.lt\/en\/parduotuve\/"},{"@type":"ListItem","position":3,"name":"NUMEE Glow Up PRETTY SOLID NOURISHING CLEANSING BUTTER maitinantis valomasis veido sviestas, 90 ml"}]},{"@type":"WebSite","@id":"https:\/\/www.malinashop.lt\/#website","url":"https:\/\/www.malinashop.lt\/","name":"COM Group Ecommerce","description":"MalinaShop.lt - Gro\u017eio ir sveikatos produktai i\u0161 patikim\u0173 preki\u0173 \u017eenkl\u0173. Atraskite auk\u0161tos kokyb\u0117s kosmetik\u0105 u\u017e puiki\u0105 kain\u0105.","publisher":{"@id":"https:\/\/www.malinashop.lt\/#organization"},"potentialAction":[{"@type":"SearchAction","target":{"@type":"EntryPoint","urlTemplate":"https:\/\/www.malinashop.lt\/?s={search_term_string}"},"query-input":{"@type":"PropertyValueSpecification","valueRequired":true,"valueName":"search_term_string"}}],"inLanguage":"en-GB"},{"@type":"Organization","@id":"https:\/\/www.malinashop.lt\/#organization","name":"COM Group Ecommerce","url":"https:\/\/www.malinashop.lt\/","logo":{"@type":"ImageObject","inLanguage":"en-GB","@id":"https:\/\/www.malinashop.lt\/#\/schema\/logo\/image\/","url":"https:\/\/www.malinashop.lt\/wp-content\/uploads\/2024\/08\/462559670_3787732518133670_9795632669273463_n-e1731525914575.png","contentUrl":"https:\/\/www.malinashop.lt\/wp-content\/uploads\/2024\/08\/462559670_3787732518133670_9795632669273463_n-e1731525914575.png","width":180,"height":60,"caption":"COM Group Ecommerce"},"image":{"@id":"https:\/\/www.malinashop.lt\/#\/schema\/logo\/image\/"}}]}},"jetpack_sharing_enabled":true,"_links":{"self":[{"href":"https:\/\/www.malinashop.lt\/en\/wp-json\/wp\/v2\/product\/20089","targetHints":{"allow":["GET"]}}],"collection":[{"href":"https:\/\/www.malinashop.lt\/en\/wp-json\/wp\/v2\/product"}],"about":[{"href":"https:\/\/www.malinashop.lt\/en\/wp-json\/wp\/v2\/types\/product"}],"version-history":[{"count":1,"href":"https:\/\/www.malinashop.lt\/en\/wp-json\/wp\/v2\/product\/20089\/revisions"}],"predecessor-version":[{"id":32753,"href":"https:\/\/www.malinashop.lt\/en\/wp-json\/wp\/v2\/product\/20089\/revisions\/32753"}],"wp:featuredmedia":[{"embeddable":true,"href":"https:\/\/www.malinashop.lt\/en\/wp-json\/wp\/v2\/media\/18178"}],"wp:attachment":[{"href":"https:\/\/www.malinashop.lt\/en\/wp-json\/wp\/v2\/media?parent=20089"}],"wp:term":[{"taxonomy":"product_brand","embeddable":true,"href":"https:\/\/www.malinashop.lt\/en\/wp-json\/wp\/v2\/product_brand?post=20089"},{"taxonomy":"product_cat","embeddable":true,"href":"https:\/\/www.malinashop.lt\/en\/wp-json\/wp\/v2\/product_cat?post=20089"},{"taxonomy":"product_tag","embeddable":true,"href":"https:\/\/www.malinashop.lt\/en\/wp-json\/wp\/v2\/product_tag?post=20089"}],"curies":[{"name":"wp","href":"https:\/\/api.w.org\/{rel}","templated":true}]}}