{"id":20081,"date":"2024-11-06T15:53:11","date_gmt":"2024-11-06T12:53:11","guid":{"rendered":"https:\/\/malinashop.lt\/produktas\/numee-dob-juiced-silky-treat-texture-revamp-exfoliating-serum-sveiciamasis-atnaujinamasis-serumas-30-ml\/"},"modified":"2026-03-18T12:34:37","modified_gmt":"2026-03-18T09:34:37","slug":"numee-dob-juiced-silky-treat-texture-revamp-exfoliating-serum-sveiciamasis-atnaujinamasis-serumas-30-ml","status":"publish","type":"product","link":"https:\/\/www.malinashop.lt\/en\/shop\/numee-dob-juiced-silky-treat-texture-revamp-exfoliating-serum-sveiciamasis-atnaujinamasis-serumas-30-ml\/","title":{"rendered":"NUMEE DOB Juiced SILKY TREAT TEXTURE REVAMP EXFOLIATING SERUM \u0161vei\u010diamasis atnaujinamasis serumas, 30 ml"},"content":{"rendered":"<p>NUMEE \u0161vei\u010diamasis atnaujinamasis serumas DOB Juiced SILKY TREAT TEXTURE REVAMP EXFOLIATING SERUM yra puikus pasirinkimas siekiant atgaivinti od\u0105, suma\u017einti d\u0117mes, pa\u0161viesinti veido spalv\u0105 ir i\u0161valyti poras. \u0160is serumas i\u0161lygina odos pavir\u0161i\u0173 ir suteikia odai skaistumo, puosel\u0117damas ir dr\u0117kindamas j\u0105 su 4 % raminam\u0173j\u0173 ir gaivinan\u010di\u0173 komponent\u0173 mi\u0161iniu.<\/p>\n<p>Pagrindiniai Ingredientai ir J\u0173 Nauda<br \/>\nAlfa-hidroksi R\u016bg\u0161tis (AHA) 10%<br \/>\nAlfa-hidroksi r\u016bg\u0161tis prasiskverbia giliai \u012f poras, nu\u0161vei\u010dia od\u0105, ma\u017eina riebum\u0105 ir pagerina odos tekst\u016br\u0105. Ji efektyviai pa\u0161alina negyvas odos l\u0105steles, skatindama sveik\u0105 odos l\u0105steli\u0173 atsinaujinim\u0105.<\/p>\n<p>Beta-hidroksi R\u016bg\u0161tis (BHA) 2%<br \/>\nBeta-hidroksi r\u016bg\u0161tis taip pat prasiskverbia giliai \u012f poras, padeda pa\u0161alinti negyvas odos l\u0105steles ir skatina l\u0105steli\u0173 atsinaujinim\u0105. Ji yra ypa\u010d veiksminga riebiai ir spuog\u0173 pa\u017eeistai odai.<\/p>\n<p>Tasmanijos Pipir\u0173 Ekstraktas<br \/>\nTasmanijos pipir\u0173 ekstraktas gali pad\u0117ti nuraminti sudirgusi\u0105 ir jautri\u0105 od\u0105, suma\u017einti paraudim\u0105 bei suteikti antioksidacin\u0119 apsaug\u0105 nuo aplinkos \u017ealos. Jis padeda apsaugoti od\u0105 nuo laisv\u0173j\u0173 radikal\u0173 poveikio, skatindamas sveik\u0105 ir \u0161vytin\u010di\u0105 od\u0105.<\/p>\n<p>Naudojimo Instrukcijos<br \/>\nNaudojimas: Tepkite du-tris la\u0161us serumo ant \u0161varios ir sausos veido odos ir \u0161velniai \u012fmasa\u017euokite. Palikite iki 10 minu\u010di\u0173 ir kruop\u0161\u010diai nuplaukite \u0161iltu vandeniu. Rekomenduojama naudoti du kartus per savait\u0119 vakarais.<\/p>\n<p>\u012esp\u0117jimai:<\/p>\n<p>NUMEE \u0161vei\u010diamasis atnaujinamasis serumas DOB Juiced SILKY TREAT skirtas tik i\u0161oriniam naudojimui.<br \/>\nVenkite tiesioginio kontakto su akimis. Jei produktas patenka \u012f akis, nedelsiant gerai nuplaukite vandeniu.<br \/>\nLaikykite priemon\u0119 vaikams nepasiekiamoje vietoje ir kambario temperat\u016broje.<br \/>\nJei pajutote odos dirginim\u0105, nustokite naudoti produkt\u0105.<br \/>\n\u0160is serumas yra idealus pasirinkimas, siekiant u\u017etikrinti sveik\u0105 ir \u0161vytin\u010di\u0105 od\u0105. I\u0161bandykite NUMEE \u0161vei\u010diam\u0105j\u012f atnaujinam\u0105j\u012f serum\u0105 DOB Juiced SILKY TREAT ir pajuskite, kaip j\u016bs\u0173 oda tampa \u0161velnesn\u0117, lygesn\u0117 ir sveikesn\u0117!<\/p>\n<div class=\"text-tab text-tab-id-10\">\n<p>Siuntas i\u0161siun\u010diame antradieniais ir ketvirtadieniais. Jei d\u0117l koki\u0173 nors prie\u017eas\u010di\u0173 siunta negali b\u016bti i\u0161si\u0173sta \u0161iomis dienomis ir ji yra perkeliama \u012f kit\u0105 dien\u0105, apie tai informuosime jus svetain\u0117je arba el. pa\u0161tu.<\/p>\n<p>\u201eJei turite klausim\u0173, pra\u0161ome susisiekti el. pa\u0161tu info@malinashop.lt arba telefonu +37065444002 darbo dienomis nuo 10:00 iki 16:00 val.\u201c<\/p>\n<\/div>\n<div class=\"text-tab text-tab-id-11\">\n<p>Perkant u\u017e daugiau nei 50\u20ac &#8211; pristatymas nemokamas.<\/p>\n<p>Pristatymas \u012f LPexpress pa\u0161tomat\u0105\u00a0(visoje Lietuvoje, i\u0161skyrus Kur\u0161i\u0173 Nerij\u0105).<\/p>\n<\/div>\n","protected":false},"excerpt":{"rendered":"<p>NUMEE \u0161vei\u010diamasis atnaujinamasis serumas DOB Juiced SILKY TREAT TEXTURE REVAMP EXFOLIATING SERUM yra puikus pasirinkimas siekiant atgaivinti od\u0105, suma\u017einti d\u0117mes, pa\u0161viesinti veido&hellip;<\/p>\n","protected":false},"featured_media":18146,"template":"","meta":[],"product_brand":[548],"product_cat":[550,728],"product_tag":[1635],"class_list":{"0":"post-20081","1":"product","2":"type-product","3":"status-publish","4":"has-post-thumbnail","6":"product_brand-numee","7":"product_cat-veido-serumai","8":"product_cat-veidui","9":"product_tag-numee","11":"first","12":"outofstock","13":"sale","14":"taxable","15":"shipping-taxable","16":"purchasable","17":"product-type-simple"},"yoast_head":"<!-- This site is optimized with the Yoast SEO plugin v27.4 - https:\/\/yoast.com\/product\/yoast-seo-wordpress\/ -->\n<title>NUMEE DOB Juiced SILKY TREAT TEXTURE REVAMP EXFOLIATING SERUM \u0161vei\u010diamasis atnaujinamasis serumas, 30 ml - MalinaShop.lt J\u016bs\u0173 sveikatai ir gro\u017eiui.<\/title>\n<meta name=\"robots\" content=\"index, follow, max-snippet:-1, max-image-preview:large, max-video-preview:-1\" \/>\n<link rel=\"canonical\" href=\"https:\/\/www.malinashop.lt\/en\/shop\/numee-dob-juiced-silky-treat-texture-revamp-exfoliating-serum-sveiciamasis-atnaujinamasis-serumas-30-ml\/\" \/>\n<meta property=\"og:locale\" content=\"en_GB\" \/>\n<meta property=\"og:type\" content=\"article\" \/>\n<meta property=\"og:title\" content=\"NUMEE DOB Juiced SILKY TREAT TEXTURE REVAMP EXFOLIATING SERUM \u0161vei\u010diamasis atnaujinamasis serumas, 30 ml - MalinaShop.lt J\u016bs\u0173 sveikatai ir gro\u017eiui.\" \/>\n<meta property=\"og:url\" content=\"https:\/\/www.malinashop.lt\/en\/shop\/numee-dob-juiced-silky-treat-texture-revamp-exfoliating-serum-sveiciamasis-atnaujinamasis-serumas-30-ml\/\" \/>\n<meta property=\"og:site_name\" content=\"MalinaShop.lt J\u016bs\u0173 sveikatai ir gro\u017eiui.\" \/>\n<meta property=\"article:modified_time\" content=\"2026-03-18T09:34:37+00:00\" \/>\n<meta property=\"og:image\" content=\"https:\/\/www.malinashop.lt\/wp-content\/uploads\/2024\/11\/NUMEE-DOB-Juiced-SILKY-TREAT-TEXTURE-REVAMP-EXFOLIATING-SERUM-sveiciamasis-atnaujinamasis-serumas-30-ml.png\" \/>\n\t<meta property=\"og:image:width\" content=\"1000\" \/>\n\t<meta property=\"og:image:height\" content=\"1000\" \/>\n\t<meta property=\"og:image:type\" content=\"image\/png\" \/>\n<meta name=\"twitter:card\" content=\"summary_large_image\" \/>\n<script type=\"application\/ld+json\" class=\"yoast-schema-graph\">{\"@context\":\"https:\\\/\\\/schema.org\",\"@graph\":[{\"@type\":\"WebPage\",\"@id\":\"https:\\\/\\\/www.malinashop.lt\\\/lt_lt\\\/shop\\\/numee-dob-juiced-silky-treat-texture-revamp-exfoliating-serum-sveiciamasis-atnaujinamasis-serumas-30-ml\\\/\",\"url\":\"https:\\\/\\\/www.malinashop.lt\\\/lt_lt\\\/shop\\\/numee-dob-juiced-silky-treat-texture-revamp-exfoliating-serum-sveiciamasis-atnaujinamasis-serumas-30-ml\\\/\",\"name\":\"NUMEE DOB Juiced SILKY TREAT TEXTURE REVAMP EXFOLIATING SERUM \u0161vei\u010diamasis atnaujinamasis serumas, 30 ml - MalinaShop.lt J\u016bs\u0173 sveikatai ir gro\u017eiui.\",\"isPartOf\":{\"@id\":\"https:\\\/\\\/www.malinashop.lt\\\/#website\"},\"primaryImageOfPage\":{\"@id\":\"https:\\\/\\\/www.malinashop.lt\\\/lt_lt\\\/shop\\\/numee-dob-juiced-silky-treat-texture-revamp-exfoliating-serum-sveiciamasis-atnaujinamasis-serumas-30-ml\\\/#primaryimage\"},\"image\":{\"@id\":\"https:\\\/\\\/www.malinashop.lt\\\/lt_lt\\\/shop\\\/numee-dob-juiced-silky-treat-texture-revamp-exfoliating-serum-sveiciamasis-atnaujinamasis-serumas-30-ml\\\/#primaryimage\"},\"thumbnailUrl\":\"https:\\\/\\\/www.malinashop.lt\\\/wp-content\\\/uploads\\\/2024\\\/11\\\/NUMEE-DOB-Juiced-SILKY-TREAT-TEXTURE-REVAMP-EXFOLIATING-SERUM-sveiciamasis-atnaujinamasis-serumas-30-ml.png\",\"datePublished\":\"2024-11-06T12:53:11+00:00\",\"dateModified\":\"2026-03-18T09:34:37+00:00\",\"breadcrumb\":{\"@id\":\"https:\\\/\\\/www.malinashop.lt\\\/lt_lt\\\/shop\\\/numee-dob-juiced-silky-treat-texture-revamp-exfoliating-serum-sveiciamasis-atnaujinamasis-serumas-30-ml\\\/#breadcrumb\"},\"inLanguage\":\"en-GB\",\"potentialAction\":[{\"@type\":\"ReadAction\",\"target\":[\"https:\\\/\\\/www.malinashop.lt\\\/lt_lt\\\/shop\\\/numee-dob-juiced-silky-treat-texture-revamp-exfoliating-serum-sveiciamasis-atnaujinamasis-serumas-30-ml\\\/\"]}]},{\"@type\":\"ImageObject\",\"inLanguage\":\"en-GB\",\"@id\":\"https:\\\/\\\/www.malinashop.lt\\\/lt_lt\\\/shop\\\/numee-dob-juiced-silky-treat-texture-revamp-exfoliating-serum-sveiciamasis-atnaujinamasis-serumas-30-ml\\\/#primaryimage\",\"url\":\"https:\\\/\\\/www.malinashop.lt\\\/wp-content\\\/uploads\\\/2024\\\/11\\\/NUMEE-DOB-Juiced-SILKY-TREAT-TEXTURE-REVAMP-EXFOLIATING-SERUM-sveiciamasis-atnaujinamasis-serumas-30-ml.png\",\"contentUrl\":\"https:\\\/\\\/www.malinashop.lt\\\/wp-content\\\/uploads\\\/2024\\\/11\\\/NUMEE-DOB-Juiced-SILKY-TREAT-TEXTURE-REVAMP-EXFOLIATING-SERUM-sveiciamasis-atnaujinamasis-serumas-30-ml.png\",\"width\":1000,\"height\":1000},{\"@type\":\"BreadcrumbList\",\"@id\":\"https:\\\/\\\/www.malinashop.lt\\\/lt_lt\\\/shop\\\/numee-dob-juiced-silky-treat-texture-revamp-exfoliating-serum-sveiciamasis-atnaujinamasis-serumas-30-ml\\\/#breadcrumb\",\"itemListElement\":[{\"@type\":\"ListItem\",\"position\":1,\"name\":\"Pagrindinis\",\"item\":\"https:\\\/\\\/www.malinashop.lt\\\/\"},{\"@type\":\"ListItem\",\"position\":2,\"name\":\"Parduotuv\u0117\",\"item\":\"https:\\\/\\\/www.malinashop.lt\\\/en\\\/parduotuve\\\/\"},{\"@type\":\"ListItem\",\"position\":3,\"name\":\"NUMEE DOB Juiced SILKY TREAT TEXTURE REVAMP EXFOLIATING SERUM \u0161vei\u010diamasis atnaujinamasis serumas, 30 ml\"}]},{\"@type\":\"WebSite\",\"@id\":\"https:\\\/\\\/www.malinashop.lt\\\/#website\",\"url\":\"https:\\\/\\\/www.malinashop.lt\\\/\",\"name\":\"COM Group Ecommerce\",\"description\":\"MalinaShop.lt - Gro\u017eio ir sveikatos produktai i\u0161 patikim\u0173 preki\u0173 \u017eenkl\u0173. Atraskite auk\u0161tos kokyb\u0117s kosmetik\u0105 u\u017e puiki\u0105 kain\u0105.\",\"publisher\":{\"@id\":\"https:\\\/\\\/www.malinashop.lt\\\/#organization\"},\"potentialAction\":[{\"@type\":\"SearchAction\",\"target\":{\"@type\":\"EntryPoint\",\"urlTemplate\":\"https:\\\/\\\/www.malinashop.lt\\\/?s={search_term_string}\"},\"query-input\":{\"@type\":\"PropertyValueSpecification\",\"valueRequired\":true,\"valueName\":\"search_term_string\"}}],\"inLanguage\":\"en-GB\"},{\"@type\":\"Organization\",\"@id\":\"https:\\\/\\\/www.malinashop.lt\\\/#organization\",\"name\":\"COM Group Ecommerce\",\"url\":\"https:\\\/\\\/www.malinashop.lt\\\/\",\"logo\":{\"@type\":\"ImageObject\",\"inLanguage\":\"en-GB\",\"@id\":\"https:\\\/\\\/www.malinashop.lt\\\/#\\\/schema\\\/logo\\\/image\\\/\",\"url\":\"https:\\\/\\\/www.malinashop.lt\\\/wp-content\\\/uploads\\\/2024\\\/08\\\/462559670_3787732518133670_9795632669273463_n-e1731525914575.png\",\"contentUrl\":\"https:\\\/\\\/www.malinashop.lt\\\/wp-content\\\/uploads\\\/2024\\\/08\\\/462559670_3787732518133670_9795632669273463_n-e1731525914575.png\",\"width\":180,\"height\":60,\"caption\":\"COM Group Ecommerce\"},\"image\":{\"@id\":\"https:\\\/\\\/www.malinashop.lt\\\/#\\\/schema\\\/logo\\\/image\\\/\"}}]}<\/script>\n<!-- \/ Yoast SEO plugin. -->","yoast_head_json":{"title":"NUMEE DOB Juiced SILKY TREAT TEXTURE REVAMP EXFOLIATING SERUM \u0161vei\u010diamasis atnaujinamasis serumas, 30 ml - MalinaShop.lt J\u016bs\u0173 sveikatai ir gro\u017eiui.","robots":{"index":"index","follow":"follow","max-snippet":"max-snippet:-1","max-image-preview":"max-image-preview:large","max-video-preview":"max-video-preview:-1"},"canonical":"https:\/\/www.malinashop.lt\/en\/shop\/numee-dob-juiced-silky-treat-texture-revamp-exfoliating-serum-sveiciamasis-atnaujinamasis-serumas-30-ml\/","og_locale":"en_GB","og_type":"article","og_title":"NUMEE DOB Juiced SILKY TREAT TEXTURE REVAMP EXFOLIATING SERUM \u0161vei\u010diamasis atnaujinamasis serumas, 30 ml - MalinaShop.lt J\u016bs\u0173 sveikatai ir gro\u017eiui.","og_url":"https:\/\/www.malinashop.lt\/en\/shop\/numee-dob-juiced-silky-treat-texture-revamp-exfoliating-serum-sveiciamasis-atnaujinamasis-serumas-30-ml\/","og_site_name":"MalinaShop.lt J\u016bs\u0173 sveikatai ir gro\u017eiui.","article_modified_time":"2026-03-18T09:34:37+00:00","og_image":[{"width":1000,"height":1000,"url":"https:\/\/www.malinashop.lt\/wp-content\/uploads\/2024\/11\/NUMEE-DOB-Juiced-SILKY-TREAT-TEXTURE-REVAMP-EXFOLIATING-SERUM-sveiciamasis-atnaujinamasis-serumas-30-ml.png","type":"image\/png"}],"twitter_card":"summary_large_image","schema":{"@context":"https:\/\/schema.org","@graph":[{"@type":"WebPage","@id":"https:\/\/www.malinashop.lt\/lt_lt\/shop\/numee-dob-juiced-silky-treat-texture-revamp-exfoliating-serum-sveiciamasis-atnaujinamasis-serumas-30-ml\/","url":"https:\/\/www.malinashop.lt\/lt_lt\/shop\/numee-dob-juiced-silky-treat-texture-revamp-exfoliating-serum-sveiciamasis-atnaujinamasis-serumas-30-ml\/","name":"NUMEE DOB Juiced SILKY TREAT TEXTURE REVAMP EXFOLIATING SERUM \u0161vei\u010diamasis atnaujinamasis serumas, 30 ml - MalinaShop.lt J\u016bs\u0173 sveikatai ir gro\u017eiui.","isPartOf":{"@id":"https:\/\/www.malinashop.lt\/#website"},"primaryImageOfPage":{"@id":"https:\/\/www.malinashop.lt\/lt_lt\/shop\/numee-dob-juiced-silky-treat-texture-revamp-exfoliating-serum-sveiciamasis-atnaujinamasis-serumas-30-ml\/#primaryimage"},"image":{"@id":"https:\/\/www.malinashop.lt\/lt_lt\/shop\/numee-dob-juiced-silky-treat-texture-revamp-exfoliating-serum-sveiciamasis-atnaujinamasis-serumas-30-ml\/#primaryimage"},"thumbnailUrl":"https:\/\/www.malinashop.lt\/wp-content\/uploads\/2024\/11\/NUMEE-DOB-Juiced-SILKY-TREAT-TEXTURE-REVAMP-EXFOLIATING-SERUM-sveiciamasis-atnaujinamasis-serumas-30-ml.png","datePublished":"2024-11-06T12:53:11+00:00","dateModified":"2026-03-18T09:34:37+00:00","breadcrumb":{"@id":"https:\/\/www.malinashop.lt\/lt_lt\/shop\/numee-dob-juiced-silky-treat-texture-revamp-exfoliating-serum-sveiciamasis-atnaujinamasis-serumas-30-ml\/#breadcrumb"},"inLanguage":"en-GB","potentialAction":[{"@type":"ReadAction","target":["https:\/\/www.malinashop.lt\/lt_lt\/shop\/numee-dob-juiced-silky-treat-texture-revamp-exfoliating-serum-sveiciamasis-atnaujinamasis-serumas-30-ml\/"]}]},{"@type":"ImageObject","inLanguage":"en-GB","@id":"https:\/\/www.malinashop.lt\/lt_lt\/shop\/numee-dob-juiced-silky-treat-texture-revamp-exfoliating-serum-sveiciamasis-atnaujinamasis-serumas-30-ml\/#primaryimage","url":"https:\/\/www.malinashop.lt\/wp-content\/uploads\/2024\/11\/NUMEE-DOB-Juiced-SILKY-TREAT-TEXTURE-REVAMP-EXFOLIATING-SERUM-sveiciamasis-atnaujinamasis-serumas-30-ml.png","contentUrl":"https:\/\/www.malinashop.lt\/wp-content\/uploads\/2024\/11\/NUMEE-DOB-Juiced-SILKY-TREAT-TEXTURE-REVAMP-EXFOLIATING-SERUM-sveiciamasis-atnaujinamasis-serumas-30-ml.png","width":1000,"height":1000},{"@type":"BreadcrumbList","@id":"https:\/\/www.malinashop.lt\/lt_lt\/shop\/numee-dob-juiced-silky-treat-texture-revamp-exfoliating-serum-sveiciamasis-atnaujinamasis-serumas-30-ml\/#breadcrumb","itemListElement":[{"@type":"ListItem","position":1,"name":"Pagrindinis","item":"https:\/\/www.malinashop.lt\/"},{"@type":"ListItem","position":2,"name":"Parduotuv\u0117","item":"https:\/\/www.malinashop.lt\/en\/parduotuve\/"},{"@type":"ListItem","position":3,"name":"NUMEE DOB Juiced SILKY TREAT TEXTURE REVAMP EXFOLIATING SERUM \u0161vei\u010diamasis atnaujinamasis serumas, 30 ml"}]},{"@type":"WebSite","@id":"https:\/\/www.malinashop.lt\/#website","url":"https:\/\/www.malinashop.lt\/","name":"COM Group Ecommerce","description":"MalinaShop.lt - Gro\u017eio ir sveikatos produktai i\u0161 patikim\u0173 preki\u0173 \u017eenkl\u0173. Atraskite auk\u0161tos kokyb\u0117s kosmetik\u0105 u\u017e puiki\u0105 kain\u0105.","publisher":{"@id":"https:\/\/www.malinashop.lt\/#organization"},"potentialAction":[{"@type":"SearchAction","target":{"@type":"EntryPoint","urlTemplate":"https:\/\/www.malinashop.lt\/?s={search_term_string}"},"query-input":{"@type":"PropertyValueSpecification","valueRequired":true,"valueName":"search_term_string"}}],"inLanguage":"en-GB"},{"@type":"Organization","@id":"https:\/\/www.malinashop.lt\/#organization","name":"COM Group Ecommerce","url":"https:\/\/www.malinashop.lt\/","logo":{"@type":"ImageObject","inLanguage":"en-GB","@id":"https:\/\/www.malinashop.lt\/#\/schema\/logo\/image\/","url":"https:\/\/www.malinashop.lt\/wp-content\/uploads\/2024\/08\/462559670_3787732518133670_9795632669273463_n-e1731525914575.png","contentUrl":"https:\/\/www.malinashop.lt\/wp-content\/uploads\/2024\/08\/462559670_3787732518133670_9795632669273463_n-e1731525914575.png","width":180,"height":60,"caption":"COM Group Ecommerce"},"image":{"@id":"https:\/\/www.malinashop.lt\/#\/schema\/logo\/image\/"}}]}},"jetpack_sharing_enabled":true,"_links":{"self":[{"href":"https:\/\/www.malinashop.lt\/en\/wp-json\/wp\/v2\/product\/20081","targetHints":{"allow":["GET"]}}],"collection":[{"href":"https:\/\/www.malinashop.lt\/en\/wp-json\/wp\/v2\/product"}],"about":[{"href":"https:\/\/www.malinashop.lt\/en\/wp-json\/wp\/v2\/types\/product"}],"version-history":[{"count":1,"href":"https:\/\/www.malinashop.lt\/en\/wp-json\/wp\/v2\/product\/20081\/revisions"}],"predecessor-version":[{"id":32757,"href":"https:\/\/www.malinashop.lt\/en\/wp-json\/wp\/v2\/product\/20081\/revisions\/32757"}],"wp:featuredmedia":[{"embeddable":true,"href":"https:\/\/www.malinashop.lt\/en\/wp-json\/wp\/v2\/media\/18146"}],"wp:attachment":[{"href":"https:\/\/www.malinashop.lt\/en\/wp-json\/wp\/v2\/media?parent=20081"}],"wp:term":[{"taxonomy":"product_brand","embeddable":true,"href":"https:\/\/www.malinashop.lt\/en\/wp-json\/wp\/v2\/product_brand?post=20081"},{"taxonomy":"product_cat","embeddable":true,"href":"https:\/\/www.malinashop.lt\/en\/wp-json\/wp\/v2\/product_cat?post=20081"},{"taxonomy":"product_tag","embeddable":true,"href":"https:\/\/www.malinashop.lt\/en\/wp-json\/wp\/v2\/product_tag?post=20081"}],"curies":[{"name":"wp","href":"https:\/\/api.w.org\/{rel}","templated":true}]}}