{"id":19979,"date":"2024-11-06T15:53:01","date_gmt":"2024-11-06T12:53:01","guid":{"rendered":"https:\/\/malinashop.lt\/produktas\/roomoi-lazdeles-kvapu-difuzoriams-ilgos-29-5-cm\/"},"modified":"2025-12-02T21:13:27","modified_gmt":"2025-12-02T18:13:27","slug":"roomoi-lazdeles-kvapu-difuzoriams-ilgos-29-5-cm","status":"publish","type":"product","link":"https:\/\/www.malinashop.lt\/en\/shop\/roomoi-lazdeles-kvapu-difuzoriams-ilgos-29-5-cm\/","title":{"rendered":"ROOMOI lazdel\u0117s kvap\u0173 difuzoriams (ilgos, 29.5 cm)"},"content":{"rendered":"<p>ROOMOI lazdel\u0117s kvap\u0173 difuzoriams yra ekologi\u0161kai pagamintos, siekiant u\u017etikrinti ilgalaik\u012f ir intensyv\u0173 J\u016bs\u0173 m\u0117gstamo nam\u0173 kvapo poveik\u012f. Specialiai sukurta naudoti su ROOMOI nam\u0173 kvap\u0173 difuzoriais, \u0161ios lazdel\u0117s yra puikus papildymas kiekvienam nam\u0173 interjerui.<\/p>\n<p>Produkto Savyb\u0117s:<\/p>\n<p>Ilgis: 29.5 cm, idealiai tinka naudoti su 500 ml talpos ROOMOI nam\u0173 kvap\u0173 difuzoriais.<br \/>\nEkologi\u0161kos: Pagamintos naudojant tvarius metodus ir med\u017eiagas, \u0161ios lazdel\u0117s yra draugi\u0161kos aplinkai.<br \/>\nPagaminta Italijoje: Auk\u0161tos kokyb\u0117s standartai ir itali\u0161kas dizainas u\u017etikrina produkto i\u0161skirtinum\u0105 ir patvarum\u0105.<br \/>\nNaudojimas:<br \/>\n\u012emerkite lazdeles \u012f ROOMOI nam\u0173 kvap\u0173 difuzori\u0173, ir jos pad\u0117s kvapui tolygiai ir efektyviai plisti J\u016bs\u0173 nam\u0173 erdv\u0117je. Reguliariai apversdami lazdeles, sustiprinsite kvapo skleidim\u0105si ir pailginsite jo intensyvum\u0105.<\/p>\n<p>Kod\u0117l Verta Rinktis?:<br \/>\n\u0160ios ROOMOI lazdel\u0117s yra ne tik prakti\u0161kas, bet ir stilingas sprendimas, leid\u017eiantis maksimaliai i\u0161naudoti nam\u0173 kvap\u0173 difuzori\u0173 potencial\u0105. Be to, jos yra pagamintos atsakingai, palaikant tvari\u0105 gamybos praktik\u0105 ir u\u017etikrinant produkto kokyb\u0119.<\/p>\n<div class=\"text-tab text-tab-id-10\">\n<p>Siuntas i\u0161siun\u010diame antradieniais ir ketvirtadieniais. Jei d\u0117l koki\u0173 nors prie\u017eas\u010di\u0173 siunta negali b\u016bti i\u0161si\u0173sta \u0161iomis dienomis ir ji yra perkeliama \u012f kit\u0105 dien\u0105, apie tai informuosime jus svetain\u0117je arba el. pa\u0161tu.<\/p>\n<p>\u201eJei turite klausim\u0173, pra\u0161ome susisiekti el. pa\u0161tu info@malinashop.lt arba telefonu +37065444002 darbo dienomis nuo 10:00 iki 16:00 val.\u201c<\/p>\n<\/div>\n<div class=\"text-tab text-tab-id-11\">\n<p>Perkant u\u017e daugiau nei 50\u20ac &#8211; pristatymas nemokamas.<\/p>\n<p>Pristatymas \u012f LPexpress pa\u0161tomat\u0105\u00a0(visoje Lietuvoje, i\u0161skyrus Kur\u0161i\u0173 Nerij\u0105).<\/p>\n<\/div>\n","protected":false},"excerpt":{"rendered":"<p>ROOMOI lazdel\u0117s kvap\u0173 difuzoriams yra ekologi\u0161kai pagamintos, siekiant u\u017etikrinti ilgalaik\u012f ir intensyv\u0173 J\u016bs\u0173 m\u0117gstamo nam\u0173 kvapo poveik\u012f. Specialiai sukurta naudoti su ROOMOI&hellip;<\/p>\n","protected":false},"featured_media":18058,"template":"","meta":[],"product_brand":[],"product_cat":[1140,196,573],"product_tag":[],"class_list":{"0":"post-19979","1":"product","2":"type-product","3":"status-publish","4":"has-post-thumbnail","6":"product_cat-namu-kvapai","7":"product_cat-namu-kvapu-papildymai","8":"product_cat-namu-kvapai-2","10":"first","11":"instock","12":"taxable","13":"shipping-taxable","14":"purchasable","15":"product-type-simple"},"yoast_head":"<!-- This site is optimized with the Yoast SEO plugin v27.4 - https:\/\/yoast.com\/product\/yoast-seo-wordpress\/ -->\n<title>ROOMOI lazdel\u0117s kvap\u0173 difuzoriams (ilgos, 29.5 cm) - MalinaShop.lt J\u016bs\u0173 sveikatai ir gro\u017eiui.<\/title>\n<meta name=\"robots\" content=\"index, follow, max-snippet:-1, max-image-preview:large, max-video-preview:-1\" \/>\n<link rel=\"canonical\" href=\"https:\/\/www.malinashop.lt\/en\/shop\/roomoi-lazdeles-kvapu-difuzoriams-ilgos-29-5-cm\/\" \/>\n<meta property=\"og:locale\" content=\"en_GB\" \/>\n<meta property=\"og:type\" content=\"article\" \/>\n<meta property=\"og:title\" content=\"ROOMOI lazdel\u0117s kvap\u0173 difuzoriams (ilgos, 29.5 cm) - MalinaShop.lt J\u016bs\u0173 sveikatai ir gro\u017eiui.\" \/>\n<meta property=\"og:url\" content=\"https:\/\/www.malinashop.lt\/en\/shop\/roomoi-lazdeles-kvapu-difuzoriams-ilgos-29-5-cm\/\" \/>\n<meta property=\"og:site_name\" content=\"MalinaShop.lt J\u016bs\u0173 sveikatai ir gro\u017eiui.\" \/>\n<meta property=\"article:modified_time\" content=\"2025-12-02T18:13:27+00:00\" \/>\n<meta property=\"og:image\" content=\"https:\/\/www.malinashop.lt\/wp-content\/uploads\/2024\/11\/ROOMOI-lazdeles-kvapu-difuzoriams-ilgos-29.5-cm.jpg\" \/>\n\t<meta property=\"og:image:width\" content=\"1080\" \/>\n\t<meta property=\"og:image:height\" content=\"1080\" \/>\n\t<meta property=\"og:image:type\" content=\"image\/jpeg\" \/>\n<meta name=\"twitter:card\" content=\"summary_large_image\" \/>\n<script type=\"application\/ld+json\" class=\"yoast-schema-graph\">{\"@context\":\"https:\\\/\\\/schema.org\",\"@graph\":[{\"@type\":\"WebPage\",\"@id\":\"https:\\\/\\\/www.malinashop.lt\\\/lt_lt\\\/shop\\\/roomoi-lazdeles-kvapu-difuzoriams-ilgos-29-5-cm\\\/\",\"url\":\"https:\\\/\\\/www.malinashop.lt\\\/lt_lt\\\/shop\\\/roomoi-lazdeles-kvapu-difuzoriams-ilgos-29-5-cm\\\/\",\"name\":\"ROOMOI lazdel\u0117s kvap\u0173 difuzoriams (ilgos, 29.5 cm) - MalinaShop.lt J\u016bs\u0173 sveikatai ir gro\u017eiui.\",\"isPartOf\":{\"@id\":\"https:\\\/\\\/www.malinashop.lt\\\/#website\"},\"primaryImageOfPage\":{\"@id\":\"https:\\\/\\\/www.malinashop.lt\\\/lt_lt\\\/shop\\\/roomoi-lazdeles-kvapu-difuzoriams-ilgos-29-5-cm\\\/#primaryimage\"},\"image\":{\"@id\":\"https:\\\/\\\/www.malinashop.lt\\\/lt_lt\\\/shop\\\/roomoi-lazdeles-kvapu-difuzoriams-ilgos-29-5-cm\\\/#primaryimage\"},\"thumbnailUrl\":\"https:\\\/\\\/www.malinashop.lt\\\/wp-content\\\/uploads\\\/2024\\\/11\\\/ROOMOI-lazdeles-kvapu-difuzoriams-ilgos-29.5-cm.jpg\",\"datePublished\":\"2024-11-06T12:53:01+00:00\",\"dateModified\":\"2025-12-02T18:13:27+00:00\",\"breadcrumb\":{\"@id\":\"https:\\\/\\\/www.malinashop.lt\\\/lt_lt\\\/shop\\\/roomoi-lazdeles-kvapu-difuzoriams-ilgos-29-5-cm\\\/#breadcrumb\"},\"inLanguage\":\"en-GB\",\"potentialAction\":[{\"@type\":\"ReadAction\",\"target\":[\"https:\\\/\\\/www.malinashop.lt\\\/lt_lt\\\/shop\\\/roomoi-lazdeles-kvapu-difuzoriams-ilgos-29-5-cm\\\/\"]}]},{\"@type\":\"ImageObject\",\"inLanguage\":\"en-GB\",\"@id\":\"https:\\\/\\\/www.malinashop.lt\\\/lt_lt\\\/shop\\\/roomoi-lazdeles-kvapu-difuzoriams-ilgos-29-5-cm\\\/#primaryimage\",\"url\":\"https:\\\/\\\/www.malinashop.lt\\\/wp-content\\\/uploads\\\/2024\\\/11\\\/ROOMOI-lazdeles-kvapu-difuzoriams-ilgos-29.5-cm.jpg\",\"contentUrl\":\"https:\\\/\\\/www.malinashop.lt\\\/wp-content\\\/uploads\\\/2024\\\/11\\\/ROOMOI-lazdeles-kvapu-difuzoriams-ilgos-29.5-cm.jpg\",\"width\":1080,\"height\":1080},{\"@type\":\"BreadcrumbList\",\"@id\":\"https:\\\/\\\/www.malinashop.lt\\\/lt_lt\\\/shop\\\/roomoi-lazdeles-kvapu-difuzoriams-ilgos-29-5-cm\\\/#breadcrumb\",\"itemListElement\":[{\"@type\":\"ListItem\",\"position\":1,\"name\":\"Pagrindinis\",\"item\":\"https:\\\/\\\/www.malinashop.lt\\\/\"},{\"@type\":\"ListItem\",\"position\":2,\"name\":\"Parduotuv\u0117\",\"item\":\"https:\\\/\\\/www.malinashop.lt\\\/en\\\/parduotuve\\\/\"},{\"@type\":\"ListItem\",\"position\":3,\"name\":\"ROOMOI lazdel\u0117s kvap\u0173 difuzoriams (ilgos, 29.5 cm)\"}]},{\"@type\":\"WebSite\",\"@id\":\"https:\\\/\\\/www.malinashop.lt\\\/#website\",\"url\":\"https:\\\/\\\/www.malinashop.lt\\\/\",\"name\":\"COM Group Ecommerce\",\"description\":\"MalinaShop.lt - Gro\u017eio ir sveikatos produktai i\u0161 patikim\u0173 preki\u0173 \u017eenkl\u0173. Atraskite auk\u0161tos kokyb\u0117s kosmetik\u0105 u\u017e puiki\u0105 kain\u0105.\",\"publisher\":{\"@id\":\"https:\\\/\\\/www.malinashop.lt\\\/#organization\"},\"potentialAction\":[{\"@type\":\"SearchAction\",\"target\":{\"@type\":\"EntryPoint\",\"urlTemplate\":\"https:\\\/\\\/www.malinashop.lt\\\/?s={search_term_string}\"},\"query-input\":{\"@type\":\"PropertyValueSpecification\",\"valueRequired\":true,\"valueName\":\"search_term_string\"}}],\"inLanguage\":\"en-GB\"},{\"@type\":\"Organization\",\"@id\":\"https:\\\/\\\/www.malinashop.lt\\\/#organization\",\"name\":\"COM Group Ecommerce\",\"url\":\"https:\\\/\\\/www.malinashop.lt\\\/\",\"logo\":{\"@type\":\"ImageObject\",\"inLanguage\":\"en-GB\",\"@id\":\"https:\\\/\\\/www.malinashop.lt\\\/#\\\/schema\\\/logo\\\/image\\\/\",\"url\":\"https:\\\/\\\/www.malinashop.lt\\\/wp-content\\\/uploads\\\/2024\\\/08\\\/462559670_3787732518133670_9795632669273463_n-e1731525914575.png\",\"contentUrl\":\"https:\\\/\\\/www.malinashop.lt\\\/wp-content\\\/uploads\\\/2024\\\/08\\\/462559670_3787732518133670_9795632669273463_n-e1731525914575.png\",\"width\":180,\"height\":60,\"caption\":\"COM Group Ecommerce\"},\"image\":{\"@id\":\"https:\\\/\\\/www.malinashop.lt\\\/#\\\/schema\\\/logo\\\/image\\\/\"}}]}<\/script>\n<!-- \/ Yoast SEO plugin. -->","yoast_head_json":{"title":"ROOMOI lazdel\u0117s kvap\u0173 difuzoriams (ilgos, 29.5 cm) - MalinaShop.lt J\u016bs\u0173 sveikatai ir gro\u017eiui.","robots":{"index":"index","follow":"follow","max-snippet":"max-snippet:-1","max-image-preview":"max-image-preview:large","max-video-preview":"max-video-preview:-1"},"canonical":"https:\/\/www.malinashop.lt\/en\/shop\/roomoi-lazdeles-kvapu-difuzoriams-ilgos-29-5-cm\/","og_locale":"en_GB","og_type":"article","og_title":"ROOMOI lazdel\u0117s kvap\u0173 difuzoriams (ilgos, 29.5 cm) - MalinaShop.lt J\u016bs\u0173 sveikatai ir gro\u017eiui.","og_url":"https:\/\/www.malinashop.lt\/en\/shop\/roomoi-lazdeles-kvapu-difuzoriams-ilgos-29-5-cm\/","og_site_name":"MalinaShop.lt J\u016bs\u0173 sveikatai ir gro\u017eiui.","article_modified_time":"2025-12-02T18:13:27+00:00","og_image":[{"width":1080,"height":1080,"url":"https:\/\/www.malinashop.lt\/wp-content\/uploads\/2024\/11\/ROOMOI-lazdeles-kvapu-difuzoriams-ilgos-29.5-cm.jpg","type":"image\/jpeg"}],"twitter_card":"summary_large_image","schema":{"@context":"https:\/\/schema.org","@graph":[{"@type":"WebPage","@id":"https:\/\/www.malinashop.lt\/lt_lt\/shop\/roomoi-lazdeles-kvapu-difuzoriams-ilgos-29-5-cm\/","url":"https:\/\/www.malinashop.lt\/lt_lt\/shop\/roomoi-lazdeles-kvapu-difuzoriams-ilgos-29-5-cm\/","name":"ROOMOI lazdel\u0117s kvap\u0173 difuzoriams (ilgos, 29.5 cm) - MalinaShop.lt J\u016bs\u0173 sveikatai ir gro\u017eiui.","isPartOf":{"@id":"https:\/\/www.malinashop.lt\/#website"},"primaryImageOfPage":{"@id":"https:\/\/www.malinashop.lt\/lt_lt\/shop\/roomoi-lazdeles-kvapu-difuzoriams-ilgos-29-5-cm\/#primaryimage"},"image":{"@id":"https:\/\/www.malinashop.lt\/lt_lt\/shop\/roomoi-lazdeles-kvapu-difuzoriams-ilgos-29-5-cm\/#primaryimage"},"thumbnailUrl":"https:\/\/www.malinashop.lt\/wp-content\/uploads\/2024\/11\/ROOMOI-lazdeles-kvapu-difuzoriams-ilgos-29.5-cm.jpg","datePublished":"2024-11-06T12:53:01+00:00","dateModified":"2025-12-02T18:13:27+00:00","breadcrumb":{"@id":"https:\/\/www.malinashop.lt\/lt_lt\/shop\/roomoi-lazdeles-kvapu-difuzoriams-ilgos-29-5-cm\/#breadcrumb"},"inLanguage":"en-GB","potentialAction":[{"@type":"ReadAction","target":["https:\/\/www.malinashop.lt\/lt_lt\/shop\/roomoi-lazdeles-kvapu-difuzoriams-ilgos-29-5-cm\/"]}]},{"@type":"ImageObject","inLanguage":"en-GB","@id":"https:\/\/www.malinashop.lt\/lt_lt\/shop\/roomoi-lazdeles-kvapu-difuzoriams-ilgos-29-5-cm\/#primaryimage","url":"https:\/\/www.malinashop.lt\/wp-content\/uploads\/2024\/11\/ROOMOI-lazdeles-kvapu-difuzoriams-ilgos-29.5-cm.jpg","contentUrl":"https:\/\/www.malinashop.lt\/wp-content\/uploads\/2024\/11\/ROOMOI-lazdeles-kvapu-difuzoriams-ilgos-29.5-cm.jpg","width":1080,"height":1080},{"@type":"BreadcrumbList","@id":"https:\/\/www.malinashop.lt\/lt_lt\/shop\/roomoi-lazdeles-kvapu-difuzoriams-ilgos-29-5-cm\/#breadcrumb","itemListElement":[{"@type":"ListItem","position":1,"name":"Pagrindinis","item":"https:\/\/www.malinashop.lt\/"},{"@type":"ListItem","position":2,"name":"Parduotuv\u0117","item":"https:\/\/www.malinashop.lt\/en\/parduotuve\/"},{"@type":"ListItem","position":3,"name":"ROOMOI lazdel\u0117s kvap\u0173 difuzoriams (ilgos, 29.5 cm)"}]},{"@type":"WebSite","@id":"https:\/\/www.malinashop.lt\/#website","url":"https:\/\/www.malinashop.lt\/","name":"COM Group Ecommerce","description":"MalinaShop.lt - Gro\u017eio ir sveikatos produktai i\u0161 patikim\u0173 preki\u0173 \u017eenkl\u0173. Atraskite auk\u0161tos kokyb\u0117s kosmetik\u0105 u\u017e puiki\u0105 kain\u0105.","publisher":{"@id":"https:\/\/www.malinashop.lt\/#organization"},"potentialAction":[{"@type":"SearchAction","target":{"@type":"EntryPoint","urlTemplate":"https:\/\/www.malinashop.lt\/?s={search_term_string}"},"query-input":{"@type":"PropertyValueSpecification","valueRequired":true,"valueName":"search_term_string"}}],"inLanguage":"en-GB"},{"@type":"Organization","@id":"https:\/\/www.malinashop.lt\/#organization","name":"COM Group Ecommerce","url":"https:\/\/www.malinashop.lt\/","logo":{"@type":"ImageObject","inLanguage":"en-GB","@id":"https:\/\/www.malinashop.lt\/#\/schema\/logo\/image\/","url":"https:\/\/www.malinashop.lt\/wp-content\/uploads\/2024\/08\/462559670_3787732518133670_9795632669273463_n-e1731525914575.png","contentUrl":"https:\/\/www.malinashop.lt\/wp-content\/uploads\/2024\/08\/462559670_3787732518133670_9795632669273463_n-e1731525914575.png","width":180,"height":60,"caption":"COM Group Ecommerce"},"image":{"@id":"https:\/\/www.malinashop.lt\/#\/schema\/logo\/image\/"}}]}},"jetpack_sharing_enabled":true,"_links":{"self":[{"href":"https:\/\/www.malinashop.lt\/en\/wp-json\/wp\/v2\/product\/19979","targetHints":{"allow":["GET"]}}],"collection":[{"href":"https:\/\/www.malinashop.lt\/en\/wp-json\/wp\/v2\/product"}],"about":[{"href":"https:\/\/www.malinashop.lt\/en\/wp-json\/wp\/v2\/types\/product"}],"version-history":[{"count":1,"href":"https:\/\/www.malinashop.lt\/en\/wp-json\/wp\/v2\/product\/19979\/revisions"}],"predecessor-version":[{"id":32819,"href":"https:\/\/www.malinashop.lt\/en\/wp-json\/wp\/v2\/product\/19979\/revisions\/32819"}],"wp:featuredmedia":[{"embeddable":true,"href":"https:\/\/www.malinashop.lt\/en\/wp-json\/wp\/v2\/media\/18058"}],"wp:attachment":[{"href":"https:\/\/www.malinashop.lt\/en\/wp-json\/wp\/v2\/media?parent=19979"}],"wp:term":[{"taxonomy":"product_brand","embeddable":true,"href":"https:\/\/www.malinashop.lt\/en\/wp-json\/wp\/v2\/product_brand?post=19979"},{"taxonomy":"product_cat","embeddable":true,"href":"https:\/\/www.malinashop.lt\/en\/wp-json\/wp\/v2\/product_cat?post=19979"},{"taxonomy":"product_tag","embeddable":true,"href":"https:\/\/www.malinashop.lt\/en\/wp-json\/wp\/v2\/product_tag?post=19979"}],"curies":[{"name":"wp","href":"https:\/\/api.w.org\/{rel}","templated":true}]}}