{"id":19973,"date":"2024-11-06T15:53:01","date_gmt":"2024-11-06T12:53:01","guid":{"rendered":"https:\/\/malinashop.lt\/produktas\/roomoi-regal-glory-purskiamas-namu-automobilio-kvapas-200-ml\/"},"modified":"2026-03-30T11:25:11","modified_gmt":"2026-03-30T08:25:11","slug":"roomoi-regal-glory-purskiamas-namu-automobilio-kvapas-200-ml","status":"publish","type":"product","link":"https:\/\/www.malinashop.lt\/en\/shop\/roomoi-regal-glory-purskiamas-namu-automobilio-kvapas-200-ml\/","title":{"rendered":"ROOMOI REGAL GLORY pur\u0161kiamas nam\u0173-automobilio kvapas, 200 ml"},"content":{"rendered":"<p data-start=\"366\" data-end=\"628\"><strong data-start=\"366\" data-end=\"388\">ROOMOI Regal Glory<\/strong> \u2013 tai <strong data-start=\"395\" data-end=\"436\">prabangos ir elegancijos \u012fsik\u016bnijimas<\/strong>, kvapas, skirtas tiek <strong data-start=\"459\" data-end=\"488\">namams, tiek automobiliui<\/strong>. \u0160is aromatas subtiliai balansuoja tarp <strong data-start=\"529\" data-end=\"551\">gaivi\u0173 vaisi\u0173 nat\u0173<\/strong> ir <strong data-start=\"555\" data-end=\"583\">\u0161ilto, medienos pagrindo<\/strong>, sukeldamas <strong data-start=\"596\" data-end=\"625\">kilnumo ir ramyb\u0117s jausm\u0105<\/strong>.<\/p>\n<p data-start=\"630\" data-end=\"983\">Kvapo prad\u017eioje jus pasitinka <strong data-start=\"660\" data-end=\"712\">juod\u0173j\u0173 serbent\u0173, bergamot\u0117s, obuoli\u0173 ir ananas\u0173<\/strong> sprogimas, suteikiantis erdvei <strong data-start=\"744\" data-end=\"764\">gyvumo ir gaivos<\/strong>. V\u0117liau atsiskleid\u017eia <strong data-start=\"787\" data-end=\"831\">pa\u010diulio, jazmino, ber\u017eo ir kadagio uog\u0173<\/strong> gilios vidurin\u0117s natos, o pagrind\u0105 u\u017ebaigia <strong data-start=\"876\" data-end=\"921\">ambra, vanil\u0117, muskusas ir \u0105\u017euolo samanos<\/strong>, kurios suteikia <strong data-start=\"939\" data-end=\"980\">\u0161ilumos, rafinuotumo ir ilgaam\u017ei\u0161kumo<\/strong>.<\/p>\n<p data-start=\"985\" data-end=\"1120\"><strong data-start=\"985\" data-end=\"1007\">ROOMOI Regal Glory<\/strong> \u2013 tai <strong data-start=\"1014\" data-end=\"1040\">aristokrati\u0161kas kvapas<\/strong>, kuris j\u016bs\u0173 aplinkai suteiks <strong data-start=\"1070\" data-end=\"1117\">solidumo, jaukumo ir subtilaus i\u0161skirtinumo<\/strong>.<\/p>\n<hr data-start=\"1122\" data-end=\"1125\" \/>\n<h3 data-start=\"1127\" data-end=\"1151\"><strong data-start=\"1131\" data-end=\"1149\">Kvap\u0173 sud\u0117tis:<\/strong><\/h3>\n<ul data-start=\"1152\" data-end=\"1357\">\n<li data-start=\"1152\" data-end=\"1227\">\n<p data-start=\"1154\" data-end=\"1227\"><strong data-start=\"1154\" data-end=\"1175\">Vir\u0161utin\u0117s natos:<\/strong> juodieji serbentai, bergamot\u0117, obuoliai, ananasai<\/p>\n<\/li>\n<li data-start=\"1228\" data-end=\"1294\">\n<p data-start=\"1230\" data-end=\"1294\"><strong data-start=\"1230\" data-end=\"1250\">Vidurin\u0117s natos:<\/strong> pa\u010diulis, jazminas, ber\u017eas, kadagio uogos<\/p>\n<\/li>\n<li data-start=\"1295\" data-end=\"1357\">\n<p data-start=\"1297\" data-end=\"1357\"><strong data-start=\"1297\" data-end=\"1315\">Bazin\u0117s natos:<\/strong> ambra, vanil\u0117, muskusas, \u0105\u017euolo samanos<\/p>\n<\/li>\n<\/ul>\n<hr data-start=\"1359\" data-end=\"1362\" \/>\n<h3 data-start=\"1364\" data-end=\"1396\"><strong data-start=\"1368\" data-end=\"1394\">Dizainas ir naudojimas<\/strong><\/h3>\n<p data-start=\"1397\" data-end=\"1668\">Kvapas pateikiamas <strong data-start=\"1416\" data-end=\"1490\">minimalistiniame keramikinio stiliaus buteliuke su juodomis lazdel\u0117mis<\/strong>, kuris harmoningai dera su \u012fvairiais interjerais.<br data-start=\"1540\" data-end=\"1543\" \/>Dizainas u\u017etikrina, kad <strong data-start=\"1567\" data-end=\"1617\">kvapas skleist\u0173si tolygiai, subtiliai ir ilgai<\/strong>, paversdamas erdv\u0119 <strong data-start=\"1637\" data-end=\"1665\">jaukia ir prabangia oaze<\/strong>.<\/p>\n<p data-start=\"1670\" data-end=\"1804\">Supakuotas \u012f <strong data-start=\"1683\" data-end=\"1705\">eleganti\u0161k\u0105 d\u0117\u017eut\u0119<\/strong>, <strong data-start=\"1707\" data-end=\"1729\">ROOMOI Regal Glory<\/strong> yra puikus <strong data-start=\"1741\" data-end=\"1765\">dovanos pasirinkimas<\/strong> ar <strong data-start=\"1769\" data-end=\"1801\">stilingas interjero akcentas<\/strong>.<\/p>\n<h3 data-start=\"2081\" data-end=\"2110\"><strong data-start=\"2085\" data-end=\"2108\">Pagaminta Italijoje<\/strong><\/h3>\n<p data-start=\"2111\" data-end=\"2291\"><strong data-start=\"2111\" data-end=\"2133\">ROOMOI nam\u0173 kvapai<\/strong> gaminami <strong data-start=\"2143\" data-end=\"2156\">Italijoje<\/strong>, naudojant auk\u0161\u010diausios kokyb\u0117s ingredientus. Kiekvienas kvapas pasi\u017eymi <strong data-start=\"2230\" data-end=\"2288\">i\u0161skirtiniu ilgaam\u017ei\u0161kumu ir rafinuotu aromato balansu<\/strong>.<\/p>\n","protected":false},"excerpt":{"rendered":"<p><strong data-start=\"146\" data-end=\"168\">ROOMOI Regal Glory<\/strong> \u2013 rafinuotas, aristokrati\u0161kas kvapas, kuriame dera vaisi\u0173 gaiva ir medienos \u0161iluma. Sukurtas tiems, kurie vertina elegancij\u0105, kokyb\u0119 ir ilgai i\u0161liekant\u012f aromat\u0105.<\/p>\n","protected":false},"featured_media":18019,"template":"","meta":[],"product_brand":[552],"product_cat":[1137,1140,573,197],"product_tag":[1153],"class_list":{"0":"post-19973","1":"product","2":"type-product","3":"status-publish","4":"has-post-thumbnail","6":"product_brand-roomoi","7":"product_cat-dovanos","8":"product_cat-namu-kvapai","9":"product_cat-namu-kvapai-2","10":"product_cat-purskiami-namu-kvapai","11":"product_tag-roomoi","13":"first","14":"instock","15":"sale","16":"taxable","17":"shipping-taxable","18":"purchasable","19":"product-type-simple"},"yoast_head":"<!-- This site is optimized with the Yoast SEO plugin v27.4 - https:\/\/yoast.com\/product\/yoast-seo-wordpress\/ -->\n<title>ROOMOI REGAL GLORY pur\u0161kiamas nam\u0173-automobilio kvapas, 200 ml - MalinaShop.lt J\u016bs\u0173 sveikatai ir gro\u017eiui.<\/title>\n<meta name=\"description\" content=\"ROOMOI Regal Glory \u2013 itali\u0161kas aristokrati\u0161kas kvapas su vaisi\u0173, medienos ir vanil\u0117s natomis. Prabangus, ilgai i\u0161liekantis aromatas namams ir automobiliui.\" \/>\n<meta name=\"robots\" content=\"index, follow, max-snippet:-1, max-image-preview:large, max-video-preview:-1\" \/>\n<link rel=\"canonical\" href=\"https:\/\/www.malinashop.lt\/en\/shop\/roomoi-regal-glory-purskiamas-namu-automobilio-kvapas-200-ml\/\" \/>\n<meta property=\"og:locale\" content=\"en_GB\" \/>\n<meta property=\"og:type\" content=\"article\" \/>\n<meta property=\"og:title\" content=\"ROOMOI REGAL GLORY pur\u0161kiamas nam\u0173-automobilio kvapas, 200 ml - MalinaShop.lt J\u016bs\u0173 sveikatai ir gro\u017eiui.\" \/>\n<meta property=\"og:description\" content=\"ROOMOI Regal Glory \u2013 itali\u0161kas aristokrati\u0161kas kvapas su vaisi\u0173, medienos ir vanil\u0117s natomis. Prabangus, ilgai i\u0161liekantis aromatas namams ir automobiliui.\" \/>\n<meta property=\"og:url\" content=\"https:\/\/www.malinashop.lt\/en\/shop\/roomoi-regal-glory-purskiamas-namu-automobilio-kvapas-200-ml\/\" \/>\n<meta property=\"og:site_name\" content=\"MalinaShop.lt J\u016bs\u0173 sveikatai ir gro\u017eiui.\" \/>\n<meta property=\"article:modified_time\" content=\"2026-03-30T08:25:11+00:00\" \/>\n<meta property=\"og:image\" content=\"https:\/\/www.malinashop.lt\/wp-content\/uploads\/2024\/11\/ROOMOI-REGAL-GLORY-purskiamas-namu-automobilio-kvapas-200-ml.jpeg\" \/>\n\t<meta property=\"og:image:width\" content=\"1080\" \/>\n\t<meta property=\"og:image:height\" content=\"1080\" \/>\n\t<meta property=\"og:image:type\" content=\"image\/jpeg\" \/>\n<meta name=\"twitter:card\" content=\"summary_large_image\" \/>\n<script type=\"application\/ld+json\" class=\"yoast-schema-graph\">{\"@context\":\"https:\\\/\\\/schema.org\",\"@graph\":[{\"@type\":\"WebPage\",\"@id\":\"https:\\\/\\\/www.malinashop.lt\\\/lt_lt\\\/shop\\\/roomoi-regal-glory-purskiamas-namu-automobilio-kvapas-200-ml\\\/\",\"url\":\"https:\\\/\\\/www.malinashop.lt\\\/lt_lt\\\/shop\\\/roomoi-regal-glory-purskiamas-namu-automobilio-kvapas-200-ml\\\/\",\"name\":\"ROOMOI REGAL GLORY pur\u0161kiamas nam\u0173-automobilio kvapas, 200 ml - MalinaShop.lt J\u016bs\u0173 sveikatai ir gro\u017eiui.\",\"isPartOf\":{\"@id\":\"https:\\\/\\\/www.malinashop.lt\\\/#website\"},\"primaryImageOfPage\":{\"@id\":\"https:\\\/\\\/www.malinashop.lt\\\/lt_lt\\\/shop\\\/roomoi-regal-glory-purskiamas-namu-automobilio-kvapas-200-ml\\\/#primaryimage\"},\"image\":{\"@id\":\"https:\\\/\\\/www.malinashop.lt\\\/lt_lt\\\/shop\\\/roomoi-regal-glory-purskiamas-namu-automobilio-kvapas-200-ml\\\/#primaryimage\"},\"thumbnailUrl\":\"https:\\\/\\\/www.malinashop.lt\\\/wp-content\\\/uploads\\\/2024\\\/11\\\/ROOMOI-REGAL-GLORY-purskiamas-namu-automobilio-kvapas-200-ml.jpeg\",\"datePublished\":\"2024-11-06T12:53:01+00:00\",\"dateModified\":\"2026-03-30T08:25:11+00:00\",\"description\":\"ROOMOI Regal Glory \u2013 itali\u0161kas aristokrati\u0161kas kvapas su vaisi\u0173, medienos ir vanil\u0117s natomis. Prabangus, ilgai i\u0161liekantis aromatas namams ir automobiliui.\",\"breadcrumb\":{\"@id\":\"https:\\\/\\\/www.malinashop.lt\\\/lt_lt\\\/shop\\\/roomoi-regal-glory-purskiamas-namu-automobilio-kvapas-200-ml\\\/#breadcrumb\"},\"inLanguage\":\"en-GB\",\"potentialAction\":[{\"@type\":\"ReadAction\",\"target\":[\"https:\\\/\\\/www.malinashop.lt\\\/lt_lt\\\/shop\\\/roomoi-regal-glory-purskiamas-namu-automobilio-kvapas-200-ml\\\/\"]}]},{\"@type\":\"ImageObject\",\"inLanguage\":\"en-GB\",\"@id\":\"https:\\\/\\\/www.malinashop.lt\\\/lt_lt\\\/shop\\\/roomoi-regal-glory-purskiamas-namu-automobilio-kvapas-200-ml\\\/#primaryimage\",\"url\":\"https:\\\/\\\/www.malinashop.lt\\\/wp-content\\\/uploads\\\/2024\\\/11\\\/ROOMOI-REGAL-GLORY-purskiamas-namu-automobilio-kvapas-200-ml.jpeg\",\"contentUrl\":\"https:\\\/\\\/www.malinashop.lt\\\/wp-content\\\/uploads\\\/2024\\\/11\\\/ROOMOI-REGAL-GLORY-purskiamas-namu-automobilio-kvapas-200-ml.jpeg\",\"width\":1080,\"height\":1080},{\"@type\":\"BreadcrumbList\",\"@id\":\"https:\\\/\\\/www.malinashop.lt\\\/lt_lt\\\/shop\\\/roomoi-regal-glory-purskiamas-namu-automobilio-kvapas-200-ml\\\/#breadcrumb\",\"itemListElement\":[{\"@type\":\"ListItem\",\"position\":1,\"name\":\"Pagrindinis\",\"item\":\"https:\\\/\\\/www.malinashop.lt\\\/\"},{\"@type\":\"ListItem\",\"position\":2,\"name\":\"Parduotuv\u0117\",\"item\":\"https:\\\/\\\/www.malinashop.lt\\\/en\\\/parduotuve\\\/\"},{\"@type\":\"ListItem\",\"position\":3,\"name\":\"ROOMOI REGAL GLORY pur\u0161kiamas nam\u0173-automobilio kvapas, 200 ml\"}]},{\"@type\":\"WebSite\",\"@id\":\"https:\\\/\\\/www.malinashop.lt\\\/#website\",\"url\":\"https:\\\/\\\/www.malinashop.lt\\\/\",\"name\":\"COM Group Ecommerce\",\"description\":\"MalinaShop.lt - Gro\u017eio ir sveikatos produktai i\u0161 patikim\u0173 preki\u0173 \u017eenkl\u0173. Atraskite auk\u0161tos kokyb\u0117s kosmetik\u0105 u\u017e puiki\u0105 kain\u0105.\",\"publisher\":{\"@id\":\"https:\\\/\\\/www.malinashop.lt\\\/#organization\"},\"potentialAction\":[{\"@type\":\"SearchAction\",\"target\":{\"@type\":\"EntryPoint\",\"urlTemplate\":\"https:\\\/\\\/www.malinashop.lt\\\/?s={search_term_string}\"},\"query-input\":{\"@type\":\"PropertyValueSpecification\",\"valueRequired\":true,\"valueName\":\"search_term_string\"}}],\"inLanguage\":\"en-GB\"},{\"@type\":\"Organization\",\"@id\":\"https:\\\/\\\/www.malinashop.lt\\\/#organization\",\"name\":\"COM Group Ecommerce\",\"url\":\"https:\\\/\\\/www.malinashop.lt\\\/\",\"logo\":{\"@type\":\"ImageObject\",\"inLanguage\":\"en-GB\",\"@id\":\"https:\\\/\\\/www.malinashop.lt\\\/#\\\/schema\\\/logo\\\/image\\\/\",\"url\":\"https:\\\/\\\/www.malinashop.lt\\\/wp-content\\\/uploads\\\/2024\\\/08\\\/462559670_3787732518133670_9795632669273463_n-e1731525914575.png\",\"contentUrl\":\"https:\\\/\\\/www.malinashop.lt\\\/wp-content\\\/uploads\\\/2024\\\/08\\\/462559670_3787732518133670_9795632669273463_n-e1731525914575.png\",\"width\":180,\"height\":60,\"caption\":\"COM Group Ecommerce\"},\"image\":{\"@id\":\"https:\\\/\\\/www.malinashop.lt\\\/#\\\/schema\\\/logo\\\/image\\\/\"}}]}<\/script>\n<!-- \/ Yoast SEO plugin. -->","yoast_head_json":{"title":"ROOMOI REGAL GLORY pur\u0161kiamas nam\u0173-automobilio kvapas, 200 ml - MalinaShop.lt J\u016bs\u0173 sveikatai ir gro\u017eiui.","description":"ROOMOI Regal Glory \u2013 itali\u0161kas aristokrati\u0161kas kvapas su vaisi\u0173, medienos ir vanil\u0117s natomis. Prabangus, ilgai i\u0161liekantis aromatas namams ir automobiliui.","robots":{"index":"index","follow":"follow","max-snippet":"max-snippet:-1","max-image-preview":"max-image-preview:large","max-video-preview":"max-video-preview:-1"},"canonical":"https:\/\/www.malinashop.lt\/en\/shop\/roomoi-regal-glory-purskiamas-namu-automobilio-kvapas-200-ml\/","og_locale":"en_GB","og_type":"article","og_title":"ROOMOI REGAL GLORY pur\u0161kiamas nam\u0173-automobilio kvapas, 200 ml - MalinaShop.lt J\u016bs\u0173 sveikatai ir gro\u017eiui.","og_description":"ROOMOI Regal Glory \u2013 itali\u0161kas aristokrati\u0161kas kvapas su vaisi\u0173, medienos ir vanil\u0117s natomis. Prabangus, ilgai i\u0161liekantis aromatas namams ir automobiliui.","og_url":"https:\/\/www.malinashop.lt\/en\/shop\/roomoi-regal-glory-purskiamas-namu-automobilio-kvapas-200-ml\/","og_site_name":"MalinaShop.lt J\u016bs\u0173 sveikatai ir gro\u017eiui.","article_modified_time":"2026-03-30T08:25:11+00:00","og_image":[{"width":1080,"height":1080,"url":"https:\/\/www.malinashop.lt\/wp-content\/uploads\/2024\/11\/ROOMOI-REGAL-GLORY-purskiamas-namu-automobilio-kvapas-200-ml.jpeg","type":"image\/jpeg"}],"twitter_card":"summary_large_image","schema":{"@context":"https:\/\/schema.org","@graph":[{"@type":"WebPage","@id":"https:\/\/www.malinashop.lt\/lt_lt\/shop\/roomoi-regal-glory-purskiamas-namu-automobilio-kvapas-200-ml\/","url":"https:\/\/www.malinashop.lt\/lt_lt\/shop\/roomoi-regal-glory-purskiamas-namu-automobilio-kvapas-200-ml\/","name":"ROOMOI REGAL GLORY pur\u0161kiamas nam\u0173-automobilio kvapas, 200 ml - MalinaShop.lt J\u016bs\u0173 sveikatai ir gro\u017eiui.","isPartOf":{"@id":"https:\/\/www.malinashop.lt\/#website"},"primaryImageOfPage":{"@id":"https:\/\/www.malinashop.lt\/lt_lt\/shop\/roomoi-regal-glory-purskiamas-namu-automobilio-kvapas-200-ml\/#primaryimage"},"image":{"@id":"https:\/\/www.malinashop.lt\/lt_lt\/shop\/roomoi-regal-glory-purskiamas-namu-automobilio-kvapas-200-ml\/#primaryimage"},"thumbnailUrl":"https:\/\/www.malinashop.lt\/wp-content\/uploads\/2024\/11\/ROOMOI-REGAL-GLORY-purskiamas-namu-automobilio-kvapas-200-ml.jpeg","datePublished":"2024-11-06T12:53:01+00:00","dateModified":"2026-03-30T08:25:11+00:00","description":"ROOMOI Regal Glory \u2013 itali\u0161kas aristokrati\u0161kas kvapas su vaisi\u0173, medienos ir vanil\u0117s natomis. Prabangus, ilgai i\u0161liekantis aromatas namams ir automobiliui.","breadcrumb":{"@id":"https:\/\/www.malinashop.lt\/lt_lt\/shop\/roomoi-regal-glory-purskiamas-namu-automobilio-kvapas-200-ml\/#breadcrumb"},"inLanguage":"en-GB","potentialAction":[{"@type":"ReadAction","target":["https:\/\/www.malinashop.lt\/lt_lt\/shop\/roomoi-regal-glory-purskiamas-namu-automobilio-kvapas-200-ml\/"]}]},{"@type":"ImageObject","inLanguage":"en-GB","@id":"https:\/\/www.malinashop.lt\/lt_lt\/shop\/roomoi-regal-glory-purskiamas-namu-automobilio-kvapas-200-ml\/#primaryimage","url":"https:\/\/www.malinashop.lt\/wp-content\/uploads\/2024\/11\/ROOMOI-REGAL-GLORY-purskiamas-namu-automobilio-kvapas-200-ml.jpeg","contentUrl":"https:\/\/www.malinashop.lt\/wp-content\/uploads\/2024\/11\/ROOMOI-REGAL-GLORY-purskiamas-namu-automobilio-kvapas-200-ml.jpeg","width":1080,"height":1080},{"@type":"BreadcrumbList","@id":"https:\/\/www.malinashop.lt\/lt_lt\/shop\/roomoi-regal-glory-purskiamas-namu-automobilio-kvapas-200-ml\/#breadcrumb","itemListElement":[{"@type":"ListItem","position":1,"name":"Pagrindinis","item":"https:\/\/www.malinashop.lt\/"},{"@type":"ListItem","position":2,"name":"Parduotuv\u0117","item":"https:\/\/www.malinashop.lt\/en\/parduotuve\/"},{"@type":"ListItem","position":3,"name":"ROOMOI REGAL GLORY pur\u0161kiamas nam\u0173-automobilio kvapas, 200 ml"}]},{"@type":"WebSite","@id":"https:\/\/www.malinashop.lt\/#website","url":"https:\/\/www.malinashop.lt\/","name":"COM Group Ecommerce","description":"MalinaShop.lt - Gro\u017eio ir sveikatos produktai i\u0161 patikim\u0173 preki\u0173 \u017eenkl\u0173. Atraskite auk\u0161tos kokyb\u0117s kosmetik\u0105 u\u017e puiki\u0105 kain\u0105.","publisher":{"@id":"https:\/\/www.malinashop.lt\/#organization"},"potentialAction":[{"@type":"SearchAction","target":{"@type":"EntryPoint","urlTemplate":"https:\/\/www.malinashop.lt\/?s={search_term_string}"},"query-input":{"@type":"PropertyValueSpecification","valueRequired":true,"valueName":"search_term_string"}}],"inLanguage":"en-GB"},{"@type":"Organization","@id":"https:\/\/www.malinashop.lt\/#organization","name":"COM Group Ecommerce","url":"https:\/\/www.malinashop.lt\/","logo":{"@type":"ImageObject","inLanguage":"en-GB","@id":"https:\/\/www.malinashop.lt\/#\/schema\/logo\/image\/","url":"https:\/\/www.malinashop.lt\/wp-content\/uploads\/2024\/08\/462559670_3787732518133670_9795632669273463_n-e1731525914575.png","contentUrl":"https:\/\/www.malinashop.lt\/wp-content\/uploads\/2024\/08\/462559670_3787732518133670_9795632669273463_n-e1731525914575.png","width":180,"height":60,"caption":"COM Group Ecommerce"},"image":{"@id":"https:\/\/www.malinashop.lt\/#\/schema\/logo\/image\/"}}]}},"jetpack_sharing_enabled":true,"_links":{"self":[{"href":"https:\/\/www.malinashop.lt\/en\/wp-json\/wp\/v2\/product\/19973","targetHints":{"allow":["GET"]}}],"collection":[{"href":"https:\/\/www.malinashop.lt\/en\/wp-json\/wp\/v2\/product"}],"about":[{"href":"https:\/\/www.malinashop.lt\/en\/wp-json\/wp\/v2\/types\/product"}],"version-history":[{"count":3,"href":"https:\/\/www.malinashop.lt\/en\/wp-json\/wp\/v2\/product\/19973\/revisions"}],"predecessor-version":[{"id":59902,"href":"https:\/\/www.malinashop.lt\/en\/wp-json\/wp\/v2\/product\/19973\/revisions\/59902"}],"wp:featuredmedia":[{"embeddable":true,"href":"https:\/\/www.malinashop.lt\/en\/wp-json\/wp\/v2\/media\/18019"}],"wp:attachment":[{"href":"https:\/\/www.malinashop.lt\/en\/wp-json\/wp\/v2\/media?parent=19973"}],"wp:term":[{"taxonomy":"product_brand","embeddable":true,"href":"https:\/\/www.malinashop.lt\/en\/wp-json\/wp\/v2\/product_brand?post=19973"},{"taxonomy":"product_cat","embeddable":true,"href":"https:\/\/www.malinashop.lt\/en\/wp-json\/wp\/v2\/product_cat?post=19973"},{"taxonomy":"product_tag","embeddable":true,"href":"https:\/\/www.malinashop.lt\/en\/wp-json\/wp\/v2\/product_tag?post=19973"}],"curies":[{"name":"wp","href":"https:\/\/api.w.org\/{rel}","templated":true}]}}