{"id":19967,"date":"2024-11-06T15:52:57","date_gmt":"2024-11-06T12:52:57","guid":{"rendered":"https:\/\/malinashop.lt\/produktas\/roomoi-cherry-blossom-purskiamas-namu-automobilio-kvapas-200-ml\/"},"modified":"2026-03-30T11:25:15","modified_gmt":"2026-03-30T08:25:15","slug":"roomoi-cherry-blossom-purskiamas-namu-automobilio-kvapas-200-ml","status":"publish","type":"product","link":"https:\/\/www.malinashop.lt\/en\/shop\/roomoi-cherry-blossom-purskiamas-namu-automobilio-kvapas-200-ml\/","title":{"rendered":"ROOMOI CHERRY BLOSSOM pur\u0161kiamas nam\u0173-automobilio kvapas, 200 ml"},"content":{"rendered":"<p data-start=\"448\" data-end=\"760\"><strong data-start=\"448\" data-end=\"473\">ROOMOI Cherry Blossom<\/strong> nam\u0173 kvap\u0173 difuzorius \u2013 tai <strong data-start=\"502\" data-end=\"531\">pavasario atgimimo kvapas<\/strong>, kuris pripildo erdv\u0119 <strong data-start=\"554\" data-end=\"603\">g\u0117liniu \u0161velnumu ir \u0161iltais vaisiniais tonais<\/strong>.<br data-start=\"604\" data-end=\"607\" \/>Kvapas sukurtas tiems, kurie vertina <strong data-start=\"644\" data-end=\"696\">\u0161velnius, \u0161iltus ir emocijas kelian\u010dius aromatus<\/strong>, suteikian\u010dius namams <strong data-start=\"719\" data-end=\"757\">jaukumo, romantikos ir elegancijos<\/strong>.<\/p>\n<p data-start=\"762\" data-end=\"1155\">Vir\u0161utin\u0117s natos \u2013 <strong data-start=\"781\" data-end=\"798\">vy\u0161ni\u0173 \u017eiedai<\/strong> \u2013 suteikia gaivumo, \u0161viesos ir subtilios g\u0117l\u0117tos \u0161ilumos.<br data-start=\"856\" data-end=\"859\" \/>Vidurin\u0117s natos \u2013 <strong data-start=\"877\" data-end=\"910\">tonka pupel\u0117s ir gvazdik\u0117liai<\/strong> \u2013 \u012fne\u0161a saldumo ir prieskoni\u0173 subtilybi\u0173, kurios suteikia kvapui sodrumo ir jaukumo.<br data-start=\"995\" data-end=\"998\" \/>Bazin\u0117s natos \u2013 <strong data-start=\"1014\" data-end=\"1046\">sandalmedis, vanil\u0117 ir ambra<\/strong> \u2013 apgaubia \u0161velnia \u0161iluma ir prabangiu, ilgai i\u0161liekan\u010diu aromatu, kuris skleid\u017eiasi \u0161velniai ir tolygiai.<\/p>\n<p data-start=\"1157\" data-end=\"1363\"><strong data-start=\"1157\" data-end=\"1175\">Cherry Blossom<\/strong> \u2013 tai <strong data-start=\"1182\" data-end=\"1218\">\u0161venti\u0161kas ir harmoningas kvapas<\/strong>, tinkantis tiek kasdienai, tiek ypatingoms progoms. Jo \u0161velni kompozicija suteikia <strong data-start=\"1302\" data-end=\"1360\">namams pavasario gaivos ir \u0161velnios elegancijos poj\u016bt\u012f<\/strong>.<\/p>\n<hr data-start=\"1365\" data-end=\"1368\" \/>\n<h3 data-start=\"1370\" data-end=\"1394\"><strong data-start=\"1374\" data-end=\"1392\">Kvap\u0173 sud\u0117tis:<\/strong><\/h3>\n<ul data-start=\"1395\" data-end=\"1537\">\n<li data-start=\"1395\" data-end=\"1434\">\n<p data-start=\"1397\" data-end=\"1434\"><strong data-start=\"1397\" data-end=\"1418\">Vir\u0161utin\u0117s natos:<\/strong> vy\u0161ni\u0173 \u017eiedai<\/p>\n<\/li>\n<li data-start=\"1435\" data-end=\"1487\">\n<p data-start=\"1437\" data-end=\"1487\"><strong data-start=\"1437\" data-end=\"1457\">Vidurin\u0117s natos:<\/strong> tonka pupel\u0117s, gvazdik\u0117liai<\/p>\n<\/li>\n<li data-start=\"1488\" data-end=\"1537\">\n<p data-start=\"1490\" data-end=\"1537\"><strong data-start=\"1490\" data-end=\"1508\">Bazin\u0117s natos:<\/strong> sandalmedis, vanil\u0117, ambra<\/p>\n<\/li>\n<\/ul>\n<hr data-start=\"1539\" data-end=\"1542\" \/>\n<h3 data-start=\"1544\" data-end=\"1576\"><strong data-start=\"1548\" data-end=\"1574\">Dizainas ir naudojimas<\/strong><\/h3>\n<p data-start=\"1577\" data-end=\"1903\"><strong data-start=\"1577\" data-end=\"1602\">ROOMOI Cherry Blossom<\/strong> difuzorius i\u0161pilstytas \u012f <strong data-start=\"1628\" data-end=\"1675\">minimalistinio dizaino keramikin\u012f buteliuk\u0105<\/strong> su juodomis lazdel\u0117mis, kuris puikiai dera su bet kokiu interjeru.<br data-start=\"1742\" data-end=\"1745\" \/>Kvapas <strong data-start=\"1752\" data-end=\"1793\">skleid\u017eiasi tolygiai ir i\u0161lieka ilgai<\/strong>, o prabangus \u012fpakavimas daro j\u012f <strong data-start=\"1826\" data-end=\"1858\">puikia dovana artimam \u017emogui<\/strong> arba <strong data-start=\"1864\" data-end=\"1900\">eleganti\u0161ku akcentu j\u016bs\u0173 namuose<\/strong>.<\/p>\n<hr data-start=\"1905\" data-end=\"1908\" \/>\n<h3 data-start=\"1910\" data-end=\"1939\"><strong data-start=\"1914\" data-end=\"1937\">Pagaminta Italijoje<\/strong><\/h3>\n<p data-start=\"1940\" data-end=\"2093\">Visi <strong data-start=\"1945\" data-end=\"1994\">ROOMOI nam\u0173 kvapai \u2013 difuzoriai ir papildymai<\/strong> yra <strong data-start=\"1999\" data-end=\"2022\">pagaminti Italijoje<\/strong>, garantuojant <strong data-start=\"2037\" data-end=\"2090\">auk\u0161t\u0105 kokyb\u0119, aromato stabilum\u0105 ir ilgaam\u017ei\u0161kum\u0105<\/strong>.<\/p>\n","protected":false},"excerpt":{"rendered":"<p><strong data-start=\"155\" data-end=\"180\">ROOMOI Cherry Blossom<\/strong> \u2013 subtilus ir g\u0117linis nam\u0173 kvapas su <strong data-start=\"218\" data-end=\"295\">vy\u0161ni\u0173 \u017eied\u0173, tonka pupeli\u0173, gvazdik\u0117li\u0173, sandalmed\u017eio, vanil\u0117s ir ambros<\/strong> natomis. \u0160iltas, saldus ir harmoningas aromatas, sukuriantis <strong data-start=\"357\" data-end=\"411\">pavasari\u0161k\u0105 atmosfer\u0105 j\u016bs\u0173 namuose ar automobilyje<\/strong>.<\/p>\n","protected":false},"featured_media":21301,"template":"","meta":[],"product_brand":[552],"product_cat":[1137,1140,573,197],"product_tag":[1153],"class_list":{"0":"post-19967","1":"product","2":"type-product","3":"status-publish","4":"has-post-thumbnail","6":"product_brand-roomoi","7":"product_cat-dovanos","8":"product_cat-namu-kvapai","9":"product_cat-namu-kvapai-2","10":"product_cat-purskiami-namu-kvapai","11":"product_tag-roomoi","13":"first","14":"outofstock","15":"sale","16":"taxable","17":"shipping-taxable","18":"purchasable","19":"product-type-simple"},"yoast_head":"<!-- This site is optimized with the Yoast SEO plugin v27.4 - https:\/\/yoast.com\/product\/yoast-seo-wordpress\/ -->\n<title>ROOMOI CHERRY BLOSSOM pur\u0161kiamas nam\u0173-automobilio kvapas, 200 ml - MalinaShop.lt J\u016bs\u0173 sveikatai ir gro\u017eiui.<\/title>\n<meta name=\"description\" content=\"ROOMOI Cherry Blossom \u2013 itali\u0161kas g\u0117li\u0173 kvapas su vy\u0161ni\u0173 \u017eiedais, tonka pupel\u0117mis ir vanile. Pavasari\u0161kas, \u0161iltas ir ilgai i\u0161liekantis aromatas namams.\" \/>\n<meta name=\"robots\" content=\"index, follow, max-snippet:-1, max-image-preview:large, max-video-preview:-1\" \/>\n<link rel=\"canonical\" href=\"https:\/\/www.malinashop.lt\/en\/shop\/roomoi-cherry-blossom-purskiamas-namu-automobilio-kvapas-200-ml\/\" \/>\n<meta property=\"og:locale\" content=\"en_GB\" \/>\n<meta property=\"og:type\" content=\"article\" \/>\n<meta property=\"og:title\" content=\"ROOMOI CHERRY BLOSSOM pur\u0161kiamas nam\u0173-automobilio kvapas, 200 ml - MalinaShop.lt J\u016bs\u0173 sveikatai ir gro\u017eiui.\" \/>\n<meta property=\"og:description\" content=\"ROOMOI Cherry Blossom \u2013 itali\u0161kas g\u0117li\u0173 kvapas su vy\u0161ni\u0173 \u017eiedais, tonka pupel\u0117mis ir vanile. Pavasari\u0161kas, \u0161iltas ir ilgai i\u0161liekantis aromatas namams.\" \/>\n<meta property=\"og:url\" content=\"https:\/\/www.malinashop.lt\/en\/shop\/roomoi-cherry-blossom-purskiamas-namu-automobilio-kvapas-200-ml\/\" \/>\n<meta property=\"og:site_name\" content=\"MalinaShop.lt J\u016bs\u0173 sveikatai ir gro\u017eiui.\" \/>\n<meta property=\"article:modified_time\" content=\"2026-03-30T08:25:15+00:00\" \/>\n<meta property=\"og:image\" content=\"https:\/\/www.malinashop.lt\/wp-content\/uploads\/2024\/11\/roomoi-cherry-blossom-purskiamas-namu-automobilio-kvapas-100-ml-1.jpg\" \/>\n\t<meta property=\"og:image:width\" content=\"388\" \/>\n\t<meta property=\"og:image:height\" content=\"388\" \/>\n\t<meta property=\"og:image:type\" content=\"image\/jpeg\" \/>\n<meta name=\"twitter:card\" content=\"summary_large_image\" \/>\n<script type=\"application\/ld+json\" class=\"yoast-schema-graph\">{\"@context\":\"https:\\\/\\\/schema.org\",\"@graph\":[{\"@type\":\"WebPage\",\"@id\":\"https:\\\/\\\/www.malinashop.lt\\\/lt_lt\\\/shop\\\/roomoi-cherry-blossom-purskiamas-namu-automobilio-kvapas-200-ml\\\/\",\"url\":\"https:\\\/\\\/www.malinashop.lt\\\/lt_lt\\\/shop\\\/roomoi-cherry-blossom-purskiamas-namu-automobilio-kvapas-200-ml\\\/\",\"name\":\"ROOMOI CHERRY BLOSSOM pur\u0161kiamas nam\u0173-automobilio kvapas, 200 ml - MalinaShop.lt J\u016bs\u0173 sveikatai ir gro\u017eiui.\",\"isPartOf\":{\"@id\":\"https:\\\/\\\/www.malinashop.lt\\\/#website\"},\"primaryImageOfPage\":{\"@id\":\"https:\\\/\\\/www.malinashop.lt\\\/lt_lt\\\/shop\\\/roomoi-cherry-blossom-purskiamas-namu-automobilio-kvapas-200-ml\\\/#primaryimage\"},\"image\":{\"@id\":\"https:\\\/\\\/www.malinashop.lt\\\/lt_lt\\\/shop\\\/roomoi-cherry-blossom-purskiamas-namu-automobilio-kvapas-200-ml\\\/#primaryimage\"},\"thumbnailUrl\":\"https:\\\/\\\/www.malinashop.lt\\\/wp-content\\\/uploads\\\/2024\\\/11\\\/roomoi-cherry-blossom-purskiamas-namu-automobilio-kvapas-100-ml-1.jpg\",\"datePublished\":\"2024-11-06T12:52:57+00:00\",\"dateModified\":\"2026-03-30T08:25:15+00:00\",\"description\":\"ROOMOI Cherry Blossom \u2013 itali\u0161kas g\u0117li\u0173 kvapas su vy\u0161ni\u0173 \u017eiedais, tonka pupel\u0117mis ir vanile. Pavasari\u0161kas, \u0161iltas ir ilgai i\u0161liekantis aromatas namams.\",\"breadcrumb\":{\"@id\":\"https:\\\/\\\/www.malinashop.lt\\\/lt_lt\\\/shop\\\/roomoi-cherry-blossom-purskiamas-namu-automobilio-kvapas-200-ml\\\/#breadcrumb\"},\"inLanguage\":\"en-GB\",\"potentialAction\":[{\"@type\":\"ReadAction\",\"target\":[\"https:\\\/\\\/www.malinashop.lt\\\/lt_lt\\\/shop\\\/roomoi-cherry-blossom-purskiamas-namu-automobilio-kvapas-200-ml\\\/\"]}]},{\"@type\":\"ImageObject\",\"inLanguage\":\"en-GB\",\"@id\":\"https:\\\/\\\/www.malinashop.lt\\\/lt_lt\\\/shop\\\/roomoi-cherry-blossom-purskiamas-namu-automobilio-kvapas-200-ml\\\/#primaryimage\",\"url\":\"https:\\\/\\\/www.malinashop.lt\\\/wp-content\\\/uploads\\\/2024\\\/11\\\/roomoi-cherry-blossom-purskiamas-namu-automobilio-kvapas-100-ml-1.jpg\",\"contentUrl\":\"https:\\\/\\\/www.malinashop.lt\\\/wp-content\\\/uploads\\\/2024\\\/11\\\/roomoi-cherry-blossom-purskiamas-namu-automobilio-kvapas-100-ml-1.jpg\",\"width\":388,\"height\":388},{\"@type\":\"BreadcrumbList\",\"@id\":\"https:\\\/\\\/www.malinashop.lt\\\/lt_lt\\\/shop\\\/roomoi-cherry-blossom-purskiamas-namu-automobilio-kvapas-200-ml\\\/#breadcrumb\",\"itemListElement\":[{\"@type\":\"ListItem\",\"position\":1,\"name\":\"Pagrindinis\",\"item\":\"https:\\\/\\\/www.malinashop.lt\\\/\"},{\"@type\":\"ListItem\",\"position\":2,\"name\":\"Parduotuv\u0117\",\"item\":\"https:\\\/\\\/www.malinashop.lt\\\/en\\\/parduotuve\\\/\"},{\"@type\":\"ListItem\",\"position\":3,\"name\":\"ROOMOI CHERRY BLOSSOM pur\u0161kiamas nam\u0173-automobilio kvapas, 200 ml\"}]},{\"@type\":\"WebSite\",\"@id\":\"https:\\\/\\\/www.malinashop.lt\\\/#website\",\"url\":\"https:\\\/\\\/www.malinashop.lt\\\/\",\"name\":\"COM Group Ecommerce\",\"description\":\"MalinaShop.lt - Gro\u017eio ir sveikatos produktai i\u0161 patikim\u0173 preki\u0173 \u017eenkl\u0173. Atraskite auk\u0161tos kokyb\u0117s kosmetik\u0105 u\u017e puiki\u0105 kain\u0105.\",\"publisher\":{\"@id\":\"https:\\\/\\\/www.malinashop.lt\\\/#organization\"},\"potentialAction\":[{\"@type\":\"SearchAction\",\"target\":{\"@type\":\"EntryPoint\",\"urlTemplate\":\"https:\\\/\\\/www.malinashop.lt\\\/?s={search_term_string}\"},\"query-input\":{\"@type\":\"PropertyValueSpecification\",\"valueRequired\":true,\"valueName\":\"search_term_string\"}}],\"inLanguage\":\"en-GB\"},{\"@type\":\"Organization\",\"@id\":\"https:\\\/\\\/www.malinashop.lt\\\/#organization\",\"name\":\"COM Group Ecommerce\",\"url\":\"https:\\\/\\\/www.malinashop.lt\\\/\",\"logo\":{\"@type\":\"ImageObject\",\"inLanguage\":\"en-GB\",\"@id\":\"https:\\\/\\\/www.malinashop.lt\\\/#\\\/schema\\\/logo\\\/image\\\/\",\"url\":\"https:\\\/\\\/www.malinashop.lt\\\/wp-content\\\/uploads\\\/2024\\\/08\\\/462559670_3787732518133670_9795632669273463_n-e1731525914575.png\",\"contentUrl\":\"https:\\\/\\\/www.malinashop.lt\\\/wp-content\\\/uploads\\\/2024\\\/08\\\/462559670_3787732518133670_9795632669273463_n-e1731525914575.png\",\"width\":180,\"height\":60,\"caption\":\"COM Group Ecommerce\"},\"image\":{\"@id\":\"https:\\\/\\\/www.malinashop.lt\\\/#\\\/schema\\\/logo\\\/image\\\/\"}}]}<\/script>\n<!-- \/ Yoast SEO plugin. -->","yoast_head_json":{"title":"ROOMOI CHERRY BLOSSOM pur\u0161kiamas nam\u0173-automobilio kvapas, 200 ml - MalinaShop.lt J\u016bs\u0173 sveikatai ir gro\u017eiui.","description":"ROOMOI Cherry Blossom \u2013 itali\u0161kas g\u0117li\u0173 kvapas su vy\u0161ni\u0173 \u017eiedais, tonka pupel\u0117mis ir vanile. Pavasari\u0161kas, \u0161iltas ir ilgai i\u0161liekantis aromatas namams.","robots":{"index":"index","follow":"follow","max-snippet":"max-snippet:-1","max-image-preview":"max-image-preview:large","max-video-preview":"max-video-preview:-1"},"canonical":"https:\/\/www.malinashop.lt\/en\/shop\/roomoi-cherry-blossom-purskiamas-namu-automobilio-kvapas-200-ml\/","og_locale":"en_GB","og_type":"article","og_title":"ROOMOI CHERRY BLOSSOM pur\u0161kiamas nam\u0173-automobilio kvapas, 200 ml - MalinaShop.lt J\u016bs\u0173 sveikatai ir gro\u017eiui.","og_description":"ROOMOI Cherry Blossom \u2013 itali\u0161kas g\u0117li\u0173 kvapas su vy\u0161ni\u0173 \u017eiedais, tonka pupel\u0117mis ir vanile. Pavasari\u0161kas, \u0161iltas ir ilgai i\u0161liekantis aromatas namams.","og_url":"https:\/\/www.malinashop.lt\/en\/shop\/roomoi-cherry-blossom-purskiamas-namu-automobilio-kvapas-200-ml\/","og_site_name":"MalinaShop.lt J\u016bs\u0173 sveikatai ir gro\u017eiui.","article_modified_time":"2026-03-30T08:25:15+00:00","og_image":[{"width":388,"height":388,"url":"https:\/\/www.malinashop.lt\/wp-content\/uploads\/2024\/11\/roomoi-cherry-blossom-purskiamas-namu-automobilio-kvapas-100-ml-1.jpg","type":"image\/jpeg"}],"twitter_card":"summary_large_image","schema":{"@context":"https:\/\/schema.org","@graph":[{"@type":"WebPage","@id":"https:\/\/www.malinashop.lt\/lt_lt\/shop\/roomoi-cherry-blossom-purskiamas-namu-automobilio-kvapas-200-ml\/","url":"https:\/\/www.malinashop.lt\/lt_lt\/shop\/roomoi-cherry-blossom-purskiamas-namu-automobilio-kvapas-200-ml\/","name":"ROOMOI CHERRY BLOSSOM pur\u0161kiamas nam\u0173-automobilio kvapas, 200 ml - MalinaShop.lt J\u016bs\u0173 sveikatai ir gro\u017eiui.","isPartOf":{"@id":"https:\/\/www.malinashop.lt\/#website"},"primaryImageOfPage":{"@id":"https:\/\/www.malinashop.lt\/lt_lt\/shop\/roomoi-cherry-blossom-purskiamas-namu-automobilio-kvapas-200-ml\/#primaryimage"},"image":{"@id":"https:\/\/www.malinashop.lt\/lt_lt\/shop\/roomoi-cherry-blossom-purskiamas-namu-automobilio-kvapas-200-ml\/#primaryimage"},"thumbnailUrl":"https:\/\/www.malinashop.lt\/wp-content\/uploads\/2024\/11\/roomoi-cherry-blossom-purskiamas-namu-automobilio-kvapas-100-ml-1.jpg","datePublished":"2024-11-06T12:52:57+00:00","dateModified":"2026-03-30T08:25:15+00:00","description":"ROOMOI Cherry Blossom \u2013 itali\u0161kas g\u0117li\u0173 kvapas su vy\u0161ni\u0173 \u017eiedais, tonka pupel\u0117mis ir vanile. Pavasari\u0161kas, \u0161iltas ir ilgai i\u0161liekantis aromatas namams.","breadcrumb":{"@id":"https:\/\/www.malinashop.lt\/lt_lt\/shop\/roomoi-cherry-blossom-purskiamas-namu-automobilio-kvapas-200-ml\/#breadcrumb"},"inLanguage":"en-GB","potentialAction":[{"@type":"ReadAction","target":["https:\/\/www.malinashop.lt\/lt_lt\/shop\/roomoi-cherry-blossom-purskiamas-namu-automobilio-kvapas-200-ml\/"]}]},{"@type":"ImageObject","inLanguage":"en-GB","@id":"https:\/\/www.malinashop.lt\/lt_lt\/shop\/roomoi-cherry-blossom-purskiamas-namu-automobilio-kvapas-200-ml\/#primaryimage","url":"https:\/\/www.malinashop.lt\/wp-content\/uploads\/2024\/11\/roomoi-cherry-blossom-purskiamas-namu-automobilio-kvapas-100-ml-1.jpg","contentUrl":"https:\/\/www.malinashop.lt\/wp-content\/uploads\/2024\/11\/roomoi-cherry-blossom-purskiamas-namu-automobilio-kvapas-100-ml-1.jpg","width":388,"height":388},{"@type":"BreadcrumbList","@id":"https:\/\/www.malinashop.lt\/lt_lt\/shop\/roomoi-cherry-blossom-purskiamas-namu-automobilio-kvapas-200-ml\/#breadcrumb","itemListElement":[{"@type":"ListItem","position":1,"name":"Pagrindinis","item":"https:\/\/www.malinashop.lt\/"},{"@type":"ListItem","position":2,"name":"Parduotuv\u0117","item":"https:\/\/www.malinashop.lt\/en\/parduotuve\/"},{"@type":"ListItem","position":3,"name":"ROOMOI CHERRY BLOSSOM pur\u0161kiamas nam\u0173-automobilio kvapas, 200 ml"}]},{"@type":"WebSite","@id":"https:\/\/www.malinashop.lt\/#website","url":"https:\/\/www.malinashop.lt\/","name":"COM Group Ecommerce","description":"MalinaShop.lt - Gro\u017eio ir sveikatos produktai i\u0161 patikim\u0173 preki\u0173 \u017eenkl\u0173. Atraskite auk\u0161tos kokyb\u0117s kosmetik\u0105 u\u017e puiki\u0105 kain\u0105.","publisher":{"@id":"https:\/\/www.malinashop.lt\/#organization"},"potentialAction":[{"@type":"SearchAction","target":{"@type":"EntryPoint","urlTemplate":"https:\/\/www.malinashop.lt\/?s={search_term_string}"},"query-input":{"@type":"PropertyValueSpecification","valueRequired":true,"valueName":"search_term_string"}}],"inLanguage":"en-GB"},{"@type":"Organization","@id":"https:\/\/www.malinashop.lt\/#organization","name":"COM Group Ecommerce","url":"https:\/\/www.malinashop.lt\/","logo":{"@type":"ImageObject","inLanguage":"en-GB","@id":"https:\/\/www.malinashop.lt\/#\/schema\/logo\/image\/","url":"https:\/\/www.malinashop.lt\/wp-content\/uploads\/2024\/08\/462559670_3787732518133670_9795632669273463_n-e1731525914575.png","contentUrl":"https:\/\/www.malinashop.lt\/wp-content\/uploads\/2024\/08\/462559670_3787732518133670_9795632669273463_n-e1731525914575.png","width":180,"height":60,"caption":"COM Group Ecommerce"},"image":{"@id":"https:\/\/www.malinashop.lt\/#\/schema\/logo\/image\/"}}]}},"jetpack_sharing_enabled":true,"_links":{"self":[{"href":"https:\/\/www.malinashop.lt\/en\/wp-json\/wp\/v2\/product\/19967","targetHints":{"allow":["GET"]}}],"collection":[{"href":"https:\/\/www.malinashop.lt\/en\/wp-json\/wp\/v2\/product"}],"about":[{"href":"https:\/\/www.malinashop.lt\/en\/wp-json\/wp\/v2\/types\/product"}],"version-history":[{"count":3,"href":"https:\/\/www.malinashop.lt\/en\/wp-json\/wp\/v2\/product\/19967\/revisions"}],"predecessor-version":[{"id":59933,"href":"https:\/\/www.malinashop.lt\/en\/wp-json\/wp\/v2\/product\/19967\/revisions\/59933"}],"wp:featuredmedia":[{"embeddable":true,"href":"https:\/\/www.malinashop.lt\/en\/wp-json\/wp\/v2\/media\/21301"}],"wp:attachment":[{"href":"https:\/\/www.malinashop.lt\/en\/wp-json\/wp\/v2\/media?parent=19967"}],"wp:term":[{"taxonomy":"product_brand","embeddable":true,"href":"https:\/\/www.malinashop.lt\/en\/wp-json\/wp\/v2\/product_brand?post=19967"},{"taxonomy":"product_cat","embeddable":true,"href":"https:\/\/www.malinashop.lt\/en\/wp-json\/wp\/v2\/product_cat?post=19967"},{"taxonomy":"product_tag","embeddable":true,"href":"https:\/\/www.malinashop.lt\/en\/wp-json\/wp\/v2\/product_tag?post=19967"}],"curies":[{"name":"wp","href":"https:\/\/api.w.org\/{rel}","templated":true}]}}