{"id":19931,"date":"2024-11-06T15:52:57","date_gmt":"2024-11-06T12:52:57","guid":{"rendered":"https:\/\/malinashop.lt\/produktas\/numee-drops-of-benefits-dawn-rain-resurface-replenish-serum-svelnus-serumas-sveicia-ir-drekina-30-ml\/"},"modified":"2026-03-18T12:34:39","modified_gmt":"2026-03-18T09:34:39","slug":"numee-drops-of-benefits-dawn-rain-resurface-replenish-serum-svelnus-serumas-sveicia-ir-drekina-30-ml","status":"publish","type":"product","link":"https:\/\/www.malinashop.lt\/en\/shop\/numee-drops-of-benefits-dawn-rain-resurface-replenish-serum-svelnus-serumas-sveicia-ir-drekina-30-ml\/","title":{"rendered":"NUMEE Drops of Benefits DAWN RAIN RESURFACE &#038; REPLENISH SERUM \u0161velnus serumas, \u0161vei\u010dia ir dr\u0117kina, 30 ml"},"content":{"rendered":"<p>NUMEE \u0161velnus serumas Drops of Benefits DAWN RAIN RESURFACE &amp; REPLENISH SERUM \u0161velniai atgaivina od\u0105, suteikia \u0161vyt\u0117jimo ir skaistumo. Praturtintas migdol\u0173 r\u016bg\u0161timi 10%, akvaksilu ir hialurono r\u016bg\u0161timi, \u0161is serumas dr\u0117kina ir \u0161vei\u010dia od\u0105, gerindamas jos tekst\u016br\u0105 ir elastingum\u0105.<\/p>\n<p>Privalumai ir ingredientai:<br \/>\nHialurono r\u016bg\u0161tis: Giliai dr\u0117kina od\u0105, u\u017efiksuoja dr\u0117gm\u0119 ir suteikia putlumo efekt\u0105, kuris gali suma\u017einti smulki\u0173 linij\u0173 ir rauk\u0161li\u0173 atsiradim\u0105. Pagerina odos tekst\u016br\u0105 ir elastingum\u0105.<br \/>\nAkvaksilas: Dr\u0117kina ir atgaivina od\u0105, padeda odos l\u0105stel\u0117ms i\u0161laikyti dr\u0117gm\u0119.<br \/>\nMigdol\u0173 r\u016bg\u0161tis (10%): \u0160velniai \u0161vei\u010dia od\u0105, ypa\u010d naudinga \u012f spuogus linkusiai odai.<br \/>\nNaudojimas:<br \/>\nTepkite du-tris la\u0161us ant \u0161varios ir sausos veido odos.<br \/>\n\u0160velniai \u012fmasa\u017euokite, kol visi\u0161kai \u012fsigers.<br \/>\nNaudokite ryte ir (arba) vakare.<br \/>\nPo serumo naudokite pasirinkt\u0105 dr\u0117kinam\u0105j\u012f krem\u0105.<br \/>\nRekomenduojama naudoti du kartus per savait\u0119.<br \/>\nPapildoma informacija:<br \/>\n\u0160vyt\u0117jimas ir skaistumas: Suteikia odai nat\u016bral\u0173 \u0161vyt\u0117jim\u0105 ir skaistum\u0105.<br \/>\nGilus dr\u0117kinimas ir \u0161veitimas: Pagerina odos tekst\u016br\u0105 ir elastingum\u0105.<br \/>\nAuk\u0161tos kokyb\u0117s ingredientai: Hialurono r\u016bg\u0161tis, akvaksilas ir migdol\u0173 r\u016bg\u0161tis.<\/p>\n<div class=\"text-tab text-tab-id-10\">\n<p>Siuntas i\u0161siun\u010diame antradieniais ir ketvirtadieniais. Jei d\u0117l koki\u0173 nors prie\u017eas\u010di\u0173 siunta negali b\u016bti i\u0161si\u0173sta \u0161iomis dienomis ir ji yra perkeliama \u012f kit\u0105 dien\u0105, apie tai informuosime jus svetain\u0117je arba el. pa\u0161tu.<\/p>\n<p>\u201eJei turite klausim\u0173, pra\u0161ome susisiekti el. pa\u0161tu info@malinashop.lt arba telefonu +37065444002 darbo dienomis nuo 10:00 iki 16:00 val.\u201c<\/p>\n<\/div>\n<div class=\"text-tab text-tab-id-11\">\n<p>Perkant u\u017e daugiau nei 50\u20ac &#8211; pristatymas nemokamas.<\/p>\n<p>Pristatymas \u012f LPexpress pa\u0161tomat\u0105\u00a0(visoje Lietuvoje, i\u0161skyrus Kur\u0161i\u0173 Nerij\u0105).<\/p>\n<\/div>\n","protected":false},"excerpt":{"rendered":"<p>NUMEE \u0161velnus serumas Drops of Benefits DAWN RAIN RESURFACE &amp; REPLENISH SERUM \u0161velniai atgaivina od\u0105, suteikia \u0161vyt\u0117jimo ir skaistumo. Praturtintas migdol\u0173 r\u016bg\u0161timi&hellip;<\/p>\n","protected":false},"featured_media":18152,"template":"","meta":[],"product_brand":[548],"product_cat":[550,728],"product_tag":[1635],"class_list":{"0":"post-19931","1":"product","2":"type-product","3":"status-publish","4":"has-post-thumbnail","6":"product_brand-numee","7":"product_cat-veido-serumai","8":"product_cat-veidui","9":"product_tag-numee","11":"first","12":"outofstock","13":"sale","14":"taxable","15":"shipping-taxable","16":"purchasable","17":"product-type-simple"},"yoast_head":"<!-- This site is optimized with the Yoast SEO plugin v27.4 - https:\/\/yoast.com\/product\/yoast-seo-wordpress\/ -->\n<title>NUMEE Drops of Benefits DAWN RAIN RESURFACE &amp; REPLENISH SERUM \u0161velnus serumas, \u0161vei\u010dia ir dr\u0117kina, 30 ml - MalinaShop.lt J\u016bs\u0173 sveikatai ir gro\u017eiui.<\/title>\n<meta name=\"robots\" content=\"index, follow, max-snippet:-1, max-image-preview:large, max-video-preview:-1\" \/>\n<link rel=\"canonical\" href=\"https:\/\/www.malinashop.lt\/en\/shop\/numee-drops-of-benefits-dawn-rain-resurface-replenish-serum-svelnus-serumas-sveicia-ir-drekina-30-ml\/\" \/>\n<meta property=\"og:locale\" content=\"en_GB\" \/>\n<meta property=\"og:type\" content=\"article\" \/>\n<meta property=\"og:title\" content=\"NUMEE Drops of Benefits DAWN RAIN RESURFACE &amp; REPLENISH SERUM \u0161velnus serumas, \u0161vei\u010dia ir dr\u0117kina, 30 ml - MalinaShop.lt J\u016bs\u0173 sveikatai ir gro\u017eiui.\" \/>\n<meta property=\"og:url\" content=\"https:\/\/www.malinashop.lt\/en\/shop\/numee-drops-of-benefits-dawn-rain-resurface-replenish-serum-svelnus-serumas-sveicia-ir-drekina-30-ml\/\" \/>\n<meta property=\"og:site_name\" content=\"MalinaShop.lt J\u016bs\u0173 sveikatai ir gro\u017eiui.\" \/>\n<meta property=\"article:modified_time\" content=\"2026-03-18T09:34:39+00:00\" \/>\n<meta property=\"og:image\" content=\"https:\/\/www.malinashop.lt\/wp-content\/uploads\/2024\/11\/NUMEE-Drops-of-Benefits-DAWN-RAIN-RESURFACE-REPLENISH-SERUM-svelnus-serumas-sveicia-ir-drekina-30-ml.jpg\" \/>\n\t<meta property=\"og:image:width\" content=\"1000\" \/>\n\t<meta property=\"og:image:height\" content=\"1000\" \/>\n\t<meta property=\"og:image:type\" content=\"image\/jpeg\" \/>\n<meta name=\"twitter:card\" content=\"summary_large_image\" \/>\n<script type=\"application\/ld+json\" class=\"yoast-schema-graph\">{\"@context\":\"https:\\\/\\\/schema.org\",\"@graph\":[{\"@type\":\"WebPage\",\"@id\":\"https:\\\/\\\/www.malinashop.lt\\\/lt_lt\\\/shop\\\/numee-drops-of-benefits-dawn-rain-resurface-replenish-serum-svelnus-serumas-sveicia-ir-drekina-30-ml\\\/\",\"url\":\"https:\\\/\\\/www.malinashop.lt\\\/lt_lt\\\/shop\\\/numee-drops-of-benefits-dawn-rain-resurface-replenish-serum-svelnus-serumas-sveicia-ir-drekina-30-ml\\\/\",\"name\":\"NUMEE Drops of Benefits DAWN RAIN RESURFACE & REPLENISH SERUM \u0161velnus serumas, \u0161vei\u010dia ir dr\u0117kina, 30 ml - MalinaShop.lt J\u016bs\u0173 sveikatai ir gro\u017eiui.\",\"isPartOf\":{\"@id\":\"https:\\\/\\\/www.malinashop.lt\\\/#website\"},\"primaryImageOfPage\":{\"@id\":\"https:\\\/\\\/www.malinashop.lt\\\/lt_lt\\\/shop\\\/numee-drops-of-benefits-dawn-rain-resurface-replenish-serum-svelnus-serumas-sveicia-ir-drekina-30-ml\\\/#primaryimage\"},\"image\":{\"@id\":\"https:\\\/\\\/www.malinashop.lt\\\/lt_lt\\\/shop\\\/numee-drops-of-benefits-dawn-rain-resurface-replenish-serum-svelnus-serumas-sveicia-ir-drekina-30-ml\\\/#primaryimage\"},\"thumbnailUrl\":\"https:\\\/\\\/www.malinashop.lt\\\/wp-content\\\/uploads\\\/2024\\\/11\\\/NUMEE-Drops-of-Benefits-DAWN-RAIN-RESURFACE-REPLENISH-SERUM-svelnus-serumas-sveicia-ir-drekina-30-ml.jpg\",\"datePublished\":\"2024-11-06T12:52:57+00:00\",\"dateModified\":\"2026-03-18T09:34:39+00:00\",\"breadcrumb\":{\"@id\":\"https:\\\/\\\/www.malinashop.lt\\\/lt_lt\\\/shop\\\/numee-drops-of-benefits-dawn-rain-resurface-replenish-serum-svelnus-serumas-sveicia-ir-drekina-30-ml\\\/#breadcrumb\"},\"inLanguage\":\"en-GB\",\"potentialAction\":[{\"@type\":\"ReadAction\",\"target\":[\"https:\\\/\\\/www.malinashop.lt\\\/lt_lt\\\/shop\\\/numee-drops-of-benefits-dawn-rain-resurface-replenish-serum-svelnus-serumas-sveicia-ir-drekina-30-ml\\\/\"]}]},{\"@type\":\"ImageObject\",\"inLanguage\":\"en-GB\",\"@id\":\"https:\\\/\\\/www.malinashop.lt\\\/lt_lt\\\/shop\\\/numee-drops-of-benefits-dawn-rain-resurface-replenish-serum-svelnus-serumas-sveicia-ir-drekina-30-ml\\\/#primaryimage\",\"url\":\"https:\\\/\\\/www.malinashop.lt\\\/wp-content\\\/uploads\\\/2024\\\/11\\\/NUMEE-Drops-of-Benefits-DAWN-RAIN-RESURFACE-REPLENISH-SERUM-svelnus-serumas-sveicia-ir-drekina-30-ml.jpg\",\"contentUrl\":\"https:\\\/\\\/www.malinashop.lt\\\/wp-content\\\/uploads\\\/2024\\\/11\\\/NUMEE-Drops-of-Benefits-DAWN-RAIN-RESURFACE-REPLENISH-SERUM-svelnus-serumas-sveicia-ir-drekina-30-ml.jpg\",\"width\":1000,\"height\":1000},{\"@type\":\"BreadcrumbList\",\"@id\":\"https:\\\/\\\/www.malinashop.lt\\\/lt_lt\\\/shop\\\/numee-drops-of-benefits-dawn-rain-resurface-replenish-serum-svelnus-serumas-sveicia-ir-drekina-30-ml\\\/#breadcrumb\",\"itemListElement\":[{\"@type\":\"ListItem\",\"position\":1,\"name\":\"Pagrindinis\",\"item\":\"https:\\\/\\\/www.malinashop.lt\\\/\"},{\"@type\":\"ListItem\",\"position\":2,\"name\":\"Parduotuv\u0117\",\"item\":\"https:\\\/\\\/www.malinashop.lt\\\/en\\\/parduotuve\\\/\"},{\"@type\":\"ListItem\",\"position\":3,\"name\":\"NUMEE Drops of Benefits DAWN RAIN RESURFACE &#038; REPLENISH SERUM \u0161velnus serumas, \u0161vei\u010dia ir dr\u0117kina, 30 ml\"}]},{\"@type\":\"WebSite\",\"@id\":\"https:\\\/\\\/www.malinashop.lt\\\/#website\",\"url\":\"https:\\\/\\\/www.malinashop.lt\\\/\",\"name\":\"COM Group Ecommerce\",\"description\":\"MalinaShop.lt - Gro\u017eio ir sveikatos produktai i\u0161 patikim\u0173 preki\u0173 \u017eenkl\u0173. Atraskite auk\u0161tos kokyb\u0117s kosmetik\u0105 u\u017e puiki\u0105 kain\u0105.\",\"publisher\":{\"@id\":\"https:\\\/\\\/www.malinashop.lt\\\/#organization\"},\"potentialAction\":[{\"@type\":\"SearchAction\",\"target\":{\"@type\":\"EntryPoint\",\"urlTemplate\":\"https:\\\/\\\/www.malinashop.lt\\\/?s={search_term_string}\"},\"query-input\":{\"@type\":\"PropertyValueSpecification\",\"valueRequired\":true,\"valueName\":\"search_term_string\"}}],\"inLanguage\":\"en-GB\"},{\"@type\":\"Organization\",\"@id\":\"https:\\\/\\\/www.malinashop.lt\\\/#organization\",\"name\":\"COM Group Ecommerce\",\"url\":\"https:\\\/\\\/www.malinashop.lt\\\/\",\"logo\":{\"@type\":\"ImageObject\",\"inLanguage\":\"en-GB\",\"@id\":\"https:\\\/\\\/www.malinashop.lt\\\/#\\\/schema\\\/logo\\\/image\\\/\",\"url\":\"https:\\\/\\\/www.malinashop.lt\\\/wp-content\\\/uploads\\\/2024\\\/08\\\/462559670_3787732518133670_9795632669273463_n-e1731525914575.png\",\"contentUrl\":\"https:\\\/\\\/www.malinashop.lt\\\/wp-content\\\/uploads\\\/2024\\\/08\\\/462559670_3787732518133670_9795632669273463_n-e1731525914575.png\",\"width\":180,\"height\":60,\"caption\":\"COM Group Ecommerce\"},\"image\":{\"@id\":\"https:\\\/\\\/www.malinashop.lt\\\/#\\\/schema\\\/logo\\\/image\\\/\"}}]}<\/script>\n<!-- \/ Yoast SEO plugin. -->","yoast_head_json":{"title":"NUMEE Drops of Benefits DAWN RAIN RESURFACE & REPLENISH SERUM \u0161velnus serumas, \u0161vei\u010dia ir dr\u0117kina, 30 ml - MalinaShop.lt J\u016bs\u0173 sveikatai ir gro\u017eiui.","robots":{"index":"index","follow":"follow","max-snippet":"max-snippet:-1","max-image-preview":"max-image-preview:large","max-video-preview":"max-video-preview:-1"},"canonical":"https:\/\/www.malinashop.lt\/en\/shop\/numee-drops-of-benefits-dawn-rain-resurface-replenish-serum-svelnus-serumas-sveicia-ir-drekina-30-ml\/","og_locale":"en_GB","og_type":"article","og_title":"NUMEE Drops of Benefits DAWN RAIN RESURFACE & REPLENISH SERUM \u0161velnus serumas, \u0161vei\u010dia ir dr\u0117kina, 30 ml - MalinaShop.lt J\u016bs\u0173 sveikatai ir gro\u017eiui.","og_url":"https:\/\/www.malinashop.lt\/en\/shop\/numee-drops-of-benefits-dawn-rain-resurface-replenish-serum-svelnus-serumas-sveicia-ir-drekina-30-ml\/","og_site_name":"MalinaShop.lt J\u016bs\u0173 sveikatai ir gro\u017eiui.","article_modified_time":"2026-03-18T09:34:39+00:00","og_image":[{"width":1000,"height":1000,"url":"https:\/\/www.malinashop.lt\/wp-content\/uploads\/2024\/11\/NUMEE-Drops-of-Benefits-DAWN-RAIN-RESURFACE-REPLENISH-SERUM-svelnus-serumas-sveicia-ir-drekina-30-ml.jpg","type":"image\/jpeg"}],"twitter_card":"summary_large_image","schema":{"@context":"https:\/\/schema.org","@graph":[{"@type":"WebPage","@id":"https:\/\/www.malinashop.lt\/lt_lt\/shop\/numee-drops-of-benefits-dawn-rain-resurface-replenish-serum-svelnus-serumas-sveicia-ir-drekina-30-ml\/","url":"https:\/\/www.malinashop.lt\/lt_lt\/shop\/numee-drops-of-benefits-dawn-rain-resurface-replenish-serum-svelnus-serumas-sveicia-ir-drekina-30-ml\/","name":"NUMEE Drops of Benefits DAWN RAIN RESURFACE & REPLENISH SERUM \u0161velnus serumas, \u0161vei\u010dia ir dr\u0117kina, 30 ml - MalinaShop.lt J\u016bs\u0173 sveikatai ir gro\u017eiui.","isPartOf":{"@id":"https:\/\/www.malinashop.lt\/#website"},"primaryImageOfPage":{"@id":"https:\/\/www.malinashop.lt\/lt_lt\/shop\/numee-drops-of-benefits-dawn-rain-resurface-replenish-serum-svelnus-serumas-sveicia-ir-drekina-30-ml\/#primaryimage"},"image":{"@id":"https:\/\/www.malinashop.lt\/lt_lt\/shop\/numee-drops-of-benefits-dawn-rain-resurface-replenish-serum-svelnus-serumas-sveicia-ir-drekina-30-ml\/#primaryimage"},"thumbnailUrl":"https:\/\/www.malinashop.lt\/wp-content\/uploads\/2024\/11\/NUMEE-Drops-of-Benefits-DAWN-RAIN-RESURFACE-REPLENISH-SERUM-svelnus-serumas-sveicia-ir-drekina-30-ml.jpg","datePublished":"2024-11-06T12:52:57+00:00","dateModified":"2026-03-18T09:34:39+00:00","breadcrumb":{"@id":"https:\/\/www.malinashop.lt\/lt_lt\/shop\/numee-drops-of-benefits-dawn-rain-resurface-replenish-serum-svelnus-serumas-sveicia-ir-drekina-30-ml\/#breadcrumb"},"inLanguage":"en-GB","potentialAction":[{"@type":"ReadAction","target":["https:\/\/www.malinashop.lt\/lt_lt\/shop\/numee-drops-of-benefits-dawn-rain-resurface-replenish-serum-svelnus-serumas-sveicia-ir-drekina-30-ml\/"]}]},{"@type":"ImageObject","inLanguage":"en-GB","@id":"https:\/\/www.malinashop.lt\/lt_lt\/shop\/numee-drops-of-benefits-dawn-rain-resurface-replenish-serum-svelnus-serumas-sveicia-ir-drekina-30-ml\/#primaryimage","url":"https:\/\/www.malinashop.lt\/wp-content\/uploads\/2024\/11\/NUMEE-Drops-of-Benefits-DAWN-RAIN-RESURFACE-REPLENISH-SERUM-svelnus-serumas-sveicia-ir-drekina-30-ml.jpg","contentUrl":"https:\/\/www.malinashop.lt\/wp-content\/uploads\/2024\/11\/NUMEE-Drops-of-Benefits-DAWN-RAIN-RESURFACE-REPLENISH-SERUM-svelnus-serumas-sveicia-ir-drekina-30-ml.jpg","width":1000,"height":1000},{"@type":"BreadcrumbList","@id":"https:\/\/www.malinashop.lt\/lt_lt\/shop\/numee-drops-of-benefits-dawn-rain-resurface-replenish-serum-svelnus-serumas-sveicia-ir-drekina-30-ml\/#breadcrumb","itemListElement":[{"@type":"ListItem","position":1,"name":"Pagrindinis","item":"https:\/\/www.malinashop.lt\/"},{"@type":"ListItem","position":2,"name":"Parduotuv\u0117","item":"https:\/\/www.malinashop.lt\/en\/parduotuve\/"},{"@type":"ListItem","position":3,"name":"NUMEE Drops of Benefits DAWN RAIN RESURFACE &#038; REPLENISH SERUM \u0161velnus serumas, \u0161vei\u010dia ir dr\u0117kina, 30 ml"}]},{"@type":"WebSite","@id":"https:\/\/www.malinashop.lt\/#website","url":"https:\/\/www.malinashop.lt\/","name":"COM Group Ecommerce","description":"MalinaShop.lt - Gro\u017eio ir sveikatos produktai i\u0161 patikim\u0173 preki\u0173 \u017eenkl\u0173. Atraskite auk\u0161tos kokyb\u0117s kosmetik\u0105 u\u017e puiki\u0105 kain\u0105.","publisher":{"@id":"https:\/\/www.malinashop.lt\/#organization"},"potentialAction":[{"@type":"SearchAction","target":{"@type":"EntryPoint","urlTemplate":"https:\/\/www.malinashop.lt\/?s={search_term_string}"},"query-input":{"@type":"PropertyValueSpecification","valueRequired":true,"valueName":"search_term_string"}}],"inLanguage":"en-GB"},{"@type":"Organization","@id":"https:\/\/www.malinashop.lt\/#organization","name":"COM Group Ecommerce","url":"https:\/\/www.malinashop.lt\/","logo":{"@type":"ImageObject","inLanguage":"en-GB","@id":"https:\/\/www.malinashop.lt\/#\/schema\/logo\/image\/","url":"https:\/\/www.malinashop.lt\/wp-content\/uploads\/2024\/08\/462559670_3787732518133670_9795632669273463_n-e1731525914575.png","contentUrl":"https:\/\/www.malinashop.lt\/wp-content\/uploads\/2024\/08\/462559670_3787732518133670_9795632669273463_n-e1731525914575.png","width":180,"height":60,"caption":"COM Group Ecommerce"},"image":{"@id":"https:\/\/www.malinashop.lt\/#\/schema\/logo\/image\/"}}]}},"jetpack_sharing_enabled":true,"_links":{"self":[{"href":"https:\/\/www.malinashop.lt\/en\/wp-json\/wp\/v2\/product\/19931","targetHints":{"allow":["GET"]}}],"collection":[{"href":"https:\/\/www.malinashop.lt\/en\/wp-json\/wp\/v2\/product"}],"about":[{"href":"https:\/\/www.malinashop.lt\/en\/wp-json\/wp\/v2\/types\/product"}],"version-history":[{"count":1,"href":"https:\/\/www.malinashop.lt\/en\/wp-json\/wp\/v2\/product\/19931\/revisions"}],"predecessor-version":[{"id":32849,"href":"https:\/\/www.malinashop.lt\/en\/wp-json\/wp\/v2\/product\/19931\/revisions\/32849"}],"wp:featuredmedia":[{"embeddable":true,"href":"https:\/\/www.malinashop.lt\/en\/wp-json\/wp\/v2\/media\/18152"}],"wp:attachment":[{"href":"https:\/\/www.malinashop.lt\/en\/wp-json\/wp\/v2\/media?parent=19931"}],"wp:term":[{"taxonomy":"product_brand","embeddable":true,"href":"https:\/\/www.malinashop.lt\/en\/wp-json\/wp\/v2\/product_brand?post=19931"},{"taxonomy":"product_cat","embeddable":true,"href":"https:\/\/www.malinashop.lt\/en\/wp-json\/wp\/v2\/product_cat?post=19931"},{"taxonomy":"product_tag","embeddable":true,"href":"https:\/\/www.malinashop.lt\/en\/wp-json\/wp\/v2\/product_tag?post=19931"}],"curies":[{"name":"wp","href":"https:\/\/api.w.org\/{rel}","templated":true}]}}