{"id":19921,"date":"2024-11-06T15:52:52","date_gmt":"2024-11-06T12:52:52","guid":{"rendered":"https:\/\/malinashop.lt\/produktas\/numee-game-on-restart-comforting-atkuriamasis-losjonas-su-niacinamidu-75-ml\/"},"modified":"2026-04-08T13:27:56","modified_gmt":"2026-04-08T10:27:56","slug":"numee-game-on-restart-comforting-atkuriamasis-losjonas-su-niacinamidu-75-ml","status":"publish","type":"product","link":"https:\/\/www.malinashop.lt\/en\/shop\/numee-game-on-restart-comforting-atkuriamasis-losjonas-su-niacinamidu-75-ml\/","title":{"rendered":"NUMEE GAME ON RESTART COMFORTING atkuriamasis losjonas su niacinamidu, 75 ml"},"content":{"rendered":"<p>NUMEE atkuriamasis losjonas su niacinamidu GAME ON RESTART COMFORTING yra greitai \u012fsigeriantis losjonas, praturtintas vitaminais ir augaliniais ingredientais, kurie suteikia odai intensyv\u0173 dr\u0117kinim\u0105 bei apsaug\u0105.<\/p>\n<p>Privalumai ir ingredientai:<br \/>\nAloe Barbadensis sultys (15%): Padidina vandens kiek\u012f odoje, padeda i\u0161laikyti j\u0105 \u0161velni\u0105 ir lygi\u0105, atkuria odos barjer\u0105, ramina od\u0105.<br \/>\nNiacinamidas (Vitaminas B3, 4%): Atkuria odos atspalv\u012f, ma\u017eina spalvos poky\u010dius ir rauk\u0161li\u0173 atsiradim\u0105, pagerina elastingum\u0105, apsaugo nuo miesto ter\u0161al\u0173, stimuliuoja kolageno sintez\u0119 ir stiprina odos barjer\u0105.<br \/>\nNat\u016brali\u0173 ekstrakt\u0173 mi\u0161inys (1%): Tulsi, Lady\u2019s Thistle ir Green Seaweed ekstraktai ramina ir ma\u017eina paraudim\u0105, apsaugo ir atkuria odos barjer\u0105.<br \/>\nPantenolis (Pro vitaminas B5, 2%): Gerina odos barjero atstatym\u0105, ramina od\u0105 ir pagreitina l\u0105steli\u0173 atsinaujinim\u0105.<br \/>\nHamamelio vanduo (Hamamelis Virginiana vanduo, 1%): Reguliuoja riebal\u0173 i\u0161siskyrim\u0105 ir ma\u017eina i\u0161sipl\u0117tusias poras.<br \/>\nAlantoinas (0,2%): Pagerina odos i\u0161vaizd\u0105 ir atkuria odos barjer\u0105.<br \/>\nNaudojimas:<br \/>\nKasdieniam naudojimui. Tepkite ant \u0161varios bei sausos odos ir \u0161velniai masa\u017euokite vis\u0105 veid\u0105, kol visi\u0161kai \u012fsigers.<\/p>\n<p>Papildoma informacija:<br \/>\nTinka veganams: Sud\u0117tyje n\u0117ra gyv\u016bnin\u0117s kilm\u0117s ingredient\u0173.<br \/>\nNat\u016bralios kilm\u0117s: 88% ingredient\u0173 yra nat\u016bralios kilm\u0117s.<\/p>\n<p>Prek\u0117s \u017eenklo filosofija<br \/>\nNumee prek\u0117s \u017eenklas buvo sukurtas po daugiau nei 20 met\u0173 tyrim\u0173 ir k\u016brimo proceso. Produkt\u0173 filosofija remiasi saugumu, efektyvumu, inovatyvumu ir prieinama kaina. J\u0173 tikslas \u2013 nat\u016bralus ir \u0161velnus gro\u017eis, kuris i\u0161 tikr\u0173j\u0173 veikia. Numee si\u016blo odos prie\u017ei\u016bros sprendimus, kurie yra malon\u016bs tiek j\u016bs\u0173 odai, tiek planetai. \u0160ie produktai yra ne tik veiksmingi, bet ir malon\u016bs naudoti!<\/p>\n<div class=\"text-tab text-tab-id-10\">\n<p>Siuntas i\u0161siun\u010diame antradieniais ir ketvirtadieniais. Jei d\u0117l koki\u0173 nors prie\u017eas\u010di\u0173 siunta negali b\u016bti i\u0161si\u0173sta \u0161iomis dienomis ir ji yra perkeliama \u012f kit\u0105 dien\u0105, apie tai informuosime jus svetain\u0117je arba el. pa\u0161tu.<\/p>\n<p>\u201eJei turite klausim\u0173, pra\u0161ome susisiekti el. pa\u0161tu info@malinashop.lt arba telefonu +37065444002 darbo dienomis nuo 10:00 iki 16:00 val.\u201c<\/p>\n<\/div>\n<div class=\"text-tab text-tab-id-11\">\n<p>Perkant u\u017e daugiau nei 50\u20ac &#8211; pristatymas nemokamas.<\/p>\n<p>Pristatymas \u012f LPexpress pa\u0161tomat\u0105\u00a0(visoje Lietuvoje, i\u0161skyrus Kur\u0161i\u0173 Nerij\u0105).<\/p>\n<\/div>\n","protected":false},"excerpt":{"rendered":"<p>NUMEE atkuriamasis losjonas su niacinamidu GAME ON RESTART COMFORTING yra greitai \u012fsigeriantis losjonas, praturtintas vitaminais ir augaliniais ingredientais, kurie suteikia odai intensyv\u0173&hellip;<\/p>\n","protected":false},"featured_media":18173,"template":"","meta":[],"product_brand":[548],"product_cat":[562,537,728],"product_tag":[1635],"class_list":{"0":"post-19921","1":"product","2":"type-product","3":"status-publish","4":"has-post-thumbnail","6":"product_brand-numee","7":"product_cat-sandelio-valymas","8":"product_cat-veido-valymo-priemones","9":"product_cat-veidui","10":"product_tag-numee","12":"first","13":"instock","14":"sale","15":"taxable","16":"shipping-taxable","17":"purchasable","18":"product-type-simple"},"yoast_head":"<!-- This site is optimized with the Yoast SEO plugin v27.4 - https:\/\/yoast.com\/product\/yoast-seo-wordpress\/ -->\n<title>NUMEE GAME ON RESTART COMFORTING atkuriamasis losjonas su niacinamidu, 75 ml - MalinaShop.lt J\u016bs\u0173 sveikatai ir gro\u017eiui.<\/title>\n<meta name=\"robots\" content=\"index, follow, max-snippet:-1, max-image-preview:large, max-video-preview:-1\" \/>\n<link rel=\"canonical\" href=\"https:\/\/www.malinashop.lt\/en\/shop\/numee-game-on-restart-comforting-atkuriamasis-losjonas-su-niacinamidu-75-ml\/\" \/>\n<meta property=\"og:locale\" content=\"en_GB\" \/>\n<meta property=\"og:type\" content=\"article\" \/>\n<meta property=\"og:title\" content=\"NUMEE GAME ON RESTART COMFORTING atkuriamasis losjonas su niacinamidu, 75 ml - MalinaShop.lt J\u016bs\u0173 sveikatai ir gro\u017eiui.\" \/>\n<meta property=\"og:url\" content=\"https:\/\/www.malinashop.lt\/en\/shop\/numee-game-on-restart-comforting-atkuriamasis-losjonas-su-niacinamidu-75-ml\/\" \/>\n<meta property=\"og:site_name\" content=\"MalinaShop.lt J\u016bs\u0173 sveikatai ir gro\u017eiui.\" \/>\n<meta property=\"article:modified_time\" content=\"2026-04-08T10:27:56+00:00\" \/>\n<meta property=\"og:image\" content=\"https:\/\/www.malinashop.lt\/wp-content\/uploads\/2024\/11\/NUMEE-GAME-ON-RESTART-COMFORTING-atkuriamasis-losjonas-su-niacinamidu-75-ml.jpg\" \/>\n\t<meta property=\"og:image:width\" content=\"1000\" \/>\n\t<meta property=\"og:image:height\" content=\"1000\" \/>\n\t<meta property=\"og:image:type\" content=\"image\/jpeg\" \/>\n<meta name=\"twitter:card\" content=\"summary_large_image\" \/>\n<script type=\"application\/ld+json\" class=\"yoast-schema-graph\">{\"@context\":\"https:\\\/\\\/schema.org\",\"@graph\":[{\"@type\":\"WebPage\",\"@id\":\"https:\\\/\\\/www.malinashop.lt\\\/shop\\\/numee-game-on-restart-comforting-atkuriamasis-losjonas-su-niacinamidu-75-ml\\\/\",\"url\":\"https:\\\/\\\/www.malinashop.lt\\\/shop\\\/numee-game-on-restart-comforting-atkuriamasis-losjonas-su-niacinamidu-75-ml\\\/\",\"name\":\"NUMEE GAME ON RESTART COMFORTING atkuriamasis losjonas su niacinamidu, 75 ml - MalinaShop.lt J\u016bs\u0173 sveikatai ir gro\u017eiui.\",\"isPartOf\":{\"@id\":\"https:\\\/\\\/www.malinashop.lt\\\/#website\"},\"primaryImageOfPage\":{\"@id\":\"https:\\\/\\\/www.malinashop.lt\\\/shop\\\/numee-game-on-restart-comforting-atkuriamasis-losjonas-su-niacinamidu-75-ml\\\/#primaryimage\"},\"image\":{\"@id\":\"https:\\\/\\\/www.malinashop.lt\\\/shop\\\/numee-game-on-restart-comforting-atkuriamasis-losjonas-su-niacinamidu-75-ml\\\/#primaryimage\"},\"thumbnailUrl\":\"https:\\\/\\\/www.malinashop.lt\\\/wp-content\\\/uploads\\\/2024\\\/11\\\/NUMEE-GAME-ON-RESTART-COMFORTING-atkuriamasis-losjonas-su-niacinamidu-75-ml.jpg\",\"datePublished\":\"2024-11-06T12:52:52+00:00\",\"dateModified\":\"2026-04-08T10:27:56+00:00\",\"breadcrumb\":{\"@id\":\"https:\\\/\\\/www.malinashop.lt\\\/shop\\\/numee-game-on-restart-comforting-atkuriamasis-losjonas-su-niacinamidu-75-ml\\\/#breadcrumb\"},\"inLanguage\":\"en-GB\",\"potentialAction\":[{\"@type\":\"ReadAction\",\"target\":[\"https:\\\/\\\/www.malinashop.lt\\\/shop\\\/numee-game-on-restart-comforting-atkuriamasis-losjonas-su-niacinamidu-75-ml\\\/\"]}]},{\"@type\":\"ImageObject\",\"inLanguage\":\"en-GB\",\"@id\":\"https:\\\/\\\/www.malinashop.lt\\\/shop\\\/numee-game-on-restart-comforting-atkuriamasis-losjonas-su-niacinamidu-75-ml\\\/#primaryimage\",\"url\":\"https:\\\/\\\/www.malinashop.lt\\\/wp-content\\\/uploads\\\/2024\\\/11\\\/NUMEE-GAME-ON-RESTART-COMFORTING-atkuriamasis-losjonas-su-niacinamidu-75-ml.jpg\",\"contentUrl\":\"https:\\\/\\\/www.malinashop.lt\\\/wp-content\\\/uploads\\\/2024\\\/11\\\/NUMEE-GAME-ON-RESTART-COMFORTING-atkuriamasis-losjonas-su-niacinamidu-75-ml.jpg\",\"width\":1000,\"height\":1000},{\"@type\":\"BreadcrumbList\",\"@id\":\"https:\\\/\\\/www.malinashop.lt\\\/shop\\\/numee-game-on-restart-comforting-atkuriamasis-losjonas-su-niacinamidu-75-ml\\\/#breadcrumb\",\"itemListElement\":[{\"@type\":\"ListItem\",\"position\":1,\"name\":\"Pagrindinis\",\"item\":\"https:\\\/\\\/www.malinashop.lt\\\/\"},{\"@type\":\"ListItem\",\"position\":2,\"name\":\"Parduotuv\u0117\",\"item\":\"https:\\\/\\\/www.malinashop.lt\\\/en\\\/parduotuve\\\/\"},{\"@type\":\"ListItem\",\"position\":3,\"name\":\"NUMEE GAME ON RESTART COMFORTING atkuriamasis losjonas su niacinamidu, 75 ml\"}]},{\"@type\":\"WebSite\",\"@id\":\"https:\\\/\\\/www.malinashop.lt\\\/#website\",\"url\":\"https:\\\/\\\/www.malinashop.lt\\\/\",\"name\":\"COM Group Ecommerce\",\"description\":\"MalinaShop.lt - Gro\u017eio ir sveikatos produktai i\u0161 patikim\u0173 preki\u0173 \u017eenkl\u0173. Atraskite auk\u0161tos kokyb\u0117s kosmetik\u0105 u\u017e puiki\u0105 kain\u0105.\",\"publisher\":{\"@id\":\"https:\\\/\\\/www.malinashop.lt\\\/#organization\"},\"potentialAction\":[{\"@type\":\"SearchAction\",\"target\":{\"@type\":\"EntryPoint\",\"urlTemplate\":\"https:\\\/\\\/www.malinashop.lt\\\/?s={search_term_string}\"},\"query-input\":{\"@type\":\"PropertyValueSpecification\",\"valueRequired\":true,\"valueName\":\"search_term_string\"}}],\"inLanguage\":\"en-GB\"},{\"@type\":\"Organization\",\"@id\":\"https:\\\/\\\/www.malinashop.lt\\\/#organization\",\"name\":\"COM Group Ecommerce\",\"url\":\"https:\\\/\\\/www.malinashop.lt\\\/\",\"logo\":{\"@type\":\"ImageObject\",\"inLanguage\":\"en-GB\",\"@id\":\"https:\\\/\\\/www.malinashop.lt\\\/#\\\/schema\\\/logo\\\/image\\\/\",\"url\":\"https:\\\/\\\/www.malinashop.lt\\\/wp-content\\\/uploads\\\/2024\\\/08\\\/462559670_3787732518133670_9795632669273463_n-e1731525914575.png\",\"contentUrl\":\"https:\\\/\\\/www.malinashop.lt\\\/wp-content\\\/uploads\\\/2024\\\/08\\\/462559670_3787732518133670_9795632669273463_n-e1731525914575.png\",\"width\":180,\"height\":60,\"caption\":\"COM Group Ecommerce\"},\"image\":{\"@id\":\"https:\\\/\\\/www.malinashop.lt\\\/#\\\/schema\\\/logo\\\/image\\\/\"}}]}<\/script>\n<!-- \/ Yoast SEO plugin. -->","yoast_head_json":{"title":"NUMEE GAME ON RESTART COMFORTING atkuriamasis losjonas su niacinamidu, 75 ml - MalinaShop.lt J\u016bs\u0173 sveikatai ir gro\u017eiui.","robots":{"index":"index","follow":"follow","max-snippet":"max-snippet:-1","max-image-preview":"max-image-preview:large","max-video-preview":"max-video-preview:-1"},"canonical":"https:\/\/www.malinashop.lt\/en\/shop\/numee-game-on-restart-comforting-atkuriamasis-losjonas-su-niacinamidu-75-ml\/","og_locale":"en_GB","og_type":"article","og_title":"NUMEE GAME ON RESTART COMFORTING atkuriamasis losjonas su niacinamidu, 75 ml - MalinaShop.lt J\u016bs\u0173 sveikatai ir gro\u017eiui.","og_url":"https:\/\/www.malinashop.lt\/en\/shop\/numee-game-on-restart-comforting-atkuriamasis-losjonas-su-niacinamidu-75-ml\/","og_site_name":"MalinaShop.lt J\u016bs\u0173 sveikatai ir gro\u017eiui.","article_modified_time":"2026-04-08T10:27:56+00:00","og_image":[{"width":1000,"height":1000,"url":"https:\/\/www.malinashop.lt\/wp-content\/uploads\/2024\/11\/NUMEE-GAME-ON-RESTART-COMFORTING-atkuriamasis-losjonas-su-niacinamidu-75-ml.jpg","type":"image\/jpeg"}],"twitter_card":"summary_large_image","schema":{"@context":"https:\/\/schema.org","@graph":[{"@type":"WebPage","@id":"https:\/\/www.malinashop.lt\/shop\/numee-game-on-restart-comforting-atkuriamasis-losjonas-su-niacinamidu-75-ml\/","url":"https:\/\/www.malinashop.lt\/shop\/numee-game-on-restart-comforting-atkuriamasis-losjonas-su-niacinamidu-75-ml\/","name":"NUMEE GAME ON RESTART COMFORTING atkuriamasis losjonas su niacinamidu, 75 ml - MalinaShop.lt J\u016bs\u0173 sveikatai ir gro\u017eiui.","isPartOf":{"@id":"https:\/\/www.malinashop.lt\/#website"},"primaryImageOfPage":{"@id":"https:\/\/www.malinashop.lt\/shop\/numee-game-on-restart-comforting-atkuriamasis-losjonas-su-niacinamidu-75-ml\/#primaryimage"},"image":{"@id":"https:\/\/www.malinashop.lt\/shop\/numee-game-on-restart-comforting-atkuriamasis-losjonas-su-niacinamidu-75-ml\/#primaryimage"},"thumbnailUrl":"https:\/\/www.malinashop.lt\/wp-content\/uploads\/2024\/11\/NUMEE-GAME-ON-RESTART-COMFORTING-atkuriamasis-losjonas-su-niacinamidu-75-ml.jpg","datePublished":"2024-11-06T12:52:52+00:00","dateModified":"2026-04-08T10:27:56+00:00","breadcrumb":{"@id":"https:\/\/www.malinashop.lt\/shop\/numee-game-on-restart-comforting-atkuriamasis-losjonas-su-niacinamidu-75-ml\/#breadcrumb"},"inLanguage":"en-GB","potentialAction":[{"@type":"ReadAction","target":["https:\/\/www.malinashop.lt\/shop\/numee-game-on-restart-comforting-atkuriamasis-losjonas-su-niacinamidu-75-ml\/"]}]},{"@type":"ImageObject","inLanguage":"en-GB","@id":"https:\/\/www.malinashop.lt\/shop\/numee-game-on-restart-comforting-atkuriamasis-losjonas-su-niacinamidu-75-ml\/#primaryimage","url":"https:\/\/www.malinashop.lt\/wp-content\/uploads\/2024\/11\/NUMEE-GAME-ON-RESTART-COMFORTING-atkuriamasis-losjonas-su-niacinamidu-75-ml.jpg","contentUrl":"https:\/\/www.malinashop.lt\/wp-content\/uploads\/2024\/11\/NUMEE-GAME-ON-RESTART-COMFORTING-atkuriamasis-losjonas-su-niacinamidu-75-ml.jpg","width":1000,"height":1000},{"@type":"BreadcrumbList","@id":"https:\/\/www.malinashop.lt\/shop\/numee-game-on-restart-comforting-atkuriamasis-losjonas-su-niacinamidu-75-ml\/#breadcrumb","itemListElement":[{"@type":"ListItem","position":1,"name":"Pagrindinis","item":"https:\/\/www.malinashop.lt\/"},{"@type":"ListItem","position":2,"name":"Parduotuv\u0117","item":"https:\/\/www.malinashop.lt\/en\/parduotuve\/"},{"@type":"ListItem","position":3,"name":"NUMEE GAME ON RESTART COMFORTING atkuriamasis losjonas su niacinamidu, 75 ml"}]},{"@type":"WebSite","@id":"https:\/\/www.malinashop.lt\/#website","url":"https:\/\/www.malinashop.lt\/","name":"COM Group Ecommerce","description":"MalinaShop.lt - Gro\u017eio ir sveikatos produktai i\u0161 patikim\u0173 preki\u0173 \u017eenkl\u0173. Atraskite auk\u0161tos kokyb\u0117s kosmetik\u0105 u\u017e puiki\u0105 kain\u0105.","publisher":{"@id":"https:\/\/www.malinashop.lt\/#organization"},"potentialAction":[{"@type":"SearchAction","target":{"@type":"EntryPoint","urlTemplate":"https:\/\/www.malinashop.lt\/?s={search_term_string}"},"query-input":{"@type":"PropertyValueSpecification","valueRequired":true,"valueName":"search_term_string"}}],"inLanguage":"en-GB"},{"@type":"Organization","@id":"https:\/\/www.malinashop.lt\/#organization","name":"COM Group Ecommerce","url":"https:\/\/www.malinashop.lt\/","logo":{"@type":"ImageObject","inLanguage":"en-GB","@id":"https:\/\/www.malinashop.lt\/#\/schema\/logo\/image\/","url":"https:\/\/www.malinashop.lt\/wp-content\/uploads\/2024\/08\/462559670_3787732518133670_9795632669273463_n-e1731525914575.png","contentUrl":"https:\/\/www.malinashop.lt\/wp-content\/uploads\/2024\/08\/462559670_3787732518133670_9795632669273463_n-e1731525914575.png","width":180,"height":60,"caption":"COM Group Ecommerce"},"image":{"@id":"https:\/\/www.malinashop.lt\/#\/schema\/logo\/image\/"}}]}},"jetpack_sharing_enabled":true,"_links":{"self":[{"href":"https:\/\/www.malinashop.lt\/en\/wp-json\/wp\/v2\/product\/19921","targetHints":{"allow":["GET"]}}],"collection":[{"href":"https:\/\/www.malinashop.lt\/en\/wp-json\/wp\/v2\/product"}],"about":[{"href":"https:\/\/www.malinashop.lt\/en\/wp-json\/wp\/v2\/types\/product"}],"version-history":[{"count":1,"href":"https:\/\/www.malinashop.lt\/en\/wp-json\/wp\/v2\/product\/19921\/revisions"}],"predecessor-version":[{"id":32858,"href":"https:\/\/www.malinashop.lt\/en\/wp-json\/wp\/v2\/product\/19921\/revisions\/32858"}],"wp:featuredmedia":[{"embeddable":true,"href":"https:\/\/www.malinashop.lt\/en\/wp-json\/wp\/v2\/media\/18173"}],"wp:attachment":[{"href":"https:\/\/www.malinashop.lt\/en\/wp-json\/wp\/v2\/media?parent=19921"}],"wp:term":[{"taxonomy":"product_brand","embeddable":true,"href":"https:\/\/www.malinashop.lt\/en\/wp-json\/wp\/v2\/product_brand?post=19921"},{"taxonomy":"product_cat","embeddable":true,"href":"https:\/\/www.malinashop.lt\/en\/wp-json\/wp\/v2\/product_cat?post=19921"},{"taxonomy":"product_tag","embeddable":true,"href":"https:\/\/www.malinashop.lt\/en\/wp-json\/wp\/v2\/product_tag?post=19921"}],"curies":[{"name":"wp","href":"https:\/\/api.w.org\/{rel}","templated":true}]}}