{"id":19887,"date":"2025-09-20T10:16:30","date_gmt":"2025-09-20T07:16:30","guid":{"rendered":"https:\/\/malinashop.lt\/produktas\/les-perles-dorient-opi-noire-edp-kvepalai-150-ml\/"},"modified":"2026-02-12T12:38:27","modified_gmt":"2026-02-12T09:38:27","slug":"les-perles-dorient-opi-noire-edp-kvepalai-150-ml","status":"publish","type":"product","link":"https:\/\/www.malinashop.lt\/en\/shop\/les-perles-dorient-opi-noire-edp-kvepalai-150-ml\/","title":{"rendered":"LES PERLES D\u2019ORIENT Opi Noire EDP kvepalai, 150 ml"},"content":{"rendered":"<p>Les Perles D\u2019orient \u2013 Opi Noire kvepalai<\/p>\n<p>Opi Noire kvepalai i\u0161 Les Perles D\u2019orient \u2013 idealus pasirinkimas tiems, kurie m\u0117gsta hipnotizuojant\u012f kavos juodum\u0105 su kriau\u0161i\u0173 gaiva. \u0160ie kvepalai skirti tiems, kurie ie\u0161ko stipri\u0173 kontrast\u0173 aromato, su ry\u0161kiomis g\u0117li\u0173 natomis ir intensyvia muskuso bei pa\u010diuli\u0173 baze. \u012esivaizduokite stipri\u0105 kav\u0105 ir gaivi\u0105 kriau\u0161\u0119, sodr\u0173 kedr\u0105 ir \u0161vie\u017ei\u0105 citrin\u0105 \u2013 \u0161i kompozicija atvers jums dar nereg\u0117t\u0105 kvepal\u0173 pasaul\u012f!<\/p>\n<p>Kvepal\u0173 natos:<\/p>\n<p>Vir\u0161utin\u0117s natos: kriau\u0161\u0117s, kava, citrina, bergamot\u0117.<br \/>\nVidurin\u0117s natos: jazmin\u0173 sambakas, apelsin\u0173 \u017eiedai.<br \/>\nApatin\u0117s natos: pa\u010diuliai, kedras, muskusas.<\/p>\n<p>Pagaminta Italijoje.<\/p>\n<p>Italijoje sukurti, eleganti\u0161ko dizaino aliuminio buteliukuose esantys kvapai pavergs j\u016bs\u0173 \u0161irdis. \u0160i funkcionali pakuot\u0117 talpina 150ml ilgai i\u0161liekan\u010di\u0173, prabangi\u0173 kvepal\u0173, kurie palieka \u012fsp\u016bding\u0105 aromato \u0161leif\u0105.<\/p>\n<p>Kvepalai \u2013 svarbus aksesuaras, padedantis sukurti asmenin\u012f stili\u0173. Jie leid\u017eia i\u0161reik\u0161ti save be \u017eod\u017ei\u0173, atskleid\u017eiant j\u016bs\u0173 unikali\u0105 asmenyb\u0119. \u0160ie kvepalai taps j\u016bs\u0173 kasdieniniu palydovu, i\u0161ry\u0161kinan\u010diu j\u016bs\u0173 individualum\u0105.<\/p>\n<p>Aromatai i\u0161 citrusini\u0173 vaisi\u0173, g\u0117li\u0173, talko, gintaro ir medienos, gurmani\u0161ki ir vanil\u0117s akordai, pasiruo\u0161\u0119 apgaubti jus savo kvapniais natomis. Kolekcijoje rasite kvepalus, tinkamus tiek vyrams, tiek moterims \u2013 atraskite savo nauj\u0105 m\u0117gstamiausi\u0105 kvap\u0105!<\/p>\n<div class=\"text-tab text-tab-id-10\">\n<p>Siuntas i\u0161siun\u010diame antradieniais ir ketvirtadieniais. Jei d\u0117l koki\u0173 nors prie\u017eas\u010di\u0173 siunta negali b\u016bti i\u0161si\u0173sta \u0161iomis dienomis ir ji yra perkeliama \u012f kit\u0105 dien\u0105, apie tai informuosime jus svetain\u0117je arba el. pa\u0161tu.<\/p>\n<p>\u201eJei turite klausim\u0173, pra\u0161ome susisiekti el. pa\u0161tu info@malinashop.lt arba telefonu +37065444002 darbo dienomis nuo 10:00 iki 16:00 val.\u201c<\/p>\n<\/div>\n<div class=\"text-tab text-tab-id-11\">\n<p>Perkant u\u017e daugiau nei 50\u20ac &#8211; pristatymas nemokamas.<\/p>\n<p>Pristatymas \u012f LPexpress pa\u0161tomat\u0105\u00a0(visoje Lietuvoje, i\u0161skyrus Kur\u0161i\u0173 Nerij\u0105).<\/p>\n<\/div>\n","protected":false},"excerpt":{"rendered":"<p>Les Perles D\u2019orient \u2013 Opi Noire kvepalai Opi Noire kvepalai i\u0161 Les Perles D\u2019orient \u2013 idealus pasirinkimas tiems, kurie m\u0117gsta hipnotizuojant\u012f kavos&hellip;<\/p>\n","protected":false},"featured_media":18523,"template":"","meta":[],"product_brand":[546],"product_cat":[545],"product_tag":[1632],"class_list":{"0":"post-19887","1":"product","2":"type-product","3":"status-publish","4":"has-post-thumbnail","6":"product_brand-les-perles-dorient","7":"product_cat-kvepalai-moterims","8":"product_tag-les-perles-dorient","10":"first","11":"instock","12":"sale","13":"featured","14":"taxable","15":"shipping-taxable","16":"purchasable","17":"product-type-simple"},"yoast_head":"<!-- This site is optimized with the Yoast SEO plugin v27.4 - https:\/\/yoast.com\/product\/yoast-seo-wordpress\/ -->\n<title>LES PERLES D\u2019ORIENT Opi Noire EDP kvepalai, 150 ml - MalinaShop.lt J\u016bs\u0173 sveikatai ir gro\u017eiui.<\/title>\n<meta name=\"robots\" content=\"index, follow, max-snippet:-1, max-image-preview:large, max-video-preview:-1\" \/>\n<link rel=\"canonical\" href=\"https:\/\/www.malinashop.lt\/en\/shop\/les-perles-dorient-opi-noire-edp-kvepalai-150-ml\/\" \/>\n<meta property=\"og:locale\" content=\"en_GB\" \/>\n<meta property=\"og:type\" content=\"article\" \/>\n<meta property=\"og:title\" content=\"LES PERLES D\u2019ORIENT Opi Noire EDP kvepalai, 150 ml - MalinaShop.lt J\u016bs\u0173 sveikatai ir gro\u017eiui.\" \/>\n<meta property=\"og:url\" content=\"https:\/\/www.malinashop.lt\/en\/shop\/les-perles-dorient-opi-noire-edp-kvepalai-150-ml\/\" \/>\n<meta property=\"og:site_name\" content=\"MalinaShop.lt J\u016bs\u0173 sveikatai ir gro\u017eiui.\" \/>\n<meta property=\"article:modified_time\" content=\"2026-02-12T09:38:27+00:00\" \/>\n<meta property=\"og:image\" content=\"https:\/\/www.malinashop.lt\/wp-content\/uploads\/2024\/11\/LES-PERLES-DORIENT-Opi-Noire-EDP-kvepalai-150-ml.jpg\" \/>\n\t<meta property=\"og:image:width\" content=\"1080\" \/>\n\t<meta property=\"og:image:height\" content=\"1080\" \/>\n\t<meta property=\"og:image:type\" content=\"image\/jpeg\" \/>\n<meta name=\"twitter:card\" content=\"summary_large_image\" \/>\n<script type=\"application\/ld+json\" class=\"yoast-schema-graph\">{\"@context\":\"https:\\\/\\\/schema.org\",\"@graph\":[{\"@type\":\"WebPage\",\"@id\":\"https:\\\/\\\/www.malinashop.lt\\\/en\\\/shop\\\/les-perles-dorient-opi-noire-edp-kvepalai-150-ml\\\/\",\"url\":\"https:\\\/\\\/www.malinashop.lt\\\/en\\\/shop\\\/les-perles-dorient-opi-noire-edp-kvepalai-150-ml\\\/\",\"name\":\"LES PERLES D\u2019ORIENT Opi Noire EDP kvepalai, 150 ml - MalinaShop.lt J\u016bs\u0173 sveikatai ir gro\u017eiui.\",\"isPartOf\":{\"@id\":\"https:\\\/\\\/www.malinashop.lt\\\/#website\"},\"primaryImageOfPage\":{\"@id\":\"https:\\\/\\\/www.malinashop.lt\\\/en\\\/shop\\\/les-perles-dorient-opi-noire-edp-kvepalai-150-ml\\\/#primaryimage\"},\"image\":{\"@id\":\"https:\\\/\\\/www.malinashop.lt\\\/en\\\/shop\\\/les-perles-dorient-opi-noire-edp-kvepalai-150-ml\\\/#primaryimage\"},\"thumbnailUrl\":\"https:\\\/\\\/www.malinashop.lt\\\/wp-content\\\/uploads\\\/2024\\\/11\\\/LES-PERLES-DORIENT-Opi-Noire-EDP-kvepalai-150-ml.jpg\",\"datePublished\":\"2025-09-20T07:16:30+00:00\",\"dateModified\":\"2026-02-12T09:38:27+00:00\",\"breadcrumb\":{\"@id\":\"https:\\\/\\\/www.malinashop.lt\\\/en\\\/shop\\\/les-perles-dorient-opi-noire-edp-kvepalai-150-ml\\\/#breadcrumb\"},\"inLanguage\":\"en-GB\",\"potentialAction\":[{\"@type\":\"ReadAction\",\"target\":[\"https:\\\/\\\/www.malinashop.lt\\\/en\\\/shop\\\/les-perles-dorient-opi-noire-edp-kvepalai-150-ml\\\/\"]}]},{\"@type\":\"ImageObject\",\"inLanguage\":\"en-GB\",\"@id\":\"https:\\\/\\\/www.malinashop.lt\\\/en\\\/shop\\\/les-perles-dorient-opi-noire-edp-kvepalai-150-ml\\\/#primaryimage\",\"url\":\"https:\\\/\\\/www.malinashop.lt\\\/wp-content\\\/uploads\\\/2024\\\/11\\\/LES-PERLES-DORIENT-Opi-Noire-EDP-kvepalai-150-ml.jpg\",\"contentUrl\":\"https:\\\/\\\/www.malinashop.lt\\\/wp-content\\\/uploads\\\/2024\\\/11\\\/LES-PERLES-DORIENT-Opi-Noire-EDP-kvepalai-150-ml.jpg\",\"width\":1080,\"height\":1080},{\"@type\":\"BreadcrumbList\",\"@id\":\"https:\\\/\\\/www.malinashop.lt\\\/en\\\/shop\\\/les-perles-dorient-opi-noire-edp-kvepalai-150-ml\\\/#breadcrumb\",\"itemListElement\":[{\"@type\":\"ListItem\",\"position\":1,\"name\":\"Pagrindinis\",\"item\":\"https:\\\/\\\/www.malinashop.lt\\\/\"},{\"@type\":\"ListItem\",\"position\":2,\"name\":\"Parduotuv\u0117\",\"item\":\"https:\\\/\\\/www.malinashop.lt\\\/en\\\/parduotuve\\\/\"},{\"@type\":\"ListItem\",\"position\":3,\"name\":\"LES PERLES D\u2019ORIENT Opi Noire EDP kvepalai, 150 ml\"}]},{\"@type\":\"WebSite\",\"@id\":\"https:\\\/\\\/www.malinashop.lt\\\/#website\",\"url\":\"https:\\\/\\\/www.malinashop.lt\\\/\",\"name\":\"COM Group Ecommerce\",\"description\":\"MalinaShop.lt - Gro\u017eio ir sveikatos produktai i\u0161 patikim\u0173 preki\u0173 \u017eenkl\u0173. Atraskite auk\u0161tos kokyb\u0117s kosmetik\u0105 u\u017e puiki\u0105 kain\u0105.\",\"publisher\":{\"@id\":\"https:\\\/\\\/www.malinashop.lt\\\/#organization\"},\"potentialAction\":[{\"@type\":\"SearchAction\",\"target\":{\"@type\":\"EntryPoint\",\"urlTemplate\":\"https:\\\/\\\/www.malinashop.lt\\\/?s={search_term_string}\"},\"query-input\":{\"@type\":\"PropertyValueSpecification\",\"valueRequired\":true,\"valueName\":\"search_term_string\"}}],\"inLanguage\":\"en-GB\"},{\"@type\":\"Organization\",\"@id\":\"https:\\\/\\\/www.malinashop.lt\\\/#organization\",\"name\":\"COM Group Ecommerce\",\"url\":\"https:\\\/\\\/www.malinashop.lt\\\/\",\"logo\":{\"@type\":\"ImageObject\",\"inLanguage\":\"en-GB\",\"@id\":\"https:\\\/\\\/www.malinashop.lt\\\/#\\\/schema\\\/logo\\\/image\\\/\",\"url\":\"https:\\\/\\\/www.malinashop.lt\\\/wp-content\\\/uploads\\\/2024\\\/08\\\/462559670_3787732518133670_9795632669273463_n-e1731525914575.png\",\"contentUrl\":\"https:\\\/\\\/www.malinashop.lt\\\/wp-content\\\/uploads\\\/2024\\\/08\\\/462559670_3787732518133670_9795632669273463_n-e1731525914575.png\",\"width\":180,\"height\":60,\"caption\":\"COM Group Ecommerce\"},\"image\":{\"@id\":\"https:\\\/\\\/www.malinashop.lt\\\/#\\\/schema\\\/logo\\\/image\\\/\"}}]}<\/script>\n<!-- \/ Yoast SEO plugin. -->","yoast_head_json":{"title":"LES PERLES D\u2019ORIENT Opi Noire EDP kvepalai, 150 ml - MalinaShop.lt J\u016bs\u0173 sveikatai ir gro\u017eiui.","robots":{"index":"index","follow":"follow","max-snippet":"max-snippet:-1","max-image-preview":"max-image-preview:large","max-video-preview":"max-video-preview:-1"},"canonical":"https:\/\/www.malinashop.lt\/en\/shop\/les-perles-dorient-opi-noire-edp-kvepalai-150-ml\/","og_locale":"en_GB","og_type":"article","og_title":"LES PERLES D\u2019ORIENT Opi Noire EDP kvepalai, 150 ml - MalinaShop.lt J\u016bs\u0173 sveikatai ir gro\u017eiui.","og_url":"https:\/\/www.malinashop.lt\/en\/shop\/les-perles-dorient-opi-noire-edp-kvepalai-150-ml\/","og_site_name":"MalinaShop.lt J\u016bs\u0173 sveikatai ir gro\u017eiui.","article_modified_time":"2026-02-12T09:38:27+00:00","og_image":[{"width":1080,"height":1080,"url":"https:\/\/www.malinashop.lt\/wp-content\/uploads\/2024\/11\/LES-PERLES-DORIENT-Opi-Noire-EDP-kvepalai-150-ml.jpg","type":"image\/jpeg"}],"twitter_card":"summary_large_image","schema":{"@context":"https:\/\/schema.org","@graph":[{"@type":"WebPage","@id":"https:\/\/www.malinashop.lt\/en\/shop\/les-perles-dorient-opi-noire-edp-kvepalai-150-ml\/","url":"https:\/\/www.malinashop.lt\/en\/shop\/les-perles-dorient-opi-noire-edp-kvepalai-150-ml\/","name":"LES PERLES D\u2019ORIENT Opi Noire EDP kvepalai, 150 ml - MalinaShop.lt J\u016bs\u0173 sveikatai ir gro\u017eiui.","isPartOf":{"@id":"https:\/\/www.malinashop.lt\/#website"},"primaryImageOfPage":{"@id":"https:\/\/www.malinashop.lt\/en\/shop\/les-perles-dorient-opi-noire-edp-kvepalai-150-ml\/#primaryimage"},"image":{"@id":"https:\/\/www.malinashop.lt\/en\/shop\/les-perles-dorient-opi-noire-edp-kvepalai-150-ml\/#primaryimage"},"thumbnailUrl":"https:\/\/www.malinashop.lt\/wp-content\/uploads\/2024\/11\/LES-PERLES-DORIENT-Opi-Noire-EDP-kvepalai-150-ml.jpg","datePublished":"2025-09-20T07:16:30+00:00","dateModified":"2026-02-12T09:38:27+00:00","breadcrumb":{"@id":"https:\/\/www.malinashop.lt\/en\/shop\/les-perles-dorient-opi-noire-edp-kvepalai-150-ml\/#breadcrumb"},"inLanguage":"en-GB","potentialAction":[{"@type":"ReadAction","target":["https:\/\/www.malinashop.lt\/en\/shop\/les-perles-dorient-opi-noire-edp-kvepalai-150-ml\/"]}]},{"@type":"ImageObject","inLanguage":"en-GB","@id":"https:\/\/www.malinashop.lt\/en\/shop\/les-perles-dorient-opi-noire-edp-kvepalai-150-ml\/#primaryimage","url":"https:\/\/www.malinashop.lt\/wp-content\/uploads\/2024\/11\/LES-PERLES-DORIENT-Opi-Noire-EDP-kvepalai-150-ml.jpg","contentUrl":"https:\/\/www.malinashop.lt\/wp-content\/uploads\/2024\/11\/LES-PERLES-DORIENT-Opi-Noire-EDP-kvepalai-150-ml.jpg","width":1080,"height":1080},{"@type":"BreadcrumbList","@id":"https:\/\/www.malinashop.lt\/en\/shop\/les-perles-dorient-opi-noire-edp-kvepalai-150-ml\/#breadcrumb","itemListElement":[{"@type":"ListItem","position":1,"name":"Pagrindinis","item":"https:\/\/www.malinashop.lt\/"},{"@type":"ListItem","position":2,"name":"Parduotuv\u0117","item":"https:\/\/www.malinashop.lt\/en\/parduotuve\/"},{"@type":"ListItem","position":3,"name":"LES PERLES D\u2019ORIENT Opi Noire EDP kvepalai, 150 ml"}]},{"@type":"WebSite","@id":"https:\/\/www.malinashop.lt\/#website","url":"https:\/\/www.malinashop.lt\/","name":"COM Group Ecommerce","description":"MalinaShop.lt - Gro\u017eio ir sveikatos produktai i\u0161 patikim\u0173 preki\u0173 \u017eenkl\u0173. Atraskite auk\u0161tos kokyb\u0117s kosmetik\u0105 u\u017e puiki\u0105 kain\u0105.","publisher":{"@id":"https:\/\/www.malinashop.lt\/#organization"},"potentialAction":[{"@type":"SearchAction","target":{"@type":"EntryPoint","urlTemplate":"https:\/\/www.malinashop.lt\/?s={search_term_string}"},"query-input":{"@type":"PropertyValueSpecification","valueRequired":true,"valueName":"search_term_string"}}],"inLanguage":"en-GB"},{"@type":"Organization","@id":"https:\/\/www.malinashop.lt\/#organization","name":"COM Group Ecommerce","url":"https:\/\/www.malinashop.lt\/","logo":{"@type":"ImageObject","inLanguage":"en-GB","@id":"https:\/\/www.malinashop.lt\/#\/schema\/logo\/image\/","url":"https:\/\/www.malinashop.lt\/wp-content\/uploads\/2024\/08\/462559670_3787732518133670_9795632669273463_n-e1731525914575.png","contentUrl":"https:\/\/www.malinashop.lt\/wp-content\/uploads\/2024\/08\/462559670_3787732518133670_9795632669273463_n-e1731525914575.png","width":180,"height":60,"caption":"COM Group Ecommerce"},"image":{"@id":"https:\/\/www.malinashop.lt\/#\/schema\/logo\/image\/"}}]}},"jetpack_sharing_enabled":true,"_links":{"self":[{"href":"https:\/\/www.malinashop.lt\/en\/wp-json\/wp\/v2\/product\/19887","targetHints":{"allow":["GET"]}}],"collection":[{"href":"https:\/\/www.malinashop.lt\/en\/wp-json\/wp\/v2\/product"}],"about":[{"href":"https:\/\/www.malinashop.lt\/en\/wp-json\/wp\/v2\/types\/product"}],"version-history":[{"count":1,"href":"https:\/\/www.malinashop.lt\/en\/wp-json\/wp\/v2\/product\/19887\/revisions"}],"predecessor-version":[{"id":32874,"href":"https:\/\/www.malinashop.lt\/en\/wp-json\/wp\/v2\/product\/19887\/revisions\/32874"}],"wp:featuredmedia":[{"embeddable":true,"href":"https:\/\/www.malinashop.lt\/en\/wp-json\/wp\/v2\/media\/18523"}],"wp:attachment":[{"href":"https:\/\/www.malinashop.lt\/en\/wp-json\/wp\/v2\/media?parent=19887"}],"wp:term":[{"taxonomy":"product_brand","embeddable":true,"href":"https:\/\/www.malinashop.lt\/en\/wp-json\/wp\/v2\/product_brand?post=19887"},{"taxonomy":"product_cat","embeddable":true,"href":"https:\/\/www.malinashop.lt\/en\/wp-json\/wp\/v2\/product_cat?post=19887"},{"taxonomy":"product_tag","embeddable":true,"href":"https:\/\/www.malinashop.lt\/en\/wp-json\/wp\/v2\/product_tag?post=19887"}],"curies":[{"name":"wp","href":"https:\/\/api.w.org\/{rel}","templated":true}]}}