{"id":19843,"date":"2024-11-06T15:52:42","date_gmt":"2024-11-06T12:52:42","guid":{"rendered":"https:\/\/malinashop.lt\/produktas\/laiseven-body-yogurt-lavender-drekinamasis-kuno-kremas-levandu-kvapo-300-ml\/"},"modified":"2026-03-15T23:28:12","modified_gmt":"2026-03-15T20:28:12","slug":"laiseven-body-yogurt-lavender-drekinamasis-kuno-kremas-levandu-kvapo-300-ml","status":"publish","type":"product","link":"https:\/\/www.malinashop.lt\/en\/shop\/laiseven-body-yogurt-lavender-drekinamasis-kuno-kremas-levandu-kvapo-300-ml\/","title":{"rendered":"LAISEVEN BODY YOGURT LAVENDER dr\u0117kinamasis k\u016bno kremas levand\u0173 kvapo, 300 ml"},"content":{"rendered":"<p>LAISEVEN dr\u0117kinamasis k\u016bno kremas levand\u0173 kvapo BODY YOGURT LAVENDER greitai susigeria, palikdamas od\u0105 \u0161velni\u0105 ir dr\u0117kinam\u0105. \u0160is kremas praturtintas levand\u0173 ir melisos ekstraktais, kurie kartu sudaro raminant\u012f ir aromating\u0105 duet\u0105, specialiai sukurt\u0105 naudoti prie\u0161 mieg\u0105. Levandos ir melisos yra gerai \u017einomos d\u0117l savo kvapo bei savybi\u0173, kurios padeda nuraminti k\u016bn\u0105 ir siel\u0105, sukuriant ramyb\u0117s jausm\u0105.<\/p>\n<p>LAISEVEN dr\u0117kinamojo k\u016bno kremo privalumai:<\/p>\n<p>Levand\u0173 ir melisos ekstraktai: Raminantis aromatas padeda atsipalaiduoti ir pasiruo\u0161ti miegui.<br \/>\nGreitai susigeria: Lengva formul\u0117 greitai \u012fsigeria, nepalikdama riebumo poj\u016b\u010dio.<br \/>\nIntensyviai dr\u0117kina: Oda tampa \u0161velni ir giliai dr\u0117kinama.<br \/>\nNaudojimas: Sukamaisiais judesiais tepkite krem\u0105 ant k\u016bno ir \u0161velniai masa\u017euokite, kol jis visi\u0161kai susigers.<\/p>\n<p>Laiseven siekia sukurti patirt\u012f, kuri suteiks ramyb\u0117s ir atsipalaidavimo jausm\u0105. Visi m\u016bs\u0173 produktai yra pagaminti naudojant tik nat\u016bralias priemones, kurios yra saugios visiems odos tipams ir draugi\u0161kos aplinkai. Suprantame, kad kiekvienas turi unikal\u0173 po\u017ei\u016br\u012f \u012f sav\u0119s prie\u017ei\u016br\u0105, tod\u0117l padedame atrasti j\u016bs\u0173 keli\u0105 \u012f sveik\u0105, ekologi\u0161k\u0105 k\u016bno prie\u017ei\u016br\u0105.<\/p>\n<p>Kod\u0117l rinktis LAISEVEN?<\/p>\n<p>Nat\u016bral\u016bs ingredientai ir produktai: Visi m\u016bs\u0173 produktai yra nat\u016bral\u016bs ir tinkami veganams.<br \/>\nPerdirbamos, ekologi\u0161kos pakuot\u0117s: M\u016bs\u0173 pakuot\u0117s yra draugi\u0161kos aplinkai.<br \/>\nPagrindin\u0117s vertyb\u0117s: Etika, tvarumas ir inovacijos yra m\u016bs\u0173 veiklos pagrindas.<br \/>\nPagaminta Ispanijoje: M\u016bs\u0173 produktai gaminami laikantis auk\u0161\u010diausi\u0173 kokyb\u0117s standart\u0173.<br \/>\nLAISEVEN yra ECOEMBES narys \u2013 organizacijos, kuri Ispanijoje skatina aplinkos apsaug\u0105, perdirbdama ir kurdama ekologi\u0161ko dizaino pakuotes.<\/p>\n<div class=\"text-tab text-tab-id-10\">\n<p>Siuntas i\u0161siun\u010diame antradieniais ir ketvirtadieniais. Jei d\u0117l koki\u0173 nors prie\u017eas\u010di\u0173 siunta negali b\u016bti i\u0161si\u0173sta \u0161iomis dienomis ir ji yra perkeliama \u012f kit\u0105 dien\u0105, apie tai informuosime jus svetain\u0117je arba el. pa\u0161tu.<\/p>\n<p>\u201eJei turite klausim\u0173, pra\u0161ome susisiekti el. pa\u0161tu info@malinashop.lt arba telefonu +37065444002 darbo dienomis nuo 10:00 iki 16:00 val.\u201c<\/p>\n<\/div>\n<div class=\"text-tab text-tab-id-11\">\n<p>Perkant u\u017e daugiau nei 50\u20ac &#8211; pristatymas nemokamas.<\/p>\n<p>Pristatymas \u012f LPexpress pa\u0161tomat\u0105\u00a0(visoje Lietuvoje, i\u0161skyrus Kur\u0161i\u0173 Nerij\u0105).<\/p>\n<\/div>\n","protected":false},"excerpt":{"rendered":"<p>LAISEVEN dr\u0117kinamasis k\u016bno kremas levand\u0173 kvapo BODY YOGURT LAVENDER greitai susigeria, palikdamas od\u0105 \u0161velni\u0105 ir dr\u0117kinam\u0105. \u0160is kremas praturtintas levand\u0173 ir melisos&hellip;<\/p>\n","protected":false},"featured_media":18545,"template":"","meta":[],"product_brand":[539],"product_cat":[541,731],"product_tag":[1631],"class_list":{"0":"post-19843","1":"product","2":"type-product","3":"status-publish","4":"has-post-thumbnail","6":"product_brand-laiseven","7":"product_cat-kuno-kremai","8":"product_cat-kunui","9":"product_tag-laiseven","11":"first","12":"outofstock","13":"sale","14":"taxable","15":"shipping-taxable","16":"purchasable","17":"product-type-simple"},"yoast_head":"<!-- This site is optimized with the Yoast SEO plugin v27.4 - https:\/\/yoast.com\/product\/yoast-seo-wordpress\/ -->\n<title>LAISEVEN BODY YOGURT LAVENDER dr\u0117kinamasis k\u016bno kremas levand\u0173 kvapo, 300 ml - MalinaShop.lt J\u016bs\u0173 sveikatai ir gro\u017eiui.<\/title>\n<meta name=\"robots\" content=\"index, follow, max-snippet:-1, max-image-preview:large, max-video-preview:-1\" \/>\n<link rel=\"canonical\" href=\"https:\/\/www.malinashop.lt\/en\/shop\/laiseven-body-yogurt-lavender-drekinamasis-kuno-kremas-levandu-kvapo-300-ml\/\" \/>\n<meta property=\"og:locale\" content=\"en_GB\" \/>\n<meta property=\"og:type\" content=\"article\" \/>\n<meta property=\"og:title\" content=\"LAISEVEN BODY YOGURT LAVENDER dr\u0117kinamasis k\u016bno kremas levand\u0173 kvapo, 300 ml - MalinaShop.lt J\u016bs\u0173 sveikatai ir gro\u017eiui.\" \/>\n<meta property=\"og:url\" content=\"https:\/\/www.malinashop.lt\/en\/shop\/laiseven-body-yogurt-lavender-drekinamasis-kuno-kremas-levandu-kvapo-300-ml\/\" \/>\n<meta property=\"og:site_name\" content=\"MalinaShop.lt J\u016bs\u0173 sveikatai ir gro\u017eiui.\" \/>\n<meta property=\"article:modified_time\" content=\"2026-03-15T20:28:12+00:00\" \/>\n<meta property=\"og:image\" content=\"https:\/\/www.malinashop.lt\/wp-content\/uploads\/2024\/11\/LAISEVEN-BODY-YOGURT-LAVENDER-drekinamasis-kuno-kremas-levandu-kvapo-300-ml.jpg\" \/>\n\t<meta property=\"og:image:width\" content=\"1000\" \/>\n\t<meta property=\"og:image:height\" content=\"1000\" \/>\n\t<meta property=\"og:image:type\" content=\"image\/jpeg\" \/>\n<meta name=\"twitter:card\" content=\"summary_large_image\" \/>\n<script type=\"application\/ld+json\" class=\"yoast-schema-graph\">{\"@context\":\"https:\\\/\\\/schema.org\",\"@graph\":[{\"@type\":\"WebPage\",\"@id\":\"https:\\\/\\\/www.malinashop.lt\\\/lt_lt\\\/shop\\\/laiseven-body-yogurt-lavender-drekinamasis-kuno-kremas-levandu-kvapo-300-ml\\\/\",\"url\":\"https:\\\/\\\/www.malinashop.lt\\\/lt_lt\\\/shop\\\/laiseven-body-yogurt-lavender-drekinamasis-kuno-kremas-levandu-kvapo-300-ml\\\/\",\"name\":\"LAISEVEN BODY YOGURT LAVENDER dr\u0117kinamasis k\u016bno kremas levand\u0173 kvapo, 300 ml - MalinaShop.lt J\u016bs\u0173 sveikatai ir gro\u017eiui.\",\"isPartOf\":{\"@id\":\"https:\\\/\\\/www.malinashop.lt\\\/#website\"},\"primaryImageOfPage\":{\"@id\":\"https:\\\/\\\/www.malinashop.lt\\\/lt_lt\\\/shop\\\/laiseven-body-yogurt-lavender-drekinamasis-kuno-kremas-levandu-kvapo-300-ml\\\/#primaryimage\"},\"image\":{\"@id\":\"https:\\\/\\\/www.malinashop.lt\\\/lt_lt\\\/shop\\\/laiseven-body-yogurt-lavender-drekinamasis-kuno-kremas-levandu-kvapo-300-ml\\\/#primaryimage\"},\"thumbnailUrl\":\"https:\\\/\\\/www.malinashop.lt\\\/wp-content\\\/uploads\\\/2024\\\/11\\\/LAISEVEN-BODY-YOGURT-LAVENDER-drekinamasis-kuno-kremas-levandu-kvapo-300-ml.jpg\",\"datePublished\":\"2024-11-06T12:52:42+00:00\",\"dateModified\":\"2026-03-15T20:28:12+00:00\",\"breadcrumb\":{\"@id\":\"https:\\\/\\\/www.malinashop.lt\\\/lt_lt\\\/shop\\\/laiseven-body-yogurt-lavender-drekinamasis-kuno-kremas-levandu-kvapo-300-ml\\\/#breadcrumb\"},\"inLanguage\":\"en-GB\",\"potentialAction\":[{\"@type\":\"ReadAction\",\"target\":[\"https:\\\/\\\/www.malinashop.lt\\\/lt_lt\\\/shop\\\/laiseven-body-yogurt-lavender-drekinamasis-kuno-kremas-levandu-kvapo-300-ml\\\/\"]}]},{\"@type\":\"ImageObject\",\"inLanguage\":\"en-GB\",\"@id\":\"https:\\\/\\\/www.malinashop.lt\\\/lt_lt\\\/shop\\\/laiseven-body-yogurt-lavender-drekinamasis-kuno-kremas-levandu-kvapo-300-ml\\\/#primaryimage\",\"url\":\"https:\\\/\\\/www.malinashop.lt\\\/wp-content\\\/uploads\\\/2024\\\/11\\\/LAISEVEN-BODY-YOGURT-LAVENDER-drekinamasis-kuno-kremas-levandu-kvapo-300-ml.jpg\",\"contentUrl\":\"https:\\\/\\\/www.malinashop.lt\\\/wp-content\\\/uploads\\\/2024\\\/11\\\/LAISEVEN-BODY-YOGURT-LAVENDER-drekinamasis-kuno-kremas-levandu-kvapo-300-ml.jpg\",\"width\":1000,\"height\":1000},{\"@type\":\"BreadcrumbList\",\"@id\":\"https:\\\/\\\/www.malinashop.lt\\\/lt_lt\\\/shop\\\/laiseven-body-yogurt-lavender-drekinamasis-kuno-kremas-levandu-kvapo-300-ml\\\/#breadcrumb\",\"itemListElement\":[{\"@type\":\"ListItem\",\"position\":1,\"name\":\"Pagrindinis\",\"item\":\"https:\\\/\\\/www.malinashop.lt\\\/\"},{\"@type\":\"ListItem\",\"position\":2,\"name\":\"Parduotuv\u0117\",\"item\":\"https:\\\/\\\/www.malinashop.lt\\\/en\\\/parduotuve\\\/\"},{\"@type\":\"ListItem\",\"position\":3,\"name\":\"LAISEVEN BODY YOGURT LAVENDER dr\u0117kinamasis k\u016bno kremas levand\u0173 kvapo, 300 ml\"}]},{\"@type\":\"WebSite\",\"@id\":\"https:\\\/\\\/www.malinashop.lt\\\/#website\",\"url\":\"https:\\\/\\\/www.malinashop.lt\\\/\",\"name\":\"COM Group Ecommerce\",\"description\":\"MalinaShop.lt - Gro\u017eio ir sveikatos produktai i\u0161 patikim\u0173 preki\u0173 \u017eenkl\u0173. Atraskite auk\u0161tos kokyb\u0117s kosmetik\u0105 u\u017e puiki\u0105 kain\u0105.\",\"publisher\":{\"@id\":\"https:\\\/\\\/www.malinashop.lt\\\/#organization\"},\"potentialAction\":[{\"@type\":\"SearchAction\",\"target\":{\"@type\":\"EntryPoint\",\"urlTemplate\":\"https:\\\/\\\/www.malinashop.lt\\\/?s={search_term_string}\"},\"query-input\":{\"@type\":\"PropertyValueSpecification\",\"valueRequired\":true,\"valueName\":\"search_term_string\"}}],\"inLanguage\":\"en-GB\"},{\"@type\":\"Organization\",\"@id\":\"https:\\\/\\\/www.malinashop.lt\\\/#organization\",\"name\":\"COM Group Ecommerce\",\"url\":\"https:\\\/\\\/www.malinashop.lt\\\/\",\"logo\":{\"@type\":\"ImageObject\",\"inLanguage\":\"en-GB\",\"@id\":\"https:\\\/\\\/www.malinashop.lt\\\/#\\\/schema\\\/logo\\\/image\\\/\",\"url\":\"https:\\\/\\\/www.malinashop.lt\\\/wp-content\\\/uploads\\\/2024\\\/08\\\/462559670_3787732518133670_9795632669273463_n-e1731525914575.png\",\"contentUrl\":\"https:\\\/\\\/www.malinashop.lt\\\/wp-content\\\/uploads\\\/2024\\\/08\\\/462559670_3787732518133670_9795632669273463_n-e1731525914575.png\",\"width\":180,\"height\":60,\"caption\":\"COM Group Ecommerce\"},\"image\":{\"@id\":\"https:\\\/\\\/www.malinashop.lt\\\/#\\\/schema\\\/logo\\\/image\\\/\"}}]}<\/script>\n<!-- \/ Yoast SEO plugin. -->","yoast_head_json":{"title":"LAISEVEN BODY YOGURT LAVENDER dr\u0117kinamasis k\u016bno kremas levand\u0173 kvapo, 300 ml - MalinaShop.lt J\u016bs\u0173 sveikatai ir gro\u017eiui.","robots":{"index":"index","follow":"follow","max-snippet":"max-snippet:-1","max-image-preview":"max-image-preview:large","max-video-preview":"max-video-preview:-1"},"canonical":"https:\/\/www.malinashop.lt\/en\/shop\/laiseven-body-yogurt-lavender-drekinamasis-kuno-kremas-levandu-kvapo-300-ml\/","og_locale":"en_GB","og_type":"article","og_title":"LAISEVEN BODY YOGURT LAVENDER dr\u0117kinamasis k\u016bno kremas levand\u0173 kvapo, 300 ml - MalinaShop.lt J\u016bs\u0173 sveikatai ir gro\u017eiui.","og_url":"https:\/\/www.malinashop.lt\/en\/shop\/laiseven-body-yogurt-lavender-drekinamasis-kuno-kremas-levandu-kvapo-300-ml\/","og_site_name":"MalinaShop.lt J\u016bs\u0173 sveikatai ir gro\u017eiui.","article_modified_time":"2026-03-15T20:28:12+00:00","og_image":[{"width":1000,"height":1000,"url":"https:\/\/www.malinashop.lt\/wp-content\/uploads\/2024\/11\/LAISEVEN-BODY-YOGURT-LAVENDER-drekinamasis-kuno-kremas-levandu-kvapo-300-ml.jpg","type":"image\/jpeg"}],"twitter_card":"summary_large_image","schema":{"@context":"https:\/\/schema.org","@graph":[{"@type":"WebPage","@id":"https:\/\/www.malinashop.lt\/lt_lt\/shop\/laiseven-body-yogurt-lavender-drekinamasis-kuno-kremas-levandu-kvapo-300-ml\/","url":"https:\/\/www.malinashop.lt\/lt_lt\/shop\/laiseven-body-yogurt-lavender-drekinamasis-kuno-kremas-levandu-kvapo-300-ml\/","name":"LAISEVEN BODY YOGURT LAVENDER dr\u0117kinamasis k\u016bno kremas levand\u0173 kvapo, 300 ml - MalinaShop.lt J\u016bs\u0173 sveikatai ir gro\u017eiui.","isPartOf":{"@id":"https:\/\/www.malinashop.lt\/#website"},"primaryImageOfPage":{"@id":"https:\/\/www.malinashop.lt\/lt_lt\/shop\/laiseven-body-yogurt-lavender-drekinamasis-kuno-kremas-levandu-kvapo-300-ml\/#primaryimage"},"image":{"@id":"https:\/\/www.malinashop.lt\/lt_lt\/shop\/laiseven-body-yogurt-lavender-drekinamasis-kuno-kremas-levandu-kvapo-300-ml\/#primaryimage"},"thumbnailUrl":"https:\/\/www.malinashop.lt\/wp-content\/uploads\/2024\/11\/LAISEVEN-BODY-YOGURT-LAVENDER-drekinamasis-kuno-kremas-levandu-kvapo-300-ml.jpg","datePublished":"2024-11-06T12:52:42+00:00","dateModified":"2026-03-15T20:28:12+00:00","breadcrumb":{"@id":"https:\/\/www.malinashop.lt\/lt_lt\/shop\/laiseven-body-yogurt-lavender-drekinamasis-kuno-kremas-levandu-kvapo-300-ml\/#breadcrumb"},"inLanguage":"en-GB","potentialAction":[{"@type":"ReadAction","target":["https:\/\/www.malinashop.lt\/lt_lt\/shop\/laiseven-body-yogurt-lavender-drekinamasis-kuno-kremas-levandu-kvapo-300-ml\/"]}]},{"@type":"ImageObject","inLanguage":"en-GB","@id":"https:\/\/www.malinashop.lt\/lt_lt\/shop\/laiseven-body-yogurt-lavender-drekinamasis-kuno-kremas-levandu-kvapo-300-ml\/#primaryimage","url":"https:\/\/www.malinashop.lt\/wp-content\/uploads\/2024\/11\/LAISEVEN-BODY-YOGURT-LAVENDER-drekinamasis-kuno-kremas-levandu-kvapo-300-ml.jpg","contentUrl":"https:\/\/www.malinashop.lt\/wp-content\/uploads\/2024\/11\/LAISEVEN-BODY-YOGURT-LAVENDER-drekinamasis-kuno-kremas-levandu-kvapo-300-ml.jpg","width":1000,"height":1000},{"@type":"BreadcrumbList","@id":"https:\/\/www.malinashop.lt\/lt_lt\/shop\/laiseven-body-yogurt-lavender-drekinamasis-kuno-kremas-levandu-kvapo-300-ml\/#breadcrumb","itemListElement":[{"@type":"ListItem","position":1,"name":"Pagrindinis","item":"https:\/\/www.malinashop.lt\/"},{"@type":"ListItem","position":2,"name":"Parduotuv\u0117","item":"https:\/\/www.malinashop.lt\/en\/parduotuve\/"},{"@type":"ListItem","position":3,"name":"LAISEVEN BODY YOGURT LAVENDER dr\u0117kinamasis k\u016bno kremas levand\u0173 kvapo, 300 ml"}]},{"@type":"WebSite","@id":"https:\/\/www.malinashop.lt\/#website","url":"https:\/\/www.malinashop.lt\/","name":"COM Group Ecommerce","description":"MalinaShop.lt - Gro\u017eio ir sveikatos produktai i\u0161 patikim\u0173 preki\u0173 \u017eenkl\u0173. Atraskite auk\u0161tos kokyb\u0117s kosmetik\u0105 u\u017e puiki\u0105 kain\u0105.","publisher":{"@id":"https:\/\/www.malinashop.lt\/#organization"},"potentialAction":[{"@type":"SearchAction","target":{"@type":"EntryPoint","urlTemplate":"https:\/\/www.malinashop.lt\/?s={search_term_string}"},"query-input":{"@type":"PropertyValueSpecification","valueRequired":true,"valueName":"search_term_string"}}],"inLanguage":"en-GB"},{"@type":"Organization","@id":"https:\/\/www.malinashop.lt\/#organization","name":"COM Group Ecommerce","url":"https:\/\/www.malinashop.lt\/","logo":{"@type":"ImageObject","inLanguage":"en-GB","@id":"https:\/\/www.malinashop.lt\/#\/schema\/logo\/image\/","url":"https:\/\/www.malinashop.lt\/wp-content\/uploads\/2024\/08\/462559670_3787732518133670_9795632669273463_n-e1731525914575.png","contentUrl":"https:\/\/www.malinashop.lt\/wp-content\/uploads\/2024\/08\/462559670_3787732518133670_9795632669273463_n-e1731525914575.png","width":180,"height":60,"caption":"COM Group Ecommerce"},"image":{"@id":"https:\/\/www.malinashop.lt\/#\/schema\/logo\/image\/"}}]}},"jetpack_sharing_enabled":true,"_links":{"self":[{"href":"https:\/\/www.malinashop.lt\/en\/wp-json\/wp\/v2\/product\/19843","targetHints":{"allow":["GET"]}}],"collection":[{"href":"https:\/\/www.malinashop.lt\/en\/wp-json\/wp\/v2\/product"}],"about":[{"href":"https:\/\/www.malinashop.lt\/en\/wp-json\/wp\/v2\/types\/product"}],"version-history":[{"count":1,"href":"https:\/\/www.malinashop.lt\/en\/wp-json\/wp\/v2\/product\/19843\/revisions"}],"predecessor-version":[{"id":32895,"href":"https:\/\/www.malinashop.lt\/en\/wp-json\/wp\/v2\/product\/19843\/revisions\/32895"}],"wp:featuredmedia":[{"embeddable":true,"href":"https:\/\/www.malinashop.lt\/en\/wp-json\/wp\/v2\/media\/18545"}],"wp:attachment":[{"href":"https:\/\/www.malinashop.lt\/en\/wp-json\/wp\/v2\/media?parent=19843"}],"wp:term":[{"taxonomy":"product_brand","embeddable":true,"href":"https:\/\/www.malinashop.lt\/en\/wp-json\/wp\/v2\/product_brand?post=19843"},{"taxonomy":"product_cat","embeddable":true,"href":"https:\/\/www.malinashop.lt\/en\/wp-json\/wp\/v2\/product_cat?post=19843"},{"taxonomy":"product_tag","embeddable":true,"href":"https:\/\/www.malinashop.lt\/en\/wp-json\/wp\/v2\/product_tag?post=19843"}],"curies":[{"name":"wp","href":"https:\/\/api.w.org\/{rel}","templated":true}]}}