{"id":19805,"date":"2024-11-06T15:52:37","date_gmt":"2024-11-06T12:52:37","guid":{"rendered":"https:\/\/malinashop.lt\/produktas\/laiseven-hand-soap-candy-fruit-love-skystas-ranku-muilas-saldainiu-ir-vaisiu-kvapo-400-ml\/"},"modified":"2026-04-08T13:26:39","modified_gmt":"2026-04-08T10:26:39","slug":"laiseven-hand-soap-candy-fruit-love-skystas-ranku-muilas-saldainiu-ir-vaisiu-kvapo-400-ml","status":"publish","type":"product","link":"https:\/\/www.malinashop.lt\/en\/shop\/laiseven-hand-soap-candy-fruit-love-skystas-ranku-muilas-saldainiu-ir-vaisiu-kvapo-400-ml\/","title":{"rendered":"LAISEVEN HAND SOAP CANDY FRUIT &#038; LOVE skystas rank\u0173 muilas saldaini\u0173 ir vaisi\u0173 kvapo, 400 ml"},"content":{"rendered":"<p>LAISEVEN skystas rank\u0173 muilas \u0161velniai valo od\u0105, suteikdamas malon\u0173 poj\u016bt\u012f ir ilgai i\u0161liekant\u012f stimuliuojant\u012f kvap\u0105. \u0160is muilas ne tik valo, bet ir atgaivina bei subtiliai pakv\u0117pina j\u016bs\u0173 rankas.<\/p>\n<p>LAISEVEN skysto rank\u0173 muilo privalumai:<\/p>\n<p>Tinka kasdieniniam naudojimui: Puikiai tinka kasdieniam rank\u0173 prausimui.<br \/>\n\u0160velniai prausia od\u0105: \u0160velni formul\u0117 u\u017etikrina, kad oda i\u0161likt\u0173 mink\u0161ta ir \u0161velni.<br \/>\nPa\u0161alina ne\u0161varumus: Efektyviai pa\u0161alina visus ne\u0161varumus, palikdama rankas \u0161varias ir gaivias.<br \/>\nNaudojimas: U\u017etepkite skysto muilo ant \u0161lapi\u0173 rank\u0173, sukurkite putas ir gerai nuskalaukite.<\/p>\n<p>Laiseven siekia sukurti patirt\u012f, kuri suteiks ramyb\u0117s ir atsipalaidavimo jausm\u0105. Visi m\u016bs\u0173 produktai yra pagaminti naudojant tik nat\u016bralias priemones, kurios yra saugios visiems odos tipams ir draugi\u0161kos aplinkai. Suprantame, kad kiekvienas turi unikal\u0173 po\u017ei\u016br\u012f \u012f sav\u0119s prie\u017ei\u016br\u0105, tod\u0117l padedame atrasti j\u016bs\u0173 keli\u0105 \u012f sveik\u0105, ekologi\u0161k\u0105 k\u016bno prie\u017ei\u016br\u0105.<\/p>\n<p>Kod\u0117l rinktis LAISEVEN?<\/p>\n<p>Nat\u016bral\u016bs ingredientai ir produktai: Visi m\u016bs\u0173 produktai yra nat\u016bral\u016bs ir tinkami veganams.<br \/>\nPerdirbamos, ekologi\u0161kos pakuot\u0117s: M\u016bs\u0173 pakuot\u0117s yra draugi\u0161kos aplinkai.<br \/>\nPagrindin\u0117s vertyb\u0117s: Etika, tvarumas ir inovacijos yra m\u016bs\u0173 veiklos pagrindas.<br \/>\nPagaminta Ispanijoje: M\u016bs\u0173 produktai gaminami laikantis auk\u0161\u010diausi\u0173 kokyb\u0117s standart\u0173.<br \/>\nLAISEVEN yra ECOEMBES narys \u2013 organizacijos, kuri Ispanijoje skatina aplinkos apsaug\u0105, perdirbdama ir kurdama ekologi\u0161ko dizaino pakuotes.<\/p>\n<div class=\"text-tab text-tab-id-10\"><\/div>\n<div class=\"text-tab text-tab-id-11\">\n<p>&nbsp;<\/p>\n<\/div>\n","protected":false},"excerpt":{"rendered":"<p>LAISEVEN skystas rank\u0173 muilas \u0161velniai valo od\u0105, suteikdamas malon\u0173 poj\u016bt\u012f ir ilgai i\u0161liekant\u012f stimuliuojant\u012f kvap\u0105. \u0160is muilas ne tik valo, bet ir&hellip;<\/p>\n","protected":false},"featured_media":18563,"template":"","meta":[],"product_brand":[539],"product_cat":[731,540,562],"product_tag":[1631],"class_list":{"0":"post-19805","1":"product","2":"type-product","3":"status-publish","4":"has-post-thumbnail","6":"product_brand-laiseven","7":"product_cat-kunui","8":"product_cat-ranku-prieziura-muilai-ranku-kremai","9":"product_cat-sandelio-valymas","10":"product_tag-laiseven","12":"first","13":"instock","14":"sale","15":"taxable","16":"shipping-taxable","17":"purchasable","18":"product-type-simple"},"yoast_head":"<!-- This site is optimized with the Yoast SEO plugin v27.4 - https:\/\/yoast.com\/product\/yoast-seo-wordpress\/ -->\n<title>LAISEVEN HAND SOAP CANDY FRUIT &amp; LOVE skystas rank\u0173 muilas saldaini\u0173 ir vaisi\u0173 kvapo, 400 ml - MalinaShop.lt J\u016bs\u0173 sveikatai ir gro\u017eiui.<\/title>\n<meta name=\"robots\" content=\"index, follow, max-snippet:-1, max-image-preview:large, max-video-preview:-1\" \/>\n<link rel=\"canonical\" href=\"https:\/\/www.malinashop.lt\/en\/shop\/laiseven-hand-soap-candy-fruit-love-skystas-ranku-muilas-saldainiu-ir-vaisiu-kvapo-400-ml\/\" \/>\n<meta property=\"og:locale\" content=\"en_GB\" \/>\n<meta property=\"og:type\" content=\"article\" \/>\n<meta property=\"og:title\" content=\"LAISEVEN HAND SOAP CANDY FRUIT &amp; LOVE skystas rank\u0173 muilas saldaini\u0173 ir vaisi\u0173 kvapo, 400 ml - MalinaShop.lt J\u016bs\u0173 sveikatai ir gro\u017eiui.\" \/>\n<meta property=\"og:url\" content=\"https:\/\/www.malinashop.lt\/en\/shop\/laiseven-hand-soap-candy-fruit-love-skystas-ranku-muilas-saldainiu-ir-vaisiu-kvapo-400-ml\/\" \/>\n<meta property=\"og:site_name\" content=\"MalinaShop.lt J\u016bs\u0173 sveikatai ir gro\u017eiui.\" \/>\n<meta property=\"article:modified_time\" content=\"2026-04-08T10:26:39+00:00\" \/>\n<meta property=\"og:image\" content=\"https:\/\/www.malinashop.lt\/wp-content\/uploads\/2024\/11\/LAISEVEN-HAND-SOAP-CANDY-FRUIT-LOVE-skystas-ranku-muilas-saldainiu-ir-vaisiu-kvapo-400-ml.jpg\" \/>\n\t<meta property=\"og:image:width\" content=\"1000\" \/>\n\t<meta property=\"og:image:height\" content=\"1000\" \/>\n\t<meta property=\"og:image:type\" content=\"image\/jpeg\" \/>\n<meta name=\"twitter:card\" content=\"summary_large_image\" \/>\n<script type=\"application\/ld+json\" class=\"yoast-schema-graph\">{\"@context\":\"https:\\\/\\\/schema.org\",\"@graph\":[{\"@type\":\"WebPage\",\"@id\":\"https:\\\/\\\/www.malinashop.lt\\\/lt_lt\\\/shop\\\/laiseven-hand-soap-candy-fruit-love-skystas-ranku-muilas-saldainiu-ir-vaisiu-kvapo-400-ml\\\/\",\"url\":\"https:\\\/\\\/www.malinashop.lt\\\/lt_lt\\\/shop\\\/laiseven-hand-soap-candy-fruit-love-skystas-ranku-muilas-saldainiu-ir-vaisiu-kvapo-400-ml\\\/\",\"name\":\"LAISEVEN HAND SOAP CANDY FRUIT & LOVE skystas rank\u0173 muilas saldaini\u0173 ir vaisi\u0173 kvapo, 400 ml - MalinaShop.lt J\u016bs\u0173 sveikatai ir gro\u017eiui.\",\"isPartOf\":{\"@id\":\"https:\\\/\\\/www.malinashop.lt\\\/en\\\/#website\"},\"primaryImageOfPage\":{\"@id\":\"https:\\\/\\\/www.malinashop.lt\\\/lt_lt\\\/shop\\\/laiseven-hand-soap-candy-fruit-love-skystas-ranku-muilas-saldainiu-ir-vaisiu-kvapo-400-ml\\\/#primaryimage\"},\"image\":{\"@id\":\"https:\\\/\\\/www.malinashop.lt\\\/lt_lt\\\/shop\\\/laiseven-hand-soap-candy-fruit-love-skystas-ranku-muilas-saldainiu-ir-vaisiu-kvapo-400-ml\\\/#primaryimage\"},\"thumbnailUrl\":\"https:\\\/\\\/www.malinashop.lt\\\/wp-content\\\/uploads\\\/2024\\\/11\\\/LAISEVEN-HAND-SOAP-CANDY-FRUIT-LOVE-skystas-ranku-muilas-saldainiu-ir-vaisiu-kvapo-400-ml.jpg\",\"datePublished\":\"2024-11-06T12:52:37+00:00\",\"dateModified\":\"2026-04-08T10:26:39+00:00\",\"breadcrumb\":{\"@id\":\"https:\\\/\\\/www.malinashop.lt\\\/lt_lt\\\/shop\\\/laiseven-hand-soap-candy-fruit-love-skystas-ranku-muilas-saldainiu-ir-vaisiu-kvapo-400-ml\\\/#breadcrumb\"},\"inLanguage\":\"en-GB\",\"potentialAction\":[{\"@type\":\"ReadAction\",\"target\":[\"https:\\\/\\\/www.malinashop.lt\\\/lt_lt\\\/shop\\\/laiseven-hand-soap-candy-fruit-love-skystas-ranku-muilas-saldainiu-ir-vaisiu-kvapo-400-ml\\\/\"]}]},{\"@type\":\"ImageObject\",\"inLanguage\":\"en-GB\",\"@id\":\"https:\\\/\\\/www.malinashop.lt\\\/lt_lt\\\/shop\\\/laiseven-hand-soap-candy-fruit-love-skystas-ranku-muilas-saldainiu-ir-vaisiu-kvapo-400-ml\\\/#primaryimage\",\"url\":\"https:\\\/\\\/www.malinashop.lt\\\/wp-content\\\/uploads\\\/2024\\\/11\\\/LAISEVEN-HAND-SOAP-CANDY-FRUIT-LOVE-skystas-ranku-muilas-saldainiu-ir-vaisiu-kvapo-400-ml.jpg\",\"contentUrl\":\"https:\\\/\\\/www.malinashop.lt\\\/wp-content\\\/uploads\\\/2024\\\/11\\\/LAISEVEN-HAND-SOAP-CANDY-FRUIT-LOVE-skystas-ranku-muilas-saldainiu-ir-vaisiu-kvapo-400-ml.jpg\",\"width\":1000,\"height\":1000},{\"@type\":\"BreadcrumbList\",\"@id\":\"https:\\\/\\\/www.malinashop.lt\\\/lt_lt\\\/shop\\\/laiseven-hand-soap-candy-fruit-love-skystas-ranku-muilas-saldainiu-ir-vaisiu-kvapo-400-ml\\\/#breadcrumb\",\"itemListElement\":[{\"@type\":\"ListItem\",\"position\":1,\"name\":\"Home\",\"item\":\"https:\\\/\\\/www.malinashop.lt\\\/en\\\/\"},{\"@type\":\"ListItem\",\"position\":2,\"name\":\"Parduotuv\u0117\",\"item\":\"https:\\\/\\\/www.malinashop.lt\\\/en\\\/parduotuve\\\/\"},{\"@type\":\"ListItem\",\"position\":3,\"name\":\"LAISEVEN HAND SOAP CANDY FRUIT &#038; LOVE skystas rank\u0173 muilas saldaini\u0173 ir vaisi\u0173 kvapo, 400 ml\"}]},{\"@type\":\"WebSite\",\"@id\":\"https:\\\/\\\/www.malinashop.lt\\\/en\\\/#website\",\"url\":\"https:\\\/\\\/www.malinashop.lt\\\/en\\\/\",\"name\":\"COM Group Ecommerce\",\"description\":\"MalinaShop.lt - Gro\u017eio ir sveikatos produktai i\u0161 patikim\u0173 preki\u0173 \u017eenkl\u0173. Atraskite auk\u0161tos kokyb\u0117s kosmetik\u0105 u\u017e puiki\u0105 kain\u0105.\",\"publisher\":{\"@id\":\"https:\\\/\\\/www.malinashop.lt\\\/en\\\/#organization\"},\"potentialAction\":[{\"@type\":\"SearchAction\",\"target\":{\"@type\":\"EntryPoint\",\"urlTemplate\":\"https:\\\/\\\/www.malinashop.lt\\\/en\\\/?s={search_term_string}\"},\"query-input\":{\"@type\":\"PropertyValueSpecification\",\"valueRequired\":true,\"valueName\":\"search_term_string\"}}],\"inLanguage\":\"en-GB\"},{\"@type\":\"Organization\",\"@id\":\"https:\\\/\\\/www.malinashop.lt\\\/en\\\/#organization\",\"name\":\"COM Group Ecommerce\",\"url\":\"https:\\\/\\\/www.malinashop.lt\\\/en\\\/\",\"logo\":{\"@type\":\"ImageObject\",\"inLanguage\":\"en-GB\",\"@id\":\"https:\\\/\\\/www.malinashop.lt\\\/en\\\/#\\\/schema\\\/logo\\\/image\\\/\",\"url\":\"https:\\\/\\\/www.malinashop.lt\\\/wp-content\\\/uploads\\\/2024\\\/08\\\/462559670_3787732518133670_9795632669273463_n-e1731525914575.png\",\"contentUrl\":\"https:\\\/\\\/www.malinashop.lt\\\/wp-content\\\/uploads\\\/2024\\\/08\\\/462559670_3787732518133670_9795632669273463_n-e1731525914575.png\",\"width\":180,\"height\":60,\"caption\":\"COM Group Ecommerce\"},\"image\":{\"@id\":\"https:\\\/\\\/www.malinashop.lt\\\/en\\\/#\\\/schema\\\/logo\\\/image\\\/\"}}]}<\/script>\n<!-- \/ Yoast SEO plugin. -->","yoast_head_json":{"title":"LAISEVEN HAND SOAP CANDY FRUIT & LOVE skystas rank\u0173 muilas saldaini\u0173 ir vaisi\u0173 kvapo, 400 ml - MalinaShop.lt J\u016bs\u0173 sveikatai ir gro\u017eiui.","robots":{"index":"index","follow":"follow","max-snippet":"max-snippet:-1","max-image-preview":"max-image-preview:large","max-video-preview":"max-video-preview:-1"},"canonical":"https:\/\/www.malinashop.lt\/en\/shop\/laiseven-hand-soap-candy-fruit-love-skystas-ranku-muilas-saldainiu-ir-vaisiu-kvapo-400-ml\/","og_locale":"en_GB","og_type":"article","og_title":"LAISEVEN HAND SOAP CANDY FRUIT & LOVE skystas rank\u0173 muilas saldaini\u0173 ir vaisi\u0173 kvapo, 400 ml - MalinaShop.lt J\u016bs\u0173 sveikatai ir gro\u017eiui.","og_url":"https:\/\/www.malinashop.lt\/en\/shop\/laiseven-hand-soap-candy-fruit-love-skystas-ranku-muilas-saldainiu-ir-vaisiu-kvapo-400-ml\/","og_site_name":"MalinaShop.lt J\u016bs\u0173 sveikatai ir gro\u017eiui.","article_modified_time":"2026-04-08T10:26:39+00:00","og_image":[{"width":1000,"height":1000,"url":"https:\/\/www.malinashop.lt\/wp-content\/uploads\/2024\/11\/LAISEVEN-HAND-SOAP-CANDY-FRUIT-LOVE-skystas-ranku-muilas-saldainiu-ir-vaisiu-kvapo-400-ml.jpg","type":"image\/jpeg"}],"twitter_card":"summary_large_image","schema":{"@context":"https:\/\/schema.org","@graph":[{"@type":"WebPage","@id":"https:\/\/www.malinashop.lt\/lt_lt\/shop\/laiseven-hand-soap-candy-fruit-love-skystas-ranku-muilas-saldainiu-ir-vaisiu-kvapo-400-ml\/","url":"https:\/\/www.malinashop.lt\/lt_lt\/shop\/laiseven-hand-soap-candy-fruit-love-skystas-ranku-muilas-saldainiu-ir-vaisiu-kvapo-400-ml\/","name":"LAISEVEN HAND SOAP CANDY FRUIT & LOVE skystas rank\u0173 muilas saldaini\u0173 ir vaisi\u0173 kvapo, 400 ml - MalinaShop.lt J\u016bs\u0173 sveikatai ir gro\u017eiui.","isPartOf":{"@id":"https:\/\/www.malinashop.lt\/en\/#website"},"primaryImageOfPage":{"@id":"https:\/\/www.malinashop.lt\/lt_lt\/shop\/laiseven-hand-soap-candy-fruit-love-skystas-ranku-muilas-saldainiu-ir-vaisiu-kvapo-400-ml\/#primaryimage"},"image":{"@id":"https:\/\/www.malinashop.lt\/lt_lt\/shop\/laiseven-hand-soap-candy-fruit-love-skystas-ranku-muilas-saldainiu-ir-vaisiu-kvapo-400-ml\/#primaryimage"},"thumbnailUrl":"https:\/\/www.malinashop.lt\/wp-content\/uploads\/2024\/11\/LAISEVEN-HAND-SOAP-CANDY-FRUIT-LOVE-skystas-ranku-muilas-saldainiu-ir-vaisiu-kvapo-400-ml.jpg","datePublished":"2024-11-06T12:52:37+00:00","dateModified":"2026-04-08T10:26:39+00:00","breadcrumb":{"@id":"https:\/\/www.malinashop.lt\/lt_lt\/shop\/laiseven-hand-soap-candy-fruit-love-skystas-ranku-muilas-saldainiu-ir-vaisiu-kvapo-400-ml\/#breadcrumb"},"inLanguage":"en-GB","potentialAction":[{"@type":"ReadAction","target":["https:\/\/www.malinashop.lt\/lt_lt\/shop\/laiseven-hand-soap-candy-fruit-love-skystas-ranku-muilas-saldainiu-ir-vaisiu-kvapo-400-ml\/"]}]},{"@type":"ImageObject","inLanguage":"en-GB","@id":"https:\/\/www.malinashop.lt\/lt_lt\/shop\/laiseven-hand-soap-candy-fruit-love-skystas-ranku-muilas-saldainiu-ir-vaisiu-kvapo-400-ml\/#primaryimage","url":"https:\/\/www.malinashop.lt\/wp-content\/uploads\/2024\/11\/LAISEVEN-HAND-SOAP-CANDY-FRUIT-LOVE-skystas-ranku-muilas-saldainiu-ir-vaisiu-kvapo-400-ml.jpg","contentUrl":"https:\/\/www.malinashop.lt\/wp-content\/uploads\/2024\/11\/LAISEVEN-HAND-SOAP-CANDY-FRUIT-LOVE-skystas-ranku-muilas-saldainiu-ir-vaisiu-kvapo-400-ml.jpg","width":1000,"height":1000},{"@type":"BreadcrumbList","@id":"https:\/\/www.malinashop.lt\/lt_lt\/shop\/laiseven-hand-soap-candy-fruit-love-skystas-ranku-muilas-saldainiu-ir-vaisiu-kvapo-400-ml\/#breadcrumb","itemListElement":[{"@type":"ListItem","position":1,"name":"Home","item":"https:\/\/www.malinashop.lt\/en\/"},{"@type":"ListItem","position":2,"name":"Parduotuv\u0117","item":"https:\/\/www.malinashop.lt\/en\/parduotuve\/"},{"@type":"ListItem","position":3,"name":"LAISEVEN HAND SOAP CANDY FRUIT &#038; LOVE skystas rank\u0173 muilas saldaini\u0173 ir vaisi\u0173 kvapo, 400 ml"}]},{"@type":"WebSite","@id":"https:\/\/www.malinashop.lt\/en\/#website","url":"https:\/\/www.malinashop.lt\/en\/","name":"COM Group Ecommerce","description":"MalinaShop.lt - Gro\u017eio ir sveikatos produktai i\u0161 patikim\u0173 preki\u0173 \u017eenkl\u0173. Atraskite auk\u0161tos kokyb\u0117s kosmetik\u0105 u\u017e puiki\u0105 kain\u0105.","publisher":{"@id":"https:\/\/www.malinashop.lt\/en\/#organization"},"potentialAction":[{"@type":"SearchAction","target":{"@type":"EntryPoint","urlTemplate":"https:\/\/www.malinashop.lt\/en\/?s={search_term_string}"},"query-input":{"@type":"PropertyValueSpecification","valueRequired":true,"valueName":"search_term_string"}}],"inLanguage":"en-GB"},{"@type":"Organization","@id":"https:\/\/www.malinashop.lt\/en\/#organization","name":"COM Group Ecommerce","url":"https:\/\/www.malinashop.lt\/en\/","logo":{"@type":"ImageObject","inLanguage":"en-GB","@id":"https:\/\/www.malinashop.lt\/en\/#\/schema\/logo\/image\/","url":"https:\/\/www.malinashop.lt\/wp-content\/uploads\/2024\/08\/462559670_3787732518133670_9795632669273463_n-e1731525914575.png","contentUrl":"https:\/\/www.malinashop.lt\/wp-content\/uploads\/2024\/08\/462559670_3787732518133670_9795632669273463_n-e1731525914575.png","width":180,"height":60,"caption":"COM Group Ecommerce"},"image":{"@id":"https:\/\/www.malinashop.lt\/en\/#\/schema\/logo\/image\/"}}]}},"jetpack_sharing_enabled":true,"_links":{"self":[{"href":"https:\/\/www.malinashop.lt\/en\/wp-json\/wp\/v2\/product\/19805","targetHints":{"allow":["GET"]}}],"collection":[{"href":"https:\/\/www.malinashop.lt\/en\/wp-json\/wp\/v2\/product"}],"about":[{"href":"https:\/\/www.malinashop.lt\/en\/wp-json\/wp\/v2\/types\/product"}],"version-history":[{"count":2,"href":"https:\/\/www.malinashop.lt\/en\/wp-json\/wp\/v2\/product\/19805\/revisions"}],"predecessor-version":[{"id":58615,"href":"https:\/\/www.malinashop.lt\/en\/wp-json\/wp\/v2\/product\/19805\/revisions\/58615"}],"wp:featuredmedia":[{"embeddable":true,"href":"https:\/\/www.malinashop.lt\/en\/wp-json\/wp\/v2\/media\/18563"}],"wp:attachment":[{"href":"https:\/\/www.malinashop.lt\/en\/wp-json\/wp\/v2\/media?parent=19805"}],"wp:term":[{"taxonomy":"product_brand","embeddable":true,"href":"https:\/\/www.malinashop.lt\/en\/wp-json\/wp\/v2\/product_brand?post=19805"},{"taxonomy":"product_cat","embeddable":true,"href":"https:\/\/www.malinashop.lt\/en\/wp-json\/wp\/v2\/product_cat?post=19805"},{"taxonomy":"product_tag","embeddable":true,"href":"https:\/\/www.malinashop.lt\/en\/wp-json\/wp\/v2\/product_tag?post=19805"}],"curies":[{"name":"wp","href":"https:\/\/api.w.org\/{rel}","templated":true}]}}