{"id":19761,"date":"2024-11-06T15:52:33","date_gmt":"2024-11-06T12:52:33","guid":{"rendered":"https:\/\/malinashop.lt\/produktas\/mia-makeup-beauty-blender-drop-blender-makiazo-kempinele-blenderis-1-vnt\/"},"modified":"2026-04-06T19:03:30","modified_gmt":"2026-04-06T16:03:30","slug":"mia-makeup-beauty-blender-drop-blender-makiazo-kempinele-blenderis-1-vnt","status":"publish","type":"product","link":"https:\/\/www.malinashop.lt\/en\/shop\/mia-makeup-beauty-blender-drop-blender-makiazo-kempinele-blenderis-1-vnt\/","title":{"rendered":"MIA MAKEUP BEAUTY BLENDER DROP BLENDER makia\u017eo kempin\u0117l\u0117 blenderis, 1 vnt"},"content":{"rendered":"<p>MIA MAKEUP makia\u017eo kempin\u0117l\u0117 \u2013 blenderis BEAUTY BLENDER DROP BLENDER \u2013 tai tobulo la\u0161o formos kempin\u0117l\u0117, kuri nepalieka joki\u0173 nelygum\u0173. Jos patogi forma leid\u017eia lygiai paskirstyti makia\u017eo produkt\u0105 net ir sunkiai pasiekiamose veido vietose. \u0160i kempin\u0117l\u0117 puikiai tinka ne tik makia\u017eo pagrindo teptukui, bet ir dr\u0117kinan\u010diam kremui ar serumui.<\/p>\n<p>Beauty Blenderiai yra nei\u0161skiriami kiekvienos moters kosmetin\u0117s dalis. Su j\u0173 pagalba lengvai ir nat\u016braliai galite sukurti tobul\u0105 makia\u017e\u0105. \u012esitikinkite patys!<\/p>\n<p>La\u0161o formos kempin\u0117l\u0119 galima naudoti dviem b\u016bdais: apvaliu kempin\u0117l\u0117s galu tepkite skruostams, o smailiu galu idealiai padengsite sunkiai pasiekiamas vietas, tokias kaip kont\u016brai, aki\u0173 ar nosies kampu\u010diai. Visa tai yra esminis makia\u017eo priedas, kur\u012f naudoja viza\u017eistai, siekdami tolygiai paskirstyti makia\u017eo pagrind\u0105, highlighterius ar maskuojam\u0105sias priemones. D\u0117l \u0161velnios ir patogios tekst\u016bros bei ypatingos kempin\u0117s strukt\u016bros, ji idealiai prisitaiko prie veido form\u0173 ir leid\u017eia produkto \u012fsiskverbti \u012f od\u0105 be joki\u0173 problem\u0173. Beauty blenderis tampa vis populiaresnis, leid\u017eiantis greitai ir lengvai pasiekti tobulo makia\u017eo efekt\u0105.<\/p>\n<p>Mia Makeup yra sinonimas auk\u0161tos kokyb\u0117s kosmetikai, kuris sukurtas ir pagamintas Italijoje. \u0160io prek\u0117s \u017eenklo vertyb\u0117s \u2013 meil\u0117 gro\u017eiui, d\u0117mesys detal\u0117ms, aistra, naujov\u0117s ir Made in Italy tradicijos. MIA Makeup \u012fsipareigoj\u0119s teikti tik auk\u0161tos kokyb\u0117s produktus, kurie saug\u016bs j\u016bs\u0173 odai ir aplinkai. Jie naudoja tik grie\u017etai kontroliuojamas ir sertifikuotas sudedam\u0105sias dalis, atitinkan\u010dias ES reglamento reikalavimus. MIA Makeup produktai, pradedant l\u016bp\u0173 da\u017eais ir baigiant blakstien\u0173 tu\u0161ais, yra kruop\u0161\u010diai sukurti atitikti kiekvienos odos tipo ir asmenyb\u0117s poreikius. Tod\u0117l visi j\u0173 produktai yra pagaminti su ypatingu d\u0117mesiu ir r\u016bpes\u010diu d\u0117l smulkmen\u0173, siekiant, kad j\u016bs atrodytum\u0117te nepriekai\u0161tingai!<\/p>\n","protected":false},"excerpt":{"rendered":"<p>MIA MAKEUP makia\u017eo kempin\u0117l\u0117 \u2013 blenderis BEAUTY BLENDER DROP BLENDER \u2013 tai tobulo la\u0161o formos kempin\u0117l\u0117, kuri nepalieka joki\u0173 nelygum\u0173. Jos patogi forma leid\u017eia lygiai paskirstyti makia\u017eo produkt\u0105 net ir sunkiai pasiekiamose veido vietose.<\/p>\n","protected":false},"featured_media":18215,"template":"","meta":[],"product_brand":[522],"product_cat":[102,536,728],"product_tag":[1633],"class_list":{"0":"post-19761","1":"product","2":"type-product","3":"status-publish","4":"has-post-thumbnail","6":"product_brand-mia-makeup","7":"product_cat-dekoratyvine-kosmetika","8":"product_cat-makiazo-kempineles","9":"product_cat-veidui","10":"product_tag-mia-makeup","12":"first","13":"instock","14":"sale","15":"taxable","16":"shipping-taxable","17":"purchasable","18":"product-type-simple"},"yoast_head":"<!-- This site is optimized with the Yoast SEO plugin v27.4 - https:\/\/yoast.com\/product\/yoast-seo-wordpress\/ -->\n<title>MIA MAKEUP BEAUTY BLENDER DROP BLENDER makia\u017eo kempin\u0117l\u0117 blenderis, 1 vnt - MalinaShop.lt J\u016bs\u0173 sveikatai ir gro\u017eiui.<\/title>\n<meta name=\"description\" content=\"MIA MAKEUP makia\u017eo kempin\u0117l\u0117 \u2013 blenderis BEAUTY BLENDER DROP BLENDER \u2013 tai tobulo la\u0161o formos kempin\u0117l\u0117, kuri nepalieka joki\u0173 nelygum\u0173. Jos patogi forma...\" \/>\n<meta name=\"robots\" content=\"index, follow, max-snippet:-1, max-image-preview:large, max-video-preview:-1\" \/>\n<link rel=\"canonical\" href=\"https:\/\/www.malinashop.lt\/en\/shop\/mia-makeup-beauty-blender-drop-blender-makiazo-kempinele-blenderis-1-vnt\/\" \/>\n<meta property=\"og:locale\" content=\"en_GB\" \/>\n<meta property=\"og:type\" content=\"article\" \/>\n<meta property=\"og:title\" content=\"MIA MAKEUP BEAUTY BLENDER DROP BLENDER makia\u017eo kempin\u0117l\u0117 blenderis, 1 vnt - MalinaShop.lt J\u016bs\u0173 sveikatai ir gro\u017eiui.\" \/>\n<meta property=\"og:description\" content=\"MIA MAKEUP makia\u017eo kempin\u0117l\u0117 \u2013 blenderis BEAUTY BLENDER DROP BLENDER \u2013 tai tobulo la\u0161o formos kempin\u0117l\u0117, kuri nepalieka joki\u0173 nelygum\u0173. Jos patogi forma...\" \/>\n<meta property=\"og:url\" content=\"https:\/\/www.malinashop.lt\/en\/shop\/mia-makeup-beauty-blender-drop-blender-makiazo-kempinele-blenderis-1-vnt\/\" \/>\n<meta property=\"og:site_name\" content=\"MalinaShop.lt J\u016bs\u0173 sveikatai ir gro\u017eiui.\" \/>\n<meta property=\"article:modified_time\" content=\"2026-04-06T16:03:30+00:00\" \/>\n<meta property=\"og:image\" content=\"https:\/\/www.malinashop.lt\/wp-content\/uploads\/2024\/11\/MIA-MAKEUP-BEAUTY-BLENDER-DROP-BLENDER-makiazo-kempinele-blenderis-1-vnt.jpg\" \/>\n\t<meta property=\"og:image:width\" content=\"1000\" \/>\n\t<meta property=\"og:image:height\" content=\"1000\" \/>\n\t<meta property=\"og:image:type\" content=\"image\/jpeg\" \/>\n<meta name=\"twitter:card\" content=\"summary_large_image\" \/>\n<script type=\"application\/ld+json\" class=\"yoast-schema-graph\">{\"@context\":\"https:\\\/\\\/schema.org\",\"@graph\":[{\"@type\":\"WebPage\",\"@id\":\"https:\\\/\\\/www.malinashop.lt\\\/en\\\/shop\\\/mia-makeup-beauty-blender-drop-blender-makiazo-kempinele-blenderis-1-vnt\\\/\",\"url\":\"https:\\\/\\\/www.malinashop.lt\\\/en\\\/shop\\\/mia-makeup-beauty-blender-drop-blender-makiazo-kempinele-blenderis-1-vnt\\\/\",\"name\":\"MIA MAKEUP BEAUTY BLENDER DROP BLENDER makia\u017eo kempin\u0117l\u0117 blenderis, 1 vnt - MalinaShop.lt J\u016bs\u0173 sveikatai ir gro\u017eiui.\",\"isPartOf\":{\"@id\":\"https:\\\/\\\/www.malinashop.lt\\\/en\\\/#website\"},\"primaryImageOfPage\":{\"@id\":\"https:\\\/\\\/www.malinashop.lt\\\/en\\\/shop\\\/mia-makeup-beauty-blender-drop-blender-makiazo-kempinele-blenderis-1-vnt\\\/#primaryimage\"},\"image\":{\"@id\":\"https:\\\/\\\/www.malinashop.lt\\\/en\\\/shop\\\/mia-makeup-beauty-blender-drop-blender-makiazo-kempinele-blenderis-1-vnt\\\/#primaryimage\"},\"thumbnailUrl\":\"https:\\\/\\\/www.malinashop.lt\\\/wp-content\\\/uploads\\\/2024\\\/11\\\/MIA-MAKEUP-BEAUTY-BLENDER-DROP-BLENDER-makiazo-kempinele-blenderis-1-vnt.jpg\",\"datePublished\":\"2024-11-06T12:52:33+00:00\",\"dateModified\":\"2026-04-06T16:03:30+00:00\",\"description\":\"MIA MAKEUP makia\u017eo kempin\u0117l\u0117 \u2013 blenderis BEAUTY BLENDER DROP BLENDER \u2013 tai tobulo la\u0161o formos kempin\u0117l\u0117, kuri nepalieka joki\u0173 nelygum\u0173. Jos patogi forma...\",\"breadcrumb\":{\"@id\":\"https:\\\/\\\/www.malinashop.lt\\\/en\\\/shop\\\/mia-makeup-beauty-blender-drop-blender-makiazo-kempinele-blenderis-1-vnt\\\/#breadcrumb\"},\"inLanguage\":\"en-GB\",\"potentialAction\":[{\"@type\":\"ReadAction\",\"target\":[\"https:\\\/\\\/www.malinashop.lt\\\/en\\\/shop\\\/mia-makeup-beauty-blender-drop-blender-makiazo-kempinele-blenderis-1-vnt\\\/\"]}]},{\"@type\":\"ImageObject\",\"inLanguage\":\"en-GB\",\"@id\":\"https:\\\/\\\/www.malinashop.lt\\\/en\\\/shop\\\/mia-makeup-beauty-blender-drop-blender-makiazo-kempinele-blenderis-1-vnt\\\/#primaryimage\",\"url\":\"https:\\\/\\\/www.malinashop.lt\\\/wp-content\\\/uploads\\\/2024\\\/11\\\/MIA-MAKEUP-BEAUTY-BLENDER-DROP-BLENDER-makiazo-kempinele-blenderis-1-vnt.jpg\",\"contentUrl\":\"https:\\\/\\\/www.malinashop.lt\\\/wp-content\\\/uploads\\\/2024\\\/11\\\/MIA-MAKEUP-BEAUTY-BLENDER-DROP-BLENDER-makiazo-kempinele-blenderis-1-vnt.jpg\",\"width\":1000,\"height\":1000},{\"@type\":\"BreadcrumbList\",\"@id\":\"https:\\\/\\\/www.malinashop.lt\\\/en\\\/shop\\\/mia-makeup-beauty-blender-drop-blender-makiazo-kempinele-blenderis-1-vnt\\\/#breadcrumb\",\"itemListElement\":[{\"@type\":\"ListItem\",\"position\":1,\"name\":\"Home\",\"item\":\"https:\\\/\\\/www.malinashop.lt\\\/en\\\/\"},{\"@type\":\"ListItem\",\"position\":2,\"name\":\"Parduotuv\u0117\",\"item\":\"https:\\\/\\\/www.malinashop.lt\\\/en\\\/parduotuve\\\/\"},{\"@type\":\"ListItem\",\"position\":3,\"name\":\"MIA MAKEUP BEAUTY BLENDER DROP BLENDER makia\u017eo kempin\u0117l\u0117 blenderis, 1 vnt\"}]},{\"@type\":\"WebSite\",\"@id\":\"https:\\\/\\\/www.malinashop.lt\\\/en\\\/#website\",\"url\":\"https:\\\/\\\/www.malinashop.lt\\\/en\\\/\",\"name\":\"COM Group Ecommerce\",\"description\":\"MalinaShop.lt - Gro\u017eio ir sveikatos produktai i\u0161 patikim\u0173 preki\u0173 \u017eenkl\u0173. Atraskite auk\u0161tos kokyb\u0117s kosmetik\u0105 u\u017e puiki\u0105 kain\u0105.\",\"publisher\":{\"@id\":\"https:\\\/\\\/www.malinashop.lt\\\/en\\\/#organization\"},\"potentialAction\":[{\"@type\":\"SearchAction\",\"target\":{\"@type\":\"EntryPoint\",\"urlTemplate\":\"https:\\\/\\\/www.malinashop.lt\\\/en\\\/?s={search_term_string}\"},\"query-input\":{\"@type\":\"PropertyValueSpecification\",\"valueRequired\":true,\"valueName\":\"search_term_string\"}}],\"inLanguage\":\"en-GB\"},{\"@type\":\"Organization\",\"@id\":\"https:\\\/\\\/www.malinashop.lt\\\/en\\\/#organization\",\"name\":\"COM Group Ecommerce\",\"url\":\"https:\\\/\\\/www.malinashop.lt\\\/en\\\/\",\"logo\":{\"@type\":\"ImageObject\",\"inLanguage\":\"en-GB\",\"@id\":\"https:\\\/\\\/www.malinashop.lt\\\/en\\\/#\\\/schema\\\/logo\\\/image\\\/\",\"url\":\"https:\\\/\\\/www.malinashop.lt\\\/wp-content\\\/uploads\\\/2024\\\/08\\\/462559670_3787732518133670_9795632669273463_n-e1731525914575.png\",\"contentUrl\":\"https:\\\/\\\/www.malinashop.lt\\\/wp-content\\\/uploads\\\/2024\\\/08\\\/462559670_3787732518133670_9795632669273463_n-e1731525914575.png\",\"width\":180,\"height\":60,\"caption\":\"COM Group Ecommerce\"},\"image\":{\"@id\":\"https:\\\/\\\/www.malinashop.lt\\\/en\\\/#\\\/schema\\\/logo\\\/image\\\/\"}}]}<\/script>\n<!-- \/ Yoast SEO plugin. -->","yoast_head_json":{"title":"MIA MAKEUP BEAUTY BLENDER DROP BLENDER makia\u017eo kempin\u0117l\u0117 blenderis, 1 vnt - MalinaShop.lt J\u016bs\u0173 sveikatai ir gro\u017eiui.","description":"MIA MAKEUP makia\u017eo kempin\u0117l\u0117 \u2013 blenderis BEAUTY BLENDER DROP BLENDER \u2013 tai tobulo la\u0161o formos kempin\u0117l\u0117, kuri nepalieka joki\u0173 nelygum\u0173. Jos patogi forma...","robots":{"index":"index","follow":"follow","max-snippet":"max-snippet:-1","max-image-preview":"max-image-preview:large","max-video-preview":"max-video-preview:-1"},"canonical":"https:\/\/www.malinashop.lt\/en\/shop\/mia-makeup-beauty-blender-drop-blender-makiazo-kempinele-blenderis-1-vnt\/","og_locale":"en_GB","og_type":"article","og_title":"MIA MAKEUP BEAUTY BLENDER DROP BLENDER makia\u017eo kempin\u0117l\u0117 blenderis, 1 vnt - MalinaShop.lt J\u016bs\u0173 sveikatai ir gro\u017eiui.","og_description":"MIA MAKEUP makia\u017eo kempin\u0117l\u0117 \u2013 blenderis BEAUTY BLENDER DROP BLENDER \u2013 tai tobulo la\u0161o formos kempin\u0117l\u0117, kuri nepalieka joki\u0173 nelygum\u0173. Jos patogi forma...","og_url":"https:\/\/www.malinashop.lt\/en\/shop\/mia-makeup-beauty-blender-drop-blender-makiazo-kempinele-blenderis-1-vnt\/","og_site_name":"MalinaShop.lt J\u016bs\u0173 sveikatai ir gro\u017eiui.","article_modified_time":"2026-04-06T16:03:30+00:00","og_image":[{"width":1000,"height":1000,"url":"https:\/\/www.malinashop.lt\/wp-content\/uploads\/2024\/11\/MIA-MAKEUP-BEAUTY-BLENDER-DROP-BLENDER-makiazo-kempinele-blenderis-1-vnt.jpg","type":"image\/jpeg"}],"twitter_card":"summary_large_image","schema":{"@context":"https:\/\/schema.org","@graph":[{"@type":"WebPage","@id":"https:\/\/www.malinashop.lt\/en\/shop\/mia-makeup-beauty-blender-drop-blender-makiazo-kempinele-blenderis-1-vnt\/","url":"https:\/\/www.malinashop.lt\/en\/shop\/mia-makeup-beauty-blender-drop-blender-makiazo-kempinele-blenderis-1-vnt\/","name":"MIA MAKEUP BEAUTY BLENDER DROP BLENDER makia\u017eo kempin\u0117l\u0117 blenderis, 1 vnt - MalinaShop.lt J\u016bs\u0173 sveikatai ir gro\u017eiui.","isPartOf":{"@id":"https:\/\/www.malinashop.lt\/en\/#website"},"primaryImageOfPage":{"@id":"https:\/\/www.malinashop.lt\/en\/shop\/mia-makeup-beauty-blender-drop-blender-makiazo-kempinele-blenderis-1-vnt\/#primaryimage"},"image":{"@id":"https:\/\/www.malinashop.lt\/en\/shop\/mia-makeup-beauty-blender-drop-blender-makiazo-kempinele-blenderis-1-vnt\/#primaryimage"},"thumbnailUrl":"https:\/\/www.malinashop.lt\/wp-content\/uploads\/2024\/11\/MIA-MAKEUP-BEAUTY-BLENDER-DROP-BLENDER-makiazo-kempinele-blenderis-1-vnt.jpg","datePublished":"2024-11-06T12:52:33+00:00","dateModified":"2026-04-06T16:03:30+00:00","description":"MIA MAKEUP makia\u017eo kempin\u0117l\u0117 \u2013 blenderis BEAUTY BLENDER DROP BLENDER \u2013 tai tobulo la\u0161o formos kempin\u0117l\u0117, kuri nepalieka joki\u0173 nelygum\u0173. Jos patogi forma...","breadcrumb":{"@id":"https:\/\/www.malinashop.lt\/en\/shop\/mia-makeup-beauty-blender-drop-blender-makiazo-kempinele-blenderis-1-vnt\/#breadcrumb"},"inLanguage":"en-GB","potentialAction":[{"@type":"ReadAction","target":["https:\/\/www.malinashop.lt\/en\/shop\/mia-makeup-beauty-blender-drop-blender-makiazo-kempinele-blenderis-1-vnt\/"]}]},{"@type":"ImageObject","inLanguage":"en-GB","@id":"https:\/\/www.malinashop.lt\/en\/shop\/mia-makeup-beauty-blender-drop-blender-makiazo-kempinele-blenderis-1-vnt\/#primaryimage","url":"https:\/\/www.malinashop.lt\/wp-content\/uploads\/2024\/11\/MIA-MAKEUP-BEAUTY-BLENDER-DROP-BLENDER-makiazo-kempinele-blenderis-1-vnt.jpg","contentUrl":"https:\/\/www.malinashop.lt\/wp-content\/uploads\/2024\/11\/MIA-MAKEUP-BEAUTY-BLENDER-DROP-BLENDER-makiazo-kempinele-blenderis-1-vnt.jpg","width":1000,"height":1000},{"@type":"BreadcrumbList","@id":"https:\/\/www.malinashop.lt\/en\/shop\/mia-makeup-beauty-blender-drop-blender-makiazo-kempinele-blenderis-1-vnt\/#breadcrumb","itemListElement":[{"@type":"ListItem","position":1,"name":"Home","item":"https:\/\/www.malinashop.lt\/en\/"},{"@type":"ListItem","position":2,"name":"Parduotuv\u0117","item":"https:\/\/www.malinashop.lt\/en\/parduotuve\/"},{"@type":"ListItem","position":3,"name":"MIA MAKEUP BEAUTY BLENDER DROP BLENDER makia\u017eo kempin\u0117l\u0117 blenderis, 1 vnt"}]},{"@type":"WebSite","@id":"https:\/\/www.malinashop.lt\/en\/#website","url":"https:\/\/www.malinashop.lt\/en\/","name":"COM Group Ecommerce","description":"MalinaShop.lt - Gro\u017eio ir sveikatos produktai i\u0161 patikim\u0173 preki\u0173 \u017eenkl\u0173. Atraskite auk\u0161tos kokyb\u0117s kosmetik\u0105 u\u017e puiki\u0105 kain\u0105.","publisher":{"@id":"https:\/\/www.malinashop.lt\/en\/#organization"},"potentialAction":[{"@type":"SearchAction","target":{"@type":"EntryPoint","urlTemplate":"https:\/\/www.malinashop.lt\/en\/?s={search_term_string}"},"query-input":{"@type":"PropertyValueSpecification","valueRequired":true,"valueName":"search_term_string"}}],"inLanguage":"en-GB"},{"@type":"Organization","@id":"https:\/\/www.malinashop.lt\/en\/#organization","name":"COM Group Ecommerce","url":"https:\/\/www.malinashop.lt\/en\/","logo":{"@type":"ImageObject","inLanguage":"en-GB","@id":"https:\/\/www.malinashop.lt\/en\/#\/schema\/logo\/image\/","url":"https:\/\/www.malinashop.lt\/wp-content\/uploads\/2024\/08\/462559670_3787732518133670_9795632669273463_n-e1731525914575.png","contentUrl":"https:\/\/www.malinashop.lt\/wp-content\/uploads\/2024\/08\/462559670_3787732518133670_9795632669273463_n-e1731525914575.png","width":180,"height":60,"caption":"COM Group Ecommerce"},"image":{"@id":"https:\/\/www.malinashop.lt\/en\/#\/schema\/logo\/image\/"}}]}},"jetpack_sharing_enabled":true,"_links":{"self":[{"href":"https:\/\/www.malinashop.lt\/en\/wp-json\/wp\/v2\/product\/19761","targetHints":{"allow":["GET"]}}],"collection":[{"href":"https:\/\/www.malinashop.lt\/en\/wp-json\/wp\/v2\/product"}],"about":[{"href":"https:\/\/www.malinashop.lt\/en\/wp-json\/wp\/v2\/types\/product"}],"version-history":[{"count":2,"href":"https:\/\/www.malinashop.lt\/en\/wp-json\/wp\/v2\/product\/19761\/revisions"}],"predecessor-version":[{"id":76291,"href":"https:\/\/www.malinashop.lt\/en\/wp-json\/wp\/v2\/product\/19761\/revisions\/76291"}],"wp:featuredmedia":[{"embeddable":true,"href":"https:\/\/www.malinashop.lt\/en\/wp-json\/wp\/v2\/media\/18215"}],"wp:attachment":[{"href":"https:\/\/www.malinashop.lt\/en\/wp-json\/wp\/v2\/media?parent=19761"}],"wp:term":[{"taxonomy":"product_brand","embeddable":true,"href":"https:\/\/www.malinashop.lt\/en\/wp-json\/wp\/v2\/product_brand?post=19761"},{"taxonomy":"product_cat","embeddable":true,"href":"https:\/\/www.malinashop.lt\/en\/wp-json\/wp\/v2\/product_cat?post=19761"},{"taxonomy":"product_tag","embeddable":true,"href":"https:\/\/www.malinashop.lt\/en\/wp-json\/wp\/v2\/product_tag?post=19761"}],"curies":[{"name":"wp","href":"https:\/\/api.w.org\/{rel}","templated":true}]}}