{"id":19757,"date":"2024-11-06T15:52:33","date_gmt":"2024-11-06T12:52:33","guid":{"rendered":"https:\/\/malinashop.lt\/produktas\/mia-makeup-beauty-blender-cutted-drop-blender-makiazo-kempinele-blenderis-1-vnt\/"},"modified":"2026-04-06T19:03:29","modified_gmt":"2026-04-06T16:03:29","slug":"mia-makeup-beauty-blender-cutted-drop-blender-makiazo-kempinele-blenderis-1-vnt","status":"publish","type":"product","link":"https:\/\/www.malinashop.lt\/en\/shop\/mia-makeup-beauty-blender-cutted-drop-blender-makiazo-kempinele-blenderis-1-vnt\/","title":{"rendered":"MIA MAKEUP BEAUTY BLENDER CUTTED DROP BLENDER makia\u017eo kempin\u0117l\u0117 blenderis, 1 vnt"},"content":{"rendered":"<p>MIA MAKEUP makia\u017eo kempin\u0117l\u0117 blenderis BEAUTY BLENDER CUTTED DROP BLENDER, kuris be latekso, yra idealus \u012frankis makia\u017eo pagrindo teptimui. Jo \u0161velni tekst\u016bra u\u017etikrina patog\u0173 ir efektyv\u0173 darb\u0105. \u0160ios kempin\u0117l\u0117s unikali strukt\u016bra leid\u017eia tinkamai \u012fsisavinti makia\u017eo produkt\u0105 ir subalansuotai paskirstyti ant odos. Nuo\u017eulnus blenderis puikiai paskirsto pagrind\u0105 tolygiai, neleisdamas susidaryti d\u0117mi\u0173 ar dry\u017ei\u0173, tod\u0117l tepimas yra greitas ir lengvas, puikiai tinka kasdieniam makia\u017eui arba profesionaliam viza\u017eistui.<\/p>\n<p>Specialus smailus galas padeda pasiekti sunkiausias veido vietas ir padengti nedidelius netobulumus, o speciali \u012fgaubta forma idealiai tinka veido kont\u016brams nubr\u0117\u017eti. Suapvalinti \u0161onai puikiai tinka pagrindo paskirstymui veido likusioje dalyje. Plok\u0161\u010dioji pus\u0117 leid\u017eia \u012fstri\u017eai tepti pagrind\u0105 ir maskuokl\u012f sunkiai pasiekiamose vietose, pavyzd\u017eiui, nosies kampu\u010diuose, l\u016bp\u0173 kont\u016bruose, ar antaki\u0173 linijose. \u012egaubta kempin\u0117l\u0117s pus\u0117 leid\u017eia lengvai tepti pagrind\u0105 ant smakro, \u017eandikauli\u0173 ir skruostikauli\u0173, taip pat tepti skystus ar kreminius skaistalus, pad\u0117dama apibr\u0117\u017eti skruostikaulius ir \u017eandikauli\u0173 linijas.<\/p>\n<p>Mia Makeup yra auk\u0161tos kokyb\u0117s kosmetikos sinonimas, sukurta ir pagaminta Italijoje. Prek\u0117s \u017eenklo vertyb\u0117s: meil\u0117 gro\u017eiui, d\u0117mesys detal\u0117ms, aistra, naujov\u0117s ir Made in Italy tradicijos.<\/p>\n<p>Prek\u0117s \u017eenklas \u012fsipareigoj\u0119s teikti tik auk\u0161tos kokyb\u0117s produktus, kurie tausos j\u016bs\u0173 od\u0105 ir aplink\u0105, naudodamas tik grie\u017etus kontrol\u0117s ir sertifikavimo procesus, kad atitikt\u0173 ES reglamento standartus.<\/p>\n","protected":false},"excerpt":{"rendered":"<p>MIA MAKEUP makia\u017eo kempin\u0117l\u0117 blenderis BEAUTY BLENDER CUTTED DROP BLENDER, kuris be latekso, yra idealus \u012frankis makia\u017eo pagrindo teptimui. Jo \u0161velni tekst\u016bra u\u017etikrina patog\u0173 ir efektyv\u0173 darb\u0105.<\/p>\n","protected":false},"featured_media":18214,"template":"","meta":[],"product_brand":[522],"product_cat":[102,536],"product_tag":[1633],"class_list":{"0":"post-19757","1":"product","2":"type-product","3":"status-publish","4":"has-post-thumbnail","6":"product_brand-mia-makeup","7":"product_cat-dekoratyvine-kosmetika","8":"product_cat-makiazo-kempineles","9":"product_tag-mia-makeup","11":"first","12":"instock","13":"sale","14":"taxable","15":"shipping-taxable","16":"purchasable","17":"product-type-simple"},"yoast_head":"<!-- This site is optimized with the Yoast SEO plugin v27.4 - https:\/\/yoast.com\/product\/yoast-seo-wordpress\/ -->\n<title>MIA MAKEUP BEAUTY BLENDER CUTTED DROP BLENDER makia\u017eo kempin\u0117l\u0117 blenderis, 1 vnt - MalinaShop.lt J\u016bs\u0173 sveikatai ir gro\u017eiui.<\/title>\n<meta name=\"description\" content=\"MIA MAKEUP makia\u017eo kempin\u0117l\u0117 blenderis BEAUTY BLENDER CUTTED DROP BLENDER, kuris be latekso, yra idealus \u012frankis makia\u017eo pagrindo teptimui. Jo \u0161velni...\" \/>\n<meta name=\"robots\" content=\"index, follow, max-snippet:-1, max-image-preview:large, max-video-preview:-1\" \/>\n<link rel=\"canonical\" href=\"https:\/\/www.malinashop.lt\/en\/shop\/mia-makeup-beauty-blender-cutted-drop-blender-makiazo-kempinele-blenderis-1-vnt\/\" \/>\n<meta property=\"og:locale\" content=\"en_GB\" \/>\n<meta property=\"og:type\" content=\"article\" \/>\n<meta property=\"og:title\" content=\"MIA MAKEUP BEAUTY BLENDER CUTTED DROP BLENDER makia\u017eo kempin\u0117l\u0117 blenderis, 1 vnt - MalinaShop.lt J\u016bs\u0173 sveikatai ir gro\u017eiui.\" \/>\n<meta property=\"og:description\" content=\"MIA MAKEUP makia\u017eo kempin\u0117l\u0117 blenderis BEAUTY BLENDER CUTTED DROP BLENDER, kuris be latekso, yra idealus \u012frankis makia\u017eo pagrindo teptimui. Jo \u0161velni...\" \/>\n<meta property=\"og:url\" content=\"https:\/\/www.malinashop.lt\/en\/shop\/mia-makeup-beauty-blender-cutted-drop-blender-makiazo-kempinele-blenderis-1-vnt\/\" \/>\n<meta property=\"og:site_name\" content=\"MalinaShop.lt J\u016bs\u0173 sveikatai ir gro\u017eiui.\" \/>\n<meta property=\"article:modified_time\" content=\"2026-04-06T16:03:29+00:00\" \/>\n<meta property=\"og:image\" content=\"https:\/\/www.malinashop.lt\/wp-content\/uploads\/2024\/11\/MIA-MAKEUP-BEAUTY-BLENDER-CUTTED-DROP-BLENDER-makiazo-kempinele-blenderis-1-vnt.jpg\" \/>\n\t<meta property=\"og:image:width\" content=\"1000\" \/>\n\t<meta property=\"og:image:height\" content=\"1000\" \/>\n\t<meta property=\"og:image:type\" content=\"image\/jpeg\" \/>\n<meta name=\"twitter:card\" content=\"summary_large_image\" \/>\n<script type=\"application\/ld+json\" class=\"yoast-schema-graph\">{\"@context\":\"https:\\\/\\\/schema.org\",\"@graph\":[{\"@type\":\"WebPage\",\"@id\":\"https:\\\/\\\/www.malinashop.lt\\\/en\\\/shop\\\/mia-makeup-beauty-blender-cutted-drop-blender-makiazo-kempinele-blenderis-1-vnt\\\/\",\"url\":\"https:\\\/\\\/www.malinashop.lt\\\/en\\\/shop\\\/mia-makeup-beauty-blender-cutted-drop-blender-makiazo-kempinele-blenderis-1-vnt\\\/\",\"name\":\"MIA MAKEUP BEAUTY BLENDER CUTTED DROP BLENDER makia\u017eo kempin\u0117l\u0117 blenderis, 1 vnt - MalinaShop.lt J\u016bs\u0173 sveikatai ir gro\u017eiui.\",\"isPartOf\":{\"@id\":\"https:\\\/\\\/www.malinashop.lt\\\/#website\"},\"primaryImageOfPage\":{\"@id\":\"https:\\\/\\\/www.malinashop.lt\\\/en\\\/shop\\\/mia-makeup-beauty-blender-cutted-drop-blender-makiazo-kempinele-blenderis-1-vnt\\\/#primaryimage\"},\"image\":{\"@id\":\"https:\\\/\\\/www.malinashop.lt\\\/en\\\/shop\\\/mia-makeup-beauty-blender-cutted-drop-blender-makiazo-kempinele-blenderis-1-vnt\\\/#primaryimage\"},\"thumbnailUrl\":\"https:\\\/\\\/www.malinashop.lt\\\/wp-content\\\/uploads\\\/2024\\\/11\\\/MIA-MAKEUP-BEAUTY-BLENDER-CUTTED-DROP-BLENDER-makiazo-kempinele-blenderis-1-vnt.jpg\",\"datePublished\":\"2024-11-06T12:52:33+00:00\",\"dateModified\":\"2026-04-06T16:03:29+00:00\",\"description\":\"MIA MAKEUP makia\u017eo kempin\u0117l\u0117 blenderis BEAUTY BLENDER CUTTED DROP BLENDER, kuris be latekso, yra idealus \u012frankis makia\u017eo pagrindo teptimui. Jo \u0161velni...\",\"breadcrumb\":{\"@id\":\"https:\\\/\\\/www.malinashop.lt\\\/en\\\/shop\\\/mia-makeup-beauty-blender-cutted-drop-blender-makiazo-kempinele-blenderis-1-vnt\\\/#breadcrumb\"},\"inLanguage\":\"en-GB\",\"potentialAction\":[{\"@type\":\"ReadAction\",\"target\":[\"https:\\\/\\\/www.malinashop.lt\\\/en\\\/shop\\\/mia-makeup-beauty-blender-cutted-drop-blender-makiazo-kempinele-blenderis-1-vnt\\\/\"]}]},{\"@type\":\"ImageObject\",\"inLanguage\":\"en-GB\",\"@id\":\"https:\\\/\\\/www.malinashop.lt\\\/en\\\/shop\\\/mia-makeup-beauty-blender-cutted-drop-blender-makiazo-kempinele-blenderis-1-vnt\\\/#primaryimage\",\"url\":\"https:\\\/\\\/www.malinashop.lt\\\/wp-content\\\/uploads\\\/2024\\\/11\\\/MIA-MAKEUP-BEAUTY-BLENDER-CUTTED-DROP-BLENDER-makiazo-kempinele-blenderis-1-vnt.jpg\",\"contentUrl\":\"https:\\\/\\\/www.malinashop.lt\\\/wp-content\\\/uploads\\\/2024\\\/11\\\/MIA-MAKEUP-BEAUTY-BLENDER-CUTTED-DROP-BLENDER-makiazo-kempinele-blenderis-1-vnt.jpg\",\"width\":1000,\"height\":1000},{\"@type\":\"BreadcrumbList\",\"@id\":\"https:\\\/\\\/www.malinashop.lt\\\/en\\\/shop\\\/mia-makeup-beauty-blender-cutted-drop-blender-makiazo-kempinele-blenderis-1-vnt\\\/#breadcrumb\",\"itemListElement\":[{\"@type\":\"ListItem\",\"position\":1,\"name\":\"Pagrindinis\",\"item\":\"https:\\\/\\\/www.malinashop.lt\\\/\"},{\"@type\":\"ListItem\",\"position\":2,\"name\":\"Parduotuv\u0117\",\"item\":\"https:\\\/\\\/www.malinashop.lt\\\/en\\\/parduotuve\\\/\"},{\"@type\":\"ListItem\",\"position\":3,\"name\":\"MIA MAKEUP BEAUTY BLENDER CUTTED DROP BLENDER makia\u017eo kempin\u0117l\u0117 blenderis, 1 vnt\"}]},{\"@type\":\"WebSite\",\"@id\":\"https:\\\/\\\/www.malinashop.lt\\\/#website\",\"url\":\"https:\\\/\\\/www.malinashop.lt\\\/\",\"name\":\"COM Group Ecommerce\",\"description\":\"MalinaShop.lt - Gro\u017eio ir sveikatos produktai i\u0161 patikim\u0173 preki\u0173 \u017eenkl\u0173. Atraskite auk\u0161tos kokyb\u0117s kosmetik\u0105 u\u017e puiki\u0105 kain\u0105.\",\"publisher\":{\"@id\":\"https:\\\/\\\/www.malinashop.lt\\\/#organization\"},\"potentialAction\":[{\"@type\":\"SearchAction\",\"target\":{\"@type\":\"EntryPoint\",\"urlTemplate\":\"https:\\\/\\\/www.malinashop.lt\\\/?s={search_term_string}\"},\"query-input\":{\"@type\":\"PropertyValueSpecification\",\"valueRequired\":true,\"valueName\":\"search_term_string\"}}],\"inLanguage\":\"en-GB\"},{\"@type\":\"Organization\",\"@id\":\"https:\\\/\\\/www.malinashop.lt\\\/#organization\",\"name\":\"COM Group Ecommerce\",\"url\":\"https:\\\/\\\/www.malinashop.lt\\\/\",\"logo\":{\"@type\":\"ImageObject\",\"inLanguage\":\"en-GB\",\"@id\":\"https:\\\/\\\/www.malinashop.lt\\\/#\\\/schema\\\/logo\\\/image\\\/\",\"url\":\"https:\\\/\\\/www.malinashop.lt\\\/wp-content\\\/uploads\\\/2024\\\/08\\\/462559670_3787732518133670_9795632669273463_n-e1731525914575.png\",\"contentUrl\":\"https:\\\/\\\/www.malinashop.lt\\\/wp-content\\\/uploads\\\/2024\\\/08\\\/462559670_3787732518133670_9795632669273463_n-e1731525914575.png\",\"width\":180,\"height\":60,\"caption\":\"COM Group Ecommerce\"},\"image\":{\"@id\":\"https:\\\/\\\/www.malinashop.lt\\\/#\\\/schema\\\/logo\\\/image\\\/\"}}]}<\/script>\n<!-- \/ Yoast SEO plugin. -->","yoast_head_json":{"title":"MIA MAKEUP BEAUTY BLENDER CUTTED DROP BLENDER makia\u017eo kempin\u0117l\u0117 blenderis, 1 vnt - MalinaShop.lt J\u016bs\u0173 sveikatai ir gro\u017eiui.","description":"MIA MAKEUP makia\u017eo kempin\u0117l\u0117 blenderis BEAUTY BLENDER CUTTED DROP BLENDER, kuris be latekso, yra idealus \u012frankis makia\u017eo pagrindo teptimui. Jo \u0161velni...","robots":{"index":"index","follow":"follow","max-snippet":"max-snippet:-1","max-image-preview":"max-image-preview:large","max-video-preview":"max-video-preview:-1"},"canonical":"https:\/\/www.malinashop.lt\/en\/shop\/mia-makeup-beauty-blender-cutted-drop-blender-makiazo-kempinele-blenderis-1-vnt\/","og_locale":"en_GB","og_type":"article","og_title":"MIA MAKEUP BEAUTY BLENDER CUTTED DROP BLENDER makia\u017eo kempin\u0117l\u0117 blenderis, 1 vnt - MalinaShop.lt J\u016bs\u0173 sveikatai ir gro\u017eiui.","og_description":"MIA MAKEUP makia\u017eo kempin\u0117l\u0117 blenderis BEAUTY BLENDER CUTTED DROP BLENDER, kuris be latekso, yra idealus \u012frankis makia\u017eo pagrindo teptimui. Jo \u0161velni...","og_url":"https:\/\/www.malinashop.lt\/en\/shop\/mia-makeup-beauty-blender-cutted-drop-blender-makiazo-kempinele-blenderis-1-vnt\/","og_site_name":"MalinaShop.lt J\u016bs\u0173 sveikatai ir gro\u017eiui.","article_modified_time":"2026-04-06T16:03:29+00:00","og_image":[{"width":1000,"height":1000,"url":"https:\/\/www.malinashop.lt\/wp-content\/uploads\/2024\/11\/MIA-MAKEUP-BEAUTY-BLENDER-CUTTED-DROP-BLENDER-makiazo-kempinele-blenderis-1-vnt.jpg","type":"image\/jpeg"}],"twitter_card":"summary_large_image","schema":{"@context":"https:\/\/schema.org","@graph":[{"@type":"WebPage","@id":"https:\/\/www.malinashop.lt\/en\/shop\/mia-makeup-beauty-blender-cutted-drop-blender-makiazo-kempinele-blenderis-1-vnt\/","url":"https:\/\/www.malinashop.lt\/en\/shop\/mia-makeup-beauty-blender-cutted-drop-blender-makiazo-kempinele-blenderis-1-vnt\/","name":"MIA MAKEUP BEAUTY BLENDER CUTTED DROP BLENDER makia\u017eo kempin\u0117l\u0117 blenderis, 1 vnt - MalinaShop.lt J\u016bs\u0173 sveikatai ir gro\u017eiui.","isPartOf":{"@id":"https:\/\/www.malinashop.lt\/#website"},"primaryImageOfPage":{"@id":"https:\/\/www.malinashop.lt\/en\/shop\/mia-makeup-beauty-blender-cutted-drop-blender-makiazo-kempinele-blenderis-1-vnt\/#primaryimage"},"image":{"@id":"https:\/\/www.malinashop.lt\/en\/shop\/mia-makeup-beauty-blender-cutted-drop-blender-makiazo-kempinele-blenderis-1-vnt\/#primaryimage"},"thumbnailUrl":"https:\/\/www.malinashop.lt\/wp-content\/uploads\/2024\/11\/MIA-MAKEUP-BEAUTY-BLENDER-CUTTED-DROP-BLENDER-makiazo-kempinele-blenderis-1-vnt.jpg","datePublished":"2024-11-06T12:52:33+00:00","dateModified":"2026-04-06T16:03:29+00:00","description":"MIA MAKEUP makia\u017eo kempin\u0117l\u0117 blenderis BEAUTY BLENDER CUTTED DROP BLENDER, kuris be latekso, yra idealus \u012frankis makia\u017eo pagrindo teptimui. Jo \u0161velni...","breadcrumb":{"@id":"https:\/\/www.malinashop.lt\/en\/shop\/mia-makeup-beauty-blender-cutted-drop-blender-makiazo-kempinele-blenderis-1-vnt\/#breadcrumb"},"inLanguage":"en-GB","potentialAction":[{"@type":"ReadAction","target":["https:\/\/www.malinashop.lt\/en\/shop\/mia-makeup-beauty-blender-cutted-drop-blender-makiazo-kempinele-blenderis-1-vnt\/"]}]},{"@type":"ImageObject","inLanguage":"en-GB","@id":"https:\/\/www.malinashop.lt\/en\/shop\/mia-makeup-beauty-blender-cutted-drop-blender-makiazo-kempinele-blenderis-1-vnt\/#primaryimage","url":"https:\/\/www.malinashop.lt\/wp-content\/uploads\/2024\/11\/MIA-MAKEUP-BEAUTY-BLENDER-CUTTED-DROP-BLENDER-makiazo-kempinele-blenderis-1-vnt.jpg","contentUrl":"https:\/\/www.malinashop.lt\/wp-content\/uploads\/2024\/11\/MIA-MAKEUP-BEAUTY-BLENDER-CUTTED-DROP-BLENDER-makiazo-kempinele-blenderis-1-vnt.jpg","width":1000,"height":1000},{"@type":"BreadcrumbList","@id":"https:\/\/www.malinashop.lt\/en\/shop\/mia-makeup-beauty-blender-cutted-drop-blender-makiazo-kempinele-blenderis-1-vnt\/#breadcrumb","itemListElement":[{"@type":"ListItem","position":1,"name":"Pagrindinis","item":"https:\/\/www.malinashop.lt\/"},{"@type":"ListItem","position":2,"name":"Parduotuv\u0117","item":"https:\/\/www.malinashop.lt\/en\/parduotuve\/"},{"@type":"ListItem","position":3,"name":"MIA MAKEUP BEAUTY BLENDER CUTTED DROP BLENDER makia\u017eo kempin\u0117l\u0117 blenderis, 1 vnt"}]},{"@type":"WebSite","@id":"https:\/\/www.malinashop.lt\/#website","url":"https:\/\/www.malinashop.lt\/","name":"COM Group Ecommerce","description":"MalinaShop.lt - Gro\u017eio ir sveikatos produktai i\u0161 patikim\u0173 preki\u0173 \u017eenkl\u0173. Atraskite auk\u0161tos kokyb\u0117s kosmetik\u0105 u\u017e puiki\u0105 kain\u0105.","publisher":{"@id":"https:\/\/www.malinashop.lt\/#organization"},"potentialAction":[{"@type":"SearchAction","target":{"@type":"EntryPoint","urlTemplate":"https:\/\/www.malinashop.lt\/?s={search_term_string}"},"query-input":{"@type":"PropertyValueSpecification","valueRequired":true,"valueName":"search_term_string"}}],"inLanguage":"en-GB"},{"@type":"Organization","@id":"https:\/\/www.malinashop.lt\/#organization","name":"COM Group Ecommerce","url":"https:\/\/www.malinashop.lt\/","logo":{"@type":"ImageObject","inLanguage":"en-GB","@id":"https:\/\/www.malinashop.lt\/#\/schema\/logo\/image\/","url":"https:\/\/www.malinashop.lt\/wp-content\/uploads\/2024\/08\/462559670_3787732518133670_9795632669273463_n-e1731525914575.png","contentUrl":"https:\/\/www.malinashop.lt\/wp-content\/uploads\/2024\/08\/462559670_3787732518133670_9795632669273463_n-e1731525914575.png","width":180,"height":60,"caption":"COM Group Ecommerce"},"image":{"@id":"https:\/\/www.malinashop.lt\/#\/schema\/logo\/image\/"}}]}},"jetpack_sharing_enabled":true,"_links":{"self":[{"href":"https:\/\/www.malinashop.lt\/en\/wp-json\/wp\/v2\/product\/19757","targetHints":{"allow":["GET"]}}],"collection":[{"href":"https:\/\/www.malinashop.lt\/en\/wp-json\/wp\/v2\/product"}],"about":[{"href":"https:\/\/www.malinashop.lt\/en\/wp-json\/wp\/v2\/types\/product"}],"version-history":[{"count":2,"href":"https:\/\/www.malinashop.lt\/en\/wp-json\/wp\/v2\/product\/19757\/revisions"}],"predecessor-version":[{"id":76289,"href":"https:\/\/www.malinashop.lt\/en\/wp-json\/wp\/v2\/product\/19757\/revisions\/76289"}],"wp:featuredmedia":[{"embeddable":true,"href":"https:\/\/www.malinashop.lt\/en\/wp-json\/wp\/v2\/media\/18214"}],"wp:attachment":[{"href":"https:\/\/www.malinashop.lt\/en\/wp-json\/wp\/v2\/media?parent=19757"}],"wp:term":[{"taxonomy":"product_brand","embeddable":true,"href":"https:\/\/www.malinashop.lt\/en\/wp-json\/wp\/v2\/product_brand?post=19757"},{"taxonomy":"product_cat","embeddable":true,"href":"https:\/\/www.malinashop.lt\/en\/wp-json\/wp\/v2\/product_cat?post=19757"},{"taxonomy":"product_tag","embeddable":true,"href":"https:\/\/www.malinashop.lt\/en\/wp-json\/wp\/v2\/product_tag?post=19757"}],"curies":[{"name":"wp","href":"https:\/\/api.w.org\/{rel}","templated":true}]}}