{"id":19753,"date":"2024-11-06T15:52:33","date_gmt":"2024-11-06T12:52:33","guid":{"rendered":"https:\/\/malinashop.lt\/produktas\/mia-makeup-step-1-violet-primer-svytejimo-suteikianti-makiazo-baze-25-ml\/"},"modified":"2026-04-06T19:03:26","modified_gmt":"2026-04-06T16:03:26","slug":"mia-makeup-step-1-violet-primer-svytejimo-suteikianti-makiazo-baze-25-ml","status":"publish","type":"product","link":"https:\/\/www.malinashop.lt\/en\/shop\/mia-makeup-step-1-violet-primer-svytejimo-suteikianti-makiazo-baze-25-ml\/","title":{"rendered":"MIA MAKEUP STEP 1 VIOLET PRIMER \u0161vyt\u0117jimo suteikianti makia\u017eo baz\u0117, 25 ml"},"content":{"rendered":"<p>MIA MAKEUP \u0161vyt\u0117jimo suteikianti makia\u017eo baz\u0117 &#8222;STEP 1 VIOLET PRIMER&#8221; su skaistinan\u010diomis savyb\u0117mis yra sukurta pavargusiai ir papilk\u0117jusiai odai. \u0160is produktas akimirksniu sulygina ir pagyvina veido od\u0105, suteikdamas jai \u0161vytint\u012f i\u0161vaizd\u0105 ir pasiruo\u0161im\u0105 kasdieniam makia\u017eui.<\/p>\n<p>Norint pasiekti geriausius rezultatus, u\u017etepkite makia\u017eo baz\u0119 ant veido ir tada naudokite \u012fprast\u0105 kremine pudr\u0105.<\/p>\n<p>Mia Makeup yra auk\u0161tos kokyb\u0117s kosmetikos sinonimas, sukurta ir pagaminta Italijoje. \u0160io prek\u0117s \u017eenklo vertyb\u0117s apima meil\u0119 gro\u017eiui, d\u0117mes\u012f detal\u0117ms, aistr\u0105, naujoves ir Made in Italy tradicijas. \u012esipareigoj\u0119s tiekti tik auk\u0161tos kokyb\u0117s produktus, MIA Makeup r\u016bpinasi j\u016bs\u0173 odos ir aplinkos gerove, naudodamas tik kontrol\u0117s ir sertifikavimo praeitus sudedam\u0105sias dalis, atitinkan\u010dias grie\u017etus ES reglamento standartus.<\/p>\n<p>MIA Makeup si\u016blo i\u0161skirtinius veido, aki\u0173 ir l\u016bp\u0173 makia\u017eo produktus, kurie atitinka kiekvienos odos tipo ir asmenyb\u0117s poreikius. Nuo l\u016bp\u0173 da\u017e\u0173 iki blakstien\u0173 tu\u0161\u0173, kiekvienas produktas yra kruop\u0161\u010diai sukurtas ir d\u0117mesingai atkreipiamas d\u0117mesys \u012f detal\u0117ms, siekiant u\u017etikrinti, kad j\u016bs visada atrodytum\u0117te nepriekai\u0161tingai!<\/p>\n","protected":false},"excerpt":{"rendered":"<p>MIA MAKEUP \u0161vyt\u0117jimo suteikianti makia\u017eo baz\u0117 &#8222;STEP 1 VIOLET PRIMER&#8221; su skaistinan\u010diomis savyb\u0117mis yra sukurta pavargusiai ir papilk\u0117jusiai odai. \u0160is produktas akimirksniu sulygina ir pagyvina veido od\u0105, suteikdamas jai \u0161vytint\u012f i\u0161vaizd\u0105 ir pasiruo\u0161im\u0105 kasdieniam makia\u017eui.<\/p>\n","protected":false},"featured_media":18477,"template":"","meta":[],"product_brand":[522],"product_cat":[102,527,728],"product_tag":[1633],"class_list":{"0":"post-19753","1":"product","2":"type-product","3":"status-publish","4":"has-post-thumbnail","6":"product_brand-mia-makeup","7":"product_cat-dekoratyvine-kosmetika","8":"product_cat-makiazo-bazes","9":"product_cat-veidui","10":"product_tag-mia-makeup","12":"first","13":"instock","14":"sale","15":"taxable","16":"shipping-taxable","17":"purchasable","18":"product-type-simple"},"yoast_head":"<!-- This site is optimized with the Yoast SEO plugin v27.4 - https:\/\/yoast.com\/product\/yoast-seo-wordpress\/ -->\n<title>MIA MAKEUP STEP 1 VIOLET PRIMER \u0161vyt\u0117jimo suteikianti makia\u017eo baz\u0117, 25 ml - MalinaShop.lt J\u016bs\u0173 sveikatai ir gro\u017eiui.<\/title>\n<meta name=\"description\" content=\"MIA MAKEUP \u0161vyt\u0117jimo suteikianti makia\u017eo baz\u0117 &quot;STEP 1 VIOLET PRIMER&quot; su skaistinan\u010diomis savyb\u0117mis yra sukurta pavargusiai ir papilk\u0117jusiai odai. \u0160is...\" \/>\n<meta name=\"robots\" content=\"index, follow, max-snippet:-1, max-image-preview:large, max-video-preview:-1\" \/>\n<link rel=\"canonical\" href=\"https:\/\/www.malinashop.lt\/en\/shop\/mia-makeup-step-1-violet-primer-svytejimo-suteikianti-makiazo-baze-25-ml\/\" \/>\n<meta property=\"og:locale\" content=\"en_GB\" \/>\n<meta property=\"og:type\" content=\"article\" \/>\n<meta property=\"og:title\" content=\"MIA MAKEUP STEP 1 VIOLET PRIMER \u0161vyt\u0117jimo suteikianti makia\u017eo baz\u0117, 25 ml - MalinaShop.lt J\u016bs\u0173 sveikatai ir gro\u017eiui.\" \/>\n<meta property=\"og:description\" content=\"MIA MAKEUP \u0161vyt\u0117jimo suteikianti makia\u017eo baz\u0117 &quot;STEP 1 VIOLET PRIMER&quot; su skaistinan\u010diomis savyb\u0117mis yra sukurta pavargusiai ir papilk\u0117jusiai odai. \u0160is...\" \/>\n<meta property=\"og:url\" content=\"https:\/\/www.malinashop.lt\/en\/shop\/mia-makeup-step-1-violet-primer-svytejimo-suteikianti-makiazo-baze-25-ml\/\" \/>\n<meta property=\"og:site_name\" content=\"MalinaShop.lt J\u016bs\u0173 sveikatai ir gro\u017eiui.\" \/>\n<meta property=\"article:modified_time\" content=\"2026-04-06T16:03:26+00:00\" \/>\n<meta property=\"og:image\" content=\"https:\/\/www.malinashop.lt\/wp-content\/uploads\/2024\/11\/MIA-MAKEUP-STEP-1-VIOLET-PRIMER-svytejimo-suteikianti-makiazo-baze-25-ml.jpg\" \/>\n\t<meta property=\"og:image:width\" content=\"1000\" \/>\n\t<meta property=\"og:image:height\" content=\"1000\" \/>\n\t<meta property=\"og:image:type\" content=\"image\/jpeg\" \/>\n<meta name=\"twitter:card\" content=\"summary_large_image\" \/>\n<script type=\"application\/ld+json\" class=\"yoast-schema-graph\">{\"@context\":\"https:\\\/\\\/schema.org\",\"@graph\":[{\"@type\":\"WebPage\",\"@id\":\"https:\\\/\\\/www.malinashop.lt\\\/lt_lt\\\/shop\\\/mia-makeup-step-1-violet-primer-svytejimo-suteikianti-makiazo-baze-25-ml\\\/\",\"url\":\"https:\\\/\\\/www.malinashop.lt\\\/lt_lt\\\/shop\\\/mia-makeup-step-1-violet-primer-svytejimo-suteikianti-makiazo-baze-25-ml\\\/\",\"name\":\"MIA MAKEUP STEP 1 VIOLET PRIMER \u0161vyt\u0117jimo suteikianti makia\u017eo baz\u0117, 25 ml - MalinaShop.lt J\u016bs\u0173 sveikatai ir gro\u017eiui.\",\"isPartOf\":{\"@id\":\"https:\\\/\\\/www.malinashop.lt\\\/#website\"},\"primaryImageOfPage\":{\"@id\":\"https:\\\/\\\/www.malinashop.lt\\\/lt_lt\\\/shop\\\/mia-makeup-step-1-violet-primer-svytejimo-suteikianti-makiazo-baze-25-ml\\\/#primaryimage\"},\"image\":{\"@id\":\"https:\\\/\\\/www.malinashop.lt\\\/lt_lt\\\/shop\\\/mia-makeup-step-1-violet-primer-svytejimo-suteikianti-makiazo-baze-25-ml\\\/#primaryimage\"},\"thumbnailUrl\":\"https:\\\/\\\/www.malinashop.lt\\\/wp-content\\\/uploads\\\/2024\\\/11\\\/MIA-MAKEUP-STEP-1-VIOLET-PRIMER-svytejimo-suteikianti-makiazo-baze-25-ml.jpg\",\"datePublished\":\"2024-11-06T12:52:33+00:00\",\"dateModified\":\"2026-04-06T16:03:26+00:00\",\"description\":\"MIA MAKEUP \u0161vyt\u0117jimo suteikianti makia\u017eo baz\u0117 \\\"STEP 1 VIOLET PRIMER\\\" su skaistinan\u010diomis savyb\u0117mis yra sukurta pavargusiai ir papilk\u0117jusiai odai. \u0160is...\",\"breadcrumb\":{\"@id\":\"https:\\\/\\\/www.malinashop.lt\\\/lt_lt\\\/shop\\\/mia-makeup-step-1-violet-primer-svytejimo-suteikianti-makiazo-baze-25-ml\\\/#breadcrumb\"},\"inLanguage\":\"en-GB\",\"potentialAction\":[{\"@type\":\"ReadAction\",\"target\":[\"https:\\\/\\\/www.malinashop.lt\\\/lt_lt\\\/shop\\\/mia-makeup-step-1-violet-primer-svytejimo-suteikianti-makiazo-baze-25-ml\\\/\"]}]},{\"@type\":\"ImageObject\",\"inLanguage\":\"en-GB\",\"@id\":\"https:\\\/\\\/www.malinashop.lt\\\/lt_lt\\\/shop\\\/mia-makeup-step-1-violet-primer-svytejimo-suteikianti-makiazo-baze-25-ml\\\/#primaryimage\",\"url\":\"https:\\\/\\\/www.malinashop.lt\\\/wp-content\\\/uploads\\\/2024\\\/11\\\/MIA-MAKEUP-STEP-1-VIOLET-PRIMER-svytejimo-suteikianti-makiazo-baze-25-ml.jpg\",\"contentUrl\":\"https:\\\/\\\/www.malinashop.lt\\\/wp-content\\\/uploads\\\/2024\\\/11\\\/MIA-MAKEUP-STEP-1-VIOLET-PRIMER-svytejimo-suteikianti-makiazo-baze-25-ml.jpg\",\"width\":1000,\"height\":1000},{\"@type\":\"BreadcrumbList\",\"@id\":\"https:\\\/\\\/www.malinashop.lt\\\/lt_lt\\\/shop\\\/mia-makeup-step-1-violet-primer-svytejimo-suteikianti-makiazo-baze-25-ml\\\/#breadcrumb\",\"itemListElement\":[{\"@type\":\"ListItem\",\"position\":1,\"name\":\"Pagrindinis\",\"item\":\"https:\\\/\\\/www.malinashop.lt\\\/\"},{\"@type\":\"ListItem\",\"position\":2,\"name\":\"Parduotuv\u0117\",\"item\":\"https:\\\/\\\/www.malinashop.lt\\\/en\\\/parduotuve\\\/\"},{\"@type\":\"ListItem\",\"position\":3,\"name\":\"MIA MAKEUP STEP 1 VIOLET PRIMER \u0161vyt\u0117jimo suteikianti makia\u017eo baz\u0117, 25 ml\"}]},{\"@type\":\"WebSite\",\"@id\":\"https:\\\/\\\/www.malinashop.lt\\\/#website\",\"url\":\"https:\\\/\\\/www.malinashop.lt\\\/\",\"name\":\"COM Group Ecommerce\",\"description\":\"MalinaShop.lt - Gro\u017eio ir sveikatos produktai i\u0161 patikim\u0173 preki\u0173 \u017eenkl\u0173. Atraskite auk\u0161tos kokyb\u0117s kosmetik\u0105 u\u017e puiki\u0105 kain\u0105.\",\"publisher\":{\"@id\":\"https:\\\/\\\/www.malinashop.lt\\\/#organization\"},\"potentialAction\":[{\"@type\":\"SearchAction\",\"target\":{\"@type\":\"EntryPoint\",\"urlTemplate\":\"https:\\\/\\\/www.malinashop.lt\\\/?s={search_term_string}\"},\"query-input\":{\"@type\":\"PropertyValueSpecification\",\"valueRequired\":true,\"valueName\":\"search_term_string\"}}],\"inLanguage\":\"en-GB\"},{\"@type\":\"Organization\",\"@id\":\"https:\\\/\\\/www.malinashop.lt\\\/#organization\",\"name\":\"COM Group Ecommerce\",\"url\":\"https:\\\/\\\/www.malinashop.lt\\\/\",\"logo\":{\"@type\":\"ImageObject\",\"inLanguage\":\"en-GB\",\"@id\":\"https:\\\/\\\/www.malinashop.lt\\\/#\\\/schema\\\/logo\\\/image\\\/\",\"url\":\"https:\\\/\\\/www.malinashop.lt\\\/wp-content\\\/uploads\\\/2024\\\/08\\\/462559670_3787732518133670_9795632669273463_n-e1731525914575.png\",\"contentUrl\":\"https:\\\/\\\/www.malinashop.lt\\\/wp-content\\\/uploads\\\/2024\\\/08\\\/462559670_3787732518133670_9795632669273463_n-e1731525914575.png\",\"width\":180,\"height\":60,\"caption\":\"COM Group Ecommerce\"},\"image\":{\"@id\":\"https:\\\/\\\/www.malinashop.lt\\\/#\\\/schema\\\/logo\\\/image\\\/\"}}]}<\/script>\n<!-- \/ Yoast SEO plugin. -->","yoast_head_json":{"title":"MIA MAKEUP STEP 1 VIOLET PRIMER \u0161vyt\u0117jimo suteikianti makia\u017eo baz\u0117, 25 ml - MalinaShop.lt J\u016bs\u0173 sveikatai ir gro\u017eiui.","description":"MIA MAKEUP \u0161vyt\u0117jimo suteikianti makia\u017eo baz\u0117 \"STEP 1 VIOLET PRIMER\" su skaistinan\u010diomis savyb\u0117mis yra sukurta pavargusiai ir papilk\u0117jusiai odai. \u0160is...","robots":{"index":"index","follow":"follow","max-snippet":"max-snippet:-1","max-image-preview":"max-image-preview:large","max-video-preview":"max-video-preview:-1"},"canonical":"https:\/\/www.malinashop.lt\/en\/shop\/mia-makeup-step-1-violet-primer-svytejimo-suteikianti-makiazo-baze-25-ml\/","og_locale":"en_GB","og_type":"article","og_title":"MIA MAKEUP STEP 1 VIOLET PRIMER \u0161vyt\u0117jimo suteikianti makia\u017eo baz\u0117, 25 ml - MalinaShop.lt J\u016bs\u0173 sveikatai ir gro\u017eiui.","og_description":"MIA MAKEUP \u0161vyt\u0117jimo suteikianti makia\u017eo baz\u0117 \"STEP 1 VIOLET PRIMER\" su skaistinan\u010diomis savyb\u0117mis yra sukurta pavargusiai ir papilk\u0117jusiai odai. \u0160is...","og_url":"https:\/\/www.malinashop.lt\/en\/shop\/mia-makeup-step-1-violet-primer-svytejimo-suteikianti-makiazo-baze-25-ml\/","og_site_name":"MalinaShop.lt J\u016bs\u0173 sveikatai ir gro\u017eiui.","article_modified_time":"2026-04-06T16:03:26+00:00","og_image":[{"width":1000,"height":1000,"url":"https:\/\/www.malinashop.lt\/wp-content\/uploads\/2024\/11\/MIA-MAKEUP-STEP-1-VIOLET-PRIMER-svytejimo-suteikianti-makiazo-baze-25-ml.jpg","type":"image\/jpeg"}],"twitter_card":"summary_large_image","schema":{"@context":"https:\/\/schema.org","@graph":[{"@type":"WebPage","@id":"https:\/\/www.malinashop.lt\/lt_lt\/shop\/mia-makeup-step-1-violet-primer-svytejimo-suteikianti-makiazo-baze-25-ml\/","url":"https:\/\/www.malinashop.lt\/lt_lt\/shop\/mia-makeup-step-1-violet-primer-svytejimo-suteikianti-makiazo-baze-25-ml\/","name":"MIA MAKEUP STEP 1 VIOLET PRIMER \u0161vyt\u0117jimo suteikianti makia\u017eo baz\u0117, 25 ml - MalinaShop.lt J\u016bs\u0173 sveikatai ir gro\u017eiui.","isPartOf":{"@id":"https:\/\/www.malinashop.lt\/#website"},"primaryImageOfPage":{"@id":"https:\/\/www.malinashop.lt\/lt_lt\/shop\/mia-makeup-step-1-violet-primer-svytejimo-suteikianti-makiazo-baze-25-ml\/#primaryimage"},"image":{"@id":"https:\/\/www.malinashop.lt\/lt_lt\/shop\/mia-makeup-step-1-violet-primer-svytejimo-suteikianti-makiazo-baze-25-ml\/#primaryimage"},"thumbnailUrl":"https:\/\/www.malinashop.lt\/wp-content\/uploads\/2024\/11\/MIA-MAKEUP-STEP-1-VIOLET-PRIMER-svytejimo-suteikianti-makiazo-baze-25-ml.jpg","datePublished":"2024-11-06T12:52:33+00:00","dateModified":"2026-04-06T16:03:26+00:00","description":"MIA MAKEUP \u0161vyt\u0117jimo suteikianti makia\u017eo baz\u0117 \"STEP 1 VIOLET PRIMER\" su skaistinan\u010diomis savyb\u0117mis yra sukurta pavargusiai ir papilk\u0117jusiai odai. \u0160is...","breadcrumb":{"@id":"https:\/\/www.malinashop.lt\/lt_lt\/shop\/mia-makeup-step-1-violet-primer-svytejimo-suteikianti-makiazo-baze-25-ml\/#breadcrumb"},"inLanguage":"en-GB","potentialAction":[{"@type":"ReadAction","target":["https:\/\/www.malinashop.lt\/lt_lt\/shop\/mia-makeup-step-1-violet-primer-svytejimo-suteikianti-makiazo-baze-25-ml\/"]}]},{"@type":"ImageObject","inLanguage":"en-GB","@id":"https:\/\/www.malinashop.lt\/lt_lt\/shop\/mia-makeup-step-1-violet-primer-svytejimo-suteikianti-makiazo-baze-25-ml\/#primaryimage","url":"https:\/\/www.malinashop.lt\/wp-content\/uploads\/2024\/11\/MIA-MAKEUP-STEP-1-VIOLET-PRIMER-svytejimo-suteikianti-makiazo-baze-25-ml.jpg","contentUrl":"https:\/\/www.malinashop.lt\/wp-content\/uploads\/2024\/11\/MIA-MAKEUP-STEP-1-VIOLET-PRIMER-svytejimo-suteikianti-makiazo-baze-25-ml.jpg","width":1000,"height":1000},{"@type":"BreadcrumbList","@id":"https:\/\/www.malinashop.lt\/lt_lt\/shop\/mia-makeup-step-1-violet-primer-svytejimo-suteikianti-makiazo-baze-25-ml\/#breadcrumb","itemListElement":[{"@type":"ListItem","position":1,"name":"Pagrindinis","item":"https:\/\/www.malinashop.lt\/"},{"@type":"ListItem","position":2,"name":"Parduotuv\u0117","item":"https:\/\/www.malinashop.lt\/en\/parduotuve\/"},{"@type":"ListItem","position":3,"name":"MIA MAKEUP STEP 1 VIOLET PRIMER \u0161vyt\u0117jimo suteikianti makia\u017eo baz\u0117, 25 ml"}]},{"@type":"WebSite","@id":"https:\/\/www.malinashop.lt\/#website","url":"https:\/\/www.malinashop.lt\/","name":"COM Group Ecommerce","description":"MalinaShop.lt - Gro\u017eio ir sveikatos produktai i\u0161 patikim\u0173 preki\u0173 \u017eenkl\u0173. Atraskite auk\u0161tos kokyb\u0117s kosmetik\u0105 u\u017e puiki\u0105 kain\u0105.","publisher":{"@id":"https:\/\/www.malinashop.lt\/#organization"},"potentialAction":[{"@type":"SearchAction","target":{"@type":"EntryPoint","urlTemplate":"https:\/\/www.malinashop.lt\/?s={search_term_string}"},"query-input":{"@type":"PropertyValueSpecification","valueRequired":true,"valueName":"search_term_string"}}],"inLanguage":"en-GB"},{"@type":"Organization","@id":"https:\/\/www.malinashop.lt\/#organization","name":"COM Group Ecommerce","url":"https:\/\/www.malinashop.lt\/","logo":{"@type":"ImageObject","inLanguage":"en-GB","@id":"https:\/\/www.malinashop.lt\/#\/schema\/logo\/image\/","url":"https:\/\/www.malinashop.lt\/wp-content\/uploads\/2024\/08\/462559670_3787732518133670_9795632669273463_n-e1731525914575.png","contentUrl":"https:\/\/www.malinashop.lt\/wp-content\/uploads\/2024\/08\/462559670_3787732518133670_9795632669273463_n-e1731525914575.png","width":180,"height":60,"caption":"COM Group Ecommerce"},"image":{"@id":"https:\/\/www.malinashop.lt\/#\/schema\/logo\/image\/"}}]}},"jetpack_sharing_enabled":true,"_links":{"self":[{"href":"https:\/\/www.malinashop.lt\/en\/wp-json\/wp\/v2\/product\/19753","targetHints":{"allow":["GET"]}}],"collection":[{"href":"https:\/\/www.malinashop.lt\/en\/wp-json\/wp\/v2\/product"}],"about":[{"href":"https:\/\/www.malinashop.lt\/en\/wp-json\/wp\/v2\/types\/product"}],"version-history":[{"count":2,"href":"https:\/\/www.malinashop.lt\/en\/wp-json\/wp\/v2\/product\/19753\/revisions"}],"predecessor-version":[{"id":76287,"href":"https:\/\/www.malinashop.lt\/en\/wp-json\/wp\/v2\/product\/19753\/revisions\/76287"}],"wp:featuredmedia":[{"embeddable":true,"href":"https:\/\/www.malinashop.lt\/en\/wp-json\/wp\/v2\/media\/18477"}],"wp:attachment":[{"href":"https:\/\/www.malinashop.lt\/en\/wp-json\/wp\/v2\/media?parent=19753"}],"wp:term":[{"taxonomy":"product_brand","embeddable":true,"href":"https:\/\/www.malinashop.lt\/en\/wp-json\/wp\/v2\/product_brand?post=19753"},{"taxonomy":"product_cat","embeddable":true,"href":"https:\/\/www.malinashop.lt\/en\/wp-json\/wp\/v2\/product_cat?post=19753"},{"taxonomy":"product_tag","embeddable":true,"href":"https:\/\/www.malinashop.lt\/en\/wp-json\/wp\/v2\/product_tag?post=19753"}],"curies":[{"name":"wp","href":"https:\/\/api.w.org\/{rel}","templated":true}]}}