{"id":19745,"date":"2024-11-06T15:52:33","date_gmt":"2024-11-06T12:52:33","guid":{"rendered":"https:\/\/malinashop.lt\/produktas\/mia-makeup-loose-powder-satin-mineraline-biri-pudra-10-g\/"},"modified":"2026-04-06T19:03:24","modified_gmt":"2026-04-06T16:03:24","slug":"mia-makeup-loose-powder-satin-mineraline-biri-pudra-10-g","status":"publish","type":"product","link":"https:\/\/www.malinashop.lt\/en\/shop\/mia-makeup-loose-powder-satin-mineraline-biri-pudra-10-g\/","title":{"rendered":"MIA MAKEUP LOOSE POWDER SATIN mineralin\u0117 biri pudra 10 g"},"content":{"rendered":"<p>MIA MAKEUP mineralin\u0117 biri pudra &#8222;LOOSE POWDER SATIN&#8221; yra itin \u0161velnios ir lengvos konsistencijos. \u0160i mineralin\u0117 biri pudra i\u0161lygina veido spalv\u0105, o jos \u0161ilkin\u0117 konsistencija suteikia odai tobul\u0105 ir \u0161veln\u0173 fokusuojant\u012f efekt\u0105. Produktas tinkamas vis\u0173 tip\u0173 odai.<\/p>\n<p>Norint naudoti, tepkite pir\u0161t\u0173 galiukais ir \u0161velniai paskirstykite ant \u0161varios veido odos.<\/p>\n<p>Mia Makeup yra auk\u0161tos kokyb\u0117s kosmetikos sinonimas, sukurta ir pagaminta Italijoje, kuris remiasi vertyb\u0117mis: meil\u0117 gro\u017eiui, d\u0117mesys detal\u0117ms, aistra, naujov\u0117s ir Made in Italy tradicijos. \u0160is prek\u0117s \u017eenklas \u012fsipareigoj\u0119s tiekti tik auk\u0161tos kokyb\u0117s produktus, kurie tausot\u0173 j\u016bs\u0173 od\u0105 ir aplink\u0105, naudodamas tik kontroliuojamas ir sertifikuotas sudedam\u0105sias dalis, atitinkan\u010dias grie\u017etas ES reglamento nuostatas.<\/p>\n<p>MIA Makeup si\u016blo veido, aki\u0173 ir l\u016bp\u0173 makia\u017eo produktus, kurie sukurti taip, kad atitikt\u0173 kiekvieno odos tipo ir asmenyb\u0117s poreikius. Nuo l\u016bp\u0173 da\u017e\u0173 iki blakstien\u0173 tu\u0161\u0173 &#8211; kiekvienas produktas yra kruop\u0161\u010diai gaminamas ir atkreipiamas d\u0117mesys \u012f detal\u0117ms, siekiant u\u017etikrinti, kad j\u016bs atrodytum\u0117te nepriekai\u0161tingai!<\/p>\n","protected":false},"excerpt":{"rendered":"<p>MIA MAKEUP mineralin\u0117 biri pudra &#8222;LOOSE POWDER SATIN&#8221; yra itin \u0161velnios ir lengvos konsistencijos. \u0160i mineralin\u0117 biri pudra i\u0161lygina veido spalv\u0105, o jos \u0161ilkin\u0117 konsistencija suteikia odai tobul\u0105 ir \u0161veln\u0173 fokusuojant\u012f efekt\u0105. Produktas tinkamas vis\u0173 tip\u0173 odai.<\/p>\n","protected":false},"featured_media":18313,"template":"","meta":[],"product_brand":[522],"product_cat":[102,792],"product_tag":[1633],"class_list":{"0":"post-19745","1":"product","2":"type-product","3":"status-publish","4":"has-post-thumbnail","6":"product_brand-mia-makeup","7":"product_cat-dekoratyvine-kosmetika","8":"product_cat-veido-pudros","9":"product_tag-mia-makeup","11":"first","12":"instock","13":"sale","14":"taxable","15":"shipping-taxable","16":"purchasable","17":"product-type-simple"},"yoast_head":"<!-- This site is optimized with the Yoast SEO plugin v27.4 - https:\/\/yoast.com\/product\/yoast-seo-wordpress\/ -->\n<title>MIA MAKEUP LOOSE POWDER SATIN mineralin\u0117 biri pudra 10 g - MalinaShop.lt J\u016bs\u0173 sveikatai ir gro\u017eiui.<\/title>\n<meta name=\"description\" content=\"MIA MAKEUP mineralin\u0117 biri pudra &quot;LOOSE POWDER SATIN&quot; yra itin \u0161velnios ir lengvos konsistencijos. \u0160i mineralin\u0117 biri pudra i\u0161lygina veido spalv\u0105, o jos...\" \/>\n<meta name=\"robots\" content=\"index, follow, max-snippet:-1, max-image-preview:large, max-video-preview:-1\" \/>\n<link rel=\"canonical\" href=\"https:\/\/www.malinashop.lt\/en\/shop\/mia-makeup-loose-powder-satin-mineraline-biri-pudra-10-g\/\" \/>\n<meta property=\"og:locale\" content=\"en_GB\" \/>\n<meta property=\"og:type\" content=\"article\" \/>\n<meta property=\"og:title\" content=\"MIA MAKEUP LOOSE POWDER SATIN mineralin\u0117 biri pudra 10 g - MalinaShop.lt J\u016bs\u0173 sveikatai ir gro\u017eiui.\" \/>\n<meta property=\"og:description\" content=\"MIA MAKEUP mineralin\u0117 biri pudra &quot;LOOSE POWDER SATIN&quot; yra itin \u0161velnios ir lengvos konsistencijos. \u0160i mineralin\u0117 biri pudra i\u0161lygina veido spalv\u0105, o jos...\" \/>\n<meta property=\"og:url\" content=\"https:\/\/www.malinashop.lt\/en\/shop\/mia-makeup-loose-powder-satin-mineraline-biri-pudra-10-g\/\" \/>\n<meta property=\"og:site_name\" content=\"MalinaShop.lt J\u016bs\u0173 sveikatai ir gro\u017eiui.\" \/>\n<meta property=\"article:modified_time\" content=\"2026-04-06T16:03:24+00:00\" \/>\n<meta property=\"og:image\" content=\"https:\/\/www.malinashop.lt\/wp-content\/uploads\/2024\/11\/MIA-MAKEUP-LOOSE-POWDER-SATIN-mineraline-biri-pudra-10-g.jpg\" \/>\n\t<meta property=\"og:image:width\" content=\"1000\" \/>\n\t<meta property=\"og:image:height\" content=\"1000\" \/>\n\t<meta property=\"og:image:type\" content=\"image\/jpeg\" \/>\n<meta name=\"twitter:card\" content=\"summary_large_image\" \/>\n<script type=\"application\/ld+json\" class=\"yoast-schema-graph\">{\"@context\":\"https:\\\/\\\/schema.org\",\"@graph\":[{\"@type\":\"WebPage\",\"@id\":\"https:\\\/\\\/www.malinashop.lt\\\/shop\\\/mia-makeup-loose-powder-satin-mineraline-biri-pudra-10-g\\\/\",\"url\":\"https:\\\/\\\/www.malinashop.lt\\\/shop\\\/mia-makeup-loose-powder-satin-mineraline-biri-pudra-10-g\\\/\",\"name\":\"MIA MAKEUP LOOSE POWDER SATIN mineralin\u0117 biri pudra 10 g - MalinaShop.lt J\u016bs\u0173 sveikatai ir gro\u017eiui.\",\"isPartOf\":{\"@id\":\"https:\\\/\\\/www.malinashop.lt\\\/#website\"},\"primaryImageOfPage\":{\"@id\":\"https:\\\/\\\/www.malinashop.lt\\\/shop\\\/mia-makeup-loose-powder-satin-mineraline-biri-pudra-10-g\\\/#primaryimage\"},\"image\":{\"@id\":\"https:\\\/\\\/www.malinashop.lt\\\/shop\\\/mia-makeup-loose-powder-satin-mineraline-biri-pudra-10-g\\\/#primaryimage\"},\"thumbnailUrl\":\"https:\\\/\\\/www.malinashop.lt\\\/wp-content\\\/uploads\\\/2024\\\/11\\\/MIA-MAKEUP-LOOSE-POWDER-SATIN-mineraline-biri-pudra-10-g.jpg\",\"datePublished\":\"2024-11-06T12:52:33+00:00\",\"dateModified\":\"2026-04-06T16:03:24+00:00\",\"description\":\"MIA MAKEUP mineralin\u0117 biri pudra \\\"LOOSE POWDER SATIN\\\" yra itin \u0161velnios ir lengvos konsistencijos. \u0160i mineralin\u0117 biri pudra i\u0161lygina veido spalv\u0105, o jos...\",\"breadcrumb\":{\"@id\":\"https:\\\/\\\/www.malinashop.lt\\\/shop\\\/mia-makeup-loose-powder-satin-mineraline-biri-pudra-10-g\\\/#breadcrumb\"},\"inLanguage\":\"en-GB\",\"potentialAction\":[{\"@type\":\"ReadAction\",\"target\":[\"https:\\\/\\\/www.malinashop.lt\\\/shop\\\/mia-makeup-loose-powder-satin-mineraline-biri-pudra-10-g\\\/\"]}]},{\"@type\":\"ImageObject\",\"inLanguage\":\"en-GB\",\"@id\":\"https:\\\/\\\/www.malinashop.lt\\\/shop\\\/mia-makeup-loose-powder-satin-mineraline-biri-pudra-10-g\\\/#primaryimage\",\"url\":\"https:\\\/\\\/www.malinashop.lt\\\/wp-content\\\/uploads\\\/2024\\\/11\\\/MIA-MAKEUP-LOOSE-POWDER-SATIN-mineraline-biri-pudra-10-g.jpg\",\"contentUrl\":\"https:\\\/\\\/www.malinashop.lt\\\/wp-content\\\/uploads\\\/2024\\\/11\\\/MIA-MAKEUP-LOOSE-POWDER-SATIN-mineraline-biri-pudra-10-g.jpg\",\"width\":1000,\"height\":1000},{\"@type\":\"BreadcrumbList\",\"@id\":\"https:\\\/\\\/www.malinashop.lt\\\/shop\\\/mia-makeup-loose-powder-satin-mineraline-biri-pudra-10-g\\\/#breadcrumb\",\"itemListElement\":[{\"@type\":\"ListItem\",\"position\":1,\"name\":\"Pagrindinis\",\"item\":\"https:\\\/\\\/www.malinashop.lt\\\/\"},{\"@type\":\"ListItem\",\"position\":2,\"name\":\"Parduotuv\u0117\",\"item\":\"https:\\\/\\\/www.malinashop.lt\\\/en\\\/parduotuve\\\/\"},{\"@type\":\"ListItem\",\"position\":3,\"name\":\"MIA MAKEUP LOOSE POWDER SATIN mineralin\u0117 biri pudra 10 g\"}]},{\"@type\":\"WebSite\",\"@id\":\"https:\\\/\\\/www.malinashop.lt\\\/#website\",\"url\":\"https:\\\/\\\/www.malinashop.lt\\\/\",\"name\":\"COM Group Ecommerce\",\"description\":\"MalinaShop.lt - Gro\u017eio ir sveikatos produktai i\u0161 patikim\u0173 preki\u0173 \u017eenkl\u0173. Atraskite auk\u0161tos kokyb\u0117s kosmetik\u0105 u\u017e puiki\u0105 kain\u0105.\",\"publisher\":{\"@id\":\"https:\\\/\\\/www.malinashop.lt\\\/#organization\"},\"potentialAction\":[{\"@type\":\"SearchAction\",\"target\":{\"@type\":\"EntryPoint\",\"urlTemplate\":\"https:\\\/\\\/www.malinashop.lt\\\/?s={search_term_string}\"},\"query-input\":{\"@type\":\"PropertyValueSpecification\",\"valueRequired\":true,\"valueName\":\"search_term_string\"}}],\"inLanguage\":\"en-GB\"},{\"@type\":\"Organization\",\"@id\":\"https:\\\/\\\/www.malinashop.lt\\\/#organization\",\"name\":\"COM Group Ecommerce\",\"url\":\"https:\\\/\\\/www.malinashop.lt\\\/\",\"logo\":{\"@type\":\"ImageObject\",\"inLanguage\":\"en-GB\",\"@id\":\"https:\\\/\\\/www.malinashop.lt\\\/#\\\/schema\\\/logo\\\/image\\\/\",\"url\":\"https:\\\/\\\/www.malinashop.lt\\\/wp-content\\\/uploads\\\/2024\\\/08\\\/462559670_3787732518133670_9795632669273463_n-e1731525914575.png\",\"contentUrl\":\"https:\\\/\\\/www.malinashop.lt\\\/wp-content\\\/uploads\\\/2024\\\/08\\\/462559670_3787732518133670_9795632669273463_n-e1731525914575.png\",\"width\":180,\"height\":60,\"caption\":\"COM Group Ecommerce\"},\"image\":{\"@id\":\"https:\\\/\\\/www.malinashop.lt\\\/#\\\/schema\\\/logo\\\/image\\\/\"}}]}<\/script>\n<!-- \/ Yoast SEO plugin. -->","yoast_head_json":{"title":"MIA MAKEUP LOOSE POWDER SATIN mineralin\u0117 biri pudra 10 g - MalinaShop.lt J\u016bs\u0173 sveikatai ir gro\u017eiui.","description":"MIA MAKEUP mineralin\u0117 biri pudra \"LOOSE POWDER SATIN\" yra itin \u0161velnios ir lengvos konsistencijos. \u0160i mineralin\u0117 biri pudra i\u0161lygina veido spalv\u0105, o jos...","robots":{"index":"index","follow":"follow","max-snippet":"max-snippet:-1","max-image-preview":"max-image-preview:large","max-video-preview":"max-video-preview:-1"},"canonical":"https:\/\/www.malinashop.lt\/en\/shop\/mia-makeup-loose-powder-satin-mineraline-biri-pudra-10-g\/","og_locale":"en_GB","og_type":"article","og_title":"MIA MAKEUP LOOSE POWDER SATIN mineralin\u0117 biri pudra 10 g - MalinaShop.lt J\u016bs\u0173 sveikatai ir gro\u017eiui.","og_description":"MIA MAKEUP mineralin\u0117 biri pudra \"LOOSE POWDER SATIN\" yra itin \u0161velnios ir lengvos konsistencijos. \u0160i mineralin\u0117 biri pudra i\u0161lygina veido spalv\u0105, o jos...","og_url":"https:\/\/www.malinashop.lt\/en\/shop\/mia-makeup-loose-powder-satin-mineraline-biri-pudra-10-g\/","og_site_name":"MalinaShop.lt J\u016bs\u0173 sveikatai ir gro\u017eiui.","article_modified_time":"2026-04-06T16:03:24+00:00","og_image":[{"width":1000,"height":1000,"url":"https:\/\/www.malinashop.lt\/wp-content\/uploads\/2024\/11\/MIA-MAKEUP-LOOSE-POWDER-SATIN-mineraline-biri-pudra-10-g.jpg","type":"image\/jpeg"}],"twitter_card":"summary_large_image","schema":{"@context":"https:\/\/schema.org","@graph":[{"@type":"WebPage","@id":"https:\/\/www.malinashop.lt\/shop\/mia-makeup-loose-powder-satin-mineraline-biri-pudra-10-g\/","url":"https:\/\/www.malinashop.lt\/shop\/mia-makeup-loose-powder-satin-mineraline-biri-pudra-10-g\/","name":"MIA MAKEUP LOOSE POWDER SATIN mineralin\u0117 biri pudra 10 g - MalinaShop.lt J\u016bs\u0173 sveikatai ir gro\u017eiui.","isPartOf":{"@id":"https:\/\/www.malinashop.lt\/#website"},"primaryImageOfPage":{"@id":"https:\/\/www.malinashop.lt\/shop\/mia-makeup-loose-powder-satin-mineraline-biri-pudra-10-g\/#primaryimage"},"image":{"@id":"https:\/\/www.malinashop.lt\/shop\/mia-makeup-loose-powder-satin-mineraline-biri-pudra-10-g\/#primaryimage"},"thumbnailUrl":"https:\/\/www.malinashop.lt\/wp-content\/uploads\/2024\/11\/MIA-MAKEUP-LOOSE-POWDER-SATIN-mineraline-biri-pudra-10-g.jpg","datePublished":"2024-11-06T12:52:33+00:00","dateModified":"2026-04-06T16:03:24+00:00","description":"MIA MAKEUP mineralin\u0117 biri pudra \"LOOSE POWDER SATIN\" yra itin \u0161velnios ir lengvos konsistencijos. \u0160i mineralin\u0117 biri pudra i\u0161lygina veido spalv\u0105, o jos...","breadcrumb":{"@id":"https:\/\/www.malinashop.lt\/shop\/mia-makeup-loose-powder-satin-mineraline-biri-pudra-10-g\/#breadcrumb"},"inLanguage":"en-GB","potentialAction":[{"@type":"ReadAction","target":["https:\/\/www.malinashop.lt\/shop\/mia-makeup-loose-powder-satin-mineraline-biri-pudra-10-g\/"]}]},{"@type":"ImageObject","inLanguage":"en-GB","@id":"https:\/\/www.malinashop.lt\/shop\/mia-makeup-loose-powder-satin-mineraline-biri-pudra-10-g\/#primaryimage","url":"https:\/\/www.malinashop.lt\/wp-content\/uploads\/2024\/11\/MIA-MAKEUP-LOOSE-POWDER-SATIN-mineraline-biri-pudra-10-g.jpg","contentUrl":"https:\/\/www.malinashop.lt\/wp-content\/uploads\/2024\/11\/MIA-MAKEUP-LOOSE-POWDER-SATIN-mineraline-biri-pudra-10-g.jpg","width":1000,"height":1000},{"@type":"BreadcrumbList","@id":"https:\/\/www.malinashop.lt\/shop\/mia-makeup-loose-powder-satin-mineraline-biri-pudra-10-g\/#breadcrumb","itemListElement":[{"@type":"ListItem","position":1,"name":"Pagrindinis","item":"https:\/\/www.malinashop.lt\/"},{"@type":"ListItem","position":2,"name":"Parduotuv\u0117","item":"https:\/\/www.malinashop.lt\/en\/parduotuve\/"},{"@type":"ListItem","position":3,"name":"MIA MAKEUP LOOSE POWDER SATIN mineralin\u0117 biri pudra 10 g"}]},{"@type":"WebSite","@id":"https:\/\/www.malinashop.lt\/#website","url":"https:\/\/www.malinashop.lt\/","name":"COM Group Ecommerce","description":"MalinaShop.lt - Gro\u017eio ir sveikatos produktai i\u0161 patikim\u0173 preki\u0173 \u017eenkl\u0173. Atraskite auk\u0161tos kokyb\u0117s kosmetik\u0105 u\u017e puiki\u0105 kain\u0105.","publisher":{"@id":"https:\/\/www.malinashop.lt\/#organization"},"potentialAction":[{"@type":"SearchAction","target":{"@type":"EntryPoint","urlTemplate":"https:\/\/www.malinashop.lt\/?s={search_term_string}"},"query-input":{"@type":"PropertyValueSpecification","valueRequired":true,"valueName":"search_term_string"}}],"inLanguage":"en-GB"},{"@type":"Organization","@id":"https:\/\/www.malinashop.lt\/#organization","name":"COM Group Ecommerce","url":"https:\/\/www.malinashop.lt\/","logo":{"@type":"ImageObject","inLanguage":"en-GB","@id":"https:\/\/www.malinashop.lt\/#\/schema\/logo\/image\/","url":"https:\/\/www.malinashop.lt\/wp-content\/uploads\/2024\/08\/462559670_3787732518133670_9795632669273463_n-e1731525914575.png","contentUrl":"https:\/\/www.malinashop.lt\/wp-content\/uploads\/2024\/08\/462559670_3787732518133670_9795632669273463_n-e1731525914575.png","width":180,"height":60,"caption":"COM Group Ecommerce"},"image":{"@id":"https:\/\/www.malinashop.lt\/#\/schema\/logo\/image\/"}}]}},"jetpack_sharing_enabled":true,"_links":{"self":[{"href":"https:\/\/www.malinashop.lt\/en\/wp-json\/wp\/v2\/product\/19745","targetHints":{"allow":["GET"]}}],"collection":[{"href":"https:\/\/www.malinashop.lt\/en\/wp-json\/wp\/v2\/product"}],"about":[{"href":"https:\/\/www.malinashop.lt\/en\/wp-json\/wp\/v2\/types\/product"}],"version-history":[{"count":3,"href":"https:\/\/www.malinashop.lt\/en\/wp-json\/wp\/v2\/product\/19745\/revisions"}],"predecessor-version":[{"id":76283,"href":"https:\/\/www.malinashop.lt\/en\/wp-json\/wp\/v2\/product\/19745\/revisions\/76283"}],"wp:featuredmedia":[{"embeddable":true,"href":"https:\/\/www.malinashop.lt\/en\/wp-json\/wp\/v2\/media\/18313"}],"wp:attachment":[{"href":"https:\/\/www.malinashop.lt\/en\/wp-json\/wp\/v2\/media?parent=19745"}],"wp:term":[{"taxonomy":"product_brand","embeddable":true,"href":"https:\/\/www.malinashop.lt\/en\/wp-json\/wp\/v2\/product_brand?post=19745"},{"taxonomy":"product_cat","embeddable":true,"href":"https:\/\/www.malinashop.lt\/en\/wp-json\/wp\/v2\/product_cat?post=19745"},{"taxonomy":"product_tag","embeddable":true,"href":"https:\/\/www.malinashop.lt\/en\/wp-json\/wp\/v2\/product_tag?post=19745"}],"curies":[{"name":"wp","href":"https:\/\/api.w.org\/{rel}","templated":true}]}}