{"id":19675,"date":"2024-11-06T15:52:22","date_gmt":"2024-11-06T12:52:22","guid":{"rendered":"https:\/\/malinashop.lt\/produktas\/mia-makeup-glam-face-palette-intense-veido-konturavimo-palete-2-x-8-g-1-x-5-g\/"},"modified":"2026-04-06T19:03:09","modified_gmt":"2026-04-06T16:03:09","slug":"mia-makeup-glam-face-palette-intense-veido-konturavimo-palete-2-x-8-g-1-x-5-g","status":"publish","type":"product","link":"https:\/\/www.malinashop.lt\/en\/shop\/mia-makeup-glam-face-palette-intense-veido-konturavimo-palete-2-x-8-g-1-x-5-g\/","title":{"rendered":"MIA MAKEUP GLAM FACE PALETTE INTENSE veido kont\u016bravimo palet\u0117, 2 x 8 g, 1 x 5 g"},"content":{"rendered":"<p>MIA MAKEUP veido kont\u016bravimo palet\u0117 &#8222;GLAM FACE PALETTE&#8221; suteikia nat\u016bral\u0173 ir harmoning\u0105 efekt\u0105, derindama tamsius, vidutinius ir \u0161viesius atspalvius. Tams\u016bs atspalviai padeda formuoti veido ovalo kont\u016brus, o vidutinio atspalvio atspalviai leis subalansuoti ir sulieti skirtingus atspalvius. \u0160viesesni atspalviai suteiks veidui gaivumo efekt\u0105, pary\u0161kins ir paskaistins nat\u016bralius bruo\u017eus.<\/p>\n<p>Tamsesnius atspalvius tepkite veido \u012fdubimuose, o od\u0105 pary\u0161kinan\u010dius atspalvius &#8211; vietose, kurias norite pary\u0161kinti. Naudojant \u0161epet\u0117l\u012f, aplikatori\u0173 arba pir\u0161t\u0173 galiukus, tepkite skaistalus ant skruostikauli\u0173 ir i\u0161sklaidykite, kad susiliet\u0173 su odos spalva.<\/p>\n<p>Mes \u012fsipareigoj\u0119 tiekti tik auk\u0161tos kokyb\u0117s produktus, kurie tausot\u0173 j\u016bs\u0173 od\u0105 ir aplink\u0105. Naudojame tik kontroluojamas ir sertifikuotas sudedam\u0105sias dalis, atitinkan\u010dias grie\u017etus ES reglamentus.<\/p>\n","protected":false},"excerpt":{"rendered":"<p>MIA MAKEUP veido kont\u016bravimo palet\u0117 &#8222;GLAM FACE PALETTE&#8221; suteikia nat\u016bral\u0173 ir harmoning\u0105 efekt\u0105, derindama tamsius, vidutinius ir \u0161viesius atspalvius.<\/p>\n","protected":false},"featured_media":18291,"template":"","meta":[],"product_brand":[522],"product_cat":[102,528],"product_tag":[1633],"class_list":{"0":"post-19675","1":"product","2":"type-product","3":"status-publish","4":"has-post-thumbnail","6":"product_brand-mia-makeup","7":"product_cat-dekoratyvine-kosmetika","8":"product_cat-modeliavimo-priemones","9":"product_tag-mia-makeup","11":"first","12":"instock","13":"sale","14":"taxable","15":"shipping-taxable","16":"purchasable","17":"product-type-simple"},"yoast_head":"<!-- This site is optimized with the Yoast SEO plugin v27.4 - https:\/\/yoast.com\/product\/yoast-seo-wordpress\/ -->\n<title>MIA MAKEUP GLAM FACE PALETTE INTENSE veido kont\u016bravimo palet\u0117, 2 x 8 g, 1 x 5 g - MalinaShop.lt J\u016bs\u0173 sveikatai ir gro\u017eiui.<\/title>\n<meta name=\"description\" content=\"MIA MAKEUP veido kont\u016bravimo palet\u0117 &quot;GLAM FACE PALETTE&quot; suteikia nat\u016bral\u0173 ir harmoning\u0105 efekt\u0105, derindama tamsius, vidutinius ir \u0161viesius atspalvius.\" \/>\n<meta name=\"robots\" content=\"index, follow, max-snippet:-1, max-image-preview:large, max-video-preview:-1\" \/>\n<link rel=\"canonical\" href=\"https:\/\/www.malinashop.lt\/en\/shop\/mia-makeup-glam-face-palette-intense-veido-konturavimo-palete-2-x-8-g-1-x-5-g\/\" \/>\n<meta property=\"og:locale\" content=\"en_GB\" \/>\n<meta property=\"og:type\" content=\"article\" \/>\n<meta property=\"og:title\" content=\"MIA MAKEUP GLAM FACE PALETTE INTENSE veido kont\u016bravimo palet\u0117, 2 x 8 g, 1 x 5 g - MalinaShop.lt J\u016bs\u0173 sveikatai ir gro\u017eiui.\" \/>\n<meta property=\"og:description\" content=\"MIA MAKEUP veido kont\u016bravimo palet\u0117 &quot;GLAM FACE PALETTE&quot; suteikia nat\u016bral\u0173 ir harmoning\u0105 efekt\u0105, derindama tamsius, vidutinius ir \u0161viesius atspalvius.\" \/>\n<meta property=\"og:url\" content=\"https:\/\/www.malinashop.lt\/en\/shop\/mia-makeup-glam-face-palette-intense-veido-konturavimo-palete-2-x-8-g-1-x-5-g\/\" \/>\n<meta property=\"og:site_name\" content=\"MalinaShop.lt J\u016bs\u0173 sveikatai ir gro\u017eiui.\" \/>\n<meta property=\"article:modified_time\" content=\"2026-04-06T16:03:09+00:00\" \/>\n<meta property=\"og:image\" content=\"https:\/\/www.malinashop.lt\/wp-content\/uploads\/2024\/11\/MIA-MAKEUP-GLAM-FACE-PALETTE-INTENSE-veido-konturavimo-palete-2-x-8-g-1-x-5-g.jpg\" \/>\n\t<meta property=\"og:image:width\" content=\"1000\" \/>\n\t<meta property=\"og:image:height\" content=\"1000\" \/>\n\t<meta property=\"og:image:type\" content=\"image\/jpeg\" \/>\n<meta name=\"twitter:card\" content=\"summary_large_image\" \/>\n<script type=\"application\/ld+json\" class=\"yoast-schema-graph\">{\"@context\":\"https:\\\/\\\/schema.org\",\"@graph\":[{\"@type\":\"WebPage\",\"@id\":\"https:\\\/\\\/www.malinashop.lt\\\/en\\\/shop\\\/mia-makeup-glam-face-palette-intense-veido-konturavimo-palete-2-x-8-g-1-x-5-g\\\/\",\"url\":\"https:\\\/\\\/www.malinashop.lt\\\/en\\\/shop\\\/mia-makeup-glam-face-palette-intense-veido-konturavimo-palete-2-x-8-g-1-x-5-g\\\/\",\"name\":\"MIA MAKEUP GLAM FACE PALETTE INTENSE veido kont\u016bravimo palet\u0117, 2 x 8 g, 1 x 5 g - MalinaShop.lt J\u016bs\u0173 sveikatai ir gro\u017eiui.\",\"isPartOf\":{\"@id\":\"https:\\\/\\\/www.malinashop.lt\\\/#website\"},\"primaryImageOfPage\":{\"@id\":\"https:\\\/\\\/www.malinashop.lt\\\/en\\\/shop\\\/mia-makeup-glam-face-palette-intense-veido-konturavimo-palete-2-x-8-g-1-x-5-g\\\/#primaryimage\"},\"image\":{\"@id\":\"https:\\\/\\\/www.malinashop.lt\\\/en\\\/shop\\\/mia-makeup-glam-face-palette-intense-veido-konturavimo-palete-2-x-8-g-1-x-5-g\\\/#primaryimage\"},\"thumbnailUrl\":\"https:\\\/\\\/www.malinashop.lt\\\/wp-content\\\/uploads\\\/2024\\\/11\\\/MIA-MAKEUP-GLAM-FACE-PALETTE-INTENSE-veido-konturavimo-palete-2-x-8-g-1-x-5-g.jpg\",\"datePublished\":\"2024-11-06T12:52:22+00:00\",\"dateModified\":\"2026-04-06T16:03:09+00:00\",\"description\":\"MIA MAKEUP veido kont\u016bravimo palet\u0117 \\\"GLAM FACE PALETTE\\\" suteikia nat\u016bral\u0173 ir harmoning\u0105 efekt\u0105, derindama tamsius, vidutinius ir \u0161viesius atspalvius.\",\"breadcrumb\":{\"@id\":\"https:\\\/\\\/www.malinashop.lt\\\/en\\\/shop\\\/mia-makeup-glam-face-palette-intense-veido-konturavimo-palete-2-x-8-g-1-x-5-g\\\/#breadcrumb\"},\"inLanguage\":\"en-GB\",\"potentialAction\":[{\"@type\":\"ReadAction\",\"target\":[\"https:\\\/\\\/www.malinashop.lt\\\/en\\\/shop\\\/mia-makeup-glam-face-palette-intense-veido-konturavimo-palete-2-x-8-g-1-x-5-g\\\/\"]}]},{\"@type\":\"ImageObject\",\"inLanguage\":\"en-GB\",\"@id\":\"https:\\\/\\\/www.malinashop.lt\\\/en\\\/shop\\\/mia-makeup-glam-face-palette-intense-veido-konturavimo-palete-2-x-8-g-1-x-5-g\\\/#primaryimage\",\"url\":\"https:\\\/\\\/www.malinashop.lt\\\/wp-content\\\/uploads\\\/2024\\\/11\\\/MIA-MAKEUP-GLAM-FACE-PALETTE-INTENSE-veido-konturavimo-palete-2-x-8-g-1-x-5-g.jpg\",\"contentUrl\":\"https:\\\/\\\/www.malinashop.lt\\\/wp-content\\\/uploads\\\/2024\\\/11\\\/MIA-MAKEUP-GLAM-FACE-PALETTE-INTENSE-veido-konturavimo-palete-2-x-8-g-1-x-5-g.jpg\",\"width\":1000,\"height\":1000},{\"@type\":\"BreadcrumbList\",\"@id\":\"https:\\\/\\\/www.malinashop.lt\\\/en\\\/shop\\\/mia-makeup-glam-face-palette-intense-veido-konturavimo-palete-2-x-8-g-1-x-5-g\\\/#breadcrumb\",\"itemListElement\":[{\"@type\":\"ListItem\",\"position\":1,\"name\":\"Pagrindinis\",\"item\":\"https:\\\/\\\/www.malinashop.lt\\\/\"},{\"@type\":\"ListItem\",\"position\":2,\"name\":\"Parduotuv\u0117\",\"item\":\"https:\\\/\\\/www.malinashop.lt\\\/en\\\/parduotuve\\\/\"},{\"@type\":\"ListItem\",\"position\":3,\"name\":\"MIA MAKEUP GLAM FACE PALETTE INTENSE veido kont\u016bravimo palet\u0117, 2 x 8 g, 1 x 5 g\"}]},{\"@type\":\"WebSite\",\"@id\":\"https:\\\/\\\/www.malinashop.lt\\\/#website\",\"url\":\"https:\\\/\\\/www.malinashop.lt\\\/\",\"name\":\"COM Group Ecommerce\",\"description\":\"MalinaShop.lt - Gro\u017eio ir sveikatos produktai i\u0161 patikim\u0173 preki\u0173 \u017eenkl\u0173. Atraskite auk\u0161tos kokyb\u0117s kosmetik\u0105 u\u017e puiki\u0105 kain\u0105.\",\"publisher\":{\"@id\":\"https:\\\/\\\/www.malinashop.lt\\\/#organization\"},\"potentialAction\":[{\"@type\":\"SearchAction\",\"target\":{\"@type\":\"EntryPoint\",\"urlTemplate\":\"https:\\\/\\\/www.malinashop.lt\\\/?s={search_term_string}\"},\"query-input\":{\"@type\":\"PropertyValueSpecification\",\"valueRequired\":true,\"valueName\":\"search_term_string\"}}],\"inLanguage\":\"en-GB\"},{\"@type\":\"Organization\",\"@id\":\"https:\\\/\\\/www.malinashop.lt\\\/#organization\",\"name\":\"COM Group Ecommerce\",\"url\":\"https:\\\/\\\/www.malinashop.lt\\\/\",\"logo\":{\"@type\":\"ImageObject\",\"inLanguage\":\"en-GB\",\"@id\":\"https:\\\/\\\/www.malinashop.lt\\\/#\\\/schema\\\/logo\\\/image\\\/\",\"url\":\"https:\\\/\\\/www.malinashop.lt\\\/wp-content\\\/uploads\\\/2024\\\/08\\\/462559670_3787732518133670_9795632669273463_n-e1731525914575.png\",\"contentUrl\":\"https:\\\/\\\/www.malinashop.lt\\\/wp-content\\\/uploads\\\/2024\\\/08\\\/462559670_3787732518133670_9795632669273463_n-e1731525914575.png\",\"width\":180,\"height\":60,\"caption\":\"COM Group Ecommerce\"},\"image\":{\"@id\":\"https:\\\/\\\/www.malinashop.lt\\\/#\\\/schema\\\/logo\\\/image\\\/\"}}]}<\/script>\n<!-- \/ Yoast SEO plugin. -->","yoast_head_json":{"title":"MIA MAKEUP GLAM FACE PALETTE INTENSE veido kont\u016bravimo palet\u0117, 2 x 8 g, 1 x 5 g - MalinaShop.lt J\u016bs\u0173 sveikatai ir gro\u017eiui.","description":"MIA MAKEUP veido kont\u016bravimo palet\u0117 \"GLAM FACE PALETTE\" suteikia nat\u016bral\u0173 ir harmoning\u0105 efekt\u0105, derindama tamsius, vidutinius ir \u0161viesius atspalvius.","robots":{"index":"index","follow":"follow","max-snippet":"max-snippet:-1","max-image-preview":"max-image-preview:large","max-video-preview":"max-video-preview:-1"},"canonical":"https:\/\/www.malinashop.lt\/en\/shop\/mia-makeup-glam-face-palette-intense-veido-konturavimo-palete-2-x-8-g-1-x-5-g\/","og_locale":"en_GB","og_type":"article","og_title":"MIA MAKEUP GLAM FACE PALETTE INTENSE veido kont\u016bravimo palet\u0117, 2 x 8 g, 1 x 5 g - MalinaShop.lt J\u016bs\u0173 sveikatai ir gro\u017eiui.","og_description":"MIA MAKEUP veido kont\u016bravimo palet\u0117 \"GLAM FACE PALETTE\" suteikia nat\u016bral\u0173 ir harmoning\u0105 efekt\u0105, derindama tamsius, vidutinius ir \u0161viesius atspalvius.","og_url":"https:\/\/www.malinashop.lt\/en\/shop\/mia-makeup-glam-face-palette-intense-veido-konturavimo-palete-2-x-8-g-1-x-5-g\/","og_site_name":"MalinaShop.lt J\u016bs\u0173 sveikatai ir gro\u017eiui.","article_modified_time":"2026-04-06T16:03:09+00:00","og_image":[{"width":1000,"height":1000,"url":"https:\/\/www.malinashop.lt\/wp-content\/uploads\/2024\/11\/MIA-MAKEUP-GLAM-FACE-PALETTE-INTENSE-veido-konturavimo-palete-2-x-8-g-1-x-5-g.jpg","type":"image\/jpeg"}],"twitter_card":"summary_large_image","schema":{"@context":"https:\/\/schema.org","@graph":[{"@type":"WebPage","@id":"https:\/\/www.malinashop.lt\/en\/shop\/mia-makeup-glam-face-palette-intense-veido-konturavimo-palete-2-x-8-g-1-x-5-g\/","url":"https:\/\/www.malinashop.lt\/en\/shop\/mia-makeup-glam-face-palette-intense-veido-konturavimo-palete-2-x-8-g-1-x-5-g\/","name":"MIA MAKEUP GLAM FACE PALETTE INTENSE veido kont\u016bravimo palet\u0117, 2 x 8 g, 1 x 5 g - MalinaShop.lt J\u016bs\u0173 sveikatai ir gro\u017eiui.","isPartOf":{"@id":"https:\/\/www.malinashop.lt\/#website"},"primaryImageOfPage":{"@id":"https:\/\/www.malinashop.lt\/en\/shop\/mia-makeup-glam-face-palette-intense-veido-konturavimo-palete-2-x-8-g-1-x-5-g\/#primaryimage"},"image":{"@id":"https:\/\/www.malinashop.lt\/en\/shop\/mia-makeup-glam-face-palette-intense-veido-konturavimo-palete-2-x-8-g-1-x-5-g\/#primaryimage"},"thumbnailUrl":"https:\/\/www.malinashop.lt\/wp-content\/uploads\/2024\/11\/MIA-MAKEUP-GLAM-FACE-PALETTE-INTENSE-veido-konturavimo-palete-2-x-8-g-1-x-5-g.jpg","datePublished":"2024-11-06T12:52:22+00:00","dateModified":"2026-04-06T16:03:09+00:00","description":"MIA MAKEUP veido kont\u016bravimo palet\u0117 \"GLAM FACE PALETTE\" suteikia nat\u016bral\u0173 ir harmoning\u0105 efekt\u0105, derindama tamsius, vidutinius ir \u0161viesius atspalvius.","breadcrumb":{"@id":"https:\/\/www.malinashop.lt\/en\/shop\/mia-makeup-glam-face-palette-intense-veido-konturavimo-palete-2-x-8-g-1-x-5-g\/#breadcrumb"},"inLanguage":"en-GB","potentialAction":[{"@type":"ReadAction","target":["https:\/\/www.malinashop.lt\/en\/shop\/mia-makeup-glam-face-palette-intense-veido-konturavimo-palete-2-x-8-g-1-x-5-g\/"]}]},{"@type":"ImageObject","inLanguage":"en-GB","@id":"https:\/\/www.malinashop.lt\/en\/shop\/mia-makeup-glam-face-palette-intense-veido-konturavimo-palete-2-x-8-g-1-x-5-g\/#primaryimage","url":"https:\/\/www.malinashop.lt\/wp-content\/uploads\/2024\/11\/MIA-MAKEUP-GLAM-FACE-PALETTE-INTENSE-veido-konturavimo-palete-2-x-8-g-1-x-5-g.jpg","contentUrl":"https:\/\/www.malinashop.lt\/wp-content\/uploads\/2024\/11\/MIA-MAKEUP-GLAM-FACE-PALETTE-INTENSE-veido-konturavimo-palete-2-x-8-g-1-x-5-g.jpg","width":1000,"height":1000},{"@type":"BreadcrumbList","@id":"https:\/\/www.malinashop.lt\/en\/shop\/mia-makeup-glam-face-palette-intense-veido-konturavimo-palete-2-x-8-g-1-x-5-g\/#breadcrumb","itemListElement":[{"@type":"ListItem","position":1,"name":"Pagrindinis","item":"https:\/\/www.malinashop.lt\/"},{"@type":"ListItem","position":2,"name":"Parduotuv\u0117","item":"https:\/\/www.malinashop.lt\/en\/parduotuve\/"},{"@type":"ListItem","position":3,"name":"MIA MAKEUP GLAM FACE PALETTE INTENSE veido kont\u016bravimo palet\u0117, 2 x 8 g, 1 x 5 g"}]},{"@type":"WebSite","@id":"https:\/\/www.malinashop.lt\/#website","url":"https:\/\/www.malinashop.lt\/","name":"COM Group Ecommerce","description":"MalinaShop.lt - Gro\u017eio ir sveikatos produktai i\u0161 patikim\u0173 preki\u0173 \u017eenkl\u0173. Atraskite auk\u0161tos kokyb\u0117s kosmetik\u0105 u\u017e puiki\u0105 kain\u0105.","publisher":{"@id":"https:\/\/www.malinashop.lt\/#organization"},"potentialAction":[{"@type":"SearchAction","target":{"@type":"EntryPoint","urlTemplate":"https:\/\/www.malinashop.lt\/?s={search_term_string}"},"query-input":{"@type":"PropertyValueSpecification","valueRequired":true,"valueName":"search_term_string"}}],"inLanguage":"en-GB"},{"@type":"Organization","@id":"https:\/\/www.malinashop.lt\/#organization","name":"COM Group Ecommerce","url":"https:\/\/www.malinashop.lt\/","logo":{"@type":"ImageObject","inLanguage":"en-GB","@id":"https:\/\/www.malinashop.lt\/#\/schema\/logo\/image\/","url":"https:\/\/www.malinashop.lt\/wp-content\/uploads\/2024\/08\/462559670_3787732518133670_9795632669273463_n-e1731525914575.png","contentUrl":"https:\/\/www.malinashop.lt\/wp-content\/uploads\/2024\/08\/462559670_3787732518133670_9795632669273463_n-e1731525914575.png","width":180,"height":60,"caption":"COM Group Ecommerce"},"image":{"@id":"https:\/\/www.malinashop.lt\/#\/schema\/logo\/image\/"}}]}},"jetpack_sharing_enabled":true,"_links":{"self":[{"href":"https:\/\/www.malinashop.lt\/en\/wp-json\/wp\/v2\/product\/19675","targetHints":{"allow":["GET"]}}],"collection":[{"href":"https:\/\/www.malinashop.lt\/en\/wp-json\/wp\/v2\/product"}],"about":[{"href":"https:\/\/www.malinashop.lt\/en\/wp-json\/wp\/v2\/types\/product"}],"version-history":[{"count":2,"href":"https:\/\/www.malinashop.lt\/en\/wp-json\/wp\/v2\/product\/19675\/revisions"}],"predecessor-version":[{"id":76250,"href":"https:\/\/www.malinashop.lt\/en\/wp-json\/wp\/v2\/product\/19675\/revisions\/76250"}],"wp:featuredmedia":[{"embeddable":true,"href":"https:\/\/www.malinashop.lt\/en\/wp-json\/wp\/v2\/media\/18291"}],"wp:attachment":[{"href":"https:\/\/www.malinashop.lt\/en\/wp-json\/wp\/v2\/media?parent=19675"}],"wp:term":[{"taxonomy":"product_brand","embeddable":true,"href":"https:\/\/www.malinashop.lt\/en\/wp-json\/wp\/v2\/product_brand?post=19675"},{"taxonomy":"product_cat","embeddable":true,"href":"https:\/\/www.malinashop.lt\/en\/wp-json\/wp\/v2\/product_cat?post=19675"},{"taxonomy":"product_tag","embeddable":true,"href":"https:\/\/www.malinashop.lt\/en\/wp-json\/wp\/v2\/product_tag?post=19675"}],"curies":[{"name":"wp","href":"https:\/\/api.w.org\/{rel}","templated":true}]}}