{"id":19671,"date":"2024-11-06T15:52:22","date_gmt":"2024-11-06T12:52:22","guid":{"rendered":"https:\/\/malinashop.lt\/produktas\/mia-makeup-4ever-fluid-foundation-03-creamy-natural-ilgai-isliekantis-makiazo-pagrindas-30-ml\/"},"modified":"2026-04-06T19:03:08","modified_gmt":"2026-04-06T16:03:08","slug":"mia-makeup-4ever-fluid-foundation-03-creamy-natural-ilgai-isliekantis-makiazo-pagrindas-30-ml","status":"publish","type":"product","link":"https:\/\/www.malinashop.lt\/en\/shop\/mia-makeup-4ever-fluid-foundation-03-creamy-natural-ilgai-isliekantis-makiazo-pagrindas-30-ml\/","title":{"rendered":"MIA MAKEUP 4EVER FLUID FOUNDATION 03 CREAMY NATURAL ilgai i\u0161liekantis makia\u017eo pagrindas, 30 ml"},"content":{"rendered":"<p>MIA MAKEUP ilgai i\u0161liekantis makia\u017eo pagrindas &#8222;4EVER FLUID FOUNDATION&#8221; pasi\u017eymi ilgai i\u0161liekan\u010diomis savyb\u0117mis, kurios pad\u0117s jums atrodyti nepriekai\u0161tingai vis\u0105 par\u0105. \u0160is makia\u017eo pagrindas slepia visus odos tr\u016bkumus ir prisitaiko prie vis\u0173 odos tip\u0173, suteikdamas komforto jausm\u0105 vis\u0105 dien\u0105 d\u0117l jojobos aliejaus ir alavijo ekstrakto. Matin\u0117 tekst\u016bra puikiai sujungiasi su veido spalva, suma\u017eina poras, blizges\u012f ir patobulina odos tekst\u016br\u0105.<\/p>\n<p>MIA MAKEUP ilgai i\u0161liekantis makia\u017eo pagrindas &#8222;4EVER FLUID FOUNDATION&#8221; gali b\u016bti mai\u0161omas su kitomis \u0161io makia\u017eo pagrindo spalvomis, leisdamas jums atrasti naujus atspalvius, kurie idealiai tinka j\u016bs\u0173 odai.<\/p>\n<p>Naudojimas: tepkite ant \u0161varios veido odos, norint pasiekti geriausi\u0105 rezultat\u0105, naudokite makia\u017eo \u0161epet\u0117l\u012f arba kempin\u0117l\u0119 \u2013 blender\u012f.<\/p>\n<p>Mia Makeup yra auk\u0161tos kokyb\u0117s kosmetikos sinonimas, sukurtas ir pagamintas Italijoje. M\u016bs\u0173 vertyb\u0117s apima meil\u0119 gro\u017eiui, d\u0117mes\u012f detal\u0117ms, aistr\u0105, naujoves ir Made in Italy tradicijas.<\/p>\n<p>Mes \u012fsipareigoj\u0119 tiekti tik auk\u0161tos kokyb\u0117s produktus, kurie tausot\u0173 j\u016bs\u0173 od\u0105 ir aplink\u0105. Naudojame tik kontroluojamas ir sertifikuotas sudedam\u0105sias dalis, atitinkan\u010dias grie\u017etas ES reglament\u0173 nuostatas.<\/p>\n","protected":false},"excerpt":{"rendered":"<p>MIA MAKEUP ilgai i\u0161liekantis makia\u017eo pagrindas &#8222;4EVER FLUID FOUNDATION&#8221; pasi\u017eymi ilgai i\u0161liekan\u010diomis savyb\u0117mis, kurios pad\u0117s jums atrodyti nepriekai\u0161tingai vis\u0105 par\u0105.<\/p>\n","protected":false},"featured_media":18203,"template":"","meta":[],"product_brand":[522],"product_cat":[102,530],"product_tag":[1633],"class_list":{"0":"post-19671","1":"product","2":"type-product","3":"status-publish","4":"has-post-thumbnail","6":"product_brand-mia-makeup","7":"product_cat-dekoratyvine-kosmetika","8":"product_cat-makiazo-pagrindas","9":"product_tag-mia-makeup","11":"first","12":"outofstock","13":"sale","14":"taxable","15":"shipping-taxable","16":"purchasable","17":"product-type-simple"},"yoast_head":"<!-- This site is optimized with the Yoast SEO plugin v27.4 - https:\/\/yoast.com\/product\/yoast-seo-wordpress\/ -->\n<title>MIA MAKEUP 4EVER FLUID FOUNDATION 03 CREAMY NATURAL ilgai i\u0161liekantis makia\u017eo pagrindas, 30 ml - MalinaShop.lt J\u016bs\u0173 sveikatai ir gro\u017eiui.<\/title>\n<meta name=\"description\" content=\"MIA MAKEUP ilgai i\u0161liekantis makia\u017eo pagrindas &quot;4EVER FLUID FOUNDATION&quot; pasi\u017eymi ilgai i\u0161liekan\u010diomis savyb\u0117mis, kurios pad\u0117s jums atrodyti nepriekai\u0161tingai...\" \/>\n<meta name=\"robots\" content=\"index, follow, max-snippet:-1, max-image-preview:large, max-video-preview:-1\" \/>\n<link rel=\"canonical\" href=\"https:\/\/www.malinashop.lt\/en\/shop\/mia-makeup-4ever-fluid-foundation-03-creamy-natural-ilgai-isliekantis-makiazo-pagrindas-30-ml\/\" \/>\n<meta property=\"og:locale\" content=\"en_GB\" \/>\n<meta property=\"og:type\" content=\"article\" \/>\n<meta property=\"og:title\" content=\"MIA MAKEUP 4EVER FLUID FOUNDATION 03 CREAMY NATURAL ilgai i\u0161liekantis makia\u017eo pagrindas, 30 ml - MalinaShop.lt J\u016bs\u0173 sveikatai ir gro\u017eiui.\" \/>\n<meta property=\"og:description\" content=\"MIA MAKEUP ilgai i\u0161liekantis makia\u017eo pagrindas &quot;4EVER FLUID FOUNDATION&quot; pasi\u017eymi ilgai i\u0161liekan\u010diomis savyb\u0117mis, kurios pad\u0117s jums atrodyti nepriekai\u0161tingai...\" \/>\n<meta property=\"og:url\" content=\"https:\/\/www.malinashop.lt\/en\/shop\/mia-makeup-4ever-fluid-foundation-03-creamy-natural-ilgai-isliekantis-makiazo-pagrindas-30-ml\/\" \/>\n<meta property=\"og:site_name\" content=\"MalinaShop.lt J\u016bs\u0173 sveikatai ir gro\u017eiui.\" \/>\n<meta property=\"article:modified_time\" content=\"2026-04-06T16:03:08+00:00\" \/>\n<meta property=\"og:image\" content=\"https:\/\/www.malinashop.lt\/wp-content\/uploads\/2024\/11\/MIA-MAKEUP-4EVER-FLUID-FOUNDATION-03-CREAMY-NATURAL-ilgai-isliekantis-makiazo-pagrindas-30-ml.jpg\" \/>\n\t<meta property=\"og:image:width\" content=\"1000\" \/>\n\t<meta property=\"og:image:height\" content=\"1000\" \/>\n\t<meta property=\"og:image:type\" content=\"image\/jpeg\" \/>\n<meta name=\"twitter:card\" content=\"summary_large_image\" \/>\n<script type=\"application\/ld+json\" class=\"yoast-schema-graph\">{\"@context\":\"https:\\\/\\\/schema.org\",\"@graph\":[{\"@type\":\"WebPage\",\"@id\":\"https:\\\/\\\/www.malinashop.lt\\\/en\\\/shop\\\/mia-makeup-4ever-fluid-foundation-03-creamy-natural-ilgai-isliekantis-makiazo-pagrindas-30-ml\\\/\",\"url\":\"https:\\\/\\\/www.malinashop.lt\\\/en\\\/shop\\\/mia-makeup-4ever-fluid-foundation-03-creamy-natural-ilgai-isliekantis-makiazo-pagrindas-30-ml\\\/\",\"name\":\"MIA MAKEUP 4EVER FLUID FOUNDATION 03 CREAMY NATURAL ilgai i\u0161liekantis makia\u017eo pagrindas, 30 ml - MalinaShop.lt J\u016bs\u0173 sveikatai ir gro\u017eiui.\",\"isPartOf\":{\"@id\":\"https:\\\/\\\/www.malinashop.lt\\\/en\\\/#website\"},\"primaryImageOfPage\":{\"@id\":\"https:\\\/\\\/www.malinashop.lt\\\/en\\\/shop\\\/mia-makeup-4ever-fluid-foundation-03-creamy-natural-ilgai-isliekantis-makiazo-pagrindas-30-ml\\\/#primaryimage\"},\"image\":{\"@id\":\"https:\\\/\\\/www.malinashop.lt\\\/en\\\/shop\\\/mia-makeup-4ever-fluid-foundation-03-creamy-natural-ilgai-isliekantis-makiazo-pagrindas-30-ml\\\/#primaryimage\"},\"thumbnailUrl\":\"https:\\\/\\\/www.malinashop.lt\\\/wp-content\\\/uploads\\\/2024\\\/11\\\/MIA-MAKEUP-4EVER-FLUID-FOUNDATION-03-CREAMY-NATURAL-ilgai-isliekantis-makiazo-pagrindas-30-ml.jpg\",\"datePublished\":\"2024-11-06T12:52:22+00:00\",\"dateModified\":\"2026-04-06T16:03:08+00:00\",\"description\":\"MIA MAKEUP ilgai i\u0161liekantis makia\u017eo pagrindas \\\"4EVER FLUID FOUNDATION\\\" pasi\u017eymi ilgai i\u0161liekan\u010diomis savyb\u0117mis, kurios pad\u0117s jums atrodyti nepriekai\u0161tingai...\",\"breadcrumb\":{\"@id\":\"https:\\\/\\\/www.malinashop.lt\\\/en\\\/shop\\\/mia-makeup-4ever-fluid-foundation-03-creamy-natural-ilgai-isliekantis-makiazo-pagrindas-30-ml\\\/#breadcrumb\"},\"inLanguage\":\"en-GB\",\"potentialAction\":[{\"@type\":\"ReadAction\",\"target\":[\"https:\\\/\\\/www.malinashop.lt\\\/en\\\/shop\\\/mia-makeup-4ever-fluid-foundation-03-creamy-natural-ilgai-isliekantis-makiazo-pagrindas-30-ml\\\/\"]}]},{\"@type\":\"ImageObject\",\"inLanguage\":\"en-GB\",\"@id\":\"https:\\\/\\\/www.malinashop.lt\\\/en\\\/shop\\\/mia-makeup-4ever-fluid-foundation-03-creamy-natural-ilgai-isliekantis-makiazo-pagrindas-30-ml\\\/#primaryimage\",\"url\":\"https:\\\/\\\/www.malinashop.lt\\\/wp-content\\\/uploads\\\/2024\\\/11\\\/MIA-MAKEUP-4EVER-FLUID-FOUNDATION-03-CREAMY-NATURAL-ilgai-isliekantis-makiazo-pagrindas-30-ml.jpg\",\"contentUrl\":\"https:\\\/\\\/www.malinashop.lt\\\/wp-content\\\/uploads\\\/2024\\\/11\\\/MIA-MAKEUP-4EVER-FLUID-FOUNDATION-03-CREAMY-NATURAL-ilgai-isliekantis-makiazo-pagrindas-30-ml.jpg\",\"width\":1000,\"height\":1000},{\"@type\":\"BreadcrumbList\",\"@id\":\"https:\\\/\\\/www.malinashop.lt\\\/en\\\/shop\\\/mia-makeup-4ever-fluid-foundation-03-creamy-natural-ilgai-isliekantis-makiazo-pagrindas-30-ml\\\/#breadcrumb\",\"itemListElement\":[{\"@type\":\"ListItem\",\"position\":1,\"name\":\"Home\",\"item\":\"https:\\\/\\\/www.malinashop.lt\\\/en\\\/\"},{\"@type\":\"ListItem\",\"position\":2,\"name\":\"Parduotuv\u0117\",\"item\":\"https:\\\/\\\/www.malinashop.lt\\\/en\\\/parduotuve\\\/\"},{\"@type\":\"ListItem\",\"position\":3,\"name\":\"MIA MAKEUP 4EVER FLUID FOUNDATION 03 CREAMY NATURAL ilgai i\u0161liekantis makia\u017eo pagrindas, 30 ml\"}]},{\"@type\":\"WebSite\",\"@id\":\"https:\\\/\\\/www.malinashop.lt\\\/en\\\/#website\",\"url\":\"https:\\\/\\\/www.malinashop.lt\\\/en\\\/\",\"name\":\"COM Group Ecommerce\",\"description\":\"MalinaShop.lt - Gro\u017eio ir sveikatos produktai i\u0161 patikim\u0173 preki\u0173 \u017eenkl\u0173. Atraskite auk\u0161tos kokyb\u0117s kosmetik\u0105 u\u017e puiki\u0105 kain\u0105.\",\"publisher\":{\"@id\":\"https:\\\/\\\/www.malinashop.lt\\\/en\\\/#organization\"},\"potentialAction\":[{\"@type\":\"SearchAction\",\"target\":{\"@type\":\"EntryPoint\",\"urlTemplate\":\"https:\\\/\\\/www.malinashop.lt\\\/en\\\/?s={search_term_string}\"},\"query-input\":{\"@type\":\"PropertyValueSpecification\",\"valueRequired\":true,\"valueName\":\"search_term_string\"}}],\"inLanguage\":\"en-GB\"},{\"@type\":\"Organization\",\"@id\":\"https:\\\/\\\/www.malinashop.lt\\\/en\\\/#organization\",\"name\":\"COM Group Ecommerce\",\"url\":\"https:\\\/\\\/www.malinashop.lt\\\/en\\\/\",\"logo\":{\"@type\":\"ImageObject\",\"inLanguage\":\"en-GB\",\"@id\":\"https:\\\/\\\/www.malinashop.lt\\\/en\\\/#\\\/schema\\\/logo\\\/image\\\/\",\"url\":\"https:\\\/\\\/www.malinashop.lt\\\/wp-content\\\/uploads\\\/2024\\\/08\\\/462559670_3787732518133670_9795632669273463_n-e1731525914575.png\",\"contentUrl\":\"https:\\\/\\\/www.malinashop.lt\\\/wp-content\\\/uploads\\\/2024\\\/08\\\/462559670_3787732518133670_9795632669273463_n-e1731525914575.png\",\"width\":180,\"height\":60,\"caption\":\"COM Group Ecommerce\"},\"image\":{\"@id\":\"https:\\\/\\\/www.malinashop.lt\\\/en\\\/#\\\/schema\\\/logo\\\/image\\\/\"}}]}<\/script>\n<!-- \/ Yoast SEO plugin. -->","yoast_head_json":{"title":"MIA MAKEUP 4EVER FLUID FOUNDATION 03 CREAMY NATURAL ilgai i\u0161liekantis makia\u017eo pagrindas, 30 ml - MalinaShop.lt J\u016bs\u0173 sveikatai ir gro\u017eiui.","description":"MIA MAKEUP ilgai i\u0161liekantis makia\u017eo pagrindas \"4EVER FLUID FOUNDATION\" pasi\u017eymi ilgai i\u0161liekan\u010diomis savyb\u0117mis, kurios pad\u0117s jums atrodyti nepriekai\u0161tingai...","robots":{"index":"index","follow":"follow","max-snippet":"max-snippet:-1","max-image-preview":"max-image-preview:large","max-video-preview":"max-video-preview:-1"},"canonical":"https:\/\/www.malinashop.lt\/en\/shop\/mia-makeup-4ever-fluid-foundation-03-creamy-natural-ilgai-isliekantis-makiazo-pagrindas-30-ml\/","og_locale":"en_GB","og_type":"article","og_title":"MIA MAKEUP 4EVER FLUID FOUNDATION 03 CREAMY NATURAL ilgai i\u0161liekantis makia\u017eo pagrindas, 30 ml - MalinaShop.lt J\u016bs\u0173 sveikatai ir gro\u017eiui.","og_description":"MIA MAKEUP ilgai i\u0161liekantis makia\u017eo pagrindas \"4EVER FLUID FOUNDATION\" pasi\u017eymi ilgai i\u0161liekan\u010diomis savyb\u0117mis, kurios pad\u0117s jums atrodyti nepriekai\u0161tingai...","og_url":"https:\/\/www.malinashop.lt\/en\/shop\/mia-makeup-4ever-fluid-foundation-03-creamy-natural-ilgai-isliekantis-makiazo-pagrindas-30-ml\/","og_site_name":"MalinaShop.lt J\u016bs\u0173 sveikatai ir gro\u017eiui.","article_modified_time":"2026-04-06T16:03:08+00:00","og_image":[{"width":1000,"height":1000,"url":"https:\/\/www.malinashop.lt\/wp-content\/uploads\/2024\/11\/MIA-MAKEUP-4EVER-FLUID-FOUNDATION-03-CREAMY-NATURAL-ilgai-isliekantis-makiazo-pagrindas-30-ml.jpg","type":"image\/jpeg"}],"twitter_card":"summary_large_image","schema":{"@context":"https:\/\/schema.org","@graph":[{"@type":"WebPage","@id":"https:\/\/www.malinashop.lt\/en\/shop\/mia-makeup-4ever-fluid-foundation-03-creamy-natural-ilgai-isliekantis-makiazo-pagrindas-30-ml\/","url":"https:\/\/www.malinashop.lt\/en\/shop\/mia-makeup-4ever-fluid-foundation-03-creamy-natural-ilgai-isliekantis-makiazo-pagrindas-30-ml\/","name":"MIA MAKEUP 4EVER FLUID FOUNDATION 03 CREAMY NATURAL ilgai i\u0161liekantis makia\u017eo pagrindas, 30 ml - MalinaShop.lt J\u016bs\u0173 sveikatai ir gro\u017eiui.","isPartOf":{"@id":"https:\/\/www.malinashop.lt\/en\/#website"},"primaryImageOfPage":{"@id":"https:\/\/www.malinashop.lt\/en\/shop\/mia-makeup-4ever-fluid-foundation-03-creamy-natural-ilgai-isliekantis-makiazo-pagrindas-30-ml\/#primaryimage"},"image":{"@id":"https:\/\/www.malinashop.lt\/en\/shop\/mia-makeup-4ever-fluid-foundation-03-creamy-natural-ilgai-isliekantis-makiazo-pagrindas-30-ml\/#primaryimage"},"thumbnailUrl":"https:\/\/www.malinashop.lt\/wp-content\/uploads\/2024\/11\/MIA-MAKEUP-4EVER-FLUID-FOUNDATION-03-CREAMY-NATURAL-ilgai-isliekantis-makiazo-pagrindas-30-ml.jpg","datePublished":"2024-11-06T12:52:22+00:00","dateModified":"2026-04-06T16:03:08+00:00","description":"MIA MAKEUP ilgai i\u0161liekantis makia\u017eo pagrindas \"4EVER FLUID FOUNDATION\" pasi\u017eymi ilgai i\u0161liekan\u010diomis savyb\u0117mis, kurios pad\u0117s jums atrodyti nepriekai\u0161tingai...","breadcrumb":{"@id":"https:\/\/www.malinashop.lt\/en\/shop\/mia-makeup-4ever-fluid-foundation-03-creamy-natural-ilgai-isliekantis-makiazo-pagrindas-30-ml\/#breadcrumb"},"inLanguage":"en-GB","potentialAction":[{"@type":"ReadAction","target":["https:\/\/www.malinashop.lt\/en\/shop\/mia-makeup-4ever-fluid-foundation-03-creamy-natural-ilgai-isliekantis-makiazo-pagrindas-30-ml\/"]}]},{"@type":"ImageObject","inLanguage":"en-GB","@id":"https:\/\/www.malinashop.lt\/en\/shop\/mia-makeup-4ever-fluid-foundation-03-creamy-natural-ilgai-isliekantis-makiazo-pagrindas-30-ml\/#primaryimage","url":"https:\/\/www.malinashop.lt\/wp-content\/uploads\/2024\/11\/MIA-MAKEUP-4EVER-FLUID-FOUNDATION-03-CREAMY-NATURAL-ilgai-isliekantis-makiazo-pagrindas-30-ml.jpg","contentUrl":"https:\/\/www.malinashop.lt\/wp-content\/uploads\/2024\/11\/MIA-MAKEUP-4EVER-FLUID-FOUNDATION-03-CREAMY-NATURAL-ilgai-isliekantis-makiazo-pagrindas-30-ml.jpg","width":1000,"height":1000},{"@type":"BreadcrumbList","@id":"https:\/\/www.malinashop.lt\/en\/shop\/mia-makeup-4ever-fluid-foundation-03-creamy-natural-ilgai-isliekantis-makiazo-pagrindas-30-ml\/#breadcrumb","itemListElement":[{"@type":"ListItem","position":1,"name":"Home","item":"https:\/\/www.malinashop.lt\/en\/"},{"@type":"ListItem","position":2,"name":"Parduotuv\u0117","item":"https:\/\/www.malinashop.lt\/en\/parduotuve\/"},{"@type":"ListItem","position":3,"name":"MIA MAKEUP 4EVER FLUID FOUNDATION 03 CREAMY NATURAL ilgai i\u0161liekantis makia\u017eo pagrindas, 30 ml"}]},{"@type":"WebSite","@id":"https:\/\/www.malinashop.lt\/en\/#website","url":"https:\/\/www.malinashop.lt\/en\/","name":"COM Group Ecommerce","description":"MalinaShop.lt - Gro\u017eio ir sveikatos produktai i\u0161 patikim\u0173 preki\u0173 \u017eenkl\u0173. Atraskite auk\u0161tos kokyb\u0117s kosmetik\u0105 u\u017e puiki\u0105 kain\u0105.","publisher":{"@id":"https:\/\/www.malinashop.lt\/en\/#organization"},"potentialAction":[{"@type":"SearchAction","target":{"@type":"EntryPoint","urlTemplate":"https:\/\/www.malinashop.lt\/en\/?s={search_term_string}"},"query-input":{"@type":"PropertyValueSpecification","valueRequired":true,"valueName":"search_term_string"}}],"inLanguage":"en-GB"},{"@type":"Organization","@id":"https:\/\/www.malinashop.lt\/en\/#organization","name":"COM Group Ecommerce","url":"https:\/\/www.malinashop.lt\/en\/","logo":{"@type":"ImageObject","inLanguage":"en-GB","@id":"https:\/\/www.malinashop.lt\/en\/#\/schema\/logo\/image\/","url":"https:\/\/www.malinashop.lt\/wp-content\/uploads\/2024\/08\/462559670_3787732518133670_9795632669273463_n-e1731525914575.png","contentUrl":"https:\/\/www.malinashop.lt\/wp-content\/uploads\/2024\/08\/462559670_3787732518133670_9795632669273463_n-e1731525914575.png","width":180,"height":60,"caption":"COM Group Ecommerce"},"image":{"@id":"https:\/\/www.malinashop.lt\/en\/#\/schema\/logo\/image\/"}}]}},"jetpack_sharing_enabled":true,"_links":{"self":[{"href":"https:\/\/www.malinashop.lt\/en\/wp-json\/wp\/v2\/product\/19671","targetHints":{"allow":["GET"]}}],"collection":[{"href":"https:\/\/www.malinashop.lt\/en\/wp-json\/wp\/v2\/product"}],"about":[{"href":"https:\/\/www.malinashop.lt\/en\/wp-json\/wp\/v2\/types\/product"}],"version-history":[{"count":2,"href":"https:\/\/www.malinashop.lt\/en\/wp-json\/wp\/v2\/product\/19671\/revisions"}],"predecessor-version":[{"id":76248,"href":"https:\/\/www.malinashop.lt\/en\/wp-json\/wp\/v2\/product\/19671\/revisions\/76248"}],"wp:featuredmedia":[{"embeddable":true,"href":"https:\/\/www.malinashop.lt\/en\/wp-json\/wp\/v2\/media\/18203"}],"wp:attachment":[{"href":"https:\/\/www.malinashop.lt\/en\/wp-json\/wp\/v2\/media?parent=19671"}],"wp:term":[{"taxonomy":"product_brand","embeddable":true,"href":"https:\/\/www.malinashop.lt\/en\/wp-json\/wp\/v2\/product_brand?post=19671"},{"taxonomy":"product_cat","embeddable":true,"href":"https:\/\/www.malinashop.lt\/en\/wp-json\/wp\/v2\/product_cat?post=19671"},{"taxonomy":"product_tag","embeddable":true,"href":"https:\/\/www.malinashop.lt\/en\/wp-json\/wp\/v2\/product_tag?post=19671"}],"curies":[{"name":"wp","href":"https:\/\/api.w.org\/{rel}","templated":true}]}}