{"id":19627,"date":"2024-11-06T15:52:17","date_gmt":"2024-11-06T12:52:17","guid":{"rendered":"https:\/\/malinashop.lt\/produktas\/mia-makeup-coffee-shot-concealer-13wp-maskuojamoji-priemone-10-ml\/"},"modified":"2026-04-06T19:02:54","modified_gmt":"2026-04-06T16:02:54","slug":"mia-makeup-coffee-shot-concealer-13wp-maskuojamoji-priemone-10-ml","status":"publish","type":"product","link":"https:\/\/www.malinashop.lt\/en\/shop\/mia-makeup-coffee-shot-concealer-13wp-maskuojamoji-priemone-10-ml\/","title":{"rendered":"MIA MAKEUP COFFEE SHOT CONCEALER 13WP maskuojamoji priemon\u0117, 10 ml"},"content":{"rendered":"<p>MIA MAKEUP maskuojamoji priemon\u0117 COFFEE SHOT CONCEALER &#8211; itin gerai dengianti skysta maskuojamoji priemon\u0117. Ji veiksmingai maskuoja netobulumus, paslepia tamsias d\u0117mes, poras, smulkias rauk\u0161leles ir rauk\u0161les. D\u0117l kofeino praturtintos formul\u0117s \u0161i priemon\u0117 veiksmingai koreguoja mai\u0161elius po akimis ir tamsius ratilus, suteikdama gaiv\u0173 ir atjaunint\u0105 \u012fvaizd\u012f. COFFEE SHOT CONCEALER i\u0161lygina aki\u0173 kont\u016br\u0105, spalvos nelygumus ir suteikia nat\u016bral\u0173 rezultat\u0105. Lengvai formuojama tekst\u016bra puikiai padengia, pary\u0161kina ir suvienodina veido spalv\u0105, tinka vis\u0173 tip\u0173 odai.<\/p>\n<p>Patarimas: Aki\u0173 kont\u016brui koreguoti rinkit\u0117s maskuokl\u012f, kuris yra vienu ar dviem tonais \u0161viesesnis u\u017e j\u016bs\u0173 odos atspalv\u012f.<\/p>\n<p>Naudojimas: Tepkite ant netobulum\u0173 prie\u0161 naudojant kremin\u0119 pudr\u0105, sutvarkykite tamsius paakius, l\u016bp\u0173 ir nosies \u0161onus. I\u0161sklaidykite \u0161velniai pir\u0161t\u0173 galiukais arba makia\u017eo kempin\u0117le<\/p>\n","protected":false},"excerpt":{"rendered":"<p>MIA MAKEUP maskuojamoji priemon\u0117 COFFEE SHOT CONCEALER &#8211; itin gerai dengianti skysta maskuojamoji priemon\u0117. Ji veiksmingai maskuoja netobulumus, paslepia tamsias d\u0117mes, poras, smulkias rauk\u0161leles ir rauk\u0161les.<\/p>\n","protected":false},"featured_media":18262,"template":"","meta":[],"product_brand":[522],"product_cat":[102,798,728],"product_tag":[1633],"class_list":{"0":"post-19627","1":"product","2":"type-product","3":"status-publish","4":"has-post-thumbnail","6":"product_brand-mia-makeup","7":"product_cat-dekoratyvine-kosmetika","8":"product_cat-maskavimo-priemones","9":"product_cat-veidui","10":"product_tag-mia-makeup","12":"first","13":"instock","14":"sale","15":"taxable","16":"shipping-taxable","17":"purchasable","18":"product-type-simple"},"yoast_head":"<!-- This site is optimized with the Yoast SEO plugin v27.4 - https:\/\/yoast.com\/product\/yoast-seo-wordpress\/ -->\n<title>MIA MAKEUP COFFEE SHOT CONCEALER 13WP maskuojamoji priemon\u0117, 10 ml - MalinaShop.lt J\u016bs\u0173 sveikatai ir gro\u017eiui.<\/title>\n<meta name=\"description\" content=\"MIA MAKEUP maskuojamoji priemon\u0117 COFFEE SHOT CONCEALER - itin gerai dengianti skysta maskuojamoji priemon\u0117. Ji veiksmingai maskuoja netobulumus, paslepia...\" \/>\n<meta name=\"robots\" content=\"index, follow, max-snippet:-1, max-image-preview:large, max-video-preview:-1\" \/>\n<link rel=\"canonical\" href=\"https:\/\/www.malinashop.lt\/en\/shop\/mia-makeup-coffee-shot-concealer-13wp-maskuojamoji-priemone-10-ml\/\" \/>\n<meta property=\"og:locale\" content=\"en_GB\" \/>\n<meta property=\"og:type\" content=\"article\" \/>\n<meta property=\"og:title\" content=\"MIA MAKEUP COFFEE SHOT CONCEALER 13WP maskuojamoji priemon\u0117, 10 ml - MalinaShop.lt J\u016bs\u0173 sveikatai ir gro\u017eiui.\" \/>\n<meta property=\"og:description\" content=\"MIA MAKEUP maskuojamoji priemon\u0117 COFFEE SHOT CONCEALER - itin gerai dengianti skysta maskuojamoji priemon\u0117. Ji veiksmingai maskuoja netobulumus, paslepia...\" \/>\n<meta property=\"og:url\" content=\"https:\/\/www.malinashop.lt\/en\/shop\/mia-makeup-coffee-shot-concealer-13wp-maskuojamoji-priemone-10-ml\/\" \/>\n<meta property=\"og:site_name\" content=\"MalinaShop.lt J\u016bs\u0173 sveikatai ir gro\u017eiui.\" \/>\n<meta property=\"article:modified_time\" content=\"2026-04-06T16:02:54+00:00\" \/>\n<meta property=\"og:image\" content=\"https:\/\/www.malinashop.lt\/wp-content\/uploads\/2024\/11\/MIA-MAKEUP-COFFEE-SHOT-CONCEALER-13WP-maskuojamoji-priemone-10-ml.jpg\" \/>\n\t<meta property=\"og:image:width\" content=\"1000\" \/>\n\t<meta property=\"og:image:height\" content=\"1000\" \/>\n\t<meta property=\"og:image:type\" content=\"image\/jpeg\" \/>\n<meta name=\"twitter:card\" content=\"summary_large_image\" \/>\n<script type=\"application\/ld+json\" class=\"yoast-schema-graph\">{\"@context\":\"https:\\\/\\\/schema.org\",\"@graph\":[{\"@type\":\"WebPage\",\"@id\":\"https:\\\/\\\/www.malinashop.lt\\\/en\\\/shop\\\/mia-makeup-coffee-shot-concealer-13wp-maskuojamoji-priemone-10-ml\\\/\",\"url\":\"https:\\\/\\\/www.malinashop.lt\\\/en\\\/shop\\\/mia-makeup-coffee-shot-concealer-13wp-maskuojamoji-priemone-10-ml\\\/\",\"name\":\"MIA MAKEUP COFFEE SHOT CONCEALER 13WP maskuojamoji priemon\u0117, 10 ml - MalinaShop.lt J\u016bs\u0173 sveikatai ir gro\u017eiui.\",\"isPartOf\":{\"@id\":\"https:\\\/\\\/www.malinashop.lt\\\/#website\"},\"primaryImageOfPage\":{\"@id\":\"https:\\\/\\\/www.malinashop.lt\\\/en\\\/shop\\\/mia-makeup-coffee-shot-concealer-13wp-maskuojamoji-priemone-10-ml\\\/#primaryimage\"},\"image\":{\"@id\":\"https:\\\/\\\/www.malinashop.lt\\\/en\\\/shop\\\/mia-makeup-coffee-shot-concealer-13wp-maskuojamoji-priemone-10-ml\\\/#primaryimage\"},\"thumbnailUrl\":\"https:\\\/\\\/www.malinashop.lt\\\/wp-content\\\/uploads\\\/2024\\\/11\\\/MIA-MAKEUP-COFFEE-SHOT-CONCEALER-13WP-maskuojamoji-priemone-10-ml.jpg\",\"datePublished\":\"2024-11-06T12:52:17+00:00\",\"dateModified\":\"2026-04-06T16:02:54+00:00\",\"description\":\"MIA MAKEUP maskuojamoji priemon\u0117 COFFEE SHOT CONCEALER - itin gerai dengianti skysta maskuojamoji priemon\u0117. Ji veiksmingai maskuoja netobulumus, paslepia...\",\"breadcrumb\":{\"@id\":\"https:\\\/\\\/www.malinashop.lt\\\/en\\\/shop\\\/mia-makeup-coffee-shot-concealer-13wp-maskuojamoji-priemone-10-ml\\\/#breadcrumb\"},\"inLanguage\":\"en-GB\",\"potentialAction\":[{\"@type\":\"ReadAction\",\"target\":[\"https:\\\/\\\/www.malinashop.lt\\\/en\\\/shop\\\/mia-makeup-coffee-shot-concealer-13wp-maskuojamoji-priemone-10-ml\\\/\"]}]},{\"@type\":\"ImageObject\",\"inLanguage\":\"en-GB\",\"@id\":\"https:\\\/\\\/www.malinashop.lt\\\/en\\\/shop\\\/mia-makeup-coffee-shot-concealer-13wp-maskuojamoji-priemone-10-ml\\\/#primaryimage\",\"url\":\"https:\\\/\\\/www.malinashop.lt\\\/wp-content\\\/uploads\\\/2024\\\/11\\\/MIA-MAKEUP-COFFEE-SHOT-CONCEALER-13WP-maskuojamoji-priemone-10-ml.jpg\",\"contentUrl\":\"https:\\\/\\\/www.malinashop.lt\\\/wp-content\\\/uploads\\\/2024\\\/11\\\/MIA-MAKEUP-COFFEE-SHOT-CONCEALER-13WP-maskuojamoji-priemone-10-ml.jpg\",\"width\":1000,\"height\":1000},{\"@type\":\"BreadcrumbList\",\"@id\":\"https:\\\/\\\/www.malinashop.lt\\\/en\\\/shop\\\/mia-makeup-coffee-shot-concealer-13wp-maskuojamoji-priemone-10-ml\\\/#breadcrumb\",\"itemListElement\":[{\"@type\":\"ListItem\",\"position\":1,\"name\":\"Pagrindinis\",\"item\":\"https:\\\/\\\/www.malinashop.lt\\\/\"},{\"@type\":\"ListItem\",\"position\":2,\"name\":\"Parduotuv\u0117\",\"item\":\"https:\\\/\\\/www.malinashop.lt\\\/en\\\/parduotuve\\\/\"},{\"@type\":\"ListItem\",\"position\":3,\"name\":\"MIA MAKEUP COFFEE SHOT CONCEALER 13WP maskuojamoji priemon\u0117, 10 ml\"}]},{\"@type\":\"WebSite\",\"@id\":\"https:\\\/\\\/www.malinashop.lt\\\/#website\",\"url\":\"https:\\\/\\\/www.malinashop.lt\\\/\",\"name\":\"COM Group Ecommerce\",\"description\":\"MalinaShop.lt - Gro\u017eio ir sveikatos produktai i\u0161 patikim\u0173 preki\u0173 \u017eenkl\u0173. Atraskite auk\u0161tos kokyb\u0117s kosmetik\u0105 u\u017e puiki\u0105 kain\u0105.\",\"publisher\":{\"@id\":\"https:\\\/\\\/www.malinashop.lt\\\/#organization\"},\"potentialAction\":[{\"@type\":\"SearchAction\",\"target\":{\"@type\":\"EntryPoint\",\"urlTemplate\":\"https:\\\/\\\/www.malinashop.lt\\\/?s={search_term_string}\"},\"query-input\":{\"@type\":\"PropertyValueSpecification\",\"valueRequired\":true,\"valueName\":\"search_term_string\"}}],\"inLanguage\":\"en-GB\"},{\"@type\":\"Organization\",\"@id\":\"https:\\\/\\\/www.malinashop.lt\\\/#organization\",\"name\":\"COM Group Ecommerce\",\"url\":\"https:\\\/\\\/www.malinashop.lt\\\/\",\"logo\":{\"@type\":\"ImageObject\",\"inLanguage\":\"en-GB\",\"@id\":\"https:\\\/\\\/www.malinashop.lt\\\/#\\\/schema\\\/logo\\\/image\\\/\",\"url\":\"https:\\\/\\\/www.malinashop.lt\\\/wp-content\\\/uploads\\\/2024\\\/08\\\/462559670_3787732518133670_9795632669273463_n-e1731525914575.png\",\"contentUrl\":\"https:\\\/\\\/www.malinashop.lt\\\/wp-content\\\/uploads\\\/2024\\\/08\\\/462559670_3787732518133670_9795632669273463_n-e1731525914575.png\",\"width\":180,\"height\":60,\"caption\":\"COM Group Ecommerce\"},\"image\":{\"@id\":\"https:\\\/\\\/www.malinashop.lt\\\/#\\\/schema\\\/logo\\\/image\\\/\"}}]}<\/script>\n<!-- \/ Yoast SEO plugin. -->","yoast_head_json":{"title":"MIA MAKEUP COFFEE SHOT CONCEALER 13WP maskuojamoji priemon\u0117, 10 ml - MalinaShop.lt J\u016bs\u0173 sveikatai ir gro\u017eiui.","description":"MIA MAKEUP maskuojamoji priemon\u0117 COFFEE SHOT CONCEALER - itin gerai dengianti skysta maskuojamoji priemon\u0117. Ji veiksmingai maskuoja netobulumus, paslepia...","robots":{"index":"index","follow":"follow","max-snippet":"max-snippet:-1","max-image-preview":"max-image-preview:large","max-video-preview":"max-video-preview:-1"},"canonical":"https:\/\/www.malinashop.lt\/en\/shop\/mia-makeup-coffee-shot-concealer-13wp-maskuojamoji-priemone-10-ml\/","og_locale":"en_GB","og_type":"article","og_title":"MIA MAKEUP COFFEE SHOT CONCEALER 13WP maskuojamoji priemon\u0117, 10 ml - MalinaShop.lt J\u016bs\u0173 sveikatai ir gro\u017eiui.","og_description":"MIA MAKEUP maskuojamoji priemon\u0117 COFFEE SHOT CONCEALER - itin gerai dengianti skysta maskuojamoji priemon\u0117. Ji veiksmingai maskuoja netobulumus, paslepia...","og_url":"https:\/\/www.malinashop.lt\/en\/shop\/mia-makeup-coffee-shot-concealer-13wp-maskuojamoji-priemone-10-ml\/","og_site_name":"MalinaShop.lt J\u016bs\u0173 sveikatai ir gro\u017eiui.","article_modified_time":"2026-04-06T16:02:54+00:00","og_image":[{"width":1000,"height":1000,"url":"https:\/\/www.malinashop.lt\/wp-content\/uploads\/2024\/11\/MIA-MAKEUP-COFFEE-SHOT-CONCEALER-13WP-maskuojamoji-priemone-10-ml.jpg","type":"image\/jpeg"}],"twitter_card":"summary_large_image","schema":{"@context":"https:\/\/schema.org","@graph":[{"@type":"WebPage","@id":"https:\/\/www.malinashop.lt\/en\/shop\/mia-makeup-coffee-shot-concealer-13wp-maskuojamoji-priemone-10-ml\/","url":"https:\/\/www.malinashop.lt\/en\/shop\/mia-makeup-coffee-shot-concealer-13wp-maskuojamoji-priemone-10-ml\/","name":"MIA MAKEUP COFFEE SHOT CONCEALER 13WP maskuojamoji priemon\u0117, 10 ml - MalinaShop.lt J\u016bs\u0173 sveikatai ir gro\u017eiui.","isPartOf":{"@id":"https:\/\/www.malinashop.lt\/#website"},"primaryImageOfPage":{"@id":"https:\/\/www.malinashop.lt\/en\/shop\/mia-makeup-coffee-shot-concealer-13wp-maskuojamoji-priemone-10-ml\/#primaryimage"},"image":{"@id":"https:\/\/www.malinashop.lt\/en\/shop\/mia-makeup-coffee-shot-concealer-13wp-maskuojamoji-priemone-10-ml\/#primaryimage"},"thumbnailUrl":"https:\/\/www.malinashop.lt\/wp-content\/uploads\/2024\/11\/MIA-MAKEUP-COFFEE-SHOT-CONCEALER-13WP-maskuojamoji-priemone-10-ml.jpg","datePublished":"2024-11-06T12:52:17+00:00","dateModified":"2026-04-06T16:02:54+00:00","description":"MIA MAKEUP maskuojamoji priemon\u0117 COFFEE SHOT CONCEALER - itin gerai dengianti skysta maskuojamoji priemon\u0117. Ji veiksmingai maskuoja netobulumus, paslepia...","breadcrumb":{"@id":"https:\/\/www.malinashop.lt\/en\/shop\/mia-makeup-coffee-shot-concealer-13wp-maskuojamoji-priemone-10-ml\/#breadcrumb"},"inLanguage":"en-GB","potentialAction":[{"@type":"ReadAction","target":["https:\/\/www.malinashop.lt\/en\/shop\/mia-makeup-coffee-shot-concealer-13wp-maskuojamoji-priemone-10-ml\/"]}]},{"@type":"ImageObject","inLanguage":"en-GB","@id":"https:\/\/www.malinashop.lt\/en\/shop\/mia-makeup-coffee-shot-concealer-13wp-maskuojamoji-priemone-10-ml\/#primaryimage","url":"https:\/\/www.malinashop.lt\/wp-content\/uploads\/2024\/11\/MIA-MAKEUP-COFFEE-SHOT-CONCEALER-13WP-maskuojamoji-priemone-10-ml.jpg","contentUrl":"https:\/\/www.malinashop.lt\/wp-content\/uploads\/2024\/11\/MIA-MAKEUP-COFFEE-SHOT-CONCEALER-13WP-maskuojamoji-priemone-10-ml.jpg","width":1000,"height":1000},{"@type":"BreadcrumbList","@id":"https:\/\/www.malinashop.lt\/en\/shop\/mia-makeup-coffee-shot-concealer-13wp-maskuojamoji-priemone-10-ml\/#breadcrumb","itemListElement":[{"@type":"ListItem","position":1,"name":"Pagrindinis","item":"https:\/\/www.malinashop.lt\/"},{"@type":"ListItem","position":2,"name":"Parduotuv\u0117","item":"https:\/\/www.malinashop.lt\/en\/parduotuve\/"},{"@type":"ListItem","position":3,"name":"MIA MAKEUP COFFEE SHOT CONCEALER 13WP maskuojamoji priemon\u0117, 10 ml"}]},{"@type":"WebSite","@id":"https:\/\/www.malinashop.lt\/#website","url":"https:\/\/www.malinashop.lt\/","name":"COM Group Ecommerce","description":"MalinaShop.lt - Gro\u017eio ir sveikatos produktai i\u0161 patikim\u0173 preki\u0173 \u017eenkl\u0173. Atraskite auk\u0161tos kokyb\u0117s kosmetik\u0105 u\u017e puiki\u0105 kain\u0105.","publisher":{"@id":"https:\/\/www.malinashop.lt\/#organization"},"potentialAction":[{"@type":"SearchAction","target":{"@type":"EntryPoint","urlTemplate":"https:\/\/www.malinashop.lt\/?s={search_term_string}"},"query-input":{"@type":"PropertyValueSpecification","valueRequired":true,"valueName":"search_term_string"}}],"inLanguage":"en-GB"},{"@type":"Organization","@id":"https:\/\/www.malinashop.lt\/#organization","name":"COM Group Ecommerce","url":"https:\/\/www.malinashop.lt\/","logo":{"@type":"ImageObject","inLanguage":"en-GB","@id":"https:\/\/www.malinashop.lt\/#\/schema\/logo\/image\/","url":"https:\/\/www.malinashop.lt\/wp-content\/uploads\/2024\/08\/462559670_3787732518133670_9795632669273463_n-e1731525914575.png","contentUrl":"https:\/\/www.malinashop.lt\/wp-content\/uploads\/2024\/08\/462559670_3787732518133670_9795632669273463_n-e1731525914575.png","width":180,"height":60,"caption":"COM Group Ecommerce"},"image":{"@id":"https:\/\/www.malinashop.lt\/#\/schema\/logo\/image\/"}}]}},"jetpack_sharing_enabled":true,"_links":{"self":[{"href":"https:\/\/www.malinashop.lt\/en\/wp-json\/wp\/v2\/product\/19627","targetHints":{"allow":["GET"]}}],"collection":[{"href":"https:\/\/www.malinashop.lt\/en\/wp-json\/wp\/v2\/product"}],"about":[{"href":"https:\/\/www.malinashop.lt\/en\/wp-json\/wp\/v2\/types\/product"}],"version-history":[{"count":3,"href":"https:\/\/www.malinashop.lt\/en\/wp-json\/wp\/v2\/product\/19627\/revisions"}],"predecessor-version":[{"id":76226,"href":"https:\/\/www.malinashop.lt\/en\/wp-json\/wp\/v2\/product\/19627\/revisions\/76226"}],"wp:featuredmedia":[{"embeddable":true,"href":"https:\/\/www.malinashop.lt\/en\/wp-json\/wp\/v2\/media\/18262"}],"wp:attachment":[{"href":"https:\/\/www.malinashop.lt\/en\/wp-json\/wp\/v2\/media?parent=19627"}],"wp:term":[{"taxonomy":"product_brand","embeddable":true,"href":"https:\/\/www.malinashop.lt\/en\/wp-json\/wp\/v2\/product_brand?post=19627"},{"taxonomy":"product_cat","embeddable":true,"href":"https:\/\/www.malinashop.lt\/en\/wp-json\/wp\/v2\/product_cat?post=19627"},{"taxonomy":"product_tag","embeddable":true,"href":"https:\/\/www.malinashop.lt\/en\/wp-json\/wp\/v2\/product_tag?post=19627"}],"curies":[{"name":"wp","href":"https:\/\/api.w.org\/{rel}","templated":true}]}}