{"id":19609,"date":"2024-11-06T15:52:10","date_gmt":"2024-11-06T12:52:10","guid":{"rendered":"https:\/\/malinashop.lt\/produktas\/mia-makeup-silky-shot-foundation-06c-ilgai-isliekantis-makiazo-pagrindas-30-ml\/"},"modified":"2026-04-06T19:02:49","modified_gmt":"2026-04-06T16:02:49","slug":"mia-makeup-silky-shot-foundation-06c-ilgai-isliekantis-makiazo-pagrindas-30-ml","status":"publish","type":"product","link":"https:\/\/www.malinashop.lt\/en\/shop\/mia-makeup-silky-shot-foundation-06c-ilgai-isliekantis-makiazo-pagrindas-30-ml\/","title":{"rendered":"MIA MAKEUP SILKY SHOT FOUNDATION 06C ilgai i\u0161liekantis makia\u017eo pagrindas, 30 ml"},"content":{"rendered":"<p>Atraskite MIA MAKEUP ilgai i\u0161liekant\u012f makia\u017eo pagrind\u0105 SILKY SHOT FOUNDATION, kuris puikiai paslepia odos tr\u016bkumus, suteikdamas nepriekai\u0161ting\u0105 i\u0161vaizd\u0105. Matin\u0117 \u0161io pagrindo tekst\u016bra suvienodina veido spalv\u0105, suma\u017eina poras ir blizges\u012f, pagerindama odos tekst\u016br\u0105. D\u0117l veikliosios med\u017eiagos \u201eSkin Phytolift\u201c rauk\u0161l\u0117s atrodo ma\u017eesn\u0117s, o oda &#8211; lygesn\u0117.<\/p>\n<p>\u0160\u012f makia\u017eo pagrind\u0105 (18N atspalv\u012f) galite mai\u0161yti su kitomis spalvomis, kad atrastum\u0117te savo individual\u0173, puikiai tinkant\u012f atspalv\u012f. Nor\u0117dami pasiekti geriausi\u0173 rezultat\u0173, tepkite j\u012f ant \u0161varios veido odos naudodami makia\u017eo \u0161epet\u0117l\u012f arba kempin\u0117l\u0119<\/p>\n","protected":false},"excerpt":{"rendered":"<p>Atraskite MIA MAKEUP ilgai i\u0161liekant\u012f makia\u017eo pagrind\u0105 SILKY SHOT FOUNDATION, kuris puikiai paslepia odos tr\u016bkumus, suteikdamas nepriekai\u0161ting\u0105 i\u0161vaizd\u0105. Matin\u0117 \u0161io pagrindo tekst\u016bra suvienodina veido spalv\u0105, suma\u017eina poras ir blizges\u012f, pagerindama odos tekst\u016br\u0105.<\/p>\n","protected":false},"featured_media":18394,"template":"","meta":[],"product_brand":[522],"product_cat":[102,530,728],"product_tag":[1633],"class_list":{"0":"post-19609","1":"product","2":"type-product","3":"status-publish","4":"has-post-thumbnail","6":"product_brand-mia-makeup","7":"product_cat-dekoratyvine-kosmetika","8":"product_cat-makiazo-pagrindas","9":"product_cat-veidui","10":"product_tag-mia-makeup","12":"first","13":"instock","14":"sale","15":"taxable","16":"shipping-taxable","17":"purchasable","18":"product-type-simple"},"yoast_head":"<!-- This site is optimized with the Yoast SEO plugin v27.4 - https:\/\/yoast.com\/product\/yoast-seo-wordpress\/ -->\n<title>MIA MAKEUP SILKY SHOT FOUNDATION 06C ilgai i\u0161liekantis makia\u017eo pagrindas, 30 ml - MalinaShop.lt J\u016bs\u0173 sveikatai ir gro\u017eiui.<\/title>\n<meta name=\"description\" content=\"Atraskite MIA MAKEUP ilgai i\u0161liekant\u012f makia\u017eo pagrind\u0105 SILKY SHOT FOUNDATION, kuris puikiai paslepia odos tr\u016bkumus, suteikdamas nepriekai\u0161ting\u0105 i\u0161vaizd\u0105....\" \/>\n<meta name=\"robots\" content=\"index, follow, max-snippet:-1, max-image-preview:large, max-video-preview:-1\" \/>\n<link rel=\"canonical\" href=\"https:\/\/www.malinashop.lt\/en\/shop\/mia-makeup-silky-shot-foundation-06c-ilgai-isliekantis-makiazo-pagrindas-30-ml\/\" \/>\n<meta property=\"og:locale\" content=\"en_GB\" \/>\n<meta property=\"og:type\" content=\"article\" \/>\n<meta property=\"og:title\" content=\"MIA MAKEUP SILKY SHOT FOUNDATION 06C ilgai i\u0161liekantis makia\u017eo pagrindas, 30 ml - MalinaShop.lt J\u016bs\u0173 sveikatai ir gro\u017eiui.\" \/>\n<meta property=\"og:description\" content=\"Atraskite MIA MAKEUP ilgai i\u0161liekant\u012f makia\u017eo pagrind\u0105 SILKY SHOT FOUNDATION, kuris puikiai paslepia odos tr\u016bkumus, suteikdamas nepriekai\u0161ting\u0105 i\u0161vaizd\u0105....\" \/>\n<meta property=\"og:url\" content=\"https:\/\/www.malinashop.lt\/en\/shop\/mia-makeup-silky-shot-foundation-06c-ilgai-isliekantis-makiazo-pagrindas-30-ml\/\" \/>\n<meta property=\"og:site_name\" content=\"MalinaShop.lt J\u016bs\u0173 sveikatai ir gro\u017eiui.\" \/>\n<meta property=\"article:modified_time\" content=\"2026-04-06T16:02:49+00:00\" \/>\n<meta property=\"og:image\" content=\"https:\/\/www.malinashop.lt\/wp-content\/uploads\/2024\/11\/MIA-MAKEUP-SILKY-SHOT-FOUNDATION-06C-ilgai-isliekantis-makiazo-pagrindas-30-ml.jpg\" \/>\n\t<meta property=\"og:image:width\" content=\"1000\" \/>\n\t<meta property=\"og:image:height\" content=\"1000\" \/>\n\t<meta property=\"og:image:type\" content=\"image\/jpeg\" \/>\n<meta name=\"twitter:card\" content=\"summary_large_image\" \/>\n<script type=\"application\/ld+json\" class=\"yoast-schema-graph\">{\"@context\":\"https:\\\/\\\/schema.org\",\"@graph\":[{\"@type\":\"WebPage\",\"@id\":\"https:\\\/\\\/www.malinashop.lt\\\/en\\\/shop\\\/mia-makeup-silky-shot-foundation-06c-ilgai-isliekantis-makiazo-pagrindas-30-ml\\\/\",\"url\":\"https:\\\/\\\/www.malinashop.lt\\\/en\\\/shop\\\/mia-makeup-silky-shot-foundation-06c-ilgai-isliekantis-makiazo-pagrindas-30-ml\\\/\",\"name\":\"MIA MAKEUP SILKY SHOT FOUNDATION 06C ilgai i\u0161liekantis makia\u017eo pagrindas, 30 ml - MalinaShop.lt J\u016bs\u0173 sveikatai ir gro\u017eiui.\",\"isPartOf\":{\"@id\":\"https:\\\/\\\/www.malinashop.lt\\\/#website\"},\"primaryImageOfPage\":{\"@id\":\"https:\\\/\\\/www.malinashop.lt\\\/en\\\/shop\\\/mia-makeup-silky-shot-foundation-06c-ilgai-isliekantis-makiazo-pagrindas-30-ml\\\/#primaryimage\"},\"image\":{\"@id\":\"https:\\\/\\\/www.malinashop.lt\\\/en\\\/shop\\\/mia-makeup-silky-shot-foundation-06c-ilgai-isliekantis-makiazo-pagrindas-30-ml\\\/#primaryimage\"},\"thumbnailUrl\":\"https:\\\/\\\/www.malinashop.lt\\\/wp-content\\\/uploads\\\/2024\\\/11\\\/MIA-MAKEUP-SILKY-SHOT-FOUNDATION-06C-ilgai-isliekantis-makiazo-pagrindas-30-ml.jpg\",\"datePublished\":\"2024-11-06T12:52:10+00:00\",\"dateModified\":\"2026-04-06T16:02:49+00:00\",\"description\":\"Atraskite MIA MAKEUP ilgai i\u0161liekant\u012f makia\u017eo pagrind\u0105 SILKY SHOT FOUNDATION, kuris puikiai paslepia odos tr\u016bkumus, suteikdamas nepriekai\u0161ting\u0105 i\u0161vaizd\u0105....\",\"breadcrumb\":{\"@id\":\"https:\\\/\\\/www.malinashop.lt\\\/en\\\/shop\\\/mia-makeup-silky-shot-foundation-06c-ilgai-isliekantis-makiazo-pagrindas-30-ml\\\/#breadcrumb\"},\"inLanguage\":\"en-GB\",\"potentialAction\":[{\"@type\":\"ReadAction\",\"target\":[\"https:\\\/\\\/www.malinashop.lt\\\/en\\\/shop\\\/mia-makeup-silky-shot-foundation-06c-ilgai-isliekantis-makiazo-pagrindas-30-ml\\\/\"]}]},{\"@type\":\"ImageObject\",\"inLanguage\":\"en-GB\",\"@id\":\"https:\\\/\\\/www.malinashop.lt\\\/en\\\/shop\\\/mia-makeup-silky-shot-foundation-06c-ilgai-isliekantis-makiazo-pagrindas-30-ml\\\/#primaryimage\",\"url\":\"https:\\\/\\\/www.malinashop.lt\\\/wp-content\\\/uploads\\\/2024\\\/11\\\/MIA-MAKEUP-SILKY-SHOT-FOUNDATION-06C-ilgai-isliekantis-makiazo-pagrindas-30-ml.jpg\",\"contentUrl\":\"https:\\\/\\\/www.malinashop.lt\\\/wp-content\\\/uploads\\\/2024\\\/11\\\/MIA-MAKEUP-SILKY-SHOT-FOUNDATION-06C-ilgai-isliekantis-makiazo-pagrindas-30-ml.jpg\",\"width\":1000,\"height\":1000},{\"@type\":\"BreadcrumbList\",\"@id\":\"https:\\\/\\\/www.malinashop.lt\\\/en\\\/shop\\\/mia-makeup-silky-shot-foundation-06c-ilgai-isliekantis-makiazo-pagrindas-30-ml\\\/#breadcrumb\",\"itemListElement\":[{\"@type\":\"ListItem\",\"position\":1,\"name\":\"Pagrindinis\",\"item\":\"https:\\\/\\\/www.malinashop.lt\\\/\"},{\"@type\":\"ListItem\",\"position\":2,\"name\":\"Parduotuv\u0117\",\"item\":\"https:\\\/\\\/www.malinashop.lt\\\/en\\\/parduotuve\\\/\"},{\"@type\":\"ListItem\",\"position\":3,\"name\":\"MIA MAKEUP SILKY SHOT FOUNDATION 06C ilgai i\u0161liekantis makia\u017eo pagrindas, 30 ml\"}]},{\"@type\":\"WebSite\",\"@id\":\"https:\\\/\\\/www.malinashop.lt\\\/#website\",\"url\":\"https:\\\/\\\/www.malinashop.lt\\\/\",\"name\":\"COM Group Ecommerce\",\"description\":\"MalinaShop.lt - Gro\u017eio ir sveikatos produktai i\u0161 patikim\u0173 preki\u0173 \u017eenkl\u0173. Atraskite auk\u0161tos kokyb\u0117s kosmetik\u0105 u\u017e puiki\u0105 kain\u0105.\",\"publisher\":{\"@id\":\"https:\\\/\\\/www.malinashop.lt\\\/#organization\"},\"potentialAction\":[{\"@type\":\"SearchAction\",\"target\":{\"@type\":\"EntryPoint\",\"urlTemplate\":\"https:\\\/\\\/www.malinashop.lt\\\/?s={search_term_string}\"},\"query-input\":{\"@type\":\"PropertyValueSpecification\",\"valueRequired\":true,\"valueName\":\"search_term_string\"}}],\"inLanguage\":\"en-GB\"},{\"@type\":\"Organization\",\"@id\":\"https:\\\/\\\/www.malinashop.lt\\\/#organization\",\"name\":\"COM Group Ecommerce\",\"url\":\"https:\\\/\\\/www.malinashop.lt\\\/\",\"logo\":{\"@type\":\"ImageObject\",\"inLanguage\":\"en-GB\",\"@id\":\"https:\\\/\\\/www.malinashop.lt\\\/#\\\/schema\\\/logo\\\/image\\\/\",\"url\":\"https:\\\/\\\/www.malinashop.lt\\\/wp-content\\\/uploads\\\/2024\\\/08\\\/462559670_3787732518133670_9795632669273463_n-e1731525914575.png\",\"contentUrl\":\"https:\\\/\\\/www.malinashop.lt\\\/wp-content\\\/uploads\\\/2024\\\/08\\\/462559670_3787732518133670_9795632669273463_n-e1731525914575.png\",\"width\":180,\"height\":60,\"caption\":\"COM Group Ecommerce\"},\"image\":{\"@id\":\"https:\\\/\\\/www.malinashop.lt\\\/#\\\/schema\\\/logo\\\/image\\\/\"}}]}<\/script>\n<!-- \/ Yoast SEO plugin. -->","yoast_head_json":{"title":"MIA MAKEUP SILKY SHOT FOUNDATION 06C ilgai i\u0161liekantis makia\u017eo pagrindas, 30 ml - MalinaShop.lt J\u016bs\u0173 sveikatai ir gro\u017eiui.","description":"Atraskite MIA MAKEUP ilgai i\u0161liekant\u012f makia\u017eo pagrind\u0105 SILKY SHOT FOUNDATION, kuris puikiai paslepia odos tr\u016bkumus, suteikdamas nepriekai\u0161ting\u0105 i\u0161vaizd\u0105....","robots":{"index":"index","follow":"follow","max-snippet":"max-snippet:-1","max-image-preview":"max-image-preview:large","max-video-preview":"max-video-preview:-1"},"canonical":"https:\/\/www.malinashop.lt\/en\/shop\/mia-makeup-silky-shot-foundation-06c-ilgai-isliekantis-makiazo-pagrindas-30-ml\/","og_locale":"en_GB","og_type":"article","og_title":"MIA MAKEUP SILKY SHOT FOUNDATION 06C ilgai i\u0161liekantis makia\u017eo pagrindas, 30 ml - MalinaShop.lt J\u016bs\u0173 sveikatai ir gro\u017eiui.","og_description":"Atraskite MIA MAKEUP ilgai i\u0161liekant\u012f makia\u017eo pagrind\u0105 SILKY SHOT FOUNDATION, kuris puikiai paslepia odos tr\u016bkumus, suteikdamas nepriekai\u0161ting\u0105 i\u0161vaizd\u0105....","og_url":"https:\/\/www.malinashop.lt\/en\/shop\/mia-makeup-silky-shot-foundation-06c-ilgai-isliekantis-makiazo-pagrindas-30-ml\/","og_site_name":"MalinaShop.lt J\u016bs\u0173 sveikatai ir gro\u017eiui.","article_modified_time":"2026-04-06T16:02:49+00:00","og_image":[{"width":1000,"height":1000,"url":"https:\/\/www.malinashop.lt\/wp-content\/uploads\/2024\/11\/MIA-MAKEUP-SILKY-SHOT-FOUNDATION-06C-ilgai-isliekantis-makiazo-pagrindas-30-ml.jpg","type":"image\/jpeg"}],"twitter_card":"summary_large_image","schema":{"@context":"https:\/\/schema.org","@graph":[{"@type":"WebPage","@id":"https:\/\/www.malinashop.lt\/en\/shop\/mia-makeup-silky-shot-foundation-06c-ilgai-isliekantis-makiazo-pagrindas-30-ml\/","url":"https:\/\/www.malinashop.lt\/en\/shop\/mia-makeup-silky-shot-foundation-06c-ilgai-isliekantis-makiazo-pagrindas-30-ml\/","name":"MIA MAKEUP SILKY SHOT FOUNDATION 06C ilgai i\u0161liekantis makia\u017eo pagrindas, 30 ml - MalinaShop.lt J\u016bs\u0173 sveikatai ir gro\u017eiui.","isPartOf":{"@id":"https:\/\/www.malinashop.lt\/#website"},"primaryImageOfPage":{"@id":"https:\/\/www.malinashop.lt\/en\/shop\/mia-makeup-silky-shot-foundation-06c-ilgai-isliekantis-makiazo-pagrindas-30-ml\/#primaryimage"},"image":{"@id":"https:\/\/www.malinashop.lt\/en\/shop\/mia-makeup-silky-shot-foundation-06c-ilgai-isliekantis-makiazo-pagrindas-30-ml\/#primaryimage"},"thumbnailUrl":"https:\/\/www.malinashop.lt\/wp-content\/uploads\/2024\/11\/MIA-MAKEUP-SILKY-SHOT-FOUNDATION-06C-ilgai-isliekantis-makiazo-pagrindas-30-ml.jpg","datePublished":"2024-11-06T12:52:10+00:00","dateModified":"2026-04-06T16:02:49+00:00","description":"Atraskite MIA MAKEUP ilgai i\u0161liekant\u012f makia\u017eo pagrind\u0105 SILKY SHOT FOUNDATION, kuris puikiai paslepia odos tr\u016bkumus, suteikdamas nepriekai\u0161ting\u0105 i\u0161vaizd\u0105....","breadcrumb":{"@id":"https:\/\/www.malinashop.lt\/en\/shop\/mia-makeup-silky-shot-foundation-06c-ilgai-isliekantis-makiazo-pagrindas-30-ml\/#breadcrumb"},"inLanguage":"en-GB","potentialAction":[{"@type":"ReadAction","target":["https:\/\/www.malinashop.lt\/en\/shop\/mia-makeup-silky-shot-foundation-06c-ilgai-isliekantis-makiazo-pagrindas-30-ml\/"]}]},{"@type":"ImageObject","inLanguage":"en-GB","@id":"https:\/\/www.malinashop.lt\/en\/shop\/mia-makeup-silky-shot-foundation-06c-ilgai-isliekantis-makiazo-pagrindas-30-ml\/#primaryimage","url":"https:\/\/www.malinashop.lt\/wp-content\/uploads\/2024\/11\/MIA-MAKEUP-SILKY-SHOT-FOUNDATION-06C-ilgai-isliekantis-makiazo-pagrindas-30-ml.jpg","contentUrl":"https:\/\/www.malinashop.lt\/wp-content\/uploads\/2024\/11\/MIA-MAKEUP-SILKY-SHOT-FOUNDATION-06C-ilgai-isliekantis-makiazo-pagrindas-30-ml.jpg","width":1000,"height":1000},{"@type":"BreadcrumbList","@id":"https:\/\/www.malinashop.lt\/en\/shop\/mia-makeup-silky-shot-foundation-06c-ilgai-isliekantis-makiazo-pagrindas-30-ml\/#breadcrumb","itemListElement":[{"@type":"ListItem","position":1,"name":"Pagrindinis","item":"https:\/\/www.malinashop.lt\/"},{"@type":"ListItem","position":2,"name":"Parduotuv\u0117","item":"https:\/\/www.malinashop.lt\/en\/parduotuve\/"},{"@type":"ListItem","position":3,"name":"MIA MAKEUP SILKY SHOT FOUNDATION 06C ilgai i\u0161liekantis makia\u017eo pagrindas, 30 ml"}]},{"@type":"WebSite","@id":"https:\/\/www.malinashop.lt\/#website","url":"https:\/\/www.malinashop.lt\/","name":"COM Group Ecommerce","description":"MalinaShop.lt - Gro\u017eio ir sveikatos produktai i\u0161 patikim\u0173 preki\u0173 \u017eenkl\u0173. Atraskite auk\u0161tos kokyb\u0117s kosmetik\u0105 u\u017e puiki\u0105 kain\u0105.","publisher":{"@id":"https:\/\/www.malinashop.lt\/#organization"},"potentialAction":[{"@type":"SearchAction","target":{"@type":"EntryPoint","urlTemplate":"https:\/\/www.malinashop.lt\/?s={search_term_string}"},"query-input":{"@type":"PropertyValueSpecification","valueRequired":true,"valueName":"search_term_string"}}],"inLanguage":"en-GB"},{"@type":"Organization","@id":"https:\/\/www.malinashop.lt\/#organization","name":"COM Group Ecommerce","url":"https:\/\/www.malinashop.lt\/","logo":{"@type":"ImageObject","inLanguage":"en-GB","@id":"https:\/\/www.malinashop.lt\/#\/schema\/logo\/image\/","url":"https:\/\/www.malinashop.lt\/wp-content\/uploads\/2024\/08\/462559670_3787732518133670_9795632669273463_n-e1731525914575.png","contentUrl":"https:\/\/www.malinashop.lt\/wp-content\/uploads\/2024\/08\/462559670_3787732518133670_9795632669273463_n-e1731525914575.png","width":180,"height":60,"caption":"COM Group Ecommerce"},"image":{"@id":"https:\/\/www.malinashop.lt\/#\/schema\/logo\/image\/"}}]}},"jetpack_sharing_enabled":true,"_links":{"self":[{"href":"https:\/\/www.malinashop.lt\/en\/wp-json\/wp\/v2\/product\/19609","targetHints":{"allow":["GET"]}}],"collection":[{"href":"https:\/\/www.malinashop.lt\/en\/wp-json\/wp\/v2\/product"}],"about":[{"href":"https:\/\/www.malinashop.lt\/en\/wp-json\/wp\/v2\/types\/product"}],"version-history":[{"count":2,"href":"https:\/\/www.malinashop.lt\/en\/wp-json\/wp\/v2\/product\/19609\/revisions"}],"predecessor-version":[{"id":76217,"href":"https:\/\/www.malinashop.lt\/en\/wp-json\/wp\/v2\/product\/19609\/revisions\/76217"}],"wp:featuredmedia":[{"embeddable":true,"href":"https:\/\/www.malinashop.lt\/en\/wp-json\/wp\/v2\/media\/18394"}],"wp:attachment":[{"href":"https:\/\/www.malinashop.lt\/en\/wp-json\/wp\/v2\/media?parent=19609"}],"wp:term":[{"taxonomy":"product_brand","embeddable":true,"href":"https:\/\/www.malinashop.lt\/en\/wp-json\/wp\/v2\/product_brand?post=19609"},{"taxonomy":"product_cat","embeddable":true,"href":"https:\/\/www.malinashop.lt\/en\/wp-json\/wp\/v2\/product_cat?post=19609"},{"taxonomy":"product_tag","embeddable":true,"href":"https:\/\/www.malinashop.lt\/en\/wp-json\/wp\/v2\/product_tag?post=19609"}],"curies":[{"name":"wp","href":"https:\/\/api.w.org\/{rel}","templated":true}]}}