{"id":19569,"date":"2024-11-06T15:52:04","date_gmt":"2024-11-06T12:52:04","guid":{"rendered":"https:\/\/malinashop.lt\/produktas\/mia-makeup-hype-lip-plumping-lip-gloss-09-toy-boy-putlinamasis-lupu-blizgis-47-ml\/"},"modified":"2026-04-06T19:02:37","modified_gmt":"2026-04-06T16:02:37","slug":"mia-makeup-hype-lip-plumping-lip-gloss-09-toy-boy-putlinamasis-lupu-blizgis-47-ml","status":"publish","type":"product","link":"https:\/\/www.malinashop.lt\/en\/shop\/mia-makeup-hype-lip-plumping-lip-gloss-09-toy-boy-putlinamasis-lupu-blizgis-47-ml\/","title":{"rendered":"MIA MAKEUP HYPE LIP PLUMPING LIP GLOSS 09 TOY BOY putlinamasis l\u016bp\u0173 blizgis 4,7 ml"},"content":{"rendered":"<p>I\u0161bandykite MIA MAKEUP putlinam\u0105j\u012f l\u016bp\u0173 blizg\u012f HYPE LIP PLUMPING LIP GLOSS, kuris vos per kelias minutes suteikia l\u016bpoms putlumo. \u0160is blizgis, praturtintas imbiero \u0161akn\u0173 aliejumi ir aitriosiomis paprikomis, sukuria \u0161veln\u0173 \u0161ildant\u012f poj\u016bt\u012f ir skatina mikrocirkuliacij\u0105, u\u017etikrindamas pilnesnes ir apimtesnes l\u016bpas be lipnumo.<\/p>\n<p>Nor\u0117dami pasiekti subtil\u0173 blizges\u012f ir ry\u0161kesn\u012f \u012fvaizd\u012f, tepkite blizg\u012f ant \u0161vari\u0173 l\u016bp\u0173 arba derinkite su l\u016bp\u0173 da\u017eais. Naudojant kartu su kosmetiniu l\u016bp\u0173 pie\u0161tuku, l\u016bpos atrodys dar putlesn\u0117s.\u00a0<strong>\u012esp\u0117jimas<\/strong>: naudokite tik ant sveikos l\u016bp\u0173 odos ir venkite kontakto su akimis. Jei atsiranda nepageidaujama reakcija, nedelsdami nutraukite naudojim\u0105.\u201c<\/p>\n","protected":false},"excerpt":{"rendered":"<p>I\u0161bandykite MIA MAKEUP putlinam\u0105j\u012f l\u016bp\u0173 blizg\u012f HYPE LIP PLUMPING LIP GLOSS, kuris vos per kelias minutes suteikia l\u016bpoms putlumo.<\/p>\n","protected":false},"featured_media":18306,"template":"","meta":[],"product_brand":[522],"product_cat":[102,708,523,728],"product_tag":[1633],"class_list":{"0":"post-19569","1":"product","2":"type-product","3":"status-publish","4":"has-post-thumbnail","6":"product_brand-mia-makeup","7":"product_cat-dekoratyvine-kosmetika","8":"product_cat-lupoms","9":"product_cat-lupu-blizgiai","10":"product_cat-veidui","11":"product_tag-mia-makeup","13":"first","14":"instock","15":"sale","16":"taxable","17":"shipping-taxable","18":"purchasable","19":"product-type-simple"},"yoast_head":"<!-- This site is optimized with the Yoast SEO plugin v27.4 - https:\/\/yoast.com\/product\/yoast-seo-wordpress\/ -->\n<title>MIA MAKEUP HYPE LIP PLUMPING LIP GLOSS 09 TOY BOY putlinamasis l\u016bp\u0173 blizgis 4,7 ml - MalinaShop.lt J\u016bs\u0173 sveikatai ir gro\u017eiui.<\/title>\n<meta name=\"description\" content=\"I\u0161bandykite MIA MAKEUP putlinam\u0105j\u012f l\u016bp\u0173 blizg\u012f HYPE LIP PLUMPING LIP GLOSS, kuris vos per kelias minutes suteikia l\u016bpoms putlumo.\" \/>\n<meta name=\"robots\" content=\"index, follow, max-snippet:-1, max-image-preview:large, max-video-preview:-1\" \/>\n<link rel=\"canonical\" href=\"https:\/\/www.malinashop.lt\/en\/shop\/mia-makeup-hype-lip-plumping-lip-gloss-09-toy-boy-putlinamasis-lupu-blizgis-47-ml\/\" \/>\n<meta property=\"og:locale\" content=\"en_GB\" \/>\n<meta property=\"og:type\" content=\"article\" \/>\n<meta property=\"og:title\" content=\"MIA MAKEUP HYPE LIP PLUMPING LIP GLOSS 09 TOY BOY putlinamasis l\u016bp\u0173 blizgis 4,7 ml - MalinaShop.lt J\u016bs\u0173 sveikatai ir gro\u017eiui.\" \/>\n<meta property=\"og:description\" content=\"I\u0161bandykite MIA MAKEUP putlinam\u0105j\u012f l\u016bp\u0173 blizg\u012f HYPE LIP PLUMPING LIP GLOSS, kuris vos per kelias minutes suteikia l\u016bpoms putlumo.\" \/>\n<meta property=\"og:url\" content=\"https:\/\/www.malinashop.lt\/en\/shop\/mia-makeup-hype-lip-plumping-lip-gloss-09-toy-boy-putlinamasis-lupu-blizgis-47-ml\/\" \/>\n<meta property=\"og:site_name\" content=\"MalinaShop.lt J\u016bs\u0173 sveikatai ir gro\u017eiui.\" \/>\n<meta property=\"article:modified_time\" content=\"2026-04-06T16:02:37+00:00\" \/>\n<meta property=\"og:image\" content=\"https:\/\/www.malinashop.lt\/wp-content\/uploads\/2024\/11\/MIA-MAKEUP-HYPE-LIP-PLUMPING-LIP-GLOSS-09-TOY-BOY-putlinamasis-lupu-blizgis-47-ml.jpg\" \/>\n\t<meta property=\"og:image:width\" content=\"1000\" \/>\n\t<meta property=\"og:image:height\" content=\"1000\" \/>\n\t<meta property=\"og:image:type\" content=\"image\/jpeg\" \/>\n<meta name=\"twitter:card\" content=\"summary_large_image\" \/>\n<script type=\"application\/ld+json\" class=\"yoast-schema-graph\">{\"@context\":\"https:\\\/\\\/schema.org\",\"@graph\":[{\"@type\":\"WebPage\",\"@id\":\"https:\\\/\\\/www.malinashop.lt\\\/lt_lt\\\/shop\\\/mia-makeup-hype-lip-plumping-lip-gloss-09-toy-boy-putlinamasis-lupu-blizgis-47-ml\\\/\",\"url\":\"https:\\\/\\\/www.malinashop.lt\\\/lt_lt\\\/shop\\\/mia-makeup-hype-lip-plumping-lip-gloss-09-toy-boy-putlinamasis-lupu-blizgis-47-ml\\\/\",\"name\":\"MIA MAKEUP HYPE LIP PLUMPING LIP GLOSS 09 TOY BOY putlinamasis l\u016bp\u0173 blizgis 4,7 ml - MalinaShop.lt J\u016bs\u0173 sveikatai ir gro\u017eiui.\",\"isPartOf\":{\"@id\":\"https:\\\/\\\/www.malinashop.lt\\\/en\\\/#website\"},\"primaryImageOfPage\":{\"@id\":\"https:\\\/\\\/www.malinashop.lt\\\/lt_lt\\\/shop\\\/mia-makeup-hype-lip-plumping-lip-gloss-09-toy-boy-putlinamasis-lupu-blizgis-47-ml\\\/#primaryimage\"},\"image\":{\"@id\":\"https:\\\/\\\/www.malinashop.lt\\\/lt_lt\\\/shop\\\/mia-makeup-hype-lip-plumping-lip-gloss-09-toy-boy-putlinamasis-lupu-blizgis-47-ml\\\/#primaryimage\"},\"thumbnailUrl\":\"https:\\\/\\\/www.malinashop.lt\\\/wp-content\\\/uploads\\\/2024\\\/11\\\/MIA-MAKEUP-HYPE-LIP-PLUMPING-LIP-GLOSS-09-TOY-BOY-putlinamasis-lupu-blizgis-47-ml.jpg\",\"datePublished\":\"2024-11-06T12:52:04+00:00\",\"dateModified\":\"2026-04-06T16:02:37+00:00\",\"description\":\"I\u0161bandykite MIA MAKEUP putlinam\u0105j\u012f l\u016bp\u0173 blizg\u012f HYPE LIP PLUMPING LIP GLOSS, kuris vos per kelias minutes suteikia l\u016bpoms putlumo.\",\"breadcrumb\":{\"@id\":\"https:\\\/\\\/www.malinashop.lt\\\/lt_lt\\\/shop\\\/mia-makeup-hype-lip-plumping-lip-gloss-09-toy-boy-putlinamasis-lupu-blizgis-47-ml\\\/#breadcrumb\"},\"inLanguage\":\"en-GB\",\"potentialAction\":[{\"@type\":\"ReadAction\",\"target\":[\"https:\\\/\\\/www.malinashop.lt\\\/lt_lt\\\/shop\\\/mia-makeup-hype-lip-plumping-lip-gloss-09-toy-boy-putlinamasis-lupu-blizgis-47-ml\\\/\"]}]},{\"@type\":\"ImageObject\",\"inLanguage\":\"en-GB\",\"@id\":\"https:\\\/\\\/www.malinashop.lt\\\/lt_lt\\\/shop\\\/mia-makeup-hype-lip-plumping-lip-gloss-09-toy-boy-putlinamasis-lupu-blizgis-47-ml\\\/#primaryimage\",\"url\":\"https:\\\/\\\/www.malinashop.lt\\\/wp-content\\\/uploads\\\/2024\\\/11\\\/MIA-MAKEUP-HYPE-LIP-PLUMPING-LIP-GLOSS-09-TOY-BOY-putlinamasis-lupu-blizgis-47-ml.jpg\",\"contentUrl\":\"https:\\\/\\\/www.malinashop.lt\\\/wp-content\\\/uploads\\\/2024\\\/11\\\/MIA-MAKEUP-HYPE-LIP-PLUMPING-LIP-GLOSS-09-TOY-BOY-putlinamasis-lupu-blizgis-47-ml.jpg\",\"width\":1000,\"height\":1000},{\"@type\":\"BreadcrumbList\",\"@id\":\"https:\\\/\\\/www.malinashop.lt\\\/lt_lt\\\/shop\\\/mia-makeup-hype-lip-plumping-lip-gloss-09-toy-boy-putlinamasis-lupu-blizgis-47-ml\\\/#breadcrumb\",\"itemListElement\":[{\"@type\":\"ListItem\",\"position\":1,\"name\":\"Home\",\"item\":\"https:\\\/\\\/www.malinashop.lt\\\/en\\\/\"},{\"@type\":\"ListItem\",\"position\":2,\"name\":\"Parduotuv\u0117\",\"item\":\"https:\\\/\\\/www.malinashop.lt\\\/en\\\/parduotuve\\\/\"},{\"@type\":\"ListItem\",\"position\":3,\"name\":\"MIA MAKEUP HYPE LIP PLUMPING LIP GLOSS 09 TOY BOY putlinamasis l\u016bp\u0173 blizgis 4,7 ml\"}]},{\"@type\":\"WebSite\",\"@id\":\"https:\\\/\\\/www.malinashop.lt\\\/en\\\/#website\",\"url\":\"https:\\\/\\\/www.malinashop.lt\\\/en\\\/\",\"name\":\"COM Group Ecommerce\",\"description\":\"MalinaShop.lt - Gro\u017eio ir sveikatos produktai i\u0161 patikim\u0173 preki\u0173 \u017eenkl\u0173. Atraskite auk\u0161tos kokyb\u0117s kosmetik\u0105 u\u017e puiki\u0105 kain\u0105.\",\"publisher\":{\"@id\":\"https:\\\/\\\/www.malinashop.lt\\\/en\\\/#organization\"},\"potentialAction\":[{\"@type\":\"SearchAction\",\"target\":{\"@type\":\"EntryPoint\",\"urlTemplate\":\"https:\\\/\\\/www.malinashop.lt\\\/en\\\/?s={search_term_string}\"},\"query-input\":{\"@type\":\"PropertyValueSpecification\",\"valueRequired\":true,\"valueName\":\"search_term_string\"}}],\"inLanguage\":\"en-GB\"},{\"@type\":\"Organization\",\"@id\":\"https:\\\/\\\/www.malinashop.lt\\\/en\\\/#organization\",\"name\":\"COM Group Ecommerce\",\"url\":\"https:\\\/\\\/www.malinashop.lt\\\/en\\\/\",\"logo\":{\"@type\":\"ImageObject\",\"inLanguage\":\"en-GB\",\"@id\":\"https:\\\/\\\/www.malinashop.lt\\\/en\\\/#\\\/schema\\\/logo\\\/image\\\/\",\"url\":\"https:\\\/\\\/www.malinashop.lt\\\/wp-content\\\/uploads\\\/2024\\\/08\\\/462559670_3787732518133670_9795632669273463_n-e1731525914575.png\",\"contentUrl\":\"https:\\\/\\\/www.malinashop.lt\\\/wp-content\\\/uploads\\\/2024\\\/08\\\/462559670_3787732518133670_9795632669273463_n-e1731525914575.png\",\"width\":180,\"height\":60,\"caption\":\"COM Group Ecommerce\"},\"image\":{\"@id\":\"https:\\\/\\\/www.malinashop.lt\\\/en\\\/#\\\/schema\\\/logo\\\/image\\\/\"}}]}<\/script>\n<!-- \/ Yoast SEO plugin. -->","yoast_head_json":{"title":"MIA MAKEUP HYPE LIP PLUMPING LIP GLOSS 09 TOY BOY putlinamasis l\u016bp\u0173 blizgis 4,7 ml - MalinaShop.lt J\u016bs\u0173 sveikatai ir gro\u017eiui.","description":"I\u0161bandykite MIA MAKEUP putlinam\u0105j\u012f l\u016bp\u0173 blizg\u012f HYPE LIP PLUMPING LIP GLOSS, kuris vos per kelias minutes suteikia l\u016bpoms putlumo.","robots":{"index":"index","follow":"follow","max-snippet":"max-snippet:-1","max-image-preview":"max-image-preview:large","max-video-preview":"max-video-preview:-1"},"canonical":"https:\/\/www.malinashop.lt\/en\/shop\/mia-makeup-hype-lip-plumping-lip-gloss-09-toy-boy-putlinamasis-lupu-blizgis-47-ml\/","og_locale":"en_GB","og_type":"article","og_title":"MIA MAKEUP HYPE LIP PLUMPING LIP GLOSS 09 TOY BOY putlinamasis l\u016bp\u0173 blizgis 4,7 ml - MalinaShop.lt J\u016bs\u0173 sveikatai ir gro\u017eiui.","og_description":"I\u0161bandykite MIA MAKEUP putlinam\u0105j\u012f l\u016bp\u0173 blizg\u012f HYPE LIP PLUMPING LIP GLOSS, kuris vos per kelias minutes suteikia l\u016bpoms putlumo.","og_url":"https:\/\/www.malinashop.lt\/en\/shop\/mia-makeup-hype-lip-plumping-lip-gloss-09-toy-boy-putlinamasis-lupu-blizgis-47-ml\/","og_site_name":"MalinaShop.lt J\u016bs\u0173 sveikatai ir gro\u017eiui.","article_modified_time":"2026-04-06T16:02:37+00:00","og_image":[{"width":1000,"height":1000,"url":"https:\/\/www.malinashop.lt\/wp-content\/uploads\/2024\/11\/MIA-MAKEUP-HYPE-LIP-PLUMPING-LIP-GLOSS-09-TOY-BOY-putlinamasis-lupu-blizgis-47-ml.jpg","type":"image\/jpeg"}],"twitter_card":"summary_large_image","schema":{"@context":"https:\/\/schema.org","@graph":[{"@type":"WebPage","@id":"https:\/\/www.malinashop.lt\/lt_lt\/shop\/mia-makeup-hype-lip-plumping-lip-gloss-09-toy-boy-putlinamasis-lupu-blizgis-47-ml\/","url":"https:\/\/www.malinashop.lt\/lt_lt\/shop\/mia-makeup-hype-lip-plumping-lip-gloss-09-toy-boy-putlinamasis-lupu-blizgis-47-ml\/","name":"MIA MAKEUP HYPE LIP PLUMPING LIP GLOSS 09 TOY BOY putlinamasis l\u016bp\u0173 blizgis 4,7 ml - MalinaShop.lt J\u016bs\u0173 sveikatai ir gro\u017eiui.","isPartOf":{"@id":"https:\/\/www.malinashop.lt\/en\/#website"},"primaryImageOfPage":{"@id":"https:\/\/www.malinashop.lt\/lt_lt\/shop\/mia-makeup-hype-lip-plumping-lip-gloss-09-toy-boy-putlinamasis-lupu-blizgis-47-ml\/#primaryimage"},"image":{"@id":"https:\/\/www.malinashop.lt\/lt_lt\/shop\/mia-makeup-hype-lip-plumping-lip-gloss-09-toy-boy-putlinamasis-lupu-blizgis-47-ml\/#primaryimage"},"thumbnailUrl":"https:\/\/www.malinashop.lt\/wp-content\/uploads\/2024\/11\/MIA-MAKEUP-HYPE-LIP-PLUMPING-LIP-GLOSS-09-TOY-BOY-putlinamasis-lupu-blizgis-47-ml.jpg","datePublished":"2024-11-06T12:52:04+00:00","dateModified":"2026-04-06T16:02:37+00:00","description":"I\u0161bandykite MIA MAKEUP putlinam\u0105j\u012f l\u016bp\u0173 blizg\u012f HYPE LIP PLUMPING LIP GLOSS, kuris vos per kelias minutes suteikia l\u016bpoms putlumo.","breadcrumb":{"@id":"https:\/\/www.malinashop.lt\/lt_lt\/shop\/mia-makeup-hype-lip-plumping-lip-gloss-09-toy-boy-putlinamasis-lupu-blizgis-47-ml\/#breadcrumb"},"inLanguage":"en-GB","potentialAction":[{"@type":"ReadAction","target":["https:\/\/www.malinashop.lt\/lt_lt\/shop\/mia-makeup-hype-lip-plumping-lip-gloss-09-toy-boy-putlinamasis-lupu-blizgis-47-ml\/"]}]},{"@type":"ImageObject","inLanguage":"en-GB","@id":"https:\/\/www.malinashop.lt\/lt_lt\/shop\/mia-makeup-hype-lip-plumping-lip-gloss-09-toy-boy-putlinamasis-lupu-blizgis-47-ml\/#primaryimage","url":"https:\/\/www.malinashop.lt\/wp-content\/uploads\/2024\/11\/MIA-MAKEUP-HYPE-LIP-PLUMPING-LIP-GLOSS-09-TOY-BOY-putlinamasis-lupu-blizgis-47-ml.jpg","contentUrl":"https:\/\/www.malinashop.lt\/wp-content\/uploads\/2024\/11\/MIA-MAKEUP-HYPE-LIP-PLUMPING-LIP-GLOSS-09-TOY-BOY-putlinamasis-lupu-blizgis-47-ml.jpg","width":1000,"height":1000},{"@type":"BreadcrumbList","@id":"https:\/\/www.malinashop.lt\/lt_lt\/shop\/mia-makeup-hype-lip-plumping-lip-gloss-09-toy-boy-putlinamasis-lupu-blizgis-47-ml\/#breadcrumb","itemListElement":[{"@type":"ListItem","position":1,"name":"Home","item":"https:\/\/www.malinashop.lt\/en\/"},{"@type":"ListItem","position":2,"name":"Parduotuv\u0117","item":"https:\/\/www.malinashop.lt\/en\/parduotuve\/"},{"@type":"ListItem","position":3,"name":"MIA MAKEUP HYPE LIP PLUMPING LIP GLOSS 09 TOY BOY putlinamasis l\u016bp\u0173 blizgis 4,7 ml"}]},{"@type":"WebSite","@id":"https:\/\/www.malinashop.lt\/en\/#website","url":"https:\/\/www.malinashop.lt\/en\/","name":"COM Group Ecommerce","description":"MalinaShop.lt - Gro\u017eio ir sveikatos produktai i\u0161 patikim\u0173 preki\u0173 \u017eenkl\u0173. Atraskite auk\u0161tos kokyb\u0117s kosmetik\u0105 u\u017e puiki\u0105 kain\u0105.","publisher":{"@id":"https:\/\/www.malinashop.lt\/en\/#organization"},"potentialAction":[{"@type":"SearchAction","target":{"@type":"EntryPoint","urlTemplate":"https:\/\/www.malinashop.lt\/en\/?s={search_term_string}"},"query-input":{"@type":"PropertyValueSpecification","valueRequired":true,"valueName":"search_term_string"}}],"inLanguage":"en-GB"},{"@type":"Organization","@id":"https:\/\/www.malinashop.lt\/en\/#organization","name":"COM Group Ecommerce","url":"https:\/\/www.malinashop.lt\/en\/","logo":{"@type":"ImageObject","inLanguage":"en-GB","@id":"https:\/\/www.malinashop.lt\/en\/#\/schema\/logo\/image\/","url":"https:\/\/www.malinashop.lt\/wp-content\/uploads\/2024\/08\/462559670_3787732518133670_9795632669273463_n-e1731525914575.png","contentUrl":"https:\/\/www.malinashop.lt\/wp-content\/uploads\/2024\/08\/462559670_3787732518133670_9795632669273463_n-e1731525914575.png","width":180,"height":60,"caption":"COM Group Ecommerce"},"image":{"@id":"https:\/\/www.malinashop.lt\/en\/#\/schema\/logo\/image\/"}}]}},"jetpack_sharing_enabled":true,"_links":{"self":[{"href":"https:\/\/www.malinashop.lt\/en\/wp-json\/wp\/v2\/product\/19569","targetHints":{"allow":["GET"]}}],"collection":[{"href":"https:\/\/www.malinashop.lt\/en\/wp-json\/wp\/v2\/product"}],"about":[{"href":"https:\/\/www.malinashop.lt\/en\/wp-json\/wp\/v2\/types\/product"}],"version-history":[{"count":2,"href":"https:\/\/www.malinashop.lt\/en\/wp-json\/wp\/v2\/product\/19569\/revisions"}],"predecessor-version":[{"id":76197,"href":"https:\/\/www.malinashop.lt\/en\/wp-json\/wp\/v2\/product\/19569\/revisions\/76197"}],"wp:featuredmedia":[{"embeddable":true,"href":"https:\/\/www.malinashop.lt\/en\/wp-json\/wp\/v2\/media\/18306"}],"wp:attachment":[{"href":"https:\/\/www.malinashop.lt\/en\/wp-json\/wp\/v2\/media?parent=19569"}],"wp:term":[{"taxonomy":"product_brand","embeddable":true,"href":"https:\/\/www.malinashop.lt\/en\/wp-json\/wp\/v2\/product_brand?post=19569"},{"taxonomy":"product_cat","embeddable":true,"href":"https:\/\/www.malinashop.lt\/en\/wp-json\/wp\/v2\/product_cat?post=19569"},{"taxonomy":"product_tag","embeddable":true,"href":"https:\/\/www.malinashop.lt\/en\/wp-json\/wp\/v2\/product_tag?post=19569"}],"curies":[{"name":"wp","href":"https:\/\/api.w.org\/{rel}","templated":true}]}}