{"id":19543,"date":"2024-11-06T15:52:04","date_gmt":"2024-11-06T12:52:04","guid":{"rendered":"https:\/\/malinashop.lt\/produktas\/mia-makeup-1-minute-blur-primer-atspalvi-sulyginanti-makiazo-baze-4ml\/"},"modified":"2026-04-06T19:02:30","modified_gmt":"2026-04-06T16:02:30","slug":"mia-makeup-1-minute-blur-primer-atspalvi-sulyginanti-makiazo-baze-4ml","status":"publish","type":"product","link":"https:\/\/www.malinashop.lt\/en\/shop\/mia-makeup-1-minute-blur-primer-atspalvi-sulyginanti-makiazo-baze-4ml\/","title":{"rendered":"MIA MAKEUP 1 MINUTE BLUR PRIMER atspalv\u012f sulyginanti makia\u017eo baz\u0117, 4ml"},"content":{"rendered":"<p>MIA Makeup\u201c atspalv\u012f sulyginanti makia\u017eo baz\u0117 \u201e1 MINUTE BLUR PRIMER\u201c akimirksniu sukuria u\u017epildymo efekt\u0105. Per vien\u0105 minut\u0119 \u0161i baz\u0117 paruo\u0161ia od\u0105 makia\u017eui, pastebimai i\u0161lygina odos atspalv\u012f ir suma\u017eina por\u0173, rauk\u0161li\u0173 bei i\u0161rai\u0161kos linij\u0173 matomum\u0105. Formul\u0117 praturtinta u\u017epildymo efekto ingredientais, suteikian\u010diais odai glotnumo ir atsipalaidavusi\u0173 bruo\u017e\u0173, u\u017emaskuojan\u010diais bet kokius netobulumo po\u017eymius.<\/p>\n<p>Tepkite makia\u017eo baz\u0119 prie\u0161 \u012fprast\u0105 kremin\u0119 pudr\u0105, kad gautum\u0117te nepriekai\u0161ting\u0105 rezultat\u0105.<\/p>\n","protected":false},"excerpt":{"rendered":"<p>MIA Makeup\u201c atspalv\u012f sulyginanti makia\u017eo baz\u0117 \u201e1 MINUTE BLUR PRIMER\u201c akimirksniu sukuria u\u017epildymo efekt\u0105. Per vien\u0105 minut\u0119 \u0161i baz\u0117 paruo\u0161ia od\u0105 makia\u017eui, pastebimai i\u0161lygina odos atspalv\u012f ir suma\u017eina por\u0173, rauk\u0161li\u0173 bei i\u0161rai\u0161kos linij\u0173 matomum\u0105.<\/p>\n","protected":false},"featured_media":18195,"template":"","meta":[],"product_brand":[522],"product_cat":[102,527,728],"product_tag":[1633],"class_list":{"0":"post-19543","1":"product","2":"type-product","3":"status-publish","4":"has-post-thumbnail","6":"product_brand-mia-makeup","7":"product_cat-dekoratyvine-kosmetika","8":"product_cat-makiazo-bazes","9":"product_cat-veidui","10":"product_tag-mia-makeup","12":"first","13":"outofstock","14":"sale","15":"taxable","16":"shipping-taxable","17":"purchasable","18":"product-type-simple"},"yoast_head":"<!-- This site is optimized with the Yoast SEO plugin v27.4 - https:\/\/yoast.com\/product\/yoast-seo-wordpress\/ -->\n<title>MIA MAKEUP 1 MINUTE BLUR PRIMER atspalv\u012f sulyginanti makia\u017eo baz\u0117, 4ml - MalinaShop.lt J\u016bs\u0173 sveikatai ir gro\u017eiui.<\/title>\n<meta name=\"description\" content=\"MIA Makeup\u201c atspalv\u012f sulyginanti makia\u017eo baz\u0117 \u201e1 MINUTE BLUR PRIMER\u201c akimirksniu sukuria u\u017epildymo efekt\u0105. Per vien\u0105 minut\u0119 \u0161i baz\u0117 paruo\u0161ia od\u0105 makia\u017eui,...\" \/>\n<meta name=\"robots\" content=\"index, follow, max-snippet:-1, max-image-preview:large, max-video-preview:-1\" \/>\n<link rel=\"canonical\" href=\"https:\/\/www.malinashop.lt\/en\/shop\/mia-makeup-1-minute-blur-primer-atspalvi-sulyginanti-makiazo-baze-4ml\/\" \/>\n<meta property=\"og:locale\" content=\"en_GB\" \/>\n<meta property=\"og:type\" content=\"article\" \/>\n<meta property=\"og:title\" content=\"MIA MAKEUP 1 MINUTE BLUR PRIMER atspalv\u012f sulyginanti makia\u017eo baz\u0117, 4ml - MalinaShop.lt J\u016bs\u0173 sveikatai ir gro\u017eiui.\" \/>\n<meta property=\"og:description\" content=\"MIA Makeup\u201c atspalv\u012f sulyginanti makia\u017eo baz\u0117 \u201e1 MINUTE BLUR PRIMER\u201c akimirksniu sukuria u\u017epildymo efekt\u0105. Per vien\u0105 minut\u0119 \u0161i baz\u0117 paruo\u0161ia od\u0105 makia\u017eui,...\" \/>\n<meta property=\"og:url\" content=\"https:\/\/www.malinashop.lt\/en\/shop\/mia-makeup-1-minute-blur-primer-atspalvi-sulyginanti-makiazo-baze-4ml\/\" \/>\n<meta property=\"og:site_name\" content=\"MalinaShop.lt J\u016bs\u0173 sveikatai ir gro\u017eiui.\" \/>\n<meta property=\"article:modified_time\" content=\"2026-04-06T16:02:30+00:00\" \/>\n<meta property=\"og:image\" content=\"https:\/\/www.malinashop.lt\/wp-content\/uploads\/2024\/11\/MIA-MAKEUP-1-MINUTE-BLUR-PRIMER-atspalvi-sulyginanti-makiazo-baze-4ml.jpg\" \/>\n\t<meta property=\"og:image:width\" content=\"1000\" \/>\n\t<meta property=\"og:image:height\" content=\"1000\" \/>\n\t<meta property=\"og:image:type\" content=\"image\/jpeg\" \/>\n<meta name=\"twitter:card\" content=\"summary_large_image\" \/>\n<script type=\"application\/ld+json\" class=\"yoast-schema-graph\">{\"@context\":\"https:\\\/\\\/schema.org\",\"@graph\":[{\"@type\":\"WebPage\",\"@id\":\"https:\\\/\\\/www.malinashop.lt\\\/en\\\/shop\\\/mia-makeup-1-minute-blur-primer-atspalvi-sulyginanti-makiazo-baze-4ml\\\/\",\"url\":\"https:\\\/\\\/www.malinashop.lt\\\/en\\\/shop\\\/mia-makeup-1-minute-blur-primer-atspalvi-sulyginanti-makiazo-baze-4ml\\\/\",\"name\":\"MIA MAKEUP 1 MINUTE BLUR PRIMER atspalv\u012f sulyginanti makia\u017eo baz\u0117, 4ml - MalinaShop.lt J\u016bs\u0173 sveikatai ir gro\u017eiui.\",\"isPartOf\":{\"@id\":\"https:\\\/\\\/www.malinashop.lt\\\/en\\\/#website\"},\"primaryImageOfPage\":{\"@id\":\"https:\\\/\\\/www.malinashop.lt\\\/en\\\/shop\\\/mia-makeup-1-minute-blur-primer-atspalvi-sulyginanti-makiazo-baze-4ml\\\/#primaryimage\"},\"image\":{\"@id\":\"https:\\\/\\\/www.malinashop.lt\\\/en\\\/shop\\\/mia-makeup-1-minute-blur-primer-atspalvi-sulyginanti-makiazo-baze-4ml\\\/#primaryimage\"},\"thumbnailUrl\":\"https:\\\/\\\/www.malinashop.lt\\\/wp-content\\\/uploads\\\/2024\\\/11\\\/MIA-MAKEUP-1-MINUTE-BLUR-PRIMER-atspalvi-sulyginanti-makiazo-baze-4ml.jpg\",\"datePublished\":\"2024-11-06T12:52:04+00:00\",\"dateModified\":\"2026-04-06T16:02:30+00:00\",\"description\":\"MIA Makeup\u201c atspalv\u012f sulyginanti makia\u017eo baz\u0117 \u201e1 MINUTE BLUR PRIMER\u201c akimirksniu sukuria u\u017epildymo efekt\u0105. Per vien\u0105 minut\u0119 \u0161i baz\u0117 paruo\u0161ia od\u0105 makia\u017eui,...\",\"breadcrumb\":{\"@id\":\"https:\\\/\\\/www.malinashop.lt\\\/en\\\/shop\\\/mia-makeup-1-minute-blur-primer-atspalvi-sulyginanti-makiazo-baze-4ml\\\/#breadcrumb\"},\"inLanguage\":\"en-GB\",\"potentialAction\":[{\"@type\":\"ReadAction\",\"target\":[\"https:\\\/\\\/www.malinashop.lt\\\/en\\\/shop\\\/mia-makeup-1-minute-blur-primer-atspalvi-sulyginanti-makiazo-baze-4ml\\\/\"]}]},{\"@type\":\"ImageObject\",\"inLanguage\":\"en-GB\",\"@id\":\"https:\\\/\\\/www.malinashop.lt\\\/en\\\/shop\\\/mia-makeup-1-minute-blur-primer-atspalvi-sulyginanti-makiazo-baze-4ml\\\/#primaryimage\",\"url\":\"https:\\\/\\\/www.malinashop.lt\\\/wp-content\\\/uploads\\\/2024\\\/11\\\/MIA-MAKEUP-1-MINUTE-BLUR-PRIMER-atspalvi-sulyginanti-makiazo-baze-4ml.jpg\",\"contentUrl\":\"https:\\\/\\\/www.malinashop.lt\\\/wp-content\\\/uploads\\\/2024\\\/11\\\/MIA-MAKEUP-1-MINUTE-BLUR-PRIMER-atspalvi-sulyginanti-makiazo-baze-4ml.jpg\",\"width\":1000,\"height\":1000},{\"@type\":\"BreadcrumbList\",\"@id\":\"https:\\\/\\\/www.malinashop.lt\\\/en\\\/shop\\\/mia-makeup-1-minute-blur-primer-atspalvi-sulyginanti-makiazo-baze-4ml\\\/#breadcrumb\",\"itemListElement\":[{\"@type\":\"ListItem\",\"position\":1,\"name\":\"Home\",\"item\":\"https:\\\/\\\/www.malinashop.lt\\\/en\\\/\"},{\"@type\":\"ListItem\",\"position\":2,\"name\":\"Parduotuv\u0117\",\"item\":\"https:\\\/\\\/www.malinashop.lt\\\/en\\\/parduotuve\\\/\"},{\"@type\":\"ListItem\",\"position\":3,\"name\":\"MIA MAKEUP 1 MINUTE BLUR PRIMER atspalv\u012f sulyginanti makia\u017eo baz\u0117, 4ml\"}]},{\"@type\":\"WebSite\",\"@id\":\"https:\\\/\\\/www.malinashop.lt\\\/en\\\/#website\",\"url\":\"https:\\\/\\\/www.malinashop.lt\\\/en\\\/\",\"name\":\"COM Group Ecommerce\",\"description\":\"MalinaShop.lt - Gro\u017eio ir sveikatos produktai i\u0161 patikim\u0173 preki\u0173 \u017eenkl\u0173. Atraskite auk\u0161tos kokyb\u0117s kosmetik\u0105 u\u017e puiki\u0105 kain\u0105.\",\"publisher\":{\"@id\":\"https:\\\/\\\/www.malinashop.lt\\\/en\\\/#organization\"},\"potentialAction\":[{\"@type\":\"SearchAction\",\"target\":{\"@type\":\"EntryPoint\",\"urlTemplate\":\"https:\\\/\\\/www.malinashop.lt\\\/en\\\/?s={search_term_string}\"},\"query-input\":{\"@type\":\"PropertyValueSpecification\",\"valueRequired\":true,\"valueName\":\"search_term_string\"}}],\"inLanguage\":\"en-GB\"},{\"@type\":\"Organization\",\"@id\":\"https:\\\/\\\/www.malinashop.lt\\\/en\\\/#organization\",\"name\":\"COM Group Ecommerce\",\"url\":\"https:\\\/\\\/www.malinashop.lt\\\/en\\\/\",\"logo\":{\"@type\":\"ImageObject\",\"inLanguage\":\"en-GB\",\"@id\":\"https:\\\/\\\/www.malinashop.lt\\\/en\\\/#\\\/schema\\\/logo\\\/image\\\/\",\"url\":\"https:\\\/\\\/www.malinashop.lt\\\/wp-content\\\/uploads\\\/2024\\\/08\\\/462559670_3787732518133670_9795632669273463_n-e1731525914575.png\",\"contentUrl\":\"https:\\\/\\\/www.malinashop.lt\\\/wp-content\\\/uploads\\\/2024\\\/08\\\/462559670_3787732518133670_9795632669273463_n-e1731525914575.png\",\"width\":180,\"height\":60,\"caption\":\"COM Group Ecommerce\"},\"image\":{\"@id\":\"https:\\\/\\\/www.malinashop.lt\\\/en\\\/#\\\/schema\\\/logo\\\/image\\\/\"}}]}<\/script>\n<!-- \/ Yoast SEO plugin. -->","yoast_head_json":{"title":"MIA MAKEUP 1 MINUTE BLUR PRIMER atspalv\u012f sulyginanti makia\u017eo baz\u0117, 4ml - MalinaShop.lt J\u016bs\u0173 sveikatai ir gro\u017eiui.","description":"MIA Makeup\u201c atspalv\u012f sulyginanti makia\u017eo baz\u0117 \u201e1 MINUTE BLUR PRIMER\u201c akimirksniu sukuria u\u017epildymo efekt\u0105. Per vien\u0105 minut\u0119 \u0161i baz\u0117 paruo\u0161ia od\u0105 makia\u017eui,...","robots":{"index":"index","follow":"follow","max-snippet":"max-snippet:-1","max-image-preview":"max-image-preview:large","max-video-preview":"max-video-preview:-1"},"canonical":"https:\/\/www.malinashop.lt\/en\/shop\/mia-makeup-1-minute-blur-primer-atspalvi-sulyginanti-makiazo-baze-4ml\/","og_locale":"en_GB","og_type":"article","og_title":"MIA MAKEUP 1 MINUTE BLUR PRIMER atspalv\u012f sulyginanti makia\u017eo baz\u0117, 4ml - MalinaShop.lt J\u016bs\u0173 sveikatai ir gro\u017eiui.","og_description":"MIA Makeup\u201c atspalv\u012f sulyginanti makia\u017eo baz\u0117 \u201e1 MINUTE BLUR PRIMER\u201c akimirksniu sukuria u\u017epildymo efekt\u0105. Per vien\u0105 minut\u0119 \u0161i baz\u0117 paruo\u0161ia od\u0105 makia\u017eui,...","og_url":"https:\/\/www.malinashop.lt\/en\/shop\/mia-makeup-1-minute-blur-primer-atspalvi-sulyginanti-makiazo-baze-4ml\/","og_site_name":"MalinaShop.lt J\u016bs\u0173 sveikatai ir gro\u017eiui.","article_modified_time":"2026-04-06T16:02:30+00:00","og_image":[{"width":1000,"height":1000,"url":"https:\/\/www.malinashop.lt\/wp-content\/uploads\/2024\/11\/MIA-MAKEUP-1-MINUTE-BLUR-PRIMER-atspalvi-sulyginanti-makiazo-baze-4ml.jpg","type":"image\/jpeg"}],"twitter_card":"summary_large_image","schema":{"@context":"https:\/\/schema.org","@graph":[{"@type":"WebPage","@id":"https:\/\/www.malinashop.lt\/en\/shop\/mia-makeup-1-minute-blur-primer-atspalvi-sulyginanti-makiazo-baze-4ml\/","url":"https:\/\/www.malinashop.lt\/en\/shop\/mia-makeup-1-minute-blur-primer-atspalvi-sulyginanti-makiazo-baze-4ml\/","name":"MIA MAKEUP 1 MINUTE BLUR PRIMER atspalv\u012f sulyginanti makia\u017eo baz\u0117, 4ml - MalinaShop.lt J\u016bs\u0173 sveikatai ir gro\u017eiui.","isPartOf":{"@id":"https:\/\/www.malinashop.lt\/en\/#website"},"primaryImageOfPage":{"@id":"https:\/\/www.malinashop.lt\/en\/shop\/mia-makeup-1-minute-blur-primer-atspalvi-sulyginanti-makiazo-baze-4ml\/#primaryimage"},"image":{"@id":"https:\/\/www.malinashop.lt\/en\/shop\/mia-makeup-1-minute-blur-primer-atspalvi-sulyginanti-makiazo-baze-4ml\/#primaryimage"},"thumbnailUrl":"https:\/\/www.malinashop.lt\/wp-content\/uploads\/2024\/11\/MIA-MAKEUP-1-MINUTE-BLUR-PRIMER-atspalvi-sulyginanti-makiazo-baze-4ml.jpg","datePublished":"2024-11-06T12:52:04+00:00","dateModified":"2026-04-06T16:02:30+00:00","description":"MIA Makeup\u201c atspalv\u012f sulyginanti makia\u017eo baz\u0117 \u201e1 MINUTE BLUR PRIMER\u201c akimirksniu sukuria u\u017epildymo efekt\u0105. Per vien\u0105 minut\u0119 \u0161i baz\u0117 paruo\u0161ia od\u0105 makia\u017eui,...","breadcrumb":{"@id":"https:\/\/www.malinashop.lt\/en\/shop\/mia-makeup-1-minute-blur-primer-atspalvi-sulyginanti-makiazo-baze-4ml\/#breadcrumb"},"inLanguage":"en-GB","potentialAction":[{"@type":"ReadAction","target":["https:\/\/www.malinashop.lt\/en\/shop\/mia-makeup-1-minute-blur-primer-atspalvi-sulyginanti-makiazo-baze-4ml\/"]}]},{"@type":"ImageObject","inLanguage":"en-GB","@id":"https:\/\/www.malinashop.lt\/en\/shop\/mia-makeup-1-minute-blur-primer-atspalvi-sulyginanti-makiazo-baze-4ml\/#primaryimage","url":"https:\/\/www.malinashop.lt\/wp-content\/uploads\/2024\/11\/MIA-MAKEUP-1-MINUTE-BLUR-PRIMER-atspalvi-sulyginanti-makiazo-baze-4ml.jpg","contentUrl":"https:\/\/www.malinashop.lt\/wp-content\/uploads\/2024\/11\/MIA-MAKEUP-1-MINUTE-BLUR-PRIMER-atspalvi-sulyginanti-makiazo-baze-4ml.jpg","width":1000,"height":1000},{"@type":"BreadcrumbList","@id":"https:\/\/www.malinashop.lt\/en\/shop\/mia-makeup-1-minute-blur-primer-atspalvi-sulyginanti-makiazo-baze-4ml\/#breadcrumb","itemListElement":[{"@type":"ListItem","position":1,"name":"Home","item":"https:\/\/www.malinashop.lt\/en\/"},{"@type":"ListItem","position":2,"name":"Parduotuv\u0117","item":"https:\/\/www.malinashop.lt\/en\/parduotuve\/"},{"@type":"ListItem","position":3,"name":"MIA MAKEUP 1 MINUTE BLUR PRIMER atspalv\u012f sulyginanti makia\u017eo baz\u0117, 4ml"}]},{"@type":"WebSite","@id":"https:\/\/www.malinashop.lt\/en\/#website","url":"https:\/\/www.malinashop.lt\/en\/","name":"COM Group Ecommerce","description":"MalinaShop.lt - Gro\u017eio ir sveikatos produktai i\u0161 patikim\u0173 preki\u0173 \u017eenkl\u0173. Atraskite auk\u0161tos kokyb\u0117s kosmetik\u0105 u\u017e puiki\u0105 kain\u0105.","publisher":{"@id":"https:\/\/www.malinashop.lt\/en\/#organization"},"potentialAction":[{"@type":"SearchAction","target":{"@type":"EntryPoint","urlTemplate":"https:\/\/www.malinashop.lt\/en\/?s={search_term_string}"},"query-input":{"@type":"PropertyValueSpecification","valueRequired":true,"valueName":"search_term_string"}}],"inLanguage":"en-GB"},{"@type":"Organization","@id":"https:\/\/www.malinashop.lt\/en\/#organization","name":"COM Group Ecommerce","url":"https:\/\/www.malinashop.lt\/en\/","logo":{"@type":"ImageObject","inLanguage":"en-GB","@id":"https:\/\/www.malinashop.lt\/en\/#\/schema\/logo\/image\/","url":"https:\/\/www.malinashop.lt\/wp-content\/uploads\/2024\/08\/462559670_3787732518133670_9795632669273463_n-e1731525914575.png","contentUrl":"https:\/\/www.malinashop.lt\/wp-content\/uploads\/2024\/08\/462559670_3787732518133670_9795632669273463_n-e1731525914575.png","width":180,"height":60,"caption":"COM Group Ecommerce"},"image":{"@id":"https:\/\/www.malinashop.lt\/en\/#\/schema\/logo\/image\/"}}]}},"jetpack_sharing_enabled":true,"_links":{"self":[{"href":"https:\/\/www.malinashop.lt\/en\/wp-json\/wp\/v2\/product\/19543","targetHints":{"allow":["GET"]}}],"collection":[{"href":"https:\/\/www.malinashop.lt\/en\/wp-json\/wp\/v2\/product"}],"about":[{"href":"https:\/\/www.malinashop.lt\/en\/wp-json\/wp\/v2\/types\/product"}],"version-history":[{"count":3,"href":"https:\/\/www.malinashop.lt\/en\/wp-json\/wp\/v2\/product\/19543\/revisions"}],"predecessor-version":[{"id":76184,"href":"https:\/\/www.malinashop.lt\/en\/wp-json\/wp\/v2\/product\/19543\/revisions\/76184"}],"wp:featuredmedia":[{"embeddable":true,"href":"https:\/\/www.malinashop.lt\/en\/wp-json\/wp\/v2\/media\/18195"}],"wp:attachment":[{"href":"https:\/\/www.malinashop.lt\/en\/wp-json\/wp\/v2\/media?parent=19543"}],"wp:term":[{"taxonomy":"product_brand","embeddable":true,"href":"https:\/\/www.malinashop.lt\/en\/wp-json\/wp\/v2\/product_brand?post=19543"},{"taxonomy":"product_cat","embeddable":true,"href":"https:\/\/www.malinashop.lt\/en\/wp-json\/wp\/v2\/product_cat?post=19543"},{"taxonomy":"product_tag","embeddable":true,"href":"https:\/\/www.malinashop.lt\/en\/wp-json\/wp\/v2\/product_tag?post=19543"}],"curies":[{"name":"wp","href":"https:\/\/api.w.org\/{rel}","templated":true}]}}