{"id":19479,"date":"2024-11-06T15:51:55","date_gmt":"2024-11-06T12:51:55","guid":{"rendered":"https:\/\/malinashop.lt\/produktas\/technique-balje-spalva-apsaugantis-sampunas-su-asiuklio-ir-graikisku-riesutu-ekstraktais-1000-ml\/"},"modified":"2026-02-13T00:11:09","modified_gmt":"2026-02-12T21:11:09","slug":"technique-balje-spalva-apsaugantis-sampunas-su-asiuklio-ir-graikisku-riesutu-ekstraktais-1000-ml","status":"publish","type":"product","link":"https:\/\/www.malinashop.lt\/en\/shop\/technique-balje-spalva-apsaugantis-sampunas-su-asiuklio-ir-graikisku-riesutu-ekstraktais-1000-ml\/","title":{"rendered":"TECHNIQUE BALJE\u2019 spalv\u0105 apsaugantis \u0161amp\u016bnas su asi\u016bklio ir graiki\u0161k\u0173 rie\u0161ut\u0173 ekstraktais, 1000 ml"},"content":{"rendered":"<p>I\u0161skirtinis TECHNIQUE BALJE\u2019 plauk\u0173 prie\u017ei\u016bros \u0161amp\u016bnas, pasisemd\u0119s i\u0161 asi\u016bklio ir graiki\u0161k\u0173 rie\u0161ut\u0173 ekstrakt\u0173, yra sukurtas ypatingai da\u017eyt\u0173 arba su \u0161viesinan\u010diais da\u017eais plauk\u0173 prie\u017ei\u016brai. Jo speciali pH formul\u0117 padeda u\u017esandarinti plauko pavir\u0161i\u0173, apsaugodama j\u0173 spalv\u0105 ir blizges\u012f.<\/p>\n<p>Asi\u016bklio ekstraktas gars\u0117ja elastingumu ir mineral\u0173 turiniu, kurie stiprina plauk\u0173 folikulus ir skatina sveik\u0105 plauk\u0173 augim\u0105. \u0160iame augale gausu cisteino, seleno, silicio ir kit\u0173 reikaling\u0173 maistini\u0173 med\u017eiag\u0173, kurios ne tik maitina plaukus, bet ir gerina galvos odos b\u016bkl\u0119.<\/p>\n<p>Graiki\u0161k\u0173 rie\u0161ut\u0173 ekstraktas veikia kaip nat\u016bralus UV filtras, apsaugantis plaukus nuo \u017ealing\u0173 saul\u0117s spinduli\u0173. Tai rei\u0161kia, kad TECHNIQUE BALJE\u2019 \u0161amp\u016bnas u\u017etikrina ilgalaik\u012f plauk\u0173 spalvos i\u0161liekamum\u0105 ir \u0161velnum\u0105, taip pat apsaugo nuo spalvos nublukimo ir pa\u017eeidim\u0173.<\/p>\n<p>Norint pasiekti geriausi\u0105 rezultat\u0105, \u0161is \u0161amp\u016bnas tur\u0117t\u0173 b\u016bti naudojamas kartu su BALJE\u2019 plauk\u0173 kondicionieriumi ir kauke. \u0160velniai \u012fmasa\u017euokite nedidel\u012f kiek\u012f \u0161amp\u016bno \u012f dr\u0117gnus plaukus ir galvos od\u0105, po to kruop\u0161\u010diai nuplaukite.<\/p>\n<p>\u0160is i\u0161skirtinis plauk\u0173 prie\u017ei\u016bros produktas ne tik apsaugo plaukus, bet ir maitina juos i\u0161 gilumos, suteikdamas jums ilgalaik\u0119 spalvos ry\u0161kum\u0105 ir plauk\u0173 sveikum\u0105. Tai yra puikus pasirinkimas norintiems i\u0161laikyti savo plauk\u0173 gro\u017e\u012f ir sveikat\u0105.<\/p>\n<p><strong>Apie TECHNIQUE:<\/strong><\/p>\n<p>Italijos kompanijos \u201eComprof\u201c prek\u0117s \u017eenklas rinkoje daugiau nei 20 met\u0173 tiekia kokybi\u0161kus plauk\u0173 prie\u017ei\u016bros gaminius.<\/p>\n<p>M\u016bs\u0173 parduotuv\u0117je rasite atrinkt\u0173 produkt\u0173, tinkan\u010di\u0173 tiek profesionaliam naudojimui salonuose, tiek namuose, kad pasiektum\u0117te kirpyklos lygio rezultat\u0173.<\/p>\n<p>Made in Italy: Visi TECHNIQUE produktai yra sukurti ir pagaminti Italijoje, u\u017etikrinant auk\u0161\u010diausi\u0105 kokyb\u0119 j\u016bs\u0173 plauk\u0173 gro\u017eiui ir sveikatai.&#8221;<\/p>\n<div class=\"text-tab text-tab-id-10\">\n<p>Siuntas i\u0161siun\u010diame antradieniais ir ketvirtadieniais. Jei d\u0117l koki\u0173 nors prie\u017eas\u010di\u0173 siunta negali b\u016bti i\u0161si\u0173sta \u0161iomis dienomis ir ji yra perkeliama \u012f kit\u0105 dien\u0105, apie tai informuosime jus svetain\u0117je arba el. pa\u0161tu.<\/p>\n<p>\u201eJei turite klausim\u0173, pra\u0161ome susisiekti el. pa\u0161tu info@malinashop.lt arba telefonu +37065444002 darbo dienomis nuo 10:00 iki 16:00 val.\u201c<\/p>\n<\/div>\n<div class=\"text-tab text-tab-id-11\">\n<p>Perkant u\u017e daugiau nei 50\u20ac &#8211; pristatymas nemokamas.<\/p>\n<p>Pristatymas \u012f LPexpress pa\u0161tomat\u0105\u00a0(visoje Lietuvoje, i\u0161skyrus Kur\u0161i\u0173 Nerij\u0105).<\/p>\n<\/div>\n","protected":false},"excerpt":{"rendered":"<p>I\u0161skirtinis TECHNIQUE BALJE\u2019 plauk\u0173 prie\u017ei\u016bros \u0161amp\u016bnas, pasisemd\u0119s i\u0161 asi\u016bklio ir graiki\u0161k\u0173 rie\u0161ut\u0173 ekstrakt\u0173, yra sukurtas ypatingai da\u017eyt\u0173 arba su \u0161viesinan\u010diais da\u017eais plauk\u0173&hellip;<\/p>\n","protected":false},"featured_media":18106,"template":"","meta":[],"product_brand":[519],"product_cat":[185],"product_tag":[1638],"class_list":{"0":"post-19479","1":"product","2":"type-product","3":"status-publish","4":"has-post-thumbnail","6":"product_brand-technique","7":"product_cat-plauku-sampunai","8":"product_tag-technique","10":"first","11":"instock","12":"sale","13":"taxable","14":"shipping-taxable","15":"purchasable","16":"product-type-simple"},"yoast_head":"<!-- This site is optimized with the Yoast SEO plugin v27.4 - https:\/\/yoast.com\/product\/yoast-seo-wordpress\/ -->\n<title>TECHNIQUE BALJE\u2019 spalv\u0105 apsaugantis \u0161amp\u016bnas su asi\u016bklio ir graiki\u0161k\u0173 rie\u0161ut\u0173 ekstraktais, 1000 ml - MalinaShop.lt J\u016bs\u0173 sveikatai ir gro\u017eiui.<\/title>\n<meta name=\"robots\" content=\"index, follow, max-snippet:-1, max-image-preview:large, max-video-preview:-1\" \/>\n<link rel=\"canonical\" href=\"https:\/\/www.malinashop.lt\/en\/shop\/technique-balje-spalva-apsaugantis-sampunas-su-asiuklio-ir-graikisku-riesutu-ekstraktais-1000-ml\/\" \/>\n<meta property=\"og:locale\" content=\"en_GB\" \/>\n<meta property=\"og:type\" content=\"article\" \/>\n<meta property=\"og:title\" content=\"TECHNIQUE BALJE\u2019 spalv\u0105 apsaugantis \u0161amp\u016bnas su asi\u016bklio ir graiki\u0161k\u0173 rie\u0161ut\u0173 ekstraktais, 1000 ml - MalinaShop.lt J\u016bs\u0173 sveikatai ir gro\u017eiui.\" \/>\n<meta property=\"og:url\" content=\"https:\/\/www.malinashop.lt\/en\/shop\/technique-balje-spalva-apsaugantis-sampunas-su-asiuklio-ir-graikisku-riesutu-ekstraktais-1000-ml\/\" \/>\n<meta property=\"og:site_name\" content=\"MalinaShop.lt J\u016bs\u0173 sveikatai ir gro\u017eiui.\" \/>\n<meta property=\"article:modified_time\" content=\"2026-02-12T21:11:09+00:00\" \/>\n<meta property=\"og:image\" content=\"https:\/\/www.malinashop.lt\/wp-content\/uploads\/2024\/11\/TECHNIQUE-BALJE-spalva-apsaugantis-sampunas-su-asiuklio-ir-graikisku-riesutu-ekstraktais-1000-ml.png\" \/>\n\t<meta property=\"og:image:width\" content=\"2000\" \/>\n\t<meta property=\"og:image:height\" content=\"2000\" \/>\n\t<meta property=\"og:image:type\" content=\"image\/png\" \/>\n<meta name=\"twitter:card\" content=\"summary_large_image\" \/>\n<script type=\"application\/ld+json\" class=\"yoast-schema-graph\">{\"@context\":\"https:\\\/\\\/schema.org\",\"@graph\":[{\"@type\":\"WebPage\",\"@id\":\"https:\\\/\\\/www.malinashop.lt\\\/lt_lt\\\/shop\\\/technique-balje-spalva-apsaugantis-sampunas-su-asiuklio-ir-graikisku-riesutu-ekstraktais-1000-ml\\\/\",\"url\":\"https:\\\/\\\/www.malinashop.lt\\\/lt_lt\\\/shop\\\/technique-balje-spalva-apsaugantis-sampunas-su-asiuklio-ir-graikisku-riesutu-ekstraktais-1000-ml\\\/\",\"name\":\"TECHNIQUE BALJE\u2019 spalv\u0105 apsaugantis \u0161amp\u016bnas su asi\u016bklio ir graiki\u0161k\u0173 rie\u0161ut\u0173 ekstraktais, 1000 ml - MalinaShop.lt J\u016bs\u0173 sveikatai ir gro\u017eiui.\",\"isPartOf\":{\"@id\":\"https:\\\/\\\/www.malinashop.lt\\\/#website\"},\"primaryImageOfPage\":{\"@id\":\"https:\\\/\\\/www.malinashop.lt\\\/lt_lt\\\/shop\\\/technique-balje-spalva-apsaugantis-sampunas-su-asiuklio-ir-graikisku-riesutu-ekstraktais-1000-ml\\\/#primaryimage\"},\"image\":{\"@id\":\"https:\\\/\\\/www.malinashop.lt\\\/lt_lt\\\/shop\\\/technique-balje-spalva-apsaugantis-sampunas-su-asiuklio-ir-graikisku-riesutu-ekstraktais-1000-ml\\\/#primaryimage\"},\"thumbnailUrl\":\"https:\\\/\\\/www.malinashop.lt\\\/wp-content\\\/uploads\\\/2024\\\/11\\\/TECHNIQUE-BALJE-spalva-apsaugantis-sampunas-su-asiuklio-ir-graikisku-riesutu-ekstraktais-1000-ml.png\",\"datePublished\":\"2024-11-06T12:51:55+00:00\",\"dateModified\":\"2026-02-12T21:11:09+00:00\",\"breadcrumb\":{\"@id\":\"https:\\\/\\\/www.malinashop.lt\\\/lt_lt\\\/shop\\\/technique-balje-spalva-apsaugantis-sampunas-su-asiuklio-ir-graikisku-riesutu-ekstraktais-1000-ml\\\/#breadcrumb\"},\"inLanguage\":\"en-GB\",\"potentialAction\":[{\"@type\":\"ReadAction\",\"target\":[\"https:\\\/\\\/www.malinashop.lt\\\/lt_lt\\\/shop\\\/technique-balje-spalva-apsaugantis-sampunas-su-asiuklio-ir-graikisku-riesutu-ekstraktais-1000-ml\\\/\"]}]},{\"@type\":\"ImageObject\",\"inLanguage\":\"en-GB\",\"@id\":\"https:\\\/\\\/www.malinashop.lt\\\/lt_lt\\\/shop\\\/technique-balje-spalva-apsaugantis-sampunas-su-asiuklio-ir-graikisku-riesutu-ekstraktais-1000-ml\\\/#primaryimage\",\"url\":\"https:\\\/\\\/www.malinashop.lt\\\/wp-content\\\/uploads\\\/2024\\\/11\\\/TECHNIQUE-BALJE-spalva-apsaugantis-sampunas-su-asiuklio-ir-graikisku-riesutu-ekstraktais-1000-ml.png\",\"contentUrl\":\"https:\\\/\\\/www.malinashop.lt\\\/wp-content\\\/uploads\\\/2024\\\/11\\\/TECHNIQUE-BALJE-spalva-apsaugantis-sampunas-su-asiuklio-ir-graikisku-riesutu-ekstraktais-1000-ml.png\",\"width\":2000,\"height\":2000},{\"@type\":\"BreadcrumbList\",\"@id\":\"https:\\\/\\\/www.malinashop.lt\\\/lt_lt\\\/shop\\\/technique-balje-spalva-apsaugantis-sampunas-su-asiuklio-ir-graikisku-riesutu-ekstraktais-1000-ml\\\/#breadcrumb\",\"itemListElement\":[{\"@type\":\"ListItem\",\"position\":1,\"name\":\"Pagrindinis\",\"item\":\"https:\\\/\\\/www.malinashop.lt\\\/\"},{\"@type\":\"ListItem\",\"position\":2,\"name\":\"Parduotuv\u0117\",\"item\":\"https:\\\/\\\/www.malinashop.lt\\\/en\\\/parduotuve\\\/\"},{\"@type\":\"ListItem\",\"position\":3,\"name\":\"TECHNIQUE BALJE\u2019 spalv\u0105 apsaugantis \u0161amp\u016bnas su asi\u016bklio ir graiki\u0161k\u0173 rie\u0161ut\u0173 ekstraktais, 1000 ml\"}]},{\"@type\":\"WebSite\",\"@id\":\"https:\\\/\\\/www.malinashop.lt\\\/#website\",\"url\":\"https:\\\/\\\/www.malinashop.lt\\\/\",\"name\":\"COM Group Ecommerce\",\"description\":\"MalinaShop.lt - Gro\u017eio ir sveikatos produktai i\u0161 patikim\u0173 preki\u0173 \u017eenkl\u0173. Atraskite auk\u0161tos kokyb\u0117s kosmetik\u0105 u\u017e puiki\u0105 kain\u0105.\",\"publisher\":{\"@id\":\"https:\\\/\\\/www.malinashop.lt\\\/#organization\"},\"potentialAction\":[{\"@type\":\"SearchAction\",\"target\":{\"@type\":\"EntryPoint\",\"urlTemplate\":\"https:\\\/\\\/www.malinashop.lt\\\/?s={search_term_string}\"},\"query-input\":{\"@type\":\"PropertyValueSpecification\",\"valueRequired\":true,\"valueName\":\"search_term_string\"}}],\"inLanguage\":\"en-GB\"},{\"@type\":\"Organization\",\"@id\":\"https:\\\/\\\/www.malinashop.lt\\\/#organization\",\"name\":\"COM Group Ecommerce\",\"url\":\"https:\\\/\\\/www.malinashop.lt\\\/\",\"logo\":{\"@type\":\"ImageObject\",\"inLanguage\":\"en-GB\",\"@id\":\"https:\\\/\\\/www.malinashop.lt\\\/#\\\/schema\\\/logo\\\/image\\\/\",\"url\":\"https:\\\/\\\/www.malinashop.lt\\\/wp-content\\\/uploads\\\/2024\\\/08\\\/462559670_3787732518133670_9795632669273463_n-e1731525914575.png\",\"contentUrl\":\"https:\\\/\\\/www.malinashop.lt\\\/wp-content\\\/uploads\\\/2024\\\/08\\\/462559670_3787732518133670_9795632669273463_n-e1731525914575.png\",\"width\":180,\"height\":60,\"caption\":\"COM Group Ecommerce\"},\"image\":{\"@id\":\"https:\\\/\\\/www.malinashop.lt\\\/#\\\/schema\\\/logo\\\/image\\\/\"}}]}<\/script>\n<!-- \/ Yoast SEO plugin. -->","yoast_head_json":{"title":"TECHNIQUE BALJE\u2019 spalv\u0105 apsaugantis \u0161amp\u016bnas su asi\u016bklio ir graiki\u0161k\u0173 rie\u0161ut\u0173 ekstraktais, 1000 ml - MalinaShop.lt J\u016bs\u0173 sveikatai ir gro\u017eiui.","robots":{"index":"index","follow":"follow","max-snippet":"max-snippet:-1","max-image-preview":"max-image-preview:large","max-video-preview":"max-video-preview:-1"},"canonical":"https:\/\/www.malinashop.lt\/en\/shop\/technique-balje-spalva-apsaugantis-sampunas-su-asiuklio-ir-graikisku-riesutu-ekstraktais-1000-ml\/","og_locale":"en_GB","og_type":"article","og_title":"TECHNIQUE BALJE\u2019 spalv\u0105 apsaugantis \u0161amp\u016bnas su asi\u016bklio ir graiki\u0161k\u0173 rie\u0161ut\u0173 ekstraktais, 1000 ml - MalinaShop.lt J\u016bs\u0173 sveikatai ir gro\u017eiui.","og_url":"https:\/\/www.malinashop.lt\/en\/shop\/technique-balje-spalva-apsaugantis-sampunas-su-asiuklio-ir-graikisku-riesutu-ekstraktais-1000-ml\/","og_site_name":"MalinaShop.lt J\u016bs\u0173 sveikatai ir gro\u017eiui.","article_modified_time":"2026-02-12T21:11:09+00:00","og_image":[{"width":2000,"height":2000,"url":"https:\/\/www.malinashop.lt\/wp-content\/uploads\/2024\/11\/TECHNIQUE-BALJE-spalva-apsaugantis-sampunas-su-asiuklio-ir-graikisku-riesutu-ekstraktais-1000-ml.png","type":"image\/png"}],"twitter_card":"summary_large_image","schema":{"@context":"https:\/\/schema.org","@graph":[{"@type":"WebPage","@id":"https:\/\/www.malinashop.lt\/lt_lt\/shop\/technique-balje-spalva-apsaugantis-sampunas-su-asiuklio-ir-graikisku-riesutu-ekstraktais-1000-ml\/","url":"https:\/\/www.malinashop.lt\/lt_lt\/shop\/technique-balje-spalva-apsaugantis-sampunas-su-asiuklio-ir-graikisku-riesutu-ekstraktais-1000-ml\/","name":"TECHNIQUE BALJE\u2019 spalv\u0105 apsaugantis \u0161amp\u016bnas su asi\u016bklio ir graiki\u0161k\u0173 rie\u0161ut\u0173 ekstraktais, 1000 ml - MalinaShop.lt J\u016bs\u0173 sveikatai ir gro\u017eiui.","isPartOf":{"@id":"https:\/\/www.malinashop.lt\/#website"},"primaryImageOfPage":{"@id":"https:\/\/www.malinashop.lt\/lt_lt\/shop\/technique-balje-spalva-apsaugantis-sampunas-su-asiuklio-ir-graikisku-riesutu-ekstraktais-1000-ml\/#primaryimage"},"image":{"@id":"https:\/\/www.malinashop.lt\/lt_lt\/shop\/technique-balje-spalva-apsaugantis-sampunas-su-asiuklio-ir-graikisku-riesutu-ekstraktais-1000-ml\/#primaryimage"},"thumbnailUrl":"https:\/\/www.malinashop.lt\/wp-content\/uploads\/2024\/11\/TECHNIQUE-BALJE-spalva-apsaugantis-sampunas-su-asiuklio-ir-graikisku-riesutu-ekstraktais-1000-ml.png","datePublished":"2024-11-06T12:51:55+00:00","dateModified":"2026-02-12T21:11:09+00:00","breadcrumb":{"@id":"https:\/\/www.malinashop.lt\/lt_lt\/shop\/technique-balje-spalva-apsaugantis-sampunas-su-asiuklio-ir-graikisku-riesutu-ekstraktais-1000-ml\/#breadcrumb"},"inLanguage":"en-GB","potentialAction":[{"@type":"ReadAction","target":["https:\/\/www.malinashop.lt\/lt_lt\/shop\/technique-balje-spalva-apsaugantis-sampunas-su-asiuklio-ir-graikisku-riesutu-ekstraktais-1000-ml\/"]}]},{"@type":"ImageObject","inLanguage":"en-GB","@id":"https:\/\/www.malinashop.lt\/lt_lt\/shop\/technique-balje-spalva-apsaugantis-sampunas-su-asiuklio-ir-graikisku-riesutu-ekstraktais-1000-ml\/#primaryimage","url":"https:\/\/www.malinashop.lt\/wp-content\/uploads\/2024\/11\/TECHNIQUE-BALJE-spalva-apsaugantis-sampunas-su-asiuklio-ir-graikisku-riesutu-ekstraktais-1000-ml.png","contentUrl":"https:\/\/www.malinashop.lt\/wp-content\/uploads\/2024\/11\/TECHNIQUE-BALJE-spalva-apsaugantis-sampunas-su-asiuklio-ir-graikisku-riesutu-ekstraktais-1000-ml.png","width":2000,"height":2000},{"@type":"BreadcrumbList","@id":"https:\/\/www.malinashop.lt\/lt_lt\/shop\/technique-balje-spalva-apsaugantis-sampunas-su-asiuklio-ir-graikisku-riesutu-ekstraktais-1000-ml\/#breadcrumb","itemListElement":[{"@type":"ListItem","position":1,"name":"Pagrindinis","item":"https:\/\/www.malinashop.lt\/"},{"@type":"ListItem","position":2,"name":"Parduotuv\u0117","item":"https:\/\/www.malinashop.lt\/en\/parduotuve\/"},{"@type":"ListItem","position":3,"name":"TECHNIQUE BALJE\u2019 spalv\u0105 apsaugantis \u0161amp\u016bnas su asi\u016bklio ir graiki\u0161k\u0173 rie\u0161ut\u0173 ekstraktais, 1000 ml"}]},{"@type":"WebSite","@id":"https:\/\/www.malinashop.lt\/#website","url":"https:\/\/www.malinashop.lt\/","name":"COM Group Ecommerce","description":"MalinaShop.lt - Gro\u017eio ir sveikatos produktai i\u0161 patikim\u0173 preki\u0173 \u017eenkl\u0173. Atraskite auk\u0161tos kokyb\u0117s kosmetik\u0105 u\u017e puiki\u0105 kain\u0105.","publisher":{"@id":"https:\/\/www.malinashop.lt\/#organization"},"potentialAction":[{"@type":"SearchAction","target":{"@type":"EntryPoint","urlTemplate":"https:\/\/www.malinashop.lt\/?s={search_term_string}"},"query-input":{"@type":"PropertyValueSpecification","valueRequired":true,"valueName":"search_term_string"}}],"inLanguage":"en-GB"},{"@type":"Organization","@id":"https:\/\/www.malinashop.lt\/#organization","name":"COM Group Ecommerce","url":"https:\/\/www.malinashop.lt\/","logo":{"@type":"ImageObject","inLanguage":"en-GB","@id":"https:\/\/www.malinashop.lt\/#\/schema\/logo\/image\/","url":"https:\/\/www.malinashop.lt\/wp-content\/uploads\/2024\/08\/462559670_3787732518133670_9795632669273463_n-e1731525914575.png","contentUrl":"https:\/\/www.malinashop.lt\/wp-content\/uploads\/2024\/08\/462559670_3787732518133670_9795632669273463_n-e1731525914575.png","width":180,"height":60,"caption":"COM Group Ecommerce"},"image":{"@id":"https:\/\/www.malinashop.lt\/#\/schema\/logo\/image\/"}}]}},"jetpack_sharing_enabled":true,"_links":{"self":[{"href":"https:\/\/www.malinashop.lt\/en\/wp-json\/wp\/v2\/product\/19479","targetHints":{"allow":["GET"]}}],"collection":[{"href":"https:\/\/www.malinashop.lt\/en\/wp-json\/wp\/v2\/product"}],"about":[{"href":"https:\/\/www.malinashop.lt\/en\/wp-json\/wp\/v2\/types\/product"}],"version-history":[{"count":1,"href":"https:\/\/www.malinashop.lt\/en\/wp-json\/wp\/v2\/product\/19479\/revisions"}],"predecessor-version":[{"id":33264,"href":"https:\/\/www.malinashop.lt\/en\/wp-json\/wp\/v2\/product\/19479\/revisions\/33264"}],"wp:featuredmedia":[{"embeddable":true,"href":"https:\/\/www.malinashop.lt\/en\/wp-json\/wp\/v2\/media\/18106"}],"wp:attachment":[{"href":"https:\/\/www.malinashop.lt\/en\/wp-json\/wp\/v2\/media?parent=19479"}],"wp:term":[{"taxonomy":"product_brand","embeddable":true,"href":"https:\/\/www.malinashop.lt\/en\/wp-json\/wp\/v2\/product_brand?post=19479"},{"taxonomy":"product_cat","embeddable":true,"href":"https:\/\/www.malinashop.lt\/en\/wp-json\/wp\/v2\/product_cat?post=19479"},{"taxonomy":"product_tag","embeddable":true,"href":"https:\/\/www.malinashop.lt\/en\/wp-json\/wp\/v2\/product_tag?post=19479"}],"curies":[{"name":"wp","href":"https:\/\/api.w.org\/{rel}","templated":true}]}}