{"id":19461,"date":"2024-11-06T15:51:55","date_gmt":"2024-11-06T12:51:55","guid":{"rendered":"https:\/\/malinashop.lt\/produktas\/technique-mirylia-intense-gold-atkuriamasis-sampunas-300-ml\/"},"modified":"2026-02-13T00:11:12","modified_gmt":"2026-02-12T21:11:12","slug":"technique-mirylia-intense-gold-atkuriamasis-sampunas-300-ml","status":"publish","type":"product","link":"https:\/\/www.malinashop.lt\/en\/shop\/technique-mirylia-intense-gold-atkuriamasis-sampunas-300-ml\/","title":{"rendered":"TECHNIQUE MIRYLIA INTENSE GOLD atkuriamasis \u0161amp\u016bnas, 300 ml"},"content":{"rendered":"<p>TECHNIQUE MIRYLIA INTENSE GOLD atkuriamasis \u0161amp\u016bnas \u0161velniai valo galvos od\u0105, ma\u017eina plauk\u0173 pasip\u016btim\u0105 ir suteikia jiems sveik\u0105 spindes\u012f. Jis intensyviai dr\u0117kina plaukus, j\u0173 neapsunkindamas, suteikdamas jiems spindesio, elastingumo ir \u0161velnumo.<\/p>\n<p>Argano aliejus: turtingas vitaminu E, kuris skatina sveik\u0173 plauk\u0173 augim\u0105, veikia kaip antioksidantas ir maitina l\u0105steles. \u0160is aliejus dr\u0117kina galvos od\u0105, stiprina plaukus ir apsaugo nuo pleiskan\u0173. Jis taip pat padeda atkurti plauk\u0173 strukt\u016br\u0105 po chemini\u0173 proced\u016br\u0173 ir suma\u017eina plauk\u0173 galiuk\u0173 skilin\u0117jim\u0105.<br \/>\nNakvi\u0161\u0173 aliejus: stiprina plaukus, ma\u017eina j\u0173 slinkim\u0105 ir maitina galvos od\u0105 d\u0117l gausaus riebal\u0173 r\u016bg\u0161\u010di\u0173, cinko, gele\u017eies ir kalio kiekio. Padeda kovoti su pleiskanomis ir saus\u0117jan\u010dia oda.<br \/>\nKanapi\u0173 aliejus: atkuria plauk\u0173 strukt\u016br\u0105, ma\u017eina j\u0173 slinkim\u0105, skatina augim\u0105 ir dr\u0117kina galvos od\u0105.<br \/>\nNaudojimas: tepkite nedidel\u012f \u0161amp\u016bno kiek\u012f ant dr\u0117gn\u0173 plauk\u0173 ir galvos odos, masa\u017euokite ir kruop\u0161\u010diai i\u0161skalaukite. Jei reikia, pakartokite. \u0160is \u0161amp\u016bnas gali b\u016bti naudojamas kasdien.<\/p>\n<p>Norint pasiekti geriausi\u0105 efekt\u0105, rekomenduojama papildomai naudoti MIRYLIA INTENSE GOLD plauk\u0173 kauk\u0119.<\/p>\n<p><strong>Apie TECHNIQUE:<\/strong><\/p>\n<p>Italijos kompanijos \u201eComprof\u201c prek\u0117s \u017eenklas rinkoje daugiau nei 20 met\u0173 tiekia kokybi\u0161kus plauk\u0173 prie\u017ei\u016bros gaminius.<\/p>\n<p>M\u016bs\u0173 parduotuv\u0117je rasite atrinkt\u0173 produkt\u0173, tinkan\u010di\u0173 tiek profesionaliam naudojimui salonuose, tiek namuose, kad pasiektum\u0117te kirpyklos lygio rezultat\u0173.<\/p>\n<p>Made in Italy: Visi TECHNIQUE produktai yra sukurti ir pagaminti Italijoje, u\u017etikrinant auk\u0161\u010diausi\u0105 kokyb\u0119 j\u016bs\u0173 plauk\u0173 gro\u017eiui ir sveikatai.&#8221;<\/p>\n<div class=\"text-tab text-tab-id-10\">\n<p>Siuntas i\u0161siun\u010diame antradieniais ir ketvirtadieniais. Jei d\u0117l koki\u0173 nors prie\u017eas\u010di\u0173 siunta negali b\u016bti i\u0161si\u0173sta \u0161iomis dienomis ir ji yra perkeliama \u012f kit\u0105 dien\u0105, apie tai informuosime jus svetain\u0117je arba el. pa\u0161tu.<\/p>\n<p>\u201eJei turite klausim\u0173, pra\u0161ome susisiekti el. pa\u0161tu info@malinashop.lt arba telefonu +37065444002 darbo dienomis nuo 10:00 iki 16:00 val.\u201c<\/p>\n<\/div>\n<div class=\"text-tab text-tab-id-11\">\n<p>Perkant u\u017e daugiau nei 50\u20ac &#8211; pristatymas nemokamas.<\/p>\n<p>Pristatymas \u012f LPexpress pa\u0161tomat\u0105\u00a0(visoje Lietuvoje, i\u0161skyrus Kur\u0161i\u0173 Nerij\u0105).<\/p>\n<\/div>\n","protected":false},"excerpt":{"rendered":"<p>TECHNIQUE MIRYLIA INTENSE GOLD atkuriamasis \u0161amp\u016bnas \u0161velniai valo galvos od\u0105, ma\u017eina plauk\u0173 pasip\u016btim\u0105 ir suteikia jiems sveik\u0105 spindes\u012f. Jis intensyviai dr\u0117kina plaukus,&hellip;<\/p>\n","protected":false},"featured_media":21313,"template":"","meta":[],"product_brand":[519],"product_cat":[185],"product_tag":[1638],"class_list":{"0":"post-19461","1":"product","2":"type-product","3":"status-publish","4":"has-post-thumbnail","6":"product_brand-technique","7":"product_cat-plauku-sampunai","8":"product_tag-technique","10":"first","11":"instock","12":"sale","13":"taxable","14":"shipping-taxable","15":"purchasable","16":"product-type-simple"},"yoast_head":"<!-- This site is optimized with the Yoast SEO plugin v27.4 - https:\/\/yoast.com\/product\/yoast-seo-wordpress\/ -->\n<title>TECHNIQUE MIRYLIA INTENSE GOLD atkuriamasis \u0161amp\u016bnas, 300 ml - MalinaShop.lt J\u016bs\u0173 sveikatai ir gro\u017eiui.<\/title>\n<meta name=\"robots\" content=\"index, follow, max-snippet:-1, max-image-preview:large, max-video-preview:-1\" \/>\n<link rel=\"canonical\" href=\"https:\/\/www.malinashop.lt\/en\/shop\/technique-mirylia-intense-gold-atkuriamasis-sampunas-300-ml\/\" \/>\n<meta property=\"og:locale\" content=\"en_GB\" \/>\n<meta property=\"og:type\" content=\"article\" \/>\n<meta property=\"og:title\" content=\"TECHNIQUE MIRYLIA INTENSE GOLD atkuriamasis \u0161amp\u016bnas, 300 ml - MalinaShop.lt J\u016bs\u0173 sveikatai ir gro\u017eiui.\" \/>\n<meta property=\"og:url\" content=\"https:\/\/www.malinashop.lt\/en\/shop\/technique-mirylia-intense-gold-atkuriamasis-sampunas-300-ml\/\" \/>\n<meta property=\"og:site_name\" content=\"MalinaShop.lt J\u016bs\u0173 sveikatai ir gro\u017eiui.\" \/>\n<meta property=\"article:modified_time\" content=\"2026-02-12T21:11:12+00:00\" \/>\n<meta property=\"og:image\" content=\"https:\/\/www.malinashop.lt\/wp-content\/uploads\/2024\/11\/technique-mirylia-intense-gold-atkuriamoji-plauku-kauke-300-ml-1-1.png\" \/>\n\t<meta property=\"og:image:width\" content=\"388\" \/>\n\t<meta property=\"og:image:height\" content=\"388\" \/>\n\t<meta property=\"og:image:type\" content=\"image\/png\" \/>\n<meta name=\"twitter:card\" content=\"summary_large_image\" \/>\n<script type=\"application\/ld+json\" class=\"yoast-schema-graph\">{\"@context\":\"https:\\\/\\\/schema.org\",\"@graph\":[{\"@type\":\"WebPage\",\"@id\":\"https:\\\/\\\/www.malinashop.lt\\\/lt_lt\\\/shop\\\/technique-mirylia-intense-gold-atkuriamasis-sampunas-300-ml\\\/\",\"url\":\"https:\\\/\\\/www.malinashop.lt\\\/lt_lt\\\/shop\\\/technique-mirylia-intense-gold-atkuriamasis-sampunas-300-ml\\\/\",\"name\":\"TECHNIQUE MIRYLIA INTENSE GOLD atkuriamasis \u0161amp\u016bnas, 300 ml - MalinaShop.lt J\u016bs\u0173 sveikatai ir gro\u017eiui.\",\"isPartOf\":{\"@id\":\"https:\\\/\\\/www.malinashop.lt\\\/#website\"},\"primaryImageOfPage\":{\"@id\":\"https:\\\/\\\/www.malinashop.lt\\\/lt_lt\\\/shop\\\/technique-mirylia-intense-gold-atkuriamasis-sampunas-300-ml\\\/#primaryimage\"},\"image\":{\"@id\":\"https:\\\/\\\/www.malinashop.lt\\\/lt_lt\\\/shop\\\/technique-mirylia-intense-gold-atkuriamasis-sampunas-300-ml\\\/#primaryimage\"},\"thumbnailUrl\":\"https:\\\/\\\/www.malinashop.lt\\\/wp-content\\\/uploads\\\/2024\\\/11\\\/technique-mirylia-intense-gold-atkuriamoji-plauku-kauke-300-ml-1-1.png\",\"datePublished\":\"2024-11-06T12:51:55+00:00\",\"dateModified\":\"2026-02-12T21:11:12+00:00\",\"breadcrumb\":{\"@id\":\"https:\\\/\\\/www.malinashop.lt\\\/lt_lt\\\/shop\\\/technique-mirylia-intense-gold-atkuriamasis-sampunas-300-ml\\\/#breadcrumb\"},\"inLanguage\":\"en-GB\",\"potentialAction\":[{\"@type\":\"ReadAction\",\"target\":[\"https:\\\/\\\/www.malinashop.lt\\\/lt_lt\\\/shop\\\/technique-mirylia-intense-gold-atkuriamasis-sampunas-300-ml\\\/\"]}]},{\"@type\":\"ImageObject\",\"inLanguage\":\"en-GB\",\"@id\":\"https:\\\/\\\/www.malinashop.lt\\\/lt_lt\\\/shop\\\/technique-mirylia-intense-gold-atkuriamasis-sampunas-300-ml\\\/#primaryimage\",\"url\":\"https:\\\/\\\/www.malinashop.lt\\\/wp-content\\\/uploads\\\/2024\\\/11\\\/technique-mirylia-intense-gold-atkuriamoji-plauku-kauke-300-ml-1-1.png\",\"contentUrl\":\"https:\\\/\\\/www.malinashop.lt\\\/wp-content\\\/uploads\\\/2024\\\/11\\\/technique-mirylia-intense-gold-atkuriamoji-plauku-kauke-300-ml-1-1.png\",\"width\":388,\"height\":388},{\"@type\":\"BreadcrumbList\",\"@id\":\"https:\\\/\\\/www.malinashop.lt\\\/lt_lt\\\/shop\\\/technique-mirylia-intense-gold-atkuriamasis-sampunas-300-ml\\\/#breadcrumb\",\"itemListElement\":[{\"@type\":\"ListItem\",\"position\":1,\"name\":\"Pagrindinis\",\"item\":\"https:\\\/\\\/www.malinashop.lt\\\/\"},{\"@type\":\"ListItem\",\"position\":2,\"name\":\"Parduotuv\u0117\",\"item\":\"https:\\\/\\\/www.malinashop.lt\\\/en\\\/parduotuve\\\/\"},{\"@type\":\"ListItem\",\"position\":3,\"name\":\"TECHNIQUE MIRYLIA INTENSE GOLD atkuriamasis \u0161amp\u016bnas, 300 ml\"}]},{\"@type\":\"WebSite\",\"@id\":\"https:\\\/\\\/www.malinashop.lt\\\/#website\",\"url\":\"https:\\\/\\\/www.malinashop.lt\\\/\",\"name\":\"COM Group Ecommerce\",\"description\":\"MalinaShop.lt - Gro\u017eio ir sveikatos produktai i\u0161 patikim\u0173 preki\u0173 \u017eenkl\u0173. Atraskite auk\u0161tos kokyb\u0117s kosmetik\u0105 u\u017e puiki\u0105 kain\u0105.\",\"publisher\":{\"@id\":\"https:\\\/\\\/www.malinashop.lt\\\/#organization\"},\"potentialAction\":[{\"@type\":\"SearchAction\",\"target\":{\"@type\":\"EntryPoint\",\"urlTemplate\":\"https:\\\/\\\/www.malinashop.lt\\\/?s={search_term_string}\"},\"query-input\":{\"@type\":\"PropertyValueSpecification\",\"valueRequired\":true,\"valueName\":\"search_term_string\"}}],\"inLanguage\":\"en-GB\"},{\"@type\":\"Organization\",\"@id\":\"https:\\\/\\\/www.malinashop.lt\\\/#organization\",\"name\":\"COM Group Ecommerce\",\"url\":\"https:\\\/\\\/www.malinashop.lt\\\/\",\"logo\":{\"@type\":\"ImageObject\",\"inLanguage\":\"en-GB\",\"@id\":\"https:\\\/\\\/www.malinashop.lt\\\/#\\\/schema\\\/logo\\\/image\\\/\",\"url\":\"https:\\\/\\\/www.malinashop.lt\\\/wp-content\\\/uploads\\\/2024\\\/08\\\/462559670_3787732518133670_9795632669273463_n-e1731525914575.png\",\"contentUrl\":\"https:\\\/\\\/www.malinashop.lt\\\/wp-content\\\/uploads\\\/2024\\\/08\\\/462559670_3787732518133670_9795632669273463_n-e1731525914575.png\",\"width\":180,\"height\":60,\"caption\":\"COM Group Ecommerce\"},\"image\":{\"@id\":\"https:\\\/\\\/www.malinashop.lt\\\/#\\\/schema\\\/logo\\\/image\\\/\"}}]}<\/script>\n<!-- \/ Yoast SEO plugin. -->","yoast_head_json":{"title":"TECHNIQUE MIRYLIA INTENSE GOLD atkuriamasis \u0161amp\u016bnas, 300 ml - MalinaShop.lt J\u016bs\u0173 sveikatai ir gro\u017eiui.","robots":{"index":"index","follow":"follow","max-snippet":"max-snippet:-1","max-image-preview":"max-image-preview:large","max-video-preview":"max-video-preview:-1"},"canonical":"https:\/\/www.malinashop.lt\/en\/shop\/technique-mirylia-intense-gold-atkuriamasis-sampunas-300-ml\/","og_locale":"en_GB","og_type":"article","og_title":"TECHNIQUE MIRYLIA INTENSE GOLD atkuriamasis \u0161amp\u016bnas, 300 ml - MalinaShop.lt J\u016bs\u0173 sveikatai ir gro\u017eiui.","og_url":"https:\/\/www.malinashop.lt\/en\/shop\/technique-mirylia-intense-gold-atkuriamasis-sampunas-300-ml\/","og_site_name":"MalinaShop.lt J\u016bs\u0173 sveikatai ir gro\u017eiui.","article_modified_time":"2026-02-12T21:11:12+00:00","og_image":[{"width":388,"height":388,"url":"https:\/\/www.malinashop.lt\/wp-content\/uploads\/2024\/11\/technique-mirylia-intense-gold-atkuriamoji-plauku-kauke-300-ml-1-1.png","type":"image\/png"}],"twitter_card":"summary_large_image","schema":{"@context":"https:\/\/schema.org","@graph":[{"@type":"WebPage","@id":"https:\/\/www.malinashop.lt\/lt_lt\/shop\/technique-mirylia-intense-gold-atkuriamasis-sampunas-300-ml\/","url":"https:\/\/www.malinashop.lt\/lt_lt\/shop\/technique-mirylia-intense-gold-atkuriamasis-sampunas-300-ml\/","name":"TECHNIQUE MIRYLIA INTENSE GOLD atkuriamasis \u0161amp\u016bnas, 300 ml - MalinaShop.lt J\u016bs\u0173 sveikatai ir gro\u017eiui.","isPartOf":{"@id":"https:\/\/www.malinashop.lt\/#website"},"primaryImageOfPage":{"@id":"https:\/\/www.malinashop.lt\/lt_lt\/shop\/technique-mirylia-intense-gold-atkuriamasis-sampunas-300-ml\/#primaryimage"},"image":{"@id":"https:\/\/www.malinashop.lt\/lt_lt\/shop\/technique-mirylia-intense-gold-atkuriamasis-sampunas-300-ml\/#primaryimage"},"thumbnailUrl":"https:\/\/www.malinashop.lt\/wp-content\/uploads\/2024\/11\/technique-mirylia-intense-gold-atkuriamoji-plauku-kauke-300-ml-1-1.png","datePublished":"2024-11-06T12:51:55+00:00","dateModified":"2026-02-12T21:11:12+00:00","breadcrumb":{"@id":"https:\/\/www.malinashop.lt\/lt_lt\/shop\/technique-mirylia-intense-gold-atkuriamasis-sampunas-300-ml\/#breadcrumb"},"inLanguage":"en-GB","potentialAction":[{"@type":"ReadAction","target":["https:\/\/www.malinashop.lt\/lt_lt\/shop\/technique-mirylia-intense-gold-atkuriamasis-sampunas-300-ml\/"]}]},{"@type":"ImageObject","inLanguage":"en-GB","@id":"https:\/\/www.malinashop.lt\/lt_lt\/shop\/technique-mirylia-intense-gold-atkuriamasis-sampunas-300-ml\/#primaryimage","url":"https:\/\/www.malinashop.lt\/wp-content\/uploads\/2024\/11\/technique-mirylia-intense-gold-atkuriamoji-plauku-kauke-300-ml-1-1.png","contentUrl":"https:\/\/www.malinashop.lt\/wp-content\/uploads\/2024\/11\/technique-mirylia-intense-gold-atkuriamoji-plauku-kauke-300-ml-1-1.png","width":388,"height":388},{"@type":"BreadcrumbList","@id":"https:\/\/www.malinashop.lt\/lt_lt\/shop\/technique-mirylia-intense-gold-atkuriamasis-sampunas-300-ml\/#breadcrumb","itemListElement":[{"@type":"ListItem","position":1,"name":"Pagrindinis","item":"https:\/\/www.malinashop.lt\/"},{"@type":"ListItem","position":2,"name":"Parduotuv\u0117","item":"https:\/\/www.malinashop.lt\/en\/parduotuve\/"},{"@type":"ListItem","position":3,"name":"TECHNIQUE MIRYLIA INTENSE GOLD atkuriamasis \u0161amp\u016bnas, 300 ml"}]},{"@type":"WebSite","@id":"https:\/\/www.malinashop.lt\/#website","url":"https:\/\/www.malinashop.lt\/","name":"COM Group Ecommerce","description":"MalinaShop.lt - Gro\u017eio ir sveikatos produktai i\u0161 patikim\u0173 preki\u0173 \u017eenkl\u0173. Atraskite auk\u0161tos kokyb\u0117s kosmetik\u0105 u\u017e puiki\u0105 kain\u0105.","publisher":{"@id":"https:\/\/www.malinashop.lt\/#organization"},"potentialAction":[{"@type":"SearchAction","target":{"@type":"EntryPoint","urlTemplate":"https:\/\/www.malinashop.lt\/?s={search_term_string}"},"query-input":{"@type":"PropertyValueSpecification","valueRequired":true,"valueName":"search_term_string"}}],"inLanguage":"en-GB"},{"@type":"Organization","@id":"https:\/\/www.malinashop.lt\/#organization","name":"COM Group Ecommerce","url":"https:\/\/www.malinashop.lt\/","logo":{"@type":"ImageObject","inLanguage":"en-GB","@id":"https:\/\/www.malinashop.lt\/#\/schema\/logo\/image\/","url":"https:\/\/www.malinashop.lt\/wp-content\/uploads\/2024\/08\/462559670_3787732518133670_9795632669273463_n-e1731525914575.png","contentUrl":"https:\/\/www.malinashop.lt\/wp-content\/uploads\/2024\/08\/462559670_3787732518133670_9795632669273463_n-e1731525914575.png","width":180,"height":60,"caption":"COM Group Ecommerce"},"image":{"@id":"https:\/\/www.malinashop.lt\/#\/schema\/logo\/image\/"}}]}},"jetpack_sharing_enabled":true,"_links":{"self":[{"href":"https:\/\/www.malinashop.lt\/en\/wp-json\/wp\/v2\/product\/19461","targetHints":{"allow":["GET"]}}],"collection":[{"href":"https:\/\/www.malinashop.lt\/en\/wp-json\/wp\/v2\/product"}],"about":[{"href":"https:\/\/www.malinashop.lt\/en\/wp-json\/wp\/v2\/types\/product"}],"version-history":[{"count":1,"href":"https:\/\/www.malinashop.lt\/en\/wp-json\/wp\/v2\/product\/19461\/revisions"}],"predecessor-version":[{"id":33252,"href":"https:\/\/www.malinashop.lt\/en\/wp-json\/wp\/v2\/product\/19461\/revisions\/33252"}],"wp:featuredmedia":[{"embeddable":true,"href":"https:\/\/www.malinashop.lt\/en\/wp-json\/wp\/v2\/media\/21313"}],"wp:attachment":[{"href":"https:\/\/www.malinashop.lt\/en\/wp-json\/wp\/v2\/media?parent=19461"}],"wp:term":[{"taxonomy":"product_brand","embeddable":true,"href":"https:\/\/www.malinashop.lt\/en\/wp-json\/wp\/v2\/product_brand?post=19461"},{"taxonomy":"product_cat","embeddable":true,"href":"https:\/\/www.malinashop.lt\/en\/wp-json\/wp\/v2\/product_cat?post=19461"},{"taxonomy":"product_tag","embeddable":true,"href":"https:\/\/www.malinashop.lt\/en\/wp-json\/wp\/v2\/product_tag?post=19461"}],"curies":[{"name":"wp","href":"https:\/\/api.w.org\/{rel}","templated":true}]}}