{"id":19457,"date":"2024-11-06T15:51:55","date_gmt":"2024-11-06T12:51:55","guid":{"rendered":"https:\/\/malinashop.lt\/produktas\/technique-mirylia-intense-gold-atkuriamasis-plauku-aliejukas-100-ml\/"},"modified":"2026-03-15T20:51:57","modified_gmt":"2026-03-15T17:51:57","slug":"technique-mirylia-intense-gold-atkuriamasis-plauku-aliejukas-100-ml","status":"publish","type":"product","link":"https:\/\/www.malinashop.lt\/en\/shop\/technique-mirylia-intense-gold-atkuriamasis-plauku-aliejukas-100-ml\/","title":{"rendered":"TECHNIQUE MIRYLIA INTENSE GOLD atkuriamasis plauk\u0173 aliejukas, 100 ml"},"content":{"rendered":"<p>TECHNIQUE atkuriamasis plauk\u0173 aliejukas MIRYLIA INTENSE GOLD greitai pary\u0161kina plaukus ir suteikia jiems spindesio. Jis suteikia nepaprasto \u0161velnumo, ma\u017eina bangavim\u0105si ir apsaugo nuo plauk\u0173 galiuk\u0173 skilin\u0117jimo. \u0160is aliejukas palengvina formavim\u0105, dr\u0117kina plaukus ir suteikia blizgesio.<\/p>\n<p>Argano aliejus: turtingas vitamino E, kuris skatina sveik\u0173 plauk\u0173 augim\u0105, veikia kaip antioksidantas ir maitina l\u0105steles. Jis dr\u0117kina galvos od\u0105, stiprina plonus, l\u016b\u017ein\u0117jan\u010dius plaukus, apsaugo nuo pleiskan\u0173 ir padeda atkurti plaukus po cheminio apdorojimo. Argano aliejus suteikia \u017evilgesio, mink\u0161tumo, padaro plaukus lengviau paklusnius ir ma\u017eina plauk\u0173 galiuk\u0173 skilin\u0117jim\u0105.<br \/>\nNakvi\u0161\u0173 aliejus: stiprina plaukus ir kovoja su j\u0173 slinkimu. D\u0117l riebal\u0173 r\u016bg\u0161\u010di\u0173, cinko, gele\u017eies ir kalio sud\u0117ties, \u0161is aliejus maitina plaukus, padeda kovoti su pleiskanomis ir i\u0161saus\u0117jusia galvos oda.<br \/>\nKanapi\u0173 aliejus: padeda atkurti plauk\u0173 strukt\u016br\u0105, suma\u017einti slinkim\u0105 ir paskatinti augim\u0105, tuo pa\u010diu dr\u0117kina galvos od\u0105.<br \/>\nNaudojimas: u\u017etepkite nedidel\u012f aliejuko kiek\u012f ant i\u0161plaut\u0173 ir rank\u0161luos\u010diu nusausint\u0173 plauk\u0173, paskirstykite per pus\u0119 ilgio. I\u0161d\u017eiovintiems plaukams u\u017ela\u0161inkite kelet\u0105 la\u0161\u0173 ant galiuk\u0173.<\/p>\n<p>Patarimas: \u0161\u012f aliejuk\u0105 galima naudoti tiek ant rank\u0161luos\u010diu nusausint\u0173, tiek ant saus\u0173 plauk\u0173, kad suteiktum\u0117te jiems intensyv\u0173 ir ilgalaik\u012f blizges\u012f.<\/p>\n<p>T\u016bris: 100 ml<\/p>\n<p>Norint pasiekti maksimal\u0173 efekt\u0105, MIRYLIA INTENSE GOLD plauk\u0173 aliejukas tur\u0117t\u0173 b\u016bti naudojamas po \u0161amp\u016bno ir kauk\u0117s.<\/p>\n<p><strong>Apie TECHNIQUE:<\/strong><\/p>\n<p>Italijos kompanijos \u201eComprof\u201c prek\u0117s \u017eenklas rinkoje daugiau nei 20 met\u0173 tiekia kokybi\u0161kus plauk\u0173 prie\u017ei\u016bros gaminius.<\/p>\n<p>M\u016bs\u0173 parduotuv\u0117je rasite atrinkt\u0173 produkt\u0173, tinkan\u010di\u0173 tiek profesionaliam naudojimui salonuose, tiek namuose, kad pasiektum\u0117te kirpyklos lygio rezultat\u0173.<\/p>\n<p>Made in Italy: Visi TECHNIQUE produktai yra sukurti ir pagaminti Italijoje, u\u017etikrinant auk\u0161\u010diausi\u0105 kokyb\u0119 j\u016bs\u0173 plauk\u0173 gro\u017eiui ir sveikatai.&#8221;<\/p>\n<div class=\"text-tab text-tab-id-10\">\n<p>Siuntas i\u0161siun\u010diame antradieniais ir ketvirtadieniais. Jei d\u0117l koki\u0173 nors prie\u017eas\u010di\u0173 siunta negali b\u016bti i\u0161si\u0173sta \u0161iomis dienomis ir ji yra perkeliama \u012f kit\u0105 dien\u0105, apie tai informuosime jus svetain\u0117je arba el. pa\u0161tu.<\/p>\n<p>\u201eJei turite klausim\u0173, pra\u0161ome susisiekti el. pa\u0161tu info@malinashop.lt arba telefonu +37065444002 darbo dienomis nuo 10:00 iki 16:00 val.\u201c<\/p>\n<\/div>\n<div class=\"text-tab text-tab-id-11\">\n<p>Perkant u\u017e daugiau nei 50\u20ac &#8211; pristatymas nemokamas.<\/p>\n<p>Pristatymas \u012f LPexpress pa\u0161tomat\u0105\u00a0(visoje Lietuvoje, i\u0161skyrus Kur\u0161i\u0173 Nerij\u0105).<\/p>\n<\/div>\n","protected":false},"excerpt":{"rendered":"<p>TECHNIQUE atkuriamasis plauk\u0173 aliejukas MIRYLIA INTENSE GOLD greitai pary\u0161kina plaukus ir suteikia jiems spindesio. Jis suteikia nepaprasto \u0161velnumo, ma\u017eina bangavim\u0105si ir apsaugo&hellip;<\/p>\n","protected":false},"featured_media":18114,"template":"","meta":[],"product_brand":[519],"product_cat":[516],"product_tag":[1638],"class_list":{"0":"post-19457","1":"product","2":"type-product","3":"status-publish","4":"has-post-thumbnail","6":"product_brand-technique","7":"product_cat-plauku-aliejai-serumai-pilingas","8":"product_tag-technique","10":"first","11":"instock","12":"sale","13":"taxable","14":"shipping-taxable","15":"purchasable","16":"product-type-simple"},"yoast_head":"<!-- This site is optimized with the Yoast SEO plugin v27.4 - https:\/\/yoast.com\/product\/yoast-seo-wordpress\/ -->\n<title>TECHNIQUE MIRYLIA INTENSE GOLD atkuriamasis plauk\u0173 aliejukas, 100 ml - MalinaShop.lt J\u016bs\u0173 sveikatai ir gro\u017eiui.<\/title>\n<meta name=\"robots\" content=\"index, follow, max-snippet:-1, max-image-preview:large, max-video-preview:-1\" \/>\n<link rel=\"canonical\" href=\"https:\/\/www.malinashop.lt\/en\/shop\/technique-mirylia-intense-gold-atkuriamasis-plauku-aliejukas-100-ml\/\" \/>\n<meta property=\"og:locale\" content=\"en_GB\" \/>\n<meta property=\"og:type\" content=\"article\" \/>\n<meta property=\"og:title\" content=\"TECHNIQUE MIRYLIA INTENSE GOLD atkuriamasis plauk\u0173 aliejukas, 100 ml - MalinaShop.lt J\u016bs\u0173 sveikatai ir gro\u017eiui.\" \/>\n<meta property=\"og:url\" content=\"https:\/\/www.malinashop.lt\/en\/shop\/technique-mirylia-intense-gold-atkuriamasis-plauku-aliejukas-100-ml\/\" \/>\n<meta property=\"og:site_name\" content=\"MalinaShop.lt J\u016bs\u0173 sveikatai ir gro\u017eiui.\" \/>\n<meta property=\"article:modified_time\" content=\"2026-03-15T17:51:57+00:00\" \/>\n<meta property=\"og:image\" content=\"https:\/\/www.malinashop.lt\/wp-content\/uploads\/2024\/11\/TECHNIQUE-MIRYLIA-INTENSE-GOLD-atkuriamasis-plauku-aliejukas-100-ml.png\" \/>\n\t<meta property=\"og:image:width\" content=\"2000\" \/>\n\t<meta property=\"og:image:height\" content=\"2000\" \/>\n\t<meta property=\"og:image:type\" content=\"image\/png\" \/>\n<meta name=\"twitter:card\" content=\"summary_large_image\" \/>\n<script type=\"application\/ld+json\" class=\"yoast-schema-graph\">{\"@context\":\"https:\\\/\\\/schema.org\",\"@graph\":[{\"@type\":\"WebPage\",\"@id\":\"https:\\\/\\\/www.malinashop.lt\\\/lt_lt\\\/shop\\\/technique-mirylia-intense-gold-atkuriamasis-plauku-aliejukas-100-ml\\\/\",\"url\":\"https:\\\/\\\/www.malinashop.lt\\\/lt_lt\\\/shop\\\/technique-mirylia-intense-gold-atkuriamasis-plauku-aliejukas-100-ml\\\/\",\"name\":\"TECHNIQUE MIRYLIA INTENSE GOLD atkuriamasis plauk\u0173 aliejukas, 100 ml - MalinaShop.lt J\u016bs\u0173 sveikatai ir gro\u017eiui.\",\"isPartOf\":{\"@id\":\"https:\\\/\\\/www.malinashop.lt\\\/#website\"},\"primaryImageOfPage\":{\"@id\":\"https:\\\/\\\/www.malinashop.lt\\\/lt_lt\\\/shop\\\/technique-mirylia-intense-gold-atkuriamasis-plauku-aliejukas-100-ml\\\/#primaryimage\"},\"image\":{\"@id\":\"https:\\\/\\\/www.malinashop.lt\\\/lt_lt\\\/shop\\\/technique-mirylia-intense-gold-atkuriamasis-plauku-aliejukas-100-ml\\\/#primaryimage\"},\"thumbnailUrl\":\"https:\\\/\\\/www.malinashop.lt\\\/wp-content\\\/uploads\\\/2024\\\/11\\\/TECHNIQUE-MIRYLIA-INTENSE-GOLD-atkuriamasis-plauku-aliejukas-100-ml.png\",\"datePublished\":\"2024-11-06T12:51:55+00:00\",\"dateModified\":\"2026-03-15T17:51:57+00:00\",\"breadcrumb\":{\"@id\":\"https:\\\/\\\/www.malinashop.lt\\\/lt_lt\\\/shop\\\/technique-mirylia-intense-gold-atkuriamasis-plauku-aliejukas-100-ml\\\/#breadcrumb\"},\"inLanguage\":\"en-GB\",\"potentialAction\":[{\"@type\":\"ReadAction\",\"target\":[\"https:\\\/\\\/www.malinashop.lt\\\/lt_lt\\\/shop\\\/technique-mirylia-intense-gold-atkuriamasis-plauku-aliejukas-100-ml\\\/\"]}]},{\"@type\":\"ImageObject\",\"inLanguage\":\"en-GB\",\"@id\":\"https:\\\/\\\/www.malinashop.lt\\\/lt_lt\\\/shop\\\/technique-mirylia-intense-gold-atkuriamasis-plauku-aliejukas-100-ml\\\/#primaryimage\",\"url\":\"https:\\\/\\\/www.malinashop.lt\\\/wp-content\\\/uploads\\\/2024\\\/11\\\/TECHNIQUE-MIRYLIA-INTENSE-GOLD-atkuriamasis-plauku-aliejukas-100-ml.png\",\"contentUrl\":\"https:\\\/\\\/www.malinashop.lt\\\/wp-content\\\/uploads\\\/2024\\\/11\\\/TECHNIQUE-MIRYLIA-INTENSE-GOLD-atkuriamasis-plauku-aliejukas-100-ml.png\",\"width\":2000,\"height\":2000},{\"@type\":\"BreadcrumbList\",\"@id\":\"https:\\\/\\\/www.malinashop.lt\\\/lt_lt\\\/shop\\\/technique-mirylia-intense-gold-atkuriamasis-plauku-aliejukas-100-ml\\\/#breadcrumb\",\"itemListElement\":[{\"@type\":\"ListItem\",\"position\":1,\"name\":\"Pagrindinis\",\"item\":\"https:\\\/\\\/www.malinashop.lt\\\/\"},{\"@type\":\"ListItem\",\"position\":2,\"name\":\"Parduotuv\u0117\",\"item\":\"https:\\\/\\\/www.malinashop.lt\\\/en\\\/parduotuve\\\/\"},{\"@type\":\"ListItem\",\"position\":3,\"name\":\"TECHNIQUE MIRYLIA INTENSE GOLD atkuriamasis plauk\u0173 aliejukas, 100 ml\"}]},{\"@type\":\"WebSite\",\"@id\":\"https:\\\/\\\/www.malinashop.lt\\\/#website\",\"url\":\"https:\\\/\\\/www.malinashop.lt\\\/\",\"name\":\"COM Group Ecommerce\",\"description\":\"MalinaShop.lt - Gro\u017eio ir sveikatos produktai i\u0161 patikim\u0173 preki\u0173 \u017eenkl\u0173. Atraskite auk\u0161tos kokyb\u0117s kosmetik\u0105 u\u017e puiki\u0105 kain\u0105.\",\"publisher\":{\"@id\":\"https:\\\/\\\/www.malinashop.lt\\\/#organization\"},\"potentialAction\":[{\"@type\":\"SearchAction\",\"target\":{\"@type\":\"EntryPoint\",\"urlTemplate\":\"https:\\\/\\\/www.malinashop.lt\\\/?s={search_term_string}\"},\"query-input\":{\"@type\":\"PropertyValueSpecification\",\"valueRequired\":true,\"valueName\":\"search_term_string\"}}],\"inLanguage\":\"en-GB\"},{\"@type\":\"Organization\",\"@id\":\"https:\\\/\\\/www.malinashop.lt\\\/#organization\",\"name\":\"COM Group Ecommerce\",\"url\":\"https:\\\/\\\/www.malinashop.lt\\\/\",\"logo\":{\"@type\":\"ImageObject\",\"inLanguage\":\"en-GB\",\"@id\":\"https:\\\/\\\/www.malinashop.lt\\\/#\\\/schema\\\/logo\\\/image\\\/\",\"url\":\"https:\\\/\\\/www.malinashop.lt\\\/wp-content\\\/uploads\\\/2024\\\/08\\\/462559670_3787732518133670_9795632669273463_n-e1731525914575.png\",\"contentUrl\":\"https:\\\/\\\/www.malinashop.lt\\\/wp-content\\\/uploads\\\/2024\\\/08\\\/462559670_3787732518133670_9795632669273463_n-e1731525914575.png\",\"width\":180,\"height\":60,\"caption\":\"COM Group Ecommerce\"},\"image\":{\"@id\":\"https:\\\/\\\/www.malinashop.lt\\\/#\\\/schema\\\/logo\\\/image\\\/\"}}]}<\/script>\n<!-- \/ Yoast SEO plugin. -->","yoast_head_json":{"title":"TECHNIQUE MIRYLIA INTENSE GOLD atkuriamasis plauk\u0173 aliejukas, 100 ml - MalinaShop.lt J\u016bs\u0173 sveikatai ir gro\u017eiui.","robots":{"index":"index","follow":"follow","max-snippet":"max-snippet:-1","max-image-preview":"max-image-preview:large","max-video-preview":"max-video-preview:-1"},"canonical":"https:\/\/www.malinashop.lt\/en\/shop\/technique-mirylia-intense-gold-atkuriamasis-plauku-aliejukas-100-ml\/","og_locale":"en_GB","og_type":"article","og_title":"TECHNIQUE MIRYLIA INTENSE GOLD atkuriamasis plauk\u0173 aliejukas, 100 ml - MalinaShop.lt J\u016bs\u0173 sveikatai ir gro\u017eiui.","og_url":"https:\/\/www.malinashop.lt\/en\/shop\/technique-mirylia-intense-gold-atkuriamasis-plauku-aliejukas-100-ml\/","og_site_name":"MalinaShop.lt J\u016bs\u0173 sveikatai ir gro\u017eiui.","article_modified_time":"2026-03-15T17:51:57+00:00","og_image":[{"width":2000,"height":2000,"url":"https:\/\/www.malinashop.lt\/wp-content\/uploads\/2024\/11\/TECHNIQUE-MIRYLIA-INTENSE-GOLD-atkuriamasis-plauku-aliejukas-100-ml.png","type":"image\/png"}],"twitter_card":"summary_large_image","schema":{"@context":"https:\/\/schema.org","@graph":[{"@type":"WebPage","@id":"https:\/\/www.malinashop.lt\/lt_lt\/shop\/technique-mirylia-intense-gold-atkuriamasis-plauku-aliejukas-100-ml\/","url":"https:\/\/www.malinashop.lt\/lt_lt\/shop\/technique-mirylia-intense-gold-atkuriamasis-plauku-aliejukas-100-ml\/","name":"TECHNIQUE MIRYLIA INTENSE GOLD atkuriamasis plauk\u0173 aliejukas, 100 ml - MalinaShop.lt J\u016bs\u0173 sveikatai ir gro\u017eiui.","isPartOf":{"@id":"https:\/\/www.malinashop.lt\/#website"},"primaryImageOfPage":{"@id":"https:\/\/www.malinashop.lt\/lt_lt\/shop\/technique-mirylia-intense-gold-atkuriamasis-plauku-aliejukas-100-ml\/#primaryimage"},"image":{"@id":"https:\/\/www.malinashop.lt\/lt_lt\/shop\/technique-mirylia-intense-gold-atkuriamasis-plauku-aliejukas-100-ml\/#primaryimage"},"thumbnailUrl":"https:\/\/www.malinashop.lt\/wp-content\/uploads\/2024\/11\/TECHNIQUE-MIRYLIA-INTENSE-GOLD-atkuriamasis-plauku-aliejukas-100-ml.png","datePublished":"2024-11-06T12:51:55+00:00","dateModified":"2026-03-15T17:51:57+00:00","breadcrumb":{"@id":"https:\/\/www.malinashop.lt\/lt_lt\/shop\/technique-mirylia-intense-gold-atkuriamasis-plauku-aliejukas-100-ml\/#breadcrumb"},"inLanguage":"en-GB","potentialAction":[{"@type":"ReadAction","target":["https:\/\/www.malinashop.lt\/lt_lt\/shop\/technique-mirylia-intense-gold-atkuriamasis-plauku-aliejukas-100-ml\/"]}]},{"@type":"ImageObject","inLanguage":"en-GB","@id":"https:\/\/www.malinashop.lt\/lt_lt\/shop\/technique-mirylia-intense-gold-atkuriamasis-plauku-aliejukas-100-ml\/#primaryimage","url":"https:\/\/www.malinashop.lt\/wp-content\/uploads\/2024\/11\/TECHNIQUE-MIRYLIA-INTENSE-GOLD-atkuriamasis-plauku-aliejukas-100-ml.png","contentUrl":"https:\/\/www.malinashop.lt\/wp-content\/uploads\/2024\/11\/TECHNIQUE-MIRYLIA-INTENSE-GOLD-atkuriamasis-plauku-aliejukas-100-ml.png","width":2000,"height":2000},{"@type":"BreadcrumbList","@id":"https:\/\/www.malinashop.lt\/lt_lt\/shop\/technique-mirylia-intense-gold-atkuriamasis-plauku-aliejukas-100-ml\/#breadcrumb","itemListElement":[{"@type":"ListItem","position":1,"name":"Pagrindinis","item":"https:\/\/www.malinashop.lt\/"},{"@type":"ListItem","position":2,"name":"Parduotuv\u0117","item":"https:\/\/www.malinashop.lt\/en\/parduotuve\/"},{"@type":"ListItem","position":3,"name":"TECHNIQUE MIRYLIA INTENSE GOLD atkuriamasis plauk\u0173 aliejukas, 100 ml"}]},{"@type":"WebSite","@id":"https:\/\/www.malinashop.lt\/#website","url":"https:\/\/www.malinashop.lt\/","name":"COM Group Ecommerce","description":"MalinaShop.lt - Gro\u017eio ir sveikatos produktai i\u0161 patikim\u0173 preki\u0173 \u017eenkl\u0173. Atraskite auk\u0161tos kokyb\u0117s kosmetik\u0105 u\u017e puiki\u0105 kain\u0105.","publisher":{"@id":"https:\/\/www.malinashop.lt\/#organization"},"potentialAction":[{"@type":"SearchAction","target":{"@type":"EntryPoint","urlTemplate":"https:\/\/www.malinashop.lt\/?s={search_term_string}"},"query-input":{"@type":"PropertyValueSpecification","valueRequired":true,"valueName":"search_term_string"}}],"inLanguage":"en-GB"},{"@type":"Organization","@id":"https:\/\/www.malinashop.lt\/#organization","name":"COM Group Ecommerce","url":"https:\/\/www.malinashop.lt\/","logo":{"@type":"ImageObject","inLanguage":"en-GB","@id":"https:\/\/www.malinashop.lt\/#\/schema\/logo\/image\/","url":"https:\/\/www.malinashop.lt\/wp-content\/uploads\/2024\/08\/462559670_3787732518133670_9795632669273463_n-e1731525914575.png","contentUrl":"https:\/\/www.malinashop.lt\/wp-content\/uploads\/2024\/08\/462559670_3787732518133670_9795632669273463_n-e1731525914575.png","width":180,"height":60,"caption":"COM Group Ecommerce"},"image":{"@id":"https:\/\/www.malinashop.lt\/#\/schema\/logo\/image\/"}}]}},"jetpack_sharing_enabled":true,"_links":{"self":[{"href":"https:\/\/www.malinashop.lt\/en\/wp-json\/wp\/v2\/product\/19457","targetHints":{"allow":["GET"]}}],"collection":[{"href":"https:\/\/www.malinashop.lt\/en\/wp-json\/wp\/v2\/product"}],"about":[{"href":"https:\/\/www.malinashop.lt\/en\/wp-json\/wp\/v2\/types\/product"}],"version-history":[{"count":2,"href":"https:\/\/www.malinashop.lt\/en\/wp-json\/wp\/v2\/product\/19457\/revisions"}],"predecessor-version":[{"id":57214,"href":"https:\/\/www.malinashop.lt\/en\/wp-json\/wp\/v2\/product\/19457\/revisions\/57214"}],"wp:featuredmedia":[{"embeddable":true,"href":"https:\/\/www.malinashop.lt\/en\/wp-json\/wp\/v2\/media\/18114"}],"wp:attachment":[{"href":"https:\/\/www.malinashop.lt\/en\/wp-json\/wp\/v2\/media?parent=19457"}],"wp:term":[{"taxonomy":"product_brand","embeddable":true,"href":"https:\/\/www.malinashop.lt\/en\/wp-json\/wp\/v2\/product_brand?post=19457"},{"taxonomy":"product_cat","embeddable":true,"href":"https:\/\/www.malinashop.lt\/en\/wp-json\/wp\/v2\/product_cat?post=19457"},{"taxonomy":"product_tag","embeddable":true,"href":"https:\/\/www.malinashop.lt\/en\/wp-json\/wp\/v2\/product_tag?post=19457"}],"curies":[{"name":"wp","href":"https:\/\/api.w.org\/{rel}","templated":true}]}}