{"id":19395,"date":"2024-11-06T15:51:46","date_gmt":"2024-11-06T12:51:46","guid":{"rendered":"https:\/\/malinashop.lt\/produktas\/technique-jetting-up-staydust-powder-apimties-suteikianti-plauku-pudra-7-g\/"},"modified":"2026-03-15T20:56:52","modified_gmt":"2026-03-15T17:56:52","slug":"technique-jetting-up-staydust-powder-apimties-suteikianti-plauku-pudra-7-g","status":"publish","type":"product","link":"https:\/\/www.malinashop.lt\/en\/shop\/technique-jetting-up-staydust-powder-apimties-suteikianti-plauku-pudra-7-g\/","title":{"rendered":"TECHNIQUE JETTING UP STAYDUST POWDER apimties suteikianti plauk\u0173 pudra, 7 g"},"content":{"rendered":"<p><strong>TECHNIQUE JETTING UP STAYDUST POWDER\u00a0<\/strong>apimties suteikianti plauk\u0173 pudra akimirksniu suteikia i\u0161rai\u0161king\u0105 apimties efekt\u0105, pakeldama plaukus nuo \u0161akn\u0173 ir padarydama juos puresnius. Ji puikiai tinka tiek garbanotiems, tiek tiesiems plaukams, suteikdama galimyb\u0119 sukurti ai\u0161ki\u0105, ry\u0161ki\u0105 \u0161ukuosen\u0105.<\/p>\n<p><strong>Privalumai:<\/strong><\/p>\n<p>Momentinis apimties efektas;<br \/>\nSuteikia plaukams strukt\u016br\u0105;<br \/>\nNat\u016bralus efektas;<br \/>\nTinka vis\u0173 tip\u0173 plaukams.<br \/>\nNaudojimo instrukcijos: Prie\u0161 naudojant, lengvai suplakite. Pabarstykite pudr\u0105 tiesiai ant saus\u0173 plauk\u0173 \u0161akn\u0173 ir \u0161velniai \u012fmasa\u017euokite pir\u0161tais, kol pasieksite norim\u0105 rezultat\u0105.<\/p>\n<p><strong>Apie TECHNIQUE:<\/strong><\/p>\n<p>\u0160is prekinis \u017eenklas yra pirmasis i\u0161 Italijos kompanijos \u201eComprof\u201c ir daugiau nei 20 met\u0173 u\u017etikrina kokybi\u0161kus, laiko patikrintus plauk\u0173 prie\u017ei\u016bros gaminius.<\/p>\n<p>M\u016bs\u0173 parduotuv\u0117je rasite atrinkt\u0173 produkt\u0173, tinkan\u010di\u0173 tiek profesionaliam naudojimui gro\u017eio salonuose, tiek saugi\u0173 naudoti namuose. Su \u0161iais produktais pasieksite rezultat\u0173, tarsi k\u0105 tik po apsilankymo kirpykloje.<\/p>\n<p>Made in Italy: TECHNIQUE produktai yra sukurti, pagaminti ir supakuoti Italijoje, u\u017etikrinant auk\u0161\u010diausi\u0105 kokyb\u0119 j\u016bs\u0173 plauk\u0173 gro\u017eiui ir sveikatai.&#8221;<\/p>\n<div class=\"text-tab text-tab-id-10\">\n<p>Siuntas i\u0161siun\u010diame antradieniais ir ketvirtadieniais. Jei d\u0117l koki\u0173 nors prie\u017eas\u010di\u0173 siunta negali b\u016bti i\u0161si\u0173sta \u0161iomis dienomis ir ji yra perkeliama \u012f kit\u0105 dien\u0105, apie tai informuosime jus svetain\u0117je arba el. pa\u0161tu.<\/p>\n<p>\u201eJei turite klausim\u0173, pra\u0161ome susisiekti el. pa\u0161tu info@malinashop.lt arba telefonu +37065444002 darbo dienomis nuo 10:00 iki 16:00 val.\u201c<\/p>\n<\/div>\n<div class=\"text-tab text-tab-id-11\">\n<p>Perkant u\u017e daugiau nei 50\u20ac &#8211; pristatymas nemokamas.<\/p>\n<p>Pristatymas \u012f LPexpress pa\u0161tomat\u0105\u00a0(visoje Lietuvoje, i\u0161skyrus Kur\u0161i\u0173 Nerij\u0105).<\/p>\n<\/div>\n","protected":false},"excerpt":{"rendered":"<p>TECHNIQUE JETTING UP STAYDUST POWDER\u00a0apimties suteikianti plauk\u0173 pudra akimirksniu suteikia i\u0161rai\u0161king\u0105 apimties efekt\u0105, pakeldama plaukus nuo \u0161akn\u0173 ir padarydama juos puresnius. Ji&hellip;<\/p>\n","protected":false},"featured_media":18111,"template":"","meta":[],"product_brand":[519],"product_cat":[518],"product_tag":[1638],"class_list":{"0":"post-19395","1":"product","2":"type-product","3":"status-publish","4":"has-post-thumbnail","6":"product_brand-technique","7":"product_cat-plauku-lakai-putos-vaskas-ir-kitos-priemones","8":"product_tag-technique","10":"first","11":"instock","12":"sale","13":"taxable","14":"shipping-taxable","15":"purchasable","16":"product-type-simple"},"yoast_head":"<!-- This site is optimized with the Yoast SEO plugin v27.4 - https:\/\/yoast.com\/product\/yoast-seo-wordpress\/ -->\n<title>TECHNIQUE JETTING UP STAYDUST POWDER apimties suteikianti plauk\u0173 pudra, 7 g - MalinaShop.lt J\u016bs\u0173 sveikatai ir gro\u017eiui.<\/title>\n<meta name=\"robots\" content=\"index, follow, max-snippet:-1, max-image-preview:large, max-video-preview:-1\" \/>\n<link rel=\"canonical\" href=\"https:\/\/www.malinashop.lt\/en\/shop\/technique-jetting-up-staydust-powder-apimties-suteikianti-plauku-pudra-7-g\/\" \/>\n<meta property=\"og:locale\" content=\"en_GB\" \/>\n<meta property=\"og:type\" content=\"article\" \/>\n<meta property=\"og:title\" content=\"TECHNIQUE JETTING UP STAYDUST POWDER apimties suteikianti plauk\u0173 pudra, 7 g - MalinaShop.lt J\u016bs\u0173 sveikatai ir gro\u017eiui.\" \/>\n<meta property=\"og:url\" content=\"https:\/\/www.malinashop.lt\/en\/shop\/technique-jetting-up-staydust-powder-apimties-suteikianti-plauku-pudra-7-g\/\" \/>\n<meta property=\"og:site_name\" content=\"MalinaShop.lt J\u016bs\u0173 sveikatai ir gro\u017eiui.\" \/>\n<meta property=\"article:modified_time\" content=\"2026-03-15T17:56:52+00:00\" \/>\n<meta property=\"og:image\" content=\"https:\/\/www.malinashop.lt\/wp-content\/uploads\/2024\/11\/TECHNIQUE-JETTING-UP-STAYDUST-POWDER-apimties-suteikianti-plauku-pudra-7-g.png\" \/>\n\t<meta property=\"og:image:width\" content=\"768\" \/>\n\t<meta property=\"og:image:height\" content=\"768\" \/>\n\t<meta property=\"og:image:type\" content=\"image\/png\" \/>\n<meta name=\"twitter:card\" content=\"summary_large_image\" \/>\n<script type=\"application\/ld+json\" class=\"yoast-schema-graph\">{\"@context\":\"https:\\\/\\\/schema.org\",\"@graph\":[{\"@type\":\"WebPage\",\"@id\":\"https:\\\/\\\/www.malinashop.lt\\\/lt_lt\\\/shop\\\/technique-jetting-up-staydust-powder-apimties-suteikianti-plauku-pudra-7-g\\\/\",\"url\":\"https:\\\/\\\/www.malinashop.lt\\\/lt_lt\\\/shop\\\/technique-jetting-up-staydust-powder-apimties-suteikianti-plauku-pudra-7-g\\\/\",\"name\":\"TECHNIQUE JETTING UP STAYDUST POWDER apimties suteikianti plauk\u0173 pudra, 7 g - MalinaShop.lt J\u016bs\u0173 sveikatai ir gro\u017eiui.\",\"isPartOf\":{\"@id\":\"https:\\\/\\\/www.malinashop.lt\\\/#website\"},\"primaryImageOfPage\":{\"@id\":\"https:\\\/\\\/www.malinashop.lt\\\/lt_lt\\\/shop\\\/technique-jetting-up-staydust-powder-apimties-suteikianti-plauku-pudra-7-g\\\/#primaryimage\"},\"image\":{\"@id\":\"https:\\\/\\\/www.malinashop.lt\\\/lt_lt\\\/shop\\\/technique-jetting-up-staydust-powder-apimties-suteikianti-plauku-pudra-7-g\\\/#primaryimage\"},\"thumbnailUrl\":\"https:\\\/\\\/www.malinashop.lt\\\/wp-content\\\/uploads\\\/2024\\\/11\\\/TECHNIQUE-JETTING-UP-STAYDUST-POWDER-apimties-suteikianti-plauku-pudra-7-g.png\",\"datePublished\":\"2024-11-06T12:51:46+00:00\",\"dateModified\":\"2026-03-15T17:56:52+00:00\",\"breadcrumb\":{\"@id\":\"https:\\\/\\\/www.malinashop.lt\\\/lt_lt\\\/shop\\\/technique-jetting-up-staydust-powder-apimties-suteikianti-plauku-pudra-7-g\\\/#breadcrumb\"},\"inLanguage\":\"en-GB\",\"potentialAction\":[{\"@type\":\"ReadAction\",\"target\":[\"https:\\\/\\\/www.malinashop.lt\\\/lt_lt\\\/shop\\\/technique-jetting-up-staydust-powder-apimties-suteikianti-plauku-pudra-7-g\\\/\"]}]},{\"@type\":\"ImageObject\",\"inLanguage\":\"en-GB\",\"@id\":\"https:\\\/\\\/www.malinashop.lt\\\/lt_lt\\\/shop\\\/technique-jetting-up-staydust-powder-apimties-suteikianti-plauku-pudra-7-g\\\/#primaryimage\",\"url\":\"https:\\\/\\\/www.malinashop.lt\\\/wp-content\\\/uploads\\\/2024\\\/11\\\/TECHNIQUE-JETTING-UP-STAYDUST-POWDER-apimties-suteikianti-plauku-pudra-7-g.png\",\"contentUrl\":\"https:\\\/\\\/www.malinashop.lt\\\/wp-content\\\/uploads\\\/2024\\\/11\\\/TECHNIQUE-JETTING-UP-STAYDUST-POWDER-apimties-suteikianti-plauku-pudra-7-g.png\",\"width\":768,\"height\":768},{\"@type\":\"BreadcrumbList\",\"@id\":\"https:\\\/\\\/www.malinashop.lt\\\/lt_lt\\\/shop\\\/technique-jetting-up-staydust-powder-apimties-suteikianti-plauku-pudra-7-g\\\/#breadcrumb\",\"itemListElement\":[{\"@type\":\"ListItem\",\"position\":1,\"name\":\"Pagrindinis\",\"item\":\"https:\\\/\\\/www.malinashop.lt\\\/\"},{\"@type\":\"ListItem\",\"position\":2,\"name\":\"Parduotuv\u0117\",\"item\":\"https:\\\/\\\/www.malinashop.lt\\\/en\\\/parduotuve\\\/\"},{\"@type\":\"ListItem\",\"position\":3,\"name\":\"TECHNIQUE JETTING UP STAYDUST POWDER apimties suteikianti plauk\u0173 pudra, 7 g\"}]},{\"@type\":\"WebSite\",\"@id\":\"https:\\\/\\\/www.malinashop.lt\\\/#website\",\"url\":\"https:\\\/\\\/www.malinashop.lt\\\/\",\"name\":\"COM Group Ecommerce\",\"description\":\"MalinaShop.lt - Gro\u017eio ir sveikatos produktai i\u0161 patikim\u0173 preki\u0173 \u017eenkl\u0173. Atraskite auk\u0161tos kokyb\u0117s kosmetik\u0105 u\u017e puiki\u0105 kain\u0105.\",\"publisher\":{\"@id\":\"https:\\\/\\\/www.malinashop.lt\\\/#organization\"},\"potentialAction\":[{\"@type\":\"SearchAction\",\"target\":{\"@type\":\"EntryPoint\",\"urlTemplate\":\"https:\\\/\\\/www.malinashop.lt\\\/?s={search_term_string}\"},\"query-input\":{\"@type\":\"PropertyValueSpecification\",\"valueRequired\":true,\"valueName\":\"search_term_string\"}}],\"inLanguage\":\"en-GB\"},{\"@type\":\"Organization\",\"@id\":\"https:\\\/\\\/www.malinashop.lt\\\/#organization\",\"name\":\"COM Group Ecommerce\",\"url\":\"https:\\\/\\\/www.malinashop.lt\\\/\",\"logo\":{\"@type\":\"ImageObject\",\"inLanguage\":\"en-GB\",\"@id\":\"https:\\\/\\\/www.malinashop.lt\\\/#\\\/schema\\\/logo\\\/image\\\/\",\"url\":\"https:\\\/\\\/www.malinashop.lt\\\/wp-content\\\/uploads\\\/2024\\\/08\\\/462559670_3787732518133670_9795632669273463_n-e1731525914575.png\",\"contentUrl\":\"https:\\\/\\\/www.malinashop.lt\\\/wp-content\\\/uploads\\\/2024\\\/08\\\/462559670_3787732518133670_9795632669273463_n-e1731525914575.png\",\"width\":180,\"height\":60,\"caption\":\"COM Group Ecommerce\"},\"image\":{\"@id\":\"https:\\\/\\\/www.malinashop.lt\\\/#\\\/schema\\\/logo\\\/image\\\/\"}}]}<\/script>\n<!-- \/ Yoast SEO plugin. -->","yoast_head_json":{"title":"TECHNIQUE JETTING UP STAYDUST POWDER apimties suteikianti plauk\u0173 pudra, 7 g - MalinaShop.lt J\u016bs\u0173 sveikatai ir gro\u017eiui.","robots":{"index":"index","follow":"follow","max-snippet":"max-snippet:-1","max-image-preview":"max-image-preview:large","max-video-preview":"max-video-preview:-1"},"canonical":"https:\/\/www.malinashop.lt\/en\/shop\/technique-jetting-up-staydust-powder-apimties-suteikianti-plauku-pudra-7-g\/","og_locale":"en_GB","og_type":"article","og_title":"TECHNIQUE JETTING UP STAYDUST POWDER apimties suteikianti plauk\u0173 pudra, 7 g - MalinaShop.lt J\u016bs\u0173 sveikatai ir gro\u017eiui.","og_url":"https:\/\/www.malinashop.lt\/en\/shop\/technique-jetting-up-staydust-powder-apimties-suteikianti-plauku-pudra-7-g\/","og_site_name":"MalinaShop.lt J\u016bs\u0173 sveikatai ir gro\u017eiui.","article_modified_time":"2026-03-15T17:56:52+00:00","og_image":[{"width":768,"height":768,"url":"https:\/\/www.malinashop.lt\/wp-content\/uploads\/2024\/11\/TECHNIQUE-JETTING-UP-STAYDUST-POWDER-apimties-suteikianti-plauku-pudra-7-g.png","type":"image\/png"}],"twitter_card":"summary_large_image","schema":{"@context":"https:\/\/schema.org","@graph":[{"@type":"WebPage","@id":"https:\/\/www.malinashop.lt\/lt_lt\/shop\/technique-jetting-up-staydust-powder-apimties-suteikianti-plauku-pudra-7-g\/","url":"https:\/\/www.malinashop.lt\/lt_lt\/shop\/technique-jetting-up-staydust-powder-apimties-suteikianti-plauku-pudra-7-g\/","name":"TECHNIQUE JETTING UP STAYDUST POWDER apimties suteikianti plauk\u0173 pudra, 7 g - MalinaShop.lt J\u016bs\u0173 sveikatai ir gro\u017eiui.","isPartOf":{"@id":"https:\/\/www.malinashop.lt\/#website"},"primaryImageOfPage":{"@id":"https:\/\/www.malinashop.lt\/lt_lt\/shop\/technique-jetting-up-staydust-powder-apimties-suteikianti-plauku-pudra-7-g\/#primaryimage"},"image":{"@id":"https:\/\/www.malinashop.lt\/lt_lt\/shop\/technique-jetting-up-staydust-powder-apimties-suteikianti-plauku-pudra-7-g\/#primaryimage"},"thumbnailUrl":"https:\/\/www.malinashop.lt\/wp-content\/uploads\/2024\/11\/TECHNIQUE-JETTING-UP-STAYDUST-POWDER-apimties-suteikianti-plauku-pudra-7-g.png","datePublished":"2024-11-06T12:51:46+00:00","dateModified":"2026-03-15T17:56:52+00:00","breadcrumb":{"@id":"https:\/\/www.malinashop.lt\/lt_lt\/shop\/technique-jetting-up-staydust-powder-apimties-suteikianti-plauku-pudra-7-g\/#breadcrumb"},"inLanguage":"en-GB","potentialAction":[{"@type":"ReadAction","target":["https:\/\/www.malinashop.lt\/lt_lt\/shop\/technique-jetting-up-staydust-powder-apimties-suteikianti-plauku-pudra-7-g\/"]}]},{"@type":"ImageObject","inLanguage":"en-GB","@id":"https:\/\/www.malinashop.lt\/lt_lt\/shop\/technique-jetting-up-staydust-powder-apimties-suteikianti-plauku-pudra-7-g\/#primaryimage","url":"https:\/\/www.malinashop.lt\/wp-content\/uploads\/2024\/11\/TECHNIQUE-JETTING-UP-STAYDUST-POWDER-apimties-suteikianti-plauku-pudra-7-g.png","contentUrl":"https:\/\/www.malinashop.lt\/wp-content\/uploads\/2024\/11\/TECHNIQUE-JETTING-UP-STAYDUST-POWDER-apimties-suteikianti-plauku-pudra-7-g.png","width":768,"height":768},{"@type":"BreadcrumbList","@id":"https:\/\/www.malinashop.lt\/lt_lt\/shop\/technique-jetting-up-staydust-powder-apimties-suteikianti-plauku-pudra-7-g\/#breadcrumb","itemListElement":[{"@type":"ListItem","position":1,"name":"Pagrindinis","item":"https:\/\/www.malinashop.lt\/"},{"@type":"ListItem","position":2,"name":"Parduotuv\u0117","item":"https:\/\/www.malinashop.lt\/en\/parduotuve\/"},{"@type":"ListItem","position":3,"name":"TECHNIQUE JETTING UP STAYDUST POWDER apimties suteikianti plauk\u0173 pudra, 7 g"}]},{"@type":"WebSite","@id":"https:\/\/www.malinashop.lt\/#website","url":"https:\/\/www.malinashop.lt\/","name":"COM Group Ecommerce","description":"MalinaShop.lt - Gro\u017eio ir sveikatos produktai i\u0161 patikim\u0173 preki\u0173 \u017eenkl\u0173. Atraskite auk\u0161tos kokyb\u0117s kosmetik\u0105 u\u017e puiki\u0105 kain\u0105.","publisher":{"@id":"https:\/\/www.malinashop.lt\/#organization"},"potentialAction":[{"@type":"SearchAction","target":{"@type":"EntryPoint","urlTemplate":"https:\/\/www.malinashop.lt\/?s={search_term_string}"},"query-input":{"@type":"PropertyValueSpecification","valueRequired":true,"valueName":"search_term_string"}}],"inLanguage":"en-GB"},{"@type":"Organization","@id":"https:\/\/www.malinashop.lt\/#organization","name":"COM Group Ecommerce","url":"https:\/\/www.malinashop.lt\/","logo":{"@type":"ImageObject","inLanguage":"en-GB","@id":"https:\/\/www.malinashop.lt\/#\/schema\/logo\/image\/","url":"https:\/\/www.malinashop.lt\/wp-content\/uploads\/2024\/08\/462559670_3787732518133670_9795632669273463_n-e1731525914575.png","contentUrl":"https:\/\/www.malinashop.lt\/wp-content\/uploads\/2024\/08\/462559670_3787732518133670_9795632669273463_n-e1731525914575.png","width":180,"height":60,"caption":"COM Group Ecommerce"},"image":{"@id":"https:\/\/www.malinashop.lt\/#\/schema\/logo\/image\/"}}]}},"jetpack_sharing_enabled":true,"_links":{"self":[{"href":"https:\/\/www.malinashop.lt\/en\/wp-json\/wp\/v2\/product\/19395","targetHints":{"allow":["GET"]}}],"collection":[{"href":"https:\/\/www.malinashop.lt\/en\/wp-json\/wp\/v2\/product"}],"about":[{"href":"https:\/\/www.malinashop.lt\/en\/wp-json\/wp\/v2\/types\/product"}],"version-history":[{"count":1,"href":"https:\/\/www.malinashop.lt\/en\/wp-json\/wp\/v2\/product\/19395\/revisions"}],"predecessor-version":[{"id":33294,"href":"https:\/\/www.malinashop.lt\/en\/wp-json\/wp\/v2\/product\/19395\/revisions\/33294"}],"wp:featuredmedia":[{"embeddable":true,"href":"https:\/\/www.malinashop.lt\/en\/wp-json\/wp\/v2\/media\/18111"}],"wp:attachment":[{"href":"https:\/\/www.malinashop.lt\/en\/wp-json\/wp\/v2\/media?parent=19395"}],"wp:term":[{"taxonomy":"product_brand","embeddable":true,"href":"https:\/\/www.malinashop.lt\/en\/wp-json\/wp\/v2\/product_brand?post=19395"},{"taxonomy":"product_cat","embeddable":true,"href":"https:\/\/www.malinashop.lt\/en\/wp-json\/wp\/v2\/product_cat?post=19395"},{"taxonomy":"product_tag","embeddable":true,"href":"https:\/\/www.malinashop.lt\/en\/wp-json\/wp\/v2\/product_tag?post=19395"}],"curies":[{"name":"wp","href":"https:\/\/api.w.org\/{rel}","templated":true}]}}